{"id":12946,"date":"2022-01-28T13:00:44","date_gmt":"2022-01-28T13:00:44","guid":{"rendered":"https:\/\/www.lfsl.net\/?page_id=12946"},"modified":"2022-01-28T13:00:44","modified_gmt":"2022-01-28T13:00:44","slug":"pedagogical-projects-and-trips-2","status":"publish","type":"page","link":"https:\/\/www.lfsl.net\/en\/school-program\/pedagogical-projects-and-trips-2\/","title":{"rendered":"Pedagogical Projects and Trips"},"content":{"rendered":"\n<figure class=\"wp-block-image size-large\"><a href=\"https:\/\/www.lfsl.net\/cursus-scolaire\/projets-et-voyages-pedagogiques\/\" target=\"_blank\" rel=\"noopener\"><img loading=\"lazy\" decoding=\"async\" width=\"1200\" height=\"675\" src=\"https:\/\/www.lfsl.net\/wp-content\/uploads\/2022\/01\/Pedagogiskt-projekt_3_crop-1200x675.jpg\" alt=\"\" class=\"wp-image-12932\" srcset=\"https:\/\/www.lfsl.net\/wp-content\/uploads\/2022\/01\/Pedagogiskt-projekt_3_crop-1200x675.jpg 1200w, https:\/\/www.lfsl.net\/wp-content\/uploads\/2022\/01\/Pedagogiskt-projekt_3_crop-600x338.jpg 600w, https:\/\/www.lfsl.net\/wp-content\/uploads\/2022\/01\/Pedagogiskt-projekt_3_crop-768x432.jpg 768w, https:\/\/www.lfsl.net\/wp-content\/uploads\/2022\/01\/Pedagogiskt-projekt_3_crop-1536x864.jpg 1536w, https:\/\/www.lfsl.net\/wp-content\/uploads\/2022\/01\/Pedagogiskt-projekt_3_crop.jpg 1880w\" sizes=\"auto, (max-width: 1200px) 100vw, 1200px\" \/><\/a><figcaption><a href=\"https:\/\/www.lfsl.net\/cursus-scolaire\/projets-et-voyages-pedagogiques\/\" target=\"_blank\" rel=\"noreferrer noopener\">CLICK HERE TO SEE A SELECTION OF OUR PEDAGOGICAL PROJETS AND TRIPS<\/a><\/figcaption><\/figure>\n","protected":false},"excerpt":{"rendered":"","protected":false},"author":1,"featured_media":0,"parent":1531,"menu_order":0,"comment_status":"closed","ping_status":"closed","template":"","meta":{"footnotes":""},"class_list":["post-12946","page","type-page","status-publish"],"yoast_head":"<!-- This site is optimized with the Yoast SEO plugin v27.4 - https:\/\/yoast.com\/product\/yoast-seo-wordpress\/ -->\n<title>Pedagogical Projects and Trips &#8211; Lyc\u00e9e Fran\u00e7ais Saint Louis de Stockholm<\/title>\n<meta name=\"robots\" content=\"index, follow, max-snippet:-1, max-image-preview:large, max-video-preview:-1\" \/>\n<link rel=\"canonical\" href=\"https:\/\/www.lfsl.net\/en\/school-program\/pedagogical-projects-and-trips-2\/\" \/>\n<meta property=\"og:locale\" content=\"en_US\" \/>\n<meta property=\"og:type\" content=\"article\" \/>\n<meta property=\"og:title\" content=\"Pedagogical Projects and Trips &#8211; Lyc\u00e9e Fran\u00e7ais Saint Louis de Stockholm\" \/>\n<meta property=\"og:url\" content=\"https:\/\/www.lfsl.net\/en\/school-program\/pedagogical-projects-and-trips-2\/\" \/>\n<meta property=\"og:site_name\" content=\"Lyc\u00e9e Fran\u00e7ais Saint Louis de Stockholm\" \/>\n<meta property=\"article:publisher\" content=\"https:\/\/www.facebook.com\/Lyc%c3%a9e-Francais-Saint-Louis-182116921840529\/\" \/>\n<meta property=\"og:image\" content=\"https:\/\/www.lfsl.net\/wp-content\/uploads\/2022\/01\/Pedagogiskt-projekt_3_crop-1200x675.jpg\" \/>\n<meta name=\"twitter:card\" content=\"summary_large_image\" \/>\n<script type=\"application\/ld+json\" class=\"yoast-schema-graph\">{\"@context\":\"https:\\\/\\\/schema.org\",\"@graph\":[{\"@type\":\"WebPage\",\"@id\":\"https:\\\/\\\/www.lfsl.net\\\/en\\\/school-program\\\/pedagogical-projects-and-trips-2\\\/\",\"url\":\"https:\\\/\\\/www.lfsl.net\\\/en\\\/school-program\\\/pedagogical-projects-and-trips-2\\\/\",\"name\":\"Pedagogical Projects and Trips &#8211; Lyc\u00e9e Fran\u00e7ais Saint Louis de Stockholm\",\"isPartOf\":{\"@id\":\"https:\\\/\\\/www.lfsl.net\\\/en\\\/#website\"},\"primaryImageOfPage\":{\"@id\":\"https:\\\/\\\/www.lfsl.net\\\/en\\\/school-program\\\/pedagogical-projects-and-trips-2\\\/#primaryimage\"},\"image\":{\"@id\":\"https:\\\/\\\/www.lfsl.net\\\/en\\\/school-program\\\/pedagogical-projects-and-trips-2\\\/#primaryimage\"},\"thumbnailUrl\":\"https:\\\/\\\/www.lfsl.net\\\/wp-content\\\/uploads\\\/2022\\\/01\\\/Pedagogiskt-projekt_3_crop-1200x675.jpg\",\"datePublished\":\"2022-01-28T13:00:44+00:00\",\"breadcrumb\":{\"@id\":\"https:\\\/\\\/www.lfsl.net\\\/en\\\/school-program\\\/pedagogical-projects-and-trips-2\\\/#breadcrumb\"},\"inLanguage\":\"en-US\",\"potentialAction\":[{\"@type\":\"ReadAction\",\"target\":[\"https:\\\/\\\/www.lfsl.net\\\/en\\\/school-program\\\/pedagogical-projects-and-trips-2\\\/\"]}]},{\"@type\":\"ImageObject\",\"inLanguage\":\"en-US\",\"@id\":\"https:\\\/\\\/www.lfsl.net\\\/en\\\/school-program\\\/pedagogical-projects-and-trips-2\\\/#primaryimage\",\"url\":\"https:\\\/\\\/www.lfsl.net\\\/wp-content\\\/uploads\\\/2022\\\/01\\\/Pedagogiskt-projekt_3_crop-1200x675.jpg\",\"contentUrl\":\"https:\\\/\\\/www.lfsl.net\\\/wp-content\\\/uploads\\\/2022\\\/01\\\/Pedagogiskt-projekt_3_crop-1200x675.jpg\"},{\"@type\":\"BreadcrumbList\",\"@id\":\"https:\\\/\\\/www.lfsl.net\\\/en\\\/school-program\\\/pedagogical-projects-and-trips-2\\\/#breadcrumb\",\"itemListElement\":[{\"@type\":\"ListItem\",\"position\":1,\"name\":\"Home\",\"item\":\"https:\\\/\\\/www.lfsl.net\\\/en\\\/\"},{\"@type\":\"ListItem\",\"position\":2,\"name\":\"School Program\",\"item\":\"https:\\\/\\\/www.lfsl.net\\\/en\\\/school-program\\\/\"},{\"@type\":\"ListItem\",\"position\":3,\"name\":\"Pedagogical Projects and Trips\"}]},{\"@type\":\"WebSite\",\"@id\":\"https:\\\/\\\/www.lfsl.net\\\/en\\\/#website\",\"url\":\"https:\\\/\\\/www.lfsl.net\\\/en\\\/\",\"name\":\"Lyc\u00e9e Fran\u00e7ais Saint Louis de Stockholm\",\"description\":\"\u00c9tablissement membre du r\u00e9seau AEFE\",\"publisher\":{\"@id\":\"https:\\\/\\\/www.lfsl.net\\\/en\\\/#organization\"},\"potentialAction\":[{\"@type\":\"SearchAction\",\"target\":{\"@type\":\"EntryPoint\",\"urlTemplate\":\"https:\\\/\\\/www.lfsl.net\\\/en\\\/?s={search_term_string}\"},\"query-input\":{\"@type\":\"PropertyValueSpecification\",\"valueRequired\":true,\"valueName\":\"search_term_string\"}}],\"inLanguage\":\"en-US\"},{\"@type\":\"Organization\",\"@id\":\"https:\\\/\\\/www.lfsl.net\\\/en\\\/#organization\",\"name\":\"Lyc\u00e9e Fran\u00e7ais Saint Louis\",\"url\":\"https:\\\/\\\/www.lfsl.net\\\/en\\\/\",\"logo\":{\"@type\":\"ImageObject\",\"inLanguage\":\"en-US\",\"@id\":\"https:\\\/\\\/www.lfsl.net\\\/en\\\/#\\\/schema\\\/logo\\\/image\\\/\",\"url\":\"https:\\\/\\\/www.lfsl.net\\\/wp-content\\\/uploads\\\/2021\\\/03\\\/LFSL-logo.jpg\",\"contentUrl\":\"https:\\\/\\\/www.lfsl.net\\\/wp-content\\\/uploads\\\/2021\\\/03\\\/LFSL-logo.jpg\",\"width\":330,\"height\":473,\"caption\":\"Lyc\u00e9e Fran\u00e7ais Saint Louis\"},\"image\":{\"@id\":\"https:\\\/\\\/www.lfsl.net\\\/en\\\/#\\\/schema\\\/logo\\\/image\\\/\"},\"sameAs\":[\"https:\\\/\\\/www.facebook.com\\\/Lyc\u00e9e-Francais-Saint-Louis-182116921840529\\\/\",\"https:\\\/\\\/www.instagram.com\\\/lyceefrancaisstockholm\\\/\",\"https:\\\/\\\/www.linkedin.com\\\/school\\\/lfsl\\\/\",\"https:\\\/\\\/www.youtube.com\\\/channel\\\/UCchS4IO4jE_YY0ILwn5NgGQ\"]}]}<\/script>\n<!-- \/ Yoast SEO plugin. -->","yoast_head_json":{"title":"Pedagogical Projects and Trips &#8211; Lyc\u00e9e Fran\u00e7ais Saint Louis de Stockholm","robots":{"index":"index","follow":"follow","max-snippet":"max-snippet:-1","max-image-preview":"max-image-preview:large","max-video-preview":"max-video-preview:-1"},"canonical":"https:\/\/www.lfsl.net\/en\/school-program\/pedagogical-projects-and-trips-2\/","og_locale":"en_US","og_type":"article","og_title":"Pedagogical Projects and Trips &#8211; Lyc\u00e9e Fran\u00e7ais Saint Louis de Stockholm","og_url":"https:\/\/www.lfsl.net\/en\/school-program\/pedagogical-projects-and-trips-2\/","og_site_name":"Lyc\u00e9e Fran\u00e7ais Saint Louis de Stockholm","article_publisher":"https:\/\/www.facebook.com\/Lyc%c3%a9e-Francais-Saint-Louis-182116921840529\/","og_image":[{"url":"https:\/\/www.lfsl.net\/wp-content\/uploads\/2022\/01\/Pedagogiskt-projekt_3_crop-1200x675.jpg","type":"","width":"","height":""}],"twitter_card":"summary_large_image","schema":{"@context":"https:\/\/schema.org","@graph":[{"@type":"WebPage","@id":"https:\/\/www.lfsl.net\/en\/school-program\/pedagogical-projects-and-trips-2\/","url":"https:\/\/www.lfsl.net\/en\/school-program\/pedagogical-projects-and-trips-2\/","name":"Pedagogical Projects and Trips &#8211; Lyc\u00e9e Fran\u00e7ais Saint Louis de Stockholm","isPartOf":{"@id":"https:\/\/www.lfsl.net\/en\/#website"},"primaryImageOfPage":{"@id":"https:\/\/www.lfsl.net\/en\/school-program\/pedagogical-projects-and-trips-2\/#primaryimage"},"image":{"@id":"https:\/\/www.lfsl.net\/en\/school-program\/pedagogical-projects-and-trips-2\/#primaryimage"},"thumbnailUrl":"https:\/\/www.lfsl.net\/wp-content\/uploads\/2022\/01\/Pedagogiskt-projekt_3_crop-1200x675.jpg","datePublished":"2022-01-28T13:00:44+00:00","breadcrumb":{"@id":"https:\/\/www.lfsl.net\/en\/school-program\/pedagogical-projects-and-trips-2\/#breadcrumb"},"inLanguage":"en-US","potentialAction":[{"@type":"ReadAction","target":["https:\/\/www.lfsl.net\/en\/school-program\/pedagogical-projects-and-trips-2\/"]}]},{"@type":"ImageObject","inLanguage":"en-US","@id":"https:\/\/www.lfsl.net\/en\/school-program\/pedagogical-projects-and-trips-2\/#primaryimage","url":"https:\/\/www.lfsl.net\/wp-content\/uploads\/2022\/01\/Pedagogiskt-projekt_3_crop-1200x675.jpg","contentUrl":"https:\/\/www.lfsl.net\/wp-content\/uploads\/2022\/01\/Pedagogiskt-projekt_3_crop-1200x675.jpg"},{"@type":"BreadcrumbList","@id":"https:\/\/www.lfsl.net\/en\/school-program\/pedagogical-projects-and-trips-2\/#breadcrumb","itemListElement":[{"@type":"ListItem","position":1,"name":"Home","item":"https:\/\/www.lfsl.net\/en\/"},{"@type":"ListItem","position":2,"name":"School Program","item":"https:\/\/www.lfsl.net\/en\/school-program\/"},{"@type":"ListItem","position":3,"name":"Pedagogical Projects and Trips"}]},{"@type":"WebSite","@id":"https:\/\/www.lfsl.net\/en\/#website","url":"https:\/\/www.lfsl.net\/en\/","name":"Lyc\u00e9e Fran\u00e7ais Saint Louis de Stockholm","description":"\u00c9tablissement membre du r\u00e9seau AEFE","publisher":{"@id":"https:\/\/www.lfsl.net\/en\/#organization"},"potentialAction":[{"@type":"SearchAction","target":{"@type":"EntryPoint","urlTemplate":"https:\/\/www.lfsl.net\/en\/?s={search_term_string}"},"query-input":{"@type":"PropertyValueSpecification","valueRequired":true,"valueName":"search_term_string"}}],"inLanguage":"en-US"},{"@type":"Organization","@id":"https:\/\/www.lfsl.net\/en\/#organization","name":"Lyc\u00e9e Fran\u00e7ais Saint Louis","url":"https:\/\/www.lfsl.net\/en\/","logo":{"@type":"ImageObject","inLanguage":"en-US","@id":"https:\/\/www.lfsl.net\/en\/#\/schema\/logo\/image\/","url":"https:\/\/www.lfsl.net\/wp-content\/uploads\/2021\/03\/LFSL-logo.jpg","contentUrl":"https:\/\/www.lfsl.net\/wp-content\/uploads\/2021\/03\/LFSL-logo.jpg","width":330,"height":473,"caption":"Lyc\u00e9e Fran\u00e7ais Saint Louis"},"image":{"@id":"https:\/\/www.lfsl.net\/en\/#\/schema\/logo\/image\/"},"sameAs":["https:\/\/www.facebook.com\/Lyc\u00e9e-Francais-Saint-Louis-182116921840529\/","https:\/\/www.instagram.com\/lyceefrancaisstockholm\/","https:\/\/www.linkedin.com\/school\/lfsl\/","https:\/\/www.youtube.com\/channel\/UCchS4IO4jE_YY0ILwn5NgGQ"]}]}},"_links":{"self":[{"href":"https:\/\/www.lfsl.net\/en\/wp-json\/wp\/v2\/pages\/12946","targetHints":{"allow":["GET"]}}],"collection":[{"href":"https:\/\/www.lfsl.net\/en\/wp-json\/wp\/v2\/pages"}],"about":[{"href":"https:\/\/www.lfsl.net\/en\/wp-json\/wp\/v2\/types\/page"}],"author":[{"embeddable":true,"href":"https:\/\/www.lfsl.net\/en\/wp-json\/wp\/v2\/users\/1"}],"replies":[{"embeddable":true,"href":"https:\/\/www.lfsl.net\/en\/wp-json\/wp\/v2\/comments?post=12946"}],"version-history":[{"count":1,"href":"https:\/\/www.lfsl.net\/en\/wp-json\/wp\/v2\/pages\/12946\/revisions"}],"predecessor-version":[{"id":12947,"href":"https:\/\/www.lfsl.net\/en\/wp-json\/wp\/v2\/pages\/12946\/revisions\/12947"}],"up":[{"embeddable":true,"href":"https:\/\/www.lfsl.net\/en\/wp-json\/wp\/v2\/pages\/1531"}],"wp:attachment":[{"href":"https:\/\/www.lfsl.net\/en\/wp-json\/wp\/v2\/media?parent=12946"}],"curies":[{"name":"wp","href":"https:\/\/api.w.org\/{rel}","templated":true}]}}