{"id":13074,"date":"2022-02-14T15:10:43","date_gmt":"2022-02-14T15:10:43","guid":{"rendered":"https:\/\/www.lfsl.net\/?page_id=13074"},"modified":"2025-03-05T14:54:59","modified_gmt":"2025-03-05T14:54:59","slug":"periscolaire-fritids-leisure-center","status":"publish","type":"page","link":"https:\/\/www.lfsl.net\/en\/who-are-we\/periscolaire-fritids-leisure-center\/","title":{"rendered":"P\u00e9riscolaire &#8211; Fritids (leisure center)"},"content":{"rendered":"\n<figure class=\"wp-block-image size-large\"><img loading=\"lazy\" decoding=\"async\" width=\"1200\" height=\"675\" src=\"https:\/\/www.lfsl.net\/wp-content\/uploads\/2021\/11\/Fritids-1200x675.jpg\" alt=\"\" class=\"wp-image-12476\" srcset=\"https:\/\/www.lfsl.net\/wp-content\/uploads\/2021\/11\/Fritids-1200x675.jpg 1200w, https:\/\/www.lfsl.net\/wp-content\/uploads\/2021\/11\/Fritids-600x338.jpg 600w, https:\/\/www.lfsl.net\/wp-content\/uploads\/2021\/11\/Fritids-768x432.jpg 768w, https:\/\/www.lfsl.net\/wp-content\/uploads\/2021\/11\/Fritids-1536x864.jpg 1536w, https:\/\/www.lfsl.net\/wp-content\/uploads\/2021\/11\/Fritids.jpg 1920w\" sizes=\"auto, (max-width: 1200px) 100vw, 1200px\" \/><\/figure>\n\n\n\n<p><strong>The Stockholm Municipality has approved Lyc\u00e9e Fran\u00e7ais Saint Louis (LFSL) as a &#8220;Fritidshem&#8221; (an independent leisure center), called P\u00e9riscolaire-Fritids, and we follow the same rules as the City of Stockholm.<\/strong><br><br>The &#8220;Fritidshem&#8221; is aimed at students between CP and CM1 and should contribute to children&#8217;s development, care and learning. Its mission is found in the Swedish curriculum LGR22. Students can be at the &#8220;Fritidshem&#8221; both before and after the school day and during holidays. <br><br>Children get a place in a &#8220;Fritidshem&#8221; to the extent needed with regard to the parents&#8217; work or studies &#8211; or if the pupil has own needs due to the family&#8217;s situation in general.<\/p>\n\n\n\n<p>LFSL receives an allowance from the municipalities for each child registered at P\u00e9riscolaire-Fritids, and a place can only be guaranteed if the requirements set by the municipalities are met (the child&#8217;s registration, address, family circumstances, etc.)<br><br>Other municipalities may have other rules (fee, maximum rate, notice period, etc.) and guardians who do not live in the Stockholm municipality are encouraged to contact their own municipality for more information.<\/p>\n\n\n\n<p><\/p>\n\n\n\n<p><\/p>\n\n\n\n<p><a href=\"https:\/\/www.lfsl.net\/wp-content\/uploads\/2023\/04\/Regles_acces_Fritids.pdf\">Rules for P\u00e9riscolaire-Fritids (in French) <\/a><br><a href=\"https:\/\/www.lfsl.net\/wp-content\/uploads\/2023\/04\/Regler-for-placering-Fritids.pdf\">Rules for P\u00e9riscolaire &#8211; Fritids (in Swedish)<\/a><\/p>\n\n\n\n<p><a href=\"https:\/\/www.lfsl.net\/wp-content\/uploads\/2025\/03\/Income-Form-2025.pdf\">Income Form<\/a><\/p>\n\n\n\n<p><a href=\"https:\/\/www.lfsl.net\/wp-content\/uploads\/2022\/06\/TYRA-General-conditions_en.pdf\" target=\"_blank\" rel=\"noreferrer noopener\">TYRA &#8211; General Conditions<\/a><\/p>\n","protected":false},"excerpt":{"rendered":"<p>The Stockholm Municipality has approved Lyc\u00e9e Fran\u00e7ais Saint Louis (LFSL) as a &#8220;Fritidshem&#8221; (an independent leisure center), called P\u00e9riscolaire-Fritids, and we follow the same rules as the City of Stockholm. The &#8220;Fritidshem&#8221; is aimed at students between CP and CM1 and should contribute to children&#8217;s development, care and learning. Its mission is found in the &#8230; <\/p>\n<p class=\"read-more-container\"><a title=\"P\u00e9riscolaire &#8211; Fritids (leisure center)\" class=\"read-more button\" href=\"https:\/\/www.lfsl.net\/en\/who-are-we\/periscolaire-fritids-leisure-center\/#more-13074\" aria-label=\"Read more about P\u00e9riscolaire &#8211; Fritids (leisure center)\">Read more<\/a><\/p>\n","protected":false},"author":1,"featured_media":0,"parent":1546,"menu_order":0,"comment_status":"closed","ping_status":"closed","template":"","meta":{"footnotes":""},"class_list":["post-13074","page","type-page","status-publish"],"yoast_head":"<!-- This site is optimized with the Yoast SEO plugin v27.4 - https:\/\/yoast.com\/product\/yoast-seo-wordpress\/ -->\n<title>P\u00e9riscolaire - Fritids (leisure center) &#8211; Lyc\u00e9e Fran\u00e7ais Saint Louis de Stockholm<\/title>\n<meta name=\"robots\" content=\"index, follow, max-snippet:-1, max-image-preview:large, max-video-preview:-1\" \/>\n<link rel=\"canonical\" href=\"https:\/\/www.lfsl.net\/en\/who-are-we\/periscolaire-fritids-leisure-center\/\" \/>\n<meta property=\"og:locale\" content=\"en_US\" \/>\n<meta property=\"og:type\" content=\"article\" \/>\n<meta property=\"og:title\" content=\"P\u00e9riscolaire - Fritids (leisure center) &#8211; Lyc\u00e9e Fran\u00e7ais Saint Louis de Stockholm\" \/>\n<meta property=\"og:description\" content=\"The Stockholm Municipality has approved Lyc\u00e9e Fran\u00e7ais Saint Louis (LFSL) as a &#8220;Fritidshem&#8221; (an independent leisure center), called P\u00e9riscolaire-Fritids, and we follow the same rules as the City of Stockholm. The &#8220;Fritidshem&#8221; is aimed at students between CP and CM1 and should contribute to children&#8217;s development, care and learning. Its mission is found in the ... Read more\" \/>\n<meta property=\"og:url\" content=\"https:\/\/www.lfsl.net\/en\/who-are-we\/periscolaire-fritids-leisure-center\/\" \/>\n<meta property=\"og:site_name\" content=\"Lyc\u00e9e Fran\u00e7ais Saint Louis de Stockholm\" \/>\n<meta property=\"article:publisher\" content=\"https:\/\/www.facebook.com\/Lyc%c3%a9e-Francais-Saint-Louis-182116921840529\/\" \/>\n<meta property=\"article:modified_time\" content=\"2025-03-05T14:54:59+00:00\" \/>\n<meta property=\"og:image\" content=\"https:\/\/www.lfsl.net\/wp-content\/uploads\/2021\/11\/Fritids-1200x675.jpg\" \/>\n<meta name=\"twitter:card\" content=\"summary_large_image\" \/>\n<script type=\"application\/ld+json\" class=\"yoast-schema-graph\">{\"@context\":\"https:\\\/\\\/schema.org\",\"@graph\":[{\"@type\":\"WebPage\",\"@id\":\"https:\\\/\\\/www.lfsl.net\\\/en\\\/who-are-we\\\/periscolaire-fritids-leisure-center\\\/\",\"url\":\"https:\\\/\\\/www.lfsl.net\\\/en\\\/who-are-we\\\/periscolaire-fritids-leisure-center\\\/\",\"name\":\"P\u00e9riscolaire - Fritids (leisure center) &#8211; Lyc\u00e9e Fran\u00e7ais Saint Louis de Stockholm\",\"isPartOf\":{\"@id\":\"https:\\\/\\\/www.lfsl.net\\\/en\\\/#website\"},\"primaryImageOfPage\":{\"@id\":\"https:\\\/\\\/www.lfsl.net\\\/en\\\/who-are-we\\\/periscolaire-fritids-leisure-center\\\/#primaryimage\"},\"image\":{\"@id\":\"https:\\\/\\\/www.lfsl.net\\\/en\\\/who-are-we\\\/periscolaire-fritids-leisure-center\\\/#primaryimage\"},\"thumbnailUrl\":\"https:\\\/\\\/www.lfsl.net\\\/wp-content\\\/uploads\\\/2021\\\/11\\\/Fritids-1200x675.jpg\",\"datePublished\":\"2022-02-14T15:10:43+00:00\",\"dateModified\":\"2025-03-05T14:54:59+00:00\",\"breadcrumb\":{\"@id\":\"https:\\\/\\\/www.lfsl.net\\\/en\\\/who-are-we\\\/periscolaire-fritids-leisure-center\\\/#breadcrumb\"},\"inLanguage\":\"en-US\",\"potentialAction\":[{\"@type\":\"ReadAction\",\"target\":[\"https:\\\/\\\/www.lfsl.net\\\/en\\\/who-are-we\\\/periscolaire-fritids-leisure-center\\\/\"]}]},{\"@type\":\"ImageObject\",\"inLanguage\":\"en-US\",\"@id\":\"https:\\\/\\\/www.lfsl.net\\\/en\\\/who-are-we\\\/periscolaire-fritids-leisure-center\\\/#primaryimage\",\"url\":\"https:\\\/\\\/www.lfsl.net\\\/wp-content\\\/uploads\\\/2021\\\/11\\\/Fritids-1200x675.jpg\",\"contentUrl\":\"https:\\\/\\\/www.lfsl.net\\\/wp-content\\\/uploads\\\/2021\\\/11\\\/Fritids-1200x675.jpg\"},{\"@type\":\"BreadcrumbList\",\"@id\":\"https:\\\/\\\/www.lfsl.net\\\/en\\\/who-are-we\\\/periscolaire-fritids-leisure-center\\\/#breadcrumb\",\"itemListElement\":[{\"@type\":\"ListItem\",\"position\":1,\"name\":\"Home\",\"item\":\"https:\\\/\\\/www.lfsl.net\\\/en\\\/\"},{\"@type\":\"ListItem\",\"position\":2,\"name\":\"Who are we?\",\"item\":\"https:\\\/\\\/www.lfsl.net\\\/en\\\/who-are-we\\\/\"},{\"@type\":\"ListItem\",\"position\":3,\"name\":\"P\u00e9riscolaire &#8211; Fritids (leisure center)\"}]},{\"@type\":\"WebSite\",\"@id\":\"https:\\\/\\\/www.lfsl.net\\\/en\\\/#website\",\"url\":\"https:\\\/\\\/www.lfsl.net\\\/en\\\/\",\"name\":\"Lyc\u00e9e Fran\u00e7ais Saint Louis de Stockholm\",\"description\":\"\u00c9tablissement membre du r\u00e9seau AEFE\",\"publisher\":{\"@id\":\"https:\\\/\\\/www.lfsl.net\\\/en\\\/#organization\"},\"potentialAction\":[{\"@type\":\"SearchAction\",\"target\":{\"@type\":\"EntryPoint\",\"urlTemplate\":\"https:\\\/\\\/www.lfsl.net\\\/en\\\/?s={search_term_string}\"},\"query-input\":{\"@type\":\"PropertyValueSpecification\",\"valueRequired\":true,\"valueName\":\"search_term_string\"}}],\"inLanguage\":\"en-US\"},{\"@type\":\"Organization\",\"@id\":\"https:\\\/\\\/www.lfsl.net\\\/en\\\/#organization\",\"name\":\"Lyc\u00e9e Fran\u00e7ais Saint Louis\",\"url\":\"https:\\\/\\\/www.lfsl.net\\\/en\\\/\",\"logo\":{\"@type\":\"ImageObject\",\"inLanguage\":\"en-US\",\"@id\":\"https:\\\/\\\/www.lfsl.net\\\/en\\\/#\\\/schema\\\/logo\\\/image\\\/\",\"url\":\"https:\\\/\\\/www.lfsl.net\\\/wp-content\\\/uploads\\\/2021\\\/03\\\/LFSL-logo.jpg\",\"contentUrl\":\"https:\\\/\\\/www.lfsl.net\\\/wp-content\\\/uploads\\\/2021\\\/03\\\/LFSL-logo.jpg\",\"width\":330,\"height\":473,\"caption\":\"Lyc\u00e9e Fran\u00e7ais Saint Louis\"},\"image\":{\"@id\":\"https:\\\/\\\/www.lfsl.net\\\/en\\\/#\\\/schema\\\/logo\\\/image\\\/\"},\"sameAs\":[\"https:\\\/\\\/www.facebook.com\\\/Lyc\u00e9e-Francais-Saint-Louis-182116921840529\\\/\",\"https:\\\/\\\/www.instagram.com\\\/lyceefrancaisstockholm\\\/\",\"https:\\\/\\\/www.linkedin.com\\\/school\\\/lfsl\\\/\",\"https:\\\/\\\/www.youtube.com\\\/channel\\\/UCchS4IO4jE_YY0ILwn5NgGQ\"]}]}<\/script>\n<!-- \/ Yoast SEO plugin. -->","yoast_head_json":{"title":"P\u00e9riscolaire - Fritids (leisure center) &#8211; Lyc\u00e9e Fran\u00e7ais Saint Louis de Stockholm","robots":{"index":"index","follow":"follow","max-snippet":"max-snippet:-1","max-image-preview":"max-image-preview:large","max-video-preview":"max-video-preview:-1"},"canonical":"https:\/\/www.lfsl.net\/en\/who-are-we\/periscolaire-fritids-leisure-center\/","og_locale":"en_US","og_type":"article","og_title":"P\u00e9riscolaire - Fritids (leisure center) &#8211; Lyc\u00e9e Fran\u00e7ais Saint Louis de Stockholm","og_description":"The Stockholm Municipality has approved Lyc\u00e9e Fran\u00e7ais Saint Louis (LFSL) as a &#8220;Fritidshem&#8221; (an independent leisure center), called P\u00e9riscolaire-Fritids, and we follow the same rules as the City of Stockholm. The &#8220;Fritidshem&#8221; is aimed at students between CP and CM1 and should contribute to children&#8217;s development, care and learning. Its mission is found in the ... Read more","og_url":"https:\/\/www.lfsl.net\/en\/who-are-we\/periscolaire-fritids-leisure-center\/","og_site_name":"Lyc\u00e9e Fran\u00e7ais Saint Louis de Stockholm","article_publisher":"https:\/\/www.facebook.com\/Lyc%c3%a9e-Francais-Saint-Louis-182116921840529\/","article_modified_time":"2025-03-05T14:54:59+00:00","og_image":[{"url":"https:\/\/www.lfsl.net\/wp-content\/uploads\/2021\/11\/Fritids-1200x675.jpg","type":"","width":"","height":""}],"twitter_card":"summary_large_image","schema":{"@context":"https:\/\/schema.org","@graph":[{"@type":"WebPage","@id":"https:\/\/www.lfsl.net\/en\/who-are-we\/periscolaire-fritids-leisure-center\/","url":"https:\/\/www.lfsl.net\/en\/who-are-we\/periscolaire-fritids-leisure-center\/","name":"P\u00e9riscolaire - Fritids (leisure center) &#8211; Lyc\u00e9e Fran\u00e7ais Saint Louis de Stockholm","isPartOf":{"@id":"https:\/\/www.lfsl.net\/en\/#website"},"primaryImageOfPage":{"@id":"https:\/\/www.lfsl.net\/en\/who-are-we\/periscolaire-fritids-leisure-center\/#primaryimage"},"image":{"@id":"https:\/\/www.lfsl.net\/en\/who-are-we\/periscolaire-fritids-leisure-center\/#primaryimage"},"thumbnailUrl":"https:\/\/www.lfsl.net\/wp-content\/uploads\/2021\/11\/Fritids-1200x675.jpg","datePublished":"2022-02-14T15:10:43+00:00","dateModified":"2025-03-05T14:54:59+00:00","breadcrumb":{"@id":"https:\/\/www.lfsl.net\/en\/who-are-we\/periscolaire-fritids-leisure-center\/#breadcrumb"},"inLanguage":"en-US","potentialAction":[{"@type":"ReadAction","target":["https:\/\/www.lfsl.net\/en\/who-are-we\/periscolaire-fritids-leisure-center\/"]}]},{"@type":"ImageObject","inLanguage":"en-US","@id":"https:\/\/www.lfsl.net\/en\/who-are-we\/periscolaire-fritids-leisure-center\/#primaryimage","url":"https:\/\/www.lfsl.net\/wp-content\/uploads\/2021\/11\/Fritids-1200x675.jpg","contentUrl":"https:\/\/www.lfsl.net\/wp-content\/uploads\/2021\/11\/Fritids-1200x675.jpg"},{"@type":"BreadcrumbList","@id":"https:\/\/www.lfsl.net\/en\/who-are-we\/periscolaire-fritids-leisure-center\/#breadcrumb","itemListElement":[{"@type":"ListItem","position":1,"name":"Home","item":"https:\/\/www.lfsl.net\/en\/"},{"@type":"ListItem","position":2,"name":"Who are we?","item":"https:\/\/www.lfsl.net\/en\/who-are-we\/"},{"@type":"ListItem","position":3,"name":"P\u00e9riscolaire &#8211; Fritids (leisure center)"}]},{"@type":"WebSite","@id":"https:\/\/www.lfsl.net\/en\/#website","url":"https:\/\/www.lfsl.net\/en\/","name":"Lyc\u00e9e Fran\u00e7ais Saint Louis de Stockholm","description":"\u00c9tablissement membre du r\u00e9seau AEFE","publisher":{"@id":"https:\/\/www.lfsl.net\/en\/#organization"},"potentialAction":[{"@type":"SearchAction","target":{"@type":"EntryPoint","urlTemplate":"https:\/\/www.lfsl.net\/en\/?s={search_term_string}"},"query-input":{"@type":"PropertyValueSpecification","valueRequired":true,"valueName":"search_term_string"}}],"inLanguage":"en-US"},{"@type":"Organization","@id":"https:\/\/www.lfsl.net\/en\/#organization","name":"Lyc\u00e9e Fran\u00e7ais Saint Louis","url":"https:\/\/www.lfsl.net\/en\/","logo":{"@type":"ImageObject","inLanguage":"en-US","@id":"https:\/\/www.lfsl.net\/en\/#\/schema\/logo\/image\/","url":"https:\/\/www.lfsl.net\/wp-content\/uploads\/2021\/03\/LFSL-logo.jpg","contentUrl":"https:\/\/www.lfsl.net\/wp-content\/uploads\/2021\/03\/LFSL-logo.jpg","width":330,"height":473,"caption":"Lyc\u00e9e Fran\u00e7ais Saint Louis"},"image":{"@id":"https:\/\/www.lfsl.net\/en\/#\/schema\/logo\/image\/"},"sameAs":["https:\/\/www.facebook.com\/Lyc\u00e9e-Francais-Saint-Louis-182116921840529\/","https:\/\/www.instagram.com\/lyceefrancaisstockholm\/","https:\/\/www.linkedin.com\/school\/lfsl\/","https:\/\/www.youtube.com\/channel\/UCchS4IO4jE_YY0ILwn5NgGQ"]}]}},"_links":{"self":[{"href":"https:\/\/www.lfsl.net\/en\/wp-json\/wp\/v2\/pages\/13074","targetHints":{"allow":["GET"]}}],"collection":[{"href":"https:\/\/www.lfsl.net\/en\/wp-json\/wp\/v2\/pages"}],"about":[{"href":"https:\/\/www.lfsl.net\/en\/wp-json\/wp\/v2\/types\/page"}],"author":[{"embeddable":true,"href":"https:\/\/www.lfsl.net\/en\/wp-json\/wp\/v2\/users\/1"}],"replies":[{"embeddable":true,"href":"https:\/\/www.lfsl.net\/en\/wp-json\/wp\/v2\/comments?post=13074"}],"version-history":[{"count":14,"href":"https:\/\/www.lfsl.net\/en\/wp-json\/wp\/v2\/pages\/13074\/revisions"}],"predecessor-version":[{"id":21835,"href":"https:\/\/www.lfsl.net\/en\/wp-json\/wp\/v2\/pages\/13074\/revisions\/21835"}],"up":[{"embeddable":true,"href":"https:\/\/www.lfsl.net\/en\/wp-json\/wp\/v2\/pages\/1546"}],"wp:attachment":[{"href":"https:\/\/www.lfsl.net\/en\/wp-json\/wp\/v2\/media?parent=13074"}],"curies":[{"name":"wp","href":"https:\/\/api.w.org\/{rel}","templated":true}]}}