{"id":13310,"date":"2022-03-31T12:32:32","date_gmt":"2022-03-31T12:32:32","guid":{"rendered":"https:\/\/www.lfsl.net\/?page_id=13310"},"modified":"2022-03-31T12:54:09","modified_gmt":"2022-03-31T12:54:09","slug":"dnbi","status":"publish","type":"page","link":"https:\/\/www.lfsl.net\/en\/dnbi\/","title":{"rendered":"DNBI"},"content":{"rendered":"\n<h2 class=\"wp-block-heading\">Definition<\/h2>\n\n\n\n<p>Le Dipl\u00f4me National du Brevet International (DNBI) is an option offered to students in 3\u00e8me. You can only prepare it in schools that has an international section, and only if you are enrolled in a section.<\/p>\n\n\n\n<p>LFSL offers a DNBI in Swedish to the students enrolled in the Section Internationale Su\u00e9doise (SIS).<\/p>\n\n\n\n<h2 class=\"wp-block-heading\">Qualifications<\/h2>\n\n\n\n<p>To be allowed to pass the DNBI in 3\u00e8me you need to be enrolled in the Section Internationale Su\u00e9doise.<\/p>\n\n\n\n<h2 class=\"wp-block-heading\">Preparations<\/h2>\n\n\n\n<p>The preparation for the DNBI exam begins preferably in 6\u00e8me and consists of two parts:<br>\u200b<br>1)&nbsp;The biggest part is done during the classes of SPS (Su\u00e9dois Programme Su\u00e9dois), Histoire-G\u00e9ographie and d\u2019Histoire-G\u00e9ographie SIS.<br>2) Personal and autonomous work \u2013 revision, homework, reading etc.<\/p>\n\n\n\n<p><strong>\u200bNumber of teaching hours per week: 6\u00e8me-3\u00e8me<\/strong><\/p>\n\n\n\n<p><strong>SPS<\/strong><br>4h\/week<\/p>\n\n\n\n<p><strong>Histoire-G\u00e9ographie<\/strong><br>2h\/week<\/p>\n\n\n\n<p><strong>Histoire-G\u00e9ographie SIS<\/strong><br>1,5h\/week<\/p>\n\n\n\n<h2 class=\"wp-block-heading\">Exams<\/h2>\n\n\n\n<p>The DNBI exams are done in two subjects: <br>\u2013Histoire-G\u00e9ographie SIS<br>\u200b-Langue Su\u00e9doise<\/p>\n\n\n\n<p><strong><span class=\"has-inline-color has-vivid-red-color\">Histoire-G\u00e9ographie SIS<\/span><\/strong><\/p>\n\n\n\n<figure class=\"wp-block-table\"><table><tbody><tr><td>The exam takes as support the work, activities, studies of documents that have been carried out during Histoire-G\u00e9ographie SIS courses.<br><br>The candidate is invited to submit a comment responding to a subject proposed by the examiner(s) in relation to the themes studied during the school year.<br><br>The constituent elements of the evaluation of this discipline are:<br>\u2013 the skills and knowledge that the candidate has demonstrated in the non-linguistic discipline and in particular in what links this discipline to the cultural identity of Sweden;<br>\u2013 the openness he has shown to the Swedish environment.<br><br>The candidate&#8217;s ability to present a structured presentation and to argue as well as his mastery of oral expression are also taken into account.<br>\u200b<br>The test is conducted in Swedish.<br><br>The time allocated for this test is 30 minutes. It breaks down as follows:<br>15 minutes are devoted by the candidate to the preparation of his performance.<br>\u2013 10-minute presentation<br>\u2013 five-minute interview with the examiner(s).<br><br><strong>N.B. The written tests are the same for students in DNBI as for students in DNB, in Histoire-G\u00e9ographie.<\/strong><\/td><\/tr><\/tbody><\/table><\/figure>\n\n\n\n<p><strong><span class=\"has-inline-color has-vivid-red-color\">Langue Su\u00e9doise<\/span><\/strong><\/p>\n\n\n\n<p>The Swedish language oral test is based on a portfolio on one or two themes, primarily literary. This is composed by the candidate under the guidance and with the help of his teacher.<\/p>\n\n\n\n<p>The portfolio includes documents left to the initiative of the candidate, mainly literary texts:<br>\u2013 poems or excerpts from poems<br>\u2013 excerpts from novels<br>\u2013 news excerpts<br>\u2013 excerpts from plays.<br><\/p>\n\n\n\n<p>But also documentary texts:<br>\u2013 reproductions of works of art<\/p>\n\n\n\n<p>&#8211; posters<br>\u2013 advertising materials<br>\u2013 song lyrics<br>\u2013 multimedia content<\/p>\n\n\n\n<p>These documents can take a digital form.<\/p>\n\n\n\n<p>In addition, the portfolio needs to contain at least one written production that falls within the chosen theme(s). A text that has been designed, developed and written in Swedish by the candidate.<\/p>\n\n\n\n<p>The time allocated to this test is 20 minutes:<br>\u2013 10 minutes: the candidate presents his file:<br>\u2013 he justifies his selection of texts and documents<br>\u2013 explains his approach<br>\u2013 sets out his personal assessment and judgment on such and such an aspect or element of the file.<br>\u2013 He explains the choices that guided his written production and the place he gave it in the file.<\/p>\n\n\n\n<p>Even if the text(s) written by the candidate can be the subject of an exchange with the examiner, they do not give rise to a specific evaluation in the framework of the test.<\/p>\n\n\n\n<p>\u2013 10 minutes: the interviewer invites the candidate to develop or clarify a particular point in his presentation. He may ask him to focus his comments more specifically on one of the documents he has included in his file or on his written production. It can also encourage the candidate to broaden their remarks to other topics studied during the school year.<\/p>\n","protected":false},"excerpt":{"rendered":"<p>Definition Le Dipl\u00f4me National du Brevet International (DNBI) is an option offered to students in 3\u00e8me. You can only prepare it in schools that has an international section, and only if you are enrolled in a section. LFSL offers a DNBI in Swedish to the students enrolled in the Section Internationale Su\u00e9doise (SIS). Qualifications To &#8230; <\/p>\n<p class=\"read-more-container\"><a title=\"DNBI\" class=\"read-more button\" href=\"https:\/\/www.lfsl.net\/en\/dnbi\/#more-13310\" aria-label=\"Read more about DNBI\">Read more<\/a><\/p>\n","protected":false},"author":3,"featured_media":0,"parent":0,"menu_order":0,"comment_status":"closed","ping_status":"closed","template":"","meta":{"footnotes":""},"class_list":["post-13310","page","type-page","status-publish"],"yoast_head":"<!-- This site is optimized with the Yoast SEO plugin v27.4 - https:\/\/yoast.com\/product\/yoast-seo-wordpress\/ -->\n<title>DNBI &#8211; Lyc\u00e9e Fran\u00e7ais Saint Louis de Stockholm<\/title>\n<meta name=\"robots\" content=\"index, follow, max-snippet:-1, max-image-preview:large, max-video-preview:-1\" \/>\n<link rel=\"canonical\" href=\"https:\/\/www.lfsl.net\/en\/dnbi\/\" \/>\n<meta property=\"og:locale\" content=\"en_US\" \/>\n<meta property=\"og:type\" content=\"article\" \/>\n<meta property=\"og:title\" content=\"DNBI &#8211; Lyc\u00e9e Fran\u00e7ais Saint Louis de Stockholm\" \/>\n<meta property=\"og:description\" content=\"Definition Le Dipl\u00f4me National du Brevet International (DNBI) is an option offered to students in 3\u00e8me. You can only prepare it in schools that has an international section, and only if you are enrolled in a section. LFSL offers a DNBI in Swedish to the students enrolled in the Section Internationale Su\u00e9doise (SIS). Qualifications To ... Read more\" \/>\n<meta property=\"og:url\" content=\"https:\/\/www.lfsl.net\/en\/dnbi\/\" \/>\n<meta property=\"og:site_name\" content=\"Lyc\u00e9e Fran\u00e7ais Saint Louis de Stockholm\" \/>\n<meta property=\"article:publisher\" content=\"https:\/\/www.facebook.com\/Lyc%c3%a9e-Francais-Saint-Louis-182116921840529\/\" \/>\n<meta property=\"article:modified_time\" content=\"2022-03-31T12:54:09+00:00\" \/>\n<meta property=\"og:image\" content=\"https:\/\/www.lfsl.net\/wp-content\/uploads\/2020\/03\/lsfl_logo-minimal_crop.jpg\" \/>\n\t<meta property=\"og:image:width\" content=\"1440\" \/>\n\t<meta property=\"og:image:height\" content=\"810\" \/>\n\t<meta property=\"og:image:type\" content=\"image\/jpeg\" \/>\n<meta name=\"twitter:card\" content=\"summary_large_image\" \/>\n<script type=\"application\/ld+json\" class=\"yoast-schema-graph\">{\"@context\":\"https:\\\/\\\/schema.org\",\"@graph\":[{\"@type\":\"WebPage\",\"@id\":\"https:\\\/\\\/www.lfsl.net\\\/en\\\/dnbi\\\/\",\"url\":\"https:\\\/\\\/www.lfsl.net\\\/en\\\/dnbi\\\/\",\"name\":\"DNBI &#8211; Lyc\u00e9e Fran\u00e7ais Saint Louis de Stockholm\",\"isPartOf\":{\"@id\":\"https:\\\/\\\/www.lfsl.net\\\/en\\\/#website\"},\"datePublished\":\"2022-03-31T12:32:32+00:00\",\"dateModified\":\"2022-03-31T12:54:09+00:00\",\"breadcrumb\":{\"@id\":\"https:\\\/\\\/www.lfsl.net\\\/en\\\/dnbi\\\/#breadcrumb\"},\"inLanguage\":\"en-US\",\"potentialAction\":[{\"@type\":\"ReadAction\",\"target\":[\"https:\\\/\\\/www.lfsl.net\\\/en\\\/dnbi\\\/\"]}]},{\"@type\":\"BreadcrumbList\",\"@id\":\"https:\\\/\\\/www.lfsl.net\\\/en\\\/dnbi\\\/#breadcrumb\",\"itemListElement\":[{\"@type\":\"ListItem\",\"position\":1,\"name\":\"Home\",\"item\":\"https:\\\/\\\/www.lfsl.net\\\/en\\\/\"},{\"@type\":\"ListItem\",\"position\":2,\"name\":\"DNBI\"}]},{\"@type\":\"WebSite\",\"@id\":\"https:\\\/\\\/www.lfsl.net\\\/en\\\/#website\",\"url\":\"https:\\\/\\\/www.lfsl.net\\\/en\\\/\",\"name\":\"Lyc\u00e9e Fran\u00e7ais Saint Louis de Stockholm\",\"description\":\"\u00c9tablissement membre du r\u00e9seau AEFE\",\"publisher\":{\"@id\":\"https:\\\/\\\/www.lfsl.net\\\/en\\\/#organization\"},\"potentialAction\":[{\"@type\":\"SearchAction\",\"target\":{\"@type\":\"EntryPoint\",\"urlTemplate\":\"https:\\\/\\\/www.lfsl.net\\\/en\\\/?s={search_term_string}\"},\"query-input\":{\"@type\":\"PropertyValueSpecification\",\"valueRequired\":true,\"valueName\":\"search_term_string\"}}],\"inLanguage\":\"en-US\"},{\"@type\":\"Organization\",\"@id\":\"https:\\\/\\\/www.lfsl.net\\\/en\\\/#organization\",\"name\":\"Lyc\u00e9e Fran\u00e7ais Saint Louis\",\"url\":\"https:\\\/\\\/www.lfsl.net\\\/en\\\/\",\"logo\":{\"@type\":\"ImageObject\",\"inLanguage\":\"en-US\",\"@id\":\"https:\\\/\\\/www.lfsl.net\\\/en\\\/#\\\/schema\\\/logo\\\/image\\\/\",\"url\":\"https:\\\/\\\/www.lfsl.net\\\/wp-content\\\/uploads\\\/2021\\\/03\\\/LFSL-logo.jpg\",\"contentUrl\":\"https:\\\/\\\/www.lfsl.net\\\/wp-content\\\/uploads\\\/2021\\\/03\\\/LFSL-logo.jpg\",\"width\":330,\"height\":473,\"caption\":\"Lyc\u00e9e Fran\u00e7ais Saint Louis\"},\"image\":{\"@id\":\"https:\\\/\\\/www.lfsl.net\\\/en\\\/#\\\/schema\\\/logo\\\/image\\\/\"},\"sameAs\":[\"https:\\\/\\\/www.facebook.com\\\/Lyc\u00e9e-Francais-Saint-Louis-182116921840529\\\/\",\"https:\\\/\\\/www.instagram.com\\\/lyceefrancaisstockholm\\\/\",\"https:\\\/\\\/www.linkedin.com\\\/school\\\/lfsl\\\/\",\"https:\\\/\\\/www.youtube.com\\\/channel\\\/UCchS4IO4jE_YY0ILwn5NgGQ\"]}]}<\/script>\n<!-- \/ Yoast SEO plugin. -->","yoast_head_json":{"title":"DNBI &#8211; Lyc\u00e9e Fran\u00e7ais Saint Louis de Stockholm","robots":{"index":"index","follow":"follow","max-snippet":"max-snippet:-1","max-image-preview":"max-image-preview:large","max-video-preview":"max-video-preview:-1"},"canonical":"https:\/\/www.lfsl.net\/en\/dnbi\/","og_locale":"en_US","og_type":"article","og_title":"DNBI &#8211; Lyc\u00e9e Fran\u00e7ais Saint Louis de Stockholm","og_description":"Definition Le Dipl\u00f4me National du Brevet International (DNBI) is an option offered to students in 3\u00e8me. You can only prepare it in schools that has an international section, and only if you are enrolled in a section. LFSL offers a DNBI in Swedish to the students enrolled in the Section Internationale Su\u00e9doise (SIS). Qualifications To ... Read more","og_url":"https:\/\/www.lfsl.net\/en\/dnbi\/","og_site_name":"Lyc\u00e9e Fran\u00e7ais Saint Louis de Stockholm","article_publisher":"https:\/\/www.facebook.com\/Lyc%c3%a9e-Francais-Saint-Louis-182116921840529\/","article_modified_time":"2022-03-31T12:54:09+00:00","og_image":[{"width":1440,"height":810,"url":"https:\/\/www.lfsl.net\/wp-content\/uploads\/2020\/03\/lsfl_logo-minimal_crop.jpg","type":"image\/jpeg"}],"twitter_card":"summary_large_image","schema":{"@context":"https:\/\/schema.org","@graph":[{"@type":"WebPage","@id":"https:\/\/www.lfsl.net\/en\/dnbi\/","url":"https:\/\/www.lfsl.net\/en\/dnbi\/","name":"DNBI &#8211; Lyc\u00e9e Fran\u00e7ais Saint Louis de Stockholm","isPartOf":{"@id":"https:\/\/www.lfsl.net\/en\/#website"},"datePublished":"2022-03-31T12:32:32+00:00","dateModified":"2022-03-31T12:54:09+00:00","breadcrumb":{"@id":"https:\/\/www.lfsl.net\/en\/dnbi\/#breadcrumb"},"inLanguage":"en-US","potentialAction":[{"@type":"ReadAction","target":["https:\/\/www.lfsl.net\/en\/dnbi\/"]}]},{"@type":"BreadcrumbList","@id":"https:\/\/www.lfsl.net\/en\/dnbi\/#breadcrumb","itemListElement":[{"@type":"ListItem","position":1,"name":"Home","item":"https:\/\/www.lfsl.net\/en\/"},{"@type":"ListItem","position":2,"name":"DNBI"}]},{"@type":"WebSite","@id":"https:\/\/www.lfsl.net\/en\/#website","url":"https:\/\/www.lfsl.net\/en\/","name":"Lyc\u00e9e Fran\u00e7ais Saint Louis de Stockholm","description":"\u00c9tablissement membre du r\u00e9seau AEFE","publisher":{"@id":"https:\/\/www.lfsl.net\/en\/#organization"},"potentialAction":[{"@type":"SearchAction","target":{"@type":"EntryPoint","urlTemplate":"https:\/\/www.lfsl.net\/en\/?s={search_term_string}"},"query-input":{"@type":"PropertyValueSpecification","valueRequired":true,"valueName":"search_term_string"}}],"inLanguage":"en-US"},{"@type":"Organization","@id":"https:\/\/www.lfsl.net\/en\/#organization","name":"Lyc\u00e9e Fran\u00e7ais Saint Louis","url":"https:\/\/www.lfsl.net\/en\/","logo":{"@type":"ImageObject","inLanguage":"en-US","@id":"https:\/\/www.lfsl.net\/en\/#\/schema\/logo\/image\/","url":"https:\/\/www.lfsl.net\/wp-content\/uploads\/2021\/03\/LFSL-logo.jpg","contentUrl":"https:\/\/www.lfsl.net\/wp-content\/uploads\/2021\/03\/LFSL-logo.jpg","width":330,"height":473,"caption":"Lyc\u00e9e Fran\u00e7ais Saint Louis"},"image":{"@id":"https:\/\/www.lfsl.net\/en\/#\/schema\/logo\/image\/"},"sameAs":["https:\/\/www.facebook.com\/Lyc\u00e9e-Francais-Saint-Louis-182116921840529\/","https:\/\/www.instagram.com\/lyceefrancaisstockholm\/","https:\/\/www.linkedin.com\/school\/lfsl\/","https:\/\/www.youtube.com\/channel\/UCchS4IO4jE_YY0ILwn5NgGQ"]}]}},"_links":{"self":[{"href":"https:\/\/www.lfsl.net\/en\/wp-json\/wp\/v2\/pages\/13310","targetHints":{"allow":["GET"]}}],"collection":[{"href":"https:\/\/www.lfsl.net\/en\/wp-json\/wp\/v2\/pages"}],"about":[{"href":"https:\/\/www.lfsl.net\/en\/wp-json\/wp\/v2\/types\/page"}],"author":[{"embeddable":true,"href":"https:\/\/www.lfsl.net\/en\/wp-json\/wp\/v2\/users\/3"}],"replies":[{"embeddable":true,"href":"https:\/\/www.lfsl.net\/en\/wp-json\/wp\/v2\/comments?post=13310"}],"version-history":[{"count":6,"href":"https:\/\/www.lfsl.net\/en\/wp-json\/wp\/v2\/pages\/13310\/revisions"}],"predecessor-version":[{"id":13325,"href":"https:\/\/www.lfsl.net\/en\/wp-json\/wp\/v2\/pages\/13310\/revisions\/13325"}],"wp:attachment":[{"href":"https:\/\/www.lfsl.net\/en\/wp-json\/wp\/v2\/media?parent=13310"}],"curies":[{"name":"wp","href":"https:\/\/api.w.org\/{rel}","templated":true}]}}