{"id":13361,"date":"2022-04-06T09:05:31","date_gmt":"2022-04-06T09:05:31","guid":{"rendered":"https:\/\/www.lfsl.net\/?page_id=13361"},"modified":"2022-04-06T09:05:32","modified_gmt":"2022-04-06T09:05:32","slug":"bfi","status":"publish","type":"page","link":"https:\/\/www.lfsl.net\/en\/bfi\/","title":{"rendered":"BFI"},"content":{"rendered":"\n<h2 class=\"wp-block-heading\">From Option Internationale du Baccalaur\u00e9at (OIB) to\u00a0Baccalaur\u00e9at Fran\u00e7ais International (BFI)\u00a0\u200b<\/h2>\n\n\n\n<p>From the start of the 2022 school year, the Option International du Baccalaur\u00e9at (OIB) evolves and becomes the Baccalaur\u00e9at Fran\u00e7ais International (BFI). Students in 1\u00e8re can engage in this system to prepare, during two years, this new international option taken into account in the exam, from the 2024 session of the Baccalaur\u00e9at<\/p>\n\n\n\n<h2 class=\"wp-block-heading\">What changes compared to the Option Internationale du Baccalaur\u00e9at (OIB)\u200b<\/h2>\n\n\n\n<p>\u2192\u00a0\u00a0The preparation for the BFI concerns only the final cycle (the international section is maintained until the end of 2nde).\u200b<\/p>\n\n\n\n<p>\u2192\u00a0Students who have not followed an international section before the first year can apply for a preparation of the BFI. <\/p>\n\n\n\n<p>\u2192\u00a0The specific classes, Approfondissement culturel et linguistique (ACL) and the discipline\u00a0non-linguistique (Histoire-G\u00e9ographie) are reinforced and supplemented by the new Connaissance du monde (CdM).<\/p>\n\n\n\n<p>\u2192\u00a0The student&#8217;s commitment is valued within the framework of a project carried out with an international partner. <\/p>\n\n\n\n<hr class=\"wp-block-separator\"\/>\n\n\n\n<p class=\"has-text-align-center\"><strong>The BFI is available, depending on the institution, in different &#8220;parcours&#8221;.\u200b<\/strong><\/p>\n\n\n\n<p class=\"has-text-align-center\"><strong>At LFSL, we are offering the Parcours Trilingue.\u00a0<\/strong>\u200b<\/p>\n\n\n\n<p class=\"has-text-align-center\"><strong>FRENCH \u2013\u00a0SWEDISH &#8211; ENGLISH<\/strong>\u200b<\/p>\n\n\n\n<hr class=\"wp-block-separator\"\/>\n\n\n\n<h2 class=\"wp-block-heading\">The teachings<\/h2>\n\n\n\n<p>Students enrolled in the Baccalaur\u00e9at Fran\u00e7ais International (BFI) follow:<\/p>\n\n\n\n<p>\u2192 The <strong>same lessons <\/strong>as the students who doesn&#8217;t prepare a BFI (enseignements de tronc commun, enseignements de sp\u00e9cialit\u00e9)<\/p>\n\n\n\n<p>\u2192\u00a0 <strong>3 additional classes<\/strong> specific to the preparation of the baccalaur\u00e9at fran\u00e7ais international, such as : <\/p>\n\n\n\n<div class=\"wp-block-image\"><figure class=\"alignleft size-large\"><img loading=\"lazy\" decoding=\"async\" width=\"481\" height=\"211\" src=\"https:\/\/www.lfsl.net\/wp-content\/uploads\/2022\/04\/image.png\" alt=\"\" class=\"wp-image-13341\"\/><\/figure><\/div>\n\n\n\n<h5 class=\"wp-block-heading\">Histoire-G\u00e9ographie &#8211;\u00a0<em>Swedish<\/em>\u200b<\/h5>\n\n\n\n<p>The teaching of Histoire-G\u00e9ographie within the BFI is the equivalent of the current Histoire-G\u00e9ographie. One part will be taught in French and the other part in Swedish. Histoire-G\u00e9ographie will be sanctioned by a written test as well as an oral test at the end of Terminale.<\/p>\n\n\n\n<h5 class=\"wp-block-heading\">Approfondissement culturel et linguistique (ACL) &#8211;\u00a0<em>English<\/em>\u200b<\/h5>\n\n\n\n<p>The complementary education of approfondissement culturel et linguistique is the equivalent of the current optional education of Litt\u00e9rature Anglophone. The ACL will be sanctioned by a written test as well as an oral test at the end of Terminale. <\/p>\n\n\n\n<h4 class=\"wp-block-heading\">Connaissance du monde (CdM) &#8211;\u00a0<em>SWEDISH<\/em>\u200b<\/h4>\n\n\n\n<p>It is based on teaching that articulates the history of ideas and geopolitical questions, knowledge of the challenges of the contemporary world, culture and civilization of the countries of the languages \u200b\u200bstudied as well as on a project with an international partner led by the student.<\/p>\n\n\n\n<p>Three major thematic portals exploring the major issues and lively questions of the contemporary world: \u200b<\/p>\n\n\n\n<ul class=\"wp-block-list\"><li><em>Thinking about life together<\/em>\u200b<\/li><li><em>Inhabit the world<\/em>\u200b<\/li><li><em>Building the future\u00a0<\/em>\u200b<\/li><\/ul>\n\n\n\n<p>It associates :\u00a0\u200b<\/p>\n\n\n\n<p>\u2192\u00a0<strong>a traditional education<\/strong> intended to transmit to the students a cultural and linguistic content and the vision of the major contemporary issues by the intellectuals of the countries of the language of the section.<\/p>\n\n\n\n<p>\u2192\u00a0<strong>a project approach <\/strong>engaging the terminale student in a concrete and collective action in international partnership and in connection with the program in the language of the section.<\/p>\n\n\n\n<p>I twill be sanctioned by an oral test at the end of Terminale.<\/p>\n\n\n\n<h2 class=\"wp-block-heading\">Baccalaur\u00e9at\u00a0assessment<\/h2>\n\n\n\n<p>\u2192 The assessment of the approfondissement culturel et linguistique replaces that of LVA or LVB depending on the language in which it was taken.<\/p>\n\n\n\n<p>\u00a0\u2192 The assessment of the connaissance du monde is added to the other assessments and coefficients\u200b.<\/p>\n\n\n\n<p>\u00a0\u2192 The specific assessment of the discipline non linguistique obligatoire replaces that of the concerned subject.<\/p>\n\n\n\n<hr class=\"wp-block-separator\"\/>\n\n\n\n<figure class=\"wp-block-image size-large\"><img loading=\"lazy\" decoding=\"async\" width=\"1047\" height=\"985\" src=\"https:\/\/www.lfsl.net\/wp-content\/uploads\/2022\/04\/BFI.png\" alt=\"\" class=\"wp-image-13350\" srcset=\"https:\/\/www.lfsl.net\/wp-content\/uploads\/2022\/04\/BFI.png 1047w, https:\/\/www.lfsl.net\/wp-content\/uploads\/2022\/04\/BFI-600x564.png 600w, https:\/\/www.lfsl.net\/wp-content\/uploads\/2022\/04\/BFI-768x723.png 768w\" sizes=\"auto, (max-width: 1047px) 100vw, 1047px\" \/><\/figure>\n\n\n\n<div class=\"wp-block-columns is-layout-flex wp-container-core-columns-is-layout-9d6595d7 wp-block-columns-is-layout-flex\">\n<div class=\"wp-block-column is-layout-flow wp-block-column-is-layout-flow\"><\/div>\n\n\n\n<div class=\"wp-block-column is-layout-flow wp-block-column-is-layout-flow\"><\/div>\n<\/div>\n\n\n\n<p><\/p>\n","protected":false},"excerpt":{"rendered":"<p>From Option Internationale du Baccalaur\u00e9at (OIB) to\u00a0Baccalaur\u00e9at Fran\u00e7ais International (BFI)\u00a0\u200b From the start of the 2022 school year, the Option International du Baccalaur\u00e9at (OIB) evolves and becomes the Baccalaur\u00e9at Fran\u00e7ais International (BFI). Students in 1\u00e8re can engage in this system to prepare, during two years, this new international option taken into account in the exam, &#8230; <\/p>\n<p class=\"read-more-container\"><a title=\"BFI\" class=\"read-more button\" href=\"https:\/\/www.lfsl.net\/en\/bfi\/#more-13361\" aria-label=\"Read more about BFI\">Read more<\/a><\/p>\n","protected":false},"author":3,"featured_media":0,"parent":0,"menu_order":0,"comment_status":"closed","ping_status":"closed","template":"","meta":{"footnotes":""},"class_list":["post-13361","page","type-page","status-publish"],"yoast_head":"<!-- This site is optimized with the Yoast SEO plugin v27.4 - https:\/\/yoast.com\/product\/yoast-seo-wordpress\/ -->\n<title>BFI &#8211; Lyc\u00e9e Fran\u00e7ais Saint Louis de Stockholm<\/title>\n<meta name=\"robots\" content=\"index, follow, max-snippet:-1, max-image-preview:large, max-video-preview:-1\" \/>\n<link rel=\"canonical\" href=\"https:\/\/www.lfsl.net\/en\/bfi\/\" \/>\n<meta property=\"og:locale\" content=\"en_US\" \/>\n<meta property=\"og:type\" content=\"article\" \/>\n<meta property=\"og:title\" content=\"BFI &#8211; Lyc\u00e9e Fran\u00e7ais Saint Louis de Stockholm\" \/>\n<meta property=\"og:description\" content=\"From Option Internationale du Baccalaur\u00e9at (OIB) to\u00a0Baccalaur\u00e9at Fran\u00e7ais International (BFI)\u00a0\u200b From the start of the 2022 school year, the Option International du Baccalaur\u00e9at (OIB) evolves and becomes the Baccalaur\u00e9at Fran\u00e7ais International (BFI). Students in 1\u00e8re can engage in this system to prepare, during two years, this new international option taken into account in the exam, ... Read more\" \/>\n<meta property=\"og:url\" content=\"https:\/\/www.lfsl.net\/en\/bfi\/\" \/>\n<meta property=\"og:site_name\" content=\"Lyc\u00e9e Fran\u00e7ais Saint Louis de Stockholm\" \/>\n<meta property=\"article:publisher\" content=\"https:\/\/www.facebook.com\/Lyc%c3%a9e-Francais-Saint-Louis-182116921840529\/\" \/>\n<meta property=\"article:modified_time\" content=\"2022-04-06T09:05:32+00:00\" \/>\n<meta property=\"og:image\" content=\"https:\/\/www.lfsl.net\/wp-content\/uploads\/2022\/04\/image.png\" \/>\n<meta name=\"twitter:card\" content=\"summary_large_image\" \/>\n<script type=\"application\/ld+json\" class=\"yoast-schema-graph\">{\"@context\":\"https:\\\/\\\/schema.org\",\"@graph\":[{\"@type\":\"WebPage\",\"@id\":\"https:\\\/\\\/www.lfsl.net\\\/en\\\/bfi\\\/\",\"url\":\"https:\\\/\\\/www.lfsl.net\\\/en\\\/bfi\\\/\",\"name\":\"BFI &#8211; Lyc\u00e9e Fran\u00e7ais Saint Louis de Stockholm\",\"isPartOf\":{\"@id\":\"https:\\\/\\\/www.lfsl.net\\\/en\\\/#website\"},\"primaryImageOfPage\":{\"@id\":\"https:\\\/\\\/www.lfsl.net\\\/en\\\/bfi\\\/#primaryimage\"},\"image\":{\"@id\":\"https:\\\/\\\/www.lfsl.net\\\/en\\\/bfi\\\/#primaryimage\"},\"thumbnailUrl\":\"https:\\\/\\\/www.lfsl.net\\\/wp-content\\\/uploads\\\/2022\\\/04\\\/image.png\",\"datePublished\":\"2022-04-06T09:05:31+00:00\",\"dateModified\":\"2022-04-06T09:05:32+00:00\",\"breadcrumb\":{\"@id\":\"https:\\\/\\\/www.lfsl.net\\\/en\\\/bfi\\\/#breadcrumb\"},\"inLanguage\":\"en-US\",\"potentialAction\":[{\"@type\":\"ReadAction\",\"target\":[\"https:\\\/\\\/www.lfsl.net\\\/en\\\/bfi\\\/\"]}]},{\"@type\":\"ImageObject\",\"inLanguage\":\"en-US\",\"@id\":\"https:\\\/\\\/www.lfsl.net\\\/en\\\/bfi\\\/#primaryimage\",\"url\":\"https:\\\/\\\/www.lfsl.net\\\/wp-content\\\/uploads\\\/2022\\\/04\\\/image.png\",\"contentUrl\":\"https:\\\/\\\/www.lfsl.net\\\/wp-content\\\/uploads\\\/2022\\\/04\\\/image.png\"},{\"@type\":\"BreadcrumbList\",\"@id\":\"https:\\\/\\\/www.lfsl.net\\\/en\\\/bfi\\\/#breadcrumb\",\"itemListElement\":[{\"@type\":\"ListItem\",\"position\":1,\"name\":\"Home\",\"item\":\"https:\\\/\\\/www.lfsl.net\\\/en\\\/\"},{\"@type\":\"ListItem\",\"position\":2,\"name\":\"BFI\"}]},{\"@type\":\"WebSite\",\"@id\":\"https:\\\/\\\/www.lfsl.net\\\/en\\\/#website\",\"url\":\"https:\\\/\\\/www.lfsl.net\\\/en\\\/\",\"name\":\"Lyc\u00e9e Fran\u00e7ais Saint Louis de Stockholm\",\"description\":\"\u00c9tablissement membre du r\u00e9seau AEFE\",\"publisher\":{\"@id\":\"https:\\\/\\\/www.lfsl.net\\\/en\\\/#organization\"},\"potentialAction\":[{\"@type\":\"SearchAction\",\"target\":{\"@type\":\"EntryPoint\",\"urlTemplate\":\"https:\\\/\\\/www.lfsl.net\\\/en\\\/?s={search_term_string}\"},\"query-input\":{\"@type\":\"PropertyValueSpecification\",\"valueRequired\":true,\"valueName\":\"search_term_string\"}}],\"inLanguage\":\"en-US\"},{\"@type\":\"Organization\",\"@id\":\"https:\\\/\\\/www.lfsl.net\\\/en\\\/#organization\",\"name\":\"Lyc\u00e9e Fran\u00e7ais Saint Louis\",\"url\":\"https:\\\/\\\/www.lfsl.net\\\/en\\\/\",\"logo\":{\"@type\":\"ImageObject\",\"inLanguage\":\"en-US\",\"@id\":\"https:\\\/\\\/www.lfsl.net\\\/en\\\/#\\\/schema\\\/logo\\\/image\\\/\",\"url\":\"https:\\\/\\\/www.lfsl.net\\\/wp-content\\\/uploads\\\/2021\\\/03\\\/LFSL-logo.jpg\",\"contentUrl\":\"https:\\\/\\\/www.lfsl.net\\\/wp-content\\\/uploads\\\/2021\\\/03\\\/LFSL-logo.jpg\",\"width\":330,\"height\":473,\"caption\":\"Lyc\u00e9e Fran\u00e7ais Saint Louis\"},\"image\":{\"@id\":\"https:\\\/\\\/www.lfsl.net\\\/en\\\/#\\\/schema\\\/logo\\\/image\\\/\"},\"sameAs\":[\"https:\\\/\\\/www.facebook.com\\\/Lyc\u00e9e-Francais-Saint-Louis-182116921840529\\\/\",\"https:\\\/\\\/www.instagram.com\\\/lyceefrancaisstockholm\\\/\",\"https:\\\/\\\/www.linkedin.com\\\/school\\\/lfsl\\\/\",\"https:\\\/\\\/www.youtube.com\\\/channel\\\/UCchS4IO4jE_YY0ILwn5NgGQ\"]}]}<\/script>\n<!-- \/ Yoast SEO plugin. -->","yoast_head_json":{"title":"BFI &#8211; Lyc\u00e9e Fran\u00e7ais Saint Louis de Stockholm","robots":{"index":"index","follow":"follow","max-snippet":"max-snippet:-1","max-image-preview":"max-image-preview:large","max-video-preview":"max-video-preview:-1"},"canonical":"https:\/\/www.lfsl.net\/en\/bfi\/","og_locale":"en_US","og_type":"article","og_title":"BFI &#8211; Lyc\u00e9e Fran\u00e7ais Saint Louis de Stockholm","og_description":"From Option Internationale du Baccalaur\u00e9at (OIB) to\u00a0Baccalaur\u00e9at Fran\u00e7ais International (BFI)\u00a0\u200b From the start of the 2022 school year, the Option International du Baccalaur\u00e9at (OIB) evolves and becomes the Baccalaur\u00e9at Fran\u00e7ais International (BFI). Students in 1\u00e8re can engage in this system to prepare, during two years, this new international option taken into account in the exam, ... Read more","og_url":"https:\/\/www.lfsl.net\/en\/bfi\/","og_site_name":"Lyc\u00e9e Fran\u00e7ais Saint Louis de Stockholm","article_publisher":"https:\/\/www.facebook.com\/Lyc%c3%a9e-Francais-Saint-Louis-182116921840529\/","article_modified_time":"2022-04-06T09:05:32+00:00","og_image":[{"url":"https:\/\/www.lfsl.net\/wp-content\/uploads\/2022\/04\/image.png","type":"","width":"","height":""}],"twitter_card":"summary_large_image","schema":{"@context":"https:\/\/schema.org","@graph":[{"@type":"WebPage","@id":"https:\/\/www.lfsl.net\/en\/bfi\/","url":"https:\/\/www.lfsl.net\/en\/bfi\/","name":"BFI &#8211; Lyc\u00e9e Fran\u00e7ais Saint Louis de Stockholm","isPartOf":{"@id":"https:\/\/www.lfsl.net\/en\/#website"},"primaryImageOfPage":{"@id":"https:\/\/www.lfsl.net\/en\/bfi\/#primaryimage"},"image":{"@id":"https:\/\/www.lfsl.net\/en\/bfi\/#primaryimage"},"thumbnailUrl":"https:\/\/www.lfsl.net\/wp-content\/uploads\/2022\/04\/image.png","datePublished":"2022-04-06T09:05:31+00:00","dateModified":"2022-04-06T09:05:32+00:00","breadcrumb":{"@id":"https:\/\/www.lfsl.net\/en\/bfi\/#breadcrumb"},"inLanguage":"en-US","potentialAction":[{"@type":"ReadAction","target":["https:\/\/www.lfsl.net\/en\/bfi\/"]}]},{"@type":"ImageObject","inLanguage":"en-US","@id":"https:\/\/www.lfsl.net\/en\/bfi\/#primaryimage","url":"https:\/\/www.lfsl.net\/wp-content\/uploads\/2022\/04\/image.png","contentUrl":"https:\/\/www.lfsl.net\/wp-content\/uploads\/2022\/04\/image.png"},{"@type":"BreadcrumbList","@id":"https:\/\/www.lfsl.net\/en\/bfi\/#breadcrumb","itemListElement":[{"@type":"ListItem","position":1,"name":"Home","item":"https:\/\/www.lfsl.net\/en\/"},{"@type":"ListItem","position":2,"name":"BFI"}]},{"@type":"WebSite","@id":"https:\/\/www.lfsl.net\/en\/#website","url":"https:\/\/www.lfsl.net\/en\/","name":"Lyc\u00e9e Fran\u00e7ais Saint Louis de Stockholm","description":"\u00c9tablissement membre du r\u00e9seau AEFE","publisher":{"@id":"https:\/\/www.lfsl.net\/en\/#organization"},"potentialAction":[{"@type":"SearchAction","target":{"@type":"EntryPoint","urlTemplate":"https:\/\/www.lfsl.net\/en\/?s={search_term_string}"},"query-input":{"@type":"PropertyValueSpecification","valueRequired":true,"valueName":"search_term_string"}}],"inLanguage":"en-US"},{"@type":"Organization","@id":"https:\/\/www.lfsl.net\/en\/#organization","name":"Lyc\u00e9e Fran\u00e7ais Saint Louis","url":"https:\/\/www.lfsl.net\/en\/","logo":{"@type":"ImageObject","inLanguage":"en-US","@id":"https:\/\/www.lfsl.net\/en\/#\/schema\/logo\/image\/","url":"https:\/\/www.lfsl.net\/wp-content\/uploads\/2021\/03\/LFSL-logo.jpg","contentUrl":"https:\/\/www.lfsl.net\/wp-content\/uploads\/2021\/03\/LFSL-logo.jpg","width":330,"height":473,"caption":"Lyc\u00e9e Fran\u00e7ais Saint Louis"},"image":{"@id":"https:\/\/www.lfsl.net\/en\/#\/schema\/logo\/image\/"},"sameAs":["https:\/\/www.facebook.com\/Lyc\u00e9e-Francais-Saint-Louis-182116921840529\/","https:\/\/www.instagram.com\/lyceefrancaisstockholm\/","https:\/\/www.linkedin.com\/school\/lfsl\/","https:\/\/www.youtube.com\/channel\/UCchS4IO4jE_YY0ILwn5NgGQ"]}]}},"_links":{"self":[{"href":"https:\/\/www.lfsl.net\/en\/wp-json\/wp\/v2\/pages\/13361","targetHints":{"allow":["GET"]}}],"collection":[{"href":"https:\/\/www.lfsl.net\/en\/wp-json\/wp\/v2\/pages"}],"about":[{"href":"https:\/\/www.lfsl.net\/en\/wp-json\/wp\/v2\/types\/page"}],"author":[{"embeddable":true,"href":"https:\/\/www.lfsl.net\/en\/wp-json\/wp\/v2\/users\/3"}],"replies":[{"embeddable":true,"href":"https:\/\/www.lfsl.net\/en\/wp-json\/wp\/v2\/comments?post=13361"}],"version-history":[{"count":1,"href":"https:\/\/www.lfsl.net\/en\/wp-json\/wp\/v2\/pages\/13361\/revisions"}],"predecessor-version":[{"id":13362,"href":"https:\/\/www.lfsl.net\/en\/wp-json\/wp\/v2\/pages\/13361\/revisions\/13362"}],"wp:attachment":[{"href":"https:\/\/www.lfsl.net\/en\/wp-json\/wp\/v2\/media?parent=13361"}],"curies":[{"name":"wp","href":"https:\/\/api.w.org\/{rel}","templated":true}]}}