{"id":1456,"date":"2018-10-31T08:07:42","date_gmt":"2018-10-31T08:07:42","guid":{"rendered":"http:\/\/lfsl.net.hemsida.eu\/?page_id=1456"},"modified":"2025-04-09T07:59:56","modified_gmt":"2025-04-09T07:59:56","slug":"aefe-an-international-network","status":"publish","type":"page","link":"https:\/\/www.lfsl.net\/en\/about\/aefe-an-international-network\/","title":{"rendered":"AEFE \u2013  an international network"},"content":{"rendered":"\n<div class=\"wp-block-media-text alignwide is-stacked-on-mobile\" style=\"grid-template-columns:40% auto\"><figure class=\"wp-block-media-text__media\"><a href=\"https:\/\/www.aefe.fr\/\" target=\"_blank\" rel=\"noopener\"><img loading=\"lazy\" decoding=\"async\" width=\"800\" height=\"570\" src=\"https:\/\/www.lfsl.net\/wp-content\/uploads\/2018\/11\/AEFE_bild.jpg\" alt=\"\" class=\"wp-image-1938 size-full\" srcset=\"https:\/\/www.lfsl.net\/wp-content\/uploads\/2018\/11\/AEFE_bild.jpg 800w, https:\/\/www.lfsl.net\/wp-content\/uploads\/2018\/11\/AEFE_bild-300x214.jpg 300w, https:\/\/www.lfsl.net\/wp-content\/uploads\/2018\/11\/AEFE_bild-768x547.jpg 768w\" sizes=\"auto, (max-width: 800px) 100vw, 800px\" \/><\/a><\/figure><div class=\"wp-block-media-text__content\">\n<p><strong>AEFE is a public actor, which, under the auspices of the French Ministry for European and Foreign Affairs, coordinates the network of French educational establishments abroad, commonly known as &#8220;Lyc\u00e9e <\/strong> <strong>Fran\u00e7ais&#8221;. This network consists of over 600 accredited schools whose list is set by an annual joint arrangement of the Ministry of National Education and the Minister for European and Foreign Affairs. This unique school network, with approximately 400 000 students in 139 different countries, provides a great asset for France and its influence.<\/strong><\/p>\n<\/div><\/div>\n\n\n\n<h3 class=\"wp-block-heading\"><strong>Education: a great challenge <\/strong><\/h3>\n\n\n\n<p>France is the country that has the largest school network outside its own borders. The network supports the growing mobility of French families abroad. It is also a tool that makes France radiate, thanks to its reception of foreign students (60%). The network thus fulfils its mission by educating children from French families established outside France, as well as some of all children with different origins in 139 countries.<br>Through this dual mission, the school network participates in the image of France, its presence and influence in the world and contributes everywhere with the universal humanistic values \u200b\u200bunderlying the French Republic&#8217;s model.<\/p>\n\n\n\n<h3 class=\"wp-block-heading\"><br><strong>School authorization: a guarantee of quality<\/strong><\/h3>\n\n\n\n<p>The authorization issued by the French National Ministry of Education certifies the education\u2019s compliance with the requirements, programs, training objectives and organizational rules of the French education system. It allows all pupils from an authorized school to continue their education in another French school (subject to free space) without admission examination. Schools are required to demonstrate on a regular basis that they meet the requirements for approval (reception of children of French nationality and foreign children, preparation of students for French examinations and degrees, possession of qualified French staff).<br><\/p>\n\n\n\n<h3 class=\"wp-block-heading\"><br><strong>An attractive school network with rational development<\/strong><br><\/h3>\n\n\n\n<p>Over a period of 20 years, the number of students in the AEFE network has increased by more than 50%. As a sign of the quality of the education offered, this development must also meet the challenge of economic equilibrium. <br> France is the only country that has chosen to have an education system of this size abroad, which is largely financed by public funds. The remainder is financed by school fees. The French State&#8217;s contribution to the financing of the French education network abroad is based on the European and Foreign Ministry granting two grants within the mission &#8220;Activities outside France&#8221;:<\/p>\n\n\n\n<ul class=\"wp-block-list\">\n<li>Program 185 for &#8220;cultural diplomacy and influence&#8221; amounting to EUR 402 million (in 2015) to finance the institutions&#8217; activities.<\/li>\n<\/ul>\n\n\n\n<ul class=\"wp-block-list\">\n<li>Program &#8220;151 for&#8221; French Abroad &#8220;amounting to EUR 106.5 million (in 2015) to fund scholarships for French students. <\/li>\n<\/ul>\n\n\n\n<p>The recognition of the school network&#8217;s central role abroad in favor of France&#8217;s external influence is reflected in the maintenance of significant resources, the use of which is always optimized. The rationalization of the funds offered by AEFE and the constant modernization of the network&#8217;s governance are constant challenges for the Agency. <br><br><a href=\"https:\/\/www.aefe.fr\/\">www.aefe.fr<\/a><\/p>\n\n\n\n<figure class=\"wp-block-embed is-type-video is-provider-dailymotion wp-block-embed-dailymotion wp-embed-aspect-16-9 wp-has-aspect-ratio\"><div class=\"wp-block-embed__wrapper\">\n<iframe loading=\"lazy\" title=\"Vid\u00e9o de pr\u00e9sentation de l&#039;AEFE\" frameborder=\"0\" width=\"1200\" height=\"674\" src=\"https:\/\/www.dailymotion.com\/embed\/video\/x2j4f0m\" allowfullscreen allow=\"autoplay\"><\/iframe>\n<\/div><\/figure>\n","protected":false},"excerpt":{"rendered":"<p>AEFE is a public actor, which, under the auspices of the French Ministry for European and Foreign Affairs, coordinates the network of French educational establishments abroad, commonly known as &#8220;Lyc\u00e9e Fran\u00e7ais&#8221;. This network consists of over 600 accredited schools whose list is set by an annual joint arrangement of the Ministry of National Education and &#8230; <\/p>\n<p class=\"read-more-container\"><a title=\"AEFE \u2013  an international network\" class=\"read-more button\" href=\"https:\/\/www.lfsl.net\/en\/about\/aefe-an-international-network\/#more-1456\" aria-label=\"Read more about AEFE \u2013  an international network\">Read more<\/a><\/p>\n","protected":false},"author":1,"featured_media":0,"parent":1462,"menu_order":0,"comment_status":"closed","ping_status":"closed","template":"","meta":{"footnotes":""},"class_list":["post-1456","page","type-page","status-publish"],"yoast_head":"<!-- This site is optimized with the Yoast SEO plugin v27.4 - https:\/\/yoast.com\/product\/yoast-seo-wordpress\/ -->\n<title>AEFE \u2013 an international network &#8211; Lyc\u00e9e Fran\u00e7ais Saint Louis de Stockholm<\/title>\n<meta name=\"robots\" content=\"index, follow, max-snippet:-1, max-image-preview:large, max-video-preview:-1\" \/>\n<link rel=\"canonical\" href=\"https:\/\/www.lfsl.net\/en\/about\/aefe-an-international-network\/\" \/>\n<meta property=\"og:locale\" content=\"en_US\" \/>\n<meta property=\"og:type\" content=\"article\" \/>\n<meta property=\"og:title\" content=\"AEFE \u2013 an international network &#8211; Lyc\u00e9e Fran\u00e7ais Saint Louis de Stockholm\" \/>\n<meta property=\"og:description\" content=\"AEFE is a public actor, which, under the auspices of the French Ministry for European and Foreign Affairs, coordinates the network of French educational establishments abroad, commonly known as &#8220;Lyc\u00e9e Fran\u00e7ais&#8221;. This network consists of over 600 accredited schools whose list is set by an annual joint arrangement of the Ministry of National Education and ... Read more\" \/>\n<meta property=\"og:url\" content=\"https:\/\/www.lfsl.net\/en\/about\/aefe-an-international-network\/\" \/>\n<meta property=\"og:site_name\" content=\"Lyc\u00e9e Fran\u00e7ais Saint Louis de Stockholm\" \/>\n<meta property=\"article:publisher\" content=\"https:\/\/www.facebook.com\/Lyc%c3%a9e-Francais-Saint-Louis-182116921840529\/\" \/>\n<meta property=\"article:modified_time\" content=\"2025-04-09T07:59:56+00:00\" \/>\n<meta property=\"og:image\" content=\"https:\/\/www.lfsl.net\/wp-content\/uploads\/2018\/11\/AEFE_bild.jpg\" \/>\n<meta name=\"twitter:card\" content=\"summary_large_image\" \/>\n<script type=\"application\/ld+json\" class=\"yoast-schema-graph\">{\"@context\":\"https:\\\/\\\/schema.org\",\"@graph\":[{\"@type\":\"WebPage\",\"@id\":\"https:\\\/\\\/www.lfsl.net\\\/en\\\/about\\\/aefe-an-international-network\\\/\",\"url\":\"https:\\\/\\\/www.lfsl.net\\\/en\\\/about\\\/aefe-an-international-network\\\/\",\"name\":\"AEFE \u2013 an international network &#8211; Lyc\u00e9e Fran\u00e7ais Saint Louis de Stockholm\",\"isPartOf\":{\"@id\":\"https:\\\/\\\/www.lfsl.net\\\/en\\\/#website\"},\"primaryImageOfPage\":{\"@id\":\"https:\\\/\\\/www.lfsl.net\\\/en\\\/about\\\/aefe-an-international-network\\\/#primaryimage\"},\"image\":{\"@id\":\"https:\\\/\\\/www.lfsl.net\\\/en\\\/about\\\/aefe-an-international-network\\\/#primaryimage\"},\"thumbnailUrl\":\"https:\\\/\\\/www.lfsl.net\\\/wp-content\\\/uploads\\\/2018\\\/11\\\/AEFE_bild.jpg\",\"datePublished\":\"2018-10-31T08:07:42+00:00\",\"dateModified\":\"2025-04-09T07:59:56+00:00\",\"breadcrumb\":{\"@id\":\"https:\\\/\\\/www.lfsl.net\\\/en\\\/about\\\/aefe-an-international-network\\\/#breadcrumb\"},\"inLanguage\":\"en-US\",\"potentialAction\":[{\"@type\":\"ReadAction\",\"target\":[\"https:\\\/\\\/www.lfsl.net\\\/en\\\/about\\\/aefe-an-international-network\\\/\"]}]},{\"@type\":\"ImageObject\",\"inLanguage\":\"en-US\",\"@id\":\"https:\\\/\\\/www.lfsl.net\\\/en\\\/about\\\/aefe-an-international-network\\\/#primaryimage\",\"url\":\"https:\\\/\\\/www.lfsl.net\\\/wp-content\\\/uploads\\\/2018\\\/11\\\/AEFE_bild.jpg\",\"contentUrl\":\"https:\\\/\\\/www.lfsl.net\\\/wp-content\\\/uploads\\\/2018\\\/11\\\/AEFE_bild.jpg\"},{\"@type\":\"BreadcrumbList\",\"@id\":\"https:\\\/\\\/www.lfsl.net\\\/en\\\/about\\\/aefe-an-international-network\\\/#breadcrumb\",\"itemListElement\":[{\"@type\":\"ListItem\",\"position\":1,\"name\":\"Home\",\"item\":\"https:\\\/\\\/www.lfsl.net\\\/en\\\/\"},{\"@type\":\"ListItem\",\"position\":2,\"name\":\"About\",\"item\":\"https:\\\/\\\/www.lfsl.net\\\/en\\\/about\\\/\"},{\"@type\":\"ListItem\",\"position\":3,\"name\":\"AEFE \u2013 an international network\"}]},{\"@type\":\"WebSite\",\"@id\":\"https:\\\/\\\/www.lfsl.net\\\/en\\\/#website\",\"url\":\"https:\\\/\\\/www.lfsl.net\\\/en\\\/\",\"name\":\"Lyc\u00e9e Fran\u00e7ais Saint Louis de Stockholm\",\"description\":\"\u00c9tablissement membre du r\u00e9seau AEFE\",\"publisher\":{\"@id\":\"https:\\\/\\\/www.lfsl.net\\\/en\\\/#organization\"},\"potentialAction\":[{\"@type\":\"SearchAction\",\"target\":{\"@type\":\"EntryPoint\",\"urlTemplate\":\"https:\\\/\\\/www.lfsl.net\\\/en\\\/?s={search_term_string}\"},\"query-input\":{\"@type\":\"PropertyValueSpecification\",\"valueRequired\":true,\"valueName\":\"search_term_string\"}}],\"inLanguage\":\"en-US\"},{\"@type\":\"Organization\",\"@id\":\"https:\\\/\\\/www.lfsl.net\\\/en\\\/#organization\",\"name\":\"Lyc\u00e9e Fran\u00e7ais Saint Louis\",\"url\":\"https:\\\/\\\/www.lfsl.net\\\/en\\\/\",\"logo\":{\"@type\":\"ImageObject\",\"inLanguage\":\"en-US\",\"@id\":\"https:\\\/\\\/www.lfsl.net\\\/en\\\/#\\\/schema\\\/logo\\\/image\\\/\",\"url\":\"https:\\\/\\\/www.lfsl.net\\\/wp-content\\\/uploads\\\/2021\\\/03\\\/LFSL-logo.jpg\",\"contentUrl\":\"https:\\\/\\\/www.lfsl.net\\\/wp-content\\\/uploads\\\/2021\\\/03\\\/LFSL-logo.jpg\",\"width\":330,\"height\":473,\"caption\":\"Lyc\u00e9e Fran\u00e7ais Saint Louis\"},\"image\":{\"@id\":\"https:\\\/\\\/www.lfsl.net\\\/en\\\/#\\\/schema\\\/logo\\\/image\\\/\"},\"sameAs\":[\"https:\\\/\\\/www.facebook.com\\\/Lyc\u00e9e-Francais-Saint-Louis-182116921840529\\\/\",\"https:\\\/\\\/www.instagram.com\\\/lyceefrancaisstockholm\\\/\",\"https:\\\/\\\/www.linkedin.com\\\/school\\\/lfsl\\\/\",\"https:\\\/\\\/www.youtube.com\\\/channel\\\/UCchS4IO4jE_YY0ILwn5NgGQ\"]}]}<\/script>\n<!-- \/ Yoast SEO plugin. -->","yoast_head_json":{"title":"AEFE \u2013 an international network &#8211; Lyc\u00e9e Fran\u00e7ais Saint Louis de Stockholm","robots":{"index":"index","follow":"follow","max-snippet":"max-snippet:-1","max-image-preview":"max-image-preview:large","max-video-preview":"max-video-preview:-1"},"canonical":"https:\/\/www.lfsl.net\/en\/about\/aefe-an-international-network\/","og_locale":"en_US","og_type":"article","og_title":"AEFE \u2013 an international network &#8211; Lyc\u00e9e Fran\u00e7ais Saint Louis de Stockholm","og_description":"AEFE is a public actor, which, under the auspices of the French Ministry for European and Foreign Affairs, coordinates the network of French educational establishments abroad, commonly known as &#8220;Lyc\u00e9e Fran\u00e7ais&#8221;. This network consists of over 600 accredited schools whose list is set by an annual joint arrangement of the Ministry of National Education and ... Read more","og_url":"https:\/\/www.lfsl.net\/en\/about\/aefe-an-international-network\/","og_site_name":"Lyc\u00e9e Fran\u00e7ais Saint Louis de Stockholm","article_publisher":"https:\/\/www.facebook.com\/Lyc%c3%a9e-Francais-Saint-Louis-182116921840529\/","article_modified_time":"2025-04-09T07:59:56+00:00","og_image":[{"url":"https:\/\/www.lfsl.net\/wp-content\/uploads\/2018\/11\/AEFE_bild.jpg","type":"","width":"","height":""}],"twitter_card":"summary_large_image","schema":{"@context":"https:\/\/schema.org","@graph":[{"@type":"WebPage","@id":"https:\/\/www.lfsl.net\/en\/about\/aefe-an-international-network\/","url":"https:\/\/www.lfsl.net\/en\/about\/aefe-an-international-network\/","name":"AEFE \u2013 an international network &#8211; Lyc\u00e9e Fran\u00e7ais Saint Louis de Stockholm","isPartOf":{"@id":"https:\/\/www.lfsl.net\/en\/#website"},"primaryImageOfPage":{"@id":"https:\/\/www.lfsl.net\/en\/about\/aefe-an-international-network\/#primaryimage"},"image":{"@id":"https:\/\/www.lfsl.net\/en\/about\/aefe-an-international-network\/#primaryimage"},"thumbnailUrl":"https:\/\/www.lfsl.net\/wp-content\/uploads\/2018\/11\/AEFE_bild.jpg","datePublished":"2018-10-31T08:07:42+00:00","dateModified":"2025-04-09T07:59:56+00:00","breadcrumb":{"@id":"https:\/\/www.lfsl.net\/en\/about\/aefe-an-international-network\/#breadcrumb"},"inLanguage":"en-US","potentialAction":[{"@type":"ReadAction","target":["https:\/\/www.lfsl.net\/en\/about\/aefe-an-international-network\/"]}]},{"@type":"ImageObject","inLanguage":"en-US","@id":"https:\/\/www.lfsl.net\/en\/about\/aefe-an-international-network\/#primaryimage","url":"https:\/\/www.lfsl.net\/wp-content\/uploads\/2018\/11\/AEFE_bild.jpg","contentUrl":"https:\/\/www.lfsl.net\/wp-content\/uploads\/2018\/11\/AEFE_bild.jpg"},{"@type":"BreadcrumbList","@id":"https:\/\/www.lfsl.net\/en\/about\/aefe-an-international-network\/#breadcrumb","itemListElement":[{"@type":"ListItem","position":1,"name":"Home","item":"https:\/\/www.lfsl.net\/en\/"},{"@type":"ListItem","position":2,"name":"About","item":"https:\/\/www.lfsl.net\/en\/about\/"},{"@type":"ListItem","position":3,"name":"AEFE \u2013 an international network"}]},{"@type":"WebSite","@id":"https:\/\/www.lfsl.net\/en\/#website","url":"https:\/\/www.lfsl.net\/en\/","name":"Lyc\u00e9e Fran\u00e7ais Saint Louis de Stockholm","description":"\u00c9tablissement membre du r\u00e9seau AEFE","publisher":{"@id":"https:\/\/www.lfsl.net\/en\/#organization"},"potentialAction":[{"@type":"SearchAction","target":{"@type":"EntryPoint","urlTemplate":"https:\/\/www.lfsl.net\/en\/?s={search_term_string}"},"query-input":{"@type":"PropertyValueSpecification","valueRequired":true,"valueName":"search_term_string"}}],"inLanguage":"en-US"},{"@type":"Organization","@id":"https:\/\/www.lfsl.net\/en\/#organization","name":"Lyc\u00e9e Fran\u00e7ais Saint Louis","url":"https:\/\/www.lfsl.net\/en\/","logo":{"@type":"ImageObject","inLanguage":"en-US","@id":"https:\/\/www.lfsl.net\/en\/#\/schema\/logo\/image\/","url":"https:\/\/www.lfsl.net\/wp-content\/uploads\/2021\/03\/LFSL-logo.jpg","contentUrl":"https:\/\/www.lfsl.net\/wp-content\/uploads\/2021\/03\/LFSL-logo.jpg","width":330,"height":473,"caption":"Lyc\u00e9e Fran\u00e7ais Saint Louis"},"image":{"@id":"https:\/\/www.lfsl.net\/en\/#\/schema\/logo\/image\/"},"sameAs":["https:\/\/www.facebook.com\/Lyc\u00e9e-Francais-Saint-Louis-182116921840529\/","https:\/\/www.instagram.com\/lyceefrancaisstockholm\/","https:\/\/www.linkedin.com\/school\/lfsl\/","https:\/\/www.youtube.com\/channel\/UCchS4IO4jE_YY0ILwn5NgGQ"]}]}},"_links":{"self":[{"href":"https:\/\/www.lfsl.net\/en\/wp-json\/wp\/v2\/pages\/1456","targetHints":{"allow":["GET"]}}],"collection":[{"href":"https:\/\/www.lfsl.net\/en\/wp-json\/wp\/v2\/pages"}],"about":[{"href":"https:\/\/www.lfsl.net\/en\/wp-json\/wp\/v2\/types\/page"}],"author":[{"embeddable":true,"href":"https:\/\/www.lfsl.net\/en\/wp-json\/wp\/v2\/users\/1"}],"replies":[{"embeddable":true,"href":"https:\/\/www.lfsl.net\/en\/wp-json\/wp\/v2\/comments?post=1456"}],"version-history":[{"count":26,"href":"https:\/\/www.lfsl.net\/en\/wp-json\/wp\/v2\/pages\/1456\/revisions"}],"predecessor-version":[{"id":22223,"href":"https:\/\/www.lfsl.net\/en\/wp-json\/wp\/v2\/pages\/1456\/revisions\/22223"}],"up":[{"embeddable":true,"href":"https:\/\/www.lfsl.net\/en\/wp-json\/wp\/v2\/pages\/1462"}],"wp:attachment":[{"href":"https:\/\/www.lfsl.net\/en\/wp-json\/wp\/v2\/media?parent=1456"}],"curies":[{"name":"wp","href":"https:\/\/api.w.org\/{rel}","templated":true}]}}