{"id":1471,"date":"2018-10-31T08:37:24","date_gmt":"2018-10-31T08:37:24","guid":{"rendered":"http:\/\/lfsl.net.hemsida.eu\/?page_id=1471"},"modified":"2026-02-19T15:31:33","modified_gmt":"2026-02-19T15:31:33","slug":"admissions-process","status":"publish","type":"page","link":"https:\/\/www.lfsl.net\/en\/admissions\/admissions-process\/","title":{"rendered":"Admissions Process"},"content":{"rendered":"\n<div class=\"wp-block-media-text alignwide is-stacked-on-mobile\"><figure class=\"wp-block-media-text__media\"><img loading=\"lazy\" decoding=\"async\" width=\"300\" height=\"200\" src=\"https:\/\/www.lfsl.net\/wp-content\/uploads\/2019\/02\/Inscription_2-300x200.jpg\" alt=\"\" class=\"wp-image-2086 size-full\" srcset=\"https:\/\/www.lfsl.net\/wp-content\/uploads\/2019\/02\/Inscription_2-300x200.jpg 300w, https:\/\/www.lfsl.net\/wp-content\/uploads\/2019\/02\/Inscription_2-768x512.jpg 768w, https:\/\/www.lfsl.net\/wp-content\/uploads\/2019\/02\/Inscription_2-1024x682.jpg 1024w, https:\/\/www.lfsl.net\/wp-content\/uploads\/2019\/02\/Inscription_2.jpg 1160w\" sizes=\"auto, (max-width: 300px) 100vw, 300px\" \/><\/figure><div class=\"wp-block-media-text__content\">\n<h1 class=\"wp-block-heading\"><strong>ENROLMENT 2026-2027<\/strong><\/h1>\n\n\n\n<h3 class=\"wp-block-heading\">The student ENROLMENT campaign for the school year 2026-2027 is now OPEN<\/h3>\n\n\n\n<p>Applications are submitted via the <a href=\"https:\/\/lfsl.eduka.school\/\">Eduka <\/a>platform.<\/p>\n\n\n\n<p><br><\/p>\n<\/div><\/div>\n\n\n\n<h3 class=\"wp-block-heading\">Admissions<\/h3>\n\n\n\n<p>For any registration request, please contact: <a href=\"mailto:admissions@lfsl.net\">admissions@lfsl.net<\/a><\/p>\n\n\n\n<p><a href=\"https:\/\/www.lfsl.net\/wp-content\/uploads\/2026\/02\/Courrier_APE_LFSL_Modification_choix_E-mail_FR_SE_Final_26-27.pdf\" target=\"_blank\" rel=\"noreferrer noopener\">A word from the parent&#8217;s association \/ APE<\/a> (in Swedish and French)<br><br>For any further information or questions about our operation, please contact <a href=\"Maito:jffournier@lfsl.net\">Admissions<\/a><\/p>\n\n\n\n<p>N.B With regard to the &#8220;f\u00f6rskola&#8221; (pre-school structure), you access the waiting list through the <a href=\"https:\/\/forskola.stockholm\/hitta-forskola\/forskola\/lycee-francais-saint-louis-forskola\/\">registration portal of the city of Stockholm<\/a>.<\/p>\n\n\n\n<p>To do this, you must be registered in Sweden and have a Swedish electronic legitimation.<\/p>\n\n\n\n<hr class=\"wp-block-separator has-alpha-channel-opacity\"\/>\n\n\n\n<h3 class=\"wp-block-heading\"><strong>LYC\u00c9E FRAN\u00c7AIS SAINT LOUIS, ITS MISSION: <\/strong><\/h3>\n\n\n\n<p>The mission of the Lyc\u00e9e Fran\u00e7ais Saint Louis, which is part of the AEFE international network, is triple:<br><br> \u2022 to educate French children resident in Sweden, <br> \u2022 to educate children in Sweden whose families have chosen to follow the French school system, <br> \u2022 to educate school children with another citizenship, whose family has chosen the French school system<br><br> Our goal is to promote the French language and culture at school, as well as to enable students to discover our hosting country Sweden and its culture. <br> We follow the French Ministry of Education&#8217;s national curriculum and are thus entitled to offer the French degrees such as DNB &#8211; Dipl\u00f4me National du Brevet &#8211; at the end of 3\u00e8me, the Baccalaur\u00e9at and the Swedish OIB at the end of Terminale (last year in high school).<br><\/p>\n\n\n\n<p>At the school, teaching is also given in Swedish: <a aria-label=\"Swedish teaching at LFSL (opens in a new tab)\" href=\"https:\/\/www.lfsl.net\/en\/school-program\/swedish-teaching\/\" target=\"_blank\" rel=\"noreferrer noopener\">Swedish teaching at LFSL<\/a><\/p>\n\n\n\n<hr class=\"wp-block-separator has-alpha-channel-opacity\"\/>\n\n\n\n<div class=\"wp-block-columns has-2-columns is-layout-flex wp-container-core-columns-is-layout-9d6595d7 wp-block-columns-is-layout-flex\">\n<div class=\"wp-block-column is-layout-flow wp-block-column-is-layout-flow\">\n<h3 class=\"wp-block-heading\">PRIMARY SCHOOL<\/h3>\n\n\n\n<p>Admission to the classes in primary school prioritizes children with the following profile: <\/p>\n\n\n\n<p>\u2022 children of French families living in Sweden for a limited time, coming from the French school system (eg. a school in France or school within the AEFE network), <br><br>\u2022 children of families from a third country, who live in Sweden for a limited time and who belong to the French school system (eg. a school in France or a school within the AEFE network), <br><br>\u2022 children who have siblings who are already enrolled at the school <br>\u2022 in CP, children who have attended our pre-school, F\u00f6rskolan Lyc\u00e9e Fran\u00e7ais Saint Louis, <br><br>\u2022 time the child has been on the waiting list, <br> \u2022 Other cases. <\/p>\n<\/div>\n\n\n\n<div class=\"wp-block-column is-layout-flow wp-block-column-is-layout-flow\">\n<h3 class=\"wp-block-heading\"><strong>HIGH SCHOOL<\/strong><\/h3>\n\n\n\n<p>Enrollment in upper secondary school mainly applies to children with the following profile:<\/p>\n\n\n\n<p> \u2022 Children from French families living in Sweden for a limited time, coming from the French school system (eg a school in France or a school within the AEFE network), <br><br> \u2022 Children from families from a third country who live in Sweden for a limited time and who have entered the French school system (eg a school in France or a school within the AEFE network),<br><br> \u2022 Children from Swedish families, who have completed their entire schooling in the French school system and have chosen to study for a French Baccalaur\u00e9at. <\/p>\n<\/div>\n<\/div>\n\n\n\n<p><strong>Important:<\/strong><br>All children who do not come from the French school system must undergo a level assessment, which determines the possibility of enrolment.<\/p>\n\n\n\n<hr class=\"wp-block-separator has-alpha-channel-opacity\"\/>\n\n\n\n<h3 class=\"wp-block-heading\"><strong>ADMISSION FEE <\/strong><\/h3>\n\n\n\n<p>Together with the place offer you will receive: <br><br> \u2022 An invoice for registration fee of SEK 1890 (2026-2027) <br> \u2022 An economic regulation (see explanations below) <br>The enrolment comes into effect when the payment of the registration fee and the approval of the financial regulation have been submitted to LFSL. <br> <br>Documents for students with special needs: <br><a href=\"https:\/\/www.lfsl.net\/wp-content\/uploads\/2019\/02\/2017-brochure-accueil-eleves-besoins-educatifs-particuliers.pdf\">2017-brochure-accueil-eleves-besoins-educatifs-particuliers<\/a> <br><a href=\"https:\/\/www.lfsl.net\/wp-content\/uploads\/2019\/02\/scolarisation-%C3%A9l%C3%A8ves-parcours-de-sclarisation.pdf\">Scolarisation \u00e9l\u00e8ves parcours de scolarisation<\/a> <br><br>The school is open to children of all nationalities. But from CP (6 years) good knowledge in French is essential. <br>The admission is based on our capacity (number of students) where the students who are already following the French school system and who are approved at the level stated on the certificate of termination (exeat) and with approved grades are prioritized.<\/p>\n\n\n\n<hr class=\"wp-block-separator has-alpha-channel-opacity\"\/>\n\n\n\n<h3 class=\"wp-block-heading\"> <strong>ADMISSION<\/strong><\/h3>\n\n\n\n<p>All children who do not come from the French school system must undergo a level test. <br>Documents to be submitted when applying for enrolment :<br><br>For families living in France or coming from a school within the AEFE network: <br> <br>\u2022 Evidence of the student&#8217;s citizenship (copy of identity card or passport), <br>\u2022 A copy of the family booklet (marriage and child), <br>\u2022 a diploma from the previous school <br>\u2022 A copy of the grades for the current year, as well as the 3rd term of the previous year, <br>\u2022 In the case of divorce \/ legal separation, an official document stating the child&#8217;s guardian. <br> <br>For families resident in Sweden: <br>\u2022 Evidence of the student&#8217;s citizenship, &#8220;personbevis&#8221;. <\/p>\n\n\n\n<hr class=\"wp-block-separator has-alpha-channel-opacity\"\/>\n\n\n\n<h3 class=\"wp-block-heading\"><strong>BEFORE SCHOOL START<\/strong> <\/h3>\n\n\n\n<p>A certificate that the student has left the previous school (exeat), the entire school folder including the previous school&#8217;s approval to move up to the next class, as well as the health documentation. <br><br>Lyc\u00e9e Fran\u00e7ais Saint Louis de Stockholm<br>Registration<br>Essingestr\u00e5ket 24<br>112 66 Stockholm <br> <br>T\u00e9l. : +46 8 441 30 30 <br>E-mail :&nbsp;secretariat[a]lfsl.net <br><\/p>\n\n\n\n<hr class=\"wp-block-separator has-alpha-channel-opacity\"\/>\n\n\n\n<h3 class=\"wp-block-heading\">f\u00f6rskolan &#8211; Preschool lfsl<\/h3>\n\n\n\n<h4 class=\"wp-block-heading\">APPLYING FOR A PLACE<\/h4>\n\n\n\n<p>To put your child in the queue for our preschool, please go to:&nbsp;<a href=\"https:\/\/forskola.stockholm\/sok-plats-pa-forskolan\/\">https:\/\/forskola.stockholm\/sok-plats-pa-forskolan\/<\/a>. In order to register your child for the queue, the child must have a Swedish personal identity number. The application is made digitally via Bank ID or in writing on a form.<\/p>\n\n\n\n<p>The allocation of places is based on the capacity of the preschool and according to the following priority criteria:<br>1) Sibling priority (brothers and sisters already attending the preschool)<br>2) Registration date in the queue<\/p>\n\n\n\n<p>N.B Families who are not registered in Sweden can call or email Kontaktcenter F\u00f6rskola i Stockholms stad for more information. Phone: +46 (8) 508 11 550<br>E-mail:&nbsp;<a href=\"mailto:forskola@stockholm.se\"><u>forskola@stockholm.se<\/u><\/a><\/p>\n\n\n\n<p>The preschool fee is calculated according to the City of Stockholm\u2019s \u201cmaxtaxa\u201d, which is linked to the family\u2019s income.<\/p>\n\n\n\n<p><strong>Important:<\/strong><\/p>\n\n\n\n<ul class=\"wp-block-list\">\n<li>A place at the preschool does not automatically guarantee a place for the child at the International school.<\/li>\n\n\n\n<li>As the preschool enrolment process is separate from the International school, this means that siblings may be offered a place at the International school, but not always at the preschool.<\/li>\n<\/ul>\n\n\n\n<p><\/p>\n\n\n\n<p><\/p>\n\n\n\n<p><br><br><\/p>\n\n\n\n<p><\/p>\n\n\n\n<p><\/p>\n\n\n\n<p><\/p>\n\n\n\n<p><\/p>\n\n\n\n<p><\/p>\n\n\n\n<p><\/p>\n\n\n\n<p><\/p>\n\n\n\n<p><\/p>\n\n\n\n<p><\/p>\n\n\n\n<p><\/p>\n\n\n\n<p><\/p>\n\n\n\n<p><\/p>\n\n\n\n<p><\/p>\n","protected":false},"excerpt":{"rendered":"<p>ENROLMENT 2026-2027 The student ENROLMENT campaign for the school year 2026-2027 is now OPEN Applications are submitted via the Eduka platform. Admissions For any registration request, please contact: admissions@lfsl.net A word from the parent&#8217;s association \/ APE (in Swedish and French) For any further information or questions about our operation, please contact Admissions N.B With &#8230; <\/p>\n<p class=\"read-more-container\"><a title=\"Admissions Process\" class=\"read-more button\" href=\"https:\/\/www.lfsl.net\/en\/admissions\/admissions-process\/#more-1471\" aria-label=\"Read more about Admissions Process\">Read more<\/a><\/p>\n","protected":false},"author":1,"featured_media":0,"parent":1469,"menu_order":0,"comment_status":"closed","ping_status":"closed","template":"","meta":{"footnotes":""},"class_list":["post-1471","page","type-page","status-publish"],"yoast_head":"<!-- This site is optimized with the Yoast SEO plugin v27.4 - https:\/\/yoast.com\/product\/yoast-seo-wordpress\/ -->\n<title>Admissions Process &#8211; Lyc\u00e9e Fran\u00e7ais Saint Louis de Stockholm<\/title>\n<meta name=\"robots\" content=\"index, follow, max-snippet:-1, max-image-preview:large, max-video-preview:-1\" \/>\n<link rel=\"canonical\" href=\"https:\/\/www.lfsl.net\/en\/admissions\/admissions-process\/\" \/>\n<meta property=\"og:locale\" content=\"en_US\" \/>\n<meta property=\"og:type\" content=\"article\" \/>\n<meta property=\"og:title\" content=\"Admissions Process &#8211; Lyc\u00e9e Fran\u00e7ais Saint Louis de Stockholm\" \/>\n<meta property=\"og:description\" content=\"ENROLMENT 2026-2027 The student ENROLMENT campaign for the school year 2026-2027 is now OPEN Applications are submitted via the Eduka platform. Admissions For any registration request, please contact: admissions@lfsl.net A word from the parent&#8217;s association \/ APE (in Swedish and French) For any further information or questions about our operation, please contact Admissions N.B With ... Read more\" \/>\n<meta property=\"og:url\" content=\"https:\/\/www.lfsl.net\/en\/admissions\/admissions-process\/\" \/>\n<meta property=\"og:site_name\" content=\"Lyc\u00e9e Fran\u00e7ais Saint Louis de Stockholm\" \/>\n<meta property=\"article:publisher\" content=\"https:\/\/www.facebook.com\/Lyc%c3%a9e-Francais-Saint-Louis-182116921840529\/\" \/>\n<meta property=\"article:modified_time\" content=\"2026-02-19T15:31:33+00:00\" \/>\n<meta property=\"og:image\" content=\"https:\/\/www.lfsl.net\/wp-content\/uploads\/2019\/02\/Inscription_2.jpg\" \/>\n\t<meta property=\"og:image:width\" content=\"1160\" \/>\n\t<meta property=\"og:image:height\" content=\"773\" \/>\n\t<meta property=\"og:image:type\" content=\"image\/jpeg\" \/>\n<meta name=\"twitter:card\" content=\"summary_large_image\" \/>\n<script type=\"application\/ld+json\" class=\"yoast-schema-graph\">{\"@context\":\"https:\\\/\\\/schema.org\",\"@graph\":[{\"@type\":\"WebPage\",\"@id\":\"https:\\\/\\\/www.lfsl.net\\\/en\\\/admissions\\\/admissions-process\\\/\",\"url\":\"https:\\\/\\\/www.lfsl.net\\\/en\\\/admissions\\\/admissions-process\\\/\",\"name\":\"Admissions Process &#8211; Lyc\u00e9e Fran\u00e7ais Saint Louis de Stockholm\",\"isPartOf\":{\"@id\":\"https:\\\/\\\/www.lfsl.net\\\/en\\\/#website\"},\"primaryImageOfPage\":{\"@id\":\"https:\\\/\\\/www.lfsl.net\\\/en\\\/admissions\\\/admissions-process\\\/#primaryimage\"},\"image\":{\"@id\":\"https:\\\/\\\/www.lfsl.net\\\/en\\\/admissions\\\/admissions-process\\\/#primaryimage\"},\"thumbnailUrl\":\"https:\\\/\\\/www.lfsl.net\\\/wp-content\\\/uploads\\\/2019\\\/02\\\/Inscription_2-300x200.jpg\",\"datePublished\":\"2018-10-31T08:37:24+00:00\",\"dateModified\":\"2026-02-19T15:31:33+00:00\",\"breadcrumb\":{\"@id\":\"https:\\\/\\\/www.lfsl.net\\\/en\\\/admissions\\\/admissions-process\\\/#breadcrumb\"},\"inLanguage\":\"en-US\",\"potentialAction\":[{\"@type\":\"ReadAction\",\"target\":[\"https:\\\/\\\/www.lfsl.net\\\/en\\\/admissions\\\/admissions-process\\\/\"]}]},{\"@type\":\"ImageObject\",\"inLanguage\":\"en-US\",\"@id\":\"https:\\\/\\\/www.lfsl.net\\\/en\\\/admissions\\\/admissions-process\\\/#primaryimage\",\"url\":\"https:\\\/\\\/www.lfsl.net\\\/wp-content\\\/uploads\\\/2019\\\/02\\\/Inscription_2-300x200.jpg\",\"contentUrl\":\"https:\\\/\\\/www.lfsl.net\\\/wp-content\\\/uploads\\\/2019\\\/02\\\/Inscription_2-300x200.jpg\"},{\"@type\":\"BreadcrumbList\",\"@id\":\"https:\\\/\\\/www.lfsl.net\\\/en\\\/admissions\\\/admissions-process\\\/#breadcrumb\",\"itemListElement\":[{\"@type\":\"ListItem\",\"position\":1,\"name\":\"Home\",\"item\":\"https:\\\/\\\/www.lfsl.net\\\/en\\\/\"},{\"@type\":\"ListItem\",\"position\":2,\"name\":\"Admissions\",\"item\":\"https:\\\/\\\/www.lfsl.net\\\/en\\\/admissions\\\/\"},{\"@type\":\"ListItem\",\"position\":3,\"name\":\"Admissions Process\"}]},{\"@type\":\"WebSite\",\"@id\":\"https:\\\/\\\/www.lfsl.net\\\/en\\\/#website\",\"url\":\"https:\\\/\\\/www.lfsl.net\\\/en\\\/\",\"name\":\"Lyc\u00e9e Fran\u00e7ais Saint Louis de Stockholm\",\"description\":\"\u00c9tablissement membre du r\u00e9seau AEFE\",\"publisher\":{\"@id\":\"https:\\\/\\\/www.lfsl.net\\\/en\\\/#organization\"},\"potentialAction\":[{\"@type\":\"SearchAction\",\"target\":{\"@type\":\"EntryPoint\",\"urlTemplate\":\"https:\\\/\\\/www.lfsl.net\\\/en\\\/?s={search_term_string}\"},\"query-input\":{\"@type\":\"PropertyValueSpecification\",\"valueRequired\":true,\"valueName\":\"search_term_string\"}}],\"inLanguage\":\"en-US\"},{\"@type\":\"Organization\",\"@id\":\"https:\\\/\\\/www.lfsl.net\\\/en\\\/#organization\",\"name\":\"Lyc\u00e9e Fran\u00e7ais Saint Louis\",\"url\":\"https:\\\/\\\/www.lfsl.net\\\/en\\\/\",\"logo\":{\"@type\":\"ImageObject\",\"inLanguage\":\"en-US\",\"@id\":\"https:\\\/\\\/www.lfsl.net\\\/en\\\/#\\\/schema\\\/logo\\\/image\\\/\",\"url\":\"https:\\\/\\\/www.lfsl.net\\\/wp-content\\\/uploads\\\/2021\\\/03\\\/LFSL-logo.jpg\",\"contentUrl\":\"https:\\\/\\\/www.lfsl.net\\\/wp-content\\\/uploads\\\/2021\\\/03\\\/LFSL-logo.jpg\",\"width\":330,\"height\":473,\"caption\":\"Lyc\u00e9e Fran\u00e7ais Saint Louis\"},\"image\":{\"@id\":\"https:\\\/\\\/www.lfsl.net\\\/en\\\/#\\\/schema\\\/logo\\\/image\\\/\"},\"sameAs\":[\"https:\\\/\\\/www.facebook.com\\\/Lyc\u00e9e-Francais-Saint-Louis-182116921840529\\\/\",\"https:\\\/\\\/www.instagram.com\\\/lyceefrancaisstockholm\\\/\",\"https:\\\/\\\/www.linkedin.com\\\/school\\\/lfsl\\\/\",\"https:\\\/\\\/www.youtube.com\\\/channel\\\/UCchS4IO4jE_YY0ILwn5NgGQ\"]}]}<\/script>\n<!-- \/ Yoast SEO plugin. -->","yoast_head_json":{"title":"Admissions Process &#8211; Lyc\u00e9e Fran\u00e7ais Saint Louis de Stockholm","robots":{"index":"index","follow":"follow","max-snippet":"max-snippet:-1","max-image-preview":"max-image-preview:large","max-video-preview":"max-video-preview:-1"},"canonical":"https:\/\/www.lfsl.net\/en\/admissions\/admissions-process\/","og_locale":"en_US","og_type":"article","og_title":"Admissions Process &#8211; Lyc\u00e9e Fran\u00e7ais Saint Louis de Stockholm","og_description":"ENROLMENT 2026-2027 The student ENROLMENT campaign for the school year 2026-2027 is now OPEN Applications are submitted via the Eduka platform. Admissions For any registration request, please contact: admissions@lfsl.net A word from the parent&#8217;s association \/ APE (in Swedish and French) For any further information or questions about our operation, please contact Admissions N.B With ... Read more","og_url":"https:\/\/www.lfsl.net\/en\/admissions\/admissions-process\/","og_site_name":"Lyc\u00e9e Fran\u00e7ais Saint Louis de Stockholm","article_publisher":"https:\/\/www.facebook.com\/Lyc%c3%a9e-Francais-Saint-Louis-182116921840529\/","article_modified_time":"2026-02-19T15:31:33+00:00","og_image":[{"width":1160,"height":773,"url":"https:\/\/www.lfsl.net\/wp-content\/uploads\/2019\/02\/Inscription_2.jpg","type":"image\/jpeg"}],"twitter_card":"summary_large_image","schema":{"@context":"https:\/\/schema.org","@graph":[{"@type":"WebPage","@id":"https:\/\/www.lfsl.net\/en\/admissions\/admissions-process\/","url":"https:\/\/www.lfsl.net\/en\/admissions\/admissions-process\/","name":"Admissions Process &#8211; Lyc\u00e9e Fran\u00e7ais Saint Louis de Stockholm","isPartOf":{"@id":"https:\/\/www.lfsl.net\/en\/#website"},"primaryImageOfPage":{"@id":"https:\/\/www.lfsl.net\/en\/admissions\/admissions-process\/#primaryimage"},"image":{"@id":"https:\/\/www.lfsl.net\/en\/admissions\/admissions-process\/#primaryimage"},"thumbnailUrl":"https:\/\/www.lfsl.net\/wp-content\/uploads\/2019\/02\/Inscription_2-300x200.jpg","datePublished":"2018-10-31T08:37:24+00:00","dateModified":"2026-02-19T15:31:33+00:00","breadcrumb":{"@id":"https:\/\/www.lfsl.net\/en\/admissions\/admissions-process\/#breadcrumb"},"inLanguage":"en-US","potentialAction":[{"@type":"ReadAction","target":["https:\/\/www.lfsl.net\/en\/admissions\/admissions-process\/"]}]},{"@type":"ImageObject","inLanguage":"en-US","@id":"https:\/\/www.lfsl.net\/en\/admissions\/admissions-process\/#primaryimage","url":"https:\/\/www.lfsl.net\/wp-content\/uploads\/2019\/02\/Inscription_2-300x200.jpg","contentUrl":"https:\/\/www.lfsl.net\/wp-content\/uploads\/2019\/02\/Inscription_2-300x200.jpg"},{"@type":"BreadcrumbList","@id":"https:\/\/www.lfsl.net\/en\/admissions\/admissions-process\/#breadcrumb","itemListElement":[{"@type":"ListItem","position":1,"name":"Home","item":"https:\/\/www.lfsl.net\/en\/"},{"@type":"ListItem","position":2,"name":"Admissions","item":"https:\/\/www.lfsl.net\/en\/admissions\/"},{"@type":"ListItem","position":3,"name":"Admissions Process"}]},{"@type":"WebSite","@id":"https:\/\/www.lfsl.net\/en\/#website","url":"https:\/\/www.lfsl.net\/en\/","name":"Lyc\u00e9e Fran\u00e7ais Saint Louis de Stockholm","description":"\u00c9tablissement membre du r\u00e9seau AEFE","publisher":{"@id":"https:\/\/www.lfsl.net\/en\/#organization"},"potentialAction":[{"@type":"SearchAction","target":{"@type":"EntryPoint","urlTemplate":"https:\/\/www.lfsl.net\/en\/?s={search_term_string}"},"query-input":{"@type":"PropertyValueSpecification","valueRequired":true,"valueName":"search_term_string"}}],"inLanguage":"en-US"},{"@type":"Organization","@id":"https:\/\/www.lfsl.net\/en\/#organization","name":"Lyc\u00e9e Fran\u00e7ais Saint Louis","url":"https:\/\/www.lfsl.net\/en\/","logo":{"@type":"ImageObject","inLanguage":"en-US","@id":"https:\/\/www.lfsl.net\/en\/#\/schema\/logo\/image\/","url":"https:\/\/www.lfsl.net\/wp-content\/uploads\/2021\/03\/LFSL-logo.jpg","contentUrl":"https:\/\/www.lfsl.net\/wp-content\/uploads\/2021\/03\/LFSL-logo.jpg","width":330,"height":473,"caption":"Lyc\u00e9e Fran\u00e7ais Saint Louis"},"image":{"@id":"https:\/\/www.lfsl.net\/en\/#\/schema\/logo\/image\/"},"sameAs":["https:\/\/www.facebook.com\/Lyc\u00e9e-Francais-Saint-Louis-182116921840529\/","https:\/\/www.instagram.com\/lyceefrancaisstockholm\/","https:\/\/www.linkedin.com\/school\/lfsl\/","https:\/\/www.youtube.com\/channel\/UCchS4IO4jE_YY0ILwn5NgGQ"]}]}},"_links":{"self":[{"href":"https:\/\/www.lfsl.net\/en\/wp-json\/wp\/v2\/pages\/1471","targetHints":{"allow":["GET"]}}],"collection":[{"href":"https:\/\/www.lfsl.net\/en\/wp-json\/wp\/v2\/pages"}],"about":[{"href":"https:\/\/www.lfsl.net\/en\/wp-json\/wp\/v2\/types\/page"}],"author":[{"embeddable":true,"href":"https:\/\/www.lfsl.net\/en\/wp-json\/wp\/v2\/users\/1"}],"replies":[{"embeddable":true,"href":"https:\/\/www.lfsl.net\/en\/wp-json\/wp\/v2\/comments?post=1471"}],"version-history":[{"count":100,"href":"https:\/\/www.lfsl.net\/en\/wp-json\/wp\/v2\/pages\/1471\/revisions"}],"predecessor-version":[{"id":24993,"href":"https:\/\/www.lfsl.net\/en\/wp-json\/wp\/v2\/pages\/1471\/revisions\/24993"}],"up":[{"embeddable":true,"href":"https:\/\/www.lfsl.net\/en\/wp-json\/wp\/v2\/pages\/1469"}],"wp:attachment":[{"href":"https:\/\/www.lfsl.net\/en\/wp-json\/wp\/v2\/media?parent=1471"}],"curies":[{"name":"wp","href":"https:\/\/api.w.org\/{rel}","templated":true}]}}