{"id":1474,"date":"2018-10-31T08:38:42","date_gmt":"2018-10-31T08:38:42","guid":{"rendered":"http:\/\/lfsl.net.hemsida.eu\/?page_id=1474"},"modified":"2026-02-17T14:52:12","modified_gmt":"2026-02-17T14:52:12","slug":"tuition-and-fees","status":"publish","type":"page","link":"https:\/\/www.lfsl.net\/en\/admissions\/tuition-and-fees\/","title":{"rendered":"Tuition and Fees"},"content":{"rendered":"\n<div class=\"wp-block-media-text alignwide is-stacked-on-mobile\"><figure class=\"wp-block-media-text__media\"><img loading=\"lazy\" decoding=\"async\" width=\"1024\" height=\"682\" src=\"https:\/\/www.lfsl.net\/wp-content\/uploads\/2019\/02\/Money_2-1-1024x682.jpg\" alt=\"\" class=\"wp-image-2108 size-full\" srcset=\"https:\/\/www.lfsl.net\/wp-content\/uploads\/2019\/02\/Money_2-1-1024x682.jpg 1024w, https:\/\/www.lfsl.net\/wp-content\/uploads\/2019\/02\/Money_2-1-300x200.jpg 300w, https:\/\/www.lfsl.net\/wp-content\/uploads\/2019\/02\/Money_2-1-768x512.jpg 768w, https:\/\/www.lfsl.net\/wp-content\/uploads\/2019\/02\/Money_2-1.jpg 1160w\" sizes=\"auto, (max-width: 1024px) 100vw, 1024px\" \/><\/figure><div class=\"wp-block-media-text__content\">\n<p><strong>The annual school fees 2025-2026 for children with a Swedish social security number *, who are registered in Sweden and for whom the school receives subsidies from the municipalities , are:<\/strong><\/p>\n\n\n\n<p><strong>\u2022 12 125 SEK \/ <\/strong>CP to CM2 (Elementary school) <strong><br>\u2022 13 350 SEK \/ <\/strong>from 6\u00e8me to 3\u00e8me (Upper secondary school) <strong><br>\u2022 15 175 SEK \/ <\/strong>from 2nd to 12 (High school)<\/p>\n\n\n\n<p>* not included &#8220;coordination number&#8221;, &#8220;temporary social security number&#8221; or the child whose application for public registration has not yet been validated by the local authorities.<\/p>\n<\/div><\/div>\n\n\n\n<p><strong>The annual school fees 2026-2027 for children with a Swedish social security number *, who are registered in Sweden and for whom the school receives subsidies from the municipalities , are:<\/strong><\/p>\n\n\n\n<p><strong>\u2022 14 550 SEK \/ <\/strong>CP to CM2 (Elementary school) <strong><br>\u2022 16 020 SEK \/ <\/strong>from 6\u00e8me to 3\u00e8me (Upper secondary school) <strong><br>\u2022 18 210 SEK \/ <\/strong>from 2nd to 12 (High school)<\/p>\n\n\n\n<p>* not included &#8220;coordination number&#8221;, &#8220;temporary social security number&#8221; or the child whose application for public registration has not yet been validated by the local authorities.<\/p>\n\n\n\n<h3 class=\"wp-block-heading\">FULL FEE<\/h3>\n\n\n\n<p>For children at High School whose parents are not EU \/ ESS \/ Swiss citizens as well as children, at all levels, for which the school has not received a guarantee that the municipalities provide subsidies at the date the place is offered, the annual school fee is <strong>SEK 154 400<\/strong> for the school year 2025-2026 <br>(<strong>157 590 SEK<\/strong> for the school year 2026-2027)<br>Reimbursement can then be made in proportion to the subsidies that the school may receive from the municipality later in the school year. <br>If the student does not obtain any personal identification number, the full fee must be paid.<br><\/p>\n\n\n\n<h3 class=\"wp-block-heading\">DISCOUNT FOR FAMILIES WITH MANY CHILDREN<\/h3>\n\n\n\n<p>A discount on the school fee is given to families with several children at our school. <br>The discount is given from the first class (CP); 15% for the third child, 20% for the fourth child, 25% for the fifth and additional children. <br><\/p>\n\n\n\n<h3 class=\"wp-block-heading\">TUITION FEES FOR EACH MONTH<\/h3>\n\n\n\n<p>In the event of late arrival or early departure of the student, LFSL will invoice the tuition fees on a pro rata basis for the period of enrolment, on the basis of the full month and at an amount equivalent to 1\/10th of the annual tuition fees per month started, plus any months of notice not respected.<br><br>The school fees are determined and can be adjusted by the Board of the Lyc\u00e9e Fran\u00e7ais Saint Louis Foundation. They are billed in two instalments; one invoice for the autumn term and one invoice for the spring term.<\/p>\n\n\n\n<h3 class=\"wp-block-heading\">Fees for &#8220;F\u00f6rskola&#8221; et &#8220;P\u00e9riscolaire-Fritids&#8221;<\/h3>\n\n\n\n<p>Lyc\u00e9e Fran\u00e7ais pre-school and &#8220;P\u00e9riscolaire-Fritids&#8221; apply &#8220;max-taxa&#8221;, a fee set by Stockholms Stad, based on the household&#8217;s income, with a cost ceiling.<\/p>\n","protected":false},"excerpt":{"rendered":"<p>The annual school fees 2025-2026 for children with a Swedish social security number *, who are registered in Sweden and for whom the school receives subsidies from the municipalities , are: \u2022 12 125 SEK \/ CP to CM2 (Elementary school) \u2022 13 350 SEK \/ from 6\u00e8me to 3\u00e8me (Upper secondary school) \u2022 15 &#8230; <\/p>\n<p class=\"read-more-container\"><a title=\"Tuition and Fees\" class=\"read-more button\" href=\"https:\/\/www.lfsl.net\/en\/admissions\/tuition-and-fees\/#more-1474\" aria-label=\"Read more about Tuition and Fees\">Read more<\/a><\/p>\n","protected":false},"author":1,"featured_media":0,"parent":1469,"menu_order":0,"comment_status":"closed","ping_status":"closed","template":"","meta":{"footnotes":""},"class_list":["post-1474","page","type-page","status-publish"],"yoast_head":"<!-- This site is optimized with the Yoast SEO plugin v27.4 - https:\/\/yoast.com\/product\/yoast-seo-wordpress\/ -->\n<title>Tuition and Fees &#8211; Lyc\u00e9e Fran\u00e7ais Saint Louis de Stockholm<\/title>\n<meta name=\"robots\" content=\"index, follow, max-snippet:-1, max-image-preview:large, max-video-preview:-1\" \/>\n<link rel=\"canonical\" href=\"https:\/\/www.lfsl.net\/en\/admissions\/tuition-and-fees\/\" \/>\n<meta property=\"og:locale\" content=\"en_US\" \/>\n<meta property=\"og:type\" content=\"article\" \/>\n<meta property=\"og:title\" content=\"Tuition and Fees &#8211; Lyc\u00e9e Fran\u00e7ais Saint Louis de Stockholm\" \/>\n<meta property=\"og:description\" content=\"The annual school fees 2025-2026 for children with a Swedish social security number *, who are registered in Sweden and for whom the school receives subsidies from the municipalities , are: \u2022 12 125 SEK \/ CP to CM2 (Elementary school) \u2022 13 350 SEK \/ from 6\u00e8me to 3\u00e8me (Upper secondary school) \u2022 15 ... Read more\" \/>\n<meta property=\"og:url\" content=\"https:\/\/www.lfsl.net\/en\/admissions\/tuition-and-fees\/\" \/>\n<meta property=\"og:site_name\" content=\"Lyc\u00e9e Fran\u00e7ais Saint Louis de Stockholm\" \/>\n<meta property=\"article:publisher\" content=\"https:\/\/www.facebook.com\/Lyc%c3%a9e-Francais-Saint-Louis-182116921840529\/\" \/>\n<meta property=\"article:modified_time\" content=\"2026-02-17T14:52:12+00:00\" \/>\n<meta property=\"og:image\" content=\"https:\/\/www.lfsl.net\/wp-content\/uploads\/2019\/02\/Money_2-1.jpg\" \/>\n\t<meta property=\"og:image:width\" content=\"1160\" \/>\n\t<meta property=\"og:image:height\" content=\"773\" \/>\n\t<meta property=\"og:image:type\" content=\"image\/jpeg\" \/>\n<meta name=\"twitter:card\" content=\"summary_large_image\" \/>\n<script type=\"application\/ld+json\" class=\"yoast-schema-graph\">{\"@context\":\"https:\\\/\\\/schema.org\",\"@graph\":[{\"@type\":\"WebPage\",\"@id\":\"https:\\\/\\\/www.lfsl.net\\\/en\\\/admissions\\\/tuition-and-fees\\\/\",\"url\":\"https:\\\/\\\/www.lfsl.net\\\/en\\\/admissions\\\/tuition-and-fees\\\/\",\"name\":\"Tuition and Fees &#8211; Lyc\u00e9e Fran\u00e7ais Saint Louis de Stockholm\",\"isPartOf\":{\"@id\":\"https:\\\/\\\/www.lfsl.net\\\/en\\\/#website\"},\"primaryImageOfPage\":{\"@id\":\"https:\\\/\\\/www.lfsl.net\\\/en\\\/admissions\\\/tuition-and-fees\\\/#primaryimage\"},\"image\":{\"@id\":\"https:\\\/\\\/www.lfsl.net\\\/en\\\/admissions\\\/tuition-and-fees\\\/#primaryimage\"},\"thumbnailUrl\":\"https:\\\/\\\/www.lfsl.net\\\/wp-content\\\/uploads\\\/2019\\\/02\\\/Money_2-1-1024x682.jpg\",\"datePublished\":\"2018-10-31T08:38:42+00:00\",\"dateModified\":\"2026-02-17T14:52:12+00:00\",\"breadcrumb\":{\"@id\":\"https:\\\/\\\/www.lfsl.net\\\/en\\\/admissions\\\/tuition-and-fees\\\/#breadcrumb\"},\"inLanguage\":\"en-US\",\"potentialAction\":[{\"@type\":\"ReadAction\",\"target\":[\"https:\\\/\\\/www.lfsl.net\\\/en\\\/admissions\\\/tuition-and-fees\\\/\"]}]},{\"@type\":\"ImageObject\",\"inLanguage\":\"en-US\",\"@id\":\"https:\\\/\\\/www.lfsl.net\\\/en\\\/admissions\\\/tuition-and-fees\\\/#primaryimage\",\"url\":\"https:\\\/\\\/www.lfsl.net\\\/wp-content\\\/uploads\\\/2019\\\/02\\\/Money_2-1-1024x682.jpg\",\"contentUrl\":\"https:\\\/\\\/www.lfsl.net\\\/wp-content\\\/uploads\\\/2019\\\/02\\\/Money_2-1-1024x682.jpg\"},{\"@type\":\"BreadcrumbList\",\"@id\":\"https:\\\/\\\/www.lfsl.net\\\/en\\\/admissions\\\/tuition-and-fees\\\/#breadcrumb\",\"itemListElement\":[{\"@type\":\"ListItem\",\"position\":1,\"name\":\"Home\",\"item\":\"https:\\\/\\\/www.lfsl.net\\\/en\\\/\"},{\"@type\":\"ListItem\",\"position\":2,\"name\":\"Admissions\",\"item\":\"https:\\\/\\\/www.lfsl.net\\\/en\\\/admissions\\\/\"},{\"@type\":\"ListItem\",\"position\":3,\"name\":\"Tuition and Fees\"}]},{\"@type\":\"WebSite\",\"@id\":\"https:\\\/\\\/www.lfsl.net\\\/en\\\/#website\",\"url\":\"https:\\\/\\\/www.lfsl.net\\\/en\\\/\",\"name\":\"Lyc\u00e9e Fran\u00e7ais Saint Louis de Stockholm\",\"description\":\"\u00c9tablissement membre du r\u00e9seau AEFE\",\"publisher\":{\"@id\":\"https:\\\/\\\/www.lfsl.net\\\/en\\\/#organization\"},\"potentialAction\":[{\"@type\":\"SearchAction\",\"target\":{\"@type\":\"EntryPoint\",\"urlTemplate\":\"https:\\\/\\\/www.lfsl.net\\\/en\\\/?s={search_term_string}\"},\"query-input\":{\"@type\":\"PropertyValueSpecification\",\"valueRequired\":true,\"valueName\":\"search_term_string\"}}],\"inLanguage\":\"en-US\"},{\"@type\":\"Organization\",\"@id\":\"https:\\\/\\\/www.lfsl.net\\\/en\\\/#organization\",\"name\":\"Lyc\u00e9e Fran\u00e7ais Saint Louis\",\"url\":\"https:\\\/\\\/www.lfsl.net\\\/en\\\/\",\"logo\":{\"@type\":\"ImageObject\",\"inLanguage\":\"en-US\",\"@id\":\"https:\\\/\\\/www.lfsl.net\\\/en\\\/#\\\/schema\\\/logo\\\/image\\\/\",\"url\":\"https:\\\/\\\/www.lfsl.net\\\/wp-content\\\/uploads\\\/2021\\\/03\\\/LFSL-logo.jpg\",\"contentUrl\":\"https:\\\/\\\/www.lfsl.net\\\/wp-content\\\/uploads\\\/2021\\\/03\\\/LFSL-logo.jpg\",\"width\":330,\"height\":473,\"caption\":\"Lyc\u00e9e Fran\u00e7ais Saint Louis\"},\"image\":{\"@id\":\"https:\\\/\\\/www.lfsl.net\\\/en\\\/#\\\/schema\\\/logo\\\/image\\\/\"},\"sameAs\":[\"https:\\\/\\\/www.facebook.com\\\/Lyc\u00e9e-Francais-Saint-Louis-182116921840529\\\/\",\"https:\\\/\\\/www.instagram.com\\\/lyceefrancaisstockholm\\\/\",\"https:\\\/\\\/www.linkedin.com\\\/school\\\/lfsl\\\/\",\"https:\\\/\\\/www.youtube.com\\\/channel\\\/UCchS4IO4jE_YY0ILwn5NgGQ\"]}]}<\/script>\n<!-- \/ Yoast SEO plugin. -->","yoast_head_json":{"title":"Tuition and Fees &#8211; Lyc\u00e9e Fran\u00e7ais Saint Louis de Stockholm","robots":{"index":"index","follow":"follow","max-snippet":"max-snippet:-1","max-image-preview":"max-image-preview:large","max-video-preview":"max-video-preview:-1"},"canonical":"https:\/\/www.lfsl.net\/en\/admissions\/tuition-and-fees\/","og_locale":"en_US","og_type":"article","og_title":"Tuition and Fees &#8211; Lyc\u00e9e Fran\u00e7ais Saint Louis de Stockholm","og_description":"The annual school fees 2025-2026 for children with a Swedish social security number *, who are registered in Sweden and for whom the school receives subsidies from the municipalities , are: \u2022 12 125 SEK \/ CP to CM2 (Elementary school) \u2022 13 350 SEK \/ from 6\u00e8me to 3\u00e8me (Upper secondary school) \u2022 15 ... Read more","og_url":"https:\/\/www.lfsl.net\/en\/admissions\/tuition-and-fees\/","og_site_name":"Lyc\u00e9e Fran\u00e7ais Saint Louis de Stockholm","article_publisher":"https:\/\/www.facebook.com\/Lyc%c3%a9e-Francais-Saint-Louis-182116921840529\/","article_modified_time":"2026-02-17T14:52:12+00:00","og_image":[{"width":1160,"height":773,"url":"https:\/\/www.lfsl.net\/wp-content\/uploads\/2019\/02\/Money_2-1.jpg","type":"image\/jpeg"}],"twitter_card":"summary_large_image","schema":{"@context":"https:\/\/schema.org","@graph":[{"@type":"WebPage","@id":"https:\/\/www.lfsl.net\/en\/admissions\/tuition-and-fees\/","url":"https:\/\/www.lfsl.net\/en\/admissions\/tuition-and-fees\/","name":"Tuition and Fees &#8211; Lyc\u00e9e Fran\u00e7ais Saint Louis de Stockholm","isPartOf":{"@id":"https:\/\/www.lfsl.net\/en\/#website"},"primaryImageOfPage":{"@id":"https:\/\/www.lfsl.net\/en\/admissions\/tuition-and-fees\/#primaryimage"},"image":{"@id":"https:\/\/www.lfsl.net\/en\/admissions\/tuition-and-fees\/#primaryimage"},"thumbnailUrl":"https:\/\/www.lfsl.net\/wp-content\/uploads\/2019\/02\/Money_2-1-1024x682.jpg","datePublished":"2018-10-31T08:38:42+00:00","dateModified":"2026-02-17T14:52:12+00:00","breadcrumb":{"@id":"https:\/\/www.lfsl.net\/en\/admissions\/tuition-and-fees\/#breadcrumb"},"inLanguage":"en-US","potentialAction":[{"@type":"ReadAction","target":["https:\/\/www.lfsl.net\/en\/admissions\/tuition-and-fees\/"]}]},{"@type":"ImageObject","inLanguage":"en-US","@id":"https:\/\/www.lfsl.net\/en\/admissions\/tuition-and-fees\/#primaryimage","url":"https:\/\/www.lfsl.net\/wp-content\/uploads\/2019\/02\/Money_2-1-1024x682.jpg","contentUrl":"https:\/\/www.lfsl.net\/wp-content\/uploads\/2019\/02\/Money_2-1-1024x682.jpg"},{"@type":"BreadcrumbList","@id":"https:\/\/www.lfsl.net\/en\/admissions\/tuition-and-fees\/#breadcrumb","itemListElement":[{"@type":"ListItem","position":1,"name":"Home","item":"https:\/\/www.lfsl.net\/en\/"},{"@type":"ListItem","position":2,"name":"Admissions","item":"https:\/\/www.lfsl.net\/en\/admissions\/"},{"@type":"ListItem","position":3,"name":"Tuition and Fees"}]},{"@type":"WebSite","@id":"https:\/\/www.lfsl.net\/en\/#website","url":"https:\/\/www.lfsl.net\/en\/","name":"Lyc\u00e9e Fran\u00e7ais Saint Louis de Stockholm","description":"\u00c9tablissement membre du r\u00e9seau AEFE","publisher":{"@id":"https:\/\/www.lfsl.net\/en\/#organization"},"potentialAction":[{"@type":"SearchAction","target":{"@type":"EntryPoint","urlTemplate":"https:\/\/www.lfsl.net\/en\/?s={search_term_string}"},"query-input":{"@type":"PropertyValueSpecification","valueRequired":true,"valueName":"search_term_string"}}],"inLanguage":"en-US"},{"@type":"Organization","@id":"https:\/\/www.lfsl.net\/en\/#organization","name":"Lyc\u00e9e Fran\u00e7ais Saint Louis","url":"https:\/\/www.lfsl.net\/en\/","logo":{"@type":"ImageObject","inLanguage":"en-US","@id":"https:\/\/www.lfsl.net\/en\/#\/schema\/logo\/image\/","url":"https:\/\/www.lfsl.net\/wp-content\/uploads\/2021\/03\/LFSL-logo.jpg","contentUrl":"https:\/\/www.lfsl.net\/wp-content\/uploads\/2021\/03\/LFSL-logo.jpg","width":330,"height":473,"caption":"Lyc\u00e9e Fran\u00e7ais Saint Louis"},"image":{"@id":"https:\/\/www.lfsl.net\/en\/#\/schema\/logo\/image\/"},"sameAs":["https:\/\/www.facebook.com\/Lyc\u00e9e-Francais-Saint-Louis-182116921840529\/","https:\/\/www.instagram.com\/lyceefrancaisstockholm\/","https:\/\/www.linkedin.com\/school\/lfsl\/","https:\/\/www.youtube.com\/channel\/UCchS4IO4jE_YY0ILwn5NgGQ"]}]}},"_links":{"self":[{"href":"https:\/\/www.lfsl.net\/en\/wp-json\/wp\/v2\/pages\/1474","targetHints":{"allow":["GET"]}}],"collection":[{"href":"https:\/\/www.lfsl.net\/en\/wp-json\/wp\/v2\/pages"}],"about":[{"href":"https:\/\/www.lfsl.net\/en\/wp-json\/wp\/v2\/types\/page"}],"author":[{"embeddable":true,"href":"https:\/\/www.lfsl.net\/en\/wp-json\/wp\/v2\/users\/1"}],"replies":[{"embeddable":true,"href":"https:\/\/www.lfsl.net\/en\/wp-json\/wp\/v2\/comments?post=1474"}],"version-history":[{"count":35,"href":"https:\/\/www.lfsl.net\/en\/wp-json\/wp\/v2\/pages\/1474\/revisions"}],"predecessor-version":[{"id":24836,"href":"https:\/\/www.lfsl.net\/en\/wp-json\/wp\/v2\/pages\/1474\/revisions\/24836"}],"up":[{"embeddable":true,"href":"https:\/\/www.lfsl.net\/en\/wp-json\/wp\/v2\/pages\/1469"}],"wp:attachment":[{"href":"https:\/\/www.lfsl.net\/en\/wp-json\/wp\/v2\/media?parent=1474"}],"curies":[{"name":"wp","href":"https:\/\/api.w.org\/{rel}","templated":true}]}}