{"id":1476,"date":"2018-10-31T08:39:29","date_gmt":"2018-10-31T08:39:29","guid":{"rendered":"http:\/\/lfsl.net.hemsida.eu\/?page_id=1476"},"modified":"2026-02-18T14:35:54","modified_gmt":"2026-02-18T14:35:54","slug":"financial-regulation","status":"publish","type":"page","link":"https:\/\/www.lfsl.net\/en\/admissions\/financial-regulation\/","title":{"rendered":"Financial regulation"},"content":{"rendered":"\n<div class=\"wp-block-media-text alignwide is-stacked-on-mobile\"><figure class=\"wp-block-media-text__media\"><img loading=\"lazy\" decoding=\"async\" width=\"1024\" height=\"768\" src=\"https:\/\/www.lfsl.net\/wp-content\/uploads\/2019\/03\/Ekonomisk-f\u00f6rordning_1160-1024x768.jpg\" alt=\"\" class=\"wp-image-2933 size-full\" srcset=\"https:\/\/www.lfsl.net\/wp-content\/uploads\/2019\/03\/Ekonomisk-f\u00f6rordning_1160-1024x768.jpg 1024w, https:\/\/www.lfsl.net\/wp-content\/uploads\/2019\/03\/Ekonomisk-f\u00f6rordning_1160-300x225.jpg 300w, https:\/\/www.lfsl.net\/wp-content\/uploads\/2019\/03\/Ekonomisk-f\u00f6rordning_1160-768x576.jpg 768w, https:\/\/www.lfsl.net\/wp-content\/uploads\/2019\/03\/Ekonomisk-f\u00f6rordning_1160.jpg 1160w\" sizes=\"auto, (max-width: 1024px) 100vw, 1024px\" \/><\/figure><div class=\"wp-block-media-text__content\">\n<p>In order to be approved, every application to the Lyc\u00e9e Fran\u00e7ais Saint Louis in Stockholm must be confirmed by a signed financial regulation.<\/p>\n\n\n\n<p>This document is sent out simultaneously with the site offer and it must be signed by both custodians. The Financial Regulation applies throughout the student&#8217;s schooling at the Lyc\u00e9e Fran\u00e7ais Saint Louis.<\/p>\n\n\n\n<h4 class=\"wp-block-heading\">Financial Regulation (2025-2026)<\/h4>\n\n\n\n<p><a href=\"https:\/\/www.lfsl.net\/wp-content\/uploads\/2025\/01\/Financial-Regulation_2025_GB.pdf\">Financial regulation 2025-2026<\/a><\/p>\n\n\n\n<hr class=\"wp-block-separator has-alpha-channel-opacity\"\/>\n\n\n\n<h4 class=\"wp-block-heading\">Financial Regulation (2026-2027)<\/h4>\n\n\n\n<p><a href=\"https:\/\/www.lfsl.net\/wp-content\/uploads\/2026\/02\/Financial-Regulation_2026-27_GB.pdf\">Financial Regulation 2026-2027<\/a><\/p>\n\n\n\n<p><br><br><br><br><\/p>\n<\/div><\/div>\n","protected":false},"excerpt":{"rendered":"","protected":false},"author":1,"featured_media":0,"parent":1469,"menu_order":0,"comment_status":"closed","ping_status":"closed","template":"","meta":{"footnotes":""},"class_list":["post-1476","page","type-page","status-publish"],"yoast_head":"<!-- This site is optimized with the Yoast SEO plugin v27.4 - https:\/\/yoast.com\/product\/yoast-seo-wordpress\/ -->\n<title>Financial regulation &#8211; Lyc\u00e9e Fran\u00e7ais Saint Louis de Stockholm<\/title>\n<meta name=\"robots\" content=\"index, follow, max-snippet:-1, max-image-preview:large, max-video-preview:-1\" \/>\n<link rel=\"canonical\" href=\"https:\/\/www.lfsl.net\/en\/admissions\/financial-regulation\/\" \/>\n<meta property=\"og:locale\" content=\"en_US\" \/>\n<meta property=\"og:type\" content=\"article\" \/>\n<meta property=\"og:title\" content=\"Financial regulation &#8211; Lyc\u00e9e Fran\u00e7ais Saint Louis de Stockholm\" \/>\n<meta property=\"og:url\" content=\"https:\/\/www.lfsl.net\/en\/admissions\/financial-regulation\/\" \/>\n<meta property=\"og:site_name\" content=\"Lyc\u00e9e Fran\u00e7ais Saint Louis de Stockholm\" \/>\n<meta property=\"article:publisher\" content=\"https:\/\/www.facebook.com\/Lyc%c3%a9e-Francais-Saint-Louis-182116921840529\/\" \/>\n<meta property=\"article:modified_time\" content=\"2026-02-18T14:35:54+00:00\" \/>\n<meta property=\"og:image\" content=\"https:\/\/www.lfsl.net\/wp-content\/uploads\/2020\/03\/lsfl_logo-minimal_crop.jpg\" \/>\n\t<meta property=\"og:image:width\" content=\"1440\" \/>\n\t<meta property=\"og:image:height\" content=\"810\" \/>\n\t<meta property=\"og:image:type\" content=\"image\/jpeg\" \/>\n<meta name=\"twitter:card\" content=\"summary_large_image\" \/>\n<script type=\"application\/ld+json\" class=\"yoast-schema-graph\">{\"@context\":\"https:\\\/\\\/schema.org\",\"@graph\":[{\"@type\":\"WebPage\",\"@id\":\"https:\\\/\\\/www.lfsl.net\\\/en\\\/admissions\\\/financial-regulation\\\/\",\"url\":\"https:\\\/\\\/www.lfsl.net\\\/en\\\/admissions\\\/financial-regulation\\\/\",\"name\":\"Financial regulation &#8211; Lyc\u00e9e Fran\u00e7ais Saint Louis de Stockholm\",\"isPartOf\":{\"@id\":\"https:\\\/\\\/www.lfsl.net\\\/en\\\/#website\"},\"datePublished\":\"2018-10-31T08:39:29+00:00\",\"dateModified\":\"2026-02-18T14:35:54+00:00\",\"breadcrumb\":{\"@id\":\"https:\\\/\\\/www.lfsl.net\\\/en\\\/admissions\\\/financial-regulation\\\/#breadcrumb\"},\"inLanguage\":\"en-US\",\"potentialAction\":[{\"@type\":\"ReadAction\",\"target\":[\"https:\\\/\\\/www.lfsl.net\\\/en\\\/admissions\\\/financial-regulation\\\/\"]}]},{\"@type\":\"BreadcrumbList\",\"@id\":\"https:\\\/\\\/www.lfsl.net\\\/en\\\/admissions\\\/financial-regulation\\\/#breadcrumb\",\"itemListElement\":[{\"@type\":\"ListItem\",\"position\":1,\"name\":\"Home\",\"item\":\"https:\\\/\\\/www.lfsl.net\\\/en\\\/\"},{\"@type\":\"ListItem\",\"position\":2,\"name\":\"Admissions\",\"item\":\"https:\\\/\\\/www.lfsl.net\\\/en\\\/admissions\\\/\"},{\"@type\":\"ListItem\",\"position\":3,\"name\":\"Financial regulation\"}]},{\"@type\":\"WebSite\",\"@id\":\"https:\\\/\\\/www.lfsl.net\\\/en\\\/#website\",\"url\":\"https:\\\/\\\/www.lfsl.net\\\/en\\\/\",\"name\":\"Lyc\u00e9e Fran\u00e7ais Saint Louis de Stockholm\",\"description\":\"\u00c9tablissement membre du r\u00e9seau AEFE\",\"publisher\":{\"@id\":\"https:\\\/\\\/www.lfsl.net\\\/en\\\/#organization\"},\"potentialAction\":[{\"@type\":\"SearchAction\",\"target\":{\"@type\":\"EntryPoint\",\"urlTemplate\":\"https:\\\/\\\/www.lfsl.net\\\/en\\\/?s={search_term_string}\"},\"query-input\":{\"@type\":\"PropertyValueSpecification\",\"valueRequired\":true,\"valueName\":\"search_term_string\"}}],\"inLanguage\":\"en-US\"},{\"@type\":\"Organization\",\"@id\":\"https:\\\/\\\/www.lfsl.net\\\/en\\\/#organization\",\"name\":\"Lyc\u00e9e Fran\u00e7ais Saint Louis\",\"url\":\"https:\\\/\\\/www.lfsl.net\\\/en\\\/\",\"logo\":{\"@type\":\"ImageObject\",\"inLanguage\":\"en-US\",\"@id\":\"https:\\\/\\\/www.lfsl.net\\\/en\\\/#\\\/schema\\\/logo\\\/image\\\/\",\"url\":\"https:\\\/\\\/www.lfsl.net\\\/wp-content\\\/uploads\\\/2021\\\/03\\\/LFSL-logo.jpg\",\"contentUrl\":\"https:\\\/\\\/www.lfsl.net\\\/wp-content\\\/uploads\\\/2021\\\/03\\\/LFSL-logo.jpg\",\"width\":330,\"height\":473,\"caption\":\"Lyc\u00e9e Fran\u00e7ais Saint Louis\"},\"image\":{\"@id\":\"https:\\\/\\\/www.lfsl.net\\\/en\\\/#\\\/schema\\\/logo\\\/image\\\/\"},\"sameAs\":[\"https:\\\/\\\/www.facebook.com\\\/Lyc\u00e9e-Francais-Saint-Louis-182116921840529\\\/\",\"https:\\\/\\\/www.instagram.com\\\/lyceefrancaisstockholm\\\/\",\"https:\\\/\\\/www.linkedin.com\\\/school\\\/lfsl\\\/\",\"https:\\\/\\\/www.youtube.com\\\/channel\\\/UCchS4IO4jE_YY0ILwn5NgGQ\"]}]}<\/script>\n<!-- \/ Yoast SEO plugin. -->","yoast_head_json":{"title":"Financial regulation &#8211; Lyc\u00e9e Fran\u00e7ais Saint Louis de Stockholm","robots":{"index":"index","follow":"follow","max-snippet":"max-snippet:-1","max-image-preview":"max-image-preview:large","max-video-preview":"max-video-preview:-1"},"canonical":"https:\/\/www.lfsl.net\/en\/admissions\/financial-regulation\/","og_locale":"en_US","og_type":"article","og_title":"Financial regulation &#8211; Lyc\u00e9e Fran\u00e7ais Saint Louis de Stockholm","og_url":"https:\/\/www.lfsl.net\/en\/admissions\/financial-regulation\/","og_site_name":"Lyc\u00e9e Fran\u00e7ais Saint Louis de Stockholm","article_publisher":"https:\/\/www.facebook.com\/Lyc%c3%a9e-Francais-Saint-Louis-182116921840529\/","article_modified_time":"2026-02-18T14:35:54+00:00","og_image":[{"width":1440,"height":810,"url":"https:\/\/www.lfsl.net\/wp-content\/uploads\/2020\/03\/lsfl_logo-minimal_crop.jpg","type":"image\/jpeg"}],"twitter_card":"summary_large_image","schema":{"@context":"https:\/\/schema.org","@graph":[{"@type":"WebPage","@id":"https:\/\/www.lfsl.net\/en\/admissions\/financial-regulation\/","url":"https:\/\/www.lfsl.net\/en\/admissions\/financial-regulation\/","name":"Financial regulation &#8211; Lyc\u00e9e Fran\u00e7ais Saint Louis de Stockholm","isPartOf":{"@id":"https:\/\/www.lfsl.net\/en\/#website"},"datePublished":"2018-10-31T08:39:29+00:00","dateModified":"2026-02-18T14:35:54+00:00","breadcrumb":{"@id":"https:\/\/www.lfsl.net\/en\/admissions\/financial-regulation\/#breadcrumb"},"inLanguage":"en-US","potentialAction":[{"@type":"ReadAction","target":["https:\/\/www.lfsl.net\/en\/admissions\/financial-regulation\/"]}]},{"@type":"BreadcrumbList","@id":"https:\/\/www.lfsl.net\/en\/admissions\/financial-regulation\/#breadcrumb","itemListElement":[{"@type":"ListItem","position":1,"name":"Home","item":"https:\/\/www.lfsl.net\/en\/"},{"@type":"ListItem","position":2,"name":"Admissions","item":"https:\/\/www.lfsl.net\/en\/admissions\/"},{"@type":"ListItem","position":3,"name":"Financial regulation"}]},{"@type":"WebSite","@id":"https:\/\/www.lfsl.net\/en\/#website","url":"https:\/\/www.lfsl.net\/en\/","name":"Lyc\u00e9e Fran\u00e7ais Saint Louis de Stockholm","description":"\u00c9tablissement membre du r\u00e9seau AEFE","publisher":{"@id":"https:\/\/www.lfsl.net\/en\/#organization"},"potentialAction":[{"@type":"SearchAction","target":{"@type":"EntryPoint","urlTemplate":"https:\/\/www.lfsl.net\/en\/?s={search_term_string}"},"query-input":{"@type":"PropertyValueSpecification","valueRequired":true,"valueName":"search_term_string"}}],"inLanguage":"en-US"},{"@type":"Organization","@id":"https:\/\/www.lfsl.net\/en\/#organization","name":"Lyc\u00e9e Fran\u00e7ais Saint Louis","url":"https:\/\/www.lfsl.net\/en\/","logo":{"@type":"ImageObject","inLanguage":"en-US","@id":"https:\/\/www.lfsl.net\/en\/#\/schema\/logo\/image\/","url":"https:\/\/www.lfsl.net\/wp-content\/uploads\/2021\/03\/LFSL-logo.jpg","contentUrl":"https:\/\/www.lfsl.net\/wp-content\/uploads\/2021\/03\/LFSL-logo.jpg","width":330,"height":473,"caption":"Lyc\u00e9e Fran\u00e7ais Saint Louis"},"image":{"@id":"https:\/\/www.lfsl.net\/en\/#\/schema\/logo\/image\/"},"sameAs":["https:\/\/www.facebook.com\/Lyc\u00e9e-Francais-Saint-Louis-182116921840529\/","https:\/\/www.instagram.com\/lyceefrancaisstockholm\/","https:\/\/www.linkedin.com\/school\/lfsl\/","https:\/\/www.youtube.com\/channel\/UCchS4IO4jE_YY0ILwn5NgGQ"]}]}},"_links":{"self":[{"href":"https:\/\/www.lfsl.net\/en\/wp-json\/wp\/v2\/pages\/1476","targetHints":{"allow":["GET"]}}],"collection":[{"href":"https:\/\/www.lfsl.net\/en\/wp-json\/wp\/v2\/pages"}],"about":[{"href":"https:\/\/www.lfsl.net\/en\/wp-json\/wp\/v2\/types\/page"}],"author":[{"embeddable":true,"href":"https:\/\/www.lfsl.net\/en\/wp-json\/wp\/v2\/users\/1"}],"replies":[{"embeddable":true,"href":"https:\/\/www.lfsl.net\/en\/wp-json\/wp\/v2\/comments?post=1476"}],"version-history":[{"count":24,"href":"https:\/\/www.lfsl.net\/en\/wp-json\/wp\/v2\/pages\/1476\/revisions"}],"predecessor-version":[{"id":24888,"href":"https:\/\/www.lfsl.net\/en\/wp-json\/wp\/v2\/pages\/1476\/revisions\/24888"}],"up":[{"embeddable":true,"href":"https:\/\/www.lfsl.net\/en\/wp-json\/wp\/v2\/pages\/1469"}],"wp:attachment":[{"href":"https:\/\/www.lfsl.net\/en\/wp-json\/wp\/v2\/media?parent=1476"}],"curies":[{"name":"wp","href":"https:\/\/api.w.org\/{rel}","templated":true}]}}