{"id":1478,"date":"2018-10-31T08:40:00","date_gmt":"2018-10-31T08:40:00","guid":{"rendered":"http:\/\/lfsl.net.hemsida.eu\/?page_id=1478"},"modified":"2024-09-11T14:10:49","modified_gmt":"2024-09-11T14:10:49","slug":"scholarships","status":"publish","type":"page","link":"https:\/\/www.lfsl.net\/en\/admissions\/scholarships\/","title":{"rendered":"Scholarships"},"content":{"rendered":"\n<div class=\"wp-block-media-text alignwide is-stacked-on-mobile\"><figure class=\"wp-block-media-text__media\"><img loading=\"lazy\" decoding=\"async\" width=\"300\" height=\"193\" src=\"https:\/\/www.lfsl.net\/wp-content\/uploads\/2019\/02\/Bourses_1-300x193.jpg\" alt=\"\" class=\"wp-image-2112 size-full\" srcset=\"https:\/\/www.lfsl.net\/wp-content\/uploads\/2019\/02\/Bourses_1-300x193.jpg 300w, https:\/\/www.lfsl.net\/wp-content\/uploads\/2019\/02\/Bourses_1-768x495.jpg 768w, https:\/\/www.lfsl.net\/wp-content\/uploads\/2019\/02\/Bourses_1-1024x660.jpg 1024w, https:\/\/www.lfsl.net\/wp-content\/uploads\/2019\/02\/Bourses_1.jpg 1160w\" sizes=\"auto, (max-width: 300px) 100vw, 300px\" \/><\/figure><div class=\"wp-block-media-text__content\">\n<p><strong>Scholarships are granted by the Agence pour l&#8217;Enseignement du Fran\u00e7ais \u00e0 l&#8217;\u00c9tranger (AEFE) to French students aged 6 or older on the basis of income criteria.<br>In limited cases, they cover, in whole or in part, the school fees.<\/strong><\/p>\n<\/div><\/div>\n\n\n\n<h3 class=\"wp-block-heading\">scholarshipS <\/h3>\n\n\n\n<p>L\u2019Agence pour l\u2019Enseignement du Fran\u00e7ais \u00e0 l\u2019Etranger (AEFE) grants scholarships to French children, schooled at the Lyc\u00e9e Saint Louis in Stockholm, establishment approved by the AEFE in Sweden, from the preparatory course (CP) to the final year (Terminale), under conditions of revenue.<\/p>\n\n\n\n<p>Children who do not have the possibility to follow an education in French (for reasons of geographic distance, or illness, for example) and wish to follow the courses via the National Center for Distance Education (CNED) can, under the same conditions, request the granting of a scholarship to offset the related costs.<\/p>\n\n\n\n<p>All information relating to scholarships, application form, list of supporting documents etc. can be found on the<a href=\"https:\/\/se.ambafrance.org\/Bourses-scolaires-2024-2025-2nde-periode-de-la-campagne-boursiere\">\u00a0French Embassy\u2019s website.<\/a><\/p>\n\n\n\n<p><\/p>\n","protected":false},"excerpt":{"rendered":"<p>Scholarships are granted by the Agence pour l&#8217;Enseignement du Fran\u00e7ais \u00e0 l&#8217;\u00c9tranger (AEFE) to French students aged 6 or older on the basis of income criteria.In limited cases, they cover, in whole or in part, the school fees. scholarshipS L\u2019Agence pour l\u2019Enseignement du Fran\u00e7ais \u00e0 l\u2019Etranger (AEFE) grants scholarships to French children, schooled at the &#8230; <\/p>\n<p class=\"read-more-container\"><a title=\"Scholarships\" class=\"read-more button\" href=\"https:\/\/www.lfsl.net\/en\/admissions\/scholarships\/#more-1478\" aria-label=\"Read more about Scholarships\">Read more<\/a><\/p>\n","protected":false},"author":1,"featured_media":0,"parent":1469,"menu_order":0,"comment_status":"closed","ping_status":"closed","template":"","meta":{"footnotes":""},"class_list":["post-1478","page","type-page","status-publish"],"yoast_head":"<!-- This site is optimized with the Yoast SEO plugin v27.4 - https:\/\/yoast.com\/product\/yoast-seo-wordpress\/ -->\n<title>Scholarships &#8211; Lyc\u00e9e Fran\u00e7ais Saint Louis de Stockholm<\/title>\n<meta name=\"robots\" content=\"index, follow, max-snippet:-1, max-image-preview:large, max-video-preview:-1\" \/>\n<link rel=\"canonical\" href=\"https:\/\/www.lfsl.net\/en\/admissions\/scholarships\/\" \/>\n<meta property=\"og:locale\" content=\"en_US\" \/>\n<meta property=\"og:type\" content=\"article\" \/>\n<meta property=\"og:title\" content=\"Scholarships &#8211; Lyc\u00e9e Fran\u00e7ais Saint Louis de Stockholm\" \/>\n<meta property=\"og:description\" content=\"Scholarships are granted by the Agence pour l&#8217;Enseignement du Fran\u00e7ais \u00e0 l&#8217;\u00c9tranger (AEFE) to French students aged 6 or older on the basis of income criteria.In limited cases, they cover, in whole or in part, the school fees. scholarshipS L\u2019Agence pour l\u2019Enseignement du Fran\u00e7ais \u00e0 l\u2019Etranger (AEFE) grants scholarships to French children, schooled at the ... Read more\" \/>\n<meta property=\"og:url\" content=\"https:\/\/www.lfsl.net\/en\/admissions\/scholarships\/\" \/>\n<meta property=\"og:site_name\" content=\"Lyc\u00e9e Fran\u00e7ais Saint Louis de Stockholm\" \/>\n<meta property=\"article:publisher\" content=\"https:\/\/www.facebook.com\/Lyc%c3%a9e-Francais-Saint-Louis-182116921840529\/\" \/>\n<meta property=\"article:modified_time\" content=\"2024-09-11T14:10:49+00:00\" \/>\n<meta property=\"og:image\" content=\"https:\/\/www.lfsl.net\/wp-content\/uploads\/2019\/02\/Bourses_1-300x193.jpg\" \/>\n<meta name=\"twitter:card\" content=\"summary_large_image\" \/>\n<script type=\"application\/ld+json\" class=\"yoast-schema-graph\">{\"@context\":\"https:\\\/\\\/schema.org\",\"@graph\":[{\"@type\":\"WebPage\",\"@id\":\"https:\\\/\\\/www.lfsl.net\\\/en\\\/admissions\\\/scholarships\\\/\",\"url\":\"https:\\\/\\\/www.lfsl.net\\\/en\\\/admissions\\\/scholarships\\\/\",\"name\":\"Scholarships &#8211; Lyc\u00e9e Fran\u00e7ais Saint Louis de Stockholm\",\"isPartOf\":{\"@id\":\"https:\\\/\\\/www.lfsl.net\\\/en\\\/#website\"},\"primaryImageOfPage\":{\"@id\":\"https:\\\/\\\/www.lfsl.net\\\/en\\\/admissions\\\/scholarships\\\/#primaryimage\"},\"image\":{\"@id\":\"https:\\\/\\\/www.lfsl.net\\\/en\\\/admissions\\\/scholarships\\\/#primaryimage\"},\"thumbnailUrl\":\"https:\\\/\\\/www.lfsl.net\\\/wp-content\\\/uploads\\\/2019\\\/02\\\/Bourses_1-300x193.jpg\",\"datePublished\":\"2018-10-31T08:40:00+00:00\",\"dateModified\":\"2024-09-11T14:10:49+00:00\",\"breadcrumb\":{\"@id\":\"https:\\\/\\\/www.lfsl.net\\\/en\\\/admissions\\\/scholarships\\\/#breadcrumb\"},\"inLanguage\":\"en-US\",\"potentialAction\":[{\"@type\":\"ReadAction\",\"target\":[\"https:\\\/\\\/www.lfsl.net\\\/en\\\/admissions\\\/scholarships\\\/\"]}]},{\"@type\":\"ImageObject\",\"inLanguage\":\"en-US\",\"@id\":\"https:\\\/\\\/www.lfsl.net\\\/en\\\/admissions\\\/scholarships\\\/#primaryimage\",\"url\":\"https:\\\/\\\/www.lfsl.net\\\/wp-content\\\/uploads\\\/2019\\\/02\\\/Bourses_1-300x193.jpg\",\"contentUrl\":\"https:\\\/\\\/www.lfsl.net\\\/wp-content\\\/uploads\\\/2019\\\/02\\\/Bourses_1-300x193.jpg\"},{\"@type\":\"BreadcrumbList\",\"@id\":\"https:\\\/\\\/www.lfsl.net\\\/en\\\/admissions\\\/scholarships\\\/#breadcrumb\",\"itemListElement\":[{\"@type\":\"ListItem\",\"position\":1,\"name\":\"Home\",\"item\":\"https:\\\/\\\/www.lfsl.net\\\/en\\\/\"},{\"@type\":\"ListItem\",\"position\":2,\"name\":\"Admissions\",\"item\":\"https:\\\/\\\/www.lfsl.net\\\/en\\\/admissions\\\/\"},{\"@type\":\"ListItem\",\"position\":3,\"name\":\"Scholarships\"}]},{\"@type\":\"WebSite\",\"@id\":\"https:\\\/\\\/www.lfsl.net\\\/en\\\/#website\",\"url\":\"https:\\\/\\\/www.lfsl.net\\\/en\\\/\",\"name\":\"Lyc\u00e9e Fran\u00e7ais Saint Louis de Stockholm\",\"description\":\"\u00c9tablissement membre du r\u00e9seau AEFE\",\"publisher\":{\"@id\":\"https:\\\/\\\/www.lfsl.net\\\/en\\\/#organization\"},\"potentialAction\":[{\"@type\":\"SearchAction\",\"target\":{\"@type\":\"EntryPoint\",\"urlTemplate\":\"https:\\\/\\\/www.lfsl.net\\\/en\\\/?s={search_term_string}\"},\"query-input\":{\"@type\":\"PropertyValueSpecification\",\"valueRequired\":true,\"valueName\":\"search_term_string\"}}],\"inLanguage\":\"en-US\"},{\"@type\":\"Organization\",\"@id\":\"https:\\\/\\\/www.lfsl.net\\\/en\\\/#organization\",\"name\":\"Lyc\u00e9e Fran\u00e7ais Saint Louis\",\"url\":\"https:\\\/\\\/www.lfsl.net\\\/en\\\/\",\"logo\":{\"@type\":\"ImageObject\",\"inLanguage\":\"en-US\",\"@id\":\"https:\\\/\\\/www.lfsl.net\\\/en\\\/#\\\/schema\\\/logo\\\/image\\\/\",\"url\":\"https:\\\/\\\/www.lfsl.net\\\/wp-content\\\/uploads\\\/2021\\\/03\\\/LFSL-logo.jpg\",\"contentUrl\":\"https:\\\/\\\/www.lfsl.net\\\/wp-content\\\/uploads\\\/2021\\\/03\\\/LFSL-logo.jpg\",\"width\":330,\"height\":473,\"caption\":\"Lyc\u00e9e Fran\u00e7ais Saint Louis\"},\"image\":{\"@id\":\"https:\\\/\\\/www.lfsl.net\\\/en\\\/#\\\/schema\\\/logo\\\/image\\\/\"},\"sameAs\":[\"https:\\\/\\\/www.facebook.com\\\/Lyc\u00e9e-Francais-Saint-Louis-182116921840529\\\/\",\"https:\\\/\\\/www.instagram.com\\\/lyceefrancaisstockholm\\\/\",\"https:\\\/\\\/www.linkedin.com\\\/school\\\/lfsl\\\/\",\"https:\\\/\\\/www.youtube.com\\\/channel\\\/UCchS4IO4jE_YY0ILwn5NgGQ\"]}]}<\/script>\n<!-- \/ Yoast SEO plugin. -->","yoast_head_json":{"title":"Scholarships &#8211; Lyc\u00e9e Fran\u00e7ais Saint Louis de Stockholm","robots":{"index":"index","follow":"follow","max-snippet":"max-snippet:-1","max-image-preview":"max-image-preview:large","max-video-preview":"max-video-preview:-1"},"canonical":"https:\/\/www.lfsl.net\/en\/admissions\/scholarships\/","og_locale":"en_US","og_type":"article","og_title":"Scholarships &#8211; Lyc\u00e9e Fran\u00e7ais Saint Louis de Stockholm","og_description":"Scholarships are granted by the Agence pour l&#8217;Enseignement du Fran\u00e7ais \u00e0 l&#8217;\u00c9tranger (AEFE) to French students aged 6 or older on the basis of income criteria.In limited cases, they cover, in whole or in part, the school fees. scholarshipS L\u2019Agence pour l\u2019Enseignement du Fran\u00e7ais \u00e0 l\u2019Etranger (AEFE) grants scholarships to French children, schooled at the ... Read more","og_url":"https:\/\/www.lfsl.net\/en\/admissions\/scholarships\/","og_site_name":"Lyc\u00e9e Fran\u00e7ais Saint Louis de Stockholm","article_publisher":"https:\/\/www.facebook.com\/Lyc%c3%a9e-Francais-Saint-Louis-182116921840529\/","article_modified_time":"2024-09-11T14:10:49+00:00","og_image":[{"url":"https:\/\/www.lfsl.net\/wp-content\/uploads\/2019\/02\/Bourses_1-300x193.jpg","type":"","width":"","height":""}],"twitter_card":"summary_large_image","schema":{"@context":"https:\/\/schema.org","@graph":[{"@type":"WebPage","@id":"https:\/\/www.lfsl.net\/en\/admissions\/scholarships\/","url":"https:\/\/www.lfsl.net\/en\/admissions\/scholarships\/","name":"Scholarships &#8211; Lyc\u00e9e Fran\u00e7ais Saint Louis de Stockholm","isPartOf":{"@id":"https:\/\/www.lfsl.net\/en\/#website"},"primaryImageOfPage":{"@id":"https:\/\/www.lfsl.net\/en\/admissions\/scholarships\/#primaryimage"},"image":{"@id":"https:\/\/www.lfsl.net\/en\/admissions\/scholarships\/#primaryimage"},"thumbnailUrl":"https:\/\/www.lfsl.net\/wp-content\/uploads\/2019\/02\/Bourses_1-300x193.jpg","datePublished":"2018-10-31T08:40:00+00:00","dateModified":"2024-09-11T14:10:49+00:00","breadcrumb":{"@id":"https:\/\/www.lfsl.net\/en\/admissions\/scholarships\/#breadcrumb"},"inLanguage":"en-US","potentialAction":[{"@type":"ReadAction","target":["https:\/\/www.lfsl.net\/en\/admissions\/scholarships\/"]}]},{"@type":"ImageObject","inLanguage":"en-US","@id":"https:\/\/www.lfsl.net\/en\/admissions\/scholarships\/#primaryimage","url":"https:\/\/www.lfsl.net\/wp-content\/uploads\/2019\/02\/Bourses_1-300x193.jpg","contentUrl":"https:\/\/www.lfsl.net\/wp-content\/uploads\/2019\/02\/Bourses_1-300x193.jpg"},{"@type":"BreadcrumbList","@id":"https:\/\/www.lfsl.net\/en\/admissions\/scholarships\/#breadcrumb","itemListElement":[{"@type":"ListItem","position":1,"name":"Home","item":"https:\/\/www.lfsl.net\/en\/"},{"@type":"ListItem","position":2,"name":"Admissions","item":"https:\/\/www.lfsl.net\/en\/admissions\/"},{"@type":"ListItem","position":3,"name":"Scholarships"}]},{"@type":"WebSite","@id":"https:\/\/www.lfsl.net\/en\/#website","url":"https:\/\/www.lfsl.net\/en\/","name":"Lyc\u00e9e Fran\u00e7ais Saint Louis de Stockholm","description":"\u00c9tablissement membre du r\u00e9seau AEFE","publisher":{"@id":"https:\/\/www.lfsl.net\/en\/#organization"},"potentialAction":[{"@type":"SearchAction","target":{"@type":"EntryPoint","urlTemplate":"https:\/\/www.lfsl.net\/en\/?s={search_term_string}"},"query-input":{"@type":"PropertyValueSpecification","valueRequired":true,"valueName":"search_term_string"}}],"inLanguage":"en-US"},{"@type":"Organization","@id":"https:\/\/www.lfsl.net\/en\/#organization","name":"Lyc\u00e9e Fran\u00e7ais Saint Louis","url":"https:\/\/www.lfsl.net\/en\/","logo":{"@type":"ImageObject","inLanguage":"en-US","@id":"https:\/\/www.lfsl.net\/en\/#\/schema\/logo\/image\/","url":"https:\/\/www.lfsl.net\/wp-content\/uploads\/2021\/03\/LFSL-logo.jpg","contentUrl":"https:\/\/www.lfsl.net\/wp-content\/uploads\/2021\/03\/LFSL-logo.jpg","width":330,"height":473,"caption":"Lyc\u00e9e Fran\u00e7ais Saint Louis"},"image":{"@id":"https:\/\/www.lfsl.net\/en\/#\/schema\/logo\/image\/"},"sameAs":["https:\/\/www.facebook.com\/Lyc\u00e9e-Francais-Saint-Louis-182116921840529\/","https:\/\/www.instagram.com\/lyceefrancaisstockholm\/","https:\/\/www.linkedin.com\/school\/lfsl\/","https:\/\/www.youtube.com\/channel\/UCchS4IO4jE_YY0ILwn5NgGQ"]}]}},"_links":{"self":[{"href":"https:\/\/www.lfsl.net\/en\/wp-json\/wp\/v2\/pages\/1478","targetHints":{"allow":["GET"]}}],"collection":[{"href":"https:\/\/www.lfsl.net\/en\/wp-json\/wp\/v2\/pages"}],"about":[{"href":"https:\/\/www.lfsl.net\/en\/wp-json\/wp\/v2\/types\/page"}],"author":[{"embeddable":true,"href":"https:\/\/www.lfsl.net\/en\/wp-json\/wp\/v2\/users\/1"}],"replies":[{"embeddable":true,"href":"https:\/\/www.lfsl.net\/en\/wp-json\/wp\/v2\/comments?post=1478"}],"version-history":[{"count":19,"href":"https:\/\/www.lfsl.net\/en\/wp-json\/wp\/v2\/pages\/1478\/revisions"}],"predecessor-version":[{"id":20660,"href":"https:\/\/www.lfsl.net\/en\/wp-json\/wp\/v2\/pages\/1478\/revisions\/20660"}],"up":[{"embeddable":true,"href":"https:\/\/www.lfsl.net\/en\/wp-json\/wp\/v2\/pages\/1469"}],"wp:attachment":[{"href":"https:\/\/www.lfsl.net\/en\/wp-json\/wp\/v2\/media?parent=1478"}],"curies":[{"name":"wp","href":"https:\/\/api.w.org\/{rel}","templated":true}]}}