{"id":1508,"date":"2018-10-31T09:56:51","date_gmt":"2018-10-31T09:56:51","guid":{"rendered":"http:\/\/lfsl.net.hemsida.eu\/?page_id=1508"},"modified":"2026-02-19T14:07:48","modified_gmt":"2026-02-19T14:07:48","slug":"school-year-calendar","status":"publish","type":"page","link":"https:\/\/www.lfsl.net\/en\/life-at-lfsl\/school-year-calendar\/","title":{"rendered":"School Year Calendar"},"content":{"rendered":"\n<h3 class=\"wp-block-heading\">SCHOOL CALENDAR 2025-2026<\/h3>\n\n\n\n<p><strong>School start<\/strong><br>Friday 22 August &nbsp;2025<\/p>\n\n\n\n<p><strong>Autumn Vacation<\/strong><br>Friday 17 October 2025 after classes until Monday morning 03 November 2025<\/p>\n\n\n\n<p><strong>Christmas Vacation<\/strong><br>Friday 19 December 2025 after classes until Monday morning 05 January 2026<\/p>\n\n\n\n<p><strong>Epiphany<\/strong><br>Tuesday 06 January 2026<\/p>\n\n\n\n<p><strong>Winter Vacation<\/strong><br>Friday 20 February 2026 after classes until Thursday morning 05 March 2026<\/p>\n\n\n\n<p><strong>Easter Weekend<\/strong><br>Thursday 02 April 2026 after classes until Tuesday morning 07 April 2026<\/p>\n\n\n\n<p><strong>Spring Vacation<\/strong><br>Friday 24 April 2026 after classes until Monday 11 May 2026<\/p>\n\n\n\n<p><strong>Ascension<\/strong><br>Thursday 14 May 2026<\/p>\n\n\n\n<p><strong>Last day of classes<\/strong><br>Thursday 18 June 2026 after classes<\/p>\n\n\n\n<p>View : <a href=\"https:\/\/www.lfsl.net\/wp-content\/uploads\/2025\/04\/School-Calendar-2025-2026.pdf\">PDF 2025-2026<\/a><\/p>\n\n\n\n<hr class=\"wp-block-separator has-alpha-channel-opacity\"\/>\n\n\n\n<h3 class=\"wp-block-heading\">Provisional School Calendar 2026-2027<\/h3>\n\n\n\n<p><strong>School start<\/strong><br>Friday 24 August \u00a02026<\/p>\n\n\n\n<p><strong>Autumn Vacation<\/strong><br>Friday 16 October 2026 after classes until Monday morning 02 November 2026<\/p>\n\n\n\n<p><strong>Christmas Vacation<\/strong><br>Friday 18 December 2026 after classes until Thursday morning 07 January 2027<\/p>\n\n\n\n<p><strong>Winter Vacation<\/strong><br>Friday 19 February 2027 after classes until Monday morning 08 March 2027<\/p>\n\n\n\n<p><strong>Easter Weekend<\/strong><br>Thursday 25 March 2027 after classes until Tuesday morning 30 March 2027<\/p>\n\n\n\n<p><strong>Spring Vacation<\/strong><br>Friday 23 April 2027 after classes until Monday morning 10 May 2027<\/p>\n\n\n\n<p><strong>Last day of classes<\/strong><br>Thursday 24 June 2027 after classes<\/p>\n","protected":false},"excerpt":{"rendered":"<p>SCHOOL CALENDAR 2025-2026 School startFriday 22 August &nbsp;2025 Autumn VacationFriday 17 October 2025 after classes until Monday morning 03 November 2025 Christmas VacationFriday 19 December 2025 after classes until Monday morning 05 January 2026 EpiphanyTuesday 06 January 2026 Winter VacationFriday 20 February 2026 after classes until Thursday morning 05 March 2026 Easter WeekendThursday 02 April &#8230; <\/p>\n<p class=\"read-more-container\"><a title=\"School Year Calendar\" class=\"read-more button\" href=\"https:\/\/www.lfsl.net\/en\/life-at-lfsl\/school-year-calendar\/#more-1508\" aria-label=\"Read more about School Year Calendar\">Read more<\/a><\/p>\n","protected":false},"author":1,"featured_media":0,"parent":1506,"menu_order":0,"comment_status":"closed","ping_status":"closed","template":"","meta":{"footnotes":""},"class_list":["post-1508","page","type-page","status-publish"],"yoast_head":"<!-- This site is optimized with the Yoast SEO plugin v27.5 - https:\/\/yoast.com\/product\/yoast-seo-wordpress\/ -->\n<title>School Year Calendar &#8211; Lyc\u00e9e Fran\u00e7ais Saint Louis de Stockholm<\/title>\n<meta name=\"robots\" content=\"index, follow, max-snippet:-1, max-image-preview:large, max-video-preview:-1\" \/>\n<link rel=\"canonical\" href=\"https:\/\/www.lfsl.net\/en\/life-at-lfsl\/school-year-calendar\/\" \/>\n<meta property=\"og:locale\" content=\"en_US\" \/>\n<meta property=\"og:type\" content=\"article\" \/>\n<meta property=\"og:title\" content=\"School Year Calendar &#8211; Lyc\u00e9e Fran\u00e7ais Saint Louis de Stockholm\" \/>\n<meta property=\"og:description\" content=\"SCHOOL CALENDAR 2025-2026 School startFriday 22 August &nbsp;2025 Autumn VacationFriday 17 October 2025 after classes until Monday morning 03 November 2025 Christmas VacationFriday 19 December 2025 after classes until Monday morning 05 January 2026 EpiphanyTuesday 06 January 2026 Winter VacationFriday 20 February 2026 after classes until Thursday morning 05 March 2026 Easter WeekendThursday 02 April ... Read more\" \/>\n<meta property=\"og:url\" content=\"https:\/\/www.lfsl.net\/en\/life-at-lfsl\/school-year-calendar\/\" \/>\n<meta property=\"og:site_name\" content=\"Lyc\u00e9e Fran\u00e7ais Saint Louis de Stockholm\" \/>\n<meta property=\"article:publisher\" content=\"https:\/\/www.facebook.com\/Lyc%c3%a9e-Francais-Saint-Louis-182116921840529\/\" \/>\n<meta property=\"article:modified_time\" content=\"2026-02-19T14:07:48+00:00\" \/>\n<meta property=\"og:image\" content=\"https:\/\/www.lfsl.net\/wp-content\/uploads\/2020\/03\/lsfl_logo-minimal_crop.jpg\" \/>\n\t<meta property=\"og:image:width\" content=\"1440\" \/>\n\t<meta property=\"og:image:height\" content=\"810\" \/>\n\t<meta property=\"og:image:type\" content=\"image\/jpeg\" \/>\n<meta name=\"twitter:card\" content=\"summary_large_image\" \/>\n<script type=\"application\/ld+json\" class=\"yoast-schema-graph\">{\"@context\":\"https:\\\/\\\/schema.org\",\"@graph\":[{\"@type\":\"WebPage\",\"@id\":\"https:\\\/\\\/www.lfsl.net\\\/en\\\/life-at-lfsl\\\/school-year-calendar\\\/\",\"url\":\"https:\\\/\\\/www.lfsl.net\\\/en\\\/life-at-lfsl\\\/school-year-calendar\\\/\",\"name\":\"School Year Calendar &#8211; Lyc\u00e9e Fran\u00e7ais Saint Louis de Stockholm\",\"isPartOf\":{\"@id\":\"https:\\\/\\\/www.lfsl.net\\\/en\\\/#website\"},\"datePublished\":\"2018-10-31T09:56:51+00:00\",\"dateModified\":\"2026-02-19T14:07:48+00:00\",\"breadcrumb\":{\"@id\":\"https:\\\/\\\/www.lfsl.net\\\/en\\\/life-at-lfsl\\\/school-year-calendar\\\/#breadcrumb\"},\"inLanguage\":\"en-US\",\"potentialAction\":[{\"@type\":\"ReadAction\",\"target\":[\"https:\\\/\\\/www.lfsl.net\\\/en\\\/life-at-lfsl\\\/school-year-calendar\\\/\"]}]},{\"@type\":\"BreadcrumbList\",\"@id\":\"https:\\\/\\\/www.lfsl.net\\\/en\\\/life-at-lfsl\\\/school-year-calendar\\\/#breadcrumb\",\"itemListElement\":[{\"@type\":\"ListItem\",\"position\":1,\"name\":\"Home\",\"item\":\"https:\\\/\\\/www.lfsl.net\\\/en\\\/\"},{\"@type\":\"ListItem\",\"position\":2,\"name\":\"Life at LFSL\",\"item\":\"https:\\\/\\\/www.lfsl.net\\\/en\\\/life-at-lfsl\\\/\"},{\"@type\":\"ListItem\",\"position\":3,\"name\":\"School Year Calendar\"}]},{\"@type\":\"WebSite\",\"@id\":\"https:\\\/\\\/www.lfsl.net\\\/en\\\/#website\",\"url\":\"https:\\\/\\\/www.lfsl.net\\\/en\\\/\",\"name\":\"Lyc\u00e9e Fran\u00e7ais Saint Louis de Stockholm\",\"description\":\"\u00c9tablissement membre du r\u00e9seau AEFE\",\"publisher\":{\"@id\":\"https:\\\/\\\/www.lfsl.net\\\/en\\\/#organization\"},\"potentialAction\":[{\"@type\":\"SearchAction\",\"target\":{\"@type\":\"EntryPoint\",\"urlTemplate\":\"https:\\\/\\\/www.lfsl.net\\\/en\\\/?s={search_term_string}\"},\"query-input\":{\"@type\":\"PropertyValueSpecification\",\"valueRequired\":true,\"valueName\":\"search_term_string\"}}],\"inLanguage\":\"en-US\"},{\"@type\":\"Organization\",\"@id\":\"https:\\\/\\\/www.lfsl.net\\\/en\\\/#organization\",\"name\":\"Lyc\u00e9e Fran\u00e7ais Saint Louis\",\"url\":\"https:\\\/\\\/www.lfsl.net\\\/en\\\/\",\"logo\":{\"@type\":\"ImageObject\",\"inLanguage\":\"en-US\",\"@id\":\"https:\\\/\\\/www.lfsl.net\\\/en\\\/#\\\/schema\\\/logo\\\/image\\\/\",\"url\":\"https:\\\/\\\/www.lfsl.net\\\/wp-content\\\/uploads\\\/2021\\\/03\\\/LFSL-logo.jpg\",\"contentUrl\":\"https:\\\/\\\/www.lfsl.net\\\/wp-content\\\/uploads\\\/2021\\\/03\\\/LFSL-logo.jpg\",\"width\":330,\"height\":473,\"caption\":\"Lyc\u00e9e Fran\u00e7ais Saint Louis\"},\"image\":{\"@id\":\"https:\\\/\\\/www.lfsl.net\\\/en\\\/#\\\/schema\\\/logo\\\/image\\\/\"},\"sameAs\":[\"https:\\\/\\\/www.facebook.com\\\/Lyc\u00e9e-Francais-Saint-Louis-182116921840529\\\/\",\"https:\\\/\\\/www.instagram.com\\\/lyceefrancaisstockholm\\\/\",\"https:\\\/\\\/www.linkedin.com\\\/school\\\/lfsl\\\/\",\"https:\\\/\\\/www.youtube.com\\\/channel\\\/UCchS4IO4jE_YY0ILwn5NgGQ\"]}]}<\/script>\n<!-- \/ Yoast SEO plugin. -->","yoast_head_json":{"title":"School Year Calendar &#8211; Lyc\u00e9e Fran\u00e7ais Saint Louis de Stockholm","robots":{"index":"index","follow":"follow","max-snippet":"max-snippet:-1","max-image-preview":"max-image-preview:large","max-video-preview":"max-video-preview:-1"},"canonical":"https:\/\/www.lfsl.net\/en\/life-at-lfsl\/school-year-calendar\/","og_locale":"en_US","og_type":"article","og_title":"School Year Calendar &#8211; Lyc\u00e9e Fran\u00e7ais Saint Louis de Stockholm","og_description":"SCHOOL CALENDAR 2025-2026 School startFriday 22 August &nbsp;2025 Autumn VacationFriday 17 October 2025 after classes until Monday morning 03 November 2025 Christmas VacationFriday 19 December 2025 after classes until Monday morning 05 January 2026 EpiphanyTuesday 06 January 2026 Winter VacationFriday 20 February 2026 after classes until Thursday morning 05 March 2026 Easter WeekendThursday 02 April ... Read more","og_url":"https:\/\/www.lfsl.net\/en\/life-at-lfsl\/school-year-calendar\/","og_site_name":"Lyc\u00e9e Fran\u00e7ais Saint Louis de Stockholm","article_publisher":"https:\/\/www.facebook.com\/Lyc%c3%a9e-Francais-Saint-Louis-182116921840529\/","article_modified_time":"2026-02-19T14:07:48+00:00","og_image":[{"width":1440,"height":810,"url":"https:\/\/www.lfsl.net\/wp-content\/uploads\/2020\/03\/lsfl_logo-minimal_crop.jpg","type":"image\/jpeg"}],"twitter_card":"summary_large_image","schema":{"@context":"https:\/\/schema.org","@graph":[{"@type":"WebPage","@id":"https:\/\/www.lfsl.net\/en\/life-at-lfsl\/school-year-calendar\/","url":"https:\/\/www.lfsl.net\/en\/life-at-lfsl\/school-year-calendar\/","name":"School Year Calendar &#8211; Lyc\u00e9e Fran\u00e7ais Saint Louis de Stockholm","isPartOf":{"@id":"https:\/\/www.lfsl.net\/en\/#website"},"datePublished":"2018-10-31T09:56:51+00:00","dateModified":"2026-02-19T14:07:48+00:00","breadcrumb":{"@id":"https:\/\/www.lfsl.net\/en\/life-at-lfsl\/school-year-calendar\/#breadcrumb"},"inLanguage":"en-US","potentialAction":[{"@type":"ReadAction","target":["https:\/\/www.lfsl.net\/en\/life-at-lfsl\/school-year-calendar\/"]}]},{"@type":"BreadcrumbList","@id":"https:\/\/www.lfsl.net\/en\/life-at-lfsl\/school-year-calendar\/#breadcrumb","itemListElement":[{"@type":"ListItem","position":1,"name":"Home","item":"https:\/\/www.lfsl.net\/en\/"},{"@type":"ListItem","position":2,"name":"Life at LFSL","item":"https:\/\/www.lfsl.net\/en\/life-at-lfsl\/"},{"@type":"ListItem","position":3,"name":"School Year Calendar"}]},{"@type":"WebSite","@id":"https:\/\/www.lfsl.net\/en\/#website","url":"https:\/\/www.lfsl.net\/en\/","name":"Lyc\u00e9e Fran\u00e7ais Saint Louis de Stockholm","description":"\u00c9tablissement membre du r\u00e9seau AEFE","publisher":{"@id":"https:\/\/www.lfsl.net\/en\/#organization"},"potentialAction":[{"@type":"SearchAction","target":{"@type":"EntryPoint","urlTemplate":"https:\/\/www.lfsl.net\/en\/?s={search_term_string}"},"query-input":{"@type":"PropertyValueSpecification","valueRequired":true,"valueName":"search_term_string"}}],"inLanguage":"en-US"},{"@type":"Organization","@id":"https:\/\/www.lfsl.net\/en\/#organization","name":"Lyc\u00e9e Fran\u00e7ais Saint Louis","url":"https:\/\/www.lfsl.net\/en\/","logo":{"@type":"ImageObject","inLanguage":"en-US","@id":"https:\/\/www.lfsl.net\/en\/#\/schema\/logo\/image\/","url":"https:\/\/www.lfsl.net\/wp-content\/uploads\/2021\/03\/LFSL-logo.jpg","contentUrl":"https:\/\/www.lfsl.net\/wp-content\/uploads\/2021\/03\/LFSL-logo.jpg","width":330,"height":473,"caption":"Lyc\u00e9e Fran\u00e7ais Saint Louis"},"image":{"@id":"https:\/\/www.lfsl.net\/en\/#\/schema\/logo\/image\/"},"sameAs":["https:\/\/www.facebook.com\/Lyc\u00e9e-Francais-Saint-Louis-182116921840529\/","https:\/\/www.instagram.com\/lyceefrancaisstockholm\/","https:\/\/www.linkedin.com\/school\/lfsl\/","https:\/\/www.youtube.com\/channel\/UCchS4IO4jE_YY0ILwn5NgGQ"]}]}},"_links":{"self":[{"href":"https:\/\/www.lfsl.net\/en\/wp-json\/wp\/v2\/pages\/1508","targetHints":{"allow":["GET"]}}],"collection":[{"href":"https:\/\/www.lfsl.net\/en\/wp-json\/wp\/v2\/pages"}],"about":[{"href":"https:\/\/www.lfsl.net\/en\/wp-json\/wp\/v2\/types\/page"}],"author":[{"embeddable":true,"href":"https:\/\/www.lfsl.net\/en\/wp-json\/wp\/v2\/users\/1"}],"replies":[{"embeddable":true,"href":"https:\/\/www.lfsl.net\/en\/wp-json\/wp\/v2\/comments?post=1508"}],"version-history":[{"count":41,"href":"https:\/\/www.lfsl.net\/en\/wp-json\/wp\/v2\/pages\/1508\/revisions"}],"predecessor-version":[{"id":24976,"href":"https:\/\/www.lfsl.net\/en\/wp-json\/wp\/v2\/pages\/1508\/revisions\/24976"}],"up":[{"embeddable":true,"href":"https:\/\/www.lfsl.net\/en\/wp-json\/wp\/v2\/pages\/1506"}],"wp:attachment":[{"href":"https:\/\/www.lfsl.net\/en\/wp-json\/wp\/v2\/media?parent=1508"}],"curies":[{"name":"wp","href":"https:\/\/api.w.org\/{rel}","templated":true}]}}