{"id":1510,"date":"2018-10-31T09:57:04","date_gmt":"2018-10-31T09:57:04","guid":{"rendered":"http:\/\/lfsl.net.hemsida.eu\/?page_id=1510"},"modified":"2026-02-19T13:38:59","modified_gmt":"2026-02-19T13:38:59","slug":"school-regulations","status":"publish","type":"page","link":"https:\/\/www.lfsl.net\/en\/life-at-lfsl\/school-regulations\/","title":{"rendered":"School Regulations"},"content":{"rendered":"<h3>HEALTH MEASURES\u00a0<\/h3>\n<p><a href=\"https:\/\/www.lfsl.net\/protocole-sanitaire-et-pedagogique\/\">COVID-19 \u2013 HEALTH AND PEDAGOGICAL PROTOCOL<\/a><\/p>\n<h3>LFSL SCHOOLING CHART<\/h3>\n<p><a href=\"https:\/\/www.lfsl.net\/wp-content\/uploads\/2020\/04\/CHARTE-DE-SCOLARISATION-AU-LFSL_ENG.pdf\" target=\"_blank\" rel=\"noopener noreferrer\">LFSL SCHOOLING CHART<\/a><\/p>\n<h3>Educational chart \u00e9L\u00e9mentaire (IN FRENCH) :<\/h3>\n<p><a href=\"https:\/\/www.lfsl.net\/wp-content\/uploads\/2026\/02\/25-26-reglement-interieur-CECOL-16-10-25.pdf\">R\u00c8GLEMENT INT\u00c9RIEUR \u00c9L\u00c9MENTAIRE<\/a><\/p>\n<p><a href=\"https:\/\/www.lfsl.net\/wp-content\/uploads\/2019\/04\/CHARTE-LAICITE.pdf\">CHARTE LA\u00cfCIT\u00c9<\/a><\/p>\n<h3>Educational chart coll\u00e8ge-lyc\u00e9e (IN FRENCH) :<\/h3>\n<p><a href=\"https:\/\/www.lfsl.net\/wp-content\/uploads\/2019\/05\/190404_R\u00e8glement-int\u00e9rieur-LFSL-secondaire_2.pdf\">R\u00c8GLEMENT INT\u00c9RIEUR SECONDAIRE<\/a><\/p>\n<p><a href=\"https:\/\/www.lfsl.net\/wp-content\/uploads\/2019\/04\/CHARTE-LAICITE.pdf\">CHARTE LA\u00cfCIT\u00c9<\/a><\/p>\n<h3>conditions for using school lockers coll\u00c8ge-Lyc\u00e9e (in french):\u00a0<\/h3>\n<p><a href=\"https:\/\/www.lfsl.net\/wp-content\/uploads\/2020\/03\/CONDITION_UTILISATION_CASIERS_2020.pdf\" target=\"_blank\" rel=\"noopener noreferrer\">CONDITIONS FOR USING SCHOOL LOCKERS<\/a><\/p>\n<h3>School dining chart (iN french):<\/h3>\n<p><a href=\"https:\/\/www.lfsl.net\/wp-content\/uploads\/2019\/04\/Charte-cantine.pdf\">LA CHARTE DE LA CANTINE<\/a><\/p>\n<h3>IT chart (in french):<\/h3>\n<p><a href=\"https:\/\/www.lfsl.net\/wp-content\/uploads\/2021\/10\/Charte-informatique-2021.pdf\" target=\"_blank\" rel=\"noopener\">CHARTE INFORMATIQUE<\/a><\/p>\n\n\n<p><a href=\"https:\/\/www.lfsl.net\/wp-content\/uploads\/2019\/06\/N\u00e5gra-goda-r\u00e5d-till-dig-som-\u00e4r-ton\u00e5rsf\u00f6r\u00e4lder_2019.pdf\">Advice for parents to teenagers (in Swedish)<\/a><\/p>\n","protected":false},"excerpt":{"rendered":"<p>HEALTH MEASURES\u00a0 COVID-19 \u2013 HEALTH AND PEDAGOGICAL PROTOCOL LFSL SCHOOLING CHART LFSL SCHOOLING CHART Educational chart \u00e9L\u00e9mentaire (IN FRENCH) : R\u00c8GLEMENT INT\u00c9RIEUR \u00c9L\u00c9MENTAIRE CHARTE LA\u00cfCIT\u00c9 Educational chart coll\u00e8ge-lyc\u00e9e (IN FRENCH) : R\u00c8GLEMENT INT\u00c9RIEUR SECONDAIRE CHARTE LA\u00cfCIT\u00c9 conditions for using school lockers coll\u00c8ge-Lyc\u00e9e (in french):\u00a0 CONDITIONS FOR USING SCHOOL LOCKERS School dining chart (iN french): LA &#8230; <\/p>\n<p class=\"read-more-container\"><a title=\"School Regulations\" class=\"read-more button\" href=\"https:\/\/www.lfsl.net\/en\/life-at-lfsl\/school-regulations\/#more-1510\" aria-label=\"Read more about School Regulations\">Read more<\/a><\/p>\n","protected":false},"author":1,"featured_media":0,"parent":1506,"menu_order":0,"comment_status":"closed","ping_status":"closed","template":"","meta":{"footnotes":""},"class_list":["post-1510","page","type-page","status-publish"],"yoast_head":"<!-- This site is optimized with the Yoast SEO plugin v27.4 - https:\/\/yoast.com\/product\/yoast-seo-wordpress\/ -->\n<title>School Regulations &#8211; Lyc\u00e9e Fran\u00e7ais Saint Louis de Stockholm<\/title>\n<meta name=\"robots\" content=\"index, follow, max-snippet:-1, max-image-preview:large, max-video-preview:-1\" \/>\n<link rel=\"canonical\" href=\"https:\/\/www.lfsl.net\/en\/life-at-lfsl\/school-regulations\/\" \/>\n<meta property=\"og:locale\" content=\"en_US\" \/>\n<meta property=\"og:type\" content=\"article\" \/>\n<meta property=\"og:title\" content=\"School Regulations &#8211; Lyc\u00e9e Fran\u00e7ais Saint Louis de Stockholm\" \/>\n<meta property=\"og:description\" content=\"HEALTH MEASURES\u00a0 COVID-19 \u2013 HEALTH AND PEDAGOGICAL PROTOCOL LFSL SCHOOLING CHART LFSL SCHOOLING CHART Educational chart \u00e9L\u00e9mentaire (IN FRENCH) : R\u00c8GLEMENT INT\u00c9RIEUR \u00c9L\u00c9MENTAIRE CHARTE LA\u00cfCIT\u00c9 Educational chart coll\u00e8ge-lyc\u00e9e (IN FRENCH) : R\u00c8GLEMENT INT\u00c9RIEUR SECONDAIRE CHARTE LA\u00cfCIT\u00c9 conditions for using school lockers coll\u00c8ge-Lyc\u00e9e (in french):\u00a0 CONDITIONS FOR USING SCHOOL LOCKERS School dining chart (iN french): LA ... Read more\" \/>\n<meta property=\"og:url\" content=\"https:\/\/www.lfsl.net\/en\/life-at-lfsl\/school-regulations\/\" \/>\n<meta property=\"og:site_name\" content=\"Lyc\u00e9e Fran\u00e7ais Saint Louis de Stockholm\" \/>\n<meta property=\"article:publisher\" content=\"https:\/\/www.facebook.com\/Lyc%c3%a9e-Francais-Saint-Louis-182116921840529\/\" \/>\n<meta property=\"article:modified_time\" content=\"2026-02-19T13:38:59+00:00\" \/>\n<meta property=\"og:image\" content=\"https:\/\/www.lfsl.net\/wp-content\/uploads\/2020\/03\/lsfl_logo-minimal_crop.jpg\" \/>\n\t<meta property=\"og:image:width\" content=\"1440\" \/>\n\t<meta property=\"og:image:height\" content=\"810\" \/>\n\t<meta property=\"og:image:type\" content=\"image\/jpeg\" \/>\n<meta name=\"twitter:card\" content=\"summary_large_image\" \/>\n<script type=\"application\/ld+json\" class=\"yoast-schema-graph\">{\"@context\":\"https:\\\/\\\/schema.org\",\"@graph\":[{\"@type\":\"WebPage\",\"@id\":\"https:\\\/\\\/www.lfsl.net\\\/en\\\/life-at-lfsl\\\/school-regulations\\\/\",\"url\":\"https:\\\/\\\/www.lfsl.net\\\/en\\\/life-at-lfsl\\\/school-regulations\\\/\",\"name\":\"School Regulations &#8211; Lyc\u00e9e Fran\u00e7ais Saint Louis de Stockholm\",\"isPartOf\":{\"@id\":\"https:\\\/\\\/www.lfsl.net\\\/en\\\/#website\"},\"datePublished\":\"2018-10-31T09:57:04+00:00\",\"dateModified\":\"2026-02-19T13:38:59+00:00\",\"breadcrumb\":{\"@id\":\"https:\\\/\\\/www.lfsl.net\\\/en\\\/life-at-lfsl\\\/school-regulations\\\/#breadcrumb\"},\"inLanguage\":\"en-US\",\"potentialAction\":[{\"@type\":\"ReadAction\",\"target\":[\"https:\\\/\\\/www.lfsl.net\\\/en\\\/life-at-lfsl\\\/school-regulations\\\/\"]}]},{\"@type\":\"BreadcrumbList\",\"@id\":\"https:\\\/\\\/www.lfsl.net\\\/en\\\/life-at-lfsl\\\/school-regulations\\\/#breadcrumb\",\"itemListElement\":[{\"@type\":\"ListItem\",\"position\":1,\"name\":\"Home\",\"item\":\"https:\\\/\\\/www.lfsl.net\\\/en\\\/\"},{\"@type\":\"ListItem\",\"position\":2,\"name\":\"Life at LFSL\",\"item\":\"https:\\\/\\\/www.lfsl.net\\\/en\\\/life-at-lfsl\\\/\"},{\"@type\":\"ListItem\",\"position\":3,\"name\":\"School Regulations\"}]},{\"@type\":\"WebSite\",\"@id\":\"https:\\\/\\\/www.lfsl.net\\\/en\\\/#website\",\"url\":\"https:\\\/\\\/www.lfsl.net\\\/en\\\/\",\"name\":\"Lyc\u00e9e Fran\u00e7ais Saint Louis de Stockholm\",\"description\":\"\u00c9tablissement membre du r\u00e9seau AEFE\",\"publisher\":{\"@id\":\"https:\\\/\\\/www.lfsl.net\\\/en\\\/#organization\"},\"potentialAction\":[{\"@type\":\"SearchAction\",\"target\":{\"@type\":\"EntryPoint\",\"urlTemplate\":\"https:\\\/\\\/www.lfsl.net\\\/en\\\/?s={search_term_string}\"},\"query-input\":{\"@type\":\"PropertyValueSpecification\",\"valueRequired\":true,\"valueName\":\"search_term_string\"}}],\"inLanguage\":\"en-US\"},{\"@type\":\"Organization\",\"@id\":\"https:\\\/\\\/www.lfsl.net\\\/en\\\/#organization\",\"name\":\"Lyc\u00e9e Fran\u00e7ais Saint Louis\",\"url\":\"https:\\\/\\\/www.lfsl.net\\\/en\\\/\",\"logo\":{\"@type\":\"ImageObject\",\"inLanguage\":\"en-US\",\"@id\":\"https:\\\/\\\/www.lfsl.net\\\/en\\\/#\\\/schema\\\/logo\\\/image\\\/\",\"url\":\"https:\\\/\\\/www.lfsl.net\\\/wp-content\\\/uploads\\\/2021\\\/03\\\/LFSL-logo.jpg\",\"contentUrl\":\"https:\\\/\\\/www.lfsl.net\\\/wp-content\\\/uploads\\\/2021\\\/03\\\/LFSL-logo.jpg\",\"width\":330,\"height\":473,\"caption\":\"Lyc\u00e9e Fran\u00e7ais Saint Louis\"},\"image\":{\"@id\":\"https:\\\/\\\/www.lfsl.net\\\/en\\\/#\\\/schema\\\/logo\\\/image\\\/\"},\"sameAs\":[\"https:\\\/\\\/www.facebook.com\\\/Lyc\u00e9e-Francais-Saint-Louis-182116921840529\\\/\",\"https:\\\/\\\/www.instagram.com\\\/lyceefrancaisstockholm\\\/\",\"https:\\\/\\\/www.linkedin.com\\\/school\\\/lfsl\\\/\",\"https:\\\/\\\/www.youtube.com\\\/channel\\\/UCchS4IO4jE_YY0ILwn5NgGQ\"]}]}<\/script>\n<!-- \/ Yoast SEO plugin. -->","yoast_head_json":{"title":"School Regulations &#8211; Lyc\u00e9e Fran\u00e7ais Saint Louis de Stockholm","robots":{"index":"index","follow":"follow","max-snippet":"max-snippet:-1","max-image-preview":"max-image-preview:large","max-video-preview":"max-video-preview:-1"},"canonical":"https:\/\/www.lfsl.net\/en\/life-at-lfsl\/school-regulations\/","og_locale":"en_US","og_type":"article","og_title":"School Regulations &#8211; Lyc\u00e9e Fran\u00e7ais Saint Louis de Stockholm","og_description":"HEALTH MEASURES\u00a0 COVID-19 \u2013 HEALTH AND PEDAGOGICAL PROTOCOL LFSL SCHOOLING CHART LFSL SCHOOLING CHART Educational chart \u00e9L\u00e9mentaire (IN FRENCH) : R\u00c8GLEMENT INT\u00c9RIEUR \u00c9L\u00c9MENTAIRE CHARTE LA\u00cfCIT\u00c9 Educational chart coll\u00e8ge-lyc\u00e9e (IN FRENCH) : R\u00c8GLEMENT INT\u00c9RIEUR SECONDAIRE CHARTE LA\u00cfCIT\u00c9 conditions for using school lockers coll\u00c8ge-Lyc\u00e9e (in french):\u00a0 CONDITIONS FOR USING SCHOOL LOCKERS School dining chart (iN french): LA ... Read more","og_url":"https:\/\/www.lfsl.net\/en\/life-at-lfsl\/school-regulations\/","og_site_name":"Lyc\u00e9e Fran\u00e7ais Saint Louis de Stockholm","article_publisher":"https:\/\/www.facebook.com\/Lyc%c3%a9e-Francais-Saint-Louis-182116921840529\/","article_modified_time":"2026-02-19T13:38:59+00:00","og_image":[{"width":1440,"height":810,"url":"https:\/\/www.lfsl.net\/wp-content\/uploads\/2020\/03\/lsfl_logo-minimal_crop.jpg","type":"image\/jpeg"}],"twitter_card":"summary_large_image","schema":{"@context":"https:\/\/schema.org","@graph":[{"@type":"WebPage","@id":"https:\/\/www.lfsl.net\/en\/life-at-lfsl\/school-regulations\/","url":"https:\/\/www.lfsl.net\/en\/life-at-lfsl\/school-regulations\/","name":"School Regulations &#8211; Lyc\u00e9e Fran\u00e7ais Saint Louis de Stockholm","isPartOf":{"@id":"https:\/\/www.lfsl.net\/en\/#website"},"datePublished":"2018-10-31T09:57:04+00:00","dateModified":"2026-02-19T13:38:59+00:00","breadcrumb":{"@id":"https:\/\/www.lfsl.net\/en\/life-at-lfsl\/school-regulations\/#breadcrumb"},"inLanguage":"en-US","potentialAction":[{"@type":"ReadAction","target":["https:\/\/www.lfsl.net\/en\/life-at-lfsl\/school-regulations\/"]}]},{"@type":"BreadcrumbList","@id":"https:\/\/www.lfsl.net\/en\/life-at-lfsl\/school-regulations\/#breadcrumb","itemListElement":[{"@type":"ListItem","position":1,"name":"Home","item":"https:\/\/www.lfsl.net\/en\/"},{"@type":"ListItem","position":2,"name":"Life at LFSL","item":"https:\/\/www.lfsl.net\/en\/life-at-lfsl\/"},{"@type":"ListItem","position":3,"name":"School Regulations"}]},{"@type":"WebSite","@id":"https:\/\/www.lfsl.net\/en\/#website","url":"https:\/\/www.lfsl.net\/en\/","name":"Lyc\u00e9e Fran\u00e7ais Saint Louis de Stockholm","description":"\u00c9tablissement membre du r\u00e9seau AEFE","publisher":{"@id":"https:\/\/www.lfsl.net\/en\/#organization"},"potentialAction":[{"@type":"SearchAction","target":{"@type":"EntryPoint","urlTemplate":"https:\/\/www.lfsl.net\/en\/?s={search_term_string}"},"query-input":{"@type":"PropertyValueSpecification","valueRequired":true,"valueName":"search_term_string"}}],"inLanguage":"en-US"},{"@type":"Organization","@id":"https:\/\/www.lfsl.net\/en\/#organization","name":"Lyc\u00e9e Fran\u00e7ais Saint Louis","url":"https:\/\/www.lfsl.net\/en\/","logo":{"@type":"ImageObject","inLanguage":"en-US","@id":"https:\/\/www.lfsl.net\/en\/#\/schema\/logo\/image\/","url":"https:\/\/www.lfsl.net\/wp-content\/uploads\/2021\/03\/LFSL-logo.jpg","contentUrl":"https:\/\/www.lfsl.net\/wp-content\/uploads\/2021\/03\/LFSL-logo.jpg","width":330,"height":473,"caption":"Lyc\u00e9e Fran\u00e7ais Saint Louis"},"image":{"@id":"https:\/\/www.lfsl.net\/en\/#\/schema\/logo\/image\/"},"sameAs":["https:\/\/www.facebook.com\/Lyc\u00e9e-Francais-Saint-Louis-182116921840529\/","https:\/\/www.instagram.com\/lyceefrancaisstockholm\/","https:\/\/www.linkedin.com\/school\/lfsl\/","https:\/\/www.youtube.com\/channel\/UCchS4IO4jE_YY0ILwn5NgGQ"]}]}},"_links":{"self":[{"href":"https:\/\/www.lfsl.net\/en\/wp-json\/wp\/v2\/pages\/1510","targetHints":{"allow":["GET"]}}],"collection":[{"href":"https:\/\/www.lfsl.net\/en\/wp-json\/wp\/v2\/pages"}],"about":[{"href":"https:\/\/www.lfsl.net\/en\/wp-json\/wp\/v2\/types\/page"}],"author":[{"embeddable":true,"href":"https:\/\/www.lfsl.net\/en\/wp-json\/wp\/v2\/users\/1"}],"replies":[{"embeddable":true,"href":"https:\/\/www.lfsl.net\/en\/wp-json\/wp\/v2\/comments?post=1510"}],"version-history":[{"count":29,"href":"https:\/\/www.lfsl.net\/en\/wp-json\/wp\/v2\/pages\/1510\/revisions"}],"predecessor-version":[{"id":24965,"href":"https:\/\/www.lfsl.net\/en\/wp-json\/wp\/v2\/pages\/1510\/revisions\/24965"}],"up":[{"embeddable":true,"href":"https:\/\/www.lfsl.net\/en\/wp-json\/wp\/v2\/pages\/1506"}],"wp:attachment":[{"href":"https:\/\/www.lfsl.net\/en\/wp-json\/wp\/v2\/media?parent=1510"}],"curies":[{"name":"wp","href":"https:\/\/api.w.org\/{rel}","templated":true}]}}