{"id":1512,"date":"2018-10-31T09:57:24","date_gmt":"2018-10-31T09:57:24","guid":{"rendered":"http:\/\/lfsl.net.hemsida.eu\/?page_id=1512"},"modified":"2024-12-16T09:27:18","modified_gmt":"2024-12-16T09:27:18","slug":"equal-treatment-plan","status":"publish","type":"page","link":"https:\/\/www.lfsl.net\/en\/life-at-lfsl\/equal-treatment-plan\/","title":{"rendered":"Equal treatment plan"},"content":{"rendered":"\n<p>All students have the right to protection against discrimination, harassment and degrading treatment in school.<br><br>Since January 1, 2009, this protection has been regulated by the Discrimination Act and the Schools Act in Sweden.<br>According to this law, the school curriculum must operate in such a way as to ensure equitable treatment of each individual, while constantly claiming equality for everyone with regard to the rights and duties of all within the establishment.<\/p>\n\n\n\n<p>The Lyc\u00e9e Fran\u00e7ais Saint Louis works to fight discrimination and offensive treatment, through the Equal Treatment Plan.<br>We work through this plan to ensure that no one feels insecure or is exposed to discrimination, harassment or any other offensive treatment within the foundation. <br>It is the responsibility of all staff to take action at all times if a student is subjected to abuse, bullying, or a student who feels bad.<\/p>\n\n\n\n<p>Every year, we conduct a questionnaire survey at school. The results and the interviews on the health by the school nurse form the basis of the reflections and the objectives that we put in place within the school.<\/p>\n\n\n\n<p>The school must continue to work towards equal treatment.<br>Therefore, each year we assess the needs and areas for improvement of the establishment in order to define the subjects on which we must work so that everyone can feel safe and treated fairly.<\/p>\n\n\n\n<p><a href=\"https:\/\/www.lfsl.net\/wp-content\/uploads\/2024\/12\/Likabehandlingsplan-2024-2025-FR.pdf\">EQUAL TREATMENT PLAN 2024-2025 (IN FRENCH)<\/a><\/p>\n","protected":false},"excerpt":{"rendered":"<p>All students have the right to protection against discrimination, harassment and degrading treatment in school. Since January 1, 2009, this protection has been regulated by the Discrimination Act and the Schools Act in Sweden.According to this law, the school curriculum must operate in such a way as to ensure equitable treatment of each individual, while &#8230; <\/p>\n<p class=\"read-more-container\"><a title=\"Equal treatment plan\" class=\"read-more button\" href=\"https:\/\/www.lfsl.net\/en\/life-at-lfsl\/equal-treatment-plan\/#more-1512\" aria-label=\"Read more about Equal treatment plan\">Read more<\/a><\/p>\n","protected":false},"author":1,"featured_media":0,"parent":1506,"menu_order":0,"comment_status":"closed","ping_status":"closed","template":"","meta":{"footnotes":""},"class_list":["post-1512","page","type-page","status-publish"],"yoast_head":"<!-- This site is optimized with the Yoast SEO plugin v27.4 - https:\/\/yoast.com\/product\/yoast-seo-wordpress\/ -->\n<title>Equal treatment plan &#8211; Lyc\u00e9e Fran\u00e7ais Saint Louis de Stockholm<\/title>\n<meta name=\"robots\" content=\"index, follow, max-snippet:-1, max-image-preview:large, max-video-preview:-1\" \/>\n<link rel=\"canonical\" href=\"https:\/\/www.lfsl.net\/en\/life-at-lfsl\/equal-treatment-plan\/\" \/>\n<meta property=\"og:locale\" content=\"en_US\" \/>\n<meta property=\"og:type\" content=\"article\" \/>\n<meta property=\"og:title\" content=\"Equal treatment plan &#8211; Lyc\u00e9e Fran\u00e7ais Saint Louis de Stockholm\" \/>\n<meta property=\"og:description\" content=\"All students have the right to protection against discrimination, harassment and degrading treatment in school. Since January 1, 2009, this protection has been regulated by the Discrimination Act and the Schools Act in Sweden.According to this law, the school curriculum must operate in such a way as to ensure equitable treatment of each individual, while ... Read more\" \/>\n<meta property=\"og:url\" content=\"https:\/\/www.lfsl.net\/en\/life-at-lfsl\/equal-treatment-plan\/\" \/>\n<meta property=\"og:site_name\" content=\"Lyc\u00e9e Fran\u00e7ais Saint Louis de Stockholm\" \/>\n<meta property=\"article:publisher\" content=\"https:\/\/www.facebook.com\/Lyc%c3%a9e-Francais-Saint-Louis-182116921840529\/\" \/>\n<meta property=\"article:modified_time\" content=\"2024-12-16T09:27:18+00:00\" \/>\n<meta property=\"og:image\" content=\"https:\/\/www.lfsl.net\/wp-content\/uploads\/2020\/03\/lsfl_logo-minimal_crop.jpg\" \/>\n\t<meta property=\"og:image:width\" content=\"1440\" \/>\n\t<meta property=\"og:image:height\" content=\"810\" \/>\n\t<meta property=\"og:image:type\" content=\"image\/jpeg\" \/>\n<meta name=\"twitter:card\" content=\"summary_large_image\" \/>\n<script type=\"application\/ld+json\" class=\"yoast-schema-graph\">{\"@context\":\"https:\\\/\\\/schema.org\",\"@graph\":[{\"@type\":\"WebPage\",\"@id\":\"https:\\\/\\\/www.lfsl.net\\\/en\\\/life-at-lfsl\\\/equal-treatment-plan\\\/\",\"url\":\"https:\\\/\\\/www.lfsl.net\\\/en\\\/life-at-lfsl\\\/equal-treatment-plan\\\/\",\"name\":\"Equal treatment plan &#8211; Lyc\u00e9e Fran\u00e7ais Saint Louis de Stockholm\",\"isPartOf\":{\"@id\":\"https:\\\/\\\/www.lfsl.net\\\/en\\\/#website\"},\"datePublished\":\"2018-10-31T09:57:24+00:00\",\"dateModified\":\"2024-12-16T09:27:18+00:00\",\"breadcrumb\":{\"@id\":\"https:\\\/\\\/www.lfsl.net\\\/en\\\/life-at-lfsl\\\/equal-treatment-plan\\\/#breadcrumb\"},\"inLanguage\":\"en-US\",\"potentialAction\":[{\"@type\":\"ReadAction\",\"target\":[\"https:\\\/\\\/www.lfsl.net\\\/en\\\/life-at-lfsl\\\/equal-treatment-plan\\\/\"]}]},{\"@type\":\"BreadcrumbList\",\"@id\":\"https:\\\/\\\/www.lfsl.net\\\/en\\\/life-at-lfsl\\\/equal-treatment-plan\\\/#breadcrumb\",\"itemListElement\":[{\"@type\":\"ListItem\",\"position\":1,\"name\":\"Home\",\"item\":\"https:\\\/\\\/www.lfsl.net\\\/en\\\/\"},{\"@type\":\"ListItem\",\"position\":2,\"name\":\"Life at LFSL\",\"item\":\"https:\\\/\\\/www.lfsl.net\\\/en\\\/life-at-lfsl\\\/\"},{\"@type\":\"ListItem\",\"position\":3,\"name\":\"Equal treatment plan\"}]},{\"@type\":\"WebSite\",\"@id\":\"https:\\\/\\\/www.lfsl.net\\\/en\\\/#website\",\"url\":\"https:\\\/\\\/www.lfsl.net\\\/en\\\/\",\"name\":\"Lyc\u00e9e Fran\u00e7ais Saint Louis de Stockholm\",\"description\":\"\u00c9tablissement membre du r\u00e9seau AEFE\",\"publisher\":{\"@id\":\"https:\\\/\\\/www.lfsl.net\\\/en\\\/#organization\"},\"potentialAction\":[{\"@type\":\"SearchAction\",\"target\":{\"@type\":\"EntryPoint\",\"urlTemplate\":\"https:\\\/\\\/www.lfsl.net\\\/en\\\/?s={search_term_string}\"},\"query-input\":{\"@type\":\"PropertyValueSpecification\",\"valueRequired\":true,\"valueName\":\"search_term_string\"}}],\"inLanguage\":\"en-US\"},{\"@type\":\"Organization\",\"@id\":\"https:\\\/\\\/www.lfsl.net\\\/en\\\/#organization\",\"name\":\"Lyc\u00e9e Fran\u00e7ais Saint Louis\",\"url\":\"https:\\\/\\\/www.lfsl.net\\\/en\\\/\",\"logo\":{\"@type\":\"ImageObject\",\"inLanguage\":\"en-US\",\"@id\":\"https:\\\/\\\/www.lfsl.net\\\/en\\\/#\\\/schema\\\/logo\\\/image\\\/\",\"url\":\"https:\\\/\\\/www.lfsl.net\\\/wp-content\\\/uploads\\\/2021\\\/03\\\/LFSL-logo.jpg\",\"contentUrl\":\"https:\\\/\\\/www.lfsl.net\\\/wp-content\\\/uploads\\\/2021\\\/03\\\/LFSL-logo.jpg\",\"width\":330,\"height\":473,\"caption\":\"Lyc\u00e9e Fran\u00e7ais Saint Louis\"},\"image\":{\"@id\":\"https:\\\/\\\/www.lfsl.net\\\/en\\\/#\\\/schema\\\/logo\\\/image\\\/\"},\"sameAs\":[\"https:\\\/\\\/www.facebook.com\\\/Lyc\u00e9e-Francais-Saint-Louis-182116921840529\\\/\",\"https:\\\/\\\/www.instagram.com\\\/lyceefrancaisstockholm\\\/\",\"https:\\\/\\\/www.linkedin.com\\\/school\\\/lfsl\\\/\",\"https:\\\/\\\/www.youtube.com\\\/channel\\\/UCchS4IO4jE_YY0ILwn5NgGQ\"]}]}<\/script>\n<!-- \/ Yoast SEO plugin. -->","yoast_head_json":{"title":"Equal treatment plan &#8211; Lyc\u00e9e Fran\u00e7ais Saint Louis de Stockholm","robots":{"index":"index","follow":"follow","max-snippet":"max-snippet:-1","max-image-preview":"max-image-preview:large","max-video-preview":"max-video-preview:-1"},"canonical":"https:\/\/www.lfsl.net\/en\/life-at-lfsl\/equal-treatment-plan\/","og_locale":"en_US","og_type":"article","og_title":"Equal treatment plan &#8211; Lyc\u00e9e Fran\u00e7ais Saint Louis de Stockholm","og_description":"All students have the right to protection against discrimination, harassment and degrading treatment in school. Since January 1, 2009, this protection has been regulated by the Discrimination Act and the Schools Act in Sweden.According to this law, the school curriculum must operate in such a way as to ensure equitable treatment of each individual, while ... Read more","og_url":"https:\/\/www.lfsl.net\/en\/life-at-lfsl\/equal-treatment-plan\/","og_site_name":"Lyc\u00e9e Fran\u00e7ais Saint Louis de Stockholm","article_publisher":"https:\/\/www.facebook.com\/Lyc%c3%a9e-Francais-Saint-Louis-182116921840529\/","article_modified_time":"2024-12-16T09:27:18+00:00","og_image":[{"width":1440,"height":810,"url":"https:\/\/www.lfsl.net\/wp-content\/uploads\/2020\/03\/lsfl_logo-minimal_crop.jpg","type":"image\/jpeg"}],"twitter_card":"summary_large_image","schema":{"@context":"https:\/\/schema.org","@graph":[{"@type":"WebPage","@id":"https:\/\/www.lfsl.net\/en\/life-at-lfsl\/equal-treatment-plan\/","url":"https:\/\/www.lfsl.net\/en\/life-at-lfsl\/equal-treatment-plan\/","name":"Equal treatment plan &#8211; Lyc\u00e9e Fran\u00e7ais Saint Louis de Stockholm","isPartOf":{"@id":"https:\/\/www.lfsl.net\/en\/#website"},"datePublished":"2018-10-31T09:57:24+00:00","dateModified":"2024-12-16T09:27:18+00:00","breadcrumb":{"@id":"https:\/\/www.lfsl.net\/en\/life-at-lfsl\/equal-treatment-plan\/#breadcrumb"},"inLanguage":"en-US","potentialAction":[{"@type":"ReadAction","target":["https:\/\/www.lfsl.net\/en\/life-at-lfsl\/equal-treatment-plan\/"]}]},{"@type":"BreadcrumbList","@id":"https:\/\/www.lfsl.net\/en\/life-at-lfsl\/equal-treatment-plan\/#breadcrumb","itemListElement":[{"@type":"ListItem","position":1,"name":"Home","item":"https:\/\/www.lfsl.net\/en\/"},{"@type":"ListItem","position":2,"name":"Life at LFSL","item":"https:\/\/www.lfsl.net\/en\/life-at-lfsl\/"},{"@type":"ListItem","position":3,"name":"Equal treatment plan"}]},{"@type":"WebSite","@id":"https:\/\/www.lfsl.net\/en\/#website","url":"https:\/\/www.lfsl.net\/en\/","name":"Lyc\u00e9e Fran\u00e7ais Saint Louis de Stockholm","description":"\u00c9tablissement membre du r\u00e9seau AEFE","publisher":{"@id":"https:\/\/www.lfsl.net\/en\/#organization"},"potentialAction":[{"@type":"SearchAction","target":{"@type":"EntryPoint","urlTemplate":"https:\/\/www.lfsl.net\/en\/?s={search_term_string}"},"query-input":{"@type":"PropertyValueSpecification","valueRequired":true,"valueName":"search_term_string"}}],"inLanguage":"en-US"},{"@type":"Organization","@id":"https:\/\/www.lfsl.net\/en\/#organization","name":"Lyc\u00e9e Fran\u00e7ais Saint Louis","url":"https:\/\/www.lfsl.net\/en\/","logo":{"@type":"ImageObject","inLanguage":"en-US","@id":"https:\/\/www.lfsl.net\/en\/#\/schema\/logo\/image\/","url":"https:\/\/www.lfsl.net\/wp-content\/uploads\/2021\/03\/LFSL-logo.jpg","contentUrl":"https:\/\/www.lfsl.net\/wp-content\/uploads\/2021\/03\/LFSL-logo.jpg","width":330,"height":473,"caption":"Lyc\u00e9e Fran\u00e7ais Saint Louis"},"image":{"@id":"https:\/\/www.lfsl.net\/en\/#\/schema\/logo\/image\/"},"sameAs":["https:\/\/www.facebook.com\/Lyc\u00e9e-Francais-Saint-Louis-182116921840529\/","https:\/\/www.instagram.com\/lyceefrancaisstockholm\/","https:\/\/www.linkedin.com\/school\/lfsl\/","https:\/\/www.youtube.com\/channel\/UCchS4IO4jE_YY0ILwn5NgGQ"]}]}},"_links":{"self":[{"href":"https:\/\/www.lfsl.net\/en\/wp-json\/wp\/v2\/pages\/1512","targetHints":{"allow":["GET"]}}],"collection":[{"href":"https:\/\/www.lfsl.net\/en\/wp-json\/wp\/v2\/pages"}],"about":[{"href":"https:\/\/www.lfsl.net\/en\/wp-json\/wp\/v2\/types\/page"}],"author":[{"embeddable":true,"href":"https:\/\/www.lfsl.net\/en\/wp-json\/wp\/v2\/users\/1"}],"replies":[{"embeddable":true,"href":"https:\/\/www.lfsl.net\/en\/wp-json\/wp\/v2\/comments?post=1512"}],"version-history":[{"count":6,"href":"https:\/\/www.lfsl.net\/en\/wp-json\/wp\/v2\/pages\/1512\/revisions"}],"predecessor-version":[{"id":21119,"href":"https:\/\/www.lfsl.net\/en\/wp-json\/wp\/v2\/pages\/1512\/revisions\/21119"}],"up":[{"embeddable":true,"href":"https:\/\/www.lfsl.net\/en\/wp-json\/wp\/v2\/pages\/1506"}],"wp:attachment":[{"href":"https:\/\/www.lfsl.net\/en\/wp-json\/wp\/v2\/media?parent=1512"}],"curies":[{"name":"wp","href":"https:\/\/api.w.org\/{rel}","templated":true}]}}