{"id":1516,"date":"2018-10-31T09:58:49","date_gmt":"2018-10-31T09:58:49","guid":{"rendered":"http:\/\/lfsl.net.hemsida.eu\/?page_id=1516"},"modified":"2025-01-21T08:34:36","modified_gmt":"2025-01-21T08:34:36","slug":"educational-project","status":"publish","type":"page","link":"https:\/\/www.lfsl.net\/en\/about\/educational-project\/","title":{"rendered":"Educational Project"},"content":{"rendered":"\n<p><\/p>\n\n\n\n<p><strong>LFSL has a unique educational model that combines the strengths of the French and Swedish systems.<\/strong><\/p>\n\n\n\n<p><br><img loading=\"lazy\" decoding=\"async\" width=\"859\" height=\"428\" class=\"alignnone size-full wp-image-3250\" src=\"https:\/\/www.lfsl.net\/wp-content\/uploads\/2019\/04\/Mission_eng.png\" alt=\"\" srcset=\"https:\/\/www.lfsl.net\/wp-content\/uploads\/2019\/04\/Mission_eng.png 859w, https:\/\/www.lfsl.net\/wp-content\/uploads\/2019\/04\/Mission_eng-600x299.png 600w, https:\/\/www.lfsl.net\/wp-content\/uploads\/2019\/04\/Mission_eng-768x383.png 768w\" sizes=\"auto, (max-width: 859px) 100vw, 859px\" \/><\/p>\n\n\n\n<h3 class=\"wp-block-heading\">OUR VALUES<\/h3>\n\n\n<div class=\"wp-block-image\">\n<figure class=\"alignright\"><img loading=\"lazy\" decoding=\"async\" width=\"291\" height=\"200\" src=\"https:\/\/www.lfsl.net\/wp-content\/uploads\/2019\/04\/Values_eng.png\" alt=\"\" class=\"wp-image-3256\"\/><\/figure>\n<\/div>\n\n\n<p><strong>RESPECT<\/strong> &#8211; Respect helps to recognize, accept, appreciate and enhance the qualities of others, their differences and their rights to live in a healthy conviviality based on standards and institutions. <br><strong>WELL-BEING<\/strong> &#8211; Happiness in school is a key factor for both students and teachers. From physical health to mental health through moments of conviviality, living well together bring the fulfilment of all.<br><strong>SUCCESS<\/strong> &#8211; Each person is unique and brings with them human qualities and talents just waiting to unfold. The desire to succeed is a reflection of the skill, energy and willpower that will be used to achieve one&#8217;s goals. The school is there to help the student to go to the top of his abilities.<\/p>\n\n\n\n<h3 class=\"wp-block-heading\">THE SCHOOL PROJECT<\/h3>\n\n\n\n<p>In line with the mission and values \u200b\u200bof LFSL, the School Project , for the years 2022 to 2025, revolves around three axes centered on the well-being and success of the students.<\/p>\n\n\n\n<figure class=\"wp-block-image size-large\"><img loading=\"lazy\" decoding=\"async\" width=\"832\" height=\"610\" src=\"https:\/\/www.lfsl.net\/wp-content\/uploads\/2022\/06\/PE-2022-2025.png\" alt=\"\" class=\"wp-image-13975\" srcset=\"https:\/\/www.lfsl.net\/wp-content\/uploads\/2022\/06\/PE-2022-2025.png 832w, https:\/\/www.lfsl.net\/wp-content\/uploads\/2022\/06\/PE-2022-2025-600x440.png 600w, https:\/\/www.lfsl.net\/wp-content\/uploads\/2022\/06\/PE-2022-2025-768x563.png 768w\" sizes=\"auto, (max-width: 832px) 100vw, 832px\" \/><\/figure>\n\n\n\n<p><a href=\"https:\/\/www.lfsl.net\/wp-content\/uploads\/2022\/06\/PE-LFSL-2022-2025.pdf\" target=\"_blank\" rel=\"noreferrer noopener\">THE COMPLETE SCHOOL PROJECT (IN FRENCH)<\/a><\/p>\n\n\n\n<p><a href=\"https:\/\/www.lfsl.net\/wp-content\/uploads\/2022\/06\/PE-LFSL-2022-2025-Svenska.pdf\" target=\"_blank\" rel=\"noreferrer noopener\">THE COMPLETE SCHOOL PROJECT (IN SWEDISH)<\/a><\/p>\n","protected":false},"excerpt":{"rendered":"<p>LFSL has a unique educational model that combines the strengths of the French and Swedish systems. OUR VALUES RESPECT &#8211; Respect helps to recognize, accept, appreciate and enhance the qualities of others, their differences and their rights to live in a healthy conviviality based on standards and institutions. WELL-BEING &#8211; Happiness in school is a &#8230; <\/p>\n<p class=\"read-more-container\"><a title=\"Educational Project\" class=\"read-more button\" href=\"https:\/\/www.lfsl.net\/en\/about\/educational-project\/#more-1516\" aria-label=\"Read more about Educational Project\">Read more<\/a><\/p>\n","protected":false},"author":1,"featured_media":0,"parent":1462,"menu_order":0,"comment_status":"closed","ping_status":"closed","template":"","meta":{"footnotes":""},"class_list":["post-1516","page","type-page","status-publish"],"yoast_head":"<!-- This site is optimized with the Yoast SEO plugin v27.4 - https:\/\/yoast.com\/product\/yoast-seo-wordpress\/ -->\n<title>Educational Project &#8211; Lyc\u00e9e Fran\u00e7ais Saint Louis de Stockholm<\/title>\n<meta name=\"robots\" content=\"index, follow, max-snippet:-1, max-image-preview:large, max-video-preview:-1\" \/>\n<link rel=\"canonical\" href=\"https:\/\/www.lfsl.net\/en\/about\/educational-project\/\" \/>\n<meta property=\"og:locale\" content=\"en_US\" \/>\n<meta property=\"og:type\" content=\"article\" \/>\n<meta property=\"og:title\" content=\"Educational Project &#8211; Lyc\u00e9e Fran\u00e7ais Saint Louis de Stockholm\" \/>\n<meta property=\"og:description\" content=\"LFSL has a unique educational model that combines the strengths of the French and Swedish systems. OUR VALUES RESPECT &#8211; Respect helps to recognize, accept, appreciate and enhance the qualities of others, their differences and their rights to live in a healthy conviviality based on standards and institutions. WELL-BEING &#8211; Happiness in school is a ... Read more\" \/>\n<meta property=\"og:url\" content=\"https:\/\/www.lfsl.net\/en\/about\/educational-project\/\" \/>\n<meta property=\"og:site_name\" content=\"Lyc\u00e9e Fran\u00e7ais Saint Louis de Stockholm\" \/>\n<meta property=\"article:publisher\" content=\"https:\/\/www.facebook.com\/Lyc%c3%a9e-Francais-Saint-Louis-182116921840529\/\" \/>\n<meta property=\"article:modified_time\" content=\"2025-01-21T08:34:36+00:00\" \/>\n<meta property=\"og:image\" content=\"https:\/\/www.lfsl.net\/wp-content\/uploads\/2019\/04\/Mission_eng.png\" \/>\n<meta name=\"twitter:card\" content=\"summary_large_image\" \/>\n<script type=\"application\/ld+json\" class=\"yoast-schema-graph\">{\"@context\":\"https:\\\/\\\/schema.org\",\"@graph\":[{\"@type\":\"WebPage\",\"@id\":\"https:\\\/\\\/www.lfsl.net\\\/en\\\/about\\\/educational-project\\\/\",\"url\":\"https:\\\/\\\/www.lfsl.net\\\/en\\\/about\\\/educational-project\\\/\",\"name\":\"Educational Project &#8211; Lyc\u00e9e Fran\u00e7ais Saint Louis de Stockholm\",\"isPartOf\":{\"@id\":\"https:\\\/\\\/www.lfsl.net\\\/en\\\/#website\"},\"primaryImageOfPage\":{\"@id\":\"https:\\\/\\\/www.lfsl.net\\\/en\\\/about\\\/educational-project\\\/#primaryimage\"},\"image\":{\"@id\":\"https:\\\/\\\/www.lfsl.net\\\/en\\\/about\\\/educational-project\\\/#primaryimage\"},\"thumbnailUrl\":\"https:\\\/\\\/www.lfsl.net\\\/wp-content\\\/uploads\\\/2019\\\/04\\\/Mission_eng.png\",\"datePublished\":\"2018-10-31T09:58:49+00:00\",\"dateModified\":\"2025-01-21T08:34:36+00:00\",\"breadcrumb\":{\"@id\":\"https:\\\/\\\/www.lfsl.net\\\/en\\\/about\\\/educational-project\\\/#breadcrumb\"},\"inLanguage\":\"en-US\",\"potentialAction\":[{\"@type\":\"ReadAction\",\"target\":[\"https:\\\/\\\/www.lfsl.net\\\/en\\\/about\\\/educational-project\\\/\"]}]},{\"@type\":\"ImageObject\",\"inLanguage\":\"en-US\",\"@id\":\"https:\\\/\\\/www.lfsl.net\\\/en\\\/about\\\/educational-project\\\/#primaryimage\",\"url\":\"https:\\\/\\\/www.lfsl.net\\\/wp-content\\\/uploads\\\/2019\\\/04\\\/Mission_eng.png\",\"contentUrl\":\"https:\\\/\\\/www.lfsl.net\\\/wp-content\\\/uploads\\\/2019\\\/04\\\/Mission_eng.png\"},{\"@type\":\"BreadcrumbList\",\"@id\":\"https:\\\/\\\/www.lfsl.net\\\/en\\\/about\\\/educational-project\\\/#breadcrumb\",\"itemListElement\":[{\"@type\":\"ListItem\",\"position\":1,\"name\":\"Home\",\"item\":\"https:\\\/\\\/www.lfsl.net\\\/en\\\/\"},{\"@type\":\"ListItem\",\"position\":2,\"name\":\"About\",\"item\":\"https:\\\/\\\/www.lfsl.net\\\/en\\\/about\\\/\"},{\"@type\":\"ListItem\",\"position\":3,\"name\":\"Educational Project\"}]},{\"@type\":\"WebSite\",\"@id\":\"https:\\\/\\\/www.lfsl.net\\\/en\\\/#website\",\"url\":\"https:\\\/\\\/www.lfsl.net\\\/en\\\/\",\"name\":\"Lyc\u00e9e Fran\u00e7ais Saint Louis de Stockholm\",\"description\":\"\u00c9tablissement membre du r\u00e9seau AEFE\",\"publisher\":{\"@id\":\"https:\\\/\\\/www.lfsl.net\\\/en\\\/#organization\"},\"potentialAction\":[{\"@type\":\"SearchAction\",\"target\":{\"@type\":\"EntryPoint\",\"urlTemplate\":\"https:\\\/\\\/www.lfsl.net\\\/en\\\/?s={search_term_string}\"},\"query-input\":{\"@type\":\"PropertyValueSpecification\",\"valueRequired\":true,\"valueName\":\"search_term_string\"}}],\"inLanguage\":\"en-US\"},{\"@type\":\"Organization\",\"@id\":\"https:\\\/\\\/www.lfsl.net\\\/en\\\/#organization\",\"name\":\"Lyc\u00e9e Fran\u00e7ais Saint Louis\",\"url\":\"https:\\\/\\\/www.lfsl.net\\\/en\\\/\",\"logo\":{\"@type\":\"ImageObject\",\"inLanguage\":\"en-US\",\"@id\":\"https:\\\/\\\/www.lfsl.net\\\/en\\\/#\\\/schema\\\/logo\\\/image\\\/\",\"url\":\"https:\\\/\\\/www.lfsl.net\\\/wp-content\\\/uploads\\\/2021\\\/03\\\/LFSL-logo.jpg\",\"contentUrl\":\"https:\\\/\\\/www.lfsl.net\\\/wp-content\\\/uploads\\\/2021\\\/03\\\/LFSL-logo.jpg\",\"width\":330,\"height\":473,\"caption\":\"Lyc\u00e9e Fran\u00e7ais Saint Louis\"},\"image\":{\"@id\":\"https:\\\/\\\/www.lfsl.net\\\/en\\\/#\\\/schema\\\/logo\\\/image\\\/\"},\"sameAs\":[\"https:\\\/\\\/www.facebook.com\\\/Lyc\u00e9e-Francais-Saint-Louis-182116921840529\\\/\",\"https:\\\/\\\/www.instagram.com\\\/lyceefrancaisstockholm\\\/\",\"https:\\\/\\\/www.linkedin.com\\\/school\\\/lfsl\\\/\",\"https:\\\/\\\/www.youtube.com\\\/channel\\\/UCchS4IO4jE_YY0ILwn5NgGQ\"]}]}<\/script>\n<!-- \/ Yoast SEO plugin. -->","yoast_head_json":{"title":"Educational Project &#8211; Lyc\u00e9e Fran\u00e7ais Saint Louis de Stockholm","robots":{"index":"index","follow":"follow","max-snippet":"max-snippet:-1","max-image-preview":"max-image-preview:large","max-video-preview":"max-video-preview:-1"},"canonical":"https:\/\/www.lfsl.net\/en\/about\/educational-project\/","og_locale":"en_US","og_type":"article","og_title":"Educational Project &#8211; Lyc\u00e9e Fran\u00e7ais Saint Louis de Stockholm","og_description":"LFSL has a unique educational model that combines the strengths of the French and Swedish systems. OUR VALUES RESPECT &#8211; Respect helps to recognize, accept, appreciate and enhance the qualities of others, their differences and their rights to live in a healthy conviviality based on standards and institutions. WELL-BEING &#8211; Happiness in school is a ... Read more","og_url":"https:\/\/www.lfsl.net\/en\/about\/educational-project\/","og_site_name":"Lyc\u00e9e Fran\u00e7ais Saint Louis de Stockholm","article_publisher":"https:\/\/www.facebook.com\/Lyc%c3%a9e-Francais-Saint-Louis-182116921840529\/","article_modified_time":"2025-01-21T08:34:36+00:00","og_image":[{"url":"https:\/\/www.lfsl.net\/wp-content\/uploads\/2019\/04\/Mission_eng.png","type":"","width":"","height":""}],"twitter_card":"summary_large_image","schema":{"@context":"https:\/\/schema.org","@graph":[{"@type":"WebPage","@id":"https:\/\/www.lfsl.net\/en\/about\/educational-project\/","url":"https:\/\/www.lfsl.net\/en\/about\/educational-project\/","name":"Educational Project &#8211; Lyc\u00e9e Fran\u00e7ais Saint Louis de Stockholm","isPartOf":{"@id":"https:\/\/www.lfsl.net\/en\/#website"},"primaryImageOfPage":{"@id":"https:\/\/www.lfsl.net\/en\/about\/educational-project\/#primaryimage"},"image":{"@id":"https:\/\/www.lfsl.net\/en\/about\/educational-project\/#primaryimage"},"thumbnailUrl":"https:\/\/www.lfsl.net\/wp-content\/uploads\/2019\/04\/Mission_eng.png","datePublished":"2018-10-31T09:58:49+00:00","dateModified":"2025-01-21T08:34:36+00:00","breadcrumb":{"@id":"https:\/\/www.lfsl.net\/en\/about\/educational-project\/#breadcrumb"},"inLanguage":"en-US","potentialAction":[{"@type":"ReadAction","target":["https:\/\/www.lfsl.net\/en\/about\/educational-project\/"]}]},{"@type":"ImageObject","inLanguage":"en-US","@id":"https:\/\/www.lfsl.net\/en\/about\/educational-project\/#primaryimage","url":"https:\/\/www.lfsl.net\/wp-content\/uploads\/2019\/04\/Mission_eng.png","contentUrl":"https:\/\/www.lfsl.net\/wp-content\/uploads\/2019\/04\/Mission_eng.png"},{"@type":"BreadcrumbList","@id":"https:\/\/www.lfsl.net\/en\/about\/educational-project\/#breadcrumb","itemListElement":[{"@type":"ListItem","position":1,"name":"Home","item":"https:\/\/www.lfsl.net\/en\/"},{"@type":"ListItem","position":2,"name":"About","item":"https:\/\/www.lfsl.net\/en\/about\/"},{"@type":"ListItem","position":3,"name":"Educational Project"}]},{"@type":"WebSite","@id":"https:\/\/www.lfsl.net\/en\/#website","url":"https:\/\/www.lfsl.net\/en\/","name":"Lyc\u00e9e Fran\u00e7ais Saint Louis de Stockholm","description":"\u00c9tablissement membre du r\u00e9seau AEFE","publisher":{"@id":"https:\/\/www.lfsl.net\/en\/#organization"},"potentialAction":[{"@type":"SearchAction","target":{"@type":"EntryPoint","urlTemplate":"https:\/\/www.lfsl.net\/en\/?s={search_term_string}"},"query-input":{"@type":"PropertyValueSpecification","valueRequired":true,"valueName":"search_term_string"}}],"inLanguage":"en-US"},{"@type":"Organization","@id":"https:\/\/www.lfsl.net\/en\/#organization","name":"Lyc\u00e9e Fran\u00e7ais Saint Louis","url":"https:\/\/www.lfsl.net\/en\/","logo":{"@type":"ImageObject","inLanguage":"en-US","@id":"https:\/\/www.lfsl.net\/en\/#\/schema\/logo\/image\/","url":"https:\/\/www.lfsl.net\/wp-content\/uploads\/2021\/03\/LFSL-logo.jpg","contentUrl":"https:\/\/www.lfsl.net\/wp-content\/uploads\/2021\/03\/LFSL-logo.jpg","width":330,"height":473,"caption":"Lyc\u00e9e Fran\u00e7ais Saint Louis"},"image":{"@id":"https:\/\/www.lfsl.net\/en\/#\/schema\/logo\/image\/"},"sameAs":["https:\/\/www.facebook.com\/Lyc\u00e9e-Francais-Saint-Louis-182116921840529\/","https:\/\/www.instagram.com\/lyceefrancaisstockholm\/","https:\/\/www.linkedin.com\/school\/lfsl\/","https:\/\/www.youtube.com\/channel\/UCchS4IO4jE_YY0ILwn5NgGQ"]}]}},"_links":{"self":[{"href":"https:\/\/www.lfsl.net\/en\/wp-json\/wp\/v2\/pages\/1516","targetHints":{"allow":["GET"]}}],"collection":[{"href":"https:\/\/www.lfsl.net\/en\/wp-json\/wp\/v2\/pages"}],"about":[{"href":"https:\/\/www.lfsl.net\/en\/wp-json\/wp\/v2\/types\/page"}],"author":[{"embeddable":true,"href":"https:\/\/www.lfsl.net\/en\/wp-json\/wp\/v2\/users\/1"}],"replies":[{"embeddable":true,"href":"https:\/\/www.lfsl.net\/en\/wp-json\/wp\/v2\/comments?post=1516"}],"version-history":[{"count":21,"href":"https:\/\/www.lfsl.net\/en\/wp-json\/wp\/v2\/pages\/1516\/revisions"}],"predecessor-version":[{"id":21276,"href":"https:\/\/www.lfsl.net\/en\/wp-json\/wp\/v2\/pages\/1516\/revisions\/21276"}],"up":[{"embeddable":true,"href":"https:\/\/www.lfsl.net\/en\/wp-json\/wp\/v2\/pages\/1462"}],"wp:attachment":[{"href":"https:\/\/www.lfsl.net\/en\/wp-json\/wp\/v2\/media?parent=1516"}],"curies":[{"name":"wp","href":"https:\/\/api.w.org\/{rel}","templated":true}]}}