{"id":1533,"date":"2018-10-31T10:34:02","date_gmt":"2018-10-31T10:34:02","guid":{"rendered":"http:\/\/lfsl.net.hemsida.eu\/?page_id=1533"},"modified":"2025-05-20T07:16:52","modified_gmt":"2025-05-20T07:16:52","slug":"school-program","status":"publish","type":"page","link":"https:\/\/www.lfsl.net\/en\/school-program\/school-program\/","title":{"rendered":"CURRICULUM"},"content":{"rendered":"\n<div class=\"wp-block-media-text alignwide is-stacked-on-mobile\"><figure class=\"wp-block-media-text__media\"><img loading=\"lazy\" decoding=\"async\" width=\"800\" height=\"553\" src=\"https:\/\/www.lfsl.net\/wp-content\/uploads\/2020\/02\/Education_france-1.png\" alt=\"\" class=\"wp-image-6612 size-full\" srcset=\"https:\/\/www.lfsl.net\/wp-content\/uploads\/2020\/02\/Education_france-1.png 800w, https:\/\/www.lfsl.net\/wp-content\/uploads\/2020\/02\/Education_france-1-600x415.png 600w, https:\/\/www.lfsl.net\/wp-content\/uploads\/2020\/02\/Education_france-1-768x531.png 768w\" sizes=\"auto, (max-width: 800px) 100vw, 800px\" \/><\/figure><div class=\"wp-block-media-text__content\">\n<p><strong>Organized in cycles: The French educational system is organized in school years, which are grouped into learning cycles.<br> The teaching team accompanies the students to acquire the knowledge, skills and culture of the common core.<\/strong><\/p>\n\n\n\n<p>The goal is to be approved at the end of &#8220;3\u00e8me&#8221;. Therefore, three stages are created, consisting of three years each, to give the students time to develop their knowledge.<br>The acquisition of these skills prepares the students to continue their studies after high school, and to become good citizens.<\/p>\n<\/div><\/div>\n\n\n\n<h3 class=\"wp-block-heading\">Educational Offer<\/h3>\n\n\n\n<p>The LFSL&#8217;s educational offer is consistent with the French National Education programs with an opening to the hosting country through the establishment of a Swedish International Section.<\/p>\n\n\n\n<p>Consult the full range of courses, options and specialties offered at LFSL in the <a href=\"https:\/\/www.lfsl.net\/wp-content\/uploads\/2025\/02\/GUIDE_INSCRIPTION_REINSCRIPTION_25_26_Phase1_Version_finale-9.pdf\" target=\"_blank\" rel=\"noopener\">registration guide <\/a>(in French).<\/p>\n\n\n\n<p>More specifically, at Lyc\u00e9e three alternatives are offered to the students:<br>&#8211; Baccalaur\u00e9at, general option<br>&#8211; French International Baccalaur\u00e9at (BFI)<br>&#8211; Baccalaur\u00e9at and Gymnasieexamen (Swedish diploma equal to the Baccalaur\u00e9at)<\/p>\n\n\n\n<p>Access the different alternatives and the corresponding options for each class (in French): <a href=\"https:\/\/www.lfsl.net\/wp-content\/uploads\/2025\/02\/Parcours-2nde.pdf\">Seconde<\/a>, <a href=\"https:\/\/www.lfsl.net\/wp-content\/uploads\/2025\/02\/Parcours-1ere.pdf\">Premi\u00e8re<\/a>, <a href=\"https:\/\/www.lfsl.net\/wp-content\/uploads\/2025\/02\/Parcours-terminale.pdf\">Terminale<\/a>.<\/p>\n\n\n\n<p>Discover the BFI \u2013 International French Baccalaur\u00e9at, an ambitious and highly valued trilingual diploma \u2013 in this video presentation featuring testimonials from students, teachers, and the leadership team at LFSL : <\/p>\n\n\n\n<figure class=\"wp-block-image size-full\"><a href=\"https:\/\/www.lfsl.net\/bfi-the-international-french-baccalareate\/\" target=\"_blank\" rel=\"noreferrer noopener\"><img loading=\"lazy\" decoding=\"async\" width=\"950\" height=\"570\" src=\"https:\/\/www.lfsl.net\/wp-content\/uploads\/2025\/04\/BFI_video_cover_en.jpg\" alt=\"\" class=\"wp-image-22609\" srcset=\"https:\/\/www.lfsl.net\/wp-content\/uploads\/2025\/04\/BFI_video_cover_en.jpg 950w, https:\/\/www.lfsl.net\/wp-content\/uploads\/2025\/04\/BFI_video_cover_en-600x360.jpg 600w, https:\/\/www.lfsl.net\/wp-content\/uploads\/2025\/04\/BFI_video_cover_en-768x461.jpg 768w\" sizes=\"auto, (max-width: 950px) 100vw, 950px\" \/><\/a><\/figure>\n\n\n\n<h3 class=\"wp-block-heading\">After 3\u00e8me at the Lyc\u00e9e Fran\u00e7ais Saint Louis&nbsp;<\/h3>\n\n\n\n<p>The most common is that the students continue their studies at our school by applying to the &#8220;2nd&#8221; in the Lyc\u00e9e. <br>Lyc\u00e9e Fran\u00e7ais Saint Louis offers the Baccalaureate in general education &#8211; in 1\u00e8re and Terminale: It consists of written and oral tests. To receive the diploma, the student must achieve a grade point average of 10\/20.<\/p>\n\n\n\n<p>There has been a reform of the Baccalaureate exam for 2020. The Baccalaureate studies extend over 2 years with continuous control tests and final exams that take place during 1\u00e8re and \/ or Terminale. A major oral exam takes place at the end of the Terminale.<\/p>\n\n\n\n<p>Students are also given the opportunity to take a French International Baccalaur\u00e9at (BFI).<\/p>\n\n\n\n<p><a href=\"https:\/\/www.education.gouv.fr\/le-nouveau-baccalaureat-3098\" target=\"_blank\" rel=\"noopener noreferrer\">For more information<\/a> (in French)&nbsp;<\/p>\n\n\n\n<p>Getting a baccalaur\u00e9at opens the door to higher education in France, Sweden or other countries through equality systems.<\/p>\n\n\n\n<h3 class=\"wp-block-heading\">The Swedish teaching at Lyc\u00e9e Fran\u00e7ais Saint Louis<\/h3>\n\n\n\n<p>A Swedish education is added to the French education so that the students receive a recognized education in Sweden and France.<br>Students with Swedish as their mother tongue can also add to their studies a Swedish high school diploma (Gymnasie-examen).<\/p>\n\n\n\n<p>More information about Swedish at LFSL: <a href=\"https:\/\/www.lfsl.net\/en\/school-program\/swedish-teaching\/\">Swedish teaching<\/a><\/p>\n\n\n\n<h3 class=\"wp-block-heading\">What are the equivalents between the French and Swedish systems?<\/h3>\n\n\n\n<figure class=\"wp-block-image\"><img loading=\"lazy\" decoding=\"async\" width=\"1160\" height=\"1174\" src=\"https:\/\/www.lfsl.net\/wp-content\/uploads\/2019\/02\/Equivalence-France-Su\u00e8de.png\" alt=\"\" class=\"wp-image-2124\" srcset=\"https:\/\/www.lfsl.net\/wp-content\/uploads\/2019\/02\/Equivalence-France-Su\u00e8de.png 1160w, https:\/\/www.lfsl.net\/wp-content\/uploads\/2019\/02\/Equivalence-France-Su\u00e8de-296x300.png 296w, https:\/\/www.lfsl.net\/wp-content\/uploads\/2019\/02\/Equivalence-France-Su\u00e8de-768x777.png 768w, https:\/\/www.lfsl.net\/wp-content\/uploads\/2019\/02\/Equivalence-France-Su\u00e8de-1012x1024.png 1012w\" sizes=\"auto, (max-width: 1160px) 100vw, 1160px\" \/><\/figure>\n\n\n\n<h3 class=\"wp-block-heading\">How do you continue to high school and after<\/h3>\n\n\n\n<p>The different members of the teaching group (the management, librarians, teachers), inform the students and prepare them. The main teachers are the main contacts regarding further studies.<br>Two staff members take care of the daily study guidance at the school: The Language Coordinator and the Information and Reference resource.<\/p>\n\n\n\n<p>You can find more information about the Swedish studies on these pages:<\/p>\n\n\n\n<p><a href=\"https:\/\/www.lfsl.net\/en\/gymnasieexamen-lfsl\/\" target=\"_blank\" rel=\"noopener noreferrer\">Information on orientation concerning Swedish upper secondary education at the LFSL<\/a><\/p>\n\n\n\n<p><a href=\"https:\/\/gymnasiumlfsl.weebly.com\/\">Internal information site on orientation concerning Swedish upper secondary education \u2013 in Sweden<\/a><\/p>\n","protected":false},"excerpt":{"rendered":"<p>Organized in cycles: The French educational system is organized in school years, which are grouped into learning cycles. The teaching team accompanies the students to acquire the knowledge, skills and culture of the common core. The goal is to be approved at the end of &#8220;3\u00e8me&#8221;. Therefore, three stages are created, consisting of three years &#8230; <\/p>\n<p class=\"read-more-container\"><a title=\"CURRICULUM\" class=\"read-more button\" href=\"https:\/\/www.lfsl.net\/en\/school-program\/school-program\/#more-1533\" aria-label=\"Read more about CURRICULUM\">Read more<\/a><\/p>\n","protected":false},"author":1,"featured_media":0,"parent":1531,"menu_order":0,"comment_status":"closed","ping_status":"closed","template":"","meta":{"footnotes":""},"class_list":["post-1533","page","type-page","status-publish"],"yoast_head":"<!-- This site is optimized with the Yoast SEO plugin v27.4 - https:\/\/yoast.com\/product\/yoast-seo-wordpress\/ -->\n<title>CURRICULUM &#8211; Lyc\u00e9e Fran\u00e7ais Saint Louis de Stockholm<\/title>\n<meta name=\"robots\" content=\"index, follow, max-snippet:-1, max-image-preview:large, max-video-preview:-1\" \/>\n<link rel=\"canonical\" href=\"https:\/\/www.lfsl.net\/en\/school-program\/school-program\/\" \/>\n<meta property=\"og:locale\" content=\"en_US\" \/>\n<meta property=\"og:type\" content=\"article\" \/>\n<meta property=\"og:title\" content=\"CURRICULUM &#8211; Lyc\u00e9e Fran\u00e7ais Saint Louis de Stockholm\" \/>\n<meta property=\"og:description\" content=\"Organized in cycles: The French educational system is organized in school years, which are grouped into learning cycles. The teaching team accompanies the students to acquire the knowledge, skills and culture of the common core. The goal is to be approved at the end of &#8220;3\u00e8me&#8221;. Therefore, three stages are created, consisting of three years ... Read more\" \/>\n<meta property=\"og:url\" content=\"https:\/\/www.lfsl.net\/en\/school-program\/school-program\/\" \/>\n<meta property=\"og:site_name\" content=\"Lyc\u00e9e Fran\u00e7ais Saint Louis de Stockholm\" \/>\n<meta property=\"article:publisher\" content=\"https:\/\/www.facebook.com\/Lyc%c3%a9e-Francais-Saint-Louis-182116921840529\/\" \/>\n<meta property=\"article:modified_time\" content=\"2025-05-20T07:16:52+00:00\" \/>\n<meta property=\"og:image\" content=\"https:\/\/www.lfsl.net\/wp-content\/uploads\/2020\/02\/Education_france-1.png\" \/>\n<meta name=\"twitter:card\" content=\"summary_large_image\" \/>\n<script type=\"application\/ld+json\" class=\"yoast-schema-graph\">{\"@context\":\"https:\\\/\\\/schema.org\",\"@graph\":[{\"@type\":\"WebPage\",\"@id\":\"https:\\\/\\\/www.lfsl.net\\\/en\\\/school-program\\\/school-program\\\/\",\"url\":\"https:\\\/\\\/www.lfsl.net\\\/en\\\/school-program\\\/school-program\\\/\",\"name\":\"CURRICULUM &#8211; Lyc\u00e9e Fran\u00e7ais Saint Louis de Stockholm\",\"isPartOf\":{\"@id\":\"https:\\\/\\\/www.lfsl.net\\\/en\\\/#website\"},\"primaryImageOfPage\":{\"@id\":\"https:\\\/\\\/www.lfsl.net\\\/en\\\/school-program\\\/school-program\\\/#primaryimage\"},\"image\":{\"@id\":\"https:\\\/\\\/www.lfsl.net\\\/en\\\/school-program\\\/school-program\\\/#primaryimage\"},\"thumbnailUrl\":\"https:\\\/\\\/www.lfsl.net\\\/wp-content\\\/uploads\\\/2020\\\/02\\\/Education_france-1.png\",\"datePublished\":\"2018-10-31T10:34:02+00:00\",\"dateModified\":\"2025-05-20T07:16:52+00:00\",\"breadcrumb\":{\"@id\":\"https:\\\/\\\/www.lfsl.net\\\/en\\\/school-program\\\/school-program\\\/#breadcrumb\"},\"inLanguage\":\"en-US\",\"potentialAction\":[{\"@type\":\"ReadAction\",\"target\":[\"https:\\\/\\\/www.lfsl.net\\\/en\\\/school-program\\\/school-program\\\/\"]}]},{\"@type\":\"ImageObject\",\"inLanguage\":\"en-US\",\"@id\":\"https:\\\/\\\/www.lfsl.net\\\/en\\\/school-program\\\/school-program\\\/#primaryimage\",\"url\":\"https:\\\/\\\/www.lfsl.net\\\/wp-content\\\/uploads\\\/2020\\\/02\\\/Education_france-1.png\",\"contentUrl\":\"https:\\\/\\\/www.lfsl.net\\\/wp-content\\\/uploads\\\/2020\\\/02\\\/Education_france-1.png\"},{\"@type\":\"BreadcrumbList\",\"@id\":\"https:\\\/\\\/www.lfsl.net\\\/en\\\/school-program\\\/school-program\\\/#breadcrumb\",\"itemListElement\":[{\"@type\":\"ListItem\",\"position\":1,\"name\":\"Home\",\"item\":\"https:\\\/\\\/www.lfsl.net\\\/en\\\/\"},{\"@type\":\"ListItem\",\"position\":2,\"name\":\"School Program\",\"item\":\"https:\\\/\\\/www.lfsl.net\\\/en\\\/school-program\\\/\"},{\"@type\":\"ListItem\",\"position\":3,\"name\":\"CURRICULUM\"}]},{\"@type\":\"WebSite\",\"@id\":\"https:\\\/\\\/www.lfsl.net\\\/en\\\/#website\",\"url\":\"https:\\\/\\\/www.lfsl.net\\\/en\\\/\",\"name\":\"Lyc\u00e9e Fran\u00e7ais Saint Louis de Stockholm\",\"description\":\"\u00c9tablissement membre du r\u00e9seau AEFE\",\"publisher\":{\"@id\":\"https:\\\/\\\/www.lfsl.net\\\/en\\\/#organization\"},\"potentialAction\":[{\"@type\":\"SearchAction\",\"target\":{\"@type\":\"EntryPoint\",\"urlTemplate\":\"https:\\\/\\\/www.lfsl.net\\\/en\\\/?s={search_term_string}\"},\"query-input\":{\"@type\":\"PropertyValueSpecification\",\"valueRequired\":true,\"valueName\":\"search_term_string\"}}],\"inLanguage\":\"en-US\"},{\"@type\":\"Organization\",\"@id\":\"https:\\\/\\\/www.lfsl.net\\\/en\\\/#organization\",\"name\":\"Lyc\u00e9e Fran\u00e7ais Saint Louis\",\"url\":\"https:\\\/\\\/www.lfsl.net\\\/en\\\/\",\"logo\":{\"@type\":\"ImageObject\",\"inLanguage\":\"en-US\",\"@id\":\"https:\\\/\\\/www.lfsl.net\\\/en\\\/#\\\/schema\\\/logo\\\/image\\\/\",\"url\":\"https:\\\/\\\/www.lfsl.net\\\/wp-content\\\/uploads\\\/2021\\\/03\\\/LFSL-logo.jpg\",\"contentUrl\":\"https:\\\/\\\/www.lfsl.net\\\/wp-content\\\/uploads\\\/2021\\\/03\\\/LFSL-logo.jpg\",\"width\":330,\"height\":473,\"caption\":\"Lyc\u00e9e Fran\u00e7ais Saint Louis\"},\"image\":{\"@id\":\"https:\\\/\\\/www.lfsl.net\\\/en\\\/#\\\/schema\\\/logo\\\/image\\\/\"},\"sameAs\":[\"https:\\\/\\\/www.facebook.com\\\/Lyc\u00e9e-Francais-Saint-Louis-182116921840529\\\/\",\"https:\\\/\\\/www.instagram.com\\\/lyceefrancaisstockholm\\\/\",\"https:\\\/\\\/www.linkedin.com\\\/school\\\/lfsl\\\/\",\"https:\\\/\\\/www.youtube.com\\\/channel\\\/UCchS4IO4jE_YY0ILwn5NgGQ\"]}]}<\/script>\n<!-- \/ Yoast SEO plugin. -->","yoast_head_json":{"title":"CURRICULUM &#8211; Lyc\u00e9e Fran\u00e7ais Saint Louis de Stockholm","robots":{"index":"index","follow":"follow","max-snippet":"max-snippet:-1","max-image-preview":"max-image-preview:large","max-video-preview":"max-video-preview:-1"},"canonical":"https:\/\/www.lfsl.net\/en\/school-program\/school-program\/","og_locale":"en_US","og_type":"article","og_title":"CURRICULUM &#8211; Lyc\u00e9e Fran\u00e7ais Saint Louis de Stockholm","og_description":"Organized in cycles: The French educational system is organized in school years, which are grouped into learning cycles. The teaching team accompanies the students to acquire the knowledge, skills and culture of the common core. The goal is to be approved at the end of &#8220;3\u00e8me&#8221;. Therefore, three stages are created, consisting of three years ... Read more","og_url":"https:\/\/www.lfsl.net\/en\/school-program\/school-program\/","og_site_name":"Lyc\u00e9e Fran\u00e7ais Saint Louis de Stockholm","article_publisher":"https:\/\/www.facebook.com\/Lyc%c3%a9e-Francais-Saint-Louis-182116921840529\/","article_modified_time":"2025-05-20T07:16:52+00:00","og_image":[{"url":"https:\/\/www.lfsl.net\/wp-content\/uploads\/2020\/02\/Education_france-1.png","type":"","width":"","height":""}],"twitter_card":"summary_large_image","schema":{"@context":"https:\/\/schema.org","@graph":[{"@type":"WebPage","@id":"https:\/\/www.lfsl.net\/en\/school-program\/school-program\/","url":"https:\/\/www.lfsl.net\/en\/school-program\/school-program\/","name":"CURRICULUM &#8211; Lyc\u00e9e Fran\u00e7ais Saint Louis de Stockholm","isPartOf":{"@id":"https:\/\/www.lfsl.net\/en\/#website"},"primaryImageOfPage":{"@id":"https:\/\/www.lfsl.net\/en\/school-program\/school-program\/#primaryimage"},"image":{"@id":"https:\/\/www.lfsl.net\/en\/school-program\/school-program\/#primaryimage"},"thumbnailUrl":"https:\/\/www.lfsl.net\/wp-content\/uploads\/2020\/02\/Education_france-1.png","datePublished":"2018-10-31T10:34:02+00:00","dateModified":"2025-05-20T07:16:52+00:00","breadcrumb":{"@id":"https:\/\/www.lfsl.net\/en\/school-program\/school-program\/#breadcrumb"},"inLanguage":"en-US","potentialAction":[{"@type":"ReadAction","target":["https:\/\/www.lfsl.net\/en\/school-program\/school-program\/"]}]},{"@type":"ImageObject","inLanguage":"en-US","@id":"https:\/\/www.lfsl.net\/en\/school-program\/school-program\/#primaryimage","url":"https:\/\/www.lfsl.net\/wp-content\/uploads\/2020\/02\/Education_france-1.png","contentUrl":"https:\/\/www.lfsl.net\/wp-content\/uploads\/2020\/02\/Education_france-1.png"},{"@type":"BreadcrumbList","@id":"https:\/\/www.lfsl.net\/en\/school-program\/school-program\/#breadcrumb","itemListElement":[{"@type":"ListItem","position":1,"name":"Home","item":"https:\/\/www.lfsl.net\/en\/"},{"@type":"ListItem","position":2,"name":"School Program","item":"https:\/\/www.lfsl.net\/en\/school-program\/"},{"@type":"ListItem","position":3,"name":"CURRICULUM"}]},{"@type":"WebSite","@id":"https:\/\/www.lfsl.net\/en\/#website","url":"https:\/\/www.lfsl.net\/en\/","name":"Lyc\u00e9e Fran\u00e7ais Saint Louis de Stockholm","description":"\u00c9tablissement membre du r\u00e9seau AEFE","publisher":{"@id":"https:\/\/www.lfsl.net\/en\/#organization"},"potentialAction":[{"@type":"SearchAction","target":{"@type":"EntryPoint","urlTemplate":"https:\/\/www.lfsl.net\/en\/?s={search_term_string}"},"query-input":{"@type":"PropertyValueSpecification","valueRequired":true,"valueName":"search_term_string"}}],"inLanguage":"en-US"},{"@type":"Organization","@id":"https:\/\/www.lfsl.net\/en\/#organization","name":"Lyc\u00e9e Fran\u00e7ais Saint Louis","url":"https:\/\/www.lfsl.net\/en\/","logo":{"@type":"ImageObject","inLanguage":"en-US","@id":"https:\/\/www.lfsl.net\/en\/#\/schema\/logo\/image\/","url":"https:\/\/www.lfsl.net\/wp-content\/uploads\/2021\/03\/LFSL-logo.jpg","contentUrl":"https:\/\/www.lfsl.net\/wp-content\/uploads\/2021\/03\/LFSL-logo.jpg","width":330,"height":473,"caption":"Lyc\u00e9e Fran\u00e7ais Saint Louis"},"image":{"@id":"https:\/\/www.lfsl.net\/en\/#\/schema\/logo\/image\/"},"sameAs":["https:\/\/www.facebook.com\/Lyc\u00e9e-Francais-Saint-Louis-182116921840529\/","https:\/\/www.instagram.com\/lyceefrancaisstockholm\/","https:\/\/www.linkedin.com\/school\/lfsl\/","https:\/\/www.youtube.com\/channel\/UCchS4IO4jE_YY0ILwn5NgGQ"]}]}},"_links":{"self":[{"href":"https:\/\/www.lfsl.net\/en\/wp-json\/wp\/v2\/pages\/1533","targetHints":{"allow":["GET"]}}],"collection":[{"href":"https:\/\/www.lfsl.net\/en\/wp-json\/wp\/v2\/pages"}],"about":[{"href":"https:\/\/www.lfsl.net\/en\/wp-json\/wp\/v2\/types\/page"}],"author":[{"embeddable":true,"href":"https:\/\/www.lfsl.net\/en\/wp-json\/wp\/v2\/users\/1"}],"replies":[{"embeddable":true,"href":"https:\/\/www.lfsl.net\/en\/wp-json\/wp\/v2\/comments?post=1533"}],"version-history":[{"count":39,"href":"https:\/\/www.lfsl.net\/en\/wp-json\/wp\/v2\/pages\/1533\/revisions"}],"predecessor-version":[{"id":22877,"href":"https:\/\/www.lfsl.net\/en\/wp-json\/wp\/v2\/pages\/1533\/revisions\/22877"}],"up":[{"embeddable":true,"href":"https:\/\/www.lfsl.net\/en\/wp-json\/wp\/v2\/pages\/1531"}],"wp:attachment":[{"href":"https:\/\/www.lfsl.net\/en\/wp-json\/wp\/v2\/media?parent=1533"}],"curies":[{"name":"wp","href":"https:\/\/api.w.org\/{rel}","templated":true}]}}