{"id":1537,"date":"2018-10-31T10:34:48","date_gmt":"2018-10-31T10:34:48","guid":{"rendered":"http:\/\/lfsl.net.hemsida.eu\/?page_id=1537"},"modified":"2026-02-17T14:53:33","modified_gmt":"2026-02-17T14:53:33","slug":"elementary-school","status":"publish","type":"page","link":"https:\/\/www.lfsl.net\/en\/school-program\/elementary-school\/","title":{"rendered":"Elementary school"},"content":{"rendered":"\n<figure class=\"wp-block-gallery alignwide has-nested-images columns-default is-cropped wp-block-gallery-1 is-layout-flex wp-block-gallery-is-layout-flex\">\n<figure class=\"wp-block-image size-large\"><img loading=\"lazy\" decoding=\"async\" width=\"1200\" height=\"809\" data-id=\"22230\" src=\"https:\/\/www.lfsl.net\/wp-content\/uploads\/2025\/04\/Elementaire-1200x809.jpg\" alt=\"\" class=\"wp-image-22230\" srcset=\"https:\/\/www.lfsl.net\/wp-content\/uploads\/2025\/04\/Elementaire-1200x809.jpg 1200w, https:\/\/www.lfsl.net\/wp-content\/uploads\/2025\/04\/Elementaire-600x405.jpg 600w, https:\/\/www.lfsl.net\/wp-content\/uploads\/2025\/04\/Elementaire-768x518.jpg 768w, https:\/\/www.lfsl.net\/wp-content\/uploads\/2025\/04\/Elementaire.jpg 1373w\" sizes=\"auto, (max-width: 1200px) 100vw, 1200px\" \/><\/figure>\n\n\n\n<figure class=\"wp-block-image size-full\"><img loading=\"lazy\" decoding=\"async\" width=\"879\" height=\"647\" data-id=\"22236\" src=\"https:\/\/www.lfsl.net\/wp-content\/uploads\/2025\/04\/Elementaire_2.jpg\" alt=\"\" class=\"wp-image-22236\" srcset=\"https:\/\/www.lfsl.net\/wp-content\/uploads\/2025\/04\/Elementaire_2.jpg 879w, https:\/\/www.lfsl.net\/wp-content\/uploads\/2025\/04\/Elementaire_2-600x442.jpg 600w, https:\/\/www.lfsl.net\/wp-content\/uploads\/2025\/04\/Elementaire_2-768x565.jpg 768w\" sizes=\"auto, (max-width: 879px) 100vw, 879px\" \/><\/figure>\n<\/figure>\n\n\n\n<h3 class=\"wp-block-heading\">PEDAGOGICAL ORGANIZATION<\/h3>\n\n\n\n<p>At the start of the school year 2023, the elementary school has 324 students from CP to CM2:<\/p>\n\n\n\n<figure class=\"wp-block-image size-full is-resized\"><img loading=\"lazy\" decoding=\"async\" width=\"264\" height=\"128\" src=\"https:\/\/www.lfsl.net\/wp-content\/uploads\/2023\/08\/students-elem-23-24.png\" alt=\"\" class=\"wp-image-17407\" style=\"width:338px;height:164px\"\/><\/figure>\n\n\n\n<p>The elementary school is made up of a team of 16 class teachers  to which are added four specialist teachers, four English and five Swedish teachers, as well as a language coordinator (English and Swedish).<br><\/p>\n\n\n\n<p>The elementary school classes are mainly located on level 2 and 3 of the elementary building. However, a class of CM 2 is located in the main building together with the college classes; two CM 2 classes are located in the prefabs in the courtyard.<br>The high school students have their courses in another building on Stora Essingen.<\/p>\n\n\n\n<p>The building is shared with a Swedish school, a municipal library and after 3 pm the classrooms are occupied by the &#8220;<a href=\"https:\/\/www.lfsl.net\/en\/who-are-we\/periscolaire-fritids-leisure-center\/\" target=\"_blank\" rel=\"noreferrer noopener\">P\u00e9riscolaire-Fritids<\/a>&#8221; (extra-curricular activities).<br>The schoolyard is not part of the school, but is a public area in the city.<br><br>Website where you will find class blogs and various videos of school activities: <a href=\"https:\/\/www.ecole-lfsl.net\/index.php\" target=\"_blank\" rel=\"noreferrer noopener\">Activit\u00e9s de l&#8217;\u00e9l\u00e9mentaire<\/a><\/p>\n\n\n\n<h3 class=\"wp-block-heading\">Educational Content<\/h3>\n\n\n\n<p>Approved by the Ministry of National Education and Youth, the education comply with French programs (mathematics, French, English, history, geography, sciences, EPS, etc.). The school week consists of 24 hours of lessons per week. All the programs can be found on the website <a href=\"https:\/\/eduscol.education.fr\/\" target=\"_blank\" rel=\"noreferrer noopener\">Eduscol<\/a><br><\/p>\n\n\n\n<p>To these two hours of compulsory Swedish lessons are added. Need groups are formed for beginners.<br>From the CP class, families who wish to do so can enroll their child in the Swedish International Section. This course includes one hour of additional Swedish in CP, CE1 and CE2, and two hours for students in CM1 and CM2.<\/p>\n\n\n\n<h3 class=\"wp-block-heading\">A day at school &#8211; School calendar<\/h3>\n\n\n\n<p><strong>The usual school day starts at 9 a.m. and ends at 3 p.m. Monday to Friday<\/strong><\/p>\n\n\n\n<p>However, if you wish, it is possible for your child to be received before the school begins. A welcome service is organized from 07.00 am to 08.50 am: <br>For this you just need to complete the document that is distributed at the beginning of the year or write to: <a href=\"mailto:accueil@lfsl.net\">accueil@lfsl.net<\/a><\/p>\n\n\n\n<p><strong>Daily planning<\/strong><\/p>\n\n\n\n<p>08.50-09.00: Reception in the school yard<br>09.00-11.10: Lesson time<br>11.10-12.00: Lunch, guarded by &#8220;Fritids&#8221;.<br>&#8211; CP: 10.55-11.30 Lunch, then break<br>&#8211; CE1 and CE2, lunch from 11.10-11.35, then break <br>&#8211; CM1 and CM2, break then lunch from 11.35 to 12.00<\/p>\n\n\n\n<p>12.00 &#8211; 15.00: lessons with a 15 min break ini teh middle of the afternoon.<\/p>\n\n\n\n<p>According to Swedish regulations, the canteen is compulsory and free.<\/p>\n\n\n\n<p>The times of APC (Complementary Educational Activities) as well as the Swedish International Section courses are organized according to the levels on certain days of the week, either from 8 am to 9 am, or from 3 pm to 4 pm.<\/p>\n\n\n\n<p>15.00: if your child is enrolled, &#8220;<a href=\"https:\/\/www.lfsl.net\/en\/who-are-we\/periscolaire-fritids-leisure-center\/\">P\u00e9riscolaire-Fritids<\/a>&#8221; takes over, otherwise the student must leave school premises.Students in CM2 can be enrolled in the study group.<br><br><strong>N.B Enrolment in &#8220;Fritids&#8221; is not automatic, it is up to the family to do so.<\/strong><br><a href=\"https:\/\/www.lfsl.net\/wp-content\/uploads\/2022\/06\/Regles_acces_Fritids-2022-2023.pdf\" target=\"_blank\" rel=\"noreferrer noopener\">Rules for P\u00e9riscolaire-Fritids (in French)<\/a><br><a href=\"https:\/\/www.lfsl.net\/wp-content\/uploads\/2022\/06\/Regler-for-placering-Fritids-2022-2023.pdf\" target=\"_blank\" rel=\"noreferrer noopener\">Rules for P\u00e9riscolaire \u2013 Fritids (in Swedish)<\/a><\/p>\n\n\n\n<p><\/p>\n\n\n\n<h3 class=\"wp-block-heading\">Student Support<\/h3>\n\n\n\n<p>An organization in smaller groups in CP, which facilitates the students&#8217; transition to and start in elementary school.<br>Three teachers are present to work with the students, either in small groups or in collaboration with the classes where the students need a personal support.<br>There is the opportunity to take advantage of an additional educational activity (1 hour per week) to help children who have a temporary difficulty, outside of class time.<br>Establishment of various action plans with tools and adaptations for children with greater need for support or learning difficulties.<br><br>Two school nurses, two \u201ckurators\u201d (Swedish and French), who ensure compliance with and updating of the equal treatment plan, and a school psychologist are present on site throughout the school day.<\/p>\n\n\n\n<h3 class=\"wp-block-heading\">S<span title=\"\">chool fees<\/span><\/h3>\n\n\n\n<p><strong><span title=\"\">14 550 sek per year<\/span> (2026-2027)<br><span title=\"\">School lunch, school supplies, excursions, projects &#8230; everything is included<\/span><\/strong><\/p>\n\n\n\n<h3 class=\"wp-block-heading\">The role of the parents<\/h3>\n\n\n\n<p>As a parent you can participate in life at the school by being a class representative and participating in the school council (Conseil d&#8217;\u00e9cole) or by being a candidate as a paren in the Conseil d&#8217;\u00e9tablissement (CE) or the board (CA)<br>You can also work as a volunteer in the parents&#8217; association, <a href=\"https:\/\/www.lfsl.net\/en\/life-at-lfsl\/ape\/\" target=\"_blank\" rel=\"noreferrer noopener\">APE<\/a>.<br><br><strong>For all questions:<\/strong> <a href=\"Mailto:dir.elementaire@lfsl.net\">Elementary School Director<\/a>&nbsp;<\/p>\n","protected":false},"excerpt":{"rendered":"<p>PEDAGOGICAL ORGANIZATION At the start of the school year 2023, the elementary school has 324 students from CP to CM2: The elementary school is made up of a team of 16 class teachers to which are added four specialist teachers, four English and five Swedish teachers, as well as a language coordinator (English and Swedish). &#8230; <\/p>\n<p class=\"read-more-container\"><a title=\"Elementary school\" class=\"read-more button\" href=\"https:\/\/www.lfsl.net\/en\/school-program\/elementary-school\/#more-1537\" aria-label=\"Read more about Elementary school\">Read more<\/a><\/p>\n","protected":false},"author":1,"featured_media":0,"parent":1531,"menu_order":0,"comment_status":"closed","ping_status":"closed","template":"","meta":{"footnotes":""},"class_list":["post-1537","page","type-page","status-publish"],"yoast_head":"<!-- This site is optimized with the Yoast SEO plugin v27.4 - https:\/\/yoast.com\/product\/yoast-seo-wordpress\/ -->\n<title>Elementary school &#8211; Lyc\u00e9e Fran\u00e7ais Saint Louis de Stockholm<\/title>\n<meta name=\"robots\" content=\"index, follow, max-snippet:-1, max-image-preview:large, max-video-preview:-1\" \/>\n<link rel=\"canonical\" href=\"https:\/\/www.lfsl.net\/en\/school-program\/elementary-school\/\" \/>\n<meta property=\"og:locale\" content=\"en_US\" \/>\n<meta property=\"og:type\" content=\"article\" \/>\n<meta property=\"og:title\" content=\"Elementary school &#8211; Lyc\u00e9e Fran\u00e7ais Saint Louis de Stockholm\" \/>\n<meta property=\"og:description\" content=\"PEDAGOGICAL ORGANIZATION At the start of the school year 2023, the elementary school has 324 students from CP to CM2: The elementary school is made up of a team of 16 class teachers to which are added four specialist teachers, four English and five Swedish teachers, as well as a language coordinator (English and Swedish). ... Read more\" \/>\n<meta property=\"og:url\" content=\"https:\/\/www.lfsl.net\/en\/school-program\/elementary-school\/\" \/>\n<meta property=\"og:site_name\" content=\"Lyc\u00e9e Fran\u00e7ais Saint Louis de Stockholm\" \/>\n<meta property=\"article:publisher\" content=\"https:\/\/www.facebook.com\/Lyc%c3%a9e-Francais-Saint-Louis-182116921840529\/\" \/>\n<meta property=\"article:modified_time\" content=\"2026-02-17T14:53:33+00:00\" \/>\n<meta property=\"og:image\" content=\"https:\/\/www.lfsl.net\/wp-content\/uploads\/2025\/04\/Elementaire.jpg\" \/>\n\t<meta property=\"og:image:width\" content=\"1373\" \/>\n\t<meta property=\"og:image:height\" content=\"926\" \/>\n\t<meta property=\"og:image:type\" content=\"image\/jpeg\" \/>\n<meta name=\"twitter:card\" content=\"summary_large_image\" \/>\n<script type=\"application\/ld+json\" class=\"yoast-schema-graph\">{\"@context\":\"https:\\\/\\\/schema.org\",\"@graph\":[{\"@type\":\"WebPage\",\"@id\":\"https:\\\/\\\/www.lfsl.net\\\/en\\\/school-program\\\/elementary-school\\\/\",\"url\":\"https:\\\/\\\/www.lfsl.net\\\/en\\\/school-program\\\/elementary-school\\\/\",\"name\":\"Elementary school &#8211; Lyc\u00e9e Fran\u00e7ais Saint Louis de Stockholm\",\"isPartOf\":{\"@id\":\"https:\\\/\\\/www.lfsl.net\\\/en\\\/#website\"},\"primaryImageOfPage\":{\"@id\":\"https:\\\/\\\/www.lfsl.net\\\/en\\\/school-program\\\/elementary-school\\\/#primaryimage\"},\"image\":{\"@id\":\"https:\\\/\\\/www.lfsl.net\\\/en\\\/school-program\\\/elementary-school\\\/#primaryimage\"},\"thumbnailUrl\":\"https:\\\/\\\/www.lfsl.net\\\/wp-content\\\/uploads\\\/2025\\\/04\\\/Elementaire-1200x809.jpg\",\"datePublished\":\"2018-10-31T10:34:48+00:00\",\"dateModified\":\"2026-02-17T14:53:33+00:00\",\"breadcrumb\":{\"@id\":\"https:\\\/\\\/www.lfsl.net\\\/en\\\/school-program\\\/elementary-school\\\/#breadcrumb\"},\"inLanguage\":\"en-US\",\"potentialAction\":[{\"@type\":\"ReadAction\",\"target\":[\"https:\\\/\\\/www.lfsl.net\\\/en\\\/school-program\\\/elementary-school\\\/\"]}]},{\"@type\":\"ImageObject\",\"inLanguage\":\"en-US\",\"@id\":\"https:\\\/\\\/www.lfsl.net\\\/en\\\/school-program\\\/elementary-school\\\/#primaryimage\",\"url\":\"https:\\\/\\\/www.lfsl.net\\\/wp-content\\\/uploads\\\/2025\\\/04\\\/Elementaire-1200x809.jpg\",\"contentUrl\":\"https:\\\/\\\/www.lfsl.net\\\/wp-content\\\/uploads\\\/2025\\\/04\\\/Elementaire-1200x809.jpg\"},{\"@type\":\"BreadcrumbList\",\"@id\":\"https:\\\/\\\/www.lfsl.net\\\/en\\\/school-program\\\/elementary-school\\\/#breadcrumb\",\"itemListElement\":[{\"@type\":\"ListItem\",\"position\":1,\"name\":\"Home\",\"item\":\"https:\\\/\\\/www.lfsl.net\\\/en\\\/\"},{\"@type\":\"ListItem\",\"position\":2,\"name\":\"School Program\",\"item\":\"https:\\\/\\\/www.lfsl.net\\\/en\\\/school-program\\\/\"},{\"@type\":\"ListItem\",\"position\":3,\"name\":\"Elementary school\"}]},{\"@type\":\"WebSite\",\"@id\":\"https:\\\/\\\/www.lfsl.net\\\/en\\\/#website\",\"url\":\"https:\\\/\\\/www.lfsl.net\\\/en\\\/\",\"name\":\"Lyc\u00e9e Fran\u00e7ais Saint Louis de Stockholm\",\"description\":\"\u00c9tablissement membre du r\u00e9seau AEFE\",\"publisher\":{\"@id\":\"https:\\\/\\\/www.lfsl.net\\\/en\\\/#organization\"},\"potentialAction\":[{\"@type\":\"SearchAction\",\"target\":{\"@type\":\"EntryPoint\",\"urlTemplate\":\"https:\\\/\\\/www.lfsl.net\\\/en\\\/?s={search_term_string}\"},\"query-input\":{\"@type\":\"PropertyValueSpecification\",\"valueRequired\":true,\"valueName\":\"search_term_string\"}}],\"inLanguage\":\"en-US\"},{\"@type\":\"Organization\",\"@id\":\"https:\\\/\\\/www.lfsl.net\\\/en\\\/#organization\",\"name\":\"Lyc\u00e9e Fran\u00e7ais Saint Louis\",\"url\":\"https:\\\/\\\/www.lfsl.net\\\/en\\\/\",\"logo\":{\"@type\":\"ImageObject\",\"inLanguage\":\"en-US\",\"@id\":\"https:\\\/\\\/www.lfsl.net\\\/en\\\/#\\\/schema\\\/logo\\\/image\\\/\",\"url\":\"https:\\\/\\\/www.lfsl.net\\\/wp-content\\\/uploads\\\/2021\\\/03\\\/LFSL-logo.jpg\",\"contentUrl\":\"https:\\\/\\\/www.lfsl.net\\\/wp-content\\\/uploads\\\/2021\\\/03\\\/LFSL-logo.jpg\",\"width\":330,\"height\":473,\"caption\":\"Lyc\u00e9e Fran\u00e7ais Saint Louis\"},\"image\":{\"@id\":\"https:\\\/\\\/www.lfsl.net\\\/en\\\/#\\\/schema\\\/logo\\\/image\\\/\"},\"sameAs\":[\"https:\\\/\\\/www.facebook.com\\\/Lyc\u00e9e-Francais-Saint-Louis-182116921840529\\\/\",\"https:\\\/\\\/www.instagram.com\\\/lyceefrancaisstockholm\\\/\",\"https:\\\/\\\/www.linkedin.com\\\/school\\\/lfsl\\\/\",\"https:\\\/\\\/www.youtube.com\\\/channel\\\/UCchS4IO4jE_YY0ILwn5NgGQ\"]}]}<\/script>\n<!-- \/ Yoast SEO plugin. -->","yoast_head_json":{"title":"Elementary school &#8211; Lyc\u00e9e Fran\u00e7ais Saint Louis de Stockholm","robots":{"index":"index","follow":"follow","max-snippet":"max-snippet:-1","max-image-preview":"max-image-preview:large","max-video-preview":"max-video-preview:-1"},"canonical":"https:\/\/www.lfsl.net\/en\/school-program\/elementary-school\/","og_locale":"en_US","og_type":"article","og_title":"Elementary school &#8211; Lyc\u00e9e Fran\u00e7ais Saint Louis de Stockholm","og_description":"PEDAGOGICAL ORGANIZATION At the start of the school year 2023, the elementary school has 324 students from CP to CM2: The elementary school is made up of a team of 16 class teachers to which are added four specialist teachers, four English and five Swedish teachers, as well as a language coordinator (English and Swedish). ... Read more","og_url":"https:\/\/www.lfsl.net\/en\/school-program\/elementary-school\/","og_site_name":"Lyc\u00e9e Fran\u00e7ais Saint Louis de Stockholm","article_publisher":"https:\/\/www.facebook.com\/Lyc%c3%a9e-Francais-Saint-Louis-182116921840529\/","article_modified_time":"2026-02-17T14:53:33+00:00","og_image":[{"width":1373,"height":926,"url":"https:\/\/www.lfsl.net\/wp-content\/uploads\/2025\/04\/Elementaire.jpg","type":"image\/jpeg"}],"twitter_card":"summary_large_image","schema":{"@context":"https:\/\/schema.org","@graph":[{"@type":"WebPage","@id":"https:\/\/www.lfsl.net\/en\/school-program\/elementary-school\/","url":"https:\/\/www.lfsl.net\/en\/school-program\/elementary-school\/","name":"Elementary school &#8211; Lyc\u00e9e Fran\u00e7ais Saint Louis de Stockholm","isPartOf":{"@id":"https:\/\/www.lfsl.net\/en\/#website"},"primaryImageOfPage":{"@id":"https:\/\/www.lfsl.net\/en\/school-program\/elementary-school\/#primaryimage"},"image":{"@id":"https:\/\/www.lfsl.net\/en\/school-program\/elementary-school\/#primaryimage"},"thumbnailUrl":"https:\/\/www.lfsl.net\/wp-content\/uploads\/2025\/04\/Elementaire-1200x809.jpg","datePublished":"2018-10-31T10:34:48+00:00","dateModified":"2026-02-17T14:53:33+00:00","breadcrumb":{"@id":"https:\/\/www.lfsl.net\/en\/school-program\/elementary-school\/#breadcrumb"},"inLanguage":"en-US","potentialAction":[{"@type":"ReadAction","target":["https:\/\/www.lfsl.net\/en\/school-program\/elementary-school\/"]}]},{"@type":"ImageObject","inLanguage":"en-US","@id":"https:\/\/www.lfsl.net\/en\/school-program\/elementary-school\/#primaryimage","url":"https:\/\/www.lfsl.net\/wp-content\/uploads\/2025\/04\/Elementaire-1200x809.jpg","contentUrl":"https:\/\/www.lfsl.net\/wp-content\/uploads\/2025\/04\/Elementaire-1200x809.jpg"},{"@type":"BreadcrumbList","@id":"https:\/\/www.lfsl.net\/en\/school-program\/elementary-school\/#breadcrumb","itemListElement":[{"@type":"ListItem","position":1,"name":"Home","item":"https:\/\/www.lfsl.net\/en\/"},{"@type":"ListItem","position":2,"name":"School Program","item":"https:\/\/www.lfsl.net\/en\/school-program\/"},{"@type":"ListItem","position":3,"name":"Elementary school"}]},{"@type":"WebSite","@id":"https:\/\/www.lfsl.net\/en\/#website","url":"https:\/\/www.lfsl.net\/en\/","name":"Lyc\u00e9e Fran\u00e7ais Saint Louis de Stockholm","description":"\u00c9tablissement membre du r\u00e9seau AEFE","publisher":{"@id":"https:\/\/www.lfsl.net\/en\/#organization"},"potentialAction":[{"@type":"SearchAction","target":{"@type":"EntryPoint","urlTemplate":"https:\/\/www.lfsl.net\/en\/?s={search_term_string}"},"query-input":{"@type":"PropertyValueSpecification","valueRequired":true,"valueName":"search_term_string"}}],"inLanguage":"en-US"},{"@type":"Organization","@id":"https:\/\/www.lfsl.net\/en\/#organization","name":"Lyc\u00e9e Fran\u00e7ais Saint Louis","url":"https:\/\/www.lfsl.net\/en\/","logo":{"@type":"ImageObject","inLanguage":"en-US","@id":"https:\/\/www.lfsl.net\/en\/#\/schema\/logo\/image\/","url":"https:\/\/www.lfsl.net\/wp-content\/uploads\/2021\/03\/LFSL-logo.jpg","contentUrl":"https:\/\/www.lfsl.net\/wp-content\/uploads\/2021\/03\/LFSL-logo.jpg","width":330,"height":473,"caption":"Lyc\u00e9e Fran\u00e7ais Saint Louis"},"image":{"@id":"https:\/\/www.lfsl.net\/en\/#\/schema\/logo\/image\/"},"sameAs":["https:\/\/www.facebook.com\/Lyc\u00e9e-Francais-Saint-Louis-182116921840529\/","https:\/\/www.instagram.com\/lyceefrancaisstockholm\/","https:\/\/www.linkedin.com\/school\/lfsl\/","https:\/\/www.youtube.com\/channel\/UCchS4IO4jE_YY0ILwn5NgGQ"]}]}},"_links":{"self":[{"href":"https:\/\/www.lfsl.net\/en\/wp-json\/wp\/v2\/pages\/1537","targetHints":{"allow":["GET"]}}],"collection":[{"href":"https:\/\/www.lfsl.net\/en\/wp-json\/wp\/v2\/pages"}],"about":[{"href":"https:\/\/www.lfsl.net\/en\/wp-json\/wp\/v2\/types\/page"}],"author":[{"embeddable":true,"href":"https:\/\/www.lfsl.net\/en\/wp-json\/wp\/v2\/users\/1"}],"replies":[{"embeddable":true,"href":"https:\/\/www.lfsl.net\/en\/wp-json\/wp\/v2\/comments?post=1537"}],"version-history":[{"count":72,"href":"https:\/\/www.lfsl.net\/en\/wp-json\/wp\/v2\/pages\/1537\/revisions"}],"predecessor-version":[{"id":24838,"href":"https:\/\/www.lfsl.net\/en\/wp-json\/wp\/v2\/pages\/1537\/revisions\/24838"}],"up":[{"embeddable":true,"href":"https:\/\/www.lfsl.net\/en\/wp-json\/wp\/v2\/pages\/1531"}],"wp:attachment":[{"href":"https:\/\/www.lfsl.net\/en\/wp-json\/wp\/v2\/media?parent=1537"}],"curies":[{"name":"wp","href":"https:\/\/api.w.org\/{rel}","templated":true}]}}