{"id":1548,"date":"2018-10-31T10:38:17","date_gmt":"2018-10-31T10:38:17","guid":{"rendered":"http:\/\/lfsl.net.hemsida.eu\/?page_id=1548"},"modified":"2026-01-12T10:50:37","modified_gmt":"2026-01-12T10:50:37","slug":"management","status":"publish","type":"page","link":"https:\/\/www.lfsl.net\/en\/who-are-we\/management\/","title":{"rendered":"Management"},"content":{"rendered":"\n<p><strong>The management team and the Headmaster ensure the running of the Lyc\u00e9e Fran\u00e7ais Saint Louis and the respect of the regulations.<\/strong><\/p>\n\n\n\n<h3 class=\"wp-block-heading\">International School in convention with the AEFE<\/h3>\n\n\n\n<p>The International part of the school includes Elementary School, Secondary School and High School, from &#8220;CP&#8221; to &#8220;Terminale&#8221;.<\/p>\n\n\n\n<p>The management team manages the school on all financial, human, logistical and educational aspects for the Foundation Lyc\u00e9e Fran\u00e7ais Saint Louis.<\/p>\n\n\n\n<figure class=\"wp-block-image size-full\"><img loading=\"lazy\" decoding=\"async\" width=\"817\" height=\"287\" src=\"https:\/\/www.lfsl.net\/wp-content\/uploads\/2026\/01\/Direction_2026-2.jpg\" alt=\"\" class=\"wp-image-24608\" srcset=\"https:\/\/www.lfsl.net\/wp-content\/uploads\/2026\/01\/Direction_2026-2.jpg 817w, https:\/\/www.lfsl.net\/wp-content\/uploads\/2026\/01\/Direction_2026-2-600x211.jpg 600w, https:\/\/www.lfsl.net\/wp-content\/uploads\/2026\/01\/Direction_2026-2-768x270.jpg 768w\" sizes=\"auto, (max-width: 817px) 100vw, 817px\" \/><\/figure>\n\n\n\n<p><strong>The Headmaster, Mr. Denis Ravaille,<\/strong> is accompanied by the <strong>Director of the Elementary school, Mr. Fabrice Palhies,<\/strong> to whom he delegates the direction of the elementary school.<\/p>\n\n\n\n<p>They are supported by a team composed of:<\/p>\n\n\n\n<p>They are accompanied by a team made up of :<br>&#8211; <strong><strong>Deputy Headmaster<\/strong>, Laurent Pentinat, <\/strong>who assists the Principal in the pedagogical, educational and administrative areas.<br>&#8211; <strong><strong>Administrative and Financial Director, Txomin Diaz<\/strong><\/strong>, who is responsible for the LFSL&#8217;s financial and budgetary policy, as well as administrative functions (management, legal, IT).<br>&#8211; <strong><strong>Deputy Headmaster for International and Language Programs,<\/strong> Thomas Nicholas<\/strong>, who is responsible for the team language teachers and all matters relating to Swedish education authorities and practices.<br><strong><strong>&#8211; Conseillers Principaux d&#8217;Education, Olivier Cureau and Myriam Pinguet<\/strong><\/strong>, who are in charge of school life, i.e. providing secondary school pupils with the best possible conditions for individual and collective life, academic success and personal development.<br>&#8211; <strong><strong>Languages and Fritids Coordinator, <\/strong><\/strong>Emma Nordstr\u00f6m, who is responsible for the team of language teachers at the elementary school and for Fritids.<br>&#8211; <strong>HR<\/strong> <strong>Director<\/strong>, Mona-Marleen Antonsson, who is responsible for organising LFSL&#8217;s HR policy and ensuring compliance with Swedish employment law.<\/p>\n\n\n\n<p>To contact the Principal and the management team, please contact the <a href=\"Mailto:secretariat@lfsl.net\">secretarial office.<\/a><\/p>\n\n\n\n<h3 class=\"wp-block-heading\">&#8220;F\u00d6RSKOLA&#8221; (Swedish Preschool)<\/h3>\n\n\n\n<p>The &#8220;f\u00f6rskola&#8221; is a Swedish preschool that welcomes children between 1 and 5 years old who can then join the CP.<br><strong>The Director of the &#8220;f\u00f6rskola&#8221;, Katarina Koto, <\/strong>manages all preschool activities and manages the &#8220;f\u00f6rskola&#8221; on all financial, human, logistical and educational aspects for the Foundation Lyc\u00e9e Fran\u00e7ais Saint Louis.<\/p>\n\n\n\n<p>To contact the Director of the &#8220;f\u00f6rskola&#8221; via e-mail:&nbsp;<a href=\"Mailto:kkoto@lfsl.net\">Director of the &#8220;f\u00f6rskola&#8221; and &#8220;Skolchef F\u00f6rskolan and Fritids&#8221;<\/a>.<\/p>\n","protected":false},"excerpt":{"rendered":"<p>The management team and the Headmaster ensure the running of the Lyc\u00e9e Fran\u00e7ais Saint Louis and the respect of the regulations. International School in convention with the AEFE The International part of the school includes Elementary School, Secondary School and High School, from &#8220;CP&#8221; to &#8220;Terminale&#8221;. The management team manages the school on all financial, &#8230; <\/p>\n<p class=\"read-more-container\"><a title=\"Management\" class=\"read-more button\" href=\"https:\/\/www.lfsl.net\/en\/who-are-we\/management\/#more-1548\" aria-label=\"Read more about Management\">Read more<\/a><\/p>\n","protected":false},"author":1,"featured_media":0,"parent":1546,"menu_order":0,"comment_status":"closed","ping_status":"closed","template":"","meta":{"footnotes":""},"class_list":["post-1548","page","type-page","status-publish"],"yoast_head":"<!-- This site is optimized with the Yoast SEO plugin v27.4 - https:\/\/yoast.com\/product\/yoast-seo-wordpress\/ -->\n<title>Management &#8211; Lyc\u00e9e Fran\u00e7ais Saint Louis de Stockholm<\/title>\n<meta name=\"robots\" content=\"index, follow, max-snippet:-1, max-image-preview:large, max-video-preview:-1\" \/>\n<link rel=\"canonical\" href=\"https:\/\/www.lfsl.net\/en\/who-are-we\/management\/\" \/>\n<meta property=\"og:locale\" content=\"en_US\" \/>\n<meta property=\"og:type\" content=\"article\" \/>\n<meta property=\"og:title\" content=\"Management &#8211; Lyc\u00e9e Fran\u00e7ais Saint Louis de Stockholm\" \/>\n<meta property=\"og:description\" content=\"The management team and the Headmaster ensure the running of the Lyc\u00e9e Fran\u00e7ais Saint Louis and the respect of the regulations. International School in convention with the AEFE The International part of the school includes Elementary School, Secondary School and High School, from &#8220;CP&#8221; to &#8220;Terminale&#8221;. The management team manages the school on all financial, ... Read more\" \/>\n<meta property=\"og:url\" content=\"https:\/\/www.lfsl.net\/en\/who-are-we\/management\/\" \/>\n<meta property=\"og:site_name\" content=\"Lyc\u00e9e Fran\u00e7ais Saint Louis de Stockholm\" \/>\n<meta property=\"article:publisher\" content=\"https:\/\/www.facebook.com\/Lyc%c3%a9e-Francais-Saint-Louis-182116921840529\/\" \/>\n<meta property=\"article:modified_time\" content=\"2026-01-12T10:50:37+00:00\" \/>\n<meta property=\"og:image\" content=\"https:\/\/www.lfsl.net\/wp-content\/uploads\/2026\/01\/Direction_2026-2.jpg\" \/>\n\t<meta property=\"og:image:width\" content=\"817\" \/>\n\t<meta property=\"og:image:height\" content=\"287\" \/>\n\t<meta property=\"og:image:type\" content=\"image\/jpeg\" \/>\n<meta name=\"twitter:card\" content=\"summary_large_image\" \/>\n<script type=\"application\/ld+json\" class=\"yoast-schema-graph\">{\"@context\":\"https:\\\/\\\/schema.org\",\"@graph\":[{\"@type\":\"WebPage\",\"@id\":\"https:\\\/\\\/www.lfsl.net\\\/en\\\/who-are-we\\\/management\\\/\",\"url\":\"https:\\\/\\\/www.lfsl.net\\\/en\\\/who-are-we\\\/management\\\/\",\"name\":\"Management &#8211; Lyc\u00e9e Fran\u00e7ais Saint Louis de Stockholm\",\"isPartOf\":{\"@id\":\"https:\\\/\\\/www.lfsl.net\\\/en\\\/#website\"},\"primaryImageOfPage\":{\"@id\":\"https:\\\/\\\/www.lfsl.net\\\/en\\\/who-are-we\\\/management\\\/#primaryimage\"},\"image\":{\"@id\":\"https:\\\/\\\/www.lfsl.net\\\/en\\\/who-are-we\\\/management\\\/#primaryimage\"},\"thumbnailUrl\":\"https:\\\/\\\/www.lfsl.net\\\/wp-content\\\/uploads\\\/2026\\\/01\\\/Direction_2026-2.jpg\",\"datePublished\":\"2018-10-31T10:38:17+00:00\",\"dateModified\":\"2026-01-12T10:50:37+00:00\",\"breadcrumb\":{\"@id\":\"https:\\\/\\\/www.lfsl.net\\\/en\\\/who-are-we\\\/management\\\/#breadcrumb\"},\"inLanguage\":\"en-US\",\"potentialAction\":[{\"@type\":\"ReadAction\",\"target\":[\"https:\\\/\\\/www.lfsl.net\\\/en\\\/who-are-we\\\/management\\\/\"]}]},{\"@type\":\"ImageObject\",\"inLanguage\":\"en-US\",\"@id\":\"https:\\\/\\\/www.lfsl.net\\\/en\\\/who-are-we\\\/management\\\/#primaryimage\",\"url\":\"https:\\\/\\\/www.lfsl.net\\\/wp-content\\\/uploads\\\/2026\\\/01\\\/Direction_2026-2.jpg\",\"contentUrl\":\"https:\\\/\\\/www.lfsl.net\\\/wp-content\\\/uploads\\\/2026\\\/01\\\/Direction_2026-2.jpg\"},{\"@type\":\"BreadcrumbList\",\"@id\":\"https:\\\/\\\/www.lfsl.net\\\/en\\\/who-are-we\\\/management\\\/#breadcrumb\",\"itemListElement\":[{\"@type\":\"ListItem\",\"position\":1,\"name\":\"Home\",\"item\":\"https:\\\/\\\/www.lfsl.net\\\/en\\\/\"},{\"@type\":\"ListItem\",\"position\":2,\"name\":\"Who are we?\",\"item\":\"https:\\\/\\\/www.lfsl.net\\\/en\\\/who-are-we\\\/\"},{\"@type\":\"ListItem\",\"position\":3,\"name\":\"Management\"}]},{\"@type\":\"WebSite\",\"@id\":\"https:\\\/\\\/www.lfsl.net\\\/en\\\/#website\",\"url\":\"https:\\\/\\\/www.lfsl.net\\\/en\\\/\",\"name\":\"Lyc\u00e9e Fran\u00e7ais Saint Louis de Stockholm\",\"description\":\"\u00c9tablissement membre du r\u00e9seau AEFE\",\"publisher\":{\"@id\":\"https:\\\/\\\/www.lfsl.net\\\/en\\\/#organization\"},\"potentialAction\":[{\"@type\":\"SearchAction\",\"target\":{\"@type\":\"EntryPoint\",\"urlTemplate\":\"https:\\\/\\\/www.lfsl.net\\\/en\\\/?s={search_term_string}\"},\"query-input\":{\"@type\":\"PropertyValueSpecification\",\"valueRequired\":true,\"valueName\":\"search_term_string\"}}],\"inLanguage\":\"en-US\"},{\"@type\":\"Organization\",\"@id\":\"https:\\\/\\\/www.lfsl.net\\\/en\\\/#organization\",\"name\":\"Lyc\u00e9e Fran\u00e7ais Saint Louis\",\"url\":\"https:\\\/\\\/www.lfsl.net\\\/en\\\/\",\"logo\":{\"@type\":\"ImageObject\",\"inLanguage\":\"en-US\",\"@id\":\"https:\\\/\\\/www.lfsl.net\\\/en\\\/#\\\/schema\\\/logo\\\/image\\\/\",\"url\":\"https:\\\/\\\/www.lfsl.net\\\/wp-content\\\/uploads\\\/2021\\\/03\\\/LFSL-logo.jpg\",\"contentUrl\":\"https:\\\/\\\/www.lfsl.net\\\/wp-content\\\/uploads\\\/2021\\\/03\\\/LFSL-logo.jpg\",\"width\":330,\"height\":473,\"caption\":\"Lyc\u00e9e Fran\u00e7ais Saint Louis\"},\"image\":{\"@id\":\"https:\\\/\\\/www.lfsl.net\\\/en\\\/#\\\/schema\\\/logo\\\/image\\\/\"},\"sameAs\":[\"https:\\\/\\\/www.facebook.com\\\/Lyc\u00e9e-Francais-Saint-Louis-182116921840529\\\/\",\"https:\\\/\\\/www.instagram.com\\\/lyceefrancaisstockholm\\\/\",\"https:\\\/\\\/www.linkedin.com\\\/school\\\/lfsl\\\/\",\"https:\\\/\\\/www.youtube.com\\\/channel\\\/UCchS4IO4jE_YY0ILwn5NgGQ\"]}]}<\/script>\n<!-- \/ Yoast SEO plugin. -->","yoast_head_json":{"title":"Management &#8211; Lyc\u00e9e Fran\u00e7ais Saint Louis de Stockholm","robots":{"index":"index","follow":"follow","max-snippet":"max-snippet:-1","max-image-preview":"max-image-preview:large","max-video-preview":"max-video-preview:-1"},"canonical":"https:\/\/www.lfsl.net\/en\/who-are-we\/management\/","og_locale":"en_US","og_type":"article","og_title":"Management &#8211; Lyc\u00e9e Fran\u00e7ais Saint Louis de Stockholm","og_description":"The management team and the Headmaster ensure the running of the Lyc\u00e9e Fran\u00e7ais Saint Louis and the respect of the regulations. International School in convention with the AEFE The International part of the school includes Elementary School, Secondary School and High School, from &#8220;CP&#8221; to &#8220;Terminale&#8221;. The management team manages the school on all financial, ... Read more","og_url":"https:\/\/www.lfsl.net\/en\/who-are-we\/management\/","og_site_name":"Lyc\u00e9e Fran\u00e7ais Saint Louis de Stockholm","article_publisher":"https:\/\/www.facebook.com\/Lyc%c3%a9e-Francais-Saint-Louis-182116921840529\/","article_modified_time":"2026-01-12T10:50:37+00:00","og_image":[{"width":817,"height":287,"url":"https:\/\/www.lfsl.net\/wp-content\/uploads\/2026\/01\/Direction_2026-2.jpg","type":"image\/jpeg"}],"twitter_card":"summary_large_image","schema":{"@context":"https:\/\/schema.org","@graph":[{"@type":"WebPage","@id":"https:\/\/www.lfsl.net\/en\/who-are-we\/management\/","url":"https:\/\/www.lfsl.net\/en\/who-are-we\/management\/","name":"Management &#8211; Lyc\u00e9e Fran\u00e7ais Saint Louis de Stockholm","isPartOf":{"@id":"https:\/\/www.lfsl.net\/en\/#website"},"primaryImageOfPage":{"@id":"https:\/\/www.lfsl.net\/en\/who-are-we\/management\/#primaryimage"},"image":{"@id":"https:\/\/www.lfsl.net\/en\/who-are-we\/management\/#primaryimage"},"thumbnailUrl":"https:\/\/www.lfsl.net\/wp-content\/uploads\/2026\/01\/Direction_2026-2.jpg","datePublished":"2018-10-31T10:38:17+00:00","dateModified":"2026-01-12T10:50:37+00:00","breadcrumb":{"@id":"https:\/\/www.lfsl.net\/en\/who-are-we\/management\/#breadcrumb"},"inLanguage":"en-US","potentialAction":[{"@type":"ReadAction","target":["https:\/\/www.lfsl.net\/en\/who-are-we\/management\/"]}]},{"@type":"ImageObject","inLanguage":"en-US","@id":"https:\/\/www.lfsl.net\/en\/who-are-we\/management\/#primaryimage","url":"https:\/\/www.lfsl.net\/wp-content\/uploads\/2026\/01\/Direction_2026-2.jpg","contentUrl":"https:\/\/www.lfsl.net\/wp-content\/uploads\/2026\/01\/Direction_2026-2.jpg"},{"@type":"BreadcrumbList","@id":"https:\/\/www.lfsl.net\/en\/who-are-we\/management\/#breadcrumb","itemListElement":[{"@type":"ListItem","position":1,"name":"Home","item":"https:\/\/www.lfsl.net\/en\/"},{"@type":"ListItem","position":2,"name":"Who are we?","item":"https:\/\/www.lfsl.net\/en\/who-are-we\/"},{"@type":"ListItem","position":3,"name":"Management"}]},{"@type":"WebSite","@id":"https:\/\/www.lfsl.net\/en\/#website","url":"https:\/\/www.lfsl.net\/en\/","name":"Lyc\u00e9e Fran\u00e7ais Saint Louis de Stockholm","description":"\u00c9tablissement membre du r\u00e9seau AEFE","publisher":{"@id":"https:\/\/www.lfsl.net\/en\/#organization"},"potentialAction":[{"@type":"SearchAction","target":{"@type":"EntryPoint","urlTemplate":"https:\/\/www.lfsl.net\/en\/?s={search_term_string}"},"query-input":{"@type":"PropertyValueSpecification","valueRequired":true,"valueName":"search_term_string"}}],"inLanguage":"en-US"},{"@type":"Organization","@id":"https:\/\/www.lfsl.net\/en\/#organization","name":"Lyc\u00e9e Fran\u00e7ais Saint Louis","url":"https:\/\/www.lfsl.net\/en\/","logo":{"@type":"ImageObject","inLanguage":"en-US","@id":"https:\/\/www.lfsl.net\/en\/#\/schema\/logo\/image\/","url":"https:\/\/www.lfsl.net\/wp-content\/uploads\/2021\/03\/LFSL-logo.jpg","contentUrl":"https:\/\/www.lfsl.net\/wp-content\/uploads\/2021\/03\/LFSL-logo.jpg","width":330,"height":473,"caption":"Lyc\u00e9e Fran\u00e7ais Saint Louis"},"image":{"@id":"https:\/\/www.lfsl.net\/en\/#\/schema\/logo\/image\/"},"sameAs":["https:\/\/www.facebook.com\/Lyc\u00e9e-Francais-Saint-Louis-182116921840529\/","https:\/\/www.instagram.com\/lyceefrancaisstockholm\/","https:\/\/www.linkedin.com\/school\/lfsl\/","https:\/\/www.youtube.com\/channel\/UCchS4IO4jE_YY0ILwn5NgGQ"]}]}},"_links":{"self":[{"href":"https:\/\/www.lfsl.net\/en\/wp-json\/wp\/v2\/pages\/1548","targetHints":{"allow":["GET"]}}],"collection":[{"href":"https:\/\/www.lfsl.net\/en\/wp-json\/wp\/v2\/pages"}],"about":[{"href":"https:\/\/www.lfsl.net\/en\/wp-json\/wp\/v2\/types\/page"}],"author":[{"embeddable":true,"href":"https:\/\/www.lfsl.net\/en\/wp-json\/wp\/v2\/users\/1"}],"replies":[{"embeddable":true,"href":"https:\/\/www.lfsl.net\/en\/wp-json\/wp\/v2\/comments?post=1548"}],"version-history":[{"count":63,"href":"https:\/\/www.lfsl.net\/en\/wp-json\/wp\/v2\/pages\/1548\/revisions"}],"predecessor-version":[{"id":24611,"href":"https:\/\/www.lfsl.net\/en\/wp-json\/wp\/v2\/pages\/1548\/revisions\/24611"}],"up":[{"embeddable":true,"href":"https:\/\/www.lfsl.net\/en\/wp-json\/wp\/v2\/pages\/1546"}],"wp:attachment":[{"href":"https:\/\/www.lfsl.net\/en\/wp-json\/wp\/v2\/media?parent=1548"}],"curies":[{"name":"wp","href":"https:\/\/api.w.org\/{rel}","templated":true}]}}