{"id":1550,"date":"2018-10-31T10:39:08","date_gmt":"2018-10-31T10:39:08","guid":{"rendered":"http:\/\/lfsl.net.hemsida.eu\/?page_id=1550"},"modified":"2021-01-21T16:37:33","modified_gmt":"2021-01-21T16:37:33","slug":"vie-scolaire","status":"publish","type":"page","link":"https:\/\/www.lfsl.net\/en\/who-are-we\/vie-scolaire\/","title":{"rendered":"Vie Scolaire"},"content":{"rendered":"<p><strong>The \u00ab Vie Scolaire \u00bb (School Life Service) is dedicated to the Coll\u00e8ge &amp; Lyc\u00e9e (Secondary School and High School) and includes the Senior Education Advisor (CPE) and full-time or part-time Education Assistants.<\/strong><\/p>\n<p>The \u00ab Vie Scolaire \u00bb&nbsp; takes care of the students outside the classrooms and courses. Its main mission is to ensure that each student follows his schooling in the best conditions, with respect for people, property and rules of life in community.<\/p>\n<p>The \u00ab Vie Scolaire \u00bb is a place to receive and listen to students at any time of the day: school related or personal problems, to get information on the daily organisation in coll\u00e8ge and lyc\u00e9e.<\/p>\n<p>Educational assistants supervise students mainly during study hours, during breaks between courses and during the lunch break. They have an educational role: respect of the rules, advices, help with homework. They are focusing on the students issues. They also manage absences and delays.<\/p>\n<p>The CPE is in charge of the individual follow-up of students: interview with students and their families about their behavior, working in close collaboration with the school&#8217;s health team and the Head teachers. He informs families about any issues with the schooling of their children. He also ensures the organization of the election of class representatives.<\/p>\n<p><a href=\"https:\/\/1040001l.index-education.net\/pronote\/\" target=\"_blank\" rel=\"noopener noreferrer\"><img loading=\"lazy\" decoding=\"async\" width=\"216\" height=\"216\" class=\" wp-image-3537 alignright\" alt=\"\" src=\"https:\/\/www.lfsl.net\/wp-content\/uploads\/2019\/04\/Pronote_bild.jpg\" srcset=\"https:\/\/www.lfsl.net\/wp-content\/uploads\/2019\/04\/Pronote_bild.jpg 246w, https:\/\/www.lfsl.net\/wp-content\/uploads\/2019\/04\/Pronote_bild-150x150.jpg 150w\" sizes=\"auto, (max-width: 216px) 100vw, 216px\" \/><\/a>Parents are encouraged to consult Pronote regularly (logins sent to families at the beginning of the school year). Most of the communication goes through this interface, including e-mails. Pronote includes student schedules, grades, homework, absences and delays as well as regularly updated information.<\/p>\n<p><strong>The \u00ab Vie Scolaire \u00bb can be contacted by email viescolaire[a]lfsl.net<\/strong> &nbsp;<\/p>\n<p><strong>or by phone:<\/strong><\/p>\n<p><strong>&#8211; For Coll\u00e8ge : from 07:30 to 17:30 to the tel: 08-441 30 34<\/strong><\/p>\n<p><strong>&#8211; For Lyc\u00e9e : from 07:30 to 18:30 to the tel: 08-441 30 68<\/strong><\/p>\n<p><\/p>\n\n\n<p><a aria-label=\"LINK TO PRONOTE (opens in a new tab)\" href=\"https:\/\/1040001l.index-education.net\/pronote\/\" target=\"_blank\" rel=\"noreferrer noopener\">LINK TO PRONOTE<\/a><\/p>\n","protected":false},"excerpt":{"rendered":"<p>The \u00ab Vie Scolaire \u00bb (School Life Service) is dedicated to the Coll\u00e8ge &amp; Lyc\u00e9e (Secondary School and High School) and includes the Senior Education Advisor (CPE) and full-time or part-time Education Assistants. The \u00ab Vie Scolaire \u00bb&nbsp; takes care of the students outside the classrooms and courses. Its main mission is to ensure that &#8230; <\/p>\n<p class=\"read-more-container\"><a title=\"Vie Scolaire\" class=\"read-more button\" href=\"https:\/\/www.lfsl.net\/en\/who-are-we\/vie-scolaire\/#more-1550\" aria-label=\"Read more about Vie Scolaire\">Read more<\/a><\/p>\n","protected":false},"author":1,"featured_media":0,"parent":1546,"menu_order":0,"comment_status":"closed","ping_status":"closed","template":"","meta":{"footnotes":""},"class_list":["post-1550","page","type-page","status-publish"],"yoast_head":"<!-- This site is optimized with the Yoast SEO plugin v27.4 - https:\/\/yoast.com\/product\/yoast-seo-wordpress\/ -->\n<title>Vie Scolaire &#8211; Lyc\u00e9e Fran\u00e7ais Saint Louis de Stockholm<\/title>\n<meta name=\"robots\" content=\"index, follow, max-snippet:-1, max-image-preview:large, max-video-preview:-1\" \/>\n<link rel=\"canonical\" href=\"https:\/\/www.lfsl.net\/en\/who-are-we\/vie-scolaire\/\" \/>\n<meta property=\"og:locale\" content=\"en_US\" \/>\n<meta property=\"og:type\" content=\"article\" \/>\n<meta property=\"og:title\" content=\"Vie Scolaire &#8211; Lyc\u00e9e Fran\u00e7ais Saint Louis de Stockholm\" \/>\n<meta property=\"og:description\" content=\"The \u00ab Vie Scolaire \u00bb (School Life Service) is dedicated to the Coll\u00e8ge &amp; Lyc\u00e9e (Secondary School and High School) and includes the Senior Education Advisor (CPE) and full-time or part-time Education Assistants. The \u00ab Vie Scolaire \u00bb&nbsp; takes care of the students outside the classrooms and courses. Its main mission is to ensure that ... Read more\" \/>\n<meta property=\"og:url\" content=\"https:\/\/www.lfsl.net\/en\/who-are-we\/vie-scolaire\/\" \/>\n<meta property=\"og:site_name\" content=\"Lyc\u00e9e Fran\u00e7ais Saint Louis de Stockholm\" \/>\n<meta property=\"article:publisher\" content=\"https:\/\/www.facebook.com\/Lyc%c3%a9e-Francais-Saint-Louis-182116921840529\/\" \/>\n<meta property=\"article:modified_time\" content=\"2021-01-21T16:37:33+00:00\" \/>\n<meta property=\"og:image\" content=\"https:\/\/www.lfsl.net\/wp-content\/uploads\/2019\/04\/Pronote_bild.jpg\" \/>\n<meta name=\"twitter:card\" content=\"summary_large_image\" \/>\n<script type=\"application\/ld+json\" class=\"yoast-schema-graph\">{\"@context\":\"https:\\\/\\\/schema.org\",\"@graph\":[{\"@type\":\"WebPage\",\"@id\":\"https:\\\/\\\/www.lfsl.net\\\/en\\\/who-are-we\\\/vie-scolaire\\\/\",\"url\":\"https:\\\/\\\/www.lfsl.net\\\/en\\\/who-are-we\\\/vie-scolaire\\\/\",\"name\":\"Vie Scolaire &#8211; Lyc\u00e9e Fran\u00e7ais Saint Louis de Stockholm\",\"isPartOf\":{\"@id\":\"https:\\\/\\\/www.lfsl.net\\\/en\\\/#website\"},\"primaryImageOfPage\":{\"@id\":\"https:\\\/\\\/www.lfsl.net\\\/en\\\/who-are-we\\\/vie-scolaire\\\/#primaryimage\"},\"image\":{\"@id\":\"https:\\\/\\\/www.lfsl.net\\\/en\\\/who-are-we\\\/vie-scolaire\\\/#primaryimage\"},\"thumbnailUrl\":\"https:\\\/\\\/www.lfsl.net\\\/wp-content\\\/uploads\\\/2019\\\/04\\\/Pronote_bild.jpg\",\"datePublished\":\"2018-10-31T10:39:08+00:00\",\"dateModified\":\"2021-01-21T16:37:33+00:00\",\"breadcrumb\":{\"@id\":\"https:\\\/\\\/www.lfsl.net\\\/en\\\/who-are-we\\\/vie-scolaire\\\/#breadcrumb\"},\"inLanguage\":\"en-US\",\"potentialAction\":[{\"@type\":\"ReadAction\",\"target\":[\"https:\\\/\\\/www.lfsl.net\\\/en\\\/who-are-we\\\/vie-scolaire\\\/\"]}]},{\"@type\":\"ImageObject\",\"inLanguage\":\"en-US\",\"@id\":\"https:\\\/\\\/www.lfsl.net\\\/en\\\/who-are-we\\\/vie-scolaire\\\/#primaryimage\",\"url\":\"https:\\\/\\\/www.lfsl.net\\\/wp-content\\\/uploads\\\/2019\\\/04\\\/Pronote_bild.jpg\",\"contentUrl\":\"https:\\\/\\\/www.lfsl.net\\\/wp-content\\\/uploads\\\/2019\\\/04\\\/Pronote_bild.jpg\"},{\"@type\":\"BreadcrumbList\",\"@id\":\"https:\\\/\\\/www.lfsl.net\\\/en\\\/who-are-we\\\/vie-scolaire\\\/#breadcrumb\",\"itemListElement\":[{\"@type\":\"ListItem\",\"position\":1,\"name\":\"Home\",\"item\":\"https:\\\/\\\/www.lfsl.net\\\/en\\\/\"},{\"@type\":\"ListItem\",\"position\":2,\"name\":\"Who are we?\",\"item\":\"https:\\\/\\\/www.lfsl.net\\\/en\\\/who-are-we\\\/\"},{\"@type\":\"ListItem\",\"position\":3,\"name\":\"Vie Scolaire\"}]},{\"@type\":\"WebSite\",\"@id\":\"https:\\\/\\\/www.lfsl.net\\\/en\\\/#website\",\"url\":\"https:\\\/\\\/www.lfsl.net\\\/en\\\/\",\"name\":\"Lyc\u00e9e Fran\u00e7ais Saint Louis de Stockholm\",\"description\":\"\u00c9tablissement membre du r\u00e9seau AEFE\",\"publisher\":{\"@id\":\"https:\\\/\\\/www.lfsl.net\\\/en\\\/#organization\"},\"potentialAction\":[{\"@type\":\"SearchAction\",\"target\":{\"@type\":\"EntryPoint\",\"urlTemplate\":\"https:\\\/\\\/www.lfsl.net\\\/en\\\/?s={search_term_string}\"},\"query-input\":{\"@type\":\"PropertyValueSpecification\",\"valueRequired\":true,\"valueName\":\"search_term_string\"}}],\"inLanguage\":\"en-US\"},{\"@type\":\"Organization\",\"@id\":\"https:\\\/\\\/www.lfsl.net\\\/en\\\/#organization\",\"name\":\"Lyc\u00e9e Fran\u00e7ais Saint Louis\",\"url\":\"https:\\\/\\\/www.lfsl.net\\\/en\\\/\",\"logo\":{\"@type\":\"ImageObject\",\"inLanguage\":\"en-US\",\"@id\":\"https:\\\/\\\/www.lfsl.net\\\/en\\\/#\\\/schema\\\/logo\\\/image\\\/\",\"url\":\"https:\\\/\\\/www.lfsl.net\\\/wp-content\\\/uploads\\\/2021\\\/03\\\/LFSL-logo.jpg\",\"contentUrl\":\"https:\\\/\\\/www.lfsl.net\\\/wp-content\\\/uploads\\\/2021\\\/03\\\/LFSL-logo.jpg\",\"width\":330,\"height\":473,\"caption\":\"Lyc\u00e9e Fran\u00e7ais Saint Louis\"},\"image\":{\"@id\":\"https:\\\/\\\/www.lfsl.net\\\/en\\\/#\\\/schema\\\/logo\\\/image\\\/\"},\"sameAs\":[\"https:\\\/\\\/www.facebook.com\\\/Lyc\u00e9e-Francais-Saint-Louis-182116921840529\\\/\",\"https:\\\/\\\/www.instagram.com\\\/lyceefrancaisstockholm\\\/\",\"https:\\\/\\\/www.linkedin.com\\\/school\\\/lfsl\\\/\",\"https:\\\/\\\/www.youtube.com\\\/channel\\\/UCchS4IO4jE_YY0ILwn5NgGQ\"]}]}<\/script>\n<!-- \/ Yoast SEO plugin. -->","yoast_head_json":{"title":"Vie Scolaire &#8211; Lyc\u00e9e Fran\u00e7ais Saint Louis de Stockholm","robots":{"index":"index","follow":"follow","max-snippet":"max-snippet:-1","max-image-preview":"max-image-preview:large","max-video-preview":"max-video-preview:-1"},"canonical":"https:\/\/www.lfsl.net\/en\/who-are-we\/vie-scolaire\/","og_locale":"en_US","og_type":"article","og_title":"Vie Scolaire &#8211; Lyc\u00e9e Fran\u00e7ais Saint Louis de Stockholm","og_description":"The \u00ab Vie Scolaire \u00bb (School Life Service) is dedicated to the Coll\u00e8ge &amp; Lyc\u00e9e (Secondary School and High School) and includes the Senior Education Advisor (CPE) and full-time or part-time Education Assistants. The \u00ab Vie Scolaire \u00bb&nbsp; takes care of the students outside the classrooms and courses. Its main mission is to ensure that ... Read more","og_url":"https:\/\/www.lfsl.net\/en\/who-are-we\/vie-scolaire\/","og_site_name":"Lyc\u00e9e Fran\u00e7ais Saint Louis de Stockholm","article_publisher":"https:\/\/www.facebook.com\/Lyc%c3%a9e-Francais-Saint-Louis-182116921840529\/","article_modified_time":"2021-01-21T16:37:33+00:00","og_image":[{"url":"https:\/\/www.lfsl.net\/wp-content\/uploads\/2019\/04\/Pronote_bild.jpg","type":"","width":"","height":""}],"twitter_card":"summary_large_image","schema":{"@context":"https:\/\/schema.org","@graph":[{"@type":"WebPage","@id":"https:\/\/www.lfsl.net\/en\/who-are-we\/vie-scolaire\/","url":"https:\/\/www.lfsl.net\/en\/who-are-we\/vie-scolaire\/","name":"Vie Scolaire &#8211; Lyc\u00e9e Fran\u00e7ais Saint Louis de Stockholm","isPartOf":{"@id":"https:\/\/www.lfsl.net\/en\/#website"},"primaryImageOfPage":{"@id":"https:\/\/www.lfsl.net\/en\/who-are-we\/vie-scolaire\/#primaryimage"},"image":{"@id":"https:\/\/www.lfsl.net\/en\/who-are-we\/vie-scolaire\/#primaryimage"},"thumbnailUrl":"https:\/\/www.lfsl.net\/wp-content\/uploads\/2019\/04\/Pronote_bild.jpg","datePublished":"2018-10-31T10:39:08+00:00","dateModified":"2021-01-21T16:37:33+00:00","breadcrumb":{"@id":"https:\/\/www.lfsl.net\/en\/who-are-we\/vie-scolaire\/#breadcrumb"},"inLanguage":"en-US","potentialAction":[{"@type":"ReadAction","target":["https:\/\/www.lfsl.net\/en\/who-are-we\/vie-scolaire\/"]}]},{"@type":"ImageObject","inLanguage":"en-US","@id":"https:\/\/www.lfsl.net\/en\/who-are-we\/vie-scolaire\/#primaryimage","url":"https:\/\/www.lfsl.net\/wp-content\/uploads\/2019\/04\/Pronote_bild.jpg","contentUrl":"https:\/\/www.lfsl.net\/wp-content\/uploads\/2019\/04\/Pronote_bild.jpg"},{"@type":"BreadcrumbList","@id":"https:\/\/www.lfsl.net\/en\/who-are-we\/vie-scolaire\/#breadcrumb","itemListElement":[{"@type":"ListItem","position":1,"name":"Home","item":"https:\/\/www.lfsl.net\/en\/"},{"@type":"ListItem","position":2,"name":"Who are we?","item":"https:\/\/www.lfsl.net\/en\/who-are-we\/"},{"@type":"ListItem","position":3,"name":"Vie Scolaire"}]},{"@type":"WebSite","@id":"https:\/\/www.lfsl.net\/en\/#website","url":"https:\/\/www.lfsl.net\/en\/","name":"Lyc\u00e9e Fran\u00e7ais Saint Louis de Stockholm","description":"\u00c9tablissement membre du r\u00e9seau AEFE","publisher":{"@id":"https:\/\/www.lfsl.net\/en\/#organization"},"potentialAction":[{"@type":"SearchAction","target":{"@type":"EntryPoint","urlTemplate":"https:\/\/www.lfsl.net\/en\/?s={search_term_string}"},"query-input":{"@type":"PropertyValueSpecification","valueRequired":true,"valueName":"search_term_string"}}],"inLanguage":"en-US"},{"@type":"Organization","@id":"https:\/\/www.lfsl.net\/en\/#organization","name":"Lyc\u00e9e Fran\u00e7ais Saint Louis","url":"https:\/\/www.lfsl.net\/en\/","logo":{"@type":"ImageObject","inLanguage":"en-US","@id":"https:\/\/www.lfsl.net\/en\/#\/schema\/logo\/image\/","url":"https:\/\/www.lfsl.net\/wp-content\/uploads\/2021\/03\/LFSL-logo.jpg","contentUrl":"https:\/\/www.lfsl.net\/wp-content\/uploads\/2021\/03\/LFSL-logo.jpg","width":330,"height":473,"caption":"Lyc\u00e9e Fran\u00e7ais Saint Louis"},"image":{"@id":"https:\/\/www.lfsl.net\/en\/#\/schema\/logo\/image\/"},"sameAs":["https:\/\/www.facebook.com\/Lyc\u00e9e-Francais-Saint-Louis-182116921840529\/","https:\/\/www.instagram.com\/lyceefrancaisstockholm\/","https:\/\/www.linkedin.com\/school\/lfsl\/","https:\/\/www.youtube.com\/channel\/UCchS4IO4jE_YY0ILwn5NgGQ"]}]}},"_links":{"self":[{"href":"https:\/\/www.lfsl.net\/en\/wp-json\/wp\/v2\/pages\/1550","targetHints":{"allow":["GET"]}}],"collection":[{"href":"https:\/\/www.lfsl.net\/en\/wp-json\/wp\/v2\/pages"}],"about":[{"href":"https:\/\/www.lfsl.net\/en\/wp-json\/wp\/v2\/types\/page"}],"author":[{"embeddable":true,"href":"https:\/\/www.lfsl.net\/en\/wp-json\/wp\/v2\/users\/1"}],"replies":[{"embeddable":true,"href":"https:\/\/www.lfsl.net\/en\/wp-json\/wp\/v2\/comments?post=1550"}],"version-history":[{"count":24,"href":"https:\/\/www.lfsl.net\/en\/wp-json\/wp\/v2\/pages\/1550\/revisions"}],"predecessor-version":[{"id":9880,"href":"https:\/\/www.lfsl.net\/en\/wp-json\/wp\/v2\/pages\/1550\/revisions\/9880"}],"up":[{"embeddable":true,"href":"https:\/\/www.lfsl.net\/en\/wp-json\/wp\/v2\/pages\/1546"}],"wp:attachment":[{"href":"https:\/\/www.lfsl.net\/en\/wp-json\/wp\/v2\/media?parent=1550"}],"curies":[{"name":"wp","href":"https:\/\/api.w.org\/{rel}","templated":true}]}}