{"id":1554,"date":"2018-10-31T10:39:36","date_gmt":"2018-10-31T10:39:36","guid":{"rendered":"http:\/\/lfsl.net.hemsida.eu\/?page_id=1554"},"modified":"2025-04-09T09:40:25","modified_gmt":"2025-04-09T09:40:25","slug":"cdi","status":"publish","type":"page","link":"https:\/\/www.lfsl.net\/en\/who-are-we\/cdi\/","title":{"rendered":"CDI"},"content":{"rendered":"\n<p><strong>Located in the main building, the library (CDI) welcomes all primary and secondary school students in the same place. Whatever their age, they can read or borrow books and magazines there, do research, take part in varioous activities offered by documentalists and teachers, admire exhibitions, meet speakers &#8211; so many opportunities to bring this place of culture and knowledge to life together.<\/strong><\/p>\n\n\n\n<p><strong>We wish you an excellent school year!<\/strong><\/p>\n\n\n\n<p><strong>Anne Ruchaud &amp; St\u00e9phanie Cozon<\/strong><\/p>\n\n\n\n<h3 class=\"wp-block-heading\"><strong><br><\/strong>MODALITIES OF THE CDI <img loading=\"lazy\" decoding=\"async\" width=\"306\" height=\"320\" class=\"wp-image-2210 alignright\" src=\"https:\/\/www.lfsl.net\/wp-content\/uploads\/2019\/03\/CDI_1160-pxl.jpg\" alt=\"\"><\/h3>\n\n\n\n<ul class=\"wp-block-list\">\n<li>\u00c9L\u00c9MENTAIRE : The book loans take place during the slots listed in the timetable for all elementary classes. Pupils who are not registered at the Morning reception and Fritids are authorized to come to the library alone between 8:30 a.m. and 9:00 a.m. and between 3:00 p.m. and 3:30 p.m. to borrow and\/or return books.<\/li>\n<\/ul>\n\n\n\n<ul class=\"wp-block-list\">\n<li>COLL\u00c8GE : Students in Coll\u00e8ge can come to the library with the authorization of Vie Scolaire during free periods and after the last hour of class if they have to carry out research requiring the library&#8217;s resources.<br><\/li>\n\n\n\n<li>LYC\u00c9E : The Annex&#8217;s documentation area is open to secondary school students who want to work in peace and quiet. They are free to consult a number of resources (magazines, brochures on careers guidance, etc.). They continue to have access to the CDI on the main site outside class hours.<\/li>\n<\/ul>\n\n\n\n<p><br>\u2022 Parents do not have access to the Library. They can, however, borrow books through their children. The catalogue can be consulted on the \u00a0<a href=\"https:\/\/1040001l.esidoc.fr\/\" target=\"_blank\" rel=\"noreferrer noopener\">E-SIDOC<\/a> portal and reservations are made bu email by contacting the librarians.<\/p>\n\n\n\n<figure class=\"wp-block-gallery has-nested-images columns-default is-cropped wp-block-gallery-1 is-layout-flex wp-block-gallery-is-layout-flex\">\n<figure class=\"wp-block-image size-large\"><img loading=\"lazy\" decoding=\"async\" width=\"1200\" height=\"809\" data-id=\"22289\" src=\"https:\/\/www.lfsl.net\/wp-content\/uploads\/2025\/04\/CDI_3-1200x809.jpg\" alt=\"\" class=\"wp-image-22289\" srcset=\"https:\/\/www.lfsl.net\/wp-content\/uploads\/2025\/04\/CDI_3-1200x809.jpg 1200w, https:\/\/www.lfsl.net\/wp-content\/uploads\/2025\/04\/CDI_3-600x405.jpg 600w, https:\/\/www.lfsl.net\/wp-content\/uploads\/2025\/04\/CDI_3-768x518.jpg 768w, https:\/\/www.lfsl.net\/wp-content\/uploads\/2025\/04\/CDI_3.jpg 1275w\" sizes=\"auto, (max-width: 1200px) 100vw, 1200px\" \/><\/figure>\n\n\n\n<figure class=\"wp-block-image size-large\"><img loading=\"lazy\" decoding=\"async\" width=\"612\" height=\"927\" data-id=\"22287\" src=\"https:\/\/www.lfsl.net\/wp-content\/uploads\/2025\/04\/CDI_2.jpg\" alt=\"\" class=\"wp-image-22287\" srcset=\"https:\/\/www.lfsl.net\/wp-content\/uploads\/2025\/04\/CDI_2.jpg 612w, https:\/\/www.lfsl.net\/wp-content\/uploads\/2025\/04\/CDI_2-396x600.jpg 396w\" sizes=\"auto, (max-width: 612px) 100vw, 612px\" \/><\/figure>\n\n\n\n<figure class=\"wp-block-image size-large\"><img loading=\"lazy\" decoding=\"async\" width=\"710\" height=\"930\" data-id=\"22302\" src=\"https:\/\/www.lfsl.net\/wp-content\/uploads\/2025\/04\/CDI_7.jpg\" alt=\"\" class=\"wp-image-22302\" srcset=\"https:\/\/www.lfsl.net\/wp-content\/uploads\/2025\/04\/CDI_7.jpg 710w, https:\/\/www.lfsl.net\/wp-content\/uploads\/2025\/04\/CDI_7-458x600.jpg 458w\" sizes=\"auto, (max-width: 710px) 100vw, 710px\" \/><\/figure>\n<\/figure>\n\n\n\n<p><a href=\"mailto:cdi.lfsl@lfsl.net\">Contact the library<\/a><\/p>\n\n\n\n<p><a href=\"mailto:aruchaud@lfsl.net\">Contact Anne Ruchaud<\/a><\/p>\n\n\n\n<p><a href=\"mailto:scozon@lfsl.net\">Contact St\u00e9phanie Cozon<\/a><\/p>\n\n\n\n<p><a href=\"https:\/\/create.piktochart.com\/output\/40247060-untitled-infographic\">Library opening hours<\/a><\/p>\n\n\n\n<h3 class=\"wp-block-heading\">a permanent exhibition at the library : a mural fresco by St\u00e9phanie Cozon.<\/h3>\n\n\n\n<p>Trained as a painter, our colleague has imagined collages for this place of life and culture that speak to us of art and literature, while adding a very personal touch to each painting.<br>Designed as a permanent exhibition, these original collages are as much a source of inspiration as they are a unique decorative feature.<\/p>\n\n\n\n<p>Anne Ruchaud, Librarian<\/p>\n\n\n\n<figure class=\"wp-block-gallery has-nested-images columns-default is-cropped wp-block-gallery-2 is-layout-flex wp-block-gallery-is-layout-flex\">\n<figure class=\"wp-block-image size-large\"><img loading=\"lazy\" decoding=\"async\" width=\"590\" height=\"449\" data-id=\"13153\" src=\"https:\/\/www.lfsl.net\/wp-content\/uploads\/2022\/03\/CDI1.jpg\" alt=\"\" class=\"wp-image-13153\"\/><\/figure>\n\n\n\n<figure class=\"wp-block-image size-large\"><img loading=\"lazy\" decoding=\"async\" width=\"687\" height=\"936\" data-id=\"13156\" src=\"https:\/\/www.lfsl.net\/wp-content\/uploads\/2022\/03\/CDI2.jpg\" alt=\"\" class=\"wp-image-13156\" srcset=\"https:\/\/www.lfsl.net\/wp-content\/uploads\/2022\/03\/CDI2.jpg 687w, https:\/\/www.lfsl.net\/wp-content\/uploads\/2022\/03\/CDI2-440x600.jpg 440w\" sizes=\"auto, (max-width: 687px) 100vw, 687px\" \/><\/figure>\n\n\n\n<figure class=\"wp-block-image size-large\"><img loading=\"lazy\" decoding=\"async\" width=\"691\" height=\"934\" data-id=\"13159\" src=\"https:\/\/www.lfsl.net\/wp-content\/uploads\/2022\/03\/CDI3.jpg\" alt=\"\" class=\"wp-image-13159\" srcset=\"https:\/\/www.lfsl.net\/wp-content\/uploads\/2022\/03\/CDI3.jpg 691w, https:\/\/www.lfsl.net\/wp-content\/uploads\/2022\/03\/CDI3-444x600.jpg 444w\" sizes=\"auto, (max-width: 691px) 100vw, 691px\" \/><\/figure>\n\n\n\n<figure class=\"wp-block-image size-large\"><img loading=\"lazy\" decoding=\"async\" width=\"745\" height=\"976\" data-id=\"13162\" src=\"https:\/\/www.lfsl.net\/wp-content\/uploads\/2022\/03\/CDI4.jpg\" alt=\"\" class=\"wp-image-13162\" srcset=\"https:\/\/www.lfsl.net\/wp-content\/uploads\/2022\/03\/CDI4.jpg 745w, https:\/\/www.lfsl.net\/wp-content\/uploads\/2022\/03\/CDI4-458x600.jpg 458w\" sizes=\"auto, (max-width: 745px) 100vw, 745px\" \/><\/figure>\n\n\n\n<figure class=\"wp-block-image size-large\"><img loading=\"lazy\" decoding=\"async\" width=\"712\" height=\"983\" data-id=\"13165\" src=\"https:\/\/www.lfsl.net\/wp-content\/uploads\/2022\/03\/CDI5.jpg\" alt=\"\" class=\"wp-image-13165\" srcset=\"https:\/\/www.lfsl.net\/wp-content\/uploads\/2022\/03\/CDI5.jpg 712w, https:\/\/www.lfsl.net\/wp-content\/uploads\/2022\/03\/CDI5-435x600.jpg 435w\" sizes=\"auto, (max-width: 712px) 100vw, 712px\" \/><\/figure>\n\n\n\n<figure class=\"wp-block-image size-large\"><img loading=\"lazy\" decoding=\"async\" width=\"746\" height=\"1024\" data-id=\"13168\" src=\"https:\/\/www.lfsl.net\/wp-content\/uploads\/2022\/03\/CDI6-746x1024.jpg\" alt=\"\" class=\"wp-image-13168\" srcset=\"https:\/\/www.lfsl.net\/wp-content\/uploads\/2022\/03\/CDI6-746x1024.jpg 746w, https:\/\/www.lfsl.net\/wp-content\/uploads\/2022\/03\/CDI6-437x600.jpg 437w, https:\/\/www.lfsl.net\/wp-content\/uploads\/2022\/03\/CDI6.jpg 758w\" sizes=\"auto, (max-width: 746px) 100vw, 746px\" \/><\/figure>\n<\/figure>\n","protected":false},"excerpt":{"rendered":"<p>Located in the main building, the library (CDI) welcomes all primary and secondary school students in the same place. Whatever their age, they can read or borrow books and magazines there, do research, take part in varioous activities offered by documentalists and teachers, admire exhibitions, meet speakers &#8211; so many opportunities to bring this place &#8230; <\/p>\n<p class=\"read-more-container\"><a title=\"CDI\" class=\"read-more button\" href=\"https:\/\/www.lfsl.net\/en\/who-are-we\/cdi\/#more-1554\" aria-label=\"Read more about CDI\">Read more<\/a><\/p>\n","protected":false},"author":1,"featured_media":0,"parent":1546,"menu_order":0,"comment_status":"closed","ping_status":"closed","template":"","meta":{"footnotes":""},"class_list":["post-1554","page","type-page","status-publish"],"yoast_head":"<!-- This site is optimized with the Yoast SEO plugin v27.4 - https:\/\/yoast.com\/product\/yoast-seo-wordpress\/ -->\n<title>CDI &#8211; Lyc\u00e9e Fran\u00e7ais Saint Louis de Stockholm<\/title>\n<meta name=\"robots\" content=\"index, follow, max-snippet:-1, max-image-preview:large, max-video-preview:-1\" \/>\n<link rel=\"canonical\" href=\"https:\/\/www.lfsl.net\/en\/who-are-we\/cdi\/\" \/>\n<meta property=\"og:locale\" content=\"en_US\" \/>\n<meta property=\"og:type\" content=\"article\" \/>\n<meta property=\"og:title\" content=\"CDI &#8211; Lyc\u00e9e Fran\u00e7ais Saint Louis de Stockholm\" \/>\n<meta property=\"og:description\" content=\"Located in the main building, the library (CDI) welcomes all primary and secondary school students in the same place. Whatever their age, they can read or borrow books and magazines there, do research, take part in varioous activities offered by documentalists and teachers, admire exhibitions, meet speakers &#8211; so many opportunities to bring this place ... Read more\" \/>\n<meta property=\"og:url\" content=\"https:\/\/www.lfsl.net\/en\/who-are-we\/cdi\/\" \/>\n<meta property=\"og:site_name\" content=\"Lyc\u00e9e Fran\u00e7ais Saint Louis de Stockholm\" \/>\n<meta property=\"article:publisher\" content=\"https:\/\/www.facebook.com\/Lyc%c3%a9e-Francais-Saint-Louis-182116921840529\/\" \/>\n<meta property=\"article:modified_time\" content=\"2025-04-09T09:40:25+00:00\" \/>\n<meta property=\"og:image\" content=\"https:\/\/www.lfsl.net\/wp-content\/uploads\/2019\/03\/CDI_1160-pxl.jpg\" \/>\n<meta name=\"twitter:card\" content=\"summary_large_image\" \/>\n<script type=\"application\/ld+json\" class=\"yoast-schema-graph\">{\"@context\":\"https:\\\/\\\/schema.org\",\"@graph\":[{\"@type\":\"WebPage\",\"@id\":\"https:\\\/\\\/www.lfsl.net\\\/en\\\/who-are-we\\\/cdi\\\/\",\"url\":\"https:\\\/\\\/www.lfsl.net\\\/en\\\/who-are-we\\\/cdi\\\/\",\"name\":\"CDI &#8211; Lyc\u00e9e Fran\u00e7ais Saint Louis de Stockholm\",\"isPartOf\":{\"@id\":\"https:\\\/\\\/www.lfsl.net\\\/en\\\/#website\"},\"primaryImageOfPage\":{\"@id\":\"https:\\\/\\\/www.lfsl.net\\\/en\\\/who-are-we\\\/cdi\\\/#primaryimage\"},\"image\":{\"@id\":\"https:\\\/\\\/www.lfsl.net\\\/en\\\/who-are-we\\\/cdi\\\/#primaryimage\"},\"thumbnailUrl\":\"https:\\\/\\\/www.lfsl.net\\\/wp-content\\\/uploads\\\/2019\\\/03\\\/CDI_1160-pxl.jpg\",\"datePublished\":\"2018-10-31T10:39:36+00:00\",\"dateModified\":\"2025-04-09T09:40:25+00:00\",\"breadcrumb\":{\"@id\":\"https:\\\/\\\/www.lfsl.net\\\/en\\\/who-are-we\\\/cdi\\\/#breadcrumb\"},\"inLanguage\":\"en-US\",\"potentialAction\":[{\"@type\":\"ReadAction\",\"target\":[\"https:\\\/\\\/www.lfsl.net\\\/en\\\/who-are-we\\\/cdi\\\/\"]}]},{\"@type\":\"ImageObject\",\"inLanguage\":\"en-US\",\"@id\":\"https:\\\/\\\/www.lfsl.net\\\/en\\\/who-are-we\\\/cdi\\\/#primaryimage\",\"url\":\"https:\\\/\\\/www.lfsl.net\\\/wp-content\\\/uploads\\\/2019\\\/03\\\/CDI_1160-pxl.jpg\",\"contentUrl\":\"https:\\\/\\\/www.lfsl.net\\\/wp-content\\\/uploads\\\/2019\\\/03\\\/CDI_1160-pxl.jpg\"},{\"@type\":\"BreadcrumbList\",\"@id\":\"https:\\\/\\\/www.lfsl.net\\\/en\\\/who-are-we\\\/cdi\\\/#breadcrumb\",\"itemListElement\":[{\"@type\":\"ListItem\",\"position\":1,\"name\":\"Home\",\"item\":\"https:\\\/\\\/www.lfsl.net\\\/en\\\/\"},{\"@type\":\"ListItem\",\"position\":2,\"name\":\"Who are we?\",\"item\":\"https:\\\/\\\/www.lfsl.net\\\/en\\\/who-are-we\\\/\"},{\"@type\":\"ListItem\",\"position\":3,\"name\":\"CDI\"}]},{\"@type\":\"WebSite\",\"@id\":\"https:\\\/\\\/www.lfsl.net\\\/en\\\/#website\",\"url\":\"https:\\\/\\\/www.lfsl.net\\\/en\\\/\",\"name\":\"Lyc\u00e9e Fran\u00e7ais Saint Louis de Stockholm\",\"description\":\"\u00c9tablissement membre du r\u00e9seau AEFE\",\"publisher\":{\"@id\":\"https:\\\/\\\/www.lfsl.net\\\/en\\\/#organization\"},\"potentialAction\":[{\"@type\":\"SearchAction\",\"target\":{\"@type\":\"EntryPoint\",\"urlTemplate\":\"https:\\\/\\\/www.lfsl.net\\\/en\\\/?s={search_term_string}\"},\"query-input\":{\"@type\":\"PropertyValueSpecification\",\"valueRequired\":true,\"valueName\":\"search_term_string\"}}],\"inLanguage\":\"en-US\"},{\"@type\":\"Organization\",\"@id\":\"https:\\\/\\\/www.lfsl.net\\\/en\\\/#organization\",\"name\":\"Lyc\u00e9e Fran\u00e7ais Saint Louis\",\"url\":\"https:\\\/\\\/www.lfsl.net\\\/en\\\/\",\"logo\":{\"@type\":\"ImageObject\",\"inLanguage\":\"en-US\",\"@id\":\"https:\\\/\\\/www.lfsl.net\\\/en\\\/#\\\/schema\\\/logo\\\/image\\\/\",\"url\":\"https:\\\/\\\/www.lfsl.net\\\/wp-content\\\/uploads\\\/2021\\\/03\\\/LFSL-logo.jpg\",\"contentUrl\":\"https:\\\/\\\/www.lfsl.net\\\/wp-content\\\/uploads\\\/2021\\\/03\\\/LFSL-logo.jpg\",\"width\":330,\"height\":473,\"caption\":\"Lyc\u00e9e Fran\u00e7ais Saint Louis\"},\"image\":{\"@id\":\"https:\\\/\\\/www.lfsl.net\\\/en\\\/#\\\/schema\\\/logo\\\/image\\\/\"},\"sameAs\":[\"https:\\\/\\\/www.facebook.com\\\/Lyc\u00e9e-Francais-Saint-Louis-182116921840529\\\/\",\"https:\\\/\\\/www.instagram.com\\\/lyceefrancaisstockholm\\\/\",\"https:\\\/\\\/www.linkedin.com\\\/school\\\/lfsl\\\/\",\"https:\\\/\\\/www.youtube.com\\\/channel\\\/UCchS4IO4jE_YY0ILwn5NgGQ\"]}]}<\/script>\n<!-- \/ Yoast SEO plugin. -->","yoast_head_json":{"title":"CDI &#8211; Lyc\u00e9e Fran\u00e7ais Saint Louis de Stockholm","robots":{"index":"index","follow":"follow","max-snippet":"max-snippet:-1","max-image-preview":"max-image-preview:large","max-video-preview":"max-video-preview:-1"},"canonical":"https:\/\/www.lfsl.net\/en\/who-are-we\/cdi\/","og_locale":"en_US","og_type":"article","og_title":"CDI &#8211; Lyc\u00e9e Fran\u00e7ais Saint Louis de Stockholm","og_description":"Located in the main building, the library (CDI) welcomes all primary and secondary school students in the same place. Whatever their age, they can read or borrow books and magazines there, do research, take part in varioous activities offered by documentalists and teachers, admire exhibitions, meet speakers &#8211; so many opportunities to bring this place ... Read more","og_url":"https:\/\/www.lfsl.net\/en\/who-are-we\/cdi\/","og_site_name":"Lyc\u00e9e Fran\u00e7ais Saint Louis de Stockholm","article_publisher":"https:\/\/www.facebook.com\/Lyc%c3%a9e-Francais-Saint-Louis-182116921840529\/","article_modified_time":"2025-04-09T09:40:25+00:00","og_image":[{"url":"https:\/\/www.lfsl.net\/wp-content\/uploads\/2019\/03\/CDI_1160-pxl.jpg","type":"","width":"","height":""}],"twitter_card":"summary_large_image","schema":{"@context":"https:\/\/schema.org","@graph":[{"@type":"WebPage","@id":"https:\/\/www.lfsl.net\/en\/who-are-we\/cdi\/","url":"https:\/\/www.lfsl.net\/en\/who-are-we\/cdi\/","name":"CDI &#8211; Lyc\u00e9e Fran\u00e7ais Saint Louis de Stockholm","isPartOf":{"@id":"https:\/\/www.lfsl.net\/en\/#website"},"primaryImageOfPage":{"@id":"https:\/\/www.lfsl.net\/en\/who-are-we\/cdi\/#primaryimage"},"image":{"@id":"https:\/\/www.lfsl.net\/en\/who-are-we\/cdi\/#primaryimage"},"thumbnailUrl":"https:\/\/www.lfsl.net\/wp-content\/uploads\/2019\/03\/CDI_1160-pxl.jpg","datePublished":"2018-10-31T10:39:36+00:00","dateModified":"2025-04-09T09:40:25+00:00","breadcrumb":{"@id":"https:\/\/www.lfsl.net\/en\/who-are-we\/cdi\/#breadcrumb"},"inLanguage":"en-US","potentialAction":[{"@type":"ReadAction","target":["https:\/\/www.lfsl.net\/en\/who-are-we\/cdi\/"]}]},{"@type":"ImageObject","inLanguage":"en-US","@id":"https:\/\/www.lfsl.net\/en\/who-are-we\/cdi\/#primaryimage","url":"https:\/\/www.lfsl.net\/wp-content\/uploads\/2019\/03\/CDI_1160-pxl.jpg","contentUrl":"https:\/\/www.lfsl.net\/wp-content\/uploads\/2019\/03\/CDI_1160-pxl.jpg"},{"@type":"BreadcrumbList","@id":"https:\/\/www.lfsl.net\/en\/who-are-we\/cdi\/#breadcrumb","itemListElement":[{"@type":"ListItem","position":1,"name":"Home","item":"https:\/\/www.lfsl.net\/en\/"},{"@type":"ListItem","position":2,"name":"Who are we?","item":"https:\/\/www.lfsl.net\/en\/who-are-we\/"},{"@type":"ListItem","position":3,"name":"CDI"}]},{"@type":"WebSite","@id":"https:\/\/www.lfsl.net\/en\/#website","url":"https:\/\/www.lfsl.net\/en\/","name":"Lyc\u00e9e Fran\u00e7ais Saint Louis de Stockholm","description":"\u00c9tablissement membre du r\u00e9seau AEFE","publisher":{"@id":"https:\/\/www.lfsl.net\/en\/#organization"},"potentialAction":[{"@type":"SearchAction","target":{"@type":"EntryPoint","urlTemplate":"https:\/\/www.lfsl.net\/en\/?s={search_term_string}"},"query-input":{"@type":"PropertyValueSpecification","valueRequired":true,"valueName":"search_term_string"}}],"inLanguage":"en-US"},{"@type":"Organization","@id":"https:\/\/www.lfsl.net\/en\/#organization","name":"Lyc\u00e9e Fran\u00e7ais Saint Louis","url":"https:\/\/www.lfsl.net\/en\/","logo":{"@type":"ImageObject","inLanguage":"en-US","@id":"https:\/\/www.lfsl.net\/en\/#\/schema\/logo\/image\/","url":"https:\/\/www.lfsl.net\/wp-content\/uploads\/2021\/03\/LFSL-logo.jpg","contentUrl":"https:\/\/www.lfsl.net\/wp-content\/uploads\/2021\/03\/LFSL-logo.jpg","width":330,"height":473,"caption":"Lyc\u00e9e Fran\u00e7ais Saint Louis"},"image":{"@id":"https:\/\/www.lfsl.net\/en\/#\/schema\/logo\/image\/"},"sameAs":["https:\/\/www.facebook.com\/Lyc\u00e9e-Francais-Saint-Louis-182116921840529\/","https:\/\/www.instagram.com\/lyceefrancaisstockholm\/","https:\/\/www.linkedin.com\/school\/lfsl\/","https:\/\/www.youtube.com\/channel\/UCchS4IO4jE_YY0ILwn5NgGQ"]}]}},"_links":{"self":[{"href":"https:\/\/www.lfsl.net\/en\/wp-json\/wp\/v2\/pages\/1554","targetHints":{"allow":["GET"]}}],"collection":[{"href":"https:\/\/www.lfsl.net\/en\/wp-json\/wp\/v2\/pages"}],"about":[{"href":"https:\/\/www.lfsl.net\/en\/wp-json\/wp\/v2\/types\/page"}],"author":[{"embeddable":true,"href":"https:\/\/www.lfsl.net\/en\/wp-json\/wp\/v2\/users\/1"}],"replies":[{"embeddable":true,"href":"https:\/\/www.lfsl.net\/en\/wp-json\/wp\/v2\/comments?post=1554"}],"version-history":[{"count":31,"href":"https:\/\/www.lfsl.net\/en\/wp-json\/wp\/v2\/pages\/1554\/revisions"}],"predecessor-version":[{"id":22305,"href":"https:\/\/www.lfsl.net\/en\/wp-json\/wp\/v2\/pages\/1554\/revisions\/22305"}],"up":[{"embeddable":true,"href":"https:\/\/www.lfsl.net\/en\/wp-json\/wp\/v2\/pages\/1546"}],"wp:attachment":[{"href":"https:\/\/www.lfsl.net\/en\/wp-json\/wp\/v2\/media?parent=1554"}],"curies":[{"name":"wp","href":"https:\/\/api.w.org\/{rel}","templated":true}]}}