{"id":1556,"date":"2018-10-31T10:39:47","date_gmt":"2018-10-31T10:39:47","guid":{"rendered":"http:\/\/lfsl.net.hemsida.eu\/?page_id=1556"},"modified":"2025-12-09T08:00:17","modified_gmt":"2025-12-09T08:00:17","slug":"ape","status":"publish","type":"page","link":"https:\/\/www.lfsl.net\/en\/life-at-lfsl\/ape\/","title":{"rendered":"APE &#8211; Parents&#8217; Association"},"content":{"rendered":"<div class=\"wp-block-image\">\n<figure class=\"alignright\"><img loading=\"lazy\" decoding=\"async\" width=\"317\" height=\"197\" src=\"https:\/\/www.lfsl.net\/wp-content\/uploads\/2019\/04\/APE_bild.png\" alt=\"\" class=\"wp-image-3443\"\/><\/figure>\n<\/div>\n\n\n<p><strong>The Parents&#8217; Association is a non-profit Swedish association.<\/strong><\/p>\n\n\n\n<p><br>Contact us: <a href=\"mailto:ape.lfsl@gmail.com\">ape.lfsl@gmail.com<\/a><\/p>\n\n\n\n<h3 class=\"wp-block-heading\"><strong><br><\/strong>our mission<\/h3>\n\n\n\n<p>To organize events, projects or manifestations related to the French High School Saint Louis in Stockholm, in coordination with the school management and teachers of the school, and for the well-being and development of the children from grade 1 to the 3rd year of high school.<\/p>\n\n\n\n<div class=\"wp-block-columns is-layout-flex wp-container-core-columns-is-layout-9d6595d7 wp-block-columns-is-layout-flex\">\n<div class=\"wp-block-column is-layout-flow wp-block-column-is-layout-flow\">\n<h3 class=\"wp-block-heading\">Our Role<\/h3>\n\n\n\n<ul class=\"wp-block-list\">\n<li>Initiate and carry out events<\/li>\n\n\n\n<li>Support initiatives<\/li>\n\n\n\n<li>Strengthen the sense of belonging<\/li>\n\n\n\n<li>Be involved in school\u2019s life<\/li>\n<\/ul>\n\n\n\n<h3 class=\"wp-block-heading\">Your Participation<\/h3>\n\n\n\n<ul class=\"wp-block-list\">\n<li>Join &amp; support the actions, minimum 350 SEK<\/li>\n\n\n\n<li>Participate in events<\/li>\n\n\n\n<li>Join the board of the association<\/li>\n\n\n\n<li>Become a parent\u2019s representative<\/li>\n<\/ul>\n<\/div>\n\n\n\n<div class=\"wp-block-column is-layout-flow wp-block-column-is-layout-flow\">\n<figure class=\"wp-block-image size-full is-resized\"><img loading=\"lazy\" decoding=\"async\" width=\"354\" height=\"349\" src=\"https:\/\/www.lfsl.net\/wp-content\/uploads\/2025\/09\/COTIS_APE.jpg\" alt=\"\" class=\"wp-image-23820\" style=\"width:264px;height:auto\"\/><\/figure>\n<\/div>\n<\/div>\n\n\n\n<h3 class=\"wp-block-heading\">CONTACT US<\/h3>\n\n\n\n<p>The chairmanship :<a href=\"mailto:ape.lfsl@gmail.com\">ape.lfsl@gmail.com<\/a><br>The representatives supported by the APE on the School Council (Coll\u00e8ge \/ Lyc\u00e9e): <a href=\"mailto:cet.ape.lfsl@gmail.com\">cet.ape.lfsl@gmail.com<\/a><br>The representatives supported by the APE on the School Council (\u00c9l\u00e9mentaire): <a href=\"mailto:cec.ape.lfsl@gmail.com\">cec.ape.lfsl@gmail.com<\/a><\/p>\n\n\n\n<h3 class=\"wp-block-heading\">PROPOSED ACTIVITIES<\/h3>\n\n\n\n<p>In addition to smaller events such as Lucia or candy pauses, the Parents\u2019 Association is a key partner during the school\u2019s Nobel Week by organizing and financing museum visits for primary school students (entrance tickets, private buses, French-speaking guide, Nobel medal). Parents are also involved in decorating the premises and serving the Nobel lunch.<br><br>We also organize together with LFSL the Solidarity Run, which in 2023 enabled a donation of 125 000 SEK to the Childhood Cancer Fund.<br><br>Finally, we traditionally celebrate the year with Kermesse, where parents get involved to celebrate a year of success, learning and sharing together.<br><br>You are welcome to contact the Parents\u2019 Association if you are interested in a project or if you want to start a project for the children and the school, middle school or high school!<\/p>\n\n\n\n<p>Follow us : <a href=\"https:\/\/calendar.google.com\/calendar\/ical\/223f4aee64d828ce42e317973d90f095a2e19a7ca26b26efb9027fc191fee5ee@group.calendar.google.com\/public\/basic.ics\">Event&#8217;s Calendar<\/a> et <a href=\"https:\/\/www.facebook.com\/ape.lfsl\">https:\/\/www.facebook.com\/ape.lfsl<\/a><\/p>\n\n\n\n<h3 class=\"wp-block-heading\">ORGANIZATION<\/h3>\n\n\n\n<p>The way it works is simple: The Board, elected each year at the Annual General Meeting, is responsible for managing the association both at a representative and administrative level. It ensures that the association functions well and survives.<br><br>On a day-to-day basis, the Parents\u2019 Association works on a project basis in small teams that are formed as needed, usually in coordination with other actors in the secondary school: school management, teachers, students, Vie Scolaire, sports association, Fritids, and of course with you, the parents, who are a fundamental link in carrying out these events.<br><br>The parents\u2019 association also appoints representatives in the school and secondary school elections at the beginning of the year to pass on your questions and concerns through official representative bodies.<\/p>\n\n\n\n<h3 class=\"wp-block-heading\">funding<\/h3>\n\n\n\n<p>The association is funded by family membership contributions and donations and cannot carry out its projects without these funds.<\/p>\n\n\n\n<p>The membership fee for the school year 2025-2026 is only 350 SEK per kid ; from the 2nd kid, free to everyone to decide on the amount to give. This fee is for one school year.<br><br>Of course, you are free to give more if you can.<br><br>Pay by Swish on 123 267 8449 or by Bankgiro: 428-8676 or <br>IBAN :\u00a0SE6650000000052151082474 et ESSESESS<br><br>Do not forget to indicate: \u201cCOTIS\u201d + name, first name and your children\u2019s classes.<\/p>\n\n\n\n<h3 class=\"wp-block-heading\">GOVERNING BOARD (2025\/2026)<\/h3>\n\n\n\n<p>The Board of the Parents\u2019 Association is elected at the Annual General Meeting for a term of one year.<br><br>Members of the Board 2025-2026:<br>President: Kevin Renaudin<br>Vice-President: Melinda Bardin<br>Treasurer: Ang\u00e9lique Kaba H\u00f6gstr\u00f6m<br>Secretary (SE): Rebecca Lagerkvist<br>Secretary (FR): Ludovic Garattini<\/p>\n\n\n\n<h3 class=\"wp-block-heading\">our store<\/h3>\n\n\n\n<p><a href=\"https:\/\/ape.hjalplaget.se\/\">The Community Store<\/a><\/p>\n","protected":false},"excerpt":{"rendered":"<p>The Parents&#8217; Association is a non-profit Swedish association. Contact us: ape.lfsl@gmail.com our mission To organize events, projects or manifestations related to the French High School Saint Louis in Stockholm, in coordination with the school management and teachers of the school, and for the well-being and development of the children from grade 1 to the 3rd &#8230; <\/p>\n<p class=\"read-more-container\"><a title=\"APE &#8211; Parents&#8217; Association\" class=\"read-more button\" href=\"https:\/\/www.lfsl.net\/en\/life-at-lfsl\/ape\/#more-1556\" aria-label=\"Read more about APE &#8211; Parents&#8217; Association\">Read more<\/a><\/p>\n","protected":false},"author":1,"featured_media":0,"parent":1506,"menu_order":0,"comment_status":"closed","ping_status":"closed","template":"","meta":{"footnotes":""},"class_list":["post-1556","page","type-page","status-publish"],"yoast_head":"<!-- This site is optimized with the Yoast SEO plugin v27.4 - https:\/\/yoast.com\/product\/yoast-seo-wordpress\/ -->\n<title>APE - Parents&#039; Association &#8211; Lyc\u00e9e Fran\u00e7ais Saint Louis de Stockholm<\/title>\n<meta name=\"robots\" content=\"index, follow, max-snippet:-1, max-image-preview:large, max-video-preview:-1\" \/>\n<link rel=\"canonical\" href=\"https:\/\/www.lfsl.net\/en\/life-at-lfsl\/ape\/\" \/>\n<meta property=\"og:locale\" content=\"en_US\" \/>\n<meta property=\"og:type\" content=\"article\" \/>\n<meta property=\"og:title\" content=\"APE - Parents&#039; Association &#8211; Lyc\u00e9e Fran\u00e7ais Saint Louis de Stockholm\" \/>\n<meta property=\"og:description\" content=\"The Parents&#8217; Association is a non-profit Swedish association. Contact us: ape.lfsl@gmail.com our mission To organize events, projects or manifestations related to the French High School Saint Louis in Stockholm, in coordination with the school management and teachers of the school, and for the well-being and development of the children from grade 1 to the 3rd ... Read more\" \/>\n<meta property=\"og:url\" content=\"https:\/\/www.lfsl.net\/en\/life-at-lfsl\/ape\/\" \/>\n<meta property=\"og:site_name\" content=\"Lyc\u00e9e Fran\u00e7ais Saint Louis de Stockholm\" \/>\n<meta property=\"article:publisher\" content=\"https:\/\/www.facebook.com\/Lyc%c3%a9e-Francais-Saint-Louis-182116921840529\/\" \/>\n<meta property=\"article:modified_time\" content=\"2025-12-09T08:00:17+00:00\" \/>\n<meta property=\"og:image\" content=\"https:\/\/www.lfsl.net\/wp-content\/uploads\/2019\/04\/APE_bild.png\" \/>\n\t<meta property=\"og:image:width\" content=\"317\" \/>\n\t<meta property=\"og:image:height\" content=\"197\" \/>\n\t<meta property=\"og:image:type\" content=\"image\/png\" \/>\n<meta name=\"twitter:card\" content=\"summary_large_image\" \/>\n<script type=\"application\/ld+json\" class=\"yoast-schema-graph\">{\"@context\":\"https:\\\/\\\/schema.org\",\"@graph\":[{\"@type\":\"WebPage\",\"@id\":\"https:\\\/\\\/www.lfsl.net\\\/en\\\/life-at-lfsl\\\/ape\\\/\",\"url\":\"https:\\\/\\\/www.lfsl.net\\\/en\\\/life-at-lfsl\\\/ape\\\/\",\"name\":\"APE - Parents' Association &#8211; Lyc\u00e9e Fran\u00e7ais Saint Louis de Stockholm\",\"isPartOf\":{\"@id\":\"https:\\\/\\\/www.lfsl.net\\\/en\\\/#website\"},\"primaryImageOfPage\":{\"@id\":\"https:\\\/\\\/www.lfsl.net\\\/en\\\/life-at-lfsl\\\/ape\\\/#primaryimage\"},\"image\":{\"@id\":\"https:\\\/\\\/www.lfsl.net\\\/en\\\/life-at-lfsl\\\/ape\\\/#primaryimage\"},\"thumbnailUrl\":\"https:\\\/\\\/www.lfsl.net\\\/wp-content\\\/uploads\\\/2019\\\/04\\\/APE_bild.png\",\"datePublished\":\"2018-10-31T10:39:47+00:00\",\"dateModified\":\"2025-12-09T08:00:17+00:00\",\"breadcrumb\":{\"@id\":\"https:\\\/\\\/www.lfsl.net\\\/en\\\/life-at-lfsl\\\/ape\\\/#breadcrumb\"},\"inLanguage\":\"en-US\",\"potentialAction\":[{\"@type\":\"ReadAction\",\"target\":[\"https:\\\/\\\/www.lfsl.net\\\/en\\\/life-at-lfsl\\\/ape\\\/\"]}]},{\"@type\":\"ImageObject\",\"inLanguage\":\"en-US\",\"@id\":\"https:\\\/\\\/www.lfsl.net\\\/en\\\/life-at-lfsl\\\/ape\\\/#primaryimage\",\"url\":\"https:\\\/\\\/www.lfsl.net\\\/wp-content\\\/uploads\\\/2019\\\/04\\\/APE_bild.png\",\"contentUrl\":\"https:\\\/\\\/www.lfsl.net\\\/wp-content\\\/uploads\\\/2019\\\/04\\\/APE_bild.png\"},{\"@type\":\"BreadcrumbList\",\"@id\":\"https:\\\/\\\/www.lfsl.net\\\/en\\\/life-at-lfsl\\\/ape\\\/#breadcrumb\",\"itemListElement\":[{\"@type\":\"ListItem\",\"position\":1,\"name\":\"Home\",\"item\":\"https:\\\/\\\/www.lfsl.net\\\/en\\\/\"},{\"@type\":\"ListItem\",\"position\":2,\"name\":\"Life at LFSL\",\"item\":\"https:\\\/\\\/www.lfsl.net\\\/en\\\/life-at-lfsl\\\/\"},{\"@type\":\"ListItem\",\"position\":3,\"name\":\"APE &#8211; Parents&#8217; Association\"}]},{\"@type\":\"WebSite\",\"@id\":\"https:\\\/\\\/www.lfsl.net\\\/en\\\/#website\",\"url\":\"https:\\\/\\\/www.lfsl.net\\\/en\\\/\",\"name\":\"Lyc\u00e9e Fran\u00e7ais Saint Louis de Stockholm\",\"description\":\"\u00c9tablissement membre du r\u00e9seau AEFE\",\"publisher\":{\"@id\":\"https:\\\/\\\/www.lfsl.net\\\/en\\\/#organization\"},\"potentialAction\":[{\"@type\":\"SearchAction\",\"target\":{\"@type\":\"EntryPoint\",\"urlTemplate\":\"https:\\\/\\\/www.lfsl.net\\\/en\\\/?s={search_term_string}\"},\"query-input\":{\"@type\":\"PropertyValueSpecification\",\"valueRequired\":true,\"valueName\":\"search_term_string\"}}],\"inLanguage\":\"en-US\"},{\"@type\":\"Organization\",\"@id\":\"https:\\\/\\\/www.lfsl.net\\\/en\\\/#organization\",\"name\":\"Lyc\u00e9e Fran\u00e7ais Saint Louis\",\"url\":\"https:\\\/\\\/www.lfsl.net\\\/en\\\/\",\"logo\":{\"@type\":\"ImageObject\",\"inLanguage\":\"en-US\",\"@id\":\"https:\\\/\\\/www.lfsl.net\\\/en\\\/#\\\/schema\\\/logo\\\/image\\\/\",\"url\":\"https:\\\/\\\/www.lfsl.net\\\/wp-content\\\/uploads\\\/2021\\\/03\\\/LFSL-logo.jpg\",\"contentUrl\":\"https:\\\/\\\/www.lfsl.net\\\/wp-content\\\/uploads\\\/2021\\\/03\\\/LFSL-logo.jpg\",\"width\":330,\"height\":473,\"caption\":\"Lyc\u00e9e Fran\u00e7ais Saint Louis\"},\"image\":{\"@id\":\"https:\\\/\\\/www.lfsl.net\\\/en\\\/#\\\/schema\\\/logo\\\/image\\\/\"},\"sameAs\":[\"https:\\\/\\\/www.facebook.com\\\/Lyc\u00e9e-Francais-Saint-Louis-182116921840529\\\/\",\"https:\\\/\\\/www.instagram.com\\\/lyceefrancaisstockholm\\\/\",\"https:\\\/\\\/www.linkedin.com\\\/school\\\/lfsl\\\/\",\"https:\\\/\\\/www.youtube.com\\\/channel\\\/UCchS4IO4jE_YY0ILwn5NgGQ\"]}]}<\/script>\n<!-- \/ Yoast SEO plugin. -->","yoast_head_json":{"title":"APE - Parents' Association &#8211; Lyc\u00e9e Fran\u00e7ais Saint Louis de Stockholm","robots":{"index":"index","follow":"follow","max-snippet":"max-snippet:-1","max-image-preview":"max-image-preview:large","max-video-preview":"max-video-preview:-1"},"canonical":"https:\/\/www.lfsl.net\/en\/life-at-lfsl\/ape\/","og_locale":"en_US","og_type":"article","og_title":"APE - Parents' Association &#8211; Lyc\u00e9e Fran\u00e7ais Saint Louis de Stockholm","og_description":"The Parents&#8217; Association is a non-profit Swedish association. Contact us: ape.lfsl@gmail.com our mission To organize events, projects or manifestations related to the French High School Saint Louis in Stockholm, in coordination with the school management and teachers of the school, and for the well-being and development of the children from grade 1 to the 3rd ... Read more","og_url":"https:\/\/www.lfsl.net\/en\/life-at-lfsl\/ape\/","og_site_name":"Lyc\u00e9e Fran\u00e7ais Saint Louis de Stockholm","article_publisher":"https:\/\/www.facebook.com\/Lyc%c3%a9e-Francais-Saint-Louis-182116921840529\/","article_modified_time":"2025-12-09T08:00:17+00:00","og_image":[{"width":317,"height":197,"url":"https:\/\/www.lfsl.net\/wp-content\/uploads\/2019\/04\/APE_bild.png","type":"image\/png"}],"twitter_card":"summary_large_image","schema":{"@context":"https:\/\/schema.org","@graph":[{"@type":"WebPage","@id":"https:\/\/www.lfsl.net\/en\/life-at-lfsl\/ape\/","url":"https:\/\/www.lfsl.net\/en\/life-at-lfsl\/ape\/","name":"APE - Parents' Association &#8211; Lyc\u00e9e Fran\u00e7ais Saint Louis de Stockholm","isPartOf":{"@id":"https:\/\/www.lfsl.net\/en\/#website"},"primaryImageOfPage":{"@id":"https:\/\/www.lfsl.net\/en\/life-at-lfsl\/ape\/#primaryimage"},"image":{"@id":"https:\/\/www.lfsl.net\/en\/life-at-lfsl\/ape\/#primaryimage"},"thumbnailUrl":"https:\/\/www.lfsl.net\/wp-content\/uploads\/2019\/04\/APE_bild.png","datePublished":"2018-10-31T10:39:47+00:00","dateModified":"2025-12-09T08:00:17+00:00","breadcrumb":{"@id":"https:\/\/www.lfsl.net\/en\/life-at-lfsl\/ape\/#breadcrumb"},"inLanguage":"en-US","potentialAction":[{"@type":"ReadAction","target":["https:\/\/www.lfsl.net\/en\/life-at-lfsl\/ape\/"]}]},{"@type":"ImageObject","inLanguage":"en-US","@id":"https:\/\/www.lfsl.net\/en\/life-at-lfsl\/ape\/#primaryimage","url":"https:\/\/www.lfsl.net\/wp-content\/uploads\/2019\/04\/APE_bild.png","contentUrl":"https:\/\/www.lfsl.net\/wp-content\/uploads\/2019\/04\/APE_bild.png"},{"@type":"BreadcrumbList","@id":"https:\/\/www.lfsl.net\/en\/life-at-lfsl\/ape\/#breadcrumb","itemListElement":[{"@type":"ListItem","position":1,"name":"Home","item":"https:\/\/www.lfsl.net\/en\/"},{"@type":"ListItem","position":2,"name":"Life at LFSL","item":"https:\/\/www.lfsl.net\/en\/life-at-lfsl\/"},{"@type":"ListItem","position":3,"name":"APE &#8211; Parents&#8217; Association"}]},{"@type":"WebSite","@id":"https:\/\/www.lfsl.net\/en\/#website","url":"https:\/\/www.lfsl.net\/en\/","name":"Lyc\u00e9e Fran\u00e7ais Saint Louis de Stockholm","description":"\u00c9tablissement membre du r\u00e9seau AEFE","publisher":{"@id":"https:\/\/www.lfsl.net\/en\/#organization"},"potentialAction":[{"@type":"SearchAction","target":{"@type":"EntryPoint","urlTemplate":"https:\/\/www.lfsl.net\/en\/?s={search_term_string}"},"query-input":{"@type":"PropertyValueSpecification","valueRequired":true,"valueName":"search_term_string"}}],"inLanguage":"en-US"},{"@type":"Organization","@id":"https:\/\/www.lfsl.net\/en\/#organization","name":"Lyc\u00e9e Fran\u00e7ais Saint Louis","url":"https:\/\/www.lfsl.net\/en\/","logo":{"@type":"ImageObject","inLanguage":"en-US","@id":"https:\/\/www.lfsl.net\/en\/#\/schema\/logo\/image\/","url":"https:\/\/www.lfsl.net\/wp-content\/uploads\/2021\/03\/LFSL-logo.jpg","contentUrl":"https:\/\/www.lfsl.net\/wp-content\/uploads\/2021\/03\/LFSL-logo.jpg","width":330,"height":473,"caption":"Lyc\u00e9e Fran\u00e7ais Saint Louis"},"image":{"@id":"https:\/\/www.lfsl.net\/en\/#\/schema\/logo\/image\/"},"sameAs":["https:\/\/www.facebook.com\/Lyc\u00e9e-Francais-Saint-Louis-182116921840529\/","https:\/\/www.instagram.com\/lyceefrancaisstockholm\/","https:\/\/www.linkedin.com\/school\/lfsl\/","https:\/\/www.youtube.com\/channel\/UCchS4IO4jE_YY0ILwn5NgGQ"]}]}},"_links":{"self":[{"href":"https:\/\/www.lfsl.net\/en\/wp-json\/wp\/v2\/pages\/1556","targetHints":{"allow":["GET"]}}],"collection":[{"href":"https:\/\/www.lfsl.net\/en\/wp-json\/wp\/v2\/pages"}],"about":[{"href":"https:\/\/www.lfsl.net\/en\/wp-json\/wp\/v2\/types\/page"}],"author":[{"embeddable":true,"href":"https:\/\/www.lfsl.net\/en\/wp-json\/wp\/v2\/users\/1"}],"replies":[{"embeddable":true,"href":"https:\/\/www.lfsl.net\/en\/wp-json\/wp\/v2\/comments?post=1556"}],"version-history":[{"count":24,"href":"https:\/\/www.lfsl.net\/en\/wp-json\/wp\/v2\/pages\/1556\/revisions"}],"predecessor-version":[{"id":24410,"href":"https:\/\/www.lfsl.net\/en\/wp-json\/wp\/v2\/pages\/1556\/revisions\/24410"}],"up":[{"embeddable":true,"href":"https:\/\/www.lfsl.net\/en\/wp-json\/wp\/v2\/pages\/1506"}],"wp:attachment":[{"href":"https:\/\/www.lfsl.net\/en\/wp-json\/wp\/v2\/media?parent=1556"}],"curies":[{"name":"wp","href":"https:\/\/api.w.org\/{rel}","templated":true}]}}