{"id":2162,"date":"2019-02-27T19:51:02","date_gmt":"2019-02-27T19:51:02","guid":{"rendered":"http:\/\/lfsl.net.hemsida.eu\/?page_id=2162"},"modified":"2025-09-23T14:29:42","modified_gmt":"2025-09-23T14:29:42","slug":"orientation","status":"publish","type":"page","link":"https:\/\/www.lfsl.net\/en\/who-are-we\/orientation\/","title":{"rendered":"Orientation"},"content":{"rendered":"\n<div class=\"wp-block-media-text alignwide is-stacked-on-mobile\"><figure class=\"wp-block-media-text__media\"><img loading=\"lazy\" decoding=\"async\" width=\"1200\" height=\"800\" src=\"https:\/\/www.lfsl.net\/wp-content\/uploads\/2021\/02\/Orientation-1200x800.jpeg\" alt=\"\" class=\"wp-image-10009 size-full\" srcset=\"https:\/\/www.lfsl.net\/wp-content\/uploads\/2021\/02\/Orientation-1200x800.jpeg 1200w, https:\/\/www.lfsl.net\/wp-content\/uploads\/2021\/02\/Orientation-600x400.jpeg 600w, https:\/\/www.lfsl.net\/wp-content\/uploads\/2021\/02\/Orientation-768x512.jpeg 768w, https:\/\/www.lfsl.net\/wp-content\/uploads\/2021\/02\/Orientation.jpeg 1880w\" sizes=\"auto, (max-width: 1200px) 100vw, 1200px\" \/><\/figure><div class=\"wp-block-media-text__content\">\n<p><strong>LFSL provides resources to help students and their families in their choice of school counselling for the French, Swedish or International higher education system.<\/strong><\/p>\n<\/div><\/div>\n\n\n\n<p>The Resource Staff for Information and Guidance (PRIO) and <a href=\"tnicholas@lfsl.net\">the&nbsp;Swedish Education Coordinator<\/a>, as well as the entire teaching team (Headmaster, CPE, Head teachers , teachers, librarians&#8230;) are present to actively prepare students for their choice of orientation.<\/p>\n\n\n\n<p>The CDI and room A8 in the annex provide students with brochures published by ONISEP, issues of the magazine L&#8217;Etudiant, as well as information documents sent by higher education institutions.<\/p>\n\n\n\n<p>Digital resources are available to High School students from the school computers : GPO3 orientation education software and ONISEP (Biblionisep) digital brochures.<\/p>\n\n\n\n<h3 class=\"wp-block-heading\">School Councelling in the French system : The Future Path<\/h3>\n\n\n\n<p>It is the Future Path (registered in the law of school councelling and programming for the refoundation of the school of the Republic of July 8, 2013) which formalizes the education in orientation and the preparation for a successful professional integration.<br>This ocurse aims to acquire the skills and knowledge necessary to project oneself into the future and make reasoned and informed choices of orientation. This Future Path is closely connected to the School&#8217;s educational project.<br>All students from 6\u00e8me to final year are concerned and this orientation education is done within the framework of teaching (disciplinary and interdisciplinary), specific support times (personalized support, personalized orientation interviews, etc.) or even events and sequences of discovery (company internship, job forum, training forum, etc.)<br><br>The Future Path has 3 objectives:<\/p>\n\n\n\n<ul class=\"wp-block-list\">\n<li>Develop its educational and professional orientation project<\/li>\n\n\n\n<li>Develop a sense of commitment and initiative<\/li>\n\n\n\n<li>Understand the economic and professional world and know the diversity of professions and programs.<br><br>At the instigation of the Headmaster, many LFSL actors participate in this system:<br><\/li>\n\n\n\n<li>The head teachers<\/li>\n\n\n\n<li>Resource personnel in information and orientation (PRIO)<\/li>\n\n\n\n<li>Teachers<\/li>\n\n\n\n<li>The librarian and the Principal Education Advisor (CPE)<br>LFSL&#8217;s orientation resources (sitography, digital resources, ONISEP subscriptions, software, etc.) are accessible via Pronote, &#8220;Portail CDI&#8221; (LFSL&#8217;s E-Sidoc Portal), &#8220;Find out about&#8221; \/ &#8220;orientation&#8221; tab .<br><br>Other useful links&nbsp;(in French) :<br>Orientation on the AEFE website &nbsp;: <a href=\"https:\/\/www.aefe.fr\/orientation\/construire-son-parcours\/parcours-individuel-de-leleve\">https:\/\/www.aefe.fr\/orientation\/construire-son-parcours\/parcours-individuel-de-leleve<\/a><br>Onisep brochure on Orientation : <a href=\"https:\/\/fr.calameo.com\/read\/0000375473084cc8a2978\" target=\"_blank\" rel=\"noreferrer noopener\">https:\/\/fr.calameo.com\/read\/0000375473084cc8a2978<\/a><\/li>\n<\/ul>\n\n\n\n<h3 class=\"wp-block-heading\">SEE PRESENTATIONS ABOUT STUDYING IN SWEDEN AFTER THE &#8220;coll\u00e8ge&#8221; (HIGH SCHOOL)<\/h3>\n\n\n\n<p><em>Useful links:<\/em><\/p>\n\n\n\n<p><a href=\"https:\/\/www.lfsl.net\/en\/gymnasieexamen-lfsl\/\" target=\"_blank\" rel=\"noopener noreferrer\">Information on orientation concerning Swedish upper secondary education at the LFSL<\/a><\/p>\n\n\n\n<p><a href=\"https:\/\/www.lfsl.net\/en\/swedish-gymnasium\/\">Internal information site on orientation concerning Swedish upper secondary education &#8211; in Sweden<\/a><\/p>\n\n\n\n<p><a href=\"https:\/\/oiblfsl.weebly.com\/\" target=\"_blank\" rel=\"noopener noreferrer\">Option International Baccalaureate (OIB)<\/a><\/p>\n\n\n\n<p><a href=\"https:\/\/www.lfsl.net\/en\/dnbi\/\">Dipl\u00f4me National du Brevet International (DNBI)<\/a><\/p>\n\n\n\n<p><a href=\"https:\/\/www.lfsl.net\/en\/university-studies-in-sweden\/\" target=\"_blank\" rel=\"noopener noreferrer\">University Studies in Sweden<\/a><\/p>\n\n\n\n<p><\/p>\n\n\n\n<div class=\"wp-block-columns has-2-columns is-layout-flex wp-container-core-columns-is-layout-9d6595d7 wp-block-columns-is-layout-flex\">\n<div class=\"wp-block-column is-layout-flow wp-block-column-is-layout-flow\"><\/div>\n\n\n\n<div class=\"wp-block-column is-layout-flow wp-block-column-is-layout-flow\"><\/div>\n<\/div>\n\n\n\n<div class=\"wp-block-columns has-2-columns is-layout-flex wp-container-core-columns-is-layout-9d6595d7 wp-block-columns-is-layout-flex\">\n<div class=\"wp-block-column is-layout-flow wp-block-column-is-layout-flow\"><\/div>\n\n\n\n<div class=\"wp-block-column is-layout-flow wp-block-column-is-layout-flow\"><\/div>\n<\/div>\n","protected":false},"excerpt":{"rendered":"<p>LFSL provides resources to help students and their families in their choice of school counselling for the French, Swedish or International higher education system. The Resource Staff for Information and Guidance (PRIO) and the&nbsp;Swedish Education Coordinator, as well as the entire teaching team (Headmaster, CPE, Head teachers , teachers, librarians&#8230;) are present to actively prepare &#8230; <\/p>\n<p class=\"read-more-container\"><a title=\"Orientation\" class=\"read-more button\" href=\"https:\/\/www.lfsl.net\/en\/who-are-we\/orientation\/#more-2162\" aria-label=\"Read more about Orientation\">Read more<\/a><\/p>\n","protected":false},"author":1,"featured_media":0,"parent":1546,"menu_order":0,"comment_status":"closed","ping_status":"closed","template":"","meta":{"footnotes":""},"class_list":["post-2162","page","type-page","status-publish"],"yoast_head":"<!-- This site is optimized with the Yoast SEO plugin v27.4 - https:\/\/yoast.com\/product\/yoast-seo-wordpress\/ -->\n<title>Orientation &#8211; Lyc\u00e9e Fran\u00e7ais Saint Louis de Stockholm<\/title>\n<meta name=\"robots\" content=\"index, follow, max-snippet:-1, max-image-preview:large, max-video-preview:-1\" \/>\n<link rel=\"canonical\" href=\"https:\/\/www.lfsl.net\/en\/who-are-we\/orientation\/\" \/>\n<meta property=\"og:locale\" content=\"en_US\" \/>\n<meta property=\"og:type\" content=\"article\" \/>\n<meta property=\"og:title\" content=\"Orientation &#8211; Lyc\u00e9e Fran\u00e7ais Saint Louis de Stockholm\" \/>\n<meta property=\"og:description\" content=\"LFSL provides resources to help students and their families in their choice of school counselling for the French, Swedish or International higher education system. The Resource Staff for Information and Guidance (PRIO) and the&nbsp;Swedish Education Coordinator, as well as the entire teaching team (Headmaster, CPE, Head teachers , teachers, librarians&#8230;) are present to actively prepare ... Read more\" \/>\n<meta property=\"og:url\" content=\"https:\/\/www.lfsl.net\/en\/who-are-we\/orientation\/\" \/>\n<meta property=\"og:site_name\" content=\"Lyc\u00e9e Fran\u00e7ais Saint Louis de Stockholm\" \/>\n<meta property=\"article:publisher\" content=\"https:\/\/www.facebook.com\/Lyc%c3%a9e-Francais-Saint-Louis-182116921840529\/\" \/>\n<meta property=\"article:modified_time\" content=\"2025-09-23T14:29:42+00:00\" \/>\n<meta property=\"og:image\" content=\"https:\/\/www.lfsl.net\/wp-content\/uploads\/2021\/02\/Orientation.jpeg\" \/>\n\t<meta property=\"og:image:width\" content=\"1880\" \/>\n\t<meta property=\"og:image:height\" content=\"1253\" \/>\n\t<meta property=\"og:image:type\" content=\"image\/jpeg\" \/>\n<meta name=\"twitter:card\" content=\"summary_large_image\" \/>\n<script type=\"application\/ld+json\" class=\"yoast-schema-graph\">{\"@context\":\"https:\\\/\\\/schema.org\",\"@graph\":[{\"@type\":\"WebPage\",\"@id\":\"https:\\\/\\\/www.lfsl.net\\\/en\\\/who-are-we\\\/orientation\\\/\",\"url\":\"https:\\\/\\\/www.lfsl.net\\\/en\\\/who-are-we\\\/orientation\\\/\",\"name\":\"Orientation &#8211; Lyc\u00e9e Fran\u00e7ais Saint Louis de Stockholm\",\"isPartOf\":{\"@id\":\"https:\\\/\\\/www.lfsl.net\\\/en\\\/#website\"},\"primaryImageOfPage\":{\"@id\":\"https:\\\/\\\/www.lfsl.net\\\/en\\\/who-are-we\\\/orientation\\\/#primaryimage\"},\"image\":{\"@id\":\"https:\\\/\\\/www.lfsl.net\\\/en\\\/who-are-we\\\/orientation\\\/#primaryimage\"},\"thumbnailUrl\":\"https:\\\/\\\/www.lfsl.net\\\/wp-content\\\/uploads\\\/2021\\\/02\\\/Orientation-1200x800.jpeg\",\"datePublished\":\"2019-02-27T19:51:02+00:00\",\"dateModified\":\"2025-09-23T14:29:42+00:00\",\"breadcrumb\":{\"@id\":\"https:\\\/\\\/www.lfsl.net\\\/en\\\/who-are-we\\\/orientation\\\/#breadcrumb\"},\"inLanguage\":\"en-US\",\"potentialAction\":[{\"@type\":\"ReadAction\",\"target\":[\"https:\\\/\\\/www.lfsl.net\\\/en\\\/who-are-we\\\/orientation\\\/\"]}]},{\"@type\":\"ImageObject\",\"inLanguage\":\"en-US\",\"@id\":\"https:\\\/\\\/www.lfsl.net\\\/en\\\/who-are-we\\\/orientation\\\/#primaryimage\",\"url\":\"https:\\\/\\\/www.lfsl.net\\\/wp-content\\\/uploads\\\/2021\\\/02\\\/Orientation-1200x800.jpeg\",\"contentUrl\":\"https:\\\/\\\/www.lfsl.net\\\/wp-content\\\/uploads\\\/2021\\\/02\\\/Orientation-1200x800.jpeg\"},{\"@type\":\"BreadcrumbList\",\"@id\":\"https:\\\/\\\/www.lfsl.net\\\/en\\\/who-are-we\\\/orientation\\\/#breadcrumb\",\"itemListElement\":[{\"@type\":\"ListItem\",\"position\":1,\"name\":\"Home\",\"item\":\"https:\\\/\\\/www.lfsl.net\\\/en\\\/\"},{\"@type\":\"ListItem\",\"position\":2,\"name\":\"Who are we?\",\"item\":\"https:\\\/\\\/www.lfsl.net\\\/en\\\/who-are-we\\\/\"},{\"@type\":\"ListItem\",\"position\":3,\"name\":\"Orientation\"}]},{\"@type\":\"WebSite\",\"@id\":\"https:\\\/\\\/www.lfsl.net\\\/en\\\/#website\",\"url\":\"https:\\\/\\\/www.lfsl.net\\\/en\\\/\",\"name\":\"Lyc\u00e9e Fran\u00e7ais Saint Louis de Stockholm\",\"description\":\"\u00c9tablissement membre du r\u00e9seau AEFE\",\"publisher\":{\"@id\":\"https:\\\/\\\/www.lfsl.net\\\/en\\\/#organization\"},\"potentialAction\":[{\"@type\":\"SearchAction\",\"target\":{\"@type\":\"EntryPoint\",\"urlTemplate\":\"https:\\\/\\\/www.lfsl.net\\\/en\\\/?s={search_term_string}\"},\"query-input\":{\"@type\":\"PropertyValueSpecification\",\"valueRequired\":true,\"valueName\":\"search_term_string\"}}],\"inLanguage\":\"en-US\"},{\"@type\":\"Organization\",\"@id\":\"https:\\\/\\\/www.lfsl.net\\\/en\\\/#organization\",\"name\":\"Lyc\u00e9e Fran\u00e7ais Saint Louis\",\"url\":\"https:\\\/\\\/www.lfsl.net\\\/en\\\/\",\"logo\":{\"@type\":\"ImageObject\",\"inLanguage\":\"en-US\",\"@id\":\"https:\\\/\\\/www.lfsl.net\\\/en\\\/#\\\/schema\\\/logo\\\/image\\\/\",\"url\":\"https:\\\/\\\/www.lfsl.net\\\/wp-content\\\/uploads\\\/2021\\\/03\\\/LFSL-logo.jpg\",\"contentUrl\":\"https:\\\/\\\/www.lfsl.net\\\/wp-content\\\/uploads\\\/2021\\\/03\\\/LFSL-logo.jpg\",\"width\":330,\"height\":473,\"caption\":\"Lyc\u00e9e Fran\u00e7ais Saint Louis\"},\"image\":{\"@id\":\"https:\\\/\\\/www.lfsl.net\\\/en\\\/#\\\/schema\\\/logo\\\/image\\\/\"},\"sameAs\":[\"https:\\\/\\\/www.facebook.com\\\/Lyc\u00e9e-Francais-Saint-Louis-182116921840529\\\/\",\"https:\\\/\\\/www.instagram.com\\\/lyceefrancaisstockholm\\\/\",\"https:\\\/\\\/www.linkedin.com\\\/school\\\/lfsl\\\/\",\"https:\\\/\\\/www.youtube.com\\\/channel\\\/UCchS4IO4jE_YY0ILwn5NgGQ\"]}]}<\/script>\n<!-- \/ Yoast SEO plugin. -->","yoast_head_json":{"title":"Orientation &#8211; Lyc\u00e9e Fran\u00e7ais Saint Louis de Stockholm","robots":{"index":"index","follow":"follow","max-snippet":"max-snippet:-1","max-image-preview":"max-image-preview:large","max-video-preview":"max-video-preview:-1"},"canonical":"https:\/\/www.lfsl.net\/en\/who-are-we\/orientation\/","og_locale":"en_US","og_type":"article","og_title":"Orientation &#8211; Lyc\u00e9e Fran\u00e7ais Saint Louis de Stockholm","og_description":"LFSL provides resources to help students and their families in their choice of school counselling for the French, Swedish or International higher education system. The Resource Staff for Information and Guidance (PRIO) and the&nbsp;Swedish Education Coordinator, as well as the entire teaching team (Headmaster, CPE, Head teachers , teachers, librarians&#8230;) are present to actively prepare ... Read more","og_url":"https:\/\/www.lfsl.net\/en\/who-are-we\/orientation\/","og_site_name":"Lyc\u00e9e Fran\u00e7ais Saint Louis de Stockholm","article_publisher":"https:\/\/www.facebook.com\/Lyc%c3%a9e-Francais-Saint-Louis-182116921840529\/","article_modified_time":"2025-09-23T14:29:42+00:00","og_image":[{"width":1880,"height":1253,"url":"https:\/\/www.lfsl.net\/wp-content\/uploads\/2021\/02\/Orientation.jpeg","type":"image\/jpeg"}],"twitter_card":"summary_large_image","schema":{"@context":"https:\/\/schema.org","@graph":[{"@type":"WebPage","@id":"https:\/\/www.lfsl.net\/en\/who-are-we\/orientation\/","url":"https:\/\/www.lfsl.net\/en\/who-are-we\/orientation\/","name":"Orientation &#8211; Lyc\u00e9e Fran\u00e7ais Saint Louis de Stockholm","isPartOf":{"@id":"https:\/\/www.lfsl.net\/en\/#website"},"primaryImageOfPage":{"@id":"https:\/\/www.lfsl.net\/en\/who-are-we\/orientation\/#primaryimage"},"image":{"@id":"https:\/\/www.lfsl.net\/en\/who-are-we\/orientation\/#primaryimage"},"thumbnailUrl":"https:\/\/www.lfsl.net\/wp-content\/uploads\/2021\/02\/Orientation-1200x800.jpeg","datePublished":"2019-02-27T19:51:02+00:00","dateModified":"2025-09-23T14:29:42+00:00","breadcrumb":{"@id":"https:\/\/www.lfsl.net\/en\/who-are-we\/orientation\/#breadcrumb"},"inLanguage":"en-US","potentialAction":[{"@type":"ReadAction","target":["https:\/\/www.lfsl.net\/en\/who-are-we\/orientation\/"]}]},{"@type":"ImageObject","inLanguage":"en-US","@id":"https:\/\/www.lfsl.net\/en\/who-are-we\/orientation\/#primaryimage","url":"https:\/\/www.lfsl.net\/wp-content\/uploads\/2021\/02\/Orientation-1200x800.jpeg","contentUrl":"https:\/\/www.lfsl.net\/wp-content\/uploads\/2021\/02\/Orientation-1200x800.jpeg"},{"@type":"BreadcrumbList","@id":"https:\/\/www.lfsl.net\/en\/who-are-we\/orientation\/#breadcrumb","itemListElement":[{"@type":"ListItem","position":1,"name":"Home","item":"https:\/\/www.lfsl.net\/en\/"},{"@type":"ListItem","position":2,"name":"Who are we?","item":"https:\/\/www.lfsl.net\/en\/who-are-we\/"},{"@type":"ListItem","position":3,"name":"Orientation"}]},{"@type":"WebSite","@id":"https:\/\/www.lfsl.net\/en\/#website","url":"https:\/\/www.lfsl.net\/en\/","name":"Lyc\u00e9e Fran\u00e7ais Saint Louis de Stockholm","description":"\u00c9tablissement membre du r\u00e9seau AEFE","publisher":{"@id":"https:\/\/www.lfsl.net\/en\/#organization"},"potentialAction":[{"@type":"SearchAction","target":{"@type":"EntryPoint","urlTemplate":"https:\/\/www.lfsl.net\/en\/?s={search_term_string}"},"query-input":{"@type":"PropertyValueSpecification","valueRequired":true,"valueName":"search_term_string"}}],"inLanguage":"en-US"},{"@type":"Organization","@id":"https:\/\/www.lfsl.net\/en\/#organization","name":"Lyc\u00e9e Fran\u00e7ais Saint Louis","url":"https:\/\/www.lfsl.net\/en\/","logo":{"@type":"ImageObject","inLanguage":"en-US","@id":"https:\/\/www.lfsl.net\/en\/#\/schema\/logo\/image\/","url":"https:\/\/www.lfsl.net\/wp-content\/uploads\/2021\/03\/LFSL-logo.jpg","contentUrl":"https:\/\/www.lfsl.net\/wp-content\/uploads\/2021\/03\/LFSL-logo.jpg","width":330,"height":473,"caption":"Lyc\u00e9e Fran\u00e7ais Saint Louis"},"image":{"@id":"https:\/\/www.lfsl.net\/en\/#\/schema\/logo\/image\/"},"sameAs":["https:\/\/www.facebook.com\/Lyc\u00e9e-Francais-Saint-Louis-182116921840529\/","https:\/\/www.instagram.com\/lyceefrancaisstockholm\/","https:\/\/www.linkedin.com\/school\/lfsl\/","https:\/\/www.youtube.com\/channel\/UCchS4IO4jE_YY0ILwn5NgGQ"]}]}},"_links":{"self":[{"href":"https:\/\/www.lfsl.net\/en\/wp-json\/wp\/v2\/pages\/2162","targetHints":{"allow":["GET"]}}],"collection":[{"href":"https:\/\/www.lfsl.net\/en\/wp-json\/wp\/v2\/pages"}],"about":[{"href":"https:\/\/www.lfsl.net\/en\/wp-json\/wp\/v2\/types\/page"}],"author":[{"embeddable":true,"href":"https:\/\/www.lfsl.net\/en\/wp-json\/wp\/v2\/users\/1"}],"replies":[{"embeddable":true,"href":"https:\/\/www.lfsl.net\/en\/wp-json\/wp\/v2\/comments?post=2162"}],"version-history":[{"count":40,"href":"https:\/\/www.lfsl.net\/en\/wp-json\/wp\/v2\/pages\/2162\/revisions"}],"predecessor-version":[{"id":23912,"href":"https:\/\/www.lfsl.net\/en\/wp-json\/wp\/v2\/pages\/2162\/revisions\/23912"}],"up":[{"embeddable":true,"href":"https:\/\/www.lfsl.net\/en\/wp-json\/wp\/v2\/pages\/1546"}],"wp:attachment":[{"href":"https:\/\/www.lfsl.net\/en\/wp-json\/wp\/v2\/media?parent=2162"}],"curies":[{"name":"wp","href":"https:\/\/api.w.org\/{rel}","templated":true}]}}