{"id":2346,"date":"2019-03-15T09:30:05","date_gmt":"2019-03-15T09:30:05","guid":{"rendered":"http:\/\/lfsl.net.hemsida.eu\/?page_id=2346"},"modified":"2025-10-23T06:12:54","modified_gmt":"2025-10-23T06:12:54","slug":"ce","status":"publish","type":"page","link":"https:\/\/www.lfsl.net\/en\/life-at-lfsl\/ce\/","title":{"rendered":"CE"},"content":{"rendered":"\n<h3 class=\"wp-block-heading\">THE SCHOOL COUNCIL<\/h3>\n\n\n\n<p><strong>The School Council (Conseil d\u2019\u00e9tablissement) is the main body ruling on the issues of the school. It is responsible for both primary and secondary levels regarding the school pedagogical matters.<\/strong><\/p>\n\n\n\n<p>The School Council is a tripartite body with equal numbers of representatives from the Administration, the personnel, the parents and the students.<\/p>\n\n\n\n<p>It meets on ordinary session three times a year on the initiative of the Headmaster.<\/p>\n\n\n\n<h3 class=\"wp-block-heading\"><strong>Members <\/strong><\/h3>\n\n\n\n<p><strong>Administration  &#8211; Members with voting rights<\/strong><br>Mrs Sophie Maysonnave, Conseill\u00e8re de Coop\u00e9ration et d\u2019action culturelle (COCAC)<br>Mr Denis Ravaille, Headmaster<br>Mr. Fabrice Palhies, Elementary School Headmaster<br>Mr. Laurent Pentinat, Assistant Headmaster<br>Mr Txomin Diaz, Financial Director (DAF)<br>Mr. Olivier Cureau, Conseiller Principal d\u2019\u00c9ducation (CPE)<br><\/p>\n\n\n\n<p><strong>Members with an advisory capacity<\/strong><br>Mr. Olivier Priou, Consul of France<br>Mrs. Nadine Pripp, Consular adviser<br>Mrs. Nathalie Parmegiani, Consular adviser<br>Mrs. Audrey Lebioda, Consular adviser<br>M. Emmanuel Rothan-Cederberg, Consular adviser<br>Mrs. Mona-Marleen Antonson, HR Director<br>Mr. Thomas Nicholas, Language Coordinator (Assistant Swedish Headmaster )<br>Mrs. Gabrielle \u00d6hman, Vice-president CVL<br><br><strong>Representatives of the secondary level teachers <\/strong><br>No representatives<\/p>\n\n\n\n<p><strong>Representatives of the primary level teachers <\/strong><br>Mrs. H\u00e9l\u00e8ne Requer<br>M. Serge Moussay<\/p>\n\n\n\n<p><strong>Substitutes<\/strong><br>Mrs. Eva Jolly<br>Mrs. Fanny Forslund<\/p>\n\n\n\n<p><strong>Administrative personnel representative <\/strong><br>No representatives<\/p>\n\n\n\n<p><strong>Parent representatives <\/strong><br>Mrs. Delphine Brun Boussaert<br>Mrs. Virginie Gallois<br>M. Jean-Christophe Doll\u00e9<br>M. Vincent Lecoanet<\/p>\n\n\n\n<p><strong>Substitutes<\/strong> <br>Mrs. Marie-No\u00eblle Bernhard<br>Mrs. Anne Palmqvist<br>Mr. Marjorie Plivard<br>Mrs. Kevin Renaudin<\/p>\n\n\n\n<p><b>Student representatives <\/b><br>Mrs. Louise Boussaert<br>Mr. Vincent Holmgren<\/p>\n\n\n\n<p><strong>Substitute<\/strong>s<br>Mrs. Mila Cespedes<br>Mr. Emna Sid<\/p>\n\n\n\n<p><strong>In order to get in contact with the School Council, please turn to the secretarial office:<\/strong> <a aria-label=\"secretariat@lfsl.net (opens in a new tab)\" rel=\"noreferrer noopener\" href=\"mailto:secretariat@lfsl.net\" target=\"_blank\">secretariat@lfsl.net<\/a><\/p>\n\n\n\n<p><strong>To contact the parents&#8217; representatives:<\/strong> <br><a href=\"cet.ape.lfsl@gmail.com\">cet.ape.lfsl@gmail.com<\/a><\/p>\n\n\n\n<p>Minutes from the School Council meetings (in French): <a href=\"https:\/\/www.lfsl.net\/ce-comtes-rendus\/\" target=\"_blank\" rel=\"noreferrer noopener\">CE Minutes<\/a><\/p>\n","protected":false},"excerpt":{"rendered":"<p>THE SCHOOL COUNCIL The School Council (Conseil d\u2019\u00e9tablissement) is the main body ruling on the issues of the school. It is responsible for both primary and secondary levels regarding the school pedagogical matters. The School Council is a tripartite body with equal numbers of representatives from the Administration, the personnel, the parents and the students. &#8230; <\/p>\n<p class=\"read-more-container\"><a title=\"CE\" class=\"read-more button\" href=\"https:\/\/www.lfsl.net\/en\/life-at-lfsl\/ce\/#more-2346\" aria-label=\"Read more about CE\">Read more<\/a><\/p>\n","protected":false},"author":1,"featured_media":0,"parent":1506,"menu_order":0,"comment_status":"closed","ping_status":"closed","template":"","meta":{"footnotes":""},"class_list":["post-2346","page","type-page","status-publish"],"yoast_head":"<!-- This site is optimized with the Yoast SEO plugin v26.5 - https:\/\/yoast.com\/wordpress\/plugins\/seo\/ -->\n<title>CE &#8211; Lyc\u00e9e Fran\u00e7ais Saint Louis de Stockholm<\/title>\n<meta name=\"robots\" content=\"index, follow, max-snippet:-1, max-image-preview:large, max-video-preview:-1\" \/>\n<link rel=\"canonical\" href=\"https:\/\/www.lfsl.net\/en\/life-at-lfsl\/ce\/\" \/>\n<meta property=\"og:locale\" content=\"en_US\" \/>\n<meta property=\"og:type\" content=\"article\" \/>\n<meta property=\"og:title\" content=\"CE &#8211; Lyc\u00e9e Fran\u00e7ais Saint Louis de Stockholm\" \/>\n<meta property=\"og:description\" content=\"THE SCHOOL COUNCIL The School Council (Conseil d\u2019\u00e9tablissement) is the main body ruling on the issues of the school. It is responsible for both primary and secondary levels regarding the school pedagogical matters. The School Council is a tripartite body with equal numbers of representatives from the Administration, the personnel, the parents and the students. ... Read more\" \/>\n<meta property=\"og:url\" content=\"https:\/\/www.lfsl.net\/en\/life-at-lfsl\/ce\/\" \/>\n<meta property=\"og:site_name\" content=\"Lyc\u00e9e Fran\u00e7ais Saint Louis de Stockholm\" \/>\n<meta property=\"article:publisher\" content=\"https:\/\/www.facebook.com\/Lyc%c3%a9e-Francais-Saint-Louis-182116921840529\/\" \/>\n<meta property=\"article:modified_time\" content=\"2025-10-23T06:12:54+00:00\" \/>\n<meta property=\"og:image\" content=\"https:\/\/www.lfsl.net\/wp-content\/uploads\/2020\/03\/lsfl_logo-minimal_crop.jpg\" \/>\n\t<meta property=\"og:image:width\" content=\"1440\" \/>\n\t<meta property=\"og:image:height\" content=\"810\" \/>\n\t<meta property=\"og:image:type\" content=\"image\/jpeg\" \/>\n<meta name=\"twitter:card\" content=\"summary_large_image\" \/>\n<script type=\"application\/ld+json\" class=\"yoast-schema-graph\">{\"@context\":\"https:\/\/schema.org\",\"@graph\":[{\"@type\":\"WebPage\",\"@id\":\"https:\/\/www.lfsl.net\/en\/life-at-lfsl\/ce\/\",\"url\":\"https:\/\/www.lfsl.net\/en\/life-at-lfsl\/ce\/\",\"name\":\"CE &#8211; Lyc\u00e9e Fran\u00e7ais Saint Louis de Stockholm\",\"isPartOf\":{\"@id\":\"https:\/\/www.lfsl.net\/en\/#website\"},\"datePublished\":\"2019-03-15T09:30:05+00:00\",\"dateModified\":\"2025-10-23T06:12:54+00:00\",\"breadcrumb\":{\"@id\":\"https:\/\/www.lfsl.net\/en\/life-at-lfsl\/ce\/#breadcrumb\"},\"inLanguage\":\"en-US\",\"potentialAction\":[{\"@type\":\"ReadAction\",\"target\":[\"https:\/\/www.lfsl.net\/en\/life-at-lfsl\/ce\/\"]}]},{\"@type\":\"BreadcrumbList\",\"@id\":\"https:\/\/www.lfsl.net\/en\/life-at-lfsl\/ce\/#breadcrumb\",\"itemListElement\":[{\"@type\":\"ListItem\",\"position\":1,\"name\":\"Home\",\"item\":\"https:\/\/www.lfsl.net\/en\/\"},{\"@type\":\"ListItem\",\"position\":2,\"name\":\"Life at LFSL\",\"item\":\"https:\/\/www.lfsl.net\/en\/life-at-lfsl\/\"},{\"@type\":\"ListItem\",\"position\":3,\"name\":\"CE\"}]},{\"@type\":\"WebSite\",\"@id\":\"https:\/\/www.lfsl.net\/en\/#website\",\"url\":\"https:\/\/www.lfsl.net\/en\/\",\"name\":\"Lyc\u00e9e Fran\u00e7ais Saint Louis de Stockholm\",\"description\":\"\u00c9tablissement membre du r\u00e9seau AEFE\",\"publisher\":{\"@id\":\"https:\/\/www.lfsl.net\/en\/#organization\"},\"potentialAction\":[{\"@type\":\"SearchAction\",\"target\":{\"@type\":\"EntryPoint\",\"urlTemplate\":\"https:\/\/www.lfsl.net\/en\/?s={search_term_string}\"},\"query-input\":{\"@type\":\"PropertyValueSpecification\",\"valueRequired\":true,\"valueName\":\"search_term_string\"}}],\"inLanguage\":\"en-US\"},{\"@type\":\"Organization\",\"@id\":\"https:\/\/www.lfsl.net\/en\/#organization\",\"name\":\"Lyc\u00e9e Fran\u00e7ais Saint Louis\",\"url\":\"https:\/\/www.lfsl.net\/en\/\",\"logo\":{\"@type\":\"ImageObject\",\"inLanguage\":\"en-US\",\"@id\":\"https:\/\/www.lfsl.net\/en\/#\/schema\/logo\/image\/\",\"url\":\"https:\/\/www.lfsl.net\/wp-content\/uploads\/2021\/03\/LFSL-logo.jpg\",\"contentUrl\":\"https:\/\/www.lfsl.net\/wp-content\/uploads\/2021\/03\/LFSL-logo.jpg\",\"width\":330,\"height\":473,\"caption\":\"Lyc\u00e9e Fran\u00e7ais Saint Louis\"},\"image\":{\"@id\":\"https:\/\/www.lfsl.net\/en\/#\/schema\/logo\/image\/\"},\"sameAs\":[\"https:\/\/www.facebook.com\/Lyc\u00e9e-Francais-Saint-Louis-182116921840529\/\",\"https:\/\/www.instagram.com\/lyceefrancaisstockholm\/\",\"https:\/\/www.linkedin.com\/school\/lfsl\/\",\"https:\/\/www.youtube.com\/channel\/UCchS4IO4jE_YY0ILwn5NgGQ\"]}]}<\/script>\n<!-- \/ Yoast SEO plugin. -->","yoast_head_json":{"title":"CE &#8211; Lyc\u00e9e Fran\u00e7ais Saint Louis de Stockholm","robots":{"index":"index","follow":"follow","max-snippet":"max-snippet:-1","max-image-preview":"max-image-preview:large","max-video-preview":"max-video-preview:-1"},"canonical":"https:\/\/www.lfsl.net\/en\/life-at-lfsl\/ce\/","og_locale":"en_US","og_type":"article","og_title":"CE &#8211; Lyc\u00e9e Fran\u00e7ais Saint Louis de Stockholm","og_description":"THE SCHOOL COUNCIL The School Council (Conseil d\u2019\u00e9tablissement) is the main body ruling on the issues of the school. It is responsible for both primary and secondary levels regarding the school pedagogical matters. The School Council is a tripartite body with equal numbers of representatives from the Administration, the personnel, the parents and the students. ... Read more","og_url":"https:\/\/www.lfsl.net\/en\/life-at-lfsl\/ce\/","og_site_name":"Lyc\u00e9e Fran\u00e7ais Saint Louis de Stockholm","article_publisher":"https:\/\/www.facebook.com\/Lyc%c3%a9e-Francais-Saint-Louis-182116921840529\/","article_modified_time":"2025-10-23T06:12:54+00:00","og_image":[{"width":1440,"height":810,"url":"https:\/\/www.lfsl.net\/wp-content\/uploads\/2020\/03\/lsfl_logo-minimal_crop.jpg","type":"image\/jpeg"}],"twitter_card":"summary_large_image","schema":{"@context":"https:\/\/schema.org","@graph":[{"@type":"WebPage","@id":"https:\/\/www.lfsl.net\/en\/life-at-lfsl\/ce\/","url":"https:\/\/www.lfsl.net\/en\/life-at-lfsl\/ce\/","name":"CE &#8211; Lyc\u00e9e Fran\u00e7ais Saint Louis de Stockholm","isPartOf":{"@id":"https:\/\/www.lfsl.net\/en\/#website"},"datePublished":"2019-03-15T09:30:05+00:00","dateModified":"2025-10-23T06:12:54+00:00","breadcrumb":{"@id":"https:\/\/www.lfsl.net\/en\/life-at-lfsl\/ce\/#breadcrumb"},"inLanguage":"en-US","potentialAction":[{"@type":"ReadAction","target":["https:\/\/www.lfsl.net\/en\/life-at-lfsl\/ce\/"]}]},{"@type":"BreadcrumbList","@id":"https:\/\/www.lfsl.net\/en\/life-at-lfsl\/ce\/#breadcrumb","itemListElement":[{"@type":"ListItem","position":1,"name":"Home","item":"https:\/\/www.lfsl.net\/en\/"},{"@type":"ListItem","position":2,"name":"Life at LFSL","item":"https:\/\/www.lfsl.net\/en\/life-at-lfsl\/"},{"@type":"ListItem","position":3,"name":"CE"}]},{"@type":"WebSite","@id":"https:\/\/www.lfsl.net\/en\/#website","url":"https:\/\/www.lfsl.net\/en\/","name":"Lyc\u00e9e Fran\u00e7ais Saint Louis de Stockholm","description":"\u00c9tablissement membre du r\u00e9seau AEFE","publisher":{"@id":"https:\/\/www.lfsl.net\/en\/#organization"},"potentialAction":[{"@type":"SearchAction","target":{"@type":"EntryPoint","urlTemplate":"https:\/\/www.lfsl.net\/en\/?s={search_term_string}"},"query-input":{"@type":"PropertyValueSpecification","valueRequired":true,"valueName":"search_term_string"}}],"inLanguage":"en-US"},{"@type":"Organization","@id":"https:\/\/www.lfsl.net\/en\/#organization","name":"Lyc\u00e9e Fran\u00e7ais Saint Louis","url":"https:\/\/www.lfsl.net\/en\/","logo":{"@type":"ImageObject","inLanguage":"en-US","@id":"https:\/\/www.lfsl.net\/en\/#\/schema\/logo\/image\/","url":"https:\/\/www.lfsl.net\/wp-content\/uploads\/2021\/03\/LFSL-logo.jpg","contentUrl":"https:\/\/www.lfsl.net\/wp-content\/uploads\/2021\/03\/LFSL-logo.jpg","width":330,"height":473,"caption":"Lyc\u00e9e Fran\u00e7ais Saint Louis"},"image":{"@id":"https:\/\/www.lfsl.net\/en\/#\/schema\/logo\/image\/"},"sameAs":["https:\/\/www.facebook.com\/Lyc\u00e9e-Francais-Saint-Louis-182116921840529\/","https:\/\/www.instagram.com\/lyceefrancaisstockholm\/","https:\/\/www.linkedin.com\/school\/lfsl\/","https:\/\/www.youtube.com\/channel\/UCchS4IO4jE_YY0ILwn5NgGQ"]}]}},"_links":{"self":[{"href":"https:\/\/www.lfsl.net\/en\/wp-json\/wp\/v2\/pages\/2346","targetHints":{"allow":["GET"]}}],"collection":[{"href":"https:\/\/www.lfsl.net\/en\/wp-json\/wp\/v2\/pages"}],"about":[{"href":"https:\/\/www.lfsl.net\/en\/wp-json\/wp\/v2\/types\/page"}],"author":[{"embeddable":true,"href":"https:\/\/www.lfsl.net\/en\/wp-json\/wp\/v2\/users\/1"}],"replies":[{"embeddable":true,"href":"https:\/\/www.lfsl.net\/en\/wp-json\/wp\/v2\/comments?post=2346"}],"version-history":[{"count":62,"href":"https:\/\/www.lfsl.net\/en\/wp-json\/wp\/v2\/pages\/2346\/revisions"}],"predecessor-version":[{"id":24137,"href":"https:\/\/www.lfsl.net\/en\/wp-json\/wp\/v2\/pages\/2346\/revisions\/24137"}],"up":[{"embeddable":true,"href":"https:\/\/www.lfsl.net\/en\/wp-json\/wp\/v2\/pages\/1506"}],"wp:attachment":[{"href":"https:\/\/www.lfsl.net\/en\/wp-json\/wp\/v2\/media?parent=2346"}],"curies":[{"name":"wp","href":"https:\/\/api.w.org\/{rel}","templated":true}]}}