{"id":2367,"date":"2019-03-15T10:06:38","date_gmt":"2019-03-15T10:06:38","guid":{"rendered":"http:\/\/lfsl.net.hemsida.eu\/?page_id=2367"},"modified":"2025-09-23T14:26:10","modified_gmt":"2025-09-23T14:26:10","slug":"administration","status":"publish","type":"page","link":"https:\/\/www.lfsl.net\/en\/who-are-we\/administration\/","title":{"rendered":"Administration"},"content":{"rendered":"\n<p><strong>The Administration ensures the daily functioning of Lyc\u00e9e Fran\u00e7ais Saint Louis as an organization, under the direction of the Headmaster and the Administrative and Financial Director.<\/strong><\/p>\n\n\n\n<p><b>Denis Ravaille, <i>Headmaster<br><\/i>E-mail: <\/b><em>secretariat[a]lfsl.net<br><\/em><strong>Tel: <\/strong>+46 (0)8 441 3030<\/p>\n\n\n\n<p><strong>Txomin Diaz, <em>Finance Director<\/em><br><\/strong>E-mail: <em>td<\/em><em>iaz[a]lfsl.net<\/em><br>Tel: <em>+46 (0)8 441 3045<\/em><\/p>\n\n\n\n<h3 class=\"wp-block-heading\">SECRETARIAL OFFICE<\/h3>\n\n\n\n<p><strong>Jean-Fran\u00e7ois Fournier, <\/strong><em><strong>Admissions Manager<\/strong><br><\/em>E-mail: <span style=\"display: inline !important; float: none; background-color: transparent; color: #424242; cursor: text; font-family: 'Open Sans',sans-serif; font-size: 16px; font-style: normal; font-variant: normal; font-weight: 400; letter-spacing: normal; orphans: 2; text-align: left; text-decoration: none; text-indent: 0px; text-transform: none; -webkit-text-stroke-width: 0px; white-space: normal; word-spacing: 0px;\">secretariat[a]lfsl.net<\/span><br>Tel: + 46 (0)8 441 3030<\/p>\n\n\n\n<p><strong>Aur\u00e9lie Bonin, <\/strong><em><strong>Management&#8217;s Assistant<\/strong><br><\/em>E-mail: secretariat[a]lfsl.net<br>Tel: +46 (0)8 441 3031<\/p>\n\n\n\n<h3 class=\"wp-block-heading\">FINANCE AND ADMINISTRATION<\/h3>\n\n\n\n<p><strong>Isabelle Imbert, <em>Subsidies &amp; Accounts Payable Manager<\/em><\/strong><br>E-mail: iimbert[a]lfsl.net<br>Tel: +46 (0)8 441 3061<em><br><\/em><br><strong>Sophie Pier Federici, <\/strong><em><strong>Communication &amp; Accounts Receivable Manager<\/strong><br><\/em>E-mail: spierfederici[a]fsl.net<br>Tel: +46 (0)8 441 3065<\/p>\n\n\n\n<p><b>Jo\u00ebl Labrousse<span style=\"color: #424242;\">, <\/span><em>Operations Manager<br><span style=\"display: inline !important; float: none; background-color: transparent; color: #424242; cursor: text; font-family: 'Open Sans',sans-serif; font-size: 16px; font-style: normal; font-variant: normal; font-weight: 400; letter-spacing: normal; orphans: 2; text-align: left; text-decoration: none; text-indent: 0px; text-transform: none; -webkit-text-stroke-width: 0px; white-space: normal; word-spacing: 0px;\">E-mail: jlabrousse[a]lfsl.net<\/span><br><span style=\"display: inline !important; float: none; background-color: transparent; color: #424242; cursor: text; font-family: 'Open Sans',sans-serif; font-size: 16px; font-style: normal; font-variant: normal; font-weight: 400; letter-spacing: normal; orphans: 2; text-align: left; text-decoration: none; text-indent: 0px; text-transform: none; -webkit-text-stroke-width: 0px; white-space: normal; word-spacing: 0px;\">Tel: +46 (0)8 441 3042<\/span><\/em><\/b><\/p>\n\n\n\n<p><b><strong>Nathalie Ferrand Gustafsson<\/strong><em><strong>, <\/strong><em><strong>Accountant &amp; Salary Manager<\/strong><\/em><br><span style=\"display: inline !important; float: none; background-color: #ffffff; color: #424242; cursor: text; font-family: 'Open Sans',sans-serif; font-size: 16px; font-style: normal; font-variant: normal; font-weight: 400; letter-spacing: normal; orphans: 2; text-align: left; text-decoration: none; text-indent: 0px; text-transform: none; -webkit-text-stroke-width: 0px; white-space: normal; word-spacing: 0px;\">E-mail: nferrandgustafsson<\/span><\/em><\/b>[a]lfsl.net<b><em><br><\/em><\/b>Tel: +46 (0)8 441 3032<b><em><br><\/em><\/b><\/p>\n\n\n\n<p><strong>Laila Roumanos, <em>Event Coordinator<\/em><br><\/strong>E-mail: lroumanos[a]lfsl.net<br>Tel: +46 (0)8 441 3044<\/p>\n\n\n\n<h3 class=\"wp-block-heading\">IT\u00a0<\/h3>\n\n\n\n<p><strong>Alexandre Golovanivsky, <em>IT Technician<\/em><\/strong><\/p>\n\n\n\n<h3 class=\"wp-block-heading\">MAINTENANCE\u00a0<br><\/h3>\n\n\n\n<p><strong>Laurent Berneron &#8211; <em>Technical agent &amp; Entrance host<br><\/em><\/strong><span style=\"display: inline !important; float: none; background-color: #ffffff; color: #424242; cursor: text; font-family: 'Open Sans',sans-serif; font-size: 16px; font-style: normal; font-variant: normal; font-weight: 400; letter-spacing: normal; orphans: 2; text-align: left; text-decoration: none; text-indent: 0px; text-transform: none; -webkit-text-stroke-width: 0px; white-space: normal; word-spacing: 0px;\">E-mail: lberneron[a]lfsl.net<\/span><br><span style=\"display: inline !important; float: none; background-color: #ffffff; color: #424242; cursor: text; font-family: 'Open Sans',sans-serif; font-size: 16px; font-style: normal; font-variant: normal; font-weight: 400; letter-spacing: normal; orphans: 2; text-align: left; text-decoration: none; text-indent: 0px; text-transform: none; -webkit-text-stroke-width: 0px; white-space: normal; word-spacing: 0px;\">T\u00e9l: +46 (0)8 441 3086<\/span><\/p>\n\n\n\n<p><\/p>\n","protected":false},"excerpt":{"rendered":"<p>The Administration ensures the daily functioning of Lyc\u00e9e Fran\u00e7ais Saint Louis as an organization, under the direction of the Headmaster and the Administrative and Financial Director. Denis Ravaille, HeadmasterE-mail: secretariat[a]lfsl.netTel: +46 (0)8 441 3030 Txomin Diaz, Finance DirectorE-mail: tdiaz[a]lfsl.netTel: +46 (0)8 441 3045 SECRETARIAL OFFICE Jean-Fran\u00e7ois Fournier, Admissions ManagerE-mail: secretariat[a]lfsl.netTel: + 46 (0)8 441 3030 &#8230; <\/p>\n<p class=\"read-more-container\"><a title=\"Administration\" class=\"read-more button\" href=\"https:\/\/www.lfsl.net\/en\/who-are-we\/administration\/#more-2367\" aria-label=\"Read more about Administration\">Read more<\/a><\/p>\n","protected":false},"author":1,"featured_media":0,"parent":1546,"menu_order":0,"comment_status":"closed","ping_status":"closed","template":"","meta":{"footnotes":""},"class_list":["post-2367","page","type-page","status-publish"],"yoast_head":"<!-- This site is optimized with the Yoast SEO plugin v27.4 - https:\/\/yoast.com\/product\/yoast-seo-wordpress\/ -->\n<title>Administration &#8211; Lyc\u00e9e Fran\u00e7ais Saint Louis de Stockholm<\/title>\n<meta name=\"robots\" content=\"index, follow, max-snippet:-1, max-image-preview:large, max-video-preview:-1\" \/>\n<link rel=\"canonical\" href=\"https:\/\/www.lfsl.net\/en\/who-are-we\/administration\/\" \/>\n<meta property=\"og:locale\" content=\"en_US\" \/>\n<meta property=\"og:type\" content=\"article\" \/>\n<meta property=\"og:title\" content=\"Administration &#8211; Lyc\u00e9e Fran\u00e7ais Saint Louis de Stockholm\" \/>\n<meta property=\"og:description\" content=\"The Administration ensures the daily functioning of Lyc\u00e9e Fran\u00e7ais Saint Louis as an organization, under the direction of the Headmaster and the Administrative and Financial Director. Denis Ravaille, HeadmasterE-mail: secretariat[a]lfsl.netTel: +46 (0)8 441 3030 Txomin Diaz, Finance DirectorE-mail: tdiaz[a]lfsl.netTel: +46 (0)8 441 3045 SECRETARIAL OFFICE Jean-Fran\u00e7ois Fournier, Admissions ManagerE-mail: secretariat[a]lfsl.netTel: + 46 (0)8 441 3030 ... Read more\" \/>\n<meta property=\"og:url\" content=\"https:\/\/www.lfsl.net\/en\/who-are-we\/administration\/\" \/>\n<meta property=\"og:site_name\" content=\"Lyc\u00e9e Fran\u00e7ais Saint Louis de Stockholm\" \/>\n<meta property=\"article:publisher\" content=\"https:\/\/www.facebook.com\/Lyc%c3%a9e-Francais-Saint-Louis-182116921840529\/\" \/>\n<meta property=\"article:modified_time\" content=\"2025-09-23T14:26:10+00:00\" \/>\n<meta property=\"og:image\" content=\"https:\/\/www.lfsl.net\/wp-content\/uploads\/2020\/03\/lsfl_logo-minimal_crop.jpg\" \/>\n\t<meta property=\"og:image:width\" content=\"1440\" \/>\n\t<meta property=\"og:image:height\" content=\"810\" \/>\n\t<meta property=\"og:image:type\" content=\"image\/jpeg\" \/>\n<meta name=\"twitter:card\" content=\"summary_large_image\" \/>\n<script type=\"application\/ld+json\" class=\"yoast-schema-graph\">{\"@context\":\"https:\\\/\\\/schema.org\",\"@graph\":[{\"@type\":\"WebPage\",\"@id\":\"https:\\\/\\\/www.lfsl.net\\\/en\\\/who-are-we\\\/administration\\\/\",\"url\":\"https:\\\/\\\/www.lfsl.net\\\/en\\\/who-are-we\\\/administration\\\/\",\"name\":\"Administration &#8211; Lyc\u00e9e Fran\u00e7ais Saint Louis de Stockholm\",\"isPartOf\":{\"@id\":\"https:\\\/\\\/www.lfsl.net\\\/en\\\/#website\"},\"datePublished\":\"2019-03-15T10:06:38+00:00\",\"dateModified\":\"2025-09-23T14:26:10+00:00\",\"breadcrumb\":{\"@id\":\"https:\\\/\\\/www.lfsl.net\\\/en\\\/who-are-we\\\/administration\\\/#breadcrumb\"},\"inLanguage\":\"en-US\",\"potentialAction\":[{\"@type\":\"ReadAction\",\"target\":[\"https:\\\/\\\/www.lfsl.net\\\/en\\\/who-are-we\\\/administration\\\/\"]}]},{\"@type\":\"BreadcrumbList\",\"@id\":\"https:\\\/\\\/www.lfsl.net\\\/en\\\/who-are-we\\\/administration\\\/#breadcrumb\",\"itemListElement\":[{\"@type\":\"ListItem\",\"position\":1,\"name\":\"Home\",\"item\":\"https:\\\/\\\/www.lfsl.net\\\/en\\\/\"},{\"@type\":\"ListItem\",\"position\":2,\"name\":\"Who are we?\",\"item\":\"https:\\\/\\\/www.lfsl.net\\\/en\\\/who-are-we\\\/\"},{\"@type\":\"ListItem\",\"position\":3,\"name\":\"Administration\"}]},{\"@type\":\"WebSite\",\"@id\":\"https:\\\/\\\/www.lfsl.net\\\/en\\\/#website\",\"url\":\"https:\\\/\\\/www.lfsl.net\\\/en\\\/\",\"name\":\"Lyc\u00e9e Fran\u00e7ais Saint Louis de Stockholm\",\"description\":\"\u00c9tablissement membre du r\u00e9seau AEFE\",\"publisher\":{\"@id\":\"https:\\\/\\\/www.lfsl.net\\\/en\\\/#organization\"},\"potentialAction\":[{\"@type\":\"SearchAction\",\"target\":{\"@type\":\"EntryPoint\",\"urlTemplate\":\"https:\\\/\\\/www.lfsl.net\\\/en\\\/?s={search_term_string}\"},\"query-input\":{\"@type\":\"PropertyValueSpecification\",\"valueRequired\":true,\"valueName\":\"search_term_string\"}}],\"inLanguage\":\"en-US\"},{\"@type\":\"Organization\",\"@id\":\"https:\\\/\\\/www.lfsl.net\\\/en\\\/#organization\",\"name\":\"Lyc\u00e9e Fran\u00e7ais Saint Louis\",\"url\":\"https:\\\/\\\/www.lfsl.net\\\/en\\\/\",\"logo\":{\"@type\":\"ImageObject\",\"inLanguage\":\"en-US\",\"@id\":\"https:\\\/\\\/www.lfsl.net\\\/en\\\/#\\\/schema\\\/logo\\\/image\\\/\",\"url\":\"https:\\\/\\\/www.lfsl.net\\\/wp-content\\\/uploads\\\/2021\\\/03\\\/LFSL-logo.jpg\",\"contentUrl\":\"https:\\\/\\\/www.lfsl.net\\\/wp-content\\\/uploads\\\/2021\\\/03\\\/LFSL-logo.jpg\",\"width\":330,\"height\":473,\"caption\":\"Lyc\u00e9e Fran\u00e7ais Saint Louis\"},\"image\":{\"@id\":\"https:\\\/\\\/www.lfsl.net\\\/en\\\/#\\\/schema\\\/logo\\\/image\\\/\"},\"sameAs\":[\"https:\\\/\\\/www.facebook.com\\\/Lyc\u00e9e-Francais-Saint-Louis-182116921840529\\\/\",\"https:\\\/\\\/www.instagram.com\\\/lyceefrancaisstockholm\\\/\",\"https:\\\/\\\/www.linkedin.com\\\/school\\\/lfsl\\\/\",\"https:\\\/\\\/www.youtube.com\\\/channel\\\/UCchS4IO4jE_YY0ILwn5NgGQ\"]}]}<\/script>\n<!-- \/ Yoast SEO plugin. -->","yoast_head_json":{"title":"Administration &#8211; Lyc\u00e9e Fran\u00e7ais Saint Louis de Stockholm","robots":{"index":"index","follow":"follow","max-snippet":"max-snippet:-1","max-image-preview":"max-image-preview:large","max-video-preview":"max-video-preview:-1"},"canonical":"https:\/\/www.lfsl.net\/en\/who-are-we\/administration\/","og_locale":"en_US","og_type":"article","og_title":"Administration &#8211; Lyc\u00e9e Fran\u00e7ais Saint Louis de Stockholm","og_description":"The Administration ensures the daily functioning of Lyc\u00e9e Fran\u00e7ais Saint Louis as an organization, under the direction of the Headmaster and the Administrative and Financial Director. Denis Ravaille, HeadmasterE-mail: secretariat[a]lfsl.netTel: +46 (0)8 441 3030 Txomin Diaz, Finance DirectorE-mail: tdiaz[a]lfsl.netTel: +46 (0)8 441 3045 SECRETARIAL OFFICE Jean-Fran\u00e7ois Fournier, Admissions ManagerE-mail: secretariat[a]lfsl.netTel: + 46 (0)8 441 3030 ... Read more","og_url":"https:\/\/www.lfsl.net\/en\/who-are-we\/administration\/","og_site_name":"Lyc\u00e9e Fran\u00e7ais Saint Louis de Stockholm","article_publisher":"https:\/\/www.facebook.com\/Lyc%c3%a9e-Francais-Saint-Louis-182116921840529\/","article_modified_time":"2025-09-23T14:26:10+00:00","og_image":[{"width":1440,"height":810,"url":"https:\/\/www.lfsl.net\/wp-content\/uploads\/2020\/03\/lsfl_logo-minimal_crop.jpg","type":"image\/jpeg"}],"twitter_card":"summary_large_image","schema":{"@context":"https:\/\/schema.org","@graph":[{"@type":"WebPage","@id":"https:\/\/www.lfsl.net\/en\/who-are-we\/administration\/","url":"https:\/\/www.lfsl.net\/en\/who-are-we\/administration\/","name":"Administration &#8211; Lyc\u00e9e Fran\u00e7ais Saint Louis de Stockholm","isPartOf":{"@id":"https:\/\/www.lfsl.net\/en\/#website"},"datePublished":"2019-03-15T10:06:38+00:00","dateModified":"2025-09-23T14:26:10+00:00","breadcrumb":{"@id":"https:\/\/www.lfsl.net\/en\/who-are-we\/administration\/#breadcrumb"},"inLanguage":"en-US","potentialAction":[{"@type":"ReadAction","target":["https:\/\/www.lfsl.net\/en\/who-are-we\/administration\/"]}]},{"@type":"BreadcrumbList","@id":"https:\/\/www.lfsl.net\/en\/who-are-we\/administration\/#breadcrumb","itemListElement":[{"@type":"ListItem","position":1,"name":"Home","item":"https:\/\/www.lfsl.net\/en\/"},{"@type":"ListItem","position":2,"name":"Who are we?","item":"https:\/\/www.lfsl.net\/en\/who-are-we\/"},{"@type":"ListItem","position":3,"name":"Administration"}]},{"@type":"WebSite","@id":"https:\/\/www.lfsl.net\/en\/#website","url":"https:\/\/www.lfsl.net\/en\/","name":"Lyc\u00e9e Fran\u00e7ais Saint Louis de Stockholm","description":"\u00c9tablissement membre du r\u00e9seau AEFE","publisher":{"@id":"https:\/\/www.lfsl.net\/en\/#organization"},"potentialAction":[{"@type":"SearchAction","target":{"@type":"EntryPoint","urlTemplate":"https:\/\/www.lfsl.net\/en\/?s={search_term_string}"},"query-input":{"@type":"PropertyValueSpecification","valueRequired":true,"valueName":"search_term_string"}}],"inLanguage":"en-US"},{"@type":"Organization","@id":"https:\/\/www.lfsl.net\/en\/#organization","name":"Lyc\u00e9e Fran\u00e7ais Saint Louis","url":"https:\/\/www.lfsl.net\/en\/","logo":{"@type":"ImageObject","inLanguage":"en-US","@id":"https:\/\/www.lfsl.net\/en\/#\/schema\/logo\/image\/","url":"https:\/\/www.lfsl.net\/wp-content\/uploads\/2021\/03\/LFSL-logo.jpg","contentUrl":"https:\/\/www.lfsl.net\/wp-content\/uploads\/2021\/03\/LFSL-logo.jpg","width":330,"height":473,"caption":"Lyc\u00e9e Fran\u00e7ais Saint Louis"},"image":{"@id":"https:\/\/www.lfsl.net\/en\/#\/schema\/logo\/image\/"},"sameAs":["https:\/\/www.facebook.com\/Lyc\u00e9e-Francais-Saint-Louis-182116921840529\/","https:\/\/www.instagram.com\/lyceefrancaisstockholm\/","https:\/\/www.linkedin.com\/school\/lfsl\/","https:\/\/www.youtube.com\/channel\/UCchS4IO4jE_YY0ILwn5NgGQ"]}]}},"_links":{"self":[{"href":"https:\/\/www.lfsl.net\/en\/wp-json\/wp\/v2\/pages\/2367","targetHints":{"allow":["GET"]}}],"collection":[{"href":"https:\/\/www.lfsl.net\/en\/wp-json\/wp\/v2\/pages"}],"about":[{"href":"https:\/\/www.lfsl.net\/en\/wp-json\/wp\/v2\/types\/page"}],"author":[{"embeddable":true,"href":"https:\/\/www.lfsl.net\/en\/wp-json\/wp\/v2\/users\/1"}],"replies":[{"embeddable":true,"href":"https:\/\/www.lfsl.net\/en\/wp-json\/wp\/v2\/comments?post=2367"}],"version-history":[{"count":65,"href":"https:\/\/www.lfsl.net\/en\/wp-json\/wp\/v2\/pages\/2367\/revisions"}],"predecessor-version":[{"id":23906,"href":"https:\/\/www.lfsl.net\/en\/wp-json\/wp\/v2\/pages\/2367\/revisions\/23906"}],"up":[{"embeddable":true,"href":"https:\/\/www.lfsl.net\/en\/wp-json\/wp\/v2\/pages\/1546"}],"wp:attachment":[{"href":"https:\/\/www.lfsl.net\/en\/wp-json\/wp\/v2\/media?parent=2367"}],"curies":[{"name":"wp","href":"https:\/\/api.w.org\/{rel}","templated":true}]}}