{"id":23838,"date":"2025-09-08T09:48:03","date_gmt":"2025-09-08T09:48:03","guid":{"rendered":"https:\/\/www.lfsl.net\/?page_id=23838"},"modified":"2025-09-08T09:48:04","modified_gmt":"2025-09-08T09:48:04","slug":"the-community-store","status":"publish","type":"page","link":"https:\/\/www.lfsl.net\/en\/the-community-store\/","title":{"rendered":"THE COMMUNITY STORE"},"content":{"rendered":"\n<p>Go to the webstore : <a href=\"https:\/\/ape.hjalplaget.se\/\">The Community Store<\/a><\/p>\n\n\n\n<h3 class=\"wp-block-heading\">APE<\/h3>\n\n\n\n<p><a href=\"https:\/\/www.lfsl.net\/en\/life-at-lfsl\/ape\/\">The parent\u2019s association<\/a> ensures the availability of items bearing the LFSL logo, in order to actively participate in creating a strong sense of belonging. It operates through a local, certified service provider, thus ensuring the sustainability and simplicity of the service.<\/p>\n\n\n\n<h3 class=\"wp-block-heading\">our partner<\/h3>\n\n\n\n<p>Nordic Star Event &amp; Profil AB, Segelb\u00e5tsv\u00e4gen 2, 112 64 Stockholm<br>Order sent to collection point (shipping costs) or collection possible from Monday to Friday, from 9:00 a.m. to 12:00 p.m. and from 1:00 p.m. to 4:00 p.m. (excluding school holiday periods)<\/p>\n\n\n\n<figure class=\"wp-block-image size-full\"><img loading=\"lazy\" decoding=\"async\" width=\"969\" height=\"253\" src=\"https:\/\/www.lfsl.net\/wp-content\/uploads\/2025\/09\/photo_Nordic-Star.jpg\" alt=\"\" class=\"wp-image-23825\" srcset=\"https:\/\/www.lfsl.net\/wp-content\/uploads\/2025\/09\/photo_Nordic-Star.jpg 969w, https:\/\/www.lfsl.net\/wp-content\/uploads\/2025\/09\/photo_Nordic-Star-600x157.jpg 600w, https:\/\/www.lfsl.net\/wp-content\/uploads\/2025\/09\/photo_Nordic-Star-768x201.jpg 768w\" sizes=\"auto, (max-width: 969px) 100vw, 969px\" \/><\/figure>\n","protected":false},"excerpt":{"rendered":"<p>Go to the webstore : The Community Store APE The parent\u2019s association ensures the availability of items bearing the LFSL logo, in order to actively participate in creating a strong sense of belonging. It operates through a local, certified service provider, thus ensuring the sustainability and simplicity of the service. our partner Nordic Star Event &#8230; <\/p>\n<p class=\"read-more-container\"><a title=\"THE COMMUNITY STORE\" class=\"read-more button\" href=\"https:\/\/www.lfsl.net\/en\/the-community-store\/#more-23838\" aria-label=\"Read more about THE COMMUNITY STORE\">Read more<\/a><\/p>\n","protected":false},"author":1,"featured_media":0,"parent":0,"menu_order":0,"comment_status":"closed","ping_status":"closed","template":"","meta":{"footnotes":""},"class_list":["post-23838","page","type-page","status-publish"],"yoast_head":"<!-- This site is optimized with the Yoast SEO plugin v27.4 - https:\/\/yoast.com\/product\/yoast-seo-wordpress\/ -->\n<title>THE COMMUNITY STORE &#8211; Lyc\u00e9e Fran\u00e7ais Saint Louis de Stockholm<\/title>\n<meta name=\"robots\" content=\"index, follow, max-snippet:-1, max-image-preview:large, max-video-preview:-1\" \/>\n<link rel=\"canonical\" href=\"https:\/\/www.lfsl.net\/en\/the-community-store\/\" \/>\n<meta property=\"og:locale\" content=\"en_US\" \/>\n<meta property=\"og:type\" content=\"article\" \/>\n<meta property=\"og:title\" content=\"THE COMMUNITY STORE &#8211; Lyc\u00e9e Fran\u00e7ais Saint Louis de Stockholm\" \/>\n<meta property=\"og:description\" content=\"Go to the webstore : The Community Store APE The parent\u2019s association ensures the availability of items bearing the LFSL logo, in order to actively participate in creating a strong sense of belonging. It operates through a local, certified service provider, thus ensuring the sustainability and simplicity of the service. our partner Nordic Star Event ... Read more\" \/>\n<meta property=\"og:url\" content=\"https:\/\/www.lfsl.net\/en\/the-community-store\/\" \/>\n<meta property=\"og:site_name\" content=\"Lyc\u00e9e Fran\u00e7ais Saint Louis de Stockholm\" \/>\n<meta property=\"article:publisher\" content=\"https:\/\/www.facebook.com\/Lyc%c3%a9e-Francais-Saint-Louis-182116921840529\/\" \/>\n<meta property=\"article:modified_time\" content=\"2025-09-08T09:48:04+00:00\" \/>\n<meta property=\"og:image\" content=\"https:\/\/www.lfsl.net\/wp-content\/uploads\/2025\/09\/photo_Nordic-Star.jpg\" \/>\n\t<meta property=\"og:image:width\" content=\"969\" \/>\n\t<meta property=\"og:image:height\" content=\"253\" \/>\n\t<meta property=\"og:image:type\" content=\"image\/jpeg\" \/>\n<meta name=\"twitter:card\" content=\"summary_large_image\" \/>\n<script type=\"application\/ld+json\" class=\"yoast-schema-graph\">{\"@context\":\"https:\\\/\\\/schema.org\",\"@graph\":[{\"@type\":\"WebPage\",\"@id\":\"https:\\\/\\\/www.lfsl.net\\\/en\\\/the-community-store\\\/\",\"url\":\"https:\\\/\\\/www.lfsl.net\\\/en\\\/the-community-store\\\/\",\"name\":\"THE COMMUNITY STORE &#8211; Lyc\u00e9e Fran\u00e7ais Saint Louis de Stockholm\",\"isPartOf\":{\"@id\":\"https:\\\/\\\/www.lfsl.net\\\/en\\\/#website\"},\"primaryImageOfPage\":{\"@id\":\"https:\\\/\\\/www.lfsl.net\\\/en\\\/the-community-store\\\/#primaryimage\"},\"image\":{\"@id\":\"https:\\\/\\\/www.lfsl.net\\\/en\\\/the-community-store\\\/#primaryimage\"},\"thumbnailUrl\":\"https:\\\/\\\/www.lfsl.net\\\/wp-content\\\/uploads\\\/2025\\\/09\\\/photo_Nordic-Star.jpg\",\"datePublished\":\"2025-09-08T09:48:03+00:00\",\"dateModified\":\"2025-09-08T09:48:04+00:00\",\"breadcrumb\":{\"@id\":\"https:\\\/\\\/www.lfsl.net\\\/en\\\/the-community-store\\\/#breadcrumb\"},\"inLanguage\":\"en-US\",\"potentialAction\":[{\"@type\":\"ReadAction\",\"target\":[\"https:\\\/\\\/www.lfsl.net\\\/en\\\/the-community-store\\\/\"]}]},{\"@type\":\"ImageObject\",\"inLanguage\":\"en-US\",\"@id\":\"https:\\\/\\\/www.lfsl.net\\\/en\\\/the-community-store\\\/#primaryimage\",\"url\":\"https:\\\/\\\/www.lfsl.net\\\/wp-content\\\/uploads\\\/2025\\\/09\\\/photo_Nordic-Star.jpg\",\"contentUrl\":\"https:\\\/\\\/www.lfsl.net\\\/wp-content\\\/uploads\\\/2025\\\/09\\\/photo_Nordic-Star.jpg\"},{\"@type\":\"BreadcrumbList\",\"@id\":\"https:\\\/\\\/www.lfsl.net\\\/en\\\/the-community-store\\\/#breadcrumb\",\"itemListElement\":[{\"@type\":\"ListItem\",\"position\":1,\"name\":\"Home\",\"item\":\"https:\\\/\\\/www.lfsl.net\\\/en\\\/\"},{\"@type\":\"ListItem\",\"position\":2,\"name\":\"THE COMMUNITY STORE\"}]},{\"@type\":\"WebSite\",\"@id\":\"https:\\\/\\\/www.lfsl.net\\\/en\\\/#website\",\"url\":\"https:\\\/\\\/www.lfsl.net\\\/en\\\/\",\"name\":\"Lyc\u00e9e Fran\u00e7ais Saint Louis de Stockholm\",\"description\":\"\u00c9tablissement membre du r\u00e9seau AEFE\",\"publisher\":{\"@id\":\"https:\\\/\\\/www.lfsl.net\\\/en\\\/#organization\"},\"potentialAction\":[{\"@type\":\"SearchAction\",\"target\":{\"@type\":\"EntryPoint\",\"urlTemplate\":\"https:\\\/\\\/www.lfsl.net\\\/en\\\/?s={search_term_string}\"},\"query-input\":{\"@type\":\"PropertyValueSpecification\",\"valueRequired\":true,\"valueName\":\"search_term_string\"}}],\"inLanguage\":\"en-US\"},{\"@type\":\"Organization\",\"@id\":\"https:\\\/\\\/www.lfsl.net\\\/en\\\/#organization\",\"name\":\"Lyc\u00e9e Fran\u00e7ais Saint Louis\",\"url\":\"https:\\\/\\\/www.lfsl.net\\\/en\\\/\",\"logo\":{\"@type\":\"ImageObject\",\"inLanguage\":\"en-US\",\"@id\":\"https:\\\/\\\/www.lfsl.net\\\/en\\\/#\\\/schema\\\/logo\\\/image\\\/\",\"url\":\"https:\\\/\\\/www.lfsl.net\\\/wp-content\\\/uploads\\\/2021\\\/03\\\/LFSL-logo.jpg\",\"contentUrl\":\"https:\\\/\\\/www.lfsl.net\\\/wp-content\\\/uploads\\\/2021\\\/03\\\/LFSL-logo.jpg\",\"width\":330,\"height\":473,\"caption\":\"Lyc\u00e9e Fran\u00e7ais Saint Louis\"},\"image\":{\"@id\":\"https:\\\/\\\/www.lfsl.net\\\/en\\\/#\\\/schema\\\/logo\\\/image\\\/\"},\"sameAs\":[\"https:\\\/\\\/www.facebook.com\\\/Lyc\u00e9e-Francais-Saint-Louis-182116921840529\\\/\",\"https:\\\/\\\/www.instagram.com\\\/lyceefrancaisstockholm\\\/\",\"https:\\\/\\\/www.linkedin.com\\\/school\\\/lfsl\\\/\",\"https:\\\/\\\/www.youtube.com\\\/channel\\\/UCchS4IO4jE_YY0ILwn5NgGQ\"]}]}<\/script>\n<!-- \/ Yoast SEO plugin. -->","yoast_head_json":{"title":"THE COMMUNITY STORE &#8211; Lyc\u00e9e Fran\u00e7ais Saint Louis de Stockholm","robots":{"index":"index","follow":"follow","max-snippet":"max-snippet:-1","max-image-preview":"max-image-preview:large","max-video-preview":"max-video-preview:-1"},"canonical":"https:\/\/www.lfsl.net\/en\/the-community-store\/","og_locale":"en_US","og_type":"article","og_title":"THE COMMUNITY STORE &#8211; Lyc\u00e9e Fran\u00e7ais Saint Louis de Stockholm","og_description":"Go to the webstore : The Community Store APE The parent\u2019s association ensures the availability of items bearing the LFSL logo, in order to actively participate in creating a strong sense of belonging. It operates through a local, certified service provider, thus ensuring the sustainability and simplicity of the service. our partner Nordic Star Event ... Read more","og_url":"https:\/\/www.lfsl.net\/en\/the-community-store\/","og_site_name":"Lyc\u00e9e Fran\u00e7ais Saint Louis de Stockholm","article_publisher":"https:\/\/www.facebook.com\/Lyc%c3%a9e-Francais-Saint-Louis-182116921840529\/","article_modified_time":"2025-09-08T09:48:04+00:00","og_image":[{"width":969,"height":253,"url":"https:\/\/www.lfsl.net\/wp-content\/uploads\/2025\/09\/photo_Nordic-Star.jpg","type":"image\/jpeg"}],"twitter_card":"summary_large_image","schema":{"@context":"https:\/\/schema.org","@graph":[{"@type":"WebPage","@id":"https:\/\/www.lfsl.net\/en\/the-community-store\/","url":"https:\/\/www.lfsl.net\/en\/the-community-store\/","name":"THE COMMUNITY STORE &#8211; Lyc\u00e9e Fran\u00e7ais Saint Louis de Stockholm","isPartOf":{"@id":"https:\/\/www.lfsl.net\/en\/#website"},"primaryImageOfPage":{"@id":"https:\/\/www.lfsl.net\/en\/the-community-store\/#primaryimage"},"image":{"@id":"https:\/\/www.lfsl.net\/en\/the-community-store\/#primaryimage"},"thumbnailUrl":"https:\/\/www.lfsl.net\/wp-content\/uploads\/2025\/09\/photo_Nordic-Star.jpg","datePublished":"2025-09-08T09:48:03+00:00","dateModified":"2025-09-08T09:48:04+00:00","breadcrumb":{"@id":"https:\/\/www.lfsl.net\/en\/the-community-store\/#breadcrumb"},"inLanguage":"en-US","potentialAction":[{"@type":"ReadAction","target":["https:\/\/www.lfsl.net\/en\/the-community-store\/"]}]},{"@type":"ImageObject","inLanguage":"en-US","@id":"https:\/\/www.lfsl.net\/en\/the-community-store\/#primaryimage","url":"https:\/\/www.lfsl.net\/wp-content\/uploads\/2025\/09\/photo_Nordic-Star.jpg","contentUrl":"https:\/\/www.lfsl.net\/wp-content\/uploads\/2025\/09\/photo_Nordic-Star.jpg"},{"@type":"BreadcrumbList","@id":"https:\/\/www.lfsl.net\/en\/the-community-store\/#breadcrumb","itemListElement":[{"@type":"ListItem","position":1,"name":"Home","item":"https:\/\/www.lfsl.net\/en\/"},{"@type":"ListItem","position":2,"name":"THE COMMUNITY STORE"}]},{"@type":"WebSite","@id":"https:\/\/www.lfsl.net\/en\/#website","url":"https:\/\/www.lfsl.net\/en\/","name":"Lyc\u00e9e Fran\u00e7ais Saint Louis de Stockholm","description":"\u00c9tablissement membre du r\u00e9seau AEFE","publisher":{"@id":"https:\/\/www.lfsl.net\/en\/#organization"},"potentialAction":[{"@type":"SearchAction","target":{"@type":"EntryPoint","urlTemplate":"https:\/\/www.lfsl.net\/en\/?s={search_term_string}"},"query-input":{"@type":"PropertyValueSpecification","valueRequired":true,"valueName":"search_term_string"}}],"inLanguage":"en-US"},{"@type":"Organization","@id":"https:\/\/www.lfsl.net\/en\/#organization","name":"Lyc\u00e9e Fran\u00e7ais Saint Louis","url":"https:\/\/www.lfsl.net\/en\/","logo":{"@type":"ImageObject","inLanguage":"en-US","@id":"https:\/\/www.lfsl.net\/en\/#\/schema\/logo\/image\/","url":"https:\/\/www.lfsl.net\/wp-content\/uploads\/2021\/03\/LFSL-logo.jpg","contentUrl":"https:\/\/www.lfsl.net\/wp-content\/uploads\/2021\/03\/LFSL-logo.jpg","width":330,"height":473,"caption":"Lyc\u00e9e Fran\u00e7ais Saint Louis"},"image":{"@id":"https:\/\/www.lfsl.net\/en\/#\/schema\/logo\/image\/"},"sameAs":["https:\/\/www.facebook.com\/Lyc\u00e9e-Francais-Saint-Louis-182116921840529\/","https:\/\/www.instagram.com\/lyceefrancaisstockholm\/","https:\/\/www.linkedin.com\/school\/lfsl\/","https:\/\/www.youtube.com\/channel\/UCchS4IO4jE_YY0ILwn5NgGQ"]}]}},"_links":{"self":[{"href":"https:\/\/www.lfsl.net\/en\/wp-json\/wp\/v2\/pages\/23838","targetHints":{"allow":["GET"]}}],"collection":[{"href":"https:\/\/www.lfsl.net\/en\/wp-json\/wp\/v2\/pages"}],"about":[{"href":"https:\/\/www.lfsl.net\/en\/wp-json\/wp\/v2\/types\/page"}],"author":[{"embeddable":true,"href":"https:\/\/www.lfsl.net\/en\/wp-json\/wp\/v2\/users\/1"}],"replies":[{"embeddable":true,"href":"https:\/\/www.lfsl.net\/en\/wp-json\/wp\/v2\/comments?post=23838"}],"version-history":[{"count":1,"href":"https:\/\/www.lfsl.net\/en\/wp-json\/wp\/v2\/pages\/23838\/revisions"}],"predecessor-version":[{"id":23839,"href":"https:\/\/www.lfsl.net\/en\/wp-json\/wp\/v2\/pages\/23838\/revisions\/23839"}],"wp:attachment":[{"href":"https:\/\/www.lfsl.net\/en\/wp-json\/wp\/v2\/media?parent=23838"}],"curies":[{"name":"wp","href":"https:\/\/api.w.org\/{rel}","templated":true}]}}