{"id":2394,"date":"2019-03-15T10:46:23","date_gmt":"2019-03-15T10:46:23","guid":{"rendered":"http:\/\/lfsl.net.hemsida.eu\/?page_id=2394"},"modified":"2024-01-29T13:01:24","modified_gmt":"2024-01-29T13:01:24","slug":"educational-courses","status":"publish","type":"page","link":"https:\/\/www.lfsl.net\/en\/school-program\/educational-courses\/","title":{"rendered":"EDUCATIONAL COURSES"},"content":{"rendered":"<p><strong>The educational paths (Parcours \u00e9ducatifs) set up by the Ministry of National Education in France aim to follow the work of the student in these different areas throughout his life at school.<\/strong><\/p>\n<h3>FUTURE PATH<\/h3>\n<p><img loading=\"lazy\" decoding=\"async\" class=\"wp-image-3399 alignright\" src=\"https:\/\/www.lfsl.net\/wp-content\/uploads\/2019\/04\/Parcours_avenir_bild.jpg\" alt=\"\" width=\"230\" height=\"154\" \/>From 6\u00e8me to Terminale, the future path allows each student to gradually build their orientation and discover the economic and professional world. It set up to\u00a0:<\/p>\n<p>&#8211; Understand the economic and professional world as well as the diversity of professions and training<br \/>\n&#8211; Develop a sense of commitment and initiative<br \/>\n&#8211; Elaborate its educational and professional orientation project.<\/p>\n<p><a href=\"https:\/\/www.education.gouv.fr\/cid83948\/le-parcours-avenir.html\" target=\"_blank\" rel=\"noopener noreferrer\">Read more (in French<\/a>)<\/p>\n<h3>ARTISTIC AND CULTURAL PATH<br \/>\n<img loading=\"lazy\" decoding=\"async\" class=\"wp-image-3402 alignright\" src=\"https:\/\/www.lfsl.net\/wp-content\/uploads\/2019\/04\/Parcours_culture_bild.jpg\" alt=\"\" width=\"229\" height=\"152\" \/><\/h3>\n<p>The artistic and cultural path is all the knowledge, experiences, meetings acquired by the students\u00a0 in the fields of arts and heritage, during teaching, specific projects, educational activities, inside and outside of school.<\/p>\n<p><a href=\"https:\/\/www.education.gouv.fr\/cid20725\/l-education-artistique-et-culturelle.html&amp;xtmc=peac&amp;xtnp=1&amp;xtcr=1#Le_parcours_d_education_artistique_et_culturelle\" target=\"_blank\" rel=\"noopener noreferrer\">Read more (in French)<\/a><\/p>\n<h3>HEALTH PATH<\/h3>\n<p><img loading=\"lazy\" decoding=\"async\" class=\" wp-image-3407 alignright\" src=\"https:\/\/www.lfsl.net\/wp-content\/uploads\/2019\/04\/Parcours_sante_bild.jpg\" alt=\"\" width=\"230\" height=\"155\" \/>The health path helps to provide students with favorable conditions for learning and acquire the knowledge, skills and culture in order to become responsible citizens. It helps\u00a0 create a supportive school environment and is a key element for a School of well-being and caring. The health condition is a major component of well-being. It is necessary to develop knowledge of health and behavior right from childhood. The school is the best place, where students spends more than a third of their time, and it is the most appropriate place for egalitarian acquisition of\u00a0 knowledge on health and behavior, by addressing students from different families and socio-economic backgrounds.<\/p>\n<p><a href=\"https:\/\/www.education.gouv.fr\/cid109047\/le-parcours-educatif-de-sante.html&amp;xtmc=parcourssante&amp;xtnp=1&amp;xtcr=2\" target=\"_blank\" rel=\"noopener noreferrer\">Read more (in French)<\/a><\/p>\n<h3>CITIZEN PATH<\/h3>\n<p><img loading=\"lazy\" decoding=\"async\" class=\"wp-image-3412 alignright\" src=\"https:\/\/www.lfsl.net\/wp-content\/uploads\/2019\/04\/Parcours_citoyen_bild.jpg\" alt=\"\" width=\"230\" height=\"153\" \/>The citizen path is part of the student&#8217;s overall project. It is intended for citizens who are becoming aware of their rights, duties and responsibilities. Backed by all the teachings, in particular moral and civic education, media and information education, the citizen path provides the values and principles of the Republic and the life in democratic societies. It&#8217;s included the teaching during school time, but also all the activities during inside and outside of school.<\/p>\n<p><a href=\"https:\/\/www.education.gouv.fr\/cid100517\/le-parcours-citoyen.html&amp;xtmc=parcourscitoyen&amp;xtnp=1&amp;xtcr=1\" target=\"_blank\" rel=\"noopener noreferrer\">Read more (in French)<\/a><\/p>\n","protected":false},"excerpt":{"rendered":"<p>The educational paths (Parcours \u00e9ducatifs) set up by the Ministry of National Education in France aim to follow the work of the student in these different areas throughout his life at school. FUTURE PATH From 6\u00e8me to Terminale, the future path allows each student to gradually build their orientation and discover the economic and professional &#8230; <\/p>\n<p class=\"read-more-container\"><a title=\"EDUCATIONAL COURSES\" class=\"read-more button\" href=\"https:\/\/www.lfsl.net\/en\/school-program\/educational-courses\/#more-2394\" aria-label=\"Read more about EDUCATIONAL COURSES\">Read more<\/a><\/p>\n","protected":false},"author":1,"featured_media":0,"parent":1531,"menu_order":0,"comment_status":"closed","ping_status":"closed","template":"","meta":{"footnotes":""},"class_list":["post-2394","page","type-page","status-publish"],"yoast_head":"<!-- This site is optimized with the Yoast SEO plugin v27.4 - https:\/\/yoast.com\/product\/yoast-seo-wordpress\/ -->\n<title>EDUCATIONAL COURSES &#8211; Lyc\u00e9e Fran\u00e7ais Saint Louis de Stockholm<\/title>\n<meta name=\"robots\" content=\"index, follow, max-snippet:-1, max-image-preview:large, max-video-preview:-1\" \/>\n<link rel=\"canonical\" href=\"https:\/\/www.lfsl.net\/en\/school-program\/educational-courses\/\" \/>\n<meta property=\"og:locale\" content=\"en_US\" \/>\n<meta property=\"og:type\" content=\"article\" \/>\n<meta property=\"og:title\" content=\"EDUCATIONAL COURSES &#8211; Lyc\u00e9e Fran\u00e7ais Saint Louis de Stockholm\" \/>\n<meta property=\"og:description\" content=\"The educational paths (Parcours \u00e9ducatifs) set up by the Ministry of National Education in France aim to follow the work of the student in these different areas throughout his life at school. FUTURE PATH From 6\u00e8me to Terminale, the future path allows each student to gradually build their orientation and discover the economic and professional ... Read more\" \/>\n<meta property=\"og:url\" content=\"https:\/\/www.lfsl.net\/en\/school-program\/educational-courses\/\" \/>\n<meta property=\"og:site_name\" content=\"Lyc\u00e9e Fran\u00e7ais Saint Louis de Stockholm\" \/>\n<meta property=\"article:publisher\" content=\"https:\/\/www.facebook.com\/Lyc%c3%a9e-Francais-Saint-Louis-182116921840529\/\" \/>\n<meta property=\"article:modified_time\" content=\"2024-01-29T13:01:24+00:00\" \/>\n<meta property=\"og:image\" content=\"https:\/\/www.lfsl.net\/wp-content\/uploads\/2019\/04\/Parcours_avenir_bild.jpg\" \/>\n<meta name=\"twitter:card\" content=\"summary_large_image\" \/>\n<script type=\"application\/ld+json\" class=\"yoast-schema-graph\">{\"@context\":\"https:\\\/\\\/schema.org\",\"@graph\":[{\"@type\":\"WebPage\",\"@id\":\"https:\\\/\\\/www.lfsl.net\\\/en\\\/school-program\\\/educational-courses\\\/\",\"url\":\"https:\\\/\\\/www.lfsl.net\\\/en\\\/school-program\\\/educational-courses\\\/\",\"name\":\"EDUCATIONAL COURSES &#8211; Lyc\u00e9e Fran\u00e7ais Saint Louis de Stockholm\",\"isPartOf\":{\"@id\":\"https:\\\/\\\/www.lfsl.net\\\/en\\\/#website\"},\"primaryImageOfPage\":{\"@id\":\"https:\\\/\\\/www.lfsl.net\\\/en\\\/school-program\\\/educational-courses\\\/#primaryimage\"},\"image\":{\"@id\":\"https:\\\/\\\/www.lfsl.net\\\/en\\\/school-program\\\/educational-courses\\\/#primaryimage\"},\"thumbnailUrl\":\"https:\\\/\\\/www.lfsl.net\\\/wp-content\\\/uploads\\\/2019\\\/04\\\/Parcours_avenir_bild.jpg\",\"datePublished\":\"2019-03-15T10:46:23+00:00\",\"dateModified\":\"2024-01-29T13:01:24+00:00\",\"breadcrumb\":{\"@id\":\"https:\\\/\\\/www.lfsl.net\\\/en\\\/school-program\\\/educational-courses\\\/#breadcrumb\"},\"inLanguage\":\"en-US\",\"potentialAction\":[{\"@type\":\"ReadAction\",\"target\":[\"https:\\\/\\\/www.lfsl.net\\\/en\\\/school-program\\\/educational-courses\\\/\"]}]},{\"@type\":\"ImageObject\",\"inLanguage\":\"en-US\",\"@id\":\"https:\\\/\\\/www.lfsl.net\\\/en\\\/school-program\\\/educational-courses\\\/#primaryimage\",\"url\":\"https:\\\/\\\/www.lfsl.net\\\/wp-content\\\/uploads\\\/2019\\\/04\\\/Parcours_avenir_bild.jpg\",\"contentUrl\":\"https:\\\/\\\/www.lfsl.net\\\/wp-content\\\/uploads\\\/2019\\\/04\\\/Parcours_avenir_bild.jpg\"},{\"@type\":\"BreadcrumbList\",\"@id\":\"https:\\\/\\\/www.lfsl.net\\\/en\\\/school-program\\\/educational-courses\\\/#breadcrumb\",\"itemListElement\":[{\"@type\":\"ListItem\",\"position\":1,\"name\":\"Home\",\"item\":\"https:\\\/\\\/www.lfsl.net\\\/en\\\/\"},{\"@type\":\"ListItem\",\"position\":2,\"name\":\"School Program\",\"item\":\"https:\\\/\\\/www.lfsl.net\\\/en\\\/school-program\\\/\"},{\"@type\":\"ListItem\",\"position\":3,\"name\":\"EDUCATIONAL COURSES\"}]},{\"@type\":\"WebSite\",\"@id\":\"https:\\\/\\\/www.lfsl.net\\\/en\\\/#website\",\"url\":\"https:\\\/\\\/www.lfsl.net\\\/en\\\/\",\"name\":\"Lyc\u00e9e Fran\u00e7ais Saint Louis de Stockholm\",\"description\":\"\u00c9tablissement membre du r\u00e9seau AEFE\",\"publisher\":{\"@id\":\"https:\\\/\\\/www.lfsl.net\\\/en\\\/#organization\"},\"potentialAction\":[{\"@type\":\"SearchAction\",\"target\":{\"@type\":\"EntryPoint\",\"urlTemplate\":\"https:\\\/\\\/www.lfsl.net\\\/en\\\/?s={search_term_string}\"},\"query-input\":{\"@type\":\"PropertyValueSpecification\",\"valueRequired\":true,\"valueName\":\"search_term_string\"}}],\"inLanguage\":\"en-US\"},{\"@type\":\"Organization\",\"@id\":\"https:\\\/\\\/www.lfsl.net\\\/en\\\/#organization\",\"name\":\"Lyc\u00e9e Fran\u00e7ais Saint Louis\",\"url\":\"https:\\\/\\\/www.lfsl.net\\\/en\\\/\",\"logo\":{\"@type\":\"ImageObject\",\"inLanguage\":\"en-US\",\"@id\":\"https:\\\/\\\/www.lfsl.net\\\/en\\\/#\\\/schema\\\/logo\\\/image\\\/\",\"url\":\"https:\\\/\\\/www.lfsl.net\\\/wp-content\\\/uploads\\\/2021\\\/03\\\/LFSL-logo.jpg\",\"contentUrl\":\"https:\\\/\\\/www.lfsl.net\\\/wp-content\\\/uploads\\\/2021\\\/03\\\/LFSL-logo.jpg\",\"width\":330,\"height\":473,\"caption\":\"Lyc\u00e9e Fran\u00e7ais Saint Louis\"},\"image\":{\"@id\":\"https:\\\/\\\/www.lfsl.net\\\/en\\\/#\\\/schema\\\/logo\\\/image\\\/\"},\"sameAs\":[\"https:\\\/\\\/www.facebook.com\\\/Lyc\u00e9e-Francais-Saint-Louis-182116921840529\\\/\",\"https:\\\/\\\/www.instagram.com\\\/lyceefrancaisstockholm\\\/\",\"https:\\\/\\\/www.linkedin.com\\\/school\\\/lfsl\\\/\",\"https:\\\/\\\/www.youtube.com\\\/channel\\\/UCchS4IO4jE_YY0ILwn5NgGQ\"]}]}<\/script>\n<!-- \/ Yoast SEO plugin. -->","yoast_head_json":{"title":"EDUCATIONAL COURSES &#8211; Lyc\u00e9e Fran\u00e7ais Saint Louis de Stockholm","robots":{"index":"index","follow":"follow","max-snippet":"max-snippet:-1","max-image-preview":"max-image-preview:large","max-video-preview":"max-video-preview:-1"},"canonical":"https:\/\/www.lfsl.net\/en\/school-program\/educational-courses\/","og_locale":"en_US","og_type":"article","og_title":"EDUCATIONAL COURSES &#8211; Lyc\u00e9e Fran\u00e7ais Saint Louis de Stockholm","og_description":"The educational paths (Parcours \u00e9ducatifs) set up by the Ministry of National Education in France aim to follow the work of the student in these different areas throughout his life at school. FUTURE PATH From 6\u00e8me to Terminale, the future path allows each student to gradually build their orientation and discover the economic and professional ... Read more","og_url":"https:\/\/www.lfsl.net\/en\/school-program\/educational-courses\/","og_site_name":"Lyc\u00e9e Fran\u00e7ais Saint Louis de Stockholm","article_publisher":"https:\/\/www.facebook.com\/Lyc%c3%a9e-Francais-Saint-Louis-182116921840529\/","article_modified_time":"2024-01-29T13:01:24+00:00","og_image":[{"url":"https:\/\/www.lfsl.net\/wp-content\/uploads\/2019\/04\/Parcours_avenir_bild.jpg","type":"","width":"","height":""}],"twitter_card":"summary_large_image","schema":{"@context":"https:\/\/schema.org","@graph":[{"@type":"WebPage","@id":"https:\/\/www.lfsl.net\/en\/school-program\/educational-courses\/","url":"https:\/\/www.lfsl.net\/en\/school-program\/educational-courses\/","name":"EDUCATIONAL COURSES &#8211; Lyc\u00e9e Fran\u00e7ais Saint Louis de Stockholm","isPartOf":{"@id":"https:\/\/www.lfsl.net\/en\/#website"},"primaryImageOfPage":{"@id":"https:\/\/www.lfsl.net\/en\/school-program\/educational-courses\/#primaryimage"},"image":{"@id":"https:\/\/www.lfsl.net\/en\/school-program\/educational-courses\/#primaryimage"},"thumbnailUrl":"https:\/\/www.lfsl.net\/wp-content\/uploads\/2019\/04\/Parcours_avenir_bild.jpg","datePublished":"2019-03-15T10:46:23+00:00","dateModified":"2024-01-29T13:01:24+00:00","breadcrumb":{"@id":"https:\/\/www.lfsl.net\/en\/school-program\/educational-courses\/#breadcrumb"},"inLanguage":"en-US","potentialAction":[{"@type":"ReadAction","target":["https:\/\/www.lfsl.net\/en\/school-program\/educational-courses\/"]}]},{"@type":"ImageObject","inLanguage":"en-US","@id":"https:\/\/www.lfsl.net\/en\/school-program\/educational-courses\/#primaryimage","url":"https:\/\/www.lfsl.net\/wp-content\/uploads\/2019\/04\/Parcours_avenir_bild.jpg","contentUrl":"https:\/\/www.lfsl.net\/wp-content\/uploads\/2019\/04\/Parcours_avenir_bild.jpg"},{"@type":"BreadcrumbList","@id":"https:\/\/www.lfsl.net\/en\/school-program\/educational-courses\/#breadcrumb","itemListElement":[{"@type":"ListItem","position":1,"name":"Home","item":"https:\/\/www.lfsl.net\/en\/"},{"@type":"ListItem","position":2,"name":"School Program","item":"https:\/\/www.lfsl.net\/en\/school-program\/"},{"@type":"ListItem","position":3,"name":"EDUCATIONAL COURSES"}]},{"@type":"WebSite","@id":"https:\/\/www.lfsl.net\/en\/#website","url":"https:\/\/www.lfsl.net\/en\/","name":"Lyc\u00e9e Fran\u00e7ais Saint Louis de Stockholm","description":"\u00c9tablissement membre du r\u00e9seau AEFE","publisher":{"@id":"https:\/\/www.lfsl.net\/en\/#organization"},"potentialAction":[{"@type":"SearchAction","target":{"@type":"EntryPoint","urlTemplate":"https:\/\/www.lfsl.net\/en\/?s={search_term_string}"},"query-input":{"@type":"PropertyValueSpecification","valueRequired":true,"valueName":"search_term_string"}}],"inLanguage":"en-US"},{"@type":"Organization","@id":"https:\/\/www.lfsl.net\/en\/#organization","name":"Lyc\u00e9e Fran\u00e7ais Saint Louis","url":"https:\/\/www.lfsl.net\/en\/","logo":{"@type":"ImageObject","inLanguage":"en-US","@id":"https:\/\/www.lfsl.net\/en\/#\/schema\/logo\/image\/","url":"https:\/\/www.lfsl.net\/wp-content\/uploads\/2021\/03\/LFSL-logo.jpg","contentUrl":"https:\/\/www.lfsl.net\/wp-content\/uploads\/2021\/03\/LFSL-logo.jpg","width":330,"height":473,"caption":"Lyc\u00e9e Fran\u00e7ais Saint Louis"},"image":{"@id":"https:\/\/www.lfsl.net\/en\/#\/schema\/logo\/image\/"},"sameAs":["https:\/\/www.facebook.com\/Lyc\u00e9e-Francais-Saint-Louis-182116921840529\/","https:\/\/www.instagram.com\/lyceefrancaisstockholm\/","https:\/\/www.linkedin.com\/school\/lfsl\/","https:\/\/www.youtube.com\/channel\/UCchS4IO4jE_YY0ILwn5NgGQ"]}]}},"_links":{"self":[{"href":"https:\/\/www.lfsl.net\/en\/wp-json\/wp\/v2\/pages\/2394","targetHints":{"allow":["GET"]}}],"collection":[{"href":"https:\/\/www.lfsl.net\/en\/wp-json\/wp\/v2\/pages"}],"about":[{"href":"https:\/\/www.lfsl.net\/en\/wp-json\/wp\/v2\/types\/page"}],"author":[{"embeddable":true,"href":"https:\/\/www.lfsl.net\/en\/wp-json\/wp\/v2\/users\/1"}],"replies":[{"embeddable":true,"href":"https:\/\/www.lfsl.net\/en\/wp-json\/wp\/v2\/comments?post=2394"}],"version-history":[{"count":19,"href":"https:\/\/www.lfsl.net\/en\/wp-json\/wp\/v2\/pages\/2394\/revisions"}],"predecessor-version":[{"id":18766,"href":"https:\/\/www.lfsl.net\/en\/wp-json\/wp\/v2\/pages\/2394\/revisions\/18766"}],"up":[{"embeddable":true,"href":"https:\/\/www.lfsl.net\/en\/wp-json\/wp\/v2\/pages\/1531"}],"wp:attachment":[{"href":"https:\/\/www.lfsl.net\/en\/wp-json\/wp\/v2\/media?parent=2394"}],"curies":[{"name":"wp","href":"https:\/\/api.w.org\/{rel}","templated":true}]}}