{"id":5510,"date":"2019-11-26T10:45:13","date_gmt":"2019-11-26T10:45:13","guid":{"rendered":"https:\/\/www.lfsl.net\/?page_id=5510"},"modified":"2021-09-23T12:09:27","modified_gmt":"2021-09-23T12:09:27","slug":"application-for-university-studies-in-sweden-baccalaureate-and-oib","status":"publish","type":"page","link":"https:\/\/www.lfsl.net\/en\/application-for-university-studies-in-sweden-baccalaureate-and-oib\/","title":{"rendered":"Application for University Studies in Sweden &#8211; Baccalaureate and OIB"},"content":{"rendered":"\n<div class=\"wp-block-columns has-2-columns is-layout-flex wp-container-core-columns-is-layout-9d6595d7 wp-block-columns-is-layout-flex\">\n<div class=\"wp-block-column is-layout-flow wp-block-column-is-layout-flow\">\n<h3 class=\"wp-block-heading\">University studies in Sweden with a Baccalaureate diploma.<br><br><\/h3>\n\n\n\n<p>You can apply to Swedish universities and colleges with a French Baccalaureate. <br>You just need to prove that you have the right qualifications in Swedish.<\/p>\n\n\n\n<p><a href=\"https:\/\/bedomningshandboken.uhr.se\/utlandska-gymnasiala\/alla-lander\/frankrike-fr.o.m.-2021\/\">Information from the admission unit<\/a><a href=\"https:\/\/bedomningshandboken.uhr.se\/utlandska-gymnasiala\/alla-lander\/frankrike\/\"> <\/a>(in Swedish)<\/p>\n<\/div>\n\n\n\n<div class=\"wp-block-column is-layout-flow wp-block-column-is-layout-flow\">\n<h3 class=\"wp-block-heading\">University studies in Sweden with the Option Internationale du Baccalaur\u00e9at (OIB)<\/h3>\n\n\n\n<p>You can apply to Swedish universities and colleges with a French Baccalaureate. <br>You just need to prove that you have the right qualifications in Swedish.<\/p>\n\n\n\n<p>Bac \u00e0 Option International (OIB) is a French degree in the programs L, ES and S.<br>One should not confuse OIB with International Baccalaureate (IB), which is a foreign degree.<br><br>Follow this <a href=\"https:\/\/oiblfsl.weebly.com\/\">link<\/a> to read more about OIB.<\/p>\n<\/div>\n<\/div>\n\n\n\n<h3 class=\"wp-block-heading\">Application<\/h3>\n\n\n\n<p>In order to make an application, you need to create an account at the <a href=\"https:\/\/www.antagning.se\/se\/start\">Admissions Unit<\/a>.<\/p>\n\n\n\n<p>Upload \/ send your &#8220;Dipl\u00f4me de Baccalaur\u00e9at G\u00e9n\u00e9ral&#8221; + &#8220;Relev\u00e9 de Notes du Baccalaur\u00e9at&#8221;<br>(grades) before July 5. If you have not received your &#8220;Dipl\u00f4me de Baccalaur\u00e9at G\u00e9n\u00e9ral&#8221;  before July 5, please upload \/ send only the &#8220;Relev\u00e9 de Notes du Baccalaur\u00e9at&#8221; (the grades).<\/p>\n\n\n\n<p>A document which shows that you have the correct competence in Swedish also needs to be uploaded \/ submitted if you do not have OIB. That document has a different deadline than the Baccalaureate &#8211; usually in June.<\/p>\n\n\n\n<h3 class=\"wp-block-heading\">Selection<\/h3>\n\n\n\n<p>Follow this <a href=\"https:\/\/www.antagning.se\/sv\/dina-betyg\/utlandsk-gymnasieutbildning\/\">link <\/a>for information on selection and study places on the admissions website.<br><\/p>\n\n\n\n<h3 class=\"wp-block-heading\">Complaint<\/h3>\n\n\n\n<p>If you feel that you have been treated unfairly by the Admissions Unit, you can contact them and provide the registration number so that they can explain how they thought and look if something went wrong.<\/p>\n\n\n\n<hr class=\"wp-block-separator\"\/>\n","protected":false},"excerpt":{"rendered":"<p>University studies in Sweden with a Baccalaureate diploma. You can apply to Swedish universities and colleges with a French Baccalaureate. You just need to prove that you have the right qualifications in Swedish. Information from the admission unit (in Swedish) University studies in Sweden with the Option Internationale du Baccalaur\u00e9at (OIB) You can apply to &#8230; <\/p>\n<p class=\"read-more-container\"><a title=\"Application for University Studies in Sweden &#8211; Baccalaureate and OIB\" class=\"read-more button\" href=\"https:\/\/www.lfsl.net\/en\/application-for-university-studies-in-sweden-baccalaureate-and-oib\/#more-5510\" aria-label=\"Read more about Application for University Studies in Sweden &#8211; Baccalaureate and OIB\">Read more<\/a><\/p>\n","protected":false},"author":1,"featured_media":0,"parent":0,"menu_order":0,"comment_status":"closed","ping_status":"closed","template":"","meta":{"footnotes":""},"class_list":["post-5510","page","type-page","status-publish"],"yoast_head":"<!-- This site is optimized with the Yoast SEO plugin v27.4 - https:\/\/yoast.com\/product\/yoast-seo-wordpress\/ -->\n<title>Application for University Studies in Sweden - Baccalaureate and OIB &#8211; Lyc\u00e9e Fran\u00e7ais Saint Louis de Stockholm<\/title>\n<meta name=\"robots\" content=\"index, follow, max-snippet:-1, max-image-preview:large, max-video-preview:-1\" \/>\n<link rel=\"canonical\" href=\"https:\/\/www.lfsl.net\/en\/application-for-university-studies-in-sweden-baccalaureate-and-oib\/\" \/>\n<meta property=\"og:locale\" content=\"en_US\" \/>\n<meta property=\"og:type\" content=\"article\" \/>\n<meta property=\"og:title\" content=\"Application for University Studies in Sweden - Baccalaureate and OIB &#8211; Lyc\u00e9e Fran\u00e7ais Saint Louis de Stockholm\" \/>\n<meta property=\"og:description\" content=\"University studies in Sweden with a Baccalaureate diploma. You can apply to Swedish universities and colleges with a French Baccalaureate. You just need to prove that you have the right qualifications in Swedish. Information from the admission unit (in Swedish) University studies in Sweden with the Option Internationale du Baccalaur\u00e9at (OIB) You can apply to ... Read more\" \/>\n<meta property=\"og:url\" content=\"https:\/\/www.lfsl.net\/en\/application-for-university-studies-in-sweden-baccalaureate-and-oib\/\" \/>\n<meta property=\"og:site_name\" content=\"Lyc\u00e9e Fran\u00e7ais Saint Louis de Stockholm\" \/>\n<meta property=\"article:publisher\" content=\"https:\/\/www.facebook.com\/Lyc%c3%a9e-Francais-Saint-Louis-182116921840529\/\" \/>\n<meta property=\"article:modified_time\" content=\"2021-09-23T12:09:27+00:00\" \/>\n<meta property=\"og:image\" content=\"https:\/\/www.lfsl.net\/wp-content\/uploads\/2020\/03\/lsfl_logo-minimal_crop.jpg\" \/>\n\t<meta property=\"og:image:width\" content=\"1440\" \/>\n\t<meta property=\"og:image:height\" content=\"810\" \/>\n\t<meta property=\"og:image:type\" content=\"image\/jpeg\" \/>\n<meta name=\"twitter:card\" content=\"summary_large_image\" \/>\n<script type=\"application\/ld+json\" class=\"yoast-schema-graph\">{\"@context\":\"https:\\\/\\\/schema.org\",\"@graph\":[{\"@type\":\"WebPage\",\"@id\":\"https:\\\/\\\/www.lfsl.net\\\/en\\\/application-for-university-studies-in-sweden-baccalaureate-and-oib\\\/\",\"url\":\"https:\\\/\\\/www.lfsl.net\\\/en\\\/application-for-university-studies-in-sweden-baccalaureate-and-oib\\\/\",\"name\":\"Application for University Studies in Sweden - Baccalaureate and OIB &#8211; Lyc\u00e9e Fran\u00e7ais Saint Louis de Stockholm\",\"isPartOf\":{\"@id\":\"https:\\\/\\\/www.lfsl.net\\\/en\\\/#website\"},\"datePublished\":\"2019-11-26T10:45:13+00:00\",\"dateModified\":\"2021-09-23T12:09:27+00:00\",\"breadcrumb\":{\"@id\":\"https:\\\/\\\/www.lfsl.net\\\/en\\\/application-for-university-studies-in-sweden-baccalaureate-and-oib\\\/#breadcrumb\"},\"inLanguage\":\"en-US\",\"potentialAction\":[{\"@type\":\"ReadAction\",\"target\":[\"https:\\\/\\\/www.lfsl.net\\\/en\\\/application-for-university-studies-in-sweden-baccalaureate-and-oib\\\/\"]}]},{\"@type\":\"BreadcrumbList\",\"@id\":\"https:\\\/\\\/www.lfsl.net\\\/en\\\/application-for-university-studies-in-sweden-baccalaureate-and-oib\\\/#breadcrumb\",\"itemListElement\":[{\"@type\":\"ListItem\",\"position\":1,\"name\":\"Home\",\"item\":\"https:\\\/\\\/www.lfsl.net\\\/en\\\/\"},{\"@type\":\"ListItem\",\"position\":2,\"name\":\"Application for University Studies in Sweden &#8211; Baccalaureate and OIB\"}]},{\"@type\":\"WebSite\",\"@id\":\"https:\\\/\\\/www.lfsl.net\\\/en\\\/#website\",\"url\":\"https:\\\/\\\/www.lfsl.net\\\/en\\\/\",\"name\":\"Lyc\u00e9e Fran\u00e7ais Saint Louis de Stockholm\",\"description\":\"\u00c9tablissement membre du r\u00e9seau AEFE\",\"publisher\":{\"@id\":\"https:\\\/\\\/www.lfsl.net\\\/en\\\/#organization\"},\"potentialAction\":[{\"@type\":\"SearchAction\",\"target\":{\"@type\":\"EntryPoint\",\"urlTemplate\":\"https:\\\/\\\/www.lfsl.net\\\/en\\\/?s={search_term_string}\"},\"query-input\":{\"@type\":\"PropertyValueSpecification\",\"valueRequired\":true,\"valueName\":\"search_term_string\"}}],\"inLanguage\":\"en-US\"},{\"@type\":\"Organization\",\"@id\":\"https:\\\/\\\/www.lfsl.net\\\/en\\\/#organization\",\"name\":\"Lyc\u00e9e Fran\u00e7ais Saint Louis\",\"url\":\"https:\\\/\\\/www.lfsl.net\\\/en\\\/\",\"logo\":{\"@type\":\"ImageObject\",\"inLanguage\":\"en-US\",\"@id\":\"https:\\\/\\\/www.lfsl.net\\\/en\\\/#\\\/schema\\\/logo\\\/image\\\/\",\"url\":\"https:\\\/\\\/www.lfsl.net\\\/wp-content\\\/uploads\\\/2021\\\/03\\\/LFSL-logo.jpg\",\"contentUrl\":\"https:\\\/\\\/www.lfsl.net\\\/wp-content\\\/uploads\\\/2021\\\/03\\\/LFSL-logo.jpg\",\"width\":330,\"height\":473,\"caption\":\"Lyc\u00e9e Fran\u00e7ais Saint Louis\"},\"image\":{\"@id\":\"https:\\\/\\\/www.lfsl.net\\\/en\\\/#\\\/schema\\\/logo\\\/image\\\/\"},\"sameAs\":[\"https:\\\/\\\/www.facebook.com\\\/Lyc\u00e9e-Francais-Saint-Louis-182116921840529\\\/\",\"https:\\\/\\\/www.instagram.com\\\/lyceefrancaisstockholm\\\/\",\"https:\\\/\\\/www.linkedin.com\\\/school\\\/lfsl\\\/\",\"https:\\\/\\\/www.youtube.com\\\/channel\\\/UCchS4IO4jE_YY0ILwn5NgGQ\"]}]}<\/script>\n<!-- \/ Yoast SEO plugin. -->","yoast_head_json":{"title":"Application for University Studies in Sweden - Baccalaureate and OIB &#8211; Lyc\u00e9e Fran\u00e7ais Saint Louis de Stockholm","robots":{"index":"index","follow":"follow","max-snippet":"max-snippet:-1","max-image-preview":"max-image-preview:large","max-video-preview":"max-video-preview:-1"},"canonical":"https:\/\/www.lfsl.net\/en\/application-for-university-studies-in-sweden-baccalaureate-and-oib\/","og_locale":"en_US","og_type":"article","og_title":"Application for University Studies in Sweden - Baccalaureate and OIB &#8211; Lyc\u00e9e Fran\u00e7ais Saint Louis de Stockholm","og_description":"University studies in Sweden with a Baccalaureate diploma. You can apply to Swedish universities and colleges with a French Baccalaureate. You just need to prove that you have the right qualifications in Swedish. Information from the admission unit (in Swedish) University studies in Sweden with the Option Internationale du Baccalaur\u00e9at (OIB) You can apply to ... Read more","og_url":"https:\/\/www.lfsl.net\/en\/application-for-university-studies-in-sweden-baccalaureate-and-oib\/","og_site_name":"Lyc\u00e9e Fran\u00e7ais Saint Louis de Stockholm","article_publisher":"https:\/\/www.facebook.com\/Lyc%c3%a9e-Francais-Saint-Louis-182116921840529\/","article_modified_time":"2021-09-23T12:09:27+00:00","og_image":[{"width":1440,"height":810,"url":"https:\/\/www.lfsl.net\/wp-content\/uploads\/2020\/03\/lsfl_logo-minimal_crop.jpg","type":"image\/jpeg"}],"twitter_card":"summary_large_image","schema":{"@context":"https:\/\/schema.org","@graph":[{"@type":"WebPage","@id":"https:\/\/www.lfsl.net\/en\/application-for-university-studies-in-sweden-baccalaureate-and-oib\/","url":"https:\/\/www.lfsl.net\/en\/application-for-university-studies-in-sweden-baccalaureate-and-oib\/","name":"Application for University Studies in Sweden - Baccalaureate and OIB &#8211; Lyc\u00e9e Fran\u00e7ais Saint Louis de Stockholm","isPartOf":{"@id":"https:\/\/www.lfsl.net\/en\/#website"},"datePublished":"2019-11-26T10:45:13+00:00","dateModified":"2021-09-23T12:09:27+00:00","breadcrumb":{"@id":"https:\/\/www.lfsl.net\/en\/application-for-university-studies-in-sweden-baccalaureate-and-oib\/#breadcrumb"},"inLanguage":"en-US","potentialAction":[{"@type":"ReadAction","target":["https:\/\/www.lfsl.net\/en\/application-for-university-studies-in-sweden-baccalaureate-and-oib\/"]}]},{"@type":"BreadcrumbList","@id":"https:\/\/www.lfsl.net\/en\/application-for-university-studies-in-sweden-baccalaureate-and-oib\/#breadcrumb","itemListElement":[{"@type":"ListItem","position":1,"name":"Home","item":"https:\/\/www.lfsl.net\/en\/"},{"@type":"ListItem","position":2,"name":"Application for University Studies in Sweden &#8211; Baccalaureate and OIB"}]},{"@type":"WebSite","@id":"https:\/\/www.lfsl.net\/en\/#website","url":"https:\/\/www.lfsl.net\/en\/","name":"Lyc\u00e9e Fran\u00e7ais Saint Louis de Stockholm","description":"\u00c9tablissement membre du r\u00e9seau AEFE","publisher":{"@id":"https:\/\/www.lfsl.net\/en\/#organization"},"potentialAction":[{"@type":"SearchAction","target":{"@type":"EntryPoint","urlTemplate":"https:\/\/www.lfsl.net\/en\/?s={search_term_string}"},"query-input":{"@type":"PropertyValueSpecification","valueRequired":true,"valueName":"search_term_string"}}],"inLanguage":"en-US"},{"@type":"Organization","@id":"https:\/\/www.lfsl.net\/en\/#organization","name":"Lyc\u00e9e Fran\u00e7ais Saint Louis","url":"https:\/\/www.lfsl.net\/en\/","logo":{"@type":"ImageObject","inLanguage":"en-US","@id":"https:\/\/www.lfsl.net\/en\/#\/schema\/logo\/image\/","url":"https:\/\/www.lfsl.net\/wp-content\/uploads\/2021\/03\/LFSL-logo.jpg","contentUrl":"https:\/\/www.lfsl.net\/wp-content\/uploads\/2021\/03\/LFSL-logo.jpg","width":330,"height":473,"caption":"Lyc\u00e9e Fran\u00e7ais Saint Louis"},"image":{"@id":"https:\/\/www.lfsl.net\/en\/#\/schema\/logo\/image\/"},"sameAs":["https:\/\/www.facebook.com\/Lyc\u00e9e-Francais-Saint-Louis-182116921840529\/","https:\/\/www.instagram.com\/lyceefrancaisstockholm\/","https:\/\/www.linkedin.com\/school\/lfsl\/","https:\/\/www.youtube.com\/channel\/UCchS4IO4jE_YY0ILwn5NgGQ"]}]}},"_links":{"self":[{"href":"https:\/\/www.lfsl.net\/en\/wp-json\/wp\/v2\/pages\/5510","targetHints":{"allow":["GET"]}}],"collection":[{"href":"https:\/\/www.lfsl.net\/en\/wp-json\/wp\/v2\/pages"}],"about":[{"href":"https:\/\/www.lfsl.net\/en\/wp-json\/wp\/v2\/types\/page"}],"author":[{"embeddable":true,"href":"https:\/\/www.lfsl.net\/en\/wp-json\/wp\/v2\/users\/1"}],"replies":[{"embeddable":true,"href":"https:\/\/www.lfsl.net\/en\/wp-json\/wp\/v2\/comments?post=5510"}],"version-history":[{"count":17,"href":"https:\/\/www.lfsl.net\/en\/wp-json\/wp\/v2\/pages\/5510\/revisions"}],"predecessor-version":[{"id":11883,"href":"https:\/\/www.lfsl.net\/en\/wp-json\/wp\/v2\/pages\/5510\/revisions\/11883"}],"wp:attachment":[{"href":"https:\/\/www.lfsl.net\/en\/wp-json\/wp\/v2\/media?parent=5510"}],"curies":[{"name":"wp","href":"https:\/\/api.w.org\/{rel}","templated":true}]}}