{"id":5532,"date":"2019-11-26T10:46:12","date_gmt":"2019-11-26T10:46:12","guid":{"rendered":"https:\/\/www.lfsl.net\/?page_id=5532"},"modified":"2021-09-24T09:17:21","modified_gmt":"2021-09-24T09:17:21","slug":"application-for-university-studies-in-sweden-gymnasieexamen","status":"publish","type":"page","link":"https:\/\/www.lfsl.net\/en\/application-for-university-studies-in-sweden-gymnasieexamen\/","title":{"rendered":"Application for University Studies in Sweden &#8211; &#8220;Gymnasieexamen&#8221;"},"content":{"rendered":"\n<p>To make an application, you need to create an account at the <a href=\"https:\/\/www.universityadmissions.se\/intl\/start\">Admissions Unit<\/a>.<\/p>\n\n\n\n<p>Upload \/ send in the grades received during the &#8220;C\u00e9r\u00e9monie des casquettes&#8221; within the designated time (around June 20).<\/p>\n\n\n\n<p>The students who receive a Gymnasieexamen can decide for themselves which exam to use in the application.<\/p>\n\n\n\n<p>Even if you decide to apply to a university \/ college with your French BAC (before July 5), it is good to submit your Gymnasieexamen. As you have not yet got the results from your BAC, it gives you two possibilities.<\/p>\n\n\n\n<p>If you want to apply with your BAC results, you must write a letter to the Admissions Service and tell them*. You upload the letter the same way<br> you upload your grades. Email them the same letter. Do not submit the letter until you have uploaded all the documents that you want to upload,<br> i.e. both the &#8220;Gymnasieexamen&#8221;, the French baccalaureate, and any other diplomas.<\/p>\n\n\n\n<p>If you should have any problems with the Admissions Unit on this matter, please insist and refer to their <a href=\"https:\/\/www.antagning.se\/sv\/dina-betyg\/gymnasieskolan\/tyska-och-franska-skolan\/\">website.<\/a><\/p>\n\n\n\n<p>If you would discover later that they have used your Gymnasieexamen, even though you have asked them to use your French Baccalaureate, and you, because of that, was refused a place, you have the right to appeal. You do this directly at the Admissions Unit.<\/p>\n\n\n\n<p>*Only necessary if you have uploaded \/ submitted your &#8220;Gymnasieexamen&#8221;.<br><\/p>\n\n\n\n<h3 class=\"wp-block-heading\">Selection<\/h3>\n\n\n\n<p>Follow this <a href=\"https:\/\/antagning.se\/sv\/anmal-dig-och-hall-koll\/platsfordelning-och-urval\/\" target=\"_blank\" rel=\"noreferrer noopener\">link <\/a>for information about the selection on the University admissions home page.<\/p>\n\n\n\n<h3 class=\"wp-block-heading\">Expanded PROGRAM<br><\/h3>\n\n\n\n<p>You need to have at 2 500 points or more (and at least the grade E in 2 250 points) to get a &#8220;Gymnasieexamen&#8221;.<\/p>\n\n\n\n<p>The students at the LFSL get more points than that (2600-3200 depending on the series and other options), which is called an expanded program. <\/p>\n\n\n\n<p>The points that are above 2 500 are called expanded courses. In the diploma, there is a U next to the courses that are considered to be the expanded ones.  Those courses are only taken into consideration if they are necessary for a specific program, or if they give you &#8220;meritpo\u00e4ng&#8221; (merit).<\/p>\n\n\n\n<p><\/p>\n","protected":false},"excerpt":{"rendered":"<p>To make an application, you need to create an account at the Admissions Unit. Upload \/ send in the grades received during the &#8220;C\u00e9r\u00e9monie des casquettes&#8221; within the designated time (around June 20). The students who receive a Gymnasieexamen can decide for themselves which exam to use in the application. Even if you decide to &#8230; <\/p>\n<p class=\"read-more-container\"><a title=\"Application for University Studies in Sweden &#8211; &#8220;Gymnasieexamen&#8221;\" class=\"read-more button\" href=\"https:\/\/www.lfsl.net\/en\/application-for-university-studies-in-sweden-gymnasieexamen\/#more-5532\" aria-label=\"Read more about Application for University Studies in Sweden &#8211; &#8220;Gymnasieexamen&#8221;\">Read more<\/a><\/p>\n","protected":false},"author":3,"featured_media":0,"parent":0,"menu_order":0,"comment_status":"closed","ping_status":"closed","template":"","meta":{"footnotes":""},"class_list":["post-5532","page","type-page","status-publish"],"yoast_head":"<!-- This site is optimized with the Yoast SEO plugin v27.4 - https:\/\/yoast.com\/product\/yoast-seo-wordpress\/ -->\n<title>Application for University Studies in Sweden - &quot;Gymnasieexamen&quot; &#8211; Lyc\u00e9e Fran\u00e7ais Saint Louis de Stockholm<\/title>\n<meta name=\"robots\" content=\"index, follow, max-snippet:-1, max-image-preview:large, max-video-preview:-1\" \/>\n<link rel=\"canonical\" href=\"https:\/\/www.lfsl.net\/en\/application-for-university-studies-in-sweden-gymnasieexamen\/\" \/>\n<meta property=\"og:locale\" content=\"en_US\" \/>\n<meta property=\"og:type\" content=\"article\" \/>\n<meta property=\"og:title\" content=\"Application for University Studies in Sweden - &quot;Gymnasieexamen&quot; &#8211; Lyc\u00e9e Fran\u00e7ais Saint Louis de Stockholm\" \/>\n<meta property=\"og:description\" content=\"To make an application, you need to create an account at the Admissions Unit. Upload \/ send in the grades received during the &#8220;C\u00e9r\u00e9monie des casquettes&#8221; within the designated time (around June 20). The students who receive a Gymnasieexamen can decide for themselves which exam to use in the application. Even if you decide to ... Read more\" \/>\n<meta property=\"og:url\" content=\"https:\/\/www.lfsl.net\/en\/application-for-university-studies-in-sweden-gymnasieexamen\/\" \/>\n<meta property=\"og:site_name\" content=\"Lyc\u00e9e Fran\u00e7ais Saint Louis de Stockholm\" \/>\n<meta property=\"article:publisher\" content=\"https:\/\/www.facebook.com\/Lyc%c3%a9e-Francais-Saint-Louis-182116921840529\/\" \/>\n<meta property=\"article:modified_time\" content=\"2021-09-24T09:17:21+00:00\" \/>\n<meta property=\"og:image\" content=\"https:\/\/www.lfsl.net\/wp-content\/uploads\/2020\/03\/lsfl_logo-minimal_crop.jpg\" \/>\n\t<meta property=\"og:image:width\" content=\"1440\" \/>\n\t<meta property=\"og:image:height\" content=\"810\" \/>\n\t<meta property=\"og:image:type\" content=\"image\/jpeg\" \/>\n<meta name=\"twitter:card\" content=\"summary_large_image\" \/>\n<script type=\"application\/ld+json\" class=\"yoast-schema-graph\">{\"@context\":\"https:\\\/\\\/schema.org\",\"@graph\":[{\"@type\":\"WebPage\",\"@id\":\"https:\\\/\\\/www.lfsl.net\\\/en\\\/application-for-university-studies-in-sweden-gymnasieexamen\\\/\",\"url\":\"https:\\\/\\\/www.lfsl.net\\\/en\\\/application-for-university-studies-in-sweden-gymnasieexamen\\\/\",\"name\":\"Application for University Studies in Sweden - \\\"Gymnasieexamen\\\" &#8211; Lyc\u00e9e Fran\u00e7ais Saint Louis de Stockholm\",\"isPartOf\":{\"@id\":\"https:\\\/\\\/www.lfsl.net\\\/en\\\/#website\"},\"datePublished\":\"2019-11-26T10:46:12+00:00\",\"dateModified\":\"2021-09-24T09:17:21+00:00\",\"breadcrumb\":{\"@id\":\"https:\\\/\\\/www.lfsl.net\\\/en\\\/application-for-university-studies-in-sweden-gymnasieexamen\\\/#breadcrumb\"},\"inLanguage\":\"en-US\",\"potentialAction\":[{\"@type\":\"ReadAction\",\"target\":[\"https:\\\/\\\/www.lfsl.net\\\/en\\\/application-for-university-studies-in-sweden-gymnasieexamen\\\/\"]}]},{\"@type\":\"BreadcrumbList\",\"@id\":\"https:\\\/\\\/www.lfsl.net\\\/en\\\/application-for-university-studies-in-sweden-gymnasieexamen\\\/#breadcrumb\",\"itemListElement\":[{\"@type\":\"ListItem\",\"position\":1,\"name\":\"Home\",\"item\":\"https:\\\/\\\/www.lfsl.net\\\/en\\\/\"},{\"@type\":\"ListItem\",\"position\":2,\"name\":\"Application for University Studies in Sweden &#8211; &#8220;Gymnasieexamen&#8221;\"}]},{\"@type\":\"WebSite\",\"@id\":\"https:\\\/\\\/www.lfsl.net\\\/en\\\/#website\",\"url\":\"https:\\\/\\\/www.lfsl.net\\\/en\\\/\",\"name\":\"Lyc\u00e9e Fran\u00e7ais Saint Louis de Stockholm\",\"description\":\"\u00c9tablissement membre du r\u00e9seau AEFE\",\"publisher\":{\"@id\":\"https:\\\/\\\/www.lfsl.net\\\/en\\\/#organization\"},\"potentialAction\":[{\"@type\":\"SearchAction\",\"target\":{\"@type\":\"EntryPoint\",\"urlTemplate\":\"https:\\\/\\\/www.lfsl.net\\\/en\\\/?s={search_term_string}\"},\"query-input\":{\"@type\":\"PropertyValueSpecification\",\"valueRequired\":true,\"valueName\":\"search_term_string\"}}],\"inLanguage\":\"en-US\"},{\"@type\":\"Organization\",\"@id\":\"https:\\\/\\\/www.lfsl.net\\\/en\\\/#organization\",\"name\":\"Lyc\u00e9e Fran\u00e7ais Saint Louis\",\"url\":\"https:\\\/\\\/www.lfsl.net\\\/en\\\/\",\"logo\":{\"@type\":\"ImageObject\",\"inLanguage\":\"en-US\",\"@id\":\"https:\\\/\\\/www.lfsl.net\\\/en\\\/#\\\/schema\\\/logo\\\/image\\\/\",\"url\":\"https:\\\/\\\/www.lfsl.net\\\/wp-content\\\/uploads\\\/2021\\\/03\\\/LFSL-logo.jpg\",\"contentUrl\":\"https:\\\/\\\/www.lfsl.net\\\/wp-content\\\/uploads\\\/2021\\\/03\\\/LFSL-logo.jpg\",\"width\":330,\"height\":473,\"caption\":\"Lyc\u00e9e Fran\u00e7ais Saint Louis\"},\"image\":{\"@id\":\"https:\\\/\\\/www.lfsl.net\\\/en\\\/#\\\/schema\\\/logo\\\/image\\\/\"},\"sameAs\":[\"https:\\\/\\\/www.facebook.com\\\/Lyc\u00e9e-Francais-Saint-Louis-182116921840529\\\/\",\"https:\\\/\\\/www.instagram.com\\\/lyceefrancaisstockholm\\\/\",\"https:\\\/\\\/www.linkedin.com\\\/school\\\/lfsl\\\/\",\"https:\\\/\\\/www.youtube.com\\\/channel\\\/UCchS4IO4jE_YY0ILwn5NgGQ\"]}]}<\/script>\n<!-- \/ Yoast SEO plugin. -->","yoast_head_json":{"title":"Application for University Studies in Sweden - \"Gymnasieexamen\" &#8211; Lyc\u00e9e Fran\u00e7ais Saint Louis de Stockholm","robots":{"index":"index","follow":"follow","max-snippet":"max-snippet:-1","max-image-preview":"max-image-preview:large","max-video-preview":"max-video-preview:-1"},"canonical":"https:\/\/www.lfsl.net\/en\/application-for-university-studies-in-sweden-gymnasieexamen\/","og_locale":"en_US","og_type":"article","og_title":"Application for University Studies in Sweden - \"Gymnasieexamen\" &#8211; Lyc\u00e9e Fran\u00e7ais Saint Louis de Stockholm","og_description":"To make an application, you need to create an account at the Admissions Unit. Upload \/ send in the grades received during the &#8220;C\u00e9r\u00e9monie des casquettes&#8221; within the designated time (around June 20). The students who receive a Gymnasieexamen can decide for themselves which exam to use in the application. Even if you decide to ... Read more","og_url":"https:\/\/www.lfsl.net\/en\/application-for-university-studies-in-sweden-gymnasieexamen\/","og_site_name":"Lyc\u00e9e Fran\u00e7ais Saint Louis de Stockholm","article_publisher":"https:\/\/www.facebook.com\/Lyc%c3%a9e-Francais-Saint-Louis-182116921840529\/","article_modified_time":"2021-09-24T09:17:21+00:00","og_image":[{"width":1440,"height":810,"url":"https:\/\/www.lfsl.net\/wp-content\/uploads\/2020\/03\/lsfl_logo-minimal_crop.jpg","type":"image\/jpeg"}],"twitter_card":"summary_large_image","schema":{"@context":"https:\/\/schema.org","@graph":[{"@type":"WebPage","@id":"https:\/\/www.lfsl.net\/en\/application-for-university-studies-in-sweden-gymnasieexamen\/","url":"https:\/\/www.lfsl.net\/en\/application-for-university-studies-in-sweden-gymnasieexamen\/","name":"Application for University Studies in Sweden - \"Gymnasieexamen\" &#8211; Lyc\u00e9e Fran\u00e7ais Saint Louis de Stockholm","isPartOf":{"@id":"https:\/\/www.lfsl.net\/en\/#website"},"datePublished":"2019-11-26T10:46:12+00:00","dateModified":"2021-09-24T09:17:21+00:00","breadcrumb":{"@id":"https:\/\/www.lfsl.net\/en\/application-for-university-studies-in-sweden-gymnasieexamen\/#breadcrumb"},"inLanguage":"en-US","potentialAction":[{"@type":"ReadAction","target":["https:\/\/www.lfsl.net\/en\/application-for-university-studies-in-sweden-gymnasieexamen\/"]}]},{"@type":"BreadcrumbList","@id":"https:\/\/www.lfsl.net\/en\/application-for-university-studies-in-sweden-gymnasieexamen\/#breadcrumb","itemListElement":[{"@type":"ListItem","position":1,"name":"Home","item":"https:\/\/www.lfsl.net\/en\/"},{"@type":"ListItem","position":2,"name":"Application for University Studies in Sweden &#8211; &#8220;Gymnasieexamen&#8221;"}]},{"@type":"WebSite","@id":"https:\/\/www.lfsl.net\/en\/#website","url":"https:\/\/www.lfsl.net\/en\/","name":"Lyc\u00e9e Fran\u00e7ais Saint Louis de Stockholm","description":"\u00c9tablissement membre du r\u00e9seau AEFE","publisher":{"@id":"https:\/\/www.lfsl.net\/en\/#organization"},"potentialAction":[{"@type":"SearchAction","target":{"@type":"EntryPoint","urlTemplate":"https:\/\/www.lfsl.net\/en\/?s={search_term_string}"},"query-input":{"@type":"PropertyValueSpecification","valueRequired":true,"valueName":"search_term_string"}}],"inLanguage":"en-US"},{"@type":"Organization","@id":"https:\/\/www.lfsl.net\/en\/#organization","name":"Lyc\u00e9e Fran\u00e7ais Saint Louis","url":"https:\/\/www.lfsl.net\/en\/","logo":{"@type":"ImageObject","inLanguage":"en-US","@id":"https:\/\/www.lfsl.net\/en\/#\/schema\/logo\/image\/","url":"https:\/\/www.lfsl.net\/wp-content\/uploads\/2021\/03\/LFSL-logo.jpg","contentUrl":"https:\/\/www.lfsl.net\/wp-content\/uploads\/2021\/03\/LFSL-logo.jpg","width":330,"height":473,"caption":"Lyc\u00e9e Fran\u00e7ais Saint Louis"},"image":{"@id":"https:\/\/www.lfsl.net\/en\/#\/schema\/logo\/image\/"},"sameAs":["https:\/\/www.facebook.com\/Lyc\u00e9e-Francais-Saint-Louis-182116921840529\/","https:\/\/www.instagram.com\/lyceefrancaisstockholm\/","https:\/\/www.linkedin.com\/school\/lfsl\/","https:\/\/www.youtube.com\/channel\/UCchS4IO4jE_YY0ILwn5NgGQ"]}]}},"_links":{"self":[{"href":"https:\/\/www.lfsl.net\/en\/wp-json\/wp\/v2\/pages\/5532","targetHints":{"allow":["GET"]}}],"collection":[{"href":"https:\/\/www.lfsl.net\/en\/wp-json\/wp\/v2\/pages"}],"about":[{"href":"https:\/\/www.lfsl.net\/en\/wp-json\/wp\/v2\/types\/page"}],"author":[{"embeddable":true,"href":"https:\/\/www.lfsl.net\/en\/wp-json\/wp\/v2\/users\/3"}],"replies":[{"embeddable":true,"href":"https:\/\/www.lfsl.net\/en\/wp-json\/wp\/v2\/comments?post=5532"}],"version-history":[{"count":16,"href":"https:\/\/www.lfsl.net\/en\/wp-json\/wp\/v2\/pages\/5532\/revisions"}],"predecessor-version":[{"id":11892,"href":"https:\/\/www.lfsl.net\/en\/wp-json\/wp\/v2\/pages\/5532\/revisions\/11892"}],"wp:attachment":[{"href":"https:\/\/www.lfsl.net\/en\/wp-json\/wp\/v2\/media?parent=5532"}],"curies":[{"name":"wp","href":"https:\/\/api.w.org\/{rel}","templated":true}]}}