{"id":5656,"date":"2019-11-26T10:47:35","date_gmt":"2019-11-26T10:47:35","guid":{"rendered":"https:\/\/www.lfsl.net\/?page_id=5656"},"modified":"2022-01-21T15:00:35","modified_gmt":"2022-01-21T15:00:35","slug":"equity-university-studies-in-sweden","status":"publish","type":"page","link":"https:\/\/www.lfsl.net\/en\/equity-university-studies-in-sweden\/","title":{"rendered":"Equity &#8211; university studies in Sweden"},"content":{"rendered":"\n<p>To be eligible to apply with foreign grades for a Swedish university education, you must have <\/p>\n\n\n\n<ul class=\"wp-block-list\"><li>basic qualifications<\/li><li>knowledge of Swedish, English and Mathematics<\/li><li>special eligibility<\/li><\/ul>\n\n\n\n<h3 class=\"wp-block-heading\">Basic qualifications<\/h3>\n\n\n\n<p>The foreign upper secondary education must be university preparatory (which all programs at Lyc\u00e9e Fran\u00e7ais are). You must have a diploma showing that the education is completed.<\/p>\n\n\n\n<div class=\"wp-block-columns has-2-columns is-layout-flex wp-container-core-columns-is-layout-9d6595d7 wp-block-columns-is-layout-flex\">\n<div class=\"wp-block-column is-layout-flow wp-block-column-is-layout-flow\">\n<p class=\"has-text-align-center\"><strong>BACCALAUR\u00c9AT<\/strong><\/p>\n<\/div>\n\n\n\n<div class=\"wp-block-column is-layout-flow wp-block-column-is-layout-flow\">\n<p class=\"has-text-align-center\"><strong>OIB<\/strong><\/p>\n<\/div>\n<\/div>\n\n\n\n<div class=\"wp-block-columns has-2-columns is-layout-flex wp-container-core-columns-is-layout-9d6595d7 wp-block-columns-is-layout-flex\">\n<div class=\"wp-block-column is-layout-flow wp-block-column-is-layout-flow\">\n<p><strong>Knowledge of Swedish, English and Mathematics<\/strong><\/p>\n<\/div>\n\n\n\n<div class=\"wp-block-column is-layout-flow wp-block-column-is-layout-flow\">\n<p><strong>Knowledge of Swedish, English and Mathematics<\/strong><\/p>\n<\/div>\n<\/div>\n\n\n\n<div class=\"wp-block-columns has-2-columns is-layout-flex wp-container-core-columns-is-layout-9d6595d7 wp-block-columns-is-layout-flex\">\n<div class=\"wp-block-column is-layout-flow wp-block-column-is-layout-flow\">\n<p><strong>Swedish\ufeff<\/strong><\/p>\n<\/div>\n\n\n\n<div class=\"wp-block-column is-layout-flow wp-block-column-is-layout-flow\">\n<p><strong>Swedish\ufeff<\/strong><\/p>\n<\/div>\n<\/div>\n\n\n\n<div class=\"wp-block-columns has-2-columns is-layout-flex wp-container-core-columns-is-layout-9d6595d7 wp-block-columns-is-layout-flex\">\n<div class=\"wp-block-column is-layout-flow wp-block-column-is-layout-flow\">\n<p>You need to have a corresponding approved level of the course &#8220;Svenska 3&#8221; or &#8220;Svenska som andraspr\u00e5k 3&#8221; (Swedish as a second language 3) There are several ways to achieve that:<\/p>\n\n\n\n<ul class=\"wp-block-list\"><li>study &#8220;Svenska123&#8221; at the LFSL<\/li><li>take courses in &#8220;Svenska som andraspr\u00e5k&#8221; (Swedish as a second language) that you can enroll in after you have completed your Baccalaur\u00e9at. Contact your municipality&#8217;s adult education &#8211; Komvux &#8211; for more information.<\/li><li>take preparation courses in Swedish at the university. They have entrance tests to see the level. You must have passed your BAC and have studied  Swedish at least one semester at a school<\/li><li>Take a university exam called <em>Tisus<\/em>. This is a test aimed at those who have an international degree but don&#8217;t have a diploma in Swedish. This test is quite demanding and it is not uncommon to first have to take a Swedish course in order to have the chance to pass the test. <\/li><\/ul>\n\n\n\n<p><strong>English<\/strong><\/p>\n\n\n\n<p>You need to have at least 10\/20 in your Baccalaureate exam in English to be able to count English 6<\/p>\n\n\n\n<p>You also need to select <strong>English as LVA <\/strong>for it to count as English 6, otherwise it will be counted for as English 5.<\/p>\n\n\n\n<p><strong>Mathematics<\/strong><\/p>\n\n\n\n<p>You need to have at least 10\/20 in Mathematics on your Baccalaureate exam <\/p>\n\n\n\n<div class=\"wp-block-columns has-2-columns is-layout-flex wp-container-core-columns-is-layout-9d6595d7 wp-block-columns-is-layout-flex\">\n<div class=\"wp-block-column is-layout-flow wp-block-column-is-layout-flow\">\n<p><\/p>\n<\/div>\n\n\n\n<div class=\"wp-block-column is-layout-flow wp-block-column-is-layout-flow\"><\/div>\n<\/div>\n<\/div>\n\n\n\n<div class=\"wp-block-column is-layout-flow wp-block-column-is-layout-flow\">\n<p>You need to have at least 10\/20 on the exams that are included in the OIB.<\/p>\n\n\n\n<p><strong>English<\/strong><\/p>\n\n\n\n<p>You need to have at least 10\/20 in English on your Baccalaureate exam, to be able to count English 6.<\/p>\n\n\n\n<p><strong>Mathematics<\/strong><\/p>\n\n\n\n<p>You need to have at least 10\/20 in Mathematics on your Baccalaureate exam.<\/p>\n\n\n\n<hr class=\"wp-block-separator\"\/>\n\n\n\n<p class=\"has-text-align-center\"><strong>GYMNASIEEXAMEN<\/strong><\/p>\n\n\n\n<p>To obtain a Gymnasieexamen, you must have:<\/p>\n\n\n\n<ul class=\"wp-block-list\"><li>2500 credits (100 credits \/ subject and academic year) and have at least grade E in more than 2 250 high school credits   <\/li><li>of which you have at least grade E in the courses &#8220;Svenska\/ Svenska som andraspr\u00e5k 1, 2 och 3&#8221; , &#8220;Engelska 5 och 6&#8221;, as well as &#8220;Matematik 1&#8221;   <\/li><li>and an approved &#8220;Gymnasiearbete&#8221; (TPT)<\/li><\/ul>\n\n\n\n<p><strong>Extended Program  <\/strong><br><\/p>\n\n\n\n<p> You must have at least 2500 (and obtained grade E for at least 2 250 credits) in order to obtain a Gymnasieexamen. <\/p>\n\n\n\n<p>The students at LFSL have more (2600-3200 depending on the <em>s\u00e9rie <\/em>and the <em>options<\/em>), which is called an extended program. <\/p>\n\n\n\n<p>The credits that exceed 2500 are called extended courses. In the Gymnasieexamen they are marked with a U. These courses are only counted for if they are needed for the eligbility for a specific program, or if they give you <em>&#8220;meritpo\u00e4ng&#8221;<\/em>.<\/p>\n<\/div>\n<\/div>\n\n\n\n<hr class=\"wp-block-separator\"\/>\n\n\n\n<div class=\"wp-block-columns has-2-columns is-layout-flex wp-container-core-columns-is-layout-9d6595d7 wp-block-columns-is-layout-flex\">\n<div class=\"wp-block-column is-layout-flow wp-block-column-is-layout-flow\">\n<h3 class=\"wp-block-heading\">Special egibility &#8211; BAccalaur\u00e9at and OIB<\/h3>\n\n\n\n<p>In addition to the requirement for basic eligibility, many programs also have special prerequisites linked to the content of the program.<\/p>\n\n\n\n<p><\/p>\n\n\n\n<p>N.B.! You need to go to\u00a0<a href=\"https:\/\/www.antagning.se\/se\/start\">www.antagning.se<\/a>\u00a0to see what is demanded if you are interested in higher education in Sweden. For example, you need matematik 4, fysik 2, kemi 2 and biologi 2 to study to become a doctor, which you only can achieve with a gymnasieexamen NAT, at LFSL. Your french baccalaur\u00e9at, with or without OIB, won\u2019t be enough.<\/p>\n\n\n\n<hr class=\"wp-block-separator\"\/>\n<\/div>\n\n\n\n<div class=\"wp-block-column is-layout-flow wp-block-column-is-layout-flow\">\n<h3 class=\"wp-block-heading\">Special egibility &#8211; Gymnasieexamen<\/h3>\n\n\n\n<p>This means that you are required to have at least grade E in specific courses for different University programs.<\/p>\n\n\n\n<p>\n\nPDF \u2013&nbsp;<a href=\"https:\/\/drive.google.com\/file\/d\/0B37DZE8YF4BWYi10MlMyLWxFUDg\/view\" target=\"_blank\" rel=\"noreferrer noopener\">s\u00e4rskild beh\u00f6righet<\/a><\/p>\n<\/div>\n<\/div>\n\n\n\n<div class=\"wp-block-columns has-2-columns is-layout-flex wp-container-core-columns-is-layout-9d6595d7 wp-block-columns-is-layout-flex\">\n<div class=\"wp-block-column is-layout-flow wp-block-column-is-layout-flow\">\n<h3 class=\"wp-block-heading\">LVA and LVB &#8211; Swedish or English<\/h3>\n\n\n\n<p>LVA in English is the equivalent of English 6. LVA in Swedish has no equivalent. To be able to study in Sweden you must therefore choose English as LVA.<\/p>\n\n\n\n<hr class=\"wp-block-separator\"\/>\n\n\n\n<h3 class=\"wp-block-heading\">COURSES VALIDATED IN THE BACCALAURATE<\/h3>\n\n\n\n<p><a href=\"https:\/\/bedomningshandboken.uhr.se\/utlandska-gymnasiala\/alla-lander\/frankrike-fr.o.m.-2021\/\">Link to document<\/a><\/p>\n\n\n\n<hr class=\"wp-block-separator\"\/>\n\n\n\n<h3 class=\"wp-block-heading\">INformation concerning OIB from the university admissions<\/h3>\n\n\n\n<p>Baccalaur\u00e9at General, Baccalaur\u00e9at du Second Degree and Baccalaur\u00e9at de l&#8217;Enseignement de Second Degree can be studied with an international orientation: Option Internationale de Baccalaur\u00e9at (OIB) .<\/p>\n\n\n\n<p>Swedish is read as LVA and corresponds to Swedish 3. English is stated in the grade as LV2B but is tested as the first foreign language and corresponds to English 6. The social Science that is studied corresponds to Social Science 2 and history corresponds to History 2.<\/p>\n\n\n\n<p>The students at LFSL also study Social Science 3 during the SHS hours in Terminale.<\/p>\n<\/div>\n\n\n\n<div class=\"wp-block-column is-layout-flow wp-block-column-is-layout-flow\">\n<h3 class=\"wp-block-heading\">TOEFL<\/h3>\n\n\n\n<p>You upload your TOEFL test yourself. For the test to be verifiable, it must not be older than two years and you must also have made it available for UHR at ETS. UHR&#8217;s &#8220;Institution code&#8221; at ETS is 3477-Swedish Council for Higher Education. As a faculty or department you can specify an optional alternative. The document you need to upload is called <strong>Test Taker Score Report.<\/strong><\/p>\n\n\n\n<p>UHR does not accept TOEFL ITP.<\/p>\n\n\n\n<p><strong>Tests on paper<\/strong><\/p>\n\n\n\n<ul class=\"wp-block-list\"><li>For English 7: 4.5 points (out of a maximum of 6) on the written part and a total of 600 <\/li><li>For English 6: 4,5 points (out of a maximum of 6) on the written part and a total of 575<\/li><\/ul>\n\n\n\n<p><strong>Tests on internet<\/strong><\/p>\n\n\n\n<ul class=\"wp-block-list\"><li>For English 7: 20 points (out of a maximum of 30) on the written part and a total of 100<\/li><li>For English 6: 20 points (out of a maximum of 30) on the written part and a total of 90<\/li><\/ul>\n\n\n\n<p>A register extract like &#8220;Examinee Score Records&#8221; is not enough.<\/p>\n\n\n\n<p><a href=\"https:\/\/www.ets.org\/toefl\">https:\/\/www.ets.org\/toefl<\/a><\/p>\n<\/div>\n<\/div>\n","protected":false},"excerpt":{"rendered":"<p>To be eligible to apply with foreign grades for a Swedish university education, you must have basic qualifications knowledge of Swedish, English and Mathematics special eligibility Basic qualifications The foreign upper secondary education must be university preparatory (which all programs at Lyc\u00e9e Fran\u00e7ais are). You must have a diploma showing that the education is completed. &#8230; <\/p>\n<p class=\"read-more-container\"><a title=\"Equity &#8211; university studies in Sweden\" class=\"read-more button\" href=\"https:\/\/www.lfsl.net\/en\/equity-university-studies-in-sweden\/#more-5656\" aria-label=\"Read more about Equity &#8211; university studies in Sweden\">Read more<\/a><\/p>\n","protected":false},"author":3,"featured_media":0,"parent":0,"menu_order":0,"comment_status":"closed","ping_status":"closed","template":"","meta":{"footnotes":""},"class_list":["post-5656","page","type-page","status-publish"],"yoast_head":"<!-- This site is optimized with the Yoast SEO plugin v27.4 - https:\/\/yoast.com\/product\/yoast-seo-wordpress\/ -->\n<title>Equity - university studies in Sweden &#8211; Lyc\u00e9e Fran\u00e7ais Saint Louis de Stockholm<\/title>\n<meta name=\"robots\" content=\"index, follow, max-snippet:-1, max-image-preview:large, max-video-preview:-1\" \/>\n<link rel=\"canonical\" href=\"https:\/\/www.lfsl.net\/en\/equity-university-studies-in-sweden\/\" \/>\n<meta property=\"og:locale\" content=\"en_US\" \/>\n<meta property=\"og:type\" content=\"article\" \/>\n<meta property=\"og:title\" content=\"Equity - university studies in Sweden &#8211; Lyc\u00e9e Fran\u00e7ais Saint Louis de Stockholm\" \/>\n<meta property=\"og:description\" content=\"To be eligible to apply with foreign grades for a Swedish university education, you must have basic qualifications knowledge of Swedish, English and Mathematics special eligibility Basic qualifications The foreign upper secondary education must be university preparatory (which all programs at Lyc\u00e9e Fran\u00e7ais are). You must have a diploma showing that the education is completed. ... Read more\" \/>\n<meta property=\"og:url\" content=\"https:\/\/www.lfsl.net\/en\/equity-university-studies-in-sweden\/\" \/>\n<meta property=\"og:site_name\" content=\"Lyc\u00e9e Fran\u00e7ais Saint Louis de Stockholm\" \/>\n<meta property=\"article:publisher\" content=\"https:\/\/www.facebook.com\/Lyc%c3%a9e-Francais-Saint-Louis-182116921840529\/\" \/>\n<meta property=\"article:modified_time\" content=\"2022-01-21T15:00:35+00:00\" \/>\n<meta property=\"og:image\" content=\"https:\/\/www.lfsl.net\/wp-content\/uploads\/2020\/03\/lsfl_logo-minimal_crop.jpg\" \/>\n\t<meta property=\"og:image:width\" content=\"1440\" \/>\n\t<meta property=\"og:image:height\" content=\"810\" \/>\n\t<meta property=\"og:image:type\" content=\"image\/jpeg\" \/>\n<meta name=\"twitter:card\" content=\"summary_large_image\" \/>\n<script type=\"application\/ld+json\" class=\"yoast-schema-graph\">{\"@context\":\"https:\\\/\\\/schema.org\",\"@graph\":[{\"@type\":\"WebPage\",\"@id\":\"https:\\\/\\\/www.lfsl.net\\\/en\\\/equity-university-studies-in-sweden\\\/\",\"url\":\"https:\\\/\\\/www.lfsl.net\\\/en\\\/equity-university-studies-in-sweden\\\/\",\"name\":\"Equity - university studies in Sweden &#8211; Lyc\u00e9e Fran\u00e7ais Saint Louis de Stockholm\",\"isPartOf\":{\"@id\":\"https:\\\/\\\/www.lfsl.net\\\/en\\\/#website\"},\"datePublished\":\"2019-11-26T10:47:35+00:00\",\"dateModified\":\"2022-01-21T15:00:35+00:00\",\"breadcrumb\":{\"@id\":\"https:\\\/\\\/www.lfsl.net\\\/en\\\/equity-university-studies-in-sweden\\\/#breadcrumb\"},\"inLanguage\":\"en-US\",\"potentialAction\":[{\"@type\":\"ReadAction\",\"target\":[\"https:\\\/\\\/www.lfsl.net\\\/en\\\/equity-university-studies-in-sweden\\\/\"]}]},{\"@type\":\"BreadcrumbList\",\"@id\":\"https:\\\/\\\/www.lfsl.net\\\/en\\\/equity-university-studies-in-sweden\\\/#breadcrumb\",\"itemListElement\":[{\"@type\":\"ListItem\",\"position\":1,\"name\":\"Home\",\"item\":\"https:\\\/\\\/www.lfsl.net\\\/en\\\/\"},{\"@type\":\"ListItem\",\"position\":2,\"name\":\"Equity &#8211; university studies in Sweden\"}]},{\"@type\":\"WebSite\",\"@id\":\"https:\\\/\\\/www.lfsl.net\\\/en\\\/#website\",\"url\":\"https:\\\/\\\/www.lfsl.net\\\/en\\\/\",\"name\":\"Lyc\u00e9e Fran\u00e7ais Saint Louis de Stockholm\",\"description\":\"\u00c9tablissement membre du r\u00e9seau AEFE\",\"publisher\":{\"@id\":\"https:\\\/\\\/www.lfsl.net\\\/en\\\/#organization\"},\"potentialAction\":[{\"@type\":\"SearchAction\",\"target\":{\"@type\":\"EntryPoint\",\"urlTemplate\":\"https:\\\/\\\/www.lfsl.net\\\/en\\\/?s={search_term_string}\"},\"query-input\":{\"@type\":\"PropertyValueSpecification\",\"valueRequired\":true,\"valueName\":\"search_term_string\"}}],\"inLanguage\":\"en-US\"},{\"@type\":\"Organization\",\"@id\":\"https:\\\/\\\/www.lfsl.net\\\/en\\\/#organization\",\"name\":\"Lyc\u00e9e Fran\u00e7ais Saint Louis\",\"url\":\"https:\\\/\\\/www.lfsl.net\\\/en\\\/\",\"logo\":{\"@type\":\"ImageObject\",\"inLanguage\":\"en-US\",\"@id\":\"https:\\\/\\\/www.lfsl.net\\\/en\\\/#\\\/schema\\\/logo\\\/image\\\/\",\"url\":\"https:\\\/\\\/www.lfsl.net\\\/wp-content\\\/uploads\\\/2021\\\/03\\\/LFSL-logo.jpg\",\"contentUrl\":\"https:\\\/\\\/www.lfsl.net\\\/wp-content\\\/uploads\\\/2021\\\/03\\\/LFSL-logo.jpg\",\"width\":330,\"height\":473,\"caption\":\"Lyc\u00e9e Fran\u00e7ais Saint Louis\"},\"image\":{\"@id\":\"https:\\\/\\\/www.lfsl.net\\\/en\\\/#\\\/schema\\\/logo\\\/image\\\/\"},\"sameAs\":[\"https:\\\/\\\/www.facebook.com\\\/Lyc\u00e9e-Francais-Saint-Louis-182116921840529\\\/\",\"https:\\\/\\\/www.instagram.com\\\/lyceefrancaisstockholm\\\/\",\"https:\\\/\\\/www.linkedin.com\\\/school\\\/lfsl\\\/\",\"https:\\\/\\\/www.youtube.com\\\/channel\\\/UCchS4IO4jE_YY0ILwn5NgGQ\"]}]}<\/script>\n<!-- \/ Yoast SEO plugin. -->","yoast_head_json":{"title":"Equity - university studies in Sweden &#8211; Lyc\u00e9e Fran\u00e7ais Saint Louis de Stockholm","robots":{"index":"index","follow":"follow","max-snippet":"max-snippet:-1","max-image-preview":"max-image-preview:large","max-video-preview":"max-video-preview:-1"},"canonical":"https:\/\/www.lfsl.net\/en\/equity-university-studies-in-sweden\/","og_locale":"en_US","og_type":"article","og_title":"Equity - university studies in Sweden &#8211; Lyc\u00e9e Fran\u00e7ais Saint Louis de Stockholm","og_description":"To be eligible to apply with foreign grades for a Swedish university education, you must have basic qualifications knowledge of Swedish, English and Mathematics special eligibility Basic qualifications The foreign upper secondary education must be university preparatory (which all programs at Lyc\u00e9e Fran\u00e7ais are). You must have a diploma showing that the education is completed. ... Read more","og_url":"https:\/\/www.lfsl.net\/en\/equity-university-studies-in-sweden\/","og_site_name":"Lyc\u00e9e Fran\u00e7ais Saint Louis de Stockholm","article_publisher":"https:\/\/www.facebook.com\/Lyc%c3%a9e-Francais-Saint-Louis-182116921840529\/","article_modified_time":"2022-01-21T15:00:35+00:00","og_image":[{"width":1440,"height":810,"url":"https:\/\/www.lfsl.net\/wp-content\/uploads\/2020\/03\/lsfl_logo-minimal_crop.jpg","type":"image\/jpeg"}],"twitter_card":"summary_large_image","schema":{"@context":"https:\/\/schema.org","@graph":[{"@type":"WebPage","@id":"https:\/\/www.lfsl.net\/en\/equity-university-studies-in-sweden\/","url":"https:\/\/www.lfsl.net\/en\/equity-university-studies-in-sweden\/","name":"Equity - university studies in Sweden &#8211; Lyc\u00e9e Fran\u00e7ais Saint Louis de Stockholm","isPartOf":{"@id":"https:\/\/www.lfsl.net\/en\/#website"},"datePublished":"2019-11-26T10:47:35+00:00","dateModified":"2022-01-21T15:00:35+00:00","breadcrumb":{"@id":"https:\/\/www.lfsl.net\/en\/equity-university-studies-in-sweden\/#breadcrumb"},"inLanguage":"en-US","potentialAction":[{"@type":"ReadAction","target":["https:\/\/www.lfsl.net\/en\/equity-university-studies-in-sweden\/"]}]},{"@type":"BreadcrumbList","@id":"https:\/\/www.lfsl.net\/en\/equity-university-studies-in-sweden\/#breadcrumb","itemListElement":[{"@type":"ListItem","position":1,"name":"Home","item":"https:\/\/www.lfsl.net\/en\/"},{"@type":"ListItem","position":2,"name":"Equity &#8211; university studies in Sweden"}]},{"@type":"WebSite","@id":"https:\/\/www.lfsl.net\/en\/#website","url":"https:\/\/www.lfsl.net\/en\/","name":"Lyc\u00e9e Fran\u00e7ais Saint Louis de Stockholm","description":"\u00c9tablissement membre du r\u00e9seau AEFE","publisher":{"@id":"https:\/\/www.lfsl.net\/en\/#organization"},"potentialAction":[{"@type":"SearchAction","target":{"@type":"EntryPoint","urlTemplate":"https:\/\/www.lfsl.net\/en\/?s={search_term_string}"},"query-input":{"@type":"PropertyValueSpecification","valueRequired":true,"valueName":"search_term_string"}}],"inLanguage":"en-US"},{"@type":"Organization","@id":"https:\/\/www.lfsl.net\/en\/#organization","name":"Lyc\u00e9e Fran\u00e7ais Saint Louis","url":"https:\/\/www.lfsl.net\/en\/","logo":{"@type":"ImageObject","inLanguage":"en-US","@id":"https:\/\/www.lfsl.net\/en\/#\/schema\/logo\/image\/","url":"https:\/\/www.lfsl.net\/wp-content\/uploads\/2021\/03\/LFSL-logo.jpg","contentUrl":"https:\/\/www.lfsl.net\/wp-content\/uploads\/2021\/03\/LFSL-logo.jpg","width":330,"height":473,"caption":"Lyc\u00e9e Fran\u00e7ais Saint Louis"},"image":{"@id":"https:\/\/www.lfsl.net\/en\/#\/schema\/logo\/image\/"},"sameAs":["https:\/\/www.facebook.com\/Lyc\u00e9e-Francais-Saint-Louis-182116921840529\/","https:\/\/www.instagram.com\/lyceefrancaisstockholm\/","https:\/\/www.linkedin.com\/school\/lfsl\/","https:\/\/www.youtube.com\/channel\/UCchS4IO4jE_YY0ILwn5NgGQ"]}]}},"_links":{"self":[{"href":"https:\/\/www.lfsl.net\/en\/wp-json\/wp\/v2\/pages\/5656","targetHints":{"allow":["GET"]}}],"collection":[{"href":"https:\/\/www.lfsl.net\/en\/wp-json\/wp\/v2\/pages"}],"about":[{"href":"https:\/\/www.lfsl.net\/en\/wp-json\/wp\/v2\/types\/page"}],"author":[{"embeddable":true,"href":"https:\/\/www.lfsl.net\/en\/wp-json\/wp\/v2\/users\/3"}],"replies":[{"embeddable":true,"href":"https:\/\/www.lfsl.net\/en\/wp-json\/wp\/v2\/comments?post=5656"}],"version-history":[{"count":15,"href":"https:\/\/www.lfsl.net\/en\/wp-json\/wp\/v2\/pages\/5656\/revisions"}],"predecessor-version":[{"id":12798,"href":"https:\/\/www.lfsl.net\/en\/wp-json\/wp\/v2\/pages\/5656\/revisions\/12798"}],"wp:attachment":[{"href":"https:\/\/www.lfsl.net\/en\/wp-json\/wp\/v2\/media?parent=5656"}],"curies":[{"name":"wp","href":"https:\/\/api.w.org\/{rel}","templated":true}]}}