{"id":5756,"date":"2019-11-26T10:54:54","date_gmt":"2019-11-26T10:54:54","guid":{"rendered":"https:\/\/www.lfsl.net\/?page_id=5756"},"modified":"2022-03-28T13:33:47","modified_gmt":"2022-03-28T13:33:47","slug":"university-studies-in-sweden","status":"publish","type":"page","link":"https:\/\/www.lfsl.net\/en\/university-studies-in-sweden\/","title":{"rendered":"University studies in Sweden"},"content":{"rendered":"\n<p>On the following pages you can read about university studies in Sweden:<\/p>\n\n\n\n<p><a aria-label=\"Guide (opens in a new tab)\" href=\"https:\/\/www.lfsl.net\/en\/guide\/\" target=\"_blank\" rel=\"noreferrer noopener\">Guide<\/a><\/p>\n\n\n\n<p><a aria-label=\"Application - Baccalaur\u00e9at and OIB (opens in a new tab)\" href=\"https:\/\/www.lfsl.net\/en\/application-for-university-studies-in-sweden-baccalaureate-and-oib\/\" target=\"_blank\" rel=\"noreferrer noopener\">Application &#8211; Baccalaur\u00e9at and OIB<\/a><\/p>\n\n\n\n<p><a aria-label=\"Application - Gymnasieexamen (opens in a new tab)\" href=\"https:\/\/www.lfsl.net\/en\/application-for-university-studies-in-sweden-gymnasieexamen\/\" target=\"_blank\" rel=\"noreferrer noopener\">Application &#8211; Gymnasieexamen<\/a><\/p>\n\n\n\n<p><a aria-label=\"Equity (opens in a new tab)\" href=\"https:\/\/www.lfsl.net\/en\/equity-university-studies-in-sweden\/\" target=\"_blank\" rel=\"noreferrer noopener\">Equity<\/a><\/p>\n\n\n\n<p><a aria-label=\"Grades and meritpo\u00e4ng (opens in a new tab)\" href=\"https:\/\/www.lfsl.net\/en\/grades-and-meritpoang-university-studies-in-sweden\/\" target=\"_blank\" rel=\"noreferrer noopener\">Grades and <\/a><em><a aria-label=\"Grades and meritpo\u00e4ng (opens in a new tab)\" href=\"https:\/\/www.lfsl.net\/en\/grades-and-meritpoang-university-studies-in-sweden\/\" target=\"_blank\" rel=\"noreferrer noopener\">meritpo\u00e4ng<\/a><\/em><\/p>\n\n\n\n<h2 class=\"wp-block-heading\">N.B. Application dates autumn <em>2021<\/em> &#8211; the application dates autumn <em>2022 <\/em>have not yet been released.<\/h2>\n\n\n\n<figure class=\"wp-block-table\"><table><tbody><tr><td>15 Mars<\/td><td>The application period starts<\/td><\/tr><tr><td>19 April<\/td><td>The application period closes<\/td><\/tr><tr><td>3 May<\/td><td>Last day to pay the registration fee or show exemption from fees*<\/td><\/tr><tr><td>April-June<\/td><td><a href=\"https:\/\/www.antagning.se\/sv\/Hur-du-anmaler-dig-och-haller-koll\/Anmal-dig-sa-har\/Kolla-dina-uppgifter-\/\">Kontrolluppgifter<\/a> <\/td><\/tr><tr><td>21 June<\/td><td>Last day to upload Swedish diploma**. <strong>NOTE<\/strong>! LFSL does not do any uploads. It is the students responsability to do so.<\/td><\/tr><tr><td>5 July<\/td><td>Last day to upload French diploma**.  <strong>NOTE<\/strong>! LFSL does not do any uploads. It is the students responsability to do so. <\/td><\/tr><tr><td>12 July<\/td><td>Respons letters :  <a href=\"https:\/\/www.antagning.se\/sv\/Hur-du-anmaler-dig-och-haller-koll\/Las-antagningsbeskedet-och-svara-\/\">Antagningsbesked med svarskrav<\/a> <\/td><\/tr><tr><td>22 July<\/td><td>Last day to accept a place<\/td><\/tr><tr><td>28 July<\/td><td>Second respons letters :  <a href=\"https:\/\/www.antagning.se\/sv\/Hur-du-anmaler-dig-och-haller-koll\/Las-antagningsbeskedet-och-svara-\/Det-andra-antagningsbeskedet\/\">Andra antagningsbeskedet<\/a> <\/td><\/tr><\/tbody><\/table><\/figure>\n\n\n\n<p>*May 7 &#8211; Last day to show that you are exempt from fees<br>If you have the nationality of a Nordic country (which is not Sweden), in one of the countries that are part of the EU \/ EEA or Switzerland, or are a Swedish citizen but no longer live in Sweden, you do not have to pay any registration fee. However, you need to upload papers showing your citizenship. All papers must be with the Admissions Service no later than May 7. Read more at  <a href=\"https:\/\/www.antagning.se\/sv\/Ta-reda-pa-mer-\/Anmalnings--och-studieavgifter\/\">Anm\u00e4lnings- och studieavgifter<\/a>. <\/p>\n\n\n\n<p>If you are a <strong>Swedish citizen and registered in Sweden<\/strong>, you do not need to pay the registration fee or upload any papers that prove your citizenship.<\/p>\n\n\n\n<p>**If you leave high school after June 18 in an EU \/ EEA country, Switzerland or from the IB \/ EB program, you get more time. You must complete your high school diploma by July 5. Other supplementary documents should be submitted by June 18.<\/p>\n","protected":false},"excerpt":{"rendered":"<p>On the following pages you can read about university studies in Sweden: Guide Application &#8211; Baccalaur\u00e9at and OIB Application &#8211; Gymnasieexamen Equity Grades and meritpo\u00e4ng N.B. Application dates autumn 2021 &#8211; the application dates autumn 2022 have not yet been released. 15 Mars The application period starts 19 April The application period closes 3 May &#8230; <\/p>\n<p class=\"read-more-container\"><a title=\"University studies in Sweden\" class=\"read-more button\" href=\"https:\/\/www.lfsl.net\/en\/university-studies-in-sweden\/#more-5756\" aria-label=\"Read more about University studies in Sweden\">Read more<\/a><\/p>\n","protected":false},"author":3,"featured_media":0,"parent":0,"menu_order":0,"comment_status":"closed","ping_status":"closed","template":"","meta":{"footnotes":""},"class_list":["post-5756","page","type-page","status-publish"],"yoast_head":"<!-- This site is optimized with the Yoast SEO plugin v27.4 - https:\/\/yoast.com\/product\/yoast-seo-wordpress\/ -->\n<title>University studies in Sweden &#8211; Lyc\u00e9e Fran\u00e7ais Saint Louis de Stockholm<\/title>\n<meta name=\"robots\" content=\"index, follow, max-snippet:-1, max-image-preview:large, max-video-preview:-1\" \/>\n<link rel=\"canonical\" href=\"https:\/\/www.lfsl.net\/en\/university-studies-in-sweden\/\" \/>\n<meta property=\"og:locale\" content=\"en_US\" \/>\n<meta property=\"og:type\" content=\"article\" \/>\n<meta property=\"og:title\" content=\"University studies in Sweden &#8211; Lyc\u00e9e Fran\u00e7ais Saint Louis de Stockholm\" \/>\n<meta property=\"og:description\" content=\"On the following pages you can read about university studies in Sweden: Guide Application &#8211; Baccalaur\u00e9at and OIB Application &#8211; Gymnasieexamen Equity Grades and meritpo\u00e4ng N.B. Application dates autumn 2021 &#8211; the application dates autumn 2022 have not yet been released. 15 Mars The application period starts 19 April The application period closes 3 May ... Read more\" \/>\n<meta property=\"og:url\" content=\"https:\/\/www.lfsl.net\/en\/university-studies-in-sweden\/\" \/>\n<meta property=\"og:site_name\" content=\"Lyc\u00e9e Fran\u00e7ais Saint Louis de Stockholm\" \/>\n<meta property=\"article:publisher\" content=\"https:\/\/www.facebook.com\/Lyc%c3%a9e-Francais-Saint-Louis-182116921840529\/\" \/>\n<meta property=\"article:modified_time\" content=\"2022-03-28T13:33:47+00:00\" \/>\n<meta property=\"og:image\" content=\"https:\/\/www.lfsl.net\/wp-content\/uploads\/2020\/03\/lsfl_logo-minimal_crop.jpg\" \/>\n\t<meta property=\"og:image:width\" content=\"1440\" \/>\n\t<meta property=\"og:image:height\" content=\"810\" \/>\n\t<meta property=\"og:image:type\" content=\"image\/jpeg\" \/>\n<meta name=\"twitter:card\" content=\"summary_large_image\" \/>\n<script type=\"application\/ld+json\" class=\"yoast-schema-graph\">{\"@context\":\"https:\\\/\\\/schema.org\",\"@graph\":[{\"@type\":\"WebPage\",\"@id\":\"https:\\\/\\\/www.lfsl.net\\\/en\\\/university-studies-in-sweden\\\/\",\"url\":\"https:\\\/\\\/www.lfsl.net\\\/en\\\/university-studies-in-sweden\\\/\",\"name\":\"University studies in Sweden &#8211; Lyc\u00e9e Fran\u00e7ais Saint Louis de Stockholm\",\"isPartOf\":{\"@id\":\"https:\\\/\\\/www.lfsl.net\\\/en\\\/#website\"},\"datePublished\":\"2019-11-26T10:54:54+00:00\",\"dateModified\":\"2022-03-28T13:33:47+00:00\",\"breadcrumb\":{\"@id\":\"https:\\\/\\\/www.lfsl.net\\\/en\\\/university-studies-in-sweden\\\/#breadcrumb\"},\"inLanguage\":\"en-US\",\"potentialAction\":[{\"@type\":\"ReadAction\",\"target\":[\"https:\\\/\\\/www.lfsl.net\\\/en\\\/university-studies-in-sweden\\\/\"]}]},{\"@type\":\"BreadcrumbList\",\"@id\":\"https:\\\/\\\/www.lfsl.net\\\/en\\\/university-studies-in-sweden\\\/#breadcrumb\",\"itemListElement\":[{\"@type\":\"ListItem\",\"position\":1,\"name\":\"Home\",\"item\":\"https:\\\/\\\/www.lfsl.net\\\/en\\\/\"},{\"@type\":\"ListItem\",\"position\":2,\"name\":\"University studies in Sweden\"}]},{\"@type\":\"WebSite\",\"@id\":\"https:\\\/\\\/www.lfsl.net\\\/en\\\/#website\",\"url\":\"https:\\\/\\\/www.lfsl.net\\\/en\\\/\",\"name\":\"Lyc\u00e9e Fran\u00e7ais Saint Louis de Stockholm\",\"description\":\"\u00c9tablissement membre du r\u00e9seau AEFE\",\"publisher\":{\"@id\":\"https:\\\/\\\/www.lfsl.net\\\/en\\\/#organization\"},\"potentialAction\":[{\"@type\":\"SearchAction\",\"target\":{\"@type\":\"EntryPoint\",\"urlTemplate\":\"https:\\\/\\\/www.lfsl.net\\\/en\\\/?s={search_term_string}\"},\"query-input\":{\"@type\":\"PropertyValueSpecification\",\"valueRequired\":true,\"valueName\":\"search_term_string\"}}],\"inLanguage\":\"en-US\"},{\"@type\":\"Organization\",\"@id\":\"https:\\\/\\\/www.lfsl.net\\\/en\\\/#organization\",\"name\":\"Lyc\u00e9e Fran\u00e7ais Saint Louis\",\"url\":\"https:\\\/\\\/www.lfsl.net\\\/en\\\/\",\"logo\":{\"@type\":\"ImageObject\",\"inLanguage\":\"en-US\",\"@id\":\"https:\\\/\\\/www.lfsl.net\\\/en\\\/#\\\/schema\\\/logo\\\/image\\\/\",\"url\":\"https:\\\/\\\/www.lfsl.net\\\/wp-content\\\/uploads\\\/2021\\\/03\\\/LFSL-logo.jpg\",\"contentUrl\":\"https:\\\/\\\/www.lfsl.net\\\/wp-content\\\/uploads\\\/2021\\\/03\\\/LFSL-logo.jpg\",\"width\":330,\"height\":473,\"caption\":\"Lyc\u00e9e Fran\u00e7ais Saint Louis\"},\"image\":{\"@id\":\"https:\\\/\\\/www.lfsl.net\\\/en\\\/#\\\/schema\\\/logo\\\/image\\\/\"},\"sameAs\":[\"https:\\\/\\\/www.facebook.com\\\/Lyc\u00e9e-Francais-Saint-Louis-182116921840529\\\/\",\"https:\\\/\\\/www.instagram.com\\\/lyceefrancaisstockholm\\\/\",\"https:\\\/\\\/www.linkedin.com\\\/school\\\/lfsl\\\/\",\"https:\\\/\\\/www.youtube.com\\\/channel\\\/UCchS4IO4jE_YY0ILwn5NgGQ\"]}]}<\/script>\n<!-- \/ Yoast SEO plugin. -->","yoast_head_json":{"title":"University studies in Sweden &#8211; Lyc\u00e9e Fran\u00e7ais Saint Louis de Stockholm","robots":{"index":"index","follow":"follow","max-snippet":"max-snippet:-1","max-image-preview":"max-image-preview:large","max-video-preview":"max-video-preview:-1"},"canonical":"https:\/\/www.lfsl.net\/en\/university-studies-in-sweden\/","og_locale":"en_US","og_type":"article","og_title":"University studies in Sweden &#8211; Lyc\u00e9e Fran\u00e7ais Saint Louis de Stockholm","og_description":"On the following pages you can read about university studies in Sweden: Guide Application &#8211; Baccalaur\u00e9at and OIB Application &#8211; Gymnasieexamen Equity Grades and meritpo\u00e4ng N.B. Application dates autumn 2021 &#8211; the application dates autumn 2022 have not yet been released. 15 Mars The application period starts 19 April The application period closes 3 May ... Read more","og_url":"https:\/\/www.lfsl.net\/en\/university-studies-in-sweden\/","og_site_name":"Lyc\u00e9e Fran\u00e7ais Saint Louis de Stockholm","article_publisher":"https:\/\/www.facebook.com\/Lyc%c3%a9e-Francais-Saint-Louis-182116921840529\/","article_modified_time":"2022-03-28T13:33:47+00:00","og_image":[{"width":1440,"height":810,"url":"https:\/\/www.lfsl.net\/wp-content\/uploads\/2020\/03\/lsfl_logo-minimal_crop.jpg","type":"image\/jpeg"}],"twitter_card":"summary_large_image","schema":{"@context":"https:\/\/schema.org","@graph":[{"@type":"WebPage","@id":"https:\/\/www.lfsl.net\/en\/university-studies-in-sweden\/","url":"https:\/\/www.lfsl.net\/en\/university-studies-in-sweden\/","name":"University studies in Sweden &#8211; Lyc\u00e9e Fran\u00e7ais Saint Louis de Stockholm","isPartOf":{"@id":"https:\/\/www.lfsl.net\/en\/#website"},"datePublished":"2019-11-26T10:54:54+00:00","dateModified":"2022-03-28T13:33:47+00:00","breadcrumb":{"@id":"https:\/\/www.lfsl.net\/en\/university-studies-in-sweden\/#breadcrumb"},"inLanguage":"en-US","potentialAction":[{"@type":"ReadAction","target":["https:\/\/www.lfsl.net\/en\/university-studies-in-sweden\/"]}]},{"@type":"BreadcrumbList","@id":"https:\/\/www.lfsl.net\/en\/university-studies-in-sweden\/#breadcrumb","itemListElement":[{"@type":"ListItem","position":1,"name":"Home","item":"https:\/\/www.lfsl.net\/en\/"},{"@type":"ListItem","position":2,"name":"University studies in Sweden"}]},{"@type":"WebSite","@id":"https:\/\/www.lfsl.net\/en\/#website","url":"https:\/\/www.lfsl.net\/en\/","name":"Lyc\u00e9e Fran\u00e7ais Saint Louis de Stockholm","description":"\u00c9tablissement membre du r\u00e9seau AEFE","publisher":{"@id":"https:\/\/www.lfsl.net\/en\/#organization"},"potentialAction":[{"@type":"SearchAction","target":{"@type":"EntryPoint","urlTemplate":"https:\/\/www.lfsl.net\/en\/?s={search_term_string}"},"query-input":{"@type":"PropertyValueSpecification","valueRequired":true,"valueName":"search_term_string"}}],"inLanguage":"en-US"},{"@type":"Organization","@id":"https:\/\/www.lfsl.net\/en\/#organization","name":"Lyc\u00e9e Fran\u00e7ais Saint Louis","url":"https:\/\/www.lfsl.net\/en\/","logo":{"@type":"ImageObject","inLanguage":"en-US","@id":"https:\/\/www.lfsl.net\/en\/#\/schema\/logo\/image\/","url":"https:\/\/www.lfsl.net\/wp-content\/uploads\/2021\/03\/LFSL-logo.jpg","contentUrl":"https:\/\/www.lfsl.net\/wp-content\/uploads\/2021\/03\/LFSL-logo.jpg","width":330,"height":473,"caption":"Lyc\u00e9e Fran\u00e7ais Saint Louis"},"image":{"@id":"https:\/\/www.lfsl.net\/en\/#\/schema\/logo\/image\/"},"sameAs":["https:\/\/www.facebook.com\/Lyc\u00e9e-Francais-Saint-Louis-182116921840529\/","https:\/\/www.instagram.com\/lyceefrancaisstockholm\/","https:\/\/www.linkedin.com\/school\/lfsl\/","https:\/\/www.youtube.com\/channel\/UCchS4IO4jE_YY0ILwn5NgGQ"]}]}},"_links":{"self":[{"href":"https:\/\/www.lfsl.net\/en\/wp-json\/wp\/v2\/pages\/5756","targetHints":{"allow":["GET"]}}],"collection":[{"href":"https:\/\/www.lfsl.net\/en\/wp-json\/wp\/v2\/pages"}],"about":[{"href":"https:\/\/www.lfsl.net\/en\/wp-json\/wp\/v2\/types\/page"}],"author":[{"embeddable":true,"href":"https:\/\/www.lfsl.net\/en\/wp-json\/wp\/v2\/users\/3"}],"replies":[{"embeddable":true,"href":"https:\/\/www.lfsl.net\/en\/wp-json\/wp\/v2\/comments?post=5756"}],"version-history":[{"count":11,"href":"https:\/\/www.lfsl.net\/en\/wp-json\/wp\/v2\/pages\/5756\/revisions"}],"predecessor-version":[{"id":13255,"href":"https:\/\/www.lfsl.net\/en\/wp-json\/wp\/v2\/pages\/5756\/revisions\/13255"}],"wp:attachment":[{"href":"https:\/\/www.lfsl.net\/en\/wp-json\/wp\/v2\/media?parent=5756"}],"curies":[{"name":"wp","href":"https:\/\/api.w.org\/{rel}","templated":true}]}}