{"id":6146,"date":"2020-01-14T07:57:22","date_gmt":"2020-01-14T07:57:22","guid":{"rendered":"https:\/\/www.lfsl.net\/?page_id=6146"},"modified":"2022-03-30T11:39:33","modified_gmt":"2022-03-30T11:39:33","slug":"gymnasieexamen-lfsl","status":"publish","type":"page","link":"https:\/\/www.lfsl.net\/en\/gymnasieexamen-lfsl\/","title":{"rendered":"Gymnasieexamen LFSL"},"content":{"rendered":"\n<div class=\"wp-block-columns has-2-columns is-layout-flex wp-container-core-columns-is-layout-9d6595d7 wp-block-columns-is-layout-flex\">\n<div class=\"wp-block-column is-layout-flow wp-block-column-is-layout-flow\">\n<h3 class=\"wp-block-heading\">Dates<\/h3>\n\n\n\n<p><strong>May\/June in 3\u00e8me<\/strong>&nbsp;&#8211; inscription<\/p>\n\n\n\n<p><strong>In 2nde&nbsp;<\/strong>&#8211; National test in Swedish as a second language 1<\/p>\n\n\n\n<p><strong>May\/June in 2nde <\/strong>&#8211; a choice is made between Naturvetenskapsprogrammet (NAT &#8211; Natural sciences) and Samh\u00e4llsvetenskapsprogrammet (SAM &#8211; Social science)<\/p>\n\n\n\n<p><strong>In 1\u00e8re&nbsp;<\/strong>&#8211; National test in English 6 and Mathematics 3 for those who ends Sp\u00e9 Maths in 1\u00e8re.<\/p>\n\n\n\n<p><strong>September\/October in Tale<\/strong>&nbsp;&#8211;  grades from 2nde and 1\u00e8re are handed out to the students. <\/p>\n\n\n\n<p><strong>In Tale&nbsp;<\/strong>&#8211; National test in Swedish as a second language 3 and Mathematics 4 for those who has Sp\u00e9 Maths, Maths experts or Maths compl\u00e9mentaires.<\/p>\n\n\n\n<p><strong>April\/May in Tale<\/strong> &#8211; The graduation caps are handed out around the 30th of April.<\/p>\n\n\n\n<p><strong>June in Tale<\/strong>&nbsp;&#8211; Distribution of Gymnasieexamen during the &#8220;C\u00e9r\u00e9monie des casquettes&#8221; (Swedish graduation ceremony)  <\/p>\n<\/div>\n\n\n\n<div class=\"wp-block-column is-layout-flow wp-block-column-is-layout-flow\">\n<h3 class=\"wp-block-heading\"><a aria-label=\"Structure (opens in a new tab)\" href=\"https:\/\/www.lfsl.net\/en\/gymnasieexamen-lfsl-structure\/\" target=\"_blank\" rel=\"noreferrer noopener\">Structure<\/a><\/h3>\n\n\n\n<h3 class=\"wp-block-heading\"><a aria-label=\"required qualifications (opens in a new tab)\" href=\"https:\/\/www.lfsl.net\/en\/gymnasieexamen-lfsl-required-qualifications\/\" target=\"_blank\" rel=\"noreferrer noopener\">required qualifications<\/a><\/h3>\n\n\n\n<h3 class=\"wp-block-heading\"><a aria-label=\"Ut\u00f6kat program (opens in a new tab)\" href=\"https:\/\/www.lfsl.net\/en\/gymnasieexamen-lfsl-utokat-program\/\" target=\"_blank\" rel=\"noreferrer noopener\">Ut\u00f6kat program<\/a><\/h3>\n\n\n\n<h3 class=\"wp-block-heading\"><a aria-label=\"Grades (opens in a new tab)\" href=\"https:\/\/www.lfsl.net\/en\/gymnasieexamen-lfsl-grades\/\" target=\"_blank\" rel=\"noreferrer noopener\">Grades<\/a><\/h3>\n\n\n\n<p><strong><a href=\"https:\/\/www.lfsl.net\/sv\/gymnasiearbete-tpt-lfsl\/\">GYMNASIEARBETE (TPT)<\/a><\/strong> &#8211; support in Swedish<\/p>\n<\/div>\n<\/div>\n","protected":false},"excerpt":{"rendered":"<p>Dates May\/June in 3\u00e8me&nbsp;&#8211; inscription In 2nde&nbsp;&#8211; National test in Swedish as a second language 1 May\/June in 2nde &#8211; a choice is made between Naturvetenskapsprogrammet (NAT &#8211; Natural sciences) and Samh\u00e4llsvetenskapsprogrammet (SAM &#8211; Social science) In 1\u00e8re&nbsp;&#8211; National test in English 6 and Mathematics 3 for those who ends Sp\u00e9 Maths in 1\u00e8re. September\/October &#8230; <\/p>\n<p class=\"read-more-container\"><a title=\"Gymnasieexamen LFSL\" class=\"read-more button\" href=\"https:\/\/www.lfsl.net\/en\/gymnasieexamen-lfsl\/#more-6146\" aria-label=\"Read more about Gymnasieexamen LFSL\">Read more<\/a><\/p>\n","protected":false},"author":3,"featured_media":0,"parent":0,"menu_order":0,"comment_status":"closed","ping_status":"closed","template":"","meta":{"footnotes":""},"class_list":["post-6146","page","type-page","status-publish"],"yoast_head":"<!-- This site is optimized with the Yoast SEO plugin v27.4 - https:\/\/yoast.com\/product\/yoast-seo-wordpress\/ -->\n<title>Gymnasieexamen LFSL &#8211; Lyc\u00e9e Fran\u00e7ais Saint Louis de Stockholm<\/title>\n<meta name=\"robots\" content=\"index, follow, max-snippet:-1, max-image-preview:large, max-video-preview:-1\" \/>\n<link rel=\"canonical\" href=\"https:\/\/www.lfsl.net\/en\/gymnasieexamen-lfsl\/\" \/>\n<meta property=\"og:locale\" content=\"en_US\" \/>\n<meta property=\"og:type\" content=\"article\" \/>\n<meta property=\"og:title\" content=\"Gymnasieexamen LFSL &#8211; Lyc\u00e9e Fran\u00e7ais Saint Louis de Stockholm\" \/>\n<meta property=\"og:description\" content=\"Dates May\/June in 3\u00e8me&nbsp;&#8211; inscription In 2nde&nbsp;&#8211; National test in Swedish as a second language 1 May\/June in 2nde &#8211; a choice is made between Naturvetenskapsprogrammet (NAT &#8211; Natural sciences) and Samh\u00e4llsvetenskapsprogrammet (SAM &#8211; Social science) In 1\u00e8re&nbsp;&#8211; National test in English 6 and Mathematics 3 for those who ends Sp\u00e9 Maths in 1\u00e8re. September\/October ... Read more\" \/>\n<meta property=\"og:url\" content=\"https:\/\/www.lfsl.net\/en\/gymnasieexamen-lfsl\/\" \/>\n<meta property=\"og:site_name\" content=\"Lyc\u00e9e Fran\u00e7ais Saint Louis de Stockholm\" \/>\n<meta property=\"article:publisher\" content=\"https:\/\/www.facebook.com\/Lyc%c3%a9e-Francais-Saint-Louis-182116921840529\/\" \/>\n<meta property=\"article:modified_time\" content=\"2022-03-30T11:39:33+00:00\" \/>\n<meta property=\"og:image\" content=\"https:\/\/www.lfsl.net\/wp-content\/uploads\/2020\/03\/lsfl_logo-minimal_crop.jpg\" \/>\n\t<meta property=\"og:image:width\" content=\"1440\" \/>\n\t<meta property=\"og:image:height\" content=\"810\" \/>\n\t<meta property=\"og:image:type\" content=\"image\/jpeg\" \/>\n<meta name=\"twitter:card\" content=\"summary_large_image\" \/>\n<script type=\"application\/ld+json\" class=\"yoast-schema-graph\">{\"@context\":\"https:\\\/\\\/schema.org\",\"@graph\":[{\"@type\":\"WebPage\",\"@id\":\"https:\\\/\\\/www.lfsl.net\\\/en\\\/gymnasieexamen-lfsl\\\/\",\"url\":\"https:\\\/\\\/www.lfsl.net\\\/en\\\/gymnasieexamen-lfsl\\\/\",\"name\":\"Gymnasieexamen LFSL &#8211; Lyc\u00e9e Fran\u00e7ais Saint Louis de Stockholm\",\"isPartOf\":{\"@id\":\"https:\\\/\\\/www.lfsl.net\\\/en\\\/#website\"},\"datePublished\":\"2020-01-14T07:57:22+00:00\",\"dateModified\":\"2022-03-30T11:39:33+00:00\",\"breadcrumb\":{\"@id\":\"https:\\\/\\\/www.lfsl.net\\\/en\\\/gymnasieexamen-lfsl\\\/#breadcrumb\"},\"inLanguage\":\"en-US\",\"potentialAction\":[{\"@type\":\"ReadAction\",\"target\":[\"https:\\\/\\\/www.lfsl.net\\\/en\\\/gymnasieexamen-lfsl\\\/\"]}]},{\"@type\":\"BreadcrumbList\",\"@id\":\"https:\\\/\\\/www.lfsl.net\\\/en\\\/gymnasieexamen-lfsl\\\/#breadcrumb\",\"itemListElement\":[{\"@type\":\"ListItem\",\"position\":1,\"name\":\"Home\",\"item\":\"https:\\\/\\\/www.lfsl.net\\\/en\\\/\"},{\"@type\":\"ListItem\",\"position\":2,\"name\":\"Gymnasieexamen LFSL\"}]},{\"@type\":\"WebSite\",\"@id\":\"https:\\\/\\\/www.lfsl.net\\\/en\\\/#website\",\"url\":\"https:\\\/\\\/www.lfsl.net\\\/en\\\/\",\"name\":\"Lyc\u00e9e Fran\u00e7ais Saint Louis de Stockholm\",\"description\":\"\u00c9tablissement membre du r\u00e9seau AEFE\",\"publisher\":{\"@id\":\"https:\\\/\\\/www.lfsl.net\\\/en\\\/#organization\"},\"potentialAction\":[{\"@type\":\"SearchAction\",\"target\":{\"@type\":\"EntryPoint\",\"urlTemplate\":\"https:\\\/\\\/www.lfsl.net\\\/en\\\/?s={search_term_string}\"},\"query-input\":{\"@type\":\"PropertyValueSpecification\",\"valueRequired\":true,\"valueName\":\"search_term_string\"}}],\"inLanguage\":\"en-US\"},{\"@type\":\"Organization\",\"@id\":\"https:\\\/\\\/www.lfsl.net\\\/en\\\/#organization\",\"name\":\"Lyc\u00e9e Fran\u00e7ais Saint Louis\",\"url\":\"https:\\\/\\\/www.lfsl.net\\\/en\\\/\",\"logo\":{\"@type\":\"ImageObject\",\"inLanguage\":\"en-US\",\"@id\":\"https:\\\/\\\/www.lfsl.net\\\/en\\\/#\\\/schema\\\/logo\\\/image\\\/\",\"url\":\"https:\\\/\\\/www.lfsl.net\\\/wp-content\\\/uploads\\\/2021\\\/03\\\/LFSL-logo.jpg\",\"contentUrl\":\"https:\\\/\\\/www.lfsl.net\\\/wp-content\\\/uploads\\\/2021\\\/03\\\/LFSL-logo.jpg\",\"width\":330,\"height\":473,\"caption\":\"Lyc\u00e9e Fran\u00e7ais Saint Louis\"},\"image\":{\"@id\":\"https:\\\/\\\/www.lfsl.net\\\/en\\\/#\\\/schema\\\/logo\\\/image\\\/\"},\"sameAs\":[\"https:\\\/\\\/www.facebook.com\\\/Lyc\u00e9e-Francais-Saint-Louis-182116921840529\\\/\",\"https:\\\/\\\/www.instagram.com\\\/lyceefrancaisstockholm\\\/\",\"https:\\\/\\\/www.linkedin.com\\\/school\\\/lfsl\\\/\",\"https:\\\/\\\/www.youtube.com\\\/channel\\\/UCchS4IO4jE_YY0ILwn5NgGQ\"]}]}<\/script>\n<!-- \/ Yoast SEO plugin. -->","yoast_head_json":{"title":"Gymnasieexamen LFSL &#8211; Lyc\u00e9e Fran\u00e7ais Saint Louis de Stockholm","robots":{"index":"index","follow":"follow","max-snippet":"max-snippet:-1","max-image-preview":"max-image-preview:large","max-video-preview":"max-video-preview:-1"},"canonical":"https:\/\/www.lfsl.net\/en\/gymnasieexamen-lfsl\/","og_locale":"en_US","og_type":"article","og_title":"Gymnasieexamen LFSL &#8211; Lyc\u00e9e Fran\u00e7ais Saint Louis de Stockholm","og_description":"Dates May\/June in 3\u00e8me&nbsp;&#8211; inscription In 2nde&nbsp;&#8211; National test in Swedish as a second language 1 May\/June in 2nde &#8211; a choice is made between Naturvetenskapsprogrammet (NAT &#8211; Natural sciences) and Samh\u00e4llsvetenskapsprogrammet (SAM &#8211; Social science) In 1\u00e8re&nbsp;&#8211; National test in English 6 and Mathematics 3 for those who ends Sp\u00e9 Maths in 1\u00e8re. September\/October ... Read more","og_url":"https:\/\/www.lfsl.net\/en\/gymnasieexamen-lfsl\/","og_site_name":"Lyc\u00e9e Fran\u00e7ais Saint Louis de Stockholm","article_publisher":"https:\/\/www.facebook.com\/Lyc%c3%a9e-Francais-Saint-Louis-182116921840529\/","article_modified_time":"2022-03-30T11:39:33+00:00","og_image":[{"width":1440,"height":810,"url":"https:\/\/www.lfsl.net\/wp-content\/uploads\/2020\/03\/lsfl_logo-minimal_crop.jpg","type":"image\/jpeg"}],"twitter_card":"summary_large_image","schema":{"@context":"https:\/\/schema.org","@graph":[{"@type":"WebPage","@id":"https:\/\/www.lfsl.net\/en\/gymnasieexamen-lfsl\/","url":"https:\/\/www.lfsl.net\/en\/gymnasieexamen-lfsl\/","name":"Gymnasieexamen LFSL &#8211; Lyc\u00e9e Fran\u00e7ais Saint Louis de Stockholm","isPartOf":{"@id":"https:\/\/www.lfsl.net\/en\/#website"},"datePublished":"2020-01-14T07:57:22+00:00","dateModified":"2022-03-30T11:39:33+00:00","breadcrumb":{"@id":"https:\/\/www.lfsl.net\/en\/gymnasieexamen-lfsl\/#breadcrumb"},"inLanguage":"en-US","potentialAction":[{"@type":"ReadAction","target":["https:\/\/www.lfsl.net\/en\/gymnasieexamen-lfsl\/"]}]},{"@type":"BreadcrumbList","@id":"https:\/\/www.lfsl.net\/en\/gymnasieexamen-lfsl\/#breadcrumb","itemListElement":[{"@type":"ListItem","position":1,"name":"Home","item":"https:\/\/www.lfsl.net\/en\/"},{"@type":"ListItem","position":2,"name":"Gymnasieexamen LFSL"}]},{"@type":"WebSite","@id":"https:\/\/www.lfsl.net\/en\/#website","url":"https:\/\/www.lfsl.net\/en\/","name":"Lyc\u00e9e Fran\u00e7ais Saint Louis de Stockholm","description":"\u00c9tablissement membre du r\u00e9seau AEFE","publisher":{"@id":"https:\/\/www.lfsl.net\/en\/#organization"},"potentialAction":[{"@type":"SearchAction","target":{"@type":"EntryPoint","urlTemplate":"https:\/\/www.lfsl.net\/en\/?s={search_term_string}"},"query-input":{"@type":"PropertyValueSpecification","valueRequired":true,"valueName":"search_term_string"}}],"inLanguage":"en-US"},{"@type":"Organization","@id":"https:\/\/www.lfsl.net\/en\/#organization","name":"Lyc\u00e9e Fran\u00e7ais Saint Louis","url":"https:\/\/www.lfsl.net\/en\/","logo":{"@type":"ImageObject","inLanguage":"en-US","@id":"https:\/\/www.lfsl.net\/en\/#\/schema\/logo\/image\/","url":"https:\/\/www.lfsl.net\/wp-content\/uploads\/2021\/03\/LFSL-logo.jpg","contentUrl":"https:\/\/www.lfsl.net\/wp-content\/uploads\/2021\/03\/LFSL-logo.jpg","width":330,"height":473,"caption":"Lyc\u00e9e Fran\u00e7ais Saint Louis"},"image":{"@id":"https:\/\/www.lfsl.net\/en\/#\/schema\/logo\/image\/"},"sameAs":["https:\/\/www.facebook.com\/Lyc\u00e9e-Francais-Saint-Louis-182116921840529\/","https:\/\/www.instagram.com\/lyceefrancaisstockholm\/","https:\/\/www.linkedin.com\/school\/lfsl\/","https:\/\/www.youtube.com\/channel\/UCchS4IO4jE_YY0ILwn5NgGQ"]}]}},"_links":{"self":[{"href":"https:\/\/www.lfsl.net\/en\/wp-json\/wp\/v2\/pages\/6146","targetHints":{"allow":["GET"]}}],"collection":[{"href":"https:\/\/www.lfsl.net\/en\/wp-json\/wp\/v2\/pages"}],"about":[{"href":"https:\/\/www.lfsl.net\/en\/wp-json\/wp\/v2\/types\/page"}],"author":[{"embeddable":true,"href":"https:\/\/www.lfsl.net\/en\/wp-json\/wp\/v2\/users\/3"}],"replies":[{"embeddable":true,"href":"https:\/\/www.lfsl.net\/en\/wp-json\/wp\/v2\/comments?post=6146"}],"version-history":[{"count":14,"href":"https:\/\/www.lfsl.net\/en\/wp-json\/wp\/v2\/pages\/6146\/revisions"}],"predecessor-version":[{"id":13284,"href":"https:\/\/www.lfsl.net\/en\/wp-json\/wp\/v2\/pages\/6146\/revisions\/13284"}],"wp:attachment":[{"href":"https:\/\/www.lfsl.net\/en\/wp-json\/wp\/v2\/media?parent=6146"}],"curies":[{"name":"wp","href":"https:\/\/api.w.org\/{rel}","templated":true}]}}