{"id":6149,"date":"2020-01-14T08:04:11","date_gmt":"2020-01-14T08:04:11","guid":{"rendered":"https:\/\/www.lfsl.net\/?page_id=6149"},"modified":"2022-02-24T07:33:44","modified_gmt":"2022-02-24T07:33:44","slug":"gymnasieexamen-lfsl-required-qualifications","status":"publish","type":"page","link":"https:\/\/www.lfsl.net\/en\/gymnasieexamen-lfsl-required-qualifications\/","title":{"rendered":"Gymnasieexamen LFSL &#8211; Required qualifications"},"content":{"rendered":"\n<p>To obtain the Gymnasieexamen you need to have:<\/p>\n\n\n\n<p>&#8211; at least the grade E (9\/20) in 2 250 points.<\/p>\n\n\n\n<p>&#8211; and at least the grade E in Swedish\/Swedish as a second language&nbsp;1, 2 et 3, English 6, Mathematics 1<\/p>\n\n\n\n<p>&#8211; and the grade E in your TPT (personal high school work)<\/p>\n\n\n\n<p>To obtain the Gymnasieexamen you also have to choose certain <em>sp\u00e9cialit\u00e9s<\/em> (options) in your Baccalaur\u00e9at:<\/p>\n\n\n\n<p>For<strong> Samh\u00e4llsvetenskaplig examen<\/strong> (Social Science diploma):  <\/p>\n\n\n\n<p>In 1\u00e8re: Required &#8211; Histoire g\u00e9ographie, g\u00e9opolitique et sciences politiques and Sciences \u00e9conomiques et sociales<\/p>\n\n\n\n<p>In Tale: With the Samh\u00e4llsvetenskaplig examen you can choose wich two sp\u00e9cialit\u00e9s to continue with.   <\/p>\n\n\n\n<p>For <strong>Naturvetenskaplig examen<\/strong> (Natural Science diploma): <\/p>\n\n\n\n<p>In 1\u00e8re:  Required &#8211; Math\u00e9matiques,  Physique-Chimie, SVT<\/p>\n\n\n\n<p>In Tale:  Required &#8211; Physique-Chimie and SVT + Maths compl\u00e9mentaires <strong>OR M<\/strong>ath\u00e9matiques + Biologie Su\u00e9doise.<\/p>\n\n\n\n<p><\/p>\n\n\n\n<p><em>N.B.! You need to go to <a href=\"https:\/\/www.antagning.se\/se\/start\">www.antagning.se<\/a> to see what is demanded if you are interested in higher education in Sweden. For example, you need matematik 4, fysik 2, kemi 2 and biologi 2 to study to become a doctor, which you only can achieve with a gymnasieexamen NAT, at LFSL. Your french baccalaur\u00e9at won&#8217;t be enough.<\/em><\/p>\n","protected":false},"excerpt":{"rendered":"<p>To obtain the Gymnasieexamen you need to have: &#8211; at least the grade E (9\/20) in 2 250 points. &#8211; and at least the grade E in Swedish\/Swedish as a second language&nbsp;1, 2 et 3, English 6, Mathematics 1 &#8211; and the grade E in your TPT (personal high school work) To obtain the Gymnasieexamen &#8230; <\/p>\n<p class=\"read-more-container\"><a title=\"Gymnasieexamen LFSL &#8211; Required qualifications\" class=\"read-more button\" href=\"https:\/\/www.lfsl.net\/en\/gymnasieexamen-lfsl-required-qualifications\/#more-6149\" aria-label=\"Read more about Gymnasieexamen LFSL &#8211; Required qualifications\">Read more<\/a><\/p>\n","protected":false},"author":3,"featured_media":0,"parent":0,"menu_order":0,"comment_status":"closed","ping_status":"closed","template":"","meta":{"footnotes":""},"class_list":["post-6149","page","type-page","status-publish"],"yoast_head":"<!-- This site is optimized with the Yoast SEO plugin v27.4 - https:\/\/yoast.com\/product\/yoast-seo-wordpress\/ -->\n<title>Gymnasieexamen LFSL - Required qualifications &#8211; Lyc\u00e9e Fran\u00e7ais Saint Louis de Stockholm<\/title>\n<meta name=\"robots\" content=\"index, follow, max-snippet:-1, max-image-preview:large, max-video-preview:-1\" \/>\n<link rel=\"canonical\" href=\"https:\/\/www.lfsl.net\/en\/gymnasieexamen-lfsl-required-qualifications\/\" \/>\n<meta property=\"og:locale\" content=\"en_US\" \/>\n<meta property=\"og:type\" content=\"article\" \/>\n<meta property=\"og:title\" content=\"Gymnasieexamen LFSL - Required qualifications &#8211; Lyc\u00e9e Fran\u00e7ais Saint Louis de Stockholm\" \/>\n<meta property=\"og:description\" content=\"To obtain the Gymnasieexamen you need to have: &#8211; at least the grade E (9\/20) in 2 250 points. &#8211; and at least the grade E in Swedish\/Swedish as a second language&nbsp;1, 2 et 3, English 6, Mathematics 1 &#8211; and the grade E in your TPT (personal high school work) To obtain the Gymnasieexamen ... Read more\" \/>\n<meta property=\"og:url\" content=\"https:\/\/www.lfsl.net\/en\/gymnasieexamen-lfsl-required-qualifications\/\" \/>\n<meta property=\"og:site_name\" content=\"Lyc\u00e9e Fran\u00e7ais Saint Louis de Stockholm\" \/>\n<meta property=\"article:publisher\" content=\"https:\/\/www.facebook.com\/Lyc%c3%a9e-Francais-Saint-Louis-182116921840529\/\" \/>\n<meta property=\"article:modified_time\" content=\"2022-02-24T07:33:44+00:00\" \/>\n<meta property=\"og:image\" content=\"https:\/\/www.lfsl.net\/wp-content\/uploads\/2020\/03\/lsfl_logo-minimal_crop.jpg\" \/>\n\t<meta property=\"og:image:width\" content=\"1440\" \/>\n\t<meta property=\"og:image:height\" content=\"810\" \/>\n\t<meta property=\"og:image:type\" content=\"image\/jpeg\" \/>\n<meta name=\"twitter:card\" content=\"summary_large_image\" \/>\n<script type=\"application\/ld+json\" class=\"yoast-schema-graph\">{\"@context\":\"https:\\\/\\\/schema.org\",\"@graph\":[{\"@type\":\"WebPage\",\"@id\":\"https:\\\/\\\/www.lfsl.net\\\/en\\\/gymnasieexamen-lfsl-required-qualifications\\\/\",\"url\":\"https:\\\/\\\/www.lfsl.net\\\/en\\\/gymnasieexamen-lfsl-required-qualifications\\\/\",\"name\":\"Gymnasieexamen LFSL - Required qualifications &#8211; Lyc\u00e9e Fran\u00e7ais Saint Louis de Stockholm\",\"isPartOf\":{\"@id\":\"https:\\\/\\\/www.lfsl.net\\\/en\\\/#website\"},\"datePublished\":\"2020-01-14T08:04:11+00:00\",\"dateModified\":\"2022-02-24T07:33:44+00:00\",\"breadcrumb\":{\"@id\":\"https:\\\/\\\/www.lfsl.net\\\/en\\\/gymnasieexamen-lfsl-required-qualifications\\\/#breadcrumb\"},\"inLanguage\":\"en-US\",\"potentialAction\":[{\"@type\":\"ReadAction\",\"target\":[\"https:\\\/\\\/www.lfsl.net\\\/en\\\/gymnasieexamen-lfsl-required-qualifications\\\/\"]}]},{\"@type\":\"BreadcrumbList\",\"@id\":\"https:\\\/\\\/www.lfsl.net\\\/en\\\/gymnasieexamen-lfsl-required-qualifications\\\/#breadcrumb\",\"itemListElement\":[{\"@type\":\"ListItem\",\"position\":1,\"name\":\"Home\",\"item\":\"https:\\\/\\\/www.lfsl.net\\\/en\\\/\"},{\"@type\":\"ListItem\",\"position\":2,\"name\":\"Gymnasieexamen LFSL &#8211; Required qualifications\"}]},{\"@type\":\"WebSite\",\"@id\":\"https:\\\/\\\/www.lfsl.net\\\/en\\\/#website\",\"url\":\"https:\\\/\\\/www.lfsl.net\\\/en\\\/\",\"name\":\"Lyc\u00e9e Fran\u00e7ais Saint Louis de Stockholm\",\"description\":\"\u00c9tablissement membre du r\u00e9seau AEFE\",\"publisher\":{\"@id\":\"https:\\\/\\\/www.lfsl.net\\\/en\\\/#organization\"},\"potentialAction\":[{\"@type\":\"SearchAction\",\"target\":{\"@type\":\"EntryPoint\",\"urlTemplate\":\"https:\\\/\\\/www.lfsl.net\\\/en\\\/?s={search_term_string}\"},\"query-input\":{\"@type\":\"PropertyValueSpecification\",\"valueRequired\":true,\"valueName\":\"search_term_string\"}}],\"inLanguage\":\"en-US\"},{\"@type\":\"Organization\",\"@id\":\"https:\\\/\\\/www.lfsl.net\\\/en\\\/#organization\",\"name\":\"Lyc\u00e9e Fran\u00e7ais Saint Louis\",\"url\":\"https:\\\/\\\/www.lfsl.net\\\/en\\\/\",\"logo\":{\"@type\":\"ImageObject\",\"inLanguage\":\"en-US\",\"@id\":\"https:\\\/\\\/www.lfsl.net\\\/en\\\/#\\\/schema\\\/logo\\\/image\\\/\",\"url\":\"https:\\\/\\\/www.lfsl.net\\\/wp-content\\\/uploads\\\/2021\\\/03\\\/LFSL-logo.jpg\",\"contentUrl\":\"https:\\\/\\\/www.lfsl.net\\\/wp-content\\\/uploads\\\/2021\\\/03\\\/LFSL-logo.jpg\",\"width\":330,\"height\":473,\"caption\":\"Lyc\u00e9e Fran\u00e7ais Saint Louis\"},\"image\":{\"@id\":\"https:\\\/\\\/www.lfsl.net\\\/en\\\/#\\\/schema\\\/logo\\\/image\\\/\"},\"sameAs\":[\"https:\\\/\\\/www.facebook.com\\\/Lyc\u00e9e-Francais-Saint-Louis-182116921840529\\\/\",\"https:\\\/\\\/www.instagram.com\\\/lyceefrancaisstockholm\\\/\",\"https:\\\/\\\/www.linkedin.com\\\/school\\\/lfsl\\\/\",\"https:\\\/\\\/www.youtube.com\\\/channel\\\/UCchS4IO4jE_YY0ILwn5NgGQ\"]}]}<\/script>\n<!-- \/ Yoast SEO plugin. -->","yoast_head_json":{"title":"Gymnasieexamen LFSL - Required qualifications &#8211; Lyc\u00e9e Fran\u00e7ais Saint Louis de Stockholm","robots":{"index":"index","follow":"follow","max-snippet":"max-snippet:-1","max-image-preview":"max-image-preview:large","max-video-preview":"max-video-preview:-1"},"canonical":"https:\/\/www.lfsl.net\/en\/gymnasieexamen-lfsl-required-qualifications\/","og_locale":"en_US","og_type":"article","og_title":"Gymnasieexamen LFSL - Required qualifications &#8211; Lyc\u00e9e Fran\u00e7ais Saint Louis de Stockholm","og_description":"To obtain the Gymnasieexamen you need to have: &#8211; at least the grade E (9\/20) in 2 250 points. &#8211; and at least the grade E in Swedish\/Swedish as a second language&nbsp;1, 2 et 3, English 6, Mathematics 1 &#8211; and the grade E in your TPT (personal high school work) To obtain the Gymnasieexamen ... Read more","og_url":"https:\/\/www.lfsl.net\/en\/gymnasieexamen-lfsl-required-qualifications\/","og_site_name":"Lyc\u00e9e Fran\u00e7ais Saint Louis de Stockholm","article_publisher":"https:\/\/www.facebook.com\/Lyc%c3%a9e-Francais-Saint-Louis-182116921840529\/","article_modified_time":"2022-02-24T07:33:44+00:00","og_image":[{"width":1440,"height":810,"url":"https:\/\/www.lfsl.net\/wp-content\/uploads\/2020\/03\/lsfl_logo-minimal_crop.jpg","type":"image\/jpeg"}],"twitter_card":"summary_large_image","schema":{"@context":"https:\/\/schema.org","@graph":[{"@type":"WebPage","@id":"https:\/\/www.lfsl.net\/en\/gymnasieexamen-lfsl-required-qualifications\/","url":"https:\/\/www.lfsl.net\/en\/gymnasieexamen-lfsl-required-qualifications\/","name":"Gymnasieexamen LFSL - Required qualifications &#8211; Lyc\u00e9e Fran\u00e7ais Saint Louis de Stockholm","isPartOf":{"@id":"https:\/\/www.lfsl.net\/en\/#website"},"datePublished":"2020-01-14T08:04:11+00:00","dateModified":"2022-02-24T07:33:44+00:00","breadcrumb":{"@id":"https:\/\/www.lfsl.net\/en\/gymnasieexamen-lfsl-required-qualifications\/#breadcrumb"},"inLanguage":"en-US","potentialAction":[{"@type":"ReadAction","target":["https:\/\/www.lfsl.net\/en\/gymnasieexamen-lfsl-required-qualifications\/"]}]},{"@type":"BreadcrumbList","@id":"https:\/\/www.lfsl.net\/en\/gymnasieexamen-lfsl-required-qualifications\/#breadcrumb","itemListElement":[{"@type":"ListItem","position":1,"name":"Home","item":"https:\/\/www.lfsl.net\/en\/"},{"@type":"ListItem","position":2,"name":"Gymnasieexamen LFSL &#8211; Required qualifications"}]},{"@type":"WebSite","@id":"https:\/\/www.lfsl.net\/en\/#website","url":"https:\/\/www.lfsl.net\/en\/","name":"Lyc\u00e9e Fran\u00e7ais Saint Louis de Stockholm","description":"\u00c9tablissement membre du r\u00e9seau AEFE","publisher":{"@id":"https:\/\/www.lfsl.net\/en\/#organization"},"potentialAction":[{"@type":"SearchAction","target":{"@type":"EntryPoint","urlTemplate":"https:\/\/www.lfsl.net\/en\/?s={search_term_string}"},"query-input":{"@type":"PropertyValueSpecification","valueRequired":true,"valueName":"search_term_string"}}],"inLanguage":"en-US"},{"@type":"Organization","@id":"https:\/\/www.lfsl.net\/en\/#organization","name":"Lyc\u00e9e Fran\u00e7ais Saint Louis","url":"https:\/\/www.lfsl.net\/en\/","logo":{"@type":"ImageObject","inLanguage":"en-US","@id":"https:\/\/www.lfsl.net\/en\/#\/schema\/logo\/image\/","url":"https:\/\/www.lfsl.net\/wp-content\/uploads\/2021\/03\/LFSL-logo.jpg","contentUrl":"https:\/\/www.lfsl.net\/wp-content\/uploads\/2021\/03\/LFSL-logo.jpg","width":330,"height":473,"caption":"Lyc\u00e9e Fran\u00e7ais Saint Louis"},"image":{"@id":"https:\/\/www.lfsl.net\/en\/#\/schema\/logo\/image\/"},"sameAs":["https:\/\/www.facebook.com\/Lyc\u00e9e-Francais-Saint-Louis-182116921840529\/","https:\/\/www.instagram.com\/lyceefrancaisstockholm\/","https:\/\/www.linkedin.com\/school\/lfsl\/","https:\/\/www.youtube.com\/channel\/UCchS4IO4jE_YY0ILwn5NgGQ"]}]}},"_links":{"self":[{"href":"https:\/\/www.lfsl.net\/en\/wp-json\/wp\/v2\/pages\/6149","targetHints":{"allow":["GET"]}}],"collection":[{"href":"https:\/\/www.lfsl.net\/en\/wp-json\/wp\/v2\/pages"}],"about":[{"href":"https:\/\/www.lfsl.net\/en\/wp-json\/wp\/v2\/types\/page"}],"author":[{"embeddable":true,"href":"https:\/\/www.lfsl.net\/en\/wp-json\/wp\/v2\/users\/3"}],"replies":[{"embeddable":true,"href":"https:\/\/www.lfsl.net\/en\/wp-json\/wp\/v2\/comments?post=6149"}],"version-history":[{"count":19,"href":"https:\/\/www.lfsl.net\/en\/wp-json\/wp\/v2\/pages\/6149\/revisions"}],"predecessor-version":[{"id":13124,"href":"https:\/\/www.lfsl.net\/en\/wp-json\/wp\/v2\/pages\/6149\/revisions\/13124"}],"wp:attachment":[{"href":"https:\/\/www.lfsl.net\/en\/wp-json\/wp\/v2\/media?parent=6149"}],"curies":[{"name":"wp","href":"https:\/\/api.w.org\/{rel}","templated":true}]}}