{"id":6151,"date":"2020-01-14T08:05:59","date_gmt":"2020-01-14T08:05:59","guid":{"rendered":"https:\/\/www.lfsl.net\/?page_id=6151"},"modified":"2021-09-24T10:08:44","modified_gmt":"2021-09-24T10:08:44","slug":"gymnasieexamen-lfsl-grades","status":"publish","type":"page","link":"https:\/\/www.lfsl.net\/en\/gymnasieexamen-lfsl-grades\/","title":{"rendered":"Gymnasieexamen LFSL &#8211; grades"},"content":{"rendered":"\n<p>The grades in the Gymnasieexamen are based on the grades in the bulletins from 2nde to Tale. The grades on the subjects that are following Swedish programmes are not based on the grades in the bulletins, but are given Swedish grades. This means that they might not correspond to the grades in the bulletins as the criteria sometimes are different.<\/p>\n\n\n\n<p>The diploma consists of a liste of courses, points and grades.<\/p>\n\n\n\n<p>Example: <\/p>\n\n\n\n<figure class=\"wp-block-image\"><img loading=\"lazy\" decoding=\"async\" width=\"695\" height=\"786\" src=\"https:\/\/www.lfsl.net\/wp-content\/uploads\/2020\/01\/Exempel-gyexamen-hemsida.png\" alt=\"\" class=\"wp-image-6297\" srcset=\"https:\/\/www.lfsl.net\/wp-content\/uploads\/2020\/01\/Exempel-gyexamen-hemsida.png 695w, https:\/\/www.lfsl.net\/wp-content\/uploads\/2020\/01\/Exempel-gyexamen-hemsida-531x600.png 531w\" sizes=\"auto, (max-width: 695px) 100vw, 695px\" \/><\/figure>\n\n\n\n<h4 class=\"wp-block-heading\">Swedish grades<\/h4>\n\n\n\n<p>The french grades in the bulletins from 2nde to Tale are calculated in different averages and then transferred to a &#8220;prelimin\u00e4rt j\u00e4mf\u00f6relsetal&#8221; (preliminary comparative) according to the scale below:<\/p>\n\n\n\n<div class=\"wp-block-columns has-2-columns is-layout-flex wp-container-core-columns-is-layout-9d6595d7 wp-block-columns-is-layout-flex\">\n<div class=\"wp-block-column is-layout-flow wp-block-column-is-layout-flow\">\n<p>SCALE FROM HT2021<\/p>\n\n\n\n<figure class=\"wp-block-table\"><table><thead><tr><th>Min<\/th><th>Max<\/th><th>Omvandlat svenskt betyg<\/th><\/tr><\/thead><tbody><tr><td>10,00<\/td><td>10,00<\/td><td>10,94<\/td><\/tr><tr><td>10,01<\/td><td>10,10<\/td><td>11,75<\/td><\/tr><tr><td>10,11<\/td><td>10,20<\/td><td>12,09<\/td><\/tr><tr><td>10,21<\/td><td>10,30<\/td><td>12,32<\/td><\/tr><tr><td>10,31<\/td><td>10,40<\/td><td>12,52<\/td><\/tr><tr><td>10,41<\/td><td>10,50<\/td><td>12,74<\/td><\/tr><tr><td>10,51<\/td><td>10,60<\/td><td>12,94<\/td><\/tr><tr><td>10,61<\/td><td>10,70<\/td><td>13,15<\/td><\/tr><tr><td>10,71<\/td><td>10,80<\/td><td>13,33<\/td><\/tr><tr><td>10,81<\/td><td>10,90<\/td><td>13,49<\/td><\/tr><tr><td>10,91<\/td><td>11,00<\/td><td>13,65<\/td><\/tr><tr><td>11,01<\/td><td>11,10<\/td><td>13,80<\/td><\/tr><tr><td>11,11<\/td><td>11,20<\/td><td>13,93<\/td><\/tr><tr><td>11,21<\/td><td>11,30<\/td><td>14,06<\/td><\/tr><tr><td>11,31<\/td><td>11,40<\/td><td>14,19<\/td><\/tr><tr><td>11,41<\/td><td>11,50<\/td><td>14,32<\/td><\/tr><tr><td>11,51<\/td><td>11,60<\/td><td>14,46<\/td><\/tr><tr><td>11,61<\/td><td>11,70<\/td><td>14,56<\/td><\/tr><tr><td>11,71<\/td><td>11,80<\/td><td>14,64<\/td><\/tr><tr><td>11,81<\/td><td>11,90<\/td><td>14,69<\/td><\/tr><tr><td>11,91<\/td><td>12,00<\/td><td>14,82<\/td><\/tr><tr><td>12,01<\/td><td>12,10<\/td><td>15,00<\/td><\/tr><tr><td>12,11<\/td><td>12,20<\/td><td>15,10<\/td><\/tr><tr><td>12,21<\/td><td>12,30<\/td><td>15,21<\/td><\/tr><tr><td>12,31<\/td><td>12,40<\/td><td>15,31<\/td><\/tr><tr><td>12,41<\/td><td>12,50<\/td><td>15,39<\/td><\/tr><tr><td>12,51<\/td><td>12,60<\/td><td>15,50<\/td><\/tr><tr><td>12,61<\/td><td>12,70<\/td><td>15,60<\/td><\/tr><tr><td>12,71<\/td><td>12,80<\/td><td>15,71<\/td><\/tr><tr><td>12,81<\/td><td>12,90<\/td><td>15,78<\/td><\/tr><tr><td>12,91<\/td><td>13,00<\/td><td>15,86<\/td><\/tr><tr><td>13,01<\/td><td>13,10<\/td><td>15,96<\/td><\/tr><tr><td>13,11<\/td><td>13,20<\/td><td>16,06<\/td><\/tr><tr><td>13,21<\/td><td>13,30<\/td><td>16,17<\/td><\/tr><tr><td>13,31<\/td><td>13,40<\/td><td>16,25<\/td><\/tr><tr><td>13,41<\/td><td>13,50<\/td><td>16,33<\/td><\/tr><tr><td>13,51<\/td><td>13,60<\/td><td>16,41<\/td><\/tr><tr><td>13,61<\/td><td>13,90<\/td><td>16,48<\/td><\/tr><tr><td>13,91<\/td><td>14,00<\/td><td>16,66<\/td><\/tr><tr><td>14,01<\/td><td>14,10<\/td><td>16,85<\/td><\/tr><tr><td>14,11<\/td><td>14,20<\/td><td>16,93<\/td><\/tr><tr><td>14,21<\/td><td>14,30<\/td><td>17,01<\/td><\/tr><tr><td>14,31<\/td><td>14,40<\/td><td>17,08<\/td><\/tr><tr><td>14,41<\/td><td>14,50<\/td><td>17,17<\/td><\/tr><tr><td>14,51<\/td><td>14,60<\/td><td>17,27<\/td><\/tr><tr><td>14,61<\/td><td>14,70<\/td><td>17,34<\/td><\/tr><tr><td>14,71<\/td><td>14,80<\/td><td>17,42<\/td><\/tr><tr><td>14,81<\/td><td>14,90<\/td><td>17,50<\/td><\/tr><tr><td>14,91<\/td><td>15,00<\/td><td>17,58<\/td><\/tr><tr><td>15,01<\/td><td>15,10<\/td><td>17,66<\/td><\/tr><tr><td>15,11<\/td><td>15,20<\/td><td>17,73<\/td><\/tr><tr><td>15,21<\/td><td>15,30<\/td><td>17,81<\/td><\/tr><tr><td>15,31<\/td><td>15,40<\/td><td>17,86<\/td><\/tr><tr><td>15,41<\/td><td>15,50<\/td><td>17,94<\/td><\/tr><tr><td>15,51<\/td><td>15,60<\/td><td>18,02<\/td><\/tr><tr><td>15,61<\/td><td>15,90<\/td><td>18,07<\/td><\/tr><tr><td>15,91<\/td><td>16,00<\/td><td>18,23<\/td><\/tr><tr><td>16,01<\/td><td>16,10<\/td><td>18,39<\/td><\/tr><tr><td>16,11<\/td><td>16,20<\/td><td>18,46<\/td><\/tr><tr><td>16,21<\/td><td>16,30<\/td><td>18,54<\/td><\/tr><tr><td>16,31<\/td><td>16,40<\/td><td>18,59<\/td><\/tr><tr><td>16,41<\/td><td>16,50<\/td><td>18,67<\/td><\/tr><tr><td>16,51<\/td><td>16,60<\/td><td>18,75<\/td><\/tr><tr><td>16,61<\/td><td>16,70<\/td><td>18,80<\/td><\/tr><tr><td>16,71<\/td><td>16,80<\/td><td>18,85<\/td><\/tr><tr><td>16,81<\/td><td>16,90<\/td><td>18,91<\/td><\/tr><tr><td>16,91<\/td><td>17,00<\/td><td>18,98<\/td><\/tr><tr><td>17,01<\/td><td>17,10<\/td><td>19,06<\/td><\/tr><tr><td>17,11<\/td><td>17,20<\/td><td>19,11<\/td><\/tr><tr><td>17,21<\/td><td>17,30<\/td><td>19,17<\/td><\/tr><tr><td>17,31<\/td><td>17,40<\/td><td>19,22<\/td><\/tr><tr><td>17,41<\/td><td>17,50<\/td><td>19,27<\/td><\/tr><tr><td>17,51<\/td><td>17,60<\/td><td>19,32<\/td><\/tr><tr><td>17,61<\/td><td>17,70<\/td><td>19,38<\/td><\/tr><tr><td>17,71<\/td><td>17,80<\/td><td>19,43<\/td><\/tr><tr><td>17,81<\/td><td>17,90<\/td><td>19,48<\/td><\/tr><tr><td>17,91<\/td><td>18,10<\/td><td>19,53<\/td><\/tr><tr><td>18,11<\/td><td>18,40<\/td><td>19,60<\/td><\/tr><tr><td>18,41<\/td><td>18,70<\/td><td>19,70<\/td><\/tr><tr><td>18,71<\/td><td>19,20<\/td><td>19,80<\/td><\/tr><tr><td>19,21<\/td><td>19,90<\/td><td>19,90<\/td><\/tr><tr><td>19,91<\/td><td>20,00<\/td><td>20,00<\/td><\/tr><\/tbody><\/table><\/figure>\n\n\n\n<p> <\/p>\n<\/div>\n\n\n\n<div class=\"wp-block-column is-layout-flow wp-block-column-is-layout-flow\">\n<p>And then they are translated to Swedish grades according to the following scale: <\/p>\n\n\n\n<p> F=0 \u2013 8 , E=9 \u2013 10, D=11 \u2013 12, C=13 \u2013 15, B=16 \u2013 17, A=18 \u2013 20 <\/p>\n\n\n\n<p>Example: a student has 13,21 in English. This number is transferred to 16,17, which is translated to the grade B. <\/p>\n<\/div>\n<\/div>\n","protected":false},"excerpt":{"rendered":"<p>The grades in the Gymnasieexamen are based on the grades in the bulletins from 2nde to Tale. The grades on the subjects that are following Swedish programmes are not based on the grades in the bulletins, but are given Swedish grades. This means that they might not correspond to the grades in the bulletins as &#8230; <\/p>\n<p class=\"read-more-container\"><a title=\"Gymnasieexamen LFSL &#8211; grades\" class=\"read-more button\" href=\"https:\/\/www.lfsl.net\/en\/gymnasieexamen-lfsl-grades\/#more-6151\" aria-label=\"Read more about Gymnasieexamen LFSL &#8211; grades\">Read more<\/a><\/p>\n","protected":false},"author":3,"featured_media":0,"parent":0,"menu_order":0,"comment_status":"closed","ping_status":"closed","template":"","meta":{"footnotes":""},"class_list":["post-6151","page","type-page","status-publish"],"yoast_head":"<!-- This site is optimized with the Yoast SEO plugin v27.4 - https:\/\/yoast.com\/product\/yoast-seo-wordpress\/ -->\n<title>Gymnasieexamen LFSL - grades &#8211; Lyc\u00e9e Fran\u00e7ais Saint Louis de Stockholm<\/title>\n<meta name=\"robots\" content=\"index, follow, max-snippet:-1, max-image-preview:large, max-video-preview:-1\" \/>\n<link rel=\"canonical\" href=\"https:\/\/www.lfsl.net\/en\/gymnasieexamen-lfsl-grades\/\" \/>\n<meta property=\"og:locale\" content=\"en_US\" \/>\n<meta property=\"og:type\" content=\"article\" \/>\n<meta property=\"og:title\" content=\"Gymnasieexamen LFSL - grades &#8211; Lyc\u00e9e Fran\u00e7ais Saint Louis de Stockholm\" \/>\n<meta property=\"og:description\" content=\"The grades in the Gymnasieexamen are based on the grades in the bulletins from 2nde to Tale. The grades on the subjects that are following Swedish programmes are not based on the grades in the bulletins, but are given Swedish grades. This means that they might not correspond to the grades in the bulletins as ... Read more\" \/>\n<meta property=\"og:url\" content=\"https:\/\/www.lfsl.net\/en\/gymnasieexamen-lfsl-grades\/\" \/>\n<meta property=\"og:site_name\" content=\"Lyc\u00e9e Fran\u00e7ais Saint Louis de Stockholm\" \/>\n<meta property=\"article:publisher\" content=\"https:\/\/www.facebook.com\/Lyc%c3%a9e-Francais-Saint-Louis-182116921840529\/\" \/>\n<meta property=\"article:modified_time\" content=\"2021-09-24T10:08:44+00:00\" \/>\n<meta property=\"og:image\" content=\"https:\/\/www.lfsl.net\/wp-content\/uploads\/2020\/01\/Exempel-gyexamen-hemsida.png\" \/>\n<meta name=\"twitter:card\" content=\"summary_large_image\" \/>\n<script type=\"application\/ld+json\" class=\"yoast-schema-graph\">{\"@context\":\"https:\\\/\\\/schema.org\",\"@graph\":[{\"@type\":\"WebPage\",\"@id\":\"https:\\\/\\\/www.lfsl.net\\\/en\\\/gymnasieexamen-lfsl-grades\\\/\",\"url\":\"https:\\\/\\\/www.lfsl.net\\\/en\\\/gymnasieexamen-lfsl-grades\\\/\",\"name\":\"Gymnasieexamen LFSL - grades &#8211; Lyc\u00e9e Fran\u00e7ais Saint Louis de Stockholm\",\"isPartOf\":{\"@id\":\"https:\\\/\\\/www.lfsl.net\\\/en\\\/#website\"},\"primaryImageOfPage\":{\"@id\":\"https:\\\/\\\/www.lfsl.net\\\/en\\\/gymnasieexamen-lfsl-grades\\\/#primaryimage\"},\"image\":{\"@id\":\"https:\\\/\\\/www.lfsl.net\\\/en\\\/gymnasieexamen-lfsl-grades\\\/#primaryimage\"},\"thumbnailUrl\":\"https:\\\/\\\/www.lfsl.net\\\/wp-content\\\/uploads\\\/2020\\\/01\\\/Exempel-gyexamen-hemsida.png\",\"datePublished\":\"2020-01-14T08:05:59+00:00\",\"dateModified\":\"2021-09-24T10:08:44+00:00\",\"breadcrumb\":{\"@id\":\"https:\\\/\\\/www.lfsl.net\\\/en\\\/gymnasieexamen-lfsl-grades\\\/#breadcrumb\"},\"inLanguage\":\"en-US\",\"potentialAction\":[{\"@type\":\"ReadAction\",\"target\":[\"https:\\\/\\\/www.lfsl.net\\\/en\\\/gymnasieexamen-lfsl-grades\\\/\"]}]},{\"@type\":\"ImageObject\",\"inLanguage\":\"en-US\",\"@id\":\"https:\\\/\\\/www.lfsl.net\\\/en\\\/gymnasieexamen-lfsl-grades\\\/#primaryimage\",\"url\":\"https:\\\/\\\/www.lfsl.net\\\/wp-content\\\/uploads\\\/2020\\\/01\\\/Exempel-gyexamen-hemsida.png\",\"contentUrl\":\"https:\\\/\\\/www.lfsl.net\\\/wp-content\\\/uploads\\\/2020\\\/01\\\/Exempel-gyexamen-hemsida.png\"},{\"@type\":\"BreadcrumbList\",\"@id\":\"https:\\\/\\\/www.lfsl.net\\\/en\\\/gymnasieexamen-lfsl-grades\\\/#breadcrumb\",\"itemListElement\":[{\"@type\":\"ListItem\",\"position\":1,\"name\":\"Home\",\"item\":\"https:\\\/\\\/www.lfsl.net\\\/en\\\/\"},{\"@type\":\"ListItem\",\"position\":2,\"name\":\"Gymnasieexamen LFSL &#8211; grades\"}]},{\"@type\":\"WebSite\",\"@id\":\"https:\\\/\\\/www.lfsl.net\\\/en\\\/#website\",\"url\":\"https:\\\/\\\/www.lfsl.net\\\/en\\\/\",\"name\":\"Lyc\u00e9e Fran\u00e7ais Saint Louis de Stockholm\",\"description\":\"\u00c9tablissement membre du r\u00e9seau AEFE\",\"publisher\":{\"@id\":\"https:\\\/\\\/www.lfsl.net\\\/en\\\/#organization\"},\"potentialAction\":[{\"@type\":\"SearchAction\",\"target\":{\"@type\":\"EntryPoint\",\"urlTemplate\":\"https:\\\/\\\/www.lfsl.net\\\/en\\\/?s={search_term_string}\"},\"query-input\":{\"@type\":\"PropertyValueSpecification\",\"valueRequired\":true,\"valueName\":\"search_term_string\"}}],\"inLanguage\":\"en-US\"},{\"@type\":\"Organization\",\"@id\":\"https:\\\/\\\/www.lfsl.net\\\/en\\\/#organization\",\"name\":\"Lyc\u00e9e Fran\u00e7ais Saint Louis\",\"url\":\"https:\\\/\\\/www.lfsl.net\\\/en\\\/\",\"logo\":{\"@type\":\"ImageObject\",\"inLanguage\":\"en-US\",\"@id\":\"https:\\\/\\\/www.lfsl.net\\\/en\\\/#\\\/schema\\\/logo\\\/image\\\/\",\"url\":\"https:\\\/\\\/www.lfsl.net\\\/wp-content\\\/uploads\\\/2021\\\/03\\\/LFSL-logo.jpg\",\"contentUrl\":\"https:\\\/\\\/www.lfsl.net\\\/wp-content\\\/uploads\\\/2021\\\/03\\\/LFSL-logo.jpg\",\"width\":330,\"height\":473,\"caption\":\"Lyc\u00e9e Fran\u00e7ais Saint Louis\"},\"image\":{\"@id\":\"https:\\\/\\\/www.lfsl.net\\\/en\\\/#\\\/schema\\\/logo\\\/image\\\/\"},\"sameAs\":[\"https:\\\/\\\/www.facebook.com\\\/Lyc\u00e9e-Francais-Saint-Louis-182116921840529\\\/\",\"https:\\\/\\\/www.instagram.com\\\/lyceefrancaisstockholm\\\/\",\"https:\\\/\\\/www.linkedin.com\\\/school\\\/lfsl\\\/\",\"https:\\\/\\\/www.youtube.com\\\/channel\\\/UCchS4IO4jE_YY0ILwn5NgGQ\"]}]}<\/script>\n<!-- \/ Yoast SEO plugin. -->","yoast_head_json":{"title":"Gymnasieexamen LFSL - grades &#8211; Lyc\u00e9e Fran\u00e7ais Saint Louis de Stockholm","robots":{"index":"index","follow":"follow","max-snippet":"max-snippet:-1","max-image-preview":"max-image-preview:large","max-video-preview":"max-video-preview:-1"},"canonical":"https:\/\/www.lfsl.net\/en\/gymnasieexamen-lfsl-grades\/","og_locale":"en_US","og_type":"article","og_title":"Gymnasieexamen LFSL - grades &#8211; Lyc\u00e9e Fran\u00e7ais Saint Louis de Stockholm","og_description":"The grades in the Gymnasieexamen are based on the grades in the bulletins from 2nde to Tale. The grades on the subjects that are following Swedish programmes are not based on the grades in the bulletins, but are given Swedish grades. This means that they might not correspond to the grades in the bulletins as ... Read more","og_url":"https:\/\/www.lfsl.net\/en\/gymnasieexamen-lfsl-grades\/","og_site_name":"Lyc\u00e9e Fran\u00e7ais Saint Louis de Stockholm","article_publisher":"https:\/\/www.facebook.com\/Lyc%c3%a9e-Francais-Saint-Louis-182116921840529\/","article_modified_time":"2021-09-24T10:08:44+00:00","og_image":[{"url":"https:\/\/www.lfsl.net\/wp-content\/uploads\/2020\/01\/Exempel-gyexamen-hemsida.png","type":"","width":"","height":""}],"twitter_card":"summary_large_image","schema":{"@context":"https:\/\/schema.org","@graph":[{"@type":"WebPage","@id":"https:\/\/www.lfsl.net\/en\/gymnasieexamen-lfsl-grades\/","url":"https:\/\/www.lfsl.net\/en\/gymnasieexamen-lfsl-grades\/","name":"Gymnasieexamen LFSL - grades &#8211; Lyc\u00e9e Fran\u00e7ais Saint Louis de Stockholm","isPartOf":{"@id":"https:\/\/www.lfsl.net\/en\/#website"},"primaryImageOfPage":{"@id":"https:\/\/www.lfsl.net\/en\/gymnasieexamen-lfsl-grades\/#primaryimage"},"image":{"@id":"https:\/\/www.lfsl.net\/en\/gymnasieexamen-lfsl-grades\/#primaryimage"},"thumbnailUrl":"https:\/\/www.lfsl.net\/wp-content\/uploads\/2020\/01\/Exempel-gyexamen-hemsida.png","datePublished":"2020-01-14T08:05:59+00:00","dateModified":"2021-09-24T10:08:44+00:00","breadcrumb":{"@id":"https:\/\/www.lfsl.net\/en\/gymnasieexamen-lfsl-grades\/#breadcrumb"},"inLanguage":"en-US","potentialAction":[{"@type":"ReadAction","target":["https:\/\/www.lfsl.net\/en\/gymnasieexamen-lfsl-grades\/"]}]},{"@type":"ImageObject","inLanguage":"en-US","@id":"https:\/\/www.lfsl.net\/en\/gymnasieexamen-lfsl-grades\/#primaryimage","url":"https:\/\/www.lfsl.net\/wp-content\/uploads\/2020\/01\/Exempel-gyexamen-hemsida.png","contentUrl":"https:\/\/www.lfsl.net\/wp-content\/uploads\/2020\/01\/Exempel-gyexamen-hemsida.png"},{"@type":"BreadcrumbList","@id":"https:\/\/www.lfsl.net\/en\/gymnasieexamen-lfsl-grades\/#breadcrumb","itemListElement":[{"@type":"ListItem","position":1,"name":"Home","item":"https:\/\/www.lfsl.net\/en\/"},{"@type":"ListItem","position":2,"name":"Gymnasieexamen LFSL &#8211; grades"}]},{"@type":"WebSite","@id":"https:\/\/www.lfsl.net\/en\/#website","url":"https:\/\/www.lfsl.net\/en\/","name":"Lyc\u00e9e Fran\u00e7ais Saint Louis de Stockholm","description":"\u00c9tablissement membre du r\u00e9seau AEFE","publisher":{"@id":"https:\/\/www.lfsl.net\/en\/#organization"},"potentialAction":[{"@type":"SearchAction","target":{"@type":"EntryPoint","urlTemplate":"https:\/\/www.lfsl.net\/en\/?s={search_term_string}"},"query-input":{"@type":"PropertyValueSpecification","valueRequired":true,"valueName":"search_term_string"}}],"inLanguage":"en-US"},{"@type":"Organization","@id":"https:\/\/www.lfsl.net\/en\/#organization","name":"Lyc\u00e9e Fran\u00e7ais Saint Louis","url":"https:\/\/www.lfsl.net\/en\/","logo":{"@type":"ImageObject","inLanguage":"en-US","@id":"https:\/\/www.lfsl.net\/en\/#\/schema\/logo\/image\/","url":"https:\/\/www.lfsl.net\/wp-content\/uploads\/2021\/03\/LFSL-logo.jpg","contentUrl":"https:\/\/www.lfsl.net\/wp-content\/uploads\/2021\/03\/LFSL-logo.jpg","width":330,"height":473,"caption":"Lyc\u00e9e Fran\u00e7ais Saint Louis"},"image":{"@id":"https:\/\/www.lfsl.net\/en\/#\/schema\/logo\/image\/"},"sameAs":["https:\/\/www.facebook.com\/Lyc\u00e9e-Francais-Saint-Louis-182116921840529\/","https:\/\/www.instagram.com\/lyceefrancaisstockholm\/","https:\/\/www.linkedin.com\/school\/lfsl\/","https:\/\/www.youtube.com\/channel\/UCchS4IO4jE_YY0ILwn5NgGQ"]}]}},"_links":{"self":[{"href":"https:\/\/www.lfsl.net\/en\/wp-json\/wp\/v2\/pages\/6151","targetHints":{"allow":["GET"]}}],"collection":[{"href":"https:\/\/www.lfsl.net\/en\/wp-json\/wp\/v2\/pages"}],"about":[{"href":"https:\/\/www.lfsl.net\/en\/wp-json\/wp\/v2\/types\/page"}],"author":[{"embeddable":true,"href":"https:\/\/www.lfsl.net\/en\/wp-json\/wp\/v2\/users\/3"}],"replies":[{"embeddable":true,"href":"https:\/\/www.lfsl.net\/en\/wp-json\/wp\/v2\/comments?post=6151"}],"version-history":[{"count":6,"href":"https:\/\/www.lfsl.net\/en\/wp-json\/wp\/v2\/pages\/6151\/revisions"}],"predecessor-version":[{"id":11918,"href":"https:\/\/www.lfsl.net\/en\/wp-json\/wp\/v2\/pages\/6151\/revisions\/11918"}],"wp:attachment":[{"href":"https:\/\/www.lfsl.net\/en\/wp-json\/wp\/v2\/media?parent=6151"}],"curies":[{"name":"wp","href":"https:\/\/api.w.org\/{rel}","templated":true}]}}