{"id":6158,"date":"2020-01-14T08:01:26","date_gmt":"2020-01-14T08:01:26","guid":{"rendered":"https:\/\/www.lfsl.net\/?page_id=6158"},"modified":"2025-04-24T09:46:12","modified_gmt":"2025-04-24T09:46:12","slug":"gymnasieexamen-lfsl-structure","status":"publish","type":"page","link":"https:\/\/www.lfsl.net\/en\/gymnasieexamen-lfsl-structure\/","title":{"rendered":"Gymnasieexamen LFSL &#8211; structure"},"content":{"rendered":"\n<p>At LFSL you choose to take Gymnasieexamen in 2nde and it lasts for three years. <\/p>\n\n\n\n<p>It is possible to choose the Gymnasieexamen from level B2 in Swedish.<\/p>\n\n\n\n<figure class=\"wp-block-image\"><img loading=\"lazy\" decoding=\"async\" width=\"1120\" height=\"345\" src=\"https:\/\/www.lfsl.net\/wp-content\/uploads\/2019\/12\/GERS-eng.png\" alt=\"\" class=\"wp-image-6162\" srcset=\"https:\/\/www.lfsl.net\/wp-content\/uploads\/2019\/12\/GERS-eng.png 1120w, https:\/\/www.lfsl.net\/wp-content\/uploads\/2019\/12\/GERS-eng-600x185.png 600w, https:\/\/www.lfsl.net\/wp-content\/uploads\/2019\/12\/GERS-eng-768x237.png 768w\" sizes=\"auto, (max-width: 1120px) 100vw, 1120px\" \/><\/figure>\n\n\n\n<h3 class=\"wp-block-heading\">Program<\/h3>\n\n\n\n<p>We offer two different programs and the choice is made in 1\u00e8re:<\/p>\n\n\n\n<p><strong>Samh\u00e4llsvetenskapsprogrammet med inriktning Samh\u00e4llsvetenskap<\/strong> (SASAM) &#8211; Social Science Program, here called SAM<\/p>\n\n\n\n<p><strong>Naturvetenskapsprogrammet med inriktning Naturvetenskap<\/strong> (NANAT) &#8211; Natural Science Program, here called NAT<\/p>\n\n\n\n<h3 class=\"wp-block-heading\">Content<\/h3>\n\n\n\n<h4 class=\"wp-block-heading\">Sam and Nat<\/h4>\n\n\n\n<p><strong>\u200bSvenska 1, 2, 3<\/strong>:&nbsp;3&nbsp;hours\/week<br>Programs:&nbsp;<a rel=\"noreferrer noopener\" href=\"https:\/\/drive.google.com\/open?id=1x84CbzBvpMUNJDCZPXTrg6f7w-Cieo7E\" target=\"_blank\">Svenska 1<\/a> (Swedish 1),&nbsp;<a rel=\"noreferrer noopener\" href=\"https:\/\/drive.google.com\/open?id=1yujZIDsoVZC1oXJLhKmAP1WlJdhcTQnq\" target=\"_blank\">Svenska som andraspr\u00e5k 1<\/a> (Swedish as a second language 1),&nbsp;<a rel=\"noreferrer noopener\" href=\"https:\/\/drive.google.com\/open?id=1ODIeSgs9I9IV_8LmmTTGJKCBCQkz9Uy9\" target=\"_blank\">Svenska 2<\/a> (Swedish 2),&nbsp;<a rel=\"noreferrer noopener\" href=\"https:\/\/drive.google.com\/open?id=1uiAuLPFcVRPKsVHiwDDXqNySSXPtZkJv\" target=\"_blank\">Svenska som andraspr\u00e5k 2<\/a> (Swedish as a second language 2),&nbsp;<a rel=\"noreferrer noopener\" href=\"https:\/\/drive.google.com\/open?id=1yxHRhF3C18bd3VJv_nuiL1Cf4j69raU6\" target=\"_blank\">Svenska 3<\/a> (Swedish 3) , <a href=\"https:\/\/drive.google.com\/open?id=13HjBrV7dgLsM5xflx0qEs0nBGkpKk6nb\" target=\"_blank\" rel=\"noreferrer noopener\" aria-label=\"Svenska som andrapr\u00e5k 3 (opens in a new tab)\">Svenska som andrapr\u00e5k 3<\/a> (Swedish as a second language 3).<\/p>\n\n\n\n<p><strong>SHS 2nde&nbsp;<\/strong>: 2 hours\/week <br>\u200bPrograms:&nbsp;<a rel=\"noreferrer noopener\" href=\"https:\/\/drive.google.com\/open?id=1GsRlWVI3JwcKv9L5Jr91WFFQIYA8uBxk\" target=\"_blank\">Historia 1b<\/a> (History 1b)&nbsp;,&nbsp;and <a rel=\"noreferrer noopener\" href=\"https:\/\/drive.google.com\/open?id=1R6qZWOhpJhN1IBTinDcFUuFHQrr6Hbh1\" target=\"_blank\">Samh\u00e4llskunskap 1b<\/a> (Social Science 1b)<\/p>\n\n\n\n<p><strong>Religionskunskap 1 en 1\u00e8re<\/strong>: 1  hour\/week <br>Program:&nbsp;<a href=\"https:\/\/drive.google.com\/open?id=1XWa93qwh2OFNUYy9YLWAuYh1fhLmseSM\" target=\"_blank\" rel=\"noreferrer noopener\">Religionskunskap 1<\/a> (Religion knowledge)<\/p>\n\n\n\n<p><strong>TPT (<a href=\"https:\/\/gymnasiearbetelfsl.weebly.com\/\" target=\"_blank\" rel=\"noreferrer noopener\">Gymnasiearbete<\/a>)<\/strong>&nbsp;= Personal work, Tale: 1  hour\/week <\/p>\n\n\n\n<div class=\"wp-block-columns has-2-columns is-layout-flex wp-container-core-columns-is-layout-9d6595d7 wp-block-columns-is-layout-flex\">\n<div class=\"wp-block-column is-layout-flow wp-block-column-is-layout-flow\">\n<h4 class=\"wp-block-heading\">SAM<\/h4>\n\n\n\n<p><strong>SHS 1\u00e8re, Tale<\/strong>: 2&nbsp;hours\/week<br>\u200bPrograms:&nbsp;<a href=\"https:\/\/drive.google.com\/open?id=1tqjqjYXDOy1nd17EU_zoCiPTOptu0YGV\" target=\"_blank\" rel=\"noreferrer noopener\">Historia 2a<\/a> (History 2a), <a aria-label=\"Samh\u00e4llskunskap 2 (s\u2019ouvre dans un nouvel onglet)\" href=\"https:\/\/drive.google.com\/open?id=1FciJrf8Nu7V87DqSKo-qqnfTi3deO2Ee\" target=\"_blank\" rel=\"noreferrer noopener\">Samh\u00e4llskunskap 2<\/a><a aria-label=\"Samh\u00e4llskunskap 2, Samh\u00e4llskunskap 3 (s\u2019ouvre dans un nouvel onglet)\" href=\"\/Users\/bitrrektor\/Downloads\/Samh_llskunskap.pdf\" target=\"_blank\" rel=\"noreferrer noopener\">, <\/a><a aria-label=\"Samh\u00e4llskunskap 3 (s\u2019ouvre dans un nouvel onglet)\" href=\"https:\/\/drive.google.com\/open?id=1evMQBXkr7PFAU4I8-MXHAkfxADO4L-S_\" target=\"_blank\" rel=\"noreferrer noopener\">Samh\u00e4llskunskap 3<\/a> (Social Science 2 and 3)<\/p>\n\n\n\n<p><strong>Religionskunskap&nbsp;2<\/strong>: 1  hour\/week  Program:&nbsp;<a href=\"https:\/\/drive.google.com\/open?id=1-CTqMP-kBPkdTfz1lBNgkvGXFddJKEyU\" target=\"_blank\" rel=\"noreferrer noopener\">Religionskunskap&nbsp;2<\/a> (Religion knowledge 2)<\/p>\n\n\n\n<p><strong>Psykologi 1<\/strong>: 1  hour\/week <br>Program:&nbsp;<a href=\"https:\/\/drive.google.com\/open?id=1Bm7IJPD0avzivzkG4s1tzlx2iWVPeNxa\" target=\"_blank\" rel=\"noreferrer noopener\">Psykologi 1<\/a> (Psychology 1)<\/p>\n<\/div>\n\n\n\n<div class=\"wp-block-column is-layout-flow wp-block-column-is-layout-flow\">\n<h4 class=\"wp-block-heading\">Nat<\/h4>\n\n\n\n<p>The classes integrated in the Samh\u00e4lllsvetenskapliga examen, but not in the Naturvetenskapliga examen can be added, if possible in the schedule.<\/p>\n\n\n\n<p>To see <a href=\"https:\/\/www.skolverket.se\/undervisning\/gymnasieskolan\/laroplan-program-och-amnen-i-gymnasieskolan\/hitta-program-amnen-och-kurser-i-gymnasieskolan\">all programs <\/a>you can go to <a aria-label=\"Skolverket's website (opens in a new tab)\" href=\"https:\/\/www.skolverket.se\/undervisning\/gymnasieskolan\/laroplan-program-och-amnen-i-gymnasieskolan\/hitta-program-amnen-och-kurser-i-gymnasieskolan\" target=\"_blank\" rel=\"noreferrer noopener\">Skolverket&#8217;s website<\/a>.<\/p>\n<\/div>\n<\/div>\n","protected":false},"excerpt":{"rendered":"<p>At LFSL you choose to take Gymnasieexamen in 2nde and it lasts for three years. It is possible to choose the Gymnasieexamen from level B2 in Swedish. Program We offer two different programs and the choice is made in 1\u00e8re: Samh\u00e4llsvetenskapsprogrammet med inriktning Samh\u00e4llsvetenskap (SASAM) &#8211; Social Science Program, here called SAM Naturvetenskapsprogrammet med inriktning &#8230; <\/p>\n<p class=\"read-more-container\"><a title=\"Gymnasieexamen LFSL &#8211; structure\" class=\"read-more button\" href=\"https:\/\/www.lfsl.net\/en\/gymnasieexamen-lfsl-structure\/#more-6158\" aria-label=\"Read more about Gymnasieexamen LFSL &#8211; structure\">Read more<\/a><\/p>\n","protected":false},"author":3,"featured_media":0,"parent":0,"menu_order":0,"comment_status":"closed","ping_status":"closed","template":"","meta":{"footnotes":""},"class_list":["post-6158","page","type-page","status-publish"],"yoast_head":"<!-- This site is optimized with the Yoast SEO plugin v27.4 - https:\/\/yoast.com\/product\/yoast-seo-wordpress\/ -->\n<title>Gymnasieexamen LFSL - structure &#8211; Lyc\u00e9e Fran\u00e7ais Saint Louis de Stockholm<\/title>\n<meta name=\"robots\" content=\"index, follow, max-snippet:-1, max-image-preview:large, max-video-preview:-1\" \/>\n<link rel=\"canonical\" href=\"https:\/\/www.lfsl.net\/en\/gymnasieexamen-lfsl-structure\/\" \/>\n<meta property=\"og:locale\" content=\"en_US\" \/>\n<meta property=\"og:type\" content=\"article\" \/>\n<meta property=\"og:title\" content=\"Gymnasieexamen LFSL - structure &#8211; Lyc\u00e9e Fran\u00e7ais Saint Louis de Stockholm\" \/>\n<meta property=\"og:description\" content=\"At LFSL you choose to take Gymnasieexamen in 2nde and it lasts for three years. It is possible to choose the Gymnasieexamen from level B2 in Swedish. Program We offer two different programs and the choice is made in 1\u00e8re: Samh\u00e4llsvetenskapsprogrammet med inriktning Samh\u00e4llsvetenskap (SASAM) &#8211; Social Science Program, here called SAM Naturvetenskapsprogrammet med inriktning ... Read more\" \/>\n<meta property=\"og:url\" content=\"https:\/\/www.lfsl.net\/en\/gymnasieexamen-lfsl-structure\/\" \/>\n<meta property=\"og:site_name\" content=\"Lyc\u00e9e Fran\u00e7ais Saint Louis de Stockholm\" \/>\n<meta property=\"article:publisher\" content=\"https:\/\/www.facebook.com\/Lyc%c3%a9e-Francais-Saint-Louis-182116921840529\/\" \/>\n<meta property=\"article:modified_time\" content=\"2025-04-24T09:46:12+00:00\" \/>\n<meta property=\"og:image\" content=\"https:\/\/www.lfsl.net\/wp-content\/uploads\/2019\/12\/GERS-eng.png\" \/>\n<meta name=\"twitter:card\" content=\"summary_large_image\" \/>\n<script type=\"application\/ld+json\" class=\"yoast-schema-graph\">{\"@context\":\"https:\\\/\\\/schema.org\",\"@graph\":[{\"@type\":\"WebPage\",\"@id\":\"https:\\\/\\\/www.lfsl.net\\\/en\\\/gymnasieexamen-lfsl-structure\\\/\",\"url\":\"https:\\\/\\\/www.lfsl.net\\\/en\\\/gymnasieexamen-lfsl-structure\\\/\",\"name\":\"Gymnasieexamen LFSL - structure &#8211; Lyc\u00e9e Fran\u00e7ais Saint Louis de Stockholm\",\"isPartOf\":{\"@id\":\"https:\\\/\\\/www.lfsl.net\\\/en\\\/#website\"},\"primaryImageOfPage\":{\"@id\":\"https:\\\/\\\/www.lfsl.net\\\/en\\\/gymnasieexamen-lfsl-structure\\\/#primaryimage\"},\"image\":{\"@id\":\"https:\\\/\\\/www.lfsl.net\\\/en\\\/gymnasieexamen-lfsl-structure\\\/#primaryimage\"},\"thumbnailUrl\":\"https:\\\/\\\/www.lfsl.net\\\/wp-content\\\/uploads\\\/2019\\\/12\\\/GERS-eng.png\",\"datePublished\":\"2020-01-14T08:01:26+00:00\",\"dateModified\":\"2025-04-24T09:46:12+00:00\",\"breadcrumb\":{\"@id\":\"https:\\\/\\\/www.lfsl.net\\\/en\\\/gymnasieexamen-lfsl-structure\\\/#breadcrumb\"},\"inLanguage\":\"en-US\",\"potentialAction\":[{\"@type\":\"ReadAction\",\"target\":[\"https:\\\/\\\/www.lfsl.net\\\/en\\\/gymnasieexamen-lfsl-structure\\\/\"]}]},{\"@type\":\"ImageObject\",\"inLanguage\":\"en-US\",\"@id\":\"https:\\\/\\\/www.lfsl.net\\\/en\\\/gymnasieexamen-lfsl-structure\\\/#primaryimage\",\"url\":\"https:\\\/\\\/www.lfsl.net\\\/wp-content\\\/uploads\\\/2019\\\/12\\\/GERS-eng.png\",\"contentUrl\":\"https:\\\/\\\/www.lfsl.net\\\/wp-content\\\/uploads\\\/2019\\\/12\\\/GERS-eng.png\"},{\"@type\":\"BreadcrumbList\",\"@id\":\"https:\\\/\\\/www.lfsl.net\\\/en\\\/gymnasieexamen-lfsl-structure\\\/#breadcrumb\",\"itemListElement\":[{\"@type\":\"ListItem\",\"position\":1,\"name\":\"Home\",\"item\":\"https:\\\/\\\/www.lfsl.net\\\/en\\\/\"},{\"@type\":\"ListItem\",\"position\":2,\"name\":\"Gymnasieexamen LFSL &#8211; structure\"}]},{\"@type\":\"WebSite\",\"@id\":\"https:\\\/\\\/www.lfsl.net\\\/en\\\/#website\",\"url\":\"https:\\\/\\\/www.lfsl.net\\\/en\\\/\",\"name\":\"Lyc\u00e9e Fran\u00e7ais Saint Louis de Stockholm\",\"description\":\"\u00c9tablissement membre du r\u00e9seau AEFE\",\"publisher\":{\"@id\":\"https:\\\/\\\/www.lfsl.net\\\/en\\\/#organization\"},\"potentialAction\":[{\"@type\":\"SearchAction\",\"target\":{\"@type\":\"EntryPoint\",\"urlTemplate\":\"https:\\\/\\\/www.lfsl.net\\\/en\\\/?s={search_term_string}\"},\"query-input\":{\"@type\":\"PropertyValueSpecification\",\"valueRequired\":true,\"valueName\":\"search_term_string\"}}],\"inLanguage\":\"en-US\"},{\"@type\":\"Organization\",\"@id\":\"https:\\\/\\\/www.lfsl.net\\\/en\\\/#organization\",\"name\":\"Lyc\u00e9e Fran\u00e7ais Saint Louis\",\"url\":\"https:\\\/\\\/www.lfsl.net\\\/en\\\/\",\"logo\":{\"@type\":\"ImageObject\",\"inLanguage\":\"en-US\",\"@id\":\"https:\\\/\\\/www.lfsl.net\\\/en\\\/#\\\/schema\\\/logo\\\/image\\\/\",\"url\":\"https:\\\/\\\/www.lfsl.net\\\/wp-content\\\/uploads\\\/2021\\\/03\\\/LFSL-logo.jpg\",\"contentUrl\":\"https:\\\/\\\/www.lfsl.net\\\/wp-content\\\/uploads\\\/2021\\\/03\\\/LFSL-logo.jpg\",\"width\":330,\"height\":473,\"caption\":\"Lyc\u00e9e Fran\u00e7ais Saint Louis\"},\"image\":{\"@id\":\"https:\\\/\\\/www.lfsl.net\\\/en\\\/#\\\/schema\\\/logo\\\/image\\\/\"},\"sameAs\":[\"https:\\\/\\\/www.facebook.com\\\/Lyc\u00e9e-Francais-Saint-Louis-182116921840529\\\/\",\"https:\\\/\\\/www.instagram.com\\\/lyceefrancaisstockholm\\\/\",\"https:\\\/\\\/www.linkedin.com\\\/school\\\/lfsl\\\/\",\"https:\\\/\\\/www.youtube.com\\\/channel\\\/UCchS4IO4jE_YY0ILwn5NgGQ\"]}]}<\/script>\n<!-- \/ Yoast SEO plugin. -->","yoast_head_json":{"title":"Gymnasieexamen LFSL - structure &#8211; Lyc\u00e9e Fran\u00e7ais Saint Louis de Stockholm","robots":{"index":"index","follow":"follow","max-snippet":"max-snippet:-1","max-image-preview":"max-image-preview:large","max-video-preview":"max-video-preview:-1"},"canonical":"https:\/\/www.lfsl.net\/en\/gymnasieexamen-lfsl-structure\/","og_locale":"en_US","og_type":"article","og_title":"Gymnasieexamen LFSL - structure &#8211; Lyc\u00e9e Fran\u00e7ais Saint Louis de Stockholm","og_description":"At LFSL you choose to take Gymnasieexamen in 2nde and it lasts for three years. It is possible to choose the Gymnasieexamen from level B2 in Swedish. Program We offer two different programs and the choice is made in 1\u00e8re: Samh\u00e4llsvetenskapsprogrammet med inriktning Samh\u00e4llsvetenskap (SASAM) &#8211; Social Science Program, here called SAM Naturvetenskapsprogrammet med inriktning ... Read more","og_url":"https:\/\/www.lfsl.net\/en\/gymnasieexamen-lfsl-structure\/","og_site_name":"Lyc\u00e9e Fran\u00e7ais Saint Louis de Stockholm","article_publisher":"https:\/\/www.facebook.com\/Lyc%c3%a9e-Francais-Saint-Louis-182116921840529\/","article_modified_time":"2025-04-24T09:46:12+00:00","og_image":[{"url":"https:\/\/www.lfsl.net\/wp-content\/uploads\/2019\/12\/GERS-eng.png","type":"","width":"","height":""}],"twitter_card":"summary_large_image","schema":{"@context":"https:\/\/schema.org","@graph":[{"@type":"WebPage","@id":"https:\/\/www.lfsl.net\/en\/gymnasieexamen-lfsl-structure\/","url":"https:\/\/www.lfsl.net\/en\/gymnasieexamen-lfsl-structure\/","name":"Gymnasieexamen LFSL - structure &#8211; Lyc\u00e9e Fran\u00e7ais Saint Louis de Stockholm","isPartOf":{"@id":"https:\/\/www.lfsl.net\/en\/#website"},"primaryImageOfPage":{"@id":"https:\/\/www.lfsl.net\/en\/gymnasieexamen-lfsl-structure\/#primaryimage"},"image":{"@id":"https:\/\/www.lfsl.net\/en\/gymnasieexamen-lfsl-structure\/#primaryimage"},"thumbnailUrl":"https:\/\/www.lfsl.net\/wp-content\/uploads\/2019\/12\/GERS-eng.png","datePublished":"2020-01-14T08:01:26+00:00","dateModified":"2025-04-24T09:46:12+00:00","breadcrumb":{"@id":"https:\/\/www.lfsl.net\/en\/gymnasieexamen-lfsl-structure\/#breadcrumb"},"inLanguage":"en-US","potentialAction":[{"@type":"ReadAction","target":["https:\/\/www.lfsl.net\/en\/gymnasieexamen-lfsl-structure\/"]}]},{"@type":"ImageObject","inLanguage":"en-US","@id":"https:\/\/www.lfsl.net\/en\/gymnasieexamen-lfsl-structure\/#primaryimage","url":"https:\/\/www.lfsl.net\/wp-content\/uploads\/2019\/12\/GERS-eng.png","contentUrl":"https:\/\/www.lfsl.net\/wp-content\/uploads\/2019\/12\/GERS-eng.png"},{"@type":"BreadcrumbList","@id":"https:\/\/www.lfsl.net\/en\/gymnasieexamen-lfsl-structure\/#breadcrumb","itemListElement":[{"@type":"ListItem","position":1,"name":"Home","item":"https:\/\/www.lfsl.net\/en\/"},{"@type":"ListItem","position":2,"name":"Gymnasieexamen LFSL &#8211; structure"}]},{"@type":"WebSite","@id":"https:\/\/www.lfsl.net\/en\/#website","url":"https:\/\/www.lfsl.net\/en\/","name":"Lyc\u00e9e Fran\u00e7ais Saint Louis de Stockholm","description":"\u00c9tablissement membre du r\u00e9seau AEFE","publisher":{"@id":"https:\/\/www.lfsl.net\/en\/#organization"},"potentialAction":[{"@type":"SearchAction","target":{"@type":"EntryPoint","urlTemplate":"https:\/\/www.lfsl.net\/en\/?s={search_term_string}"},"query-input":{"@type":"PropertyValueSpecification","valueRequired":true,"valueName":"search_term_string"}}],"inLanguage":"en-US"},{"@type":"Organization","@id":"https:\/\/www.lfsl.net\/en\/#organization","name":"Lyc\u00e9e Fran\u00e7ais Saint Louis","url":"https:\/\/www.lfsl.net\/en\/","logo":{"@type":"ImageObject","inLanguage":"en-US","@id":"https:\/\/www.lfsl.net\/en\/#\/schema\/logo\/image\/","url":"https:\/\/www.lfsl.net\/wp-content\/uploads\/2021\/03\/LFSL-logo.jpg","contentUrl":"https:\/\/www.lfsl.net\/wp-content\/uploads\/2021\/03\/LFSL-logo.jpg","width":330,"height":473,"caption":"Lyc\u00e9e Fran\u00e7ais Saint Louis"},"image":{"@id":"https:\/\/www.lfsl.net\/en\/#\/schema\/logo\/image\/"},"sameAs":["https:\/\/www.facebook.com\/Lyc\u00e9e-Francais-Saint-Louis-182116921840529\/","https:\/\/www.instagram.com\/lyceefrancaisstockholm\/","https:\/\/www.linkedin.com\/school\/lfsl\/","https:\/\/www.youtube.com\/channel\/UCchS4IO4jE_YY0ILwn5NgGQ"]}]}},"_links":{"self":[{"href":"https:\/\/www.lfsl.net\/en\/wp-json\/wp\/v2\/pages\/6158","targetHints":{"allow":["GET"]}}],"collection":[{"href":"https:\/\/www.lfsl.net\/en\/wp-json\/wp\/v2\/pages"}],"about":[{"href":"https:\/\/www.lfsl.net\/en\/wp-json\/wp\/v2\/types\/page"}],"author":[{"embeddable":true,"href":"https:\/\/www.lfsl.net\/en\/wp-json\/wp\/v2\/users\/3"}],"replies":[{"embeddable":true,"href":"https:\/\/www.lfsl.net\/en\/wp-json\/wp\/v2\/comments?post=6158"}],"version-history":[{"count":9,"href":"https:\/\/www.lfsl.net\/en\/wp-json\/wp\/v2\/pages\/6158\/revisions"}],"predecessor-version":[{"id":22606,"href":"https:\/\/www.lfsl.net\/en\/wp-json\/wp\/v2\/pages\/6158\/revisions\/22606"}],"wp:attachment":[{"href":"https:\/\/www.lfsl.net\/en\/wp-json\/wp\/v2\/media?parent=6158"}],"curies":[{"name":"wp","href":"https:\/\/api.w.org\/{rel}","templated":true}]}}