{"id":7230,"date":"2020-05-26T12:55:56","date_gmt":"2020-05-26T12:55:56","guid":{"rendered":"https:\/\/www.lfsl.net\/?page_id=7230"},"modified":"2025-10-21T09:54:13","modified_gmt":"2025-10-21T09:54:13","slug":"swedish-gymnasium-grades","status":"publish","type":"page","link":"https:\/\/www.lfsl.net\/en\/swedish-gymnasium-grades\/","title":{"rendered":"Swedish Gymnasium &#8211; Grades"},"content":{"rendered":"\n<h4 class=\"wp-block-heading\"><strong>Swedish grades<\/strong><\/h4>\n\n\n\n<p>Swedish grades are letters: A-F.\u00a0 When a student from a Swedish &#8220;h\u00f6gstadium&#8221; makes an application his\/her grades are transformed into points, according to the following scale: <br>A = 20<br>B =17,5<br>C =15<br>D =12,5<br>E =10<br>F =0<\/p>\n\n\n\n<h4 class=\"wp-block-heading\">To <strong>Calculate a Merit (meritv\u00e4rde<\/strong>)<\/h4>\n\n\n\n<p>To be able to calculate a merit you first have to transform your French grades into Swedish letters according to the scale below, and then into points. After that you sum up all the points. <\/p>\n\n\n\n<div class=\"wp-block-columns is-layout-flex wp-container-core-columns-is-layout-9d6595d7 wp-block-columns-is-layout-flex\">\n<div class=\"wp-block-column is-layout-flow wp-block-column-is-layout-flow\">\n<p><strong>14,81-20,00<br>12,51-14,80<br>10,31-12,50<br>10,10-10,30<br>09,00-10,09<\/strong><br><strong>00,00-08,99<\/strong><\/p>\n<\/div>\n\n\n\n<div class=\"wp-block-column is-layout-flow wp-block-column-is-layout-flow\">\n<p><strong>= A<br>= B<br>= C<br>= D<br>= E<br>= F<\/strong><\/p>\n<\/div>\n<\/div>\n\n\n\n<p>\u200bSubject                         French grade\u00a0 \u00a0 Swedish grade \u00a0 Swedish points<br>Histoire-G\u00e9ographie\u00a0 \u00a0 14,3\u00a0 \u00a0 \u00a0 \u00a0 \u00a0 \u00a0 \u00a0 \u00a0           B\u00a0 \u00a0 \u00a0 \u00a0 \u00a0 \u00a0 \u00a0 \u00a0 \u00a0 \u00a0 \u00a0 \u00a0 \u00a0 \u00a017,5<br>Anglais\u00a0 \u00a0 \u00a0 \u00a0 \u00a0 \u00a0 \u00a0 \u00a0 \u00a0 \u00a0 \u00a0 \u00a0 \u00a0 \u00a0 10,2\u00a0 \u00a0 \u00a0 \u00a0 \u00a0 \u00a0 \u00a0 \u00a0          D\u00a0 \u00a0 \u00a0 \u00a0 \u00a0 \u00a0 \u00a0 \u00a0 \u00a0 \u00a0 \u00a0 \u00a0 \u00a0 \u00a012,5<br>Math\u00e9matiques\u00a0 \u00a0 \u00a0 \u00a0 \u00a0 \u00a0 14,9\u00a0 \u00a0 \u00a0 \u00a0 \u00a0 \u00a0 \u00a0            A\u00a0 \u00a0 \u00a0 \u00a0 \u00a0 \u00a0 \u00a0 \u00a0 \u00a0 \u00a0 \u00a0 \u00a0 \u00a0 \u00a0 20,0<br>etc\u00a0 \u00a0 \u00a0 \u00a0 \u00a0 \u00a0 \u00a0 \u00a0 \u00a0 \u00a0 \u00a0 \u00a0 \u00a0 \u00a0 \u00a0 \u00a0 \u00a0 \u00a0 \u00a0 \u00a0 \u00a0 \u00a0 \u00a0 \u00a0 \u00a0 \u00a0 \u00a0 \u00a0 \u00a0 \u00a0 \u00a0 \u00a0 \u00a0 \u00a0 \u00a0 \u00a0 \u00a0 \u00a0 \u00a0 \u00a0 \u00a0 \u00a0 \u00a0 \u00a0 \u00a0 \u00a0 \u00a0 \u00a0 \u00a0 \u00a0 \u00a0 \u00a0 \u00a0 \u00a0 \u00a0 \u00a0 \u00a0 \u00a0 \u00a0 \u00a0 \u00a0 \u00a0 \u00a0 \u00a0 \u00a0 \u00a0 \u00a0 \u00a0 \u00a0 \u00a0 \u00a0 \u00a0 \u00a0 \u00a0 \u00a0 \u00a0 \u00a0 \u00a0 \u00a0 \u00a0 \u00a0 \u00a0 \u00a0 \u00a0 \u00a0 \u00a0 \u00a0 \u00a0 \u00a0 \u00a0 \u00a0 \u00a0 \u00a0 \u00a0 \u00a0 \u00a0 \u00a0 \u00a0 \u00a0 \u00a0\u00a0<strong>Meritv\u00e4rde\u00a050<\/strong><\/p>\n\n\n\n<h4 class=\"wp-block-heading\"><strong>Compare merit<\/strong> (Meritv\u00e4rden)<\/h4>\n\n\n\n<p>Students in Swedish schools have 17 subjects (16 if they take away one of the languages). The maximum meritv\u00e4rde is therefore 320-340 (with an A in all subjects).<\/p>\n\n\n\n<p>A student at LFSL has 12-13 subjects, which gives a meritv\u00e4rde of 240-260. This means that a student from LFSL can&#8217;t compare his\/her mertiv\u00e4rde with the Swedish ones as they don&#8217;t have the same amount of subjects. <\/p>\n\n\n\n<p>What you can do to get an idea of your chances, is to compare the number of points that the last person accepted has, i.e. the person with the lowest grades, the  &#8220;antagningsgr\u00e4ns&#8221;, the median and the merit. <\/p>\n\n\n\n<p><strong>Example:<\/strong><br>The admisson points from last year (<a href=\"http:\/\/www.gyantagningen.se\/slutliga-antagningar.html\">sl<\/a><font color=\"#000014\"><font style=\"background-color: rgba(23, 28, 143, 0.2);\"><a href=\"http:\/\/www.gyantagningen.se\/slutliga-antagningar.html\">utlig antagning<\/a><\/font><\/font>)<br>A school has the following points for one of their programs: &nbsp;<br>Antagningsgr\u00e4ns:&nbsp;<strong>285<\/strong><br>Median:&nbsp;<strong>305<\/strong><\/p>\n\n\n\n<p>Divide the &#8220;antagningsgr\u00e4ns&#8221; and the median with the number of subjects (17) to get an average.<br>Average &#8220;antagningsgr\u00e4ns&#8221;:&nbsp;<strong>16,8<\/strong><br>Average median:&nbsp;<strong>17,9<\/strong><br>These are the numbers you use to compare the average of your mertiv\u00e4rde. <\/p>\n\n\n\n<p>If your merit is 210 and you have 13 subjects, your average is:&nbsp;<strong>16.&nbsp;<\/strong>When you compare your average with the averages above you can see that your average is a bit lower. This doesn&#8217;t necessarily mean that you won&#8217;t get accepted: <br><\/p>\n\n\n\n<ul class=\"wp-block-list\">\n<li>The numbers on Gymnasieantagingen&#8217;s website are based on the admissions from last year.  <\/li>\n\n\n\n<li>You do your application within the &#8220;fri kvot&#8221; and the most important for the Swedish schools is that you have the right profile. <\/li>\n<\/ul>\n","protected":false},"excerpt":{"rendered":"<p>Swedish grades Swedish grades are letters: A-F.\u00a0 When a student from a Swedish &#8220;h\u00f6gstadium&#8221; makes an application his\/her grades are transformed into points, according to the following scale: A = 20B =17,5C =15D =12,5E =10F =0 To Calculate a Merit (meritv\u00e4rde) To be able to calculate a merit you first have to transform your French &#8230; <\/p>\n<p class=\"read-more-container\"><a title=\"Swedish Gymnasium &#8211; Grades\" class=\"read-more button\" href=\"https:\/\/www.lfsl.net\/en\/swedish-gymnasium-grades\/#more-7230\" aria-label=\"Read more about Swedish Gymnasium &#8211; Grades\">Read more<\/a><\/p>\n","protected":false},"author":3,"featured_media":0,"parent":0,"menu_order":0,"comment_status":"closed","ping_status":"closed","template":"","meta":{"footnotes":""},"class_list":["post-7230","page","type-page","status-publish"],"yoast_head":"<!-- This site is optimized with the Yoast SEO plugin v26.5 - https:\/\/yoast.com\/wordpress\/plugins\/seo\/ -->\n<title>Swedish Gymnasium - Grades &#8211; Lyc\u00e9e Fran\u00e7ais Saint Louis de Stockholm<\/title>\n<meta name=\"robots\" content=\"index, follow, max-snippet:-1, max-image-preview:large, max-video-preview:-1\" \/>\n<link rel=\"canonical\" href=\"https:\/\/www.lfsl.net\/en\/swedish-gymnasium-grades\/\" \/>\n<meta property=\"og:locale\" content=\"en_US\" \/>\n<meta property=\"og:type\" content=\"article\" \/>\n<meta property=\"og:title\" content=\"Swedish Gymnasium - Grades &#8211; Lyc\u00e9e Fran\u00e7ais Saint Louis de Stockholm\" \/>\n<meta property=\"og:description\" content=\"Swedish grades Swedish grades are letters: A-F.\u00a0 When a student from a Swedish &#8220;h\u00f6gstadium&#8221; makes an application his\/her grades are transformed into points, according to the following scale: A = 20B =17,5C =15D =12,5E =10F =0 To Calculate a Merit (meritv\u00e4rde) To be able to calculate a merit you first have to transform your French ... Read more\" \/>\n<meta property=\"og:url\" content=\"https:\/\/www.lfsl.net\/en\/swedish-gymnasium-grades\/\" \/>\n<meta property=\"og:site_name\" content=\"Lyc\u00e9e Fran\u00e7ais Saint Louis de Stockholm\" \/>\n<meta property=\"article:publisher\" content=\"https:\/\/www.facebook.com\/Lyc%c3%a9e-Francais-Saint-Louis-182116921840529\/\" \/>\n<meta property=\"article:modified_time\" content=\"2025-10-21T09:54:13+00:00\" \/>\n<meta property=\"og:image\" content=\"https:\/\/www.lfsl.net\/wp-content\/uploads\/2020\/03\/lsfl_logo-minimal_crop.jpg\" \/>\n\t<meta property=\"og:image:width\" content=\"1440\" \/>\n\t<meta property=\"og:image:height\" content=\"810\" \/>\n\t<meta property=\"og:image:type\" content=\"image\/jpeg\" \/>\n<meta name=\"twitter:card\" content=\"summary_large_image\" \/>\n<script type=\"application\/ld+json\" class=\"yoast-schema-graph\">{\"@context\":\"https:\/\/schema.org\",\"@graph\":[{\"@type\":\"WebPage\",\"@id\":\"https:\/\/www.lfsl.net\/en\/swedish-gymnasium-grades\/\",\"url\":\"https:\/\/www.lfsl.net\/en\/swedish-gymnasium-grades\/\",\"name\":\"Swedish Gymnasium - Grades &#8211; Lyc\u00e9e Fran\u00e7ais Saint Louis de Stockholm\",\"isPartOf\":{\"@id\":\"https:\/\/www.lfsl.net\/en\/#website\"},\"datePublished\":\"2020-05-26T12:55:56+00:00\",\"dateModified\":\"2025-10-21T09:54:13+00:00\",\"breadcrumb\":{\"@id\":\"https:\/\/www.lfsl.net\/en\/swedish-gymnasium-grades\/#breadcrumb\"},\"inLanguage\":\"en-US\",\"potentialAction\":[{\"@type\":\"ReadAction\",\"target\":[\"https:\/\/www.lfsl.net\/en\/swedish-gymnasium-grades\/\"]}]},{\"@type\":\"BreadcrumbList\",\"@id\":\"https:\/\/www.lfsl.net\/en\/swedish-gymnasium-grades\/#breadcrumb\",\"itemListElement\":[{\"@type\":\"ListItem\",\"position\":1,\"name\":\"Home\",\"item\":\"https:\/\/www.lfsl.net\/en\/\"},{\"@type\":\"ListItem\",\"position\":2,\"name\":\"Swedish Gymnasium &#8211; Grades\"}]},{\"@type\":\"WebSite\",\"@id\":\"https:\/\/www.lfsl.net\/en\/#website\",\"url\":\"https:\/\/www.lfsl.net\/en\/\",\"name\":\"Lyc\u00e9e Fran\u00e7ais Saint Louis de Stockholm\",\"description\":\"\u00c9tablissement membre du r\u00e9seau AEFE\",\"publisher\":{\"@id\":\"https:\/\/www.lfsl.net\/en\/#organization\"},\"potentialAction\":[{\"@type\":\"SearchAction\",\"target\":{\"@type\":\"EntryPoint\",\"urlTemplate\":\"https:\/\/www.lfsl.net\/en\/?s={search_term_string}\"},\"query-input\":{\"@type\":\"PropertyValueSpecification\",\"valueRequired\":true,\"valueName\":\"search_term_string\"}}],\"inLanguage\":\"en-US\"},{\"@type\":\"Organization\",\"@id\":\"https:\/\/www.lfsl.net\/en\/#organization\",\"name\":\"Lyc\u00e9e Fran\u00e7ais Saint Louis\",\"url\":\"https:\/\/www.lfsl.net\/en\/\",\"logo\":{\"@type\":\"ImageObject\",\"inLanguage\":\"en-US\",\"@id\":\"https:\/\/www.lfsl.net\/en\/#\/schema\/logo\/image\/\",\"url\":\"https:\/\/www.lfsl.net\/wp-content\/uploads\/2021\/03\/LFSL-logo.jpg\",\"contentUrl\":\"https:\/\/www.lfsl.net\/wp-content\/uploads\/2021\/03\/LFSL-logo.jpg\",\"width\":330,\"height\":473,\"caption\":\"Lyc\u00e9e Fran\u00e7ais Saint Louis\"},\"image\":{\"@id\":\"https:\/\/www.lfsl.net\/en\/#\/schema\/logo\/image\/\"},\"sameAs\":[\"https:\/\/www.facebook.com\/Lyc\u00e9e-Francais-Saint-Louis-182116921840529\/\",\"https:\/\/www.instagram.com\/lyceefrancaisstockholm\/\",\"https:\/\/www.linkedin.com\/school\/lfsl\/\",\"https:\/\/www.youtube.com\/channel\/UCchS4IO4jE_YY0ILwn5NgGQ\"]}]}<\/script>\n<!-- \/ Yoast SEO plugin. -->","yoast_head_json":{"title":"Swedish Gymnasium - Grades &#8211; Lyc\u00e9e Fran\u00e7ais Saint Louis de Stockholm","robots":{"index":"index","follow":"follow","max-snippet":"max-snippet:-1","max-image-preview":"max-image-preview:large","max-video-preview":"max-video-preview:-1"},"canonical":"https:\/\/www.lfsl.net\/en\/swedish-gymnasium-grades\/","og_locale":"en_US","og_type":"article","og_title":"Swedish Gymnasium - Grades &#8211; Lyc\u00e9e Fran\u00e7ais Saint Louis de Stockholm","og_description":"Swedish grades Swedish grades are letters: A-F.\u00a0 When a student from a Swedish &#8220;h\u00f6gstadium&#8221; makes an application his\/her grades are transformed into points, according to the following scale: A = 20B =17,5C =15D =12,5E =10F =0 To Calculate a Merit (meritv\u00e4rde) To be able to calculate a merit you first have to transform your French ... Read more","og_url":"https:\/\/www.lfsl.net\/en\/swedish-gymnasium-grades\/","og_site_name":"Lyc\u00e9e Fran\u00e7ais Saint Louis de Stockholm","article_publisher":"https:\/\/www.facebook.com\/Lyc%c3%a9e-Francais-Saint-Louis-182116921840529\/","article_modified_time":"2025-10-21T09:54:13+00:00","og_image":[{"width":1440,"height":810,"url":"https:\/\/www.lfsl.net\/wp-content\/uploads\/2020\/03\/lsfl_logo-minimal_crop.jpg","type":"image\/jpeg"}],"twitter_card":"summary_large_image","schema":{"@context":"https:\/\/schema.org","@graph":[{"@type":"WebPage","@id":"https:\/\/www.lfsl.net\/en\/swedish-gymnasium-grades\/","url":"https:\/\/www.lfsl.net\/en\/swedish-gymnasium-grades\/","name":"Swedish Gymnasium - Grades &#8211; Lyc\u00e9e Fran\u00e7ais Saint Louis de Stockholm","isPartOf":{"@id":"https:\/\/www.lfsl.net\/en\/#website"},"datePublished":"2020-05-26T12:55:56+00:00","dateModified":"2025-10-21T09:54:13+00:00","breadcrumb":{"@id":"https:\/\/www.lfsl.net\/en\/swedish-gymnasium-grades\/#breadcrumb"},"inLanguage":"en-US","potentialAction":[{"@type":"ReadAction","target":["https:\/\/www.lfsl.net\/en\/swedish-gymnasium-grades\/"]}]},{"@type":"BreadcrumbList","@id":"https:\/\/www.lfsl.net\/en\/swedish-gymnasium-grades\/#breadcrumb","itemListElement":[{"@type":"ListItem","position":1,"name":"Home","item":"https:\/\/www.lfsl.net\/en\/"},{"@type":"ListItem","position":2,"name":"Swedish Gymnasium &#8211; Grades"}]},{"@type":"WebSite","@id":"https:\/\/www.lfsl.net\/en\/#website","url":"https:\/\/www.lfsl.net\/en\/","name":"Lyc\u00e9e Fran\u00e7ais Saint Louis de Stockholm","description":"\u00c9tablissement membre du r\u00e9seau AEFE","publisher":{"@id":"https:\/\/www.lfsl.net\/en\/#organization"},"potentialAction":[{"@type":"SearchAction","target":{"@type":"EntryPoint","urlTemplate":"https:\/\/www.lfsl.net\/en\/?s={search_term_string}"},"query-input":{"@type":"PropertyValueSpecification","valueRequired":true,"valueName":"search_term_string"}}],"inLanguage":"en-US"},{"@type":"Organization","@id":"https:\/\/www.lfsl.net\/en\/#organization","name":"Lyc\u00e9e Fran\u00e7ais Saint Louis","url":"https:\/\/www.lfsl.net\/en\/","logo":{"@type":"ImageObject","inLanguage":"en-US","@id":"https:\/\/www.lfsl.net\/en\/#\/schema\/logo\/image\/","url":"https:\/\/www.lfsl.net\/wp-content\/uploads\/2021\/03\/LFSL-logo.jpg","contentUrl":"https:\/\/www.lfsl.net\/wp-content\/uploads\/2021\/03\/LFSL-logo.jpg","width":330,"height":473,"caption":"Lyc\u00e9e Fran\u00e7ais Saint Louis"},"image":{"@id":"https:\/\/www.lfsl.net\/en\/#\/schema\/logo\/image\/"},"sameAs":["https:\/\/www.facebook.com\/Lyc\u00e9e-Francais-Saint-Louis-182116921840529\/","https:\/\/www.instagram.com\/lyceefrancaisstockholm\/","https:\/\/www.linkedin.com\/school\/lfsl\/","https:\/\/www.youtube.com\/channel\/UCchS4IO4jE_YY0ILwn5NgGQ"]}]}},"_links":{"self":[{"href":"https:\/\/www.lfsl.net\/en\/wp-json\/wp\/v2\/pages\/7230","targetHints":{"allow":["GET"]}}],"collection":[{"href":"https:\/\/www.lfsl.net\/en\/wp-json\/wp\/v2\/pages"}],"about":[{"href":"https:\/\/www.lfsl.net\/en\/wp-json\/wp\/v2\/types\/page"}],"author":[{"embeddable":true,"href":"https:\/\/www.lfsl.net\/en\/wp-json\/wp\/v2\/users\/3"}],"replies":[{"embeddable":true,"href":"https:\/\/www.lfsl.net\/en\/wp-json\/wp\/v2\/comments?post=7230"}],"version-history":[{"count":11,"href":"https:\/\/www.lfsl.net\/en\/wp-json\/wp\/v2\/pages\/7230\/revisions"}],"predecessor-version":[{"id":24128,"href":"https:\/\/www.lfsl.net\/en\/wp-json\/wp\/v2\/pages\/7230\/revisions\/24128"}],"wp:attachment":[{"href":"https:\/\/www.lfsl.net\/en\/wp-json\/wp\/v2\/media?parent=7230"}],"curies":[{"name":"wp","href":"https:\/\/api.w.org\/{rel}","templated":true}]}}