{"id":7238,"date":"2020-05-26T12:55:29","date_gmt":"2020-05-26T12:55:29","guid":{"rendered":"https:\/\/www.lfsl.net\/?page_id=7238"},"modified":"2020-05-26T12:55:30","modified_gmt":"2020-05-26T12:55:30","slug":"swedish-gymnasium-fri-kvot","status":"publish","type":"page","link":"https:\/\/www.lfsl.net\/en\/swedish-gymnasium-fri-kvot\/","title":{"rendered":"Swedish Gymnasium &#8211; Fri kvot"},"content":{"rendered":"\n<h4 class=\"wp-block-heading\">Fri kvot<\/h4>\n\n\n\n<p>Students from international schools do their application within the quota&nbsp;<strong>fri kvot&nbsp;<\/strong> (free quota). Click <a href=\"http:\/\/www.gyantagningen.se\/ansokan-antagning\/fri-kvot-utlandska-betyg.html\" target=\"_blank\" rel=\"noreferrer noopener\">here<\/a>&nbsp;for more information.<\/p>\n\n\n\n<p>Our bulletins are sent to Gymnasieantagningen with a scale to help them translate our grades* and with an explication of our subjects. It is the the Swedish schools that are responsible for making the selection. For public schools, the municipality is responsible, for private school it is a person working at that school who is responsible. <\/p>\n\n\n\n<p>LFSL sends all three bulletins from 3\u00e8me, but often the municipality\/school looks specifically at the bulletin from the third trimester. LFSL also sends the Swedish grade in SPS. <\/p>\n\n\n\n<h4 class=\"wp-block-heading\"><strong>Selection<\/strong><\/h4>\n\n\n\n<p>If more than one student has the same grade and the school has to make a choice,  they have to use one of the four criteria. <\/p>\n\n\n\n<ul class=\"wp-block-list\"><li>Student&#8217;s choice (priority), grades and random (- the most common) <\/li><li>Math + Physics, Chemistry, SVT,&nbsp; student&#8217;s choice (priority), grades and random <\/li><li>English + SPS + SHS,&nbsp; student&#8217;s choice (priority), grades and random <\/li><li>SPS,&nbsp; student&#8217;s choice (priority), grades and random <\/li><\/ul>\n\n\n\n<p>*<strong>A = 18 \u2013 20<br>B = 16 \u2013 17<br>C = 13 \u2013 15<br>D = 11 \u2013 12<br>E = 9 \u2013 10<br>\u200bF = 0 \u2013 8<\/strong><\/p>\n","protected":false},"excerpt":{"rendered":"<p>Fri kvot Students from international schools do their application within the quota&nbsp;fri kvot&nbsp; (free quota). Click here&nbsp;for more information. Our bulletins are sent to Gymnasieantagningen with a scale to help them translate our grades* and with an explication of our subjects. It is the the Swedish schools that are responsible for making the selection. For &#8230; <\/p>\n<p class=\"read-more-container\"><a title=\"Swedish Gymnasium &#8211; Fri kvot\" class=\"read-more button\" href=\"https:\/\/www.lfsl.net\/en\/swedish-gymnasium-fri-kvot\/#more-7238\" aria-label=\"Read more about Swedish Gymnasium &#8211; Fri kvot\">Read more<\/a><\/p>\n","protected":false},"author":3,"featured_media":0,"parent":0,"menu_order":0,"comment_status":"closed","ping_status":"closed","template":"","meta":{"footnotes":""},"class_list":["post-7238","page","type-page","status-publish"],"yoast_head":"<!-- This site is optimized with the Yoast SEO plugin v27.4 - https:\/\/yoast.com\/product\/yoast-seo-wordpress\/ -->\n<title>Swedish Gymnasium - Fri kvot &#8211; Lyc\u00e9e Fran\u00e7ais Saint Louis de Stockholm<\/title>\n<meta name=\"robots\" content=\"index, follow, max-snippet:-1, max-image-preview:large, max-video-preview:-1\" \/>\n<link rel=\"canonical\" href=\"https:\/\/www.lfsl.net\/en\/swedish-gymnasium-fri-kvot\/\" \/>\n<meta property=\"og:locale\" content=\"en_US\" \/>\n<meta property=\"og:type\" content=\"article\" \/>\n<meta property=\"og:title\" content=\"Swedish Gymnasium - Fri kvot &#8211; Lyc\u00e9e Fran\u00e7ais Saint Louis de Stockholm\" \/>\n<meta property=\"og:description\" content=\"Fri kvot Students from international schools do their application within the quota&nbsp;fri kvot&nbsp; (free quota). Click here&nbsp;for more information. Our bulletins are sent to Gymnasieantagningen with a scale to help them translate our grades* and with an explication of our subjects. It is the the Swedish schools that are responsible for making the selection. For ... Read more\" \/>\n<meta property=\"og:url\" content=\"https:\/\/www.lfsl.net\/en\/swedish-gymnasium-fri-kvot\/\" \/>\n<meta property=\"og:site_name\" content=\"Lyc\u00e9e Fran\u00e7ais Saint Louis de Stockholm\" \/>\n<meta property=\"article:publisher\" content=\"https:\/\/www.facebook.com\/Lyc%c3%a9e-Francais-Saint-Louis-182116921840529\/\" \/>\n<meta property=\"article:modified_time\" content=\"2020-05-26T12:55:30+00:00\" \/>\n<meta property=\"og:image\" content=\"https:\/\/www.lfsl.net\/wp-content\/uploads\/2020\/03\/lsfl_logo-minimal_crop.jpg\" \/>\n\t<meta property=\"og:image:width\" content=\"1440\" \/>\n\t<meta property=\"og:image:height\" content=\"810\" \/>\n\t<meta property=\"og:image:type\" content=\"image\/jpeg\" \/>\n<meta name=\"twitter:card\" content=\"summary_large_image\" \/>\n<script type=\"application\/ld+json\" class=\"yoast-schema-graph\">{\"@context\":\"https:\\\/\\\/schema.org\",\"@graph\":[{\"@type\":\"WebPage\",\"@id\":\"https:\\\/\\\/www.lfsl.net\\\/en\\\/swedish-gymnasium-fri-kvot\\\/\",\"url\":\"https:\\\/\\\/www.lfsl.net\\\/en\\\/swedish-gymnasium-fri-kvot\\\/\",\"name\":\"Swedish Gymnasium - Fri kvot &#8211; Lyc\u00e9e Fran\u00e7ais Saint Louis de Stockholm\",\"isPartOf\":{\"@id\":\"https:\\\/\\\/www.lfsl.net\\\/en\\\/#website\"},\"datePublished\":\"2020-05-26T12:55:29+00:00\",\"dateModified\":\"2020-05-26T12:55:30+00:00\",\"breadcrumb\":{\"@id\":\"https:\\\/\\\/www.lfsl.net\\\/en\\\/swedish-gymnasium-fri-kvot\\\/#breadcrumb\"},\"inLanguage\":\"en-US\",\"potentialAction\":[{\"@type\":\"ReadAction\",\"target\":[\"https:\\\/\\\/www.lfsl.net\\\/en\\\/swedish-gymnasium-fri-kvot\\\/\"]}]},{\"@type\":\"BreadcrumbList\",\"@id\":\"https:\\\/\\\/www.lfsl.net\\\/en\\\/swedish-gymnasium-fri-kvot\\\/#breadcrumb\",\"itemListElement\":[{\"@type\":\"ListItem\",\"position\":1,\"name\":\"Home\",\"item\":\"https:\\\/\\\/www.lfsl.net\\\/en\\\/\"},{\"@type\":\"ListItem\",\"position\":2,\"name\":\"Swedish Gymnasium &#8211; Fri kvot\"}]},{\"@type\":\"WebSite\",\"@id\":\"https:\\\/\\\/www.lfsl.net\\\/en\\\/#website\",\"url\":\"https:\\\/\\\/www.lfsl.net\\\/en\\\/\",\"name\":\"Lyc\u00e9e Fran\u00e7ais Saint Louis de Stockholm\",\"description\":\"\u00c9tablissement membre du r\u00e9seau AEFE\",\"publisher\":{\"@id\":\"https:\\\/\\\/www.lfsl.net\\\/en\\\/#organization\"},\"potentialAction\":[{\"@type\":\"SearchAction\",\"target\":{\"@type\":\"EntryPoint\",\"urlTemplate\":\"https:\\\/\\\/www.lfsl.net\\\/en\\\/?s={search_term_string}\"},\"query-input\":{\"@type\":\"PropertyValueSpecification\",\"valueRequired\":true,\"valueName\":\"search_term_string\"}}],\"inLanguage\":\"en-US\"},{\"@type\":\"Organization\",\"@id\":\"https:\\\/\\\/www.lfsl.net\\\/en\\\/#organization\",\"name\":\"Lyc\u00e9e Fran\u00e7ais Saint Louis\",\"url\":\"https:\\\/\\\/www.lfsl.net\\\/en\\\/\",\"logo\":{\"@type\":\"ImageObject\",\"inLanguage\":\"en-US\",\"@id\":\"https:\\\/\\\/www.lfsl.net\\\/en\\\/#\\\/schema\\\/logo\\\/image\\\/\",\"url\":\"https:\\\/\\\/www.lfsl.net\\\/wp-content\\\/uploads\\\/2021\\\/03\\\/LFSL-logo.jpg\",\"contentUrl\":\"https:\\\/\\\/www.lfsl.net\\\/wp-content\\\/uploads\\\/2021\\\/03\\\/LFSL-logo.jpg\",\"width\":330,\"height\":473,\"caption\":\"Lyc\u00e9e Fran\u00e7ais Saint Louis\"},\"image\":{\"@id\":\"https:\\\/\\\/www.lfsl.net\\\/en\\\/#\\\/schema\\\/logo\\\/image\\\/\"},\"sameAs\":[\"https:\\\/\\\/www.facebook.com\\\/Lyc\u00e9e-Francais-Saint-Louis-182116921840529\\\/\",\"https:\\\/\\\/www.instagram.com\\\/lyceefrancaisstockholm\\\/\",\"https:\\\/\\\/www.linkedin.com\\\/school\\\/lfsl\\\/\",\"https:\\\/\\\/www.youtube.com\\\/channel\\\/UCchS4IO4jE_YY0ILwn5NgGQ\"]}]}<\/script>\n<!-- \/ Yoast SEO plugin. -->","yoast_head_json":{"title":"Swedish Gymnasium - Fri kvot &#8211; Lyc\u00e9e Fran\u00e7ais Saint Louis de Stockholm","robots":{"index":"index","follow":"follow","max-snippet":"max-snippet:-1","max-image-preview":"max-image-preview:large","max-video-preview":"max-video-preview:-1"},"canonical":"https:\/\/www.lfsl.net\/en\/swedish-gymnasium-fri-kvot\/","og_locale":"en_US","og_type":"article","og_title":"Swedish Gymnasium - Fri kvot &#8211; Lyc\u00e9e Fran\u00e7ais Saint Louis de Stockholm","og_description":"Fri kvot Students from international schools do their application within the quota&nbsp;fri kvot&nbsp; (free quota). Click here&nbsp;for more information. Our bulletins are sent to Gymnasieantagningen with a scale to help them translate our grades* and with an explication of our subjects. It is the the Swedish schools that are responsible for making the selection. For ... Read more","og_url":"https:\/\/www.lfsl.net\/en\/swedish-gymnasium-fri-kvot\/","og_site_name":"Lyc\u00e9e Fran\u00e7ais Saint Louis de Stockholm","article_publisher":"https:\/\/www.facebook.com\/Lyc%c3%a9e-Francais-Saint-Louis-182116921840529\/","article_modified_time":"2020-05-26T12:55:30+00:00","og_image":[{"width":1440,"height":810,"url":"https:\/\/www.lfsl.net\/wp-content\/uploads\/2020\/03\/lsfl_logo-minimal_crop.jpg","type":"image\/jpeg"}],"twitter_card":"summary_large_image","schema":{"@context":"https:\/\/schema.org","@graph":[{"@type":"WebPage","@id":"https:\/\/www.lfsl.net\/en\/swedish-gymnasium-fri-kvot\/","url":"https:\/\/www.lfsl.net\/en\/swedish-gymnasium-fri-kvot\/","name":"Swedish Gymnasium - Fri kvot &#8211; Lyc\u00e9e Fran\u00e7ais Saint Louis de Stockholm","isPartOf":{"@id":"https:\/\/www.lfsl.net\/en\/#website"},"datePublished":"2020-05-26T12:55:29+00:00","dateModified":"2020-05-26T12:55:30+00:00","breadcrumb":{"@id":"https:\/\/www.lfsl.net\/en\/swedish-gymnasium-fri-kvot\/#breadcrumb"},"inLanguage":"en-US","potentialAction":[{"@type":"ReadAction","target":["https:\/\/www.lfsl.net\/en\/swedish-gymnasium-fri-kvot\/"]}]},{"@type":"BreadcrumbList","@id":"https:\/\/www.lfsl.net\/en\/swedish-gymnasium-fri-kvot\/#breadcrumb","itemListElement":[{"@type":"ListItem","position":1,"name":"Home","item":"https:\/\/www.lfsl.net\/en\/"},{"@type":"ListItem","position":2,"name":"Swedish Gymnasium &#8211; Fri kvot"}]},{"@type":"WebSite","@id":"https:\/\/www.lfsl.net\/en\/#website","url":"https:\/\/www.lfsl.net\/en\/","name":"Lyc\u00e9e Fran\u00e7ais Saint Louis de Stockholm","description":"\u00c9tablissement membre du r\u00e9seau AEFE","publisher":{"@id":"https:\/\/www.lfsl.net\/en\/#organization"},"potentialAction":[{"@type":"SearchAction","target":{"@type":"EntryPoint","urlTemplate":"https:\/\/www.lfsl.net\/en\/?s={search_term_string}"},"query-input":{"@type":"PropertyValueSpecification","valueRequired":true,"valueName":"search_term_string"}}],"inLanguage":"en-US"},{"@type":"Organization","@id":"https:\/\/www.lfsl.net\/en\/#organization","name":"Lyc\u00e9e Fran\u00e7ais Saint Louis","url":"https:\/\/www.lfsl.net\/en\/","logo":{"@type":"ImageObject","inLanguage":"en-US","@id":"https:\/\/www.lfsl.net\/en\/#\/schema\/logo\/image\/","url":"https:\/\/www.lfsl.net\/wp-content\/uploads\/2021\/03\/LFSL-logo.jpg","contentUrl":"https:\/\/www.lfsl.net\/wp-content\/uploads\/2021\/03\/LFSL-logo.jpg","width":330,"height":473,"caption":"Lyc\u00e9e Fran\u00e7ais Saint Louis"},"image":{"@id":"https:\/\/www.lfsl.net\/en\/#\/schema\/logo\/image\/"},"sameAs":["https:\/\/www.facebook.com\/Lyc\u00e9e-Francais-Saint-Louis-182116921840529\/","https:\/\/www.instagram.com\/lyceefrancaisstockholm\/","https:\/\/www.linkedin.com\/school\/lfsl\/","https:\/\/www.youtube.com\/channel\/UCchS4IO4jE_YY0ILwn5NgGQ"]}]}},"_links":{"self":[{"href":"https:\/\/www.lfsl.net\/en\/wp-json\/wp\/v2\/pages\/7238","targetHints":{"allow":["GET"]}}],"collection":[{"href":"https:\/\/www.lfsl.net\/en\/wp-json\/wp\/v2\/pages"}],"about":[{"href":"https:\/\/www.lfsl.net\/en\/wp-json\/wp\/v2\/types\/page"}],"author":[{"embeddable":true,"href":"https:\/\/www.lfsl.net\/en\/wp-json\/wp\/v2\/users\/3"}],"replies":[{"embeddable":true,"href":"https:\/\/www.lfsl.net\/en\/wp-json\/wp\/v2\/comments?post=7238"}],"version-history":[{"count":6,"href":"https:\/\/www.lfsl.net\/en\/wp-json\/wp\/v2\/pages\/7238\/revisions"}],"predecessor-version":[{"id":7822,"href":"https:\/\/www.lfsl.net\/en\/wp-json\/wp\/v2\/pages\/7238\/revisions\/7822"}],"wp:attachment":[{"href":"https:\/\/www.lfsl.net\/en\/wp-json\/wp\/v2\/media?parent=7238"}],"curies":[{"name":"wp","href":"https:\/\/api.w.org\/{rel}","templated":true}]}}