{"id":12177,"date":"2021-10-15T14:40:05","date_gmt":"2021-10-15T14:40:05","guid":{"rendered":"https:\/\/www.lfsl.net\/?page_id=12177"},"modified":"2022-06-30T13:30:31","modified_gmt":"2022-06-30T13:30:31","slug":"svenska","status":"publish","type":"page","link":"https:\/\/www.lfsl.net\/sv\/svenska\/","title":{"rendered":"Svenska"},"content":{"rendered":"\n<p><strong>Svenska lokala kursplaner<\/strong><\/p>\n\n\n\n<p>Kursplanerna publiceras allteftersom de \u00f6versatts till franska.<\/p>\n\n\n\n<figure class=\"wp-block-table\"><table><tbody><tr><td><a href=\"https:\/\/lfsl.sharepoint.com\/:b:\/s\/LyceeFrancaisSaintLouis\/EcoleSkola\/EbVOuZJulkBCjspMuBB6XFEBK51KTUbzGm87FWuXzjsUCQ?e=eGcGkE\">CP Svenska<\/a><\/td><td><a href=\"https:\/\/lfsl.sharepoint.com\/:b:\/s\/LyceeFrancaisSaintLouis\/EcoleSkola\/EckajxugW-FIh30jHpFRk6ABHfYVv9zsRXDnusKd6N9aSQ?e=y269kv\">6\u00e8me SLV niv\u00e5 1<\/a><\/td><\/tr><tr><td><a href=\"https:\/\/lfsl.sharepoint.com\/:b:\/s\/LyceeFrancaisSaintLouis\/EcoleSkola\/EUWRo1jKsrRGjjZss3B8YQsBhBB-lAiBsz84HDT6-WC3Gw?e=NVcYfE\">CP SLV<\/a><\/td><td><a href=\"https:\/\/lfsl.sharepoint.com\/:b:\/s\/LyceeFrancaisSaintLouis\/EcoleSkola\/EetLxZ1av_VMpjZkwNq3ce0B5qr1RUgQofxtTGD-eR5kBQ?e=2KjUFR\">6\u00e8me SLV niv\u00e5 2<\/a><\/td><\/tr><tr><td><a href=\"https:\/\/lfsl.sharepoint.com\/:b:\/s\/LyceeFrancaisSaintLouis\/EcoleSkola\/ERP14NXelhpHmzWl57iwnuwBHmBz_9RvG81i0xP-R-RZqA?e=hFdDuE\">CP SIS<\/a><\/td><td><a href=\"https:\/\/lfsl.sharepoint.com\/:b:\/s\/LyceeFrancaisSaintLouis\/EcoleSkola\/EYrDyGgZ6vlGomRLa8SiFBcB0v6ymXXtPt_oflgzYMqjaA?e=9ndoA6\">6\u00e8me Svenska SIS<\/a><\/td><\/tr><tr><td><a href=\"https:\/\/lfsl.sharepoint.com\/:b:\/s\/LyceeFrancaisSaintLouis\/EcoleSkola\/EQ-1ZUdMH3pApF0A984GPwMBZe_82CadQEFck1WQ5J00BA?e=vZPgAe\">CE1 Svenska<\/a><\/td><td><a href=\"https:\/\/lfsl.sharepoint.com\/:b:\/s\/LyceeFrancaisSaintLouis\/EcoleSkola\/EYPTV_ZYwt9Gsuy-fG9_810BVAzubz5iz5O1PqzDxGlwVQ?e=F7xXrz\">6\u00e8me Histoire-G\u00e9ographie SIS<\/a><\/td><\/tr><tr><td><a href=\"https:\/\/lfsl.sharepoint.com\/:b:\/s\/LyceeFrancaisSaintLouis\/EcoleSkola\/EXe6o3TsNcpOsKRczbF2lyYB6dvLtxe0VnY05XLG9ZWocw?e=0nHgyi\">CE1 SLV<\/a><\/td><td><a href=\"https:\/\/lfsl.sharepoint.com\/:b:\/s\/LyceeFrancaisSaintLouis\/EcoleSkola\/ESjqoI_ARglGnGjCT5ArUAgBQbN0T8BaAqUOKL07BtDQuw?e=T4If2n\">5\u00e8me SLV niv\u00e5 1<\/a><\/td><\/tr><tr><td><a href=\"https:\/\/lfsl.sharepoint.com\/:b:\/s\/LyceeFrancaisSaintLouis\/EcoleSkola\/EUtv9NYwSORHsmuj062igToBA4ZqPzf8406UG28iRibTPQ?e=30bHkJ\">CE1 SIS<\/a><\/td><td><a href=\"https:\/\/lfsl.sharepoint.com\/:b:\/s\/LyceeFrancaisSaintLouis\/EcoleSkola\/EZ1vF5BkaPBItj0XXE5QEpUBNNha-OreUGfQ8Rp0pXcL4A?e=rxck41\">5\u00e8me SLV niv\u00e5 2<\/a><\/td><\/tr><tr><td><a href=\"https:\/\/lfsl.sharepoint.com\/:b:\/s\/LyceeFrancaisSaintLouis\/EcoleSkola\/EdIEVzfowbdAsrtM7eW5S4IBY9WaxoPVwY1xMcUSG1QZ1Q?e=pDmD4I\">CE2 Svenska<\/a><\/td><td><a href=\"https:\/\/lfsl.sharepoint.com\/:b:\/s\/LyceeFrancaisSaintLouis\/EcoleSkola\/EUYFOgCFa4pAstVR-XOjQbEBYNQq_Bpx6g8zlj6eplsO8A?e=UeP2nK\">5\u00e8me Svenska SIS<\/a><\/td><\/tr><tr><td><a href=\"https:\/\/lfsl.sharepoint.com\/:b:\/s\/LyceeFrancaisSaintLouis\/EcoleSkola\/EUj4wQUdm9NHmPbQsxElzEABdVVHn25wlaMT4xfU5ulMPQ?e=YIrPEh\">CE2 SLV<\/a><\/td><td><a href=\"https:\/\/lfsl.sharepoint.com\/:b:\/s\/LyceeFrancaisSaintLouis\/EcoleSkola\/EbbKIlh1Hj9HnyVRdLDM5tsBTA7dyhy9G4-R_K8Py9CeKg?e=aAZmcm\">5\u00e8me Histoire-G\u00e9ographie SIS<\/a><\/td><\/tr><tr><td><a href=\"https:\/\/lfsl.sharepoint.com\/:b:\/s\/LyceeFrancaisSaintLouis\/EcoleSkola\/Ec3_ED2ga09FhbGVwsk-YNkBNcEZCL_LsLgoJ_g4MmPxNA?e=Wnb6H3\">CE2 SIS<\/a><\/td><td><a href=\"https:\/\/lfsl.sharepoint.com\/:b:\/s\/LyceeFrancaisSaintLouis\/EcoleSkola\/Ec4m1AwNXRNOm9GJE5Y1vpABiq4jUMqzEzw8BobolLNwEA?e=2zsnfM\">4\u00e8me SLV niv\u00e5 1<\/a><\/td><\/tr><tr><td><a href=\"https:\/\/lfsl.sharepoint.com\/:b:\/s\/LyceeFrancaisSaintLouis\/EcoleSkola\/EZoK_jToWvBGv2YJVsihLeUB_Hcwok1zyvkb0hBInLcQnw?e=L816kk\">CM1 Svenska<\/a><\/td><td><a href=\"https:\/\/lfsl.sharepoint.com\/:b:\/s\/LyceeFrancaisSaintLouis\/EcoleSkola\/EVB4oFPTpJtGgoTMyDD9Xj0BrriRUXpCpT031oRyeLfVFg?e=TQeGeL\">4\u00e8me SLV niv\u00e5 2<\/a><\/td><\/tr><tr><td><a href=\"https:\/\/lfsl.sharepoint.com\/:b:\/s\/LyceeFrancaisSaintLouis\/EcoleSkola\/Ed8-8p2Z1DVNi8sqsKD8d6wBR6W3OZdQhTL-uVxaiIXFIQ?e=JTIDW8\">CM1 SLV<\/a><\/td><td><a href=\"https:\/\/lfsl.sharepoint.com\/:b:\/s\/LyceeFrancaisSaintLouis\/EcoleSkola\/ETIHQPeNDx9JrRAtiMTusI4Bwxso_Gqmk1hluzoqs2NBKA?e=n3ZUwH\">4\u00e8me Svenska SIS<\/a><\/td><\/tr><tr><td><a href=\"https:\/\/lfsl.sharepoint.com\/:b:\/s\/LyceeFrancaisSaintLouis\/EcoleSkola\/EcPwA3sRKTdJjelrYClZ3xIB3dwWOvztRWodQZxOrtkvAg?e=zezCX5\">CM1 SIS<\/a><\/td><td><a href=\"https:\/\/lfsl.sharepoint.com\/:b:\/s\/LyceeFrancaisSaintLouis\/EcoleSkola\/ETyoJUVbKzdNoPzzsq4dBQ0BgBe6AqoP0Xq4PXzG-cT2AA?e=cm4OOp\">4\u00e8me Histoire-G\u00e9ographie SIS<\/a><\/td><\/tr><tr><td><a href=\"https:\/\/lfsl.sharepoint.com\/:b:\/s\/LyceeFrancaisSaintLouis\/EcoleSkola\/Eal-4FVW0VRLpkcorZTFmcMBRTykobGnQOddl2a5hYfNIg?e=xQfaYC\">CM2 Svenska<\/a><\/td><td><a href=\"https:\/\/lfsl.sharepoint.com\/:b:\/s\/LyceeFrancaisSaintLouis\/EcoleSkola\/ETWAScJC6ctAsDYJDLf7iuwBRAeqAbuWWsqJeeoCO826Kw?e=QMKZrp\">3\u00e8me SLV niv\u00e5 1<\/a><\/td><\/tr><tr><td><a href=\"https:\/\/lfsl.sharepoint.com\/:b:\/s\/LyceeFrancaisSaintLouis\/EcoleSkola\/ER5hmoEtJGJMkZCDYLcZZAgBP4L4ra0TKEF7uBx4CPyO3A?e=LvuTpl\">CM2 SLV<\/a><\/td><td><a href=\"https:\/\/lfsl.sharepoint.com\/:b:\/s\/LyceeFrancaisSaintLouis\/EcoleSkola\/EYxxjkQNLshEny9IdZRswp0Bj-VCnwIwvU3a-T5x9DXHyg?e=tBB3fj\">3\u00e8me SLV niv\u00e5 2<\/a><\/td><\/tr><tr><td><a href=\"https:\/\/lfsl.sharepoint.com\/:b:\/s\/LyceeFrancaisSaintLouis\/EcoleSkola\/EbX-H00iOlFEv_225DuHIFsBgFc1WOuQTj6F9yz49p7uxw?e=ItJKaj\">CM2 SIS<\/a><\/td><td><a href=\"https:\/\/lfsl.sharepoint.com\/:b:\/s\/LyceeFrancaisSaintLouis\/EcoleSkola\/EXJRLo6ynN5LozY9L18mT4AB2YLyJMEHPnUC0fd2Uq-zAg?e=yfnJEw\">3\u00e8me Svenska SIS<\/a><\/td><\/tr><tr><td><\/td><td><a href=\"https:\/\/lfsl.sharepoint.com\/:b:\/s\/LyceeFrancaisSaintLouis\/EcoleSkola\/EfVwtJx-ozRJkJCHFADI6VsBFNXPik32qLYbiYrohIKQmg?e=VC0zpz\">3\u00e8me Histoire-G\u00e9ographie SIS<\/a><\/td><\/tr><\/tbody><\/table><\/figure>\n","protected":false},"excerpt":{"rendered":"<p>Svenska lokala kursplaner Kursplanerna publiceras allteftersom de \u00f6versatts till franska. CP Svenska 6\u00e8me SLV niv\u00e5 1 CP SLV 6\u00e8me SLV niv\u00e5 2 CP SIS 6\u00e8me Svenska SIS CE1 Svenska 6\u00e8me Histoire-G\u00e9ographie SIS CE1 SLV 5\u00e8me SLV niv\u00e5 1 CE1 SIS 5\u00e8me SLV niv\u00e5 2 CE2 Svenska 5\u00e8me Svenska SIS CE2 SLV 5\u00e8me Histoire-G\u00e9ographie SIS CE2 &#8230; <\/p>\n<p class=\"read-more-container\"><a title=\"Svenska\" class=\"read-more button\" href=\"https:\/\/www.lfsl.net\/sv\/svenska\/#more-12177\" aria-label=\"L\u00e4s mer om Svenska\">L\u00e4s mer<\/a><\/p>\n","protected":false},"author":1,"featured_media":0,"parent":0,"menu_order":0,"comment_status":"closed","ping_status":"closed","template":"","meta":{"footnotes":""},"class_list":["post-12177","page","type-page","status-publish"],"yoast_head":"<!-- This site is optimized with the Yoast SEO plugin v27.5 - https:\/\/yoast.com\/product\/yoast-seo-wordpress\/ -->\n<title>Svenska &#8211; Lyc\u00e9e Fran\u00e7ais Saint Louis de Stockholm<\/title>\n<meta name=\"robots\" content=\"index, follow, max-snippet:-1, max-image-preview:large, max-video-preview:-1\" \/>\n<link rel=\"canonical\" href=\"https:\/\/www.lfsl.net\/sv\/svenska\/\" \/>\n<meta property=\"og:locale\" content=\"sv_SE\" \/>\n<meta property=\"og:type\" content=\"article\" \/>\n<meta property=\"og:title\" content=\"Svenska &#8211; Lyc\u00e9e Fran\u00e7ais Saint Louis de Stockholm\" \/>\n<meta property=\"og:description\" content=\"Svenska lokala kursplaner Kursplanerna publiceras allteftersom de \u00f6versatts till franska. CP Svenska 6\u00e8me SLV niv\u00e5 1 CP SLV 6\u00e8me SLV niv\u00e5 2 CP SIS 6\u00e8me Svenska SIS CE1 Svenska 6\u00e8me Histoire-G\u00e9ographie SIS CE1 SLV 5\u00e8me SLV niv\u00e5 1 CE1 SIS 5\u00e8me SLV niv\u00e5 2 CE2 Svenska 5\u00e8me Svenska SIS CE2 SLV 5\u00e8me Histoire-G\u00e9ographie SIS CE2 ... L\u00e4s mer\" \/>\n<meta property=\"og:url\" content=\"https:\/\/www.lfsl.net\/sv\/svenska\/\" \/>\n<meta property=\"og:site_name\" content=\"Lyc\u00e9e Fran\u00e7ais Saint Louis de Stockholm\" \/>\n<meta property=\"article:publisher\" content=\"https:\/\/www.facebook.com\/Lyc%c3%a9e-Francais-Saint-Louis-182116921840529\/\" \/>\n<meta property=\"article:modified_time\" content=\"2022-06-30T13:30:31+00:00\" \/>\n<meta property=\"og:image\" content=\"https:\/\/www.lfsl.net\/wp-content\/uploads\/2020\/03\/lsfl_logo-minimal_crop.jpg\" \/>\n\t<meta property=\"og:image:width\" content=\"1440\" \/>\n\t<meta property=\"og:image:height\" content=\"810\" \/>\n\t<meta property=\"og:image:type\" content=\"image\/jpeg\" \/>\n<meta name=\"twitter:card\" content=\"summary_large_image\" \/>\n<script type=\"application\/ld+json\" class=\"yoast-schema-graph\">{\"@context\":\"https:\\\/\\\/schema.org\",\"@graph\":[{\"@type\":\"WebPage\",\"@id\":\"https:\\\/\\\/www.lfsl.net\\\/sv\\\/svenska\\\/\",\"url\":\"https:\\\/\\\/www.lfsl.net\\\/sv\\\/svenska\\\/\",\"name\":\"Svenska &#8211; Lyc\u00e9e Fran\u00e7ais Saint Louis de Stockholm\",\"isPartOf\":{\"@id\":\"https:\\\/\\\/www.lfsl.net\\\/sv\\\/#website\"},\"datePublished\":\"2021-10-15T14:40:05+00:00\",\"dateModified\":\"2022-06-30T13:30:31+00:00\",\"breadcrumb\":{\"@id\":\"https:\\\/\\\/www.lfsl.net\\\/sv\\\/svenska\\\/#breadcrumb\"},\"inLanguage\":\"sv-SE\",\"potentialAction\":[{\"@type\":\"ReadAction\",\"target\":[\"https:\\\/\\\/www.lfsl.net\\\/sv\\\/svenska\\\/\"]}]},{\"@type\":\"BreadcrumbList\",\"@id\":\"https:\\\/\\\/www.lfsl.net\\\/sv\\\/svenska\\\/#breadcrumb\",\"itemListElement\":[{\"@type\":\"ListItem\",\"position\":1,\"name\":\"Home\",\"item\":\"https:\\\/\\\/www.lfsl.net\\\/sv\\\/\"},{\"@type\":\"ListItem\",\"position\":2,\"name\":\"Svenska\"}]},{\"@type\":\"WebSite\",\"@id\":\"https:\\\/\\\/www.lfsl.net\\\/sv\\\/#website\",\"url\":\"https:\\\/\\\/www.lfsl.net\\\/sv\\\/\",\"name\":\"Lyc\u00e9e Fran\u00e7ais Saint Louis de Stockholm\",\"description\":\"\u00c9tablissement membre du r\u00e9seau AEFE\",\"publisher\":{\"@id\":\"https:\\\/\\\/www.lfsl.net\\\/sv\\\/#organization\"},\"potentialAction\":[{\"@type\":\"SearchAction\",\"target\":{\"@type\":\"EntryPoint\",\"urlTemplate\":\"https:\\\/\\\/www.lfsl.net\\\/sv\\\/?s={search_term_string}\"},\"query-input\":{\"@type\":\"PropertyValueSpecification\",\"valueRequired\":true,\"valueName\":\"search_term_string\"}}],\"inLanguage\":\"sv-SE\"},{\"@type\":\"Organization\",\"@id\":\"https:\\\/\\\/www.lfsl.net\\\/sv\\\/#organization\",\"name\":\"Lyc\u00e9e Fran\u00e7ais Saint Louis\",\"url\":\"https:\\\/\\\/www.lfsl.net\\\/sv\\\/\",\"logo\":{\"@type\":\"ImageObject\",\"inLanguage\":\"sv-SE\",\"@id\":\"https:\\\/\\\/www.lfsl.net\\\/sv\\\/#\\\/schema\\\/logo\\\/image\\\/\",\"url\":\"https:\\\/\\\/www.lfsl.net\\\/wp-content\\\/uploads\\\/2021\\\/03\\\/LFSL-logo.jpg\",\"contentUrl\":\"https:\\\/\\\/www.lfsl.net\\\/wp-content\\\/uploads\\\/2021\\\/03\\\/LFSL-logo.jpg\",\"width\":330,\"height\":473,\"caption\":\"Lyc\u00e9e Fran\u00e7ais Saint Louis\"},\"image\":{\"@id\":\"https:\\\/\\\/www.lfsl.net\\\/sv\\\/#\\\/schema\\\/logo\\\/image\\\/\"},\"sameAs\":[\"https:\\\/\\\/www.facebook.com\\\/Lyc\u00e9e-Francais-Saint-Louis-182116921840529\\\/\",\"https:\\\/\\\/www.instagram.com\\\/lyceefrancaisstockholm\\\/\",\"https:\\\/\\\/www.linkedin.com\\\/school\\\/lfsl\\\/\",\"https:\\\/\\\/www.youtube.com\\\/channel\\\/UCchS4IO4jE_YY0ILwn5NgGQ\"]}]}<\/script>\n<!-- \/ Yoast SEO plugin. -->","yoast_head_json":{"title":"Svenska &#8211; Lyc\u00e9e Fran\u00e7ais Saint Louis de Stockholm","robots":{"index":"index","follow":"follow","max-snippet":"max-snippet:-1","max-image-preview":"max-image-preview:large","max-video-preview":"max-video-preview:-1"},"canonical":"https:\/\/www.lfsl.net\/sv\/svenska\/","og_locale":"sv_SE","og_type":"article","og_title":"Svenska &#8211; Lyc\u00e9e Fran\u00e7ais Saint Louis de Stockholm","og_description":"Svenska lokala kursplaner Kursplanerna publiceras allteftersom de \u00f6versatts till franska. CP Svenska 6\u00e8me SLV niv\u00e5 1 CP SLV 6\u00e8me SLV niv\u00e5 2 CP SIS 6\u00e8me Svenska SIS CE1 Svenska 6\u00e8me Histoire-G\u00e9ographie SIS CE1 SLV 5\u00e8me SLV niv\u00e5 1 CE1 SIS 5\u00e8me SLV niv\u00e5 2 CE2 Svenska 5\u00e8me Svenska SIS CE2 SLV 5\u00e8me Histoire-G\u00e9ographie SIS CE2 ... L\u00e4s mer","og_url":"https:\/\/www.lfsl.net\/sv\/svenska\/","og_site_name":"Lyc\u00e9e Fran\u00e7ais Saint Louis de Stockholm","article_publisher":"https:\/\/www.facebook.com\/Lyc%c3%a9e-Francais-Saint-Louis-182116921840529\/","article_modified_time":"2022-06-30T13:30:31+00:00","og_image":[{"width":1440,"height":810,"url":"https:\/\/www.lfsl.net\/wp-content\/uploads\/2020\/03\/lsfl_logo-minimal_crop.jpg","type":"image\/jpeg"}],"twitter_card":"summary_large_image","schema":{"@context":"https:\/\/schema.org","@graph":[{"@type":"WebPage","@id":"https:\/\/www.lfsl.net\/sv\/svenska\/","url":"https:\/\/www.lfsl.net\/sv\/svenska\/","name":"Svenska &#8211; Lyc\u00e9e Fran\u00e7ais Saint Louis de Stockholm","isPartOf":{"@id":"https:\/\/www.lfsl.net\/sv\/#website"},"datePublished":"2021-10-15T14:40:05+00:00","dateModified":"2022-06-30T13:30:31+00:00","breadcrumb":{"@id":"https:\/\/www.lfsl.net\/sv\/svenska\/#breadcrumb"},"inLanguage":"sv-SE","potentialAction":[{"@type":"ReadAction","target":["https:\/\/www.lfsl.net\/sv\/svenska\/"]}]},{"@type":"BreadcrumbList","@id":"https:\/\/www.lfsl.net\/sv\/svenska\/#breadcrumb","itemListElement":[{"@type":"ListItem","position":1,"name":"Home","item":"https:\/\/www.lfsl.net\/sv\/"},{"@type":"ListItem","position":2,"name":"Svenska"}]},{"@type":"WebSite","@id":"https:\/\/www.lfsl.net\/sv\/#website","url":"https:\/\/www.lfsl.net\/sv\/","name":"Lyc\u00e9e Fran\u00e7ais Saint Louis de Stockholm","description":"\u00c9tablissement membre du r\u00e9seau AEFE","publisher":{"@id":"https:\/\/www.lfsl.net\/sv\/#organization"},"potentialAction":[{"@type":"SearchAction","target":{"@type":"EntryPoint","urlTemplate":"https:\/\/www.lfsl.net\/sv\/?s={search_term_string}"},"query-input":{"@type":"PropertyValueSpecification","valueRequired":true,"valueName":"search_term_string"}}],"inLanguage":"sv-SE"},{"@type":"Organization","@id":"https:\/\/www.lfsl.net\/sv\/#organization","name":"Lyc\u00e9e Fran\u00e7ais Saint Louis","url":"https:\/\/www.lfsl.net\/sv\/","logo":{"@type":"ImageObject","inLanguage":"sv-SE","@id":"https:\/\/www.lfsl.net\/sv\/#\/schema\/logo\/image\/","url":"https:\/\/www.lfsl.net\/wp-content\/uploads\/2021\/03\/LFSL-logo.jpg","contentUrl":"https:\/\/www.lfsl.net\/wp-content\/uploads\/2021\/03\/LFSL-logo.jpg","width":330,"height":473,"caption":"Lyc\u00e9e Fran\u00e7ais Saint Louis"},"image":{"@id":"https:\/\/www.lfsl.net\/sv\/#\/schema\/logo\/image\/"},"sameAs":["https:\/\/www.facebook.com\/Lyc\u00e9e-Francais-Saint-Louis-182116921840529\/","https:\/\/www.instagram.com\/lyceefrancaisstockholm\/","https:\/\/www.linkedin.com\/school\/lfsl\/","https:\/\/www.youtube.com\/channel\/UCchS4IO4jE_YY0ILwn5NgGQ"]}]}},"_links":{"self":[{"href":"https:\/\/www.lfsl.net\/sv\/wp-json\/wp\/v2\/pages\/12177","targetHints":{"allow":["GET"]}}],"collection":[{"href":"https:\/\/www.lfsl.net\/sv\/wp-json\/wp\/v2\/pages"}],"about":[{"href":"https:\/\/www.lfsl.net\/sv\/wp-json\/wp\/v2\/types\/page"}],"author":[{"embeddable":true,"href":"https:\/\/www.lfsl.net\/sv\/wp-json\/wp\/v2\/users\/1"}],"replies":[{"embeddable":true,"href":"https:\/\/www.lfsl.net\/sv\/wp-json\/wp\/v2\/comments?post=12177"}],"version-history":[{"count":19,"href":"https:\/\/www.lfsl.net\/sv\/wp-json\/wp\/v2\/pages\/12177\/revisions"}],"predecessor-version":[{"id":14090,"href":"https:\/\/www.lfsl.net\/sv\/wp-json\/wp\/v2\/pages\/12177\/revisions\/14090"}],"wp:attachment":[{"href":"https:\/\/www.lfsl.net\/sv\/wp-json\/wp\/v2\/media?parent=12177"}],"curies":[{"name":"wp","href":"https:\/\/api.w.org\/{rel}","templated":true}]}}