{"id":13051,"date":"2022-02-14T14:21:09","date_gmt":"2022-02-14T14:21:09","guid":{"rendered":"https:\/\/www.lfsl.net\/?page_id=13051"},"modified":"2025-03-05T15:03:21","modified_gmt":"2025-03-05T15:03:21","slug":"fritids","status":"publish","type":"page","link":"https:\/\/www.lfsl.net\/sv\/vilka-ar-vi\/fritids\/","title":{"rendered":"Fritids &#8211; P\u00e9riscolaire"},"content":{"rendered":"\n<figure class=\"wp-block-image size-large\"><img loading=\"lazy\" decoding=\"async\" width=\"1200\" height=\"675\" src=\"https:\/\/www.lfsl.net\/wp-content\/uploads\/2021\/11\/Fritids-1200x675.jpg\" alt=\"\" class=\"wp-image-12477\" srcset=\"https:\/\/www.lfsl.net\/wp-content\/uploads\/2021\/11\/Fritids-1200x675.jpg 1200w, https:\/\/www.lfsl.net\/wp-content\/uploads\/2021\/11\/Fritids-600x338.jpg 600w, https:\/\/www.lfsl.net\/wp-content\/uploads\/2021\/11\/Fritids-768x432.jpg 768w, https:\/\/www.lfsl.net\/wp-content\/uploads\/2021\/11\/Fritids-1536x864.jpg 1536w, https:\/\/www.lfsl.net\/wp-content\/uploads\/2021\/11\/Fritids.jpg 1920w\" sizes=\"auto, (max-width: 1200px) 100vw, 1200px\" \/><\/figure>\n\n\n\n<p><strong>Stockholms Kommun har godk\u00e4nt Lyc\u00e9e Fran\u00e7ais Saint Louis (LFSL) som frist\u00e5ende fritidshem (P\u00e9riscolaire-Fritids), och vi f\u00f6ljer samma regler som Stockholms Stad.<\/strong><\/p>\n\n\n\n<p>Fritidshem v\u00e4nder sig till elever mellan CP och CM1 och ska bidra till barns utveckling, omsorg och l\u00e4rande. Fritidshemmets uppdrag finns i den svenska l\u00e4roplanen LGR22. Eleverna kan vara p\u00e5 fritidshemmet b\u00e5de f\u00f6re och efter skoldagen och under lov. Barn f\u00e5r plats i fritidshem i den omfattning som beh\u00f6vs med h\u00e4nsyn till f\u00f6r\u00e4ldrarnas arbete eller studier &#8211; eller om eleven har ett eget behov p\u00e5 grund av familjens situation i \u00f6vrigt.<\/p>\n\n\n\n<p>LFSL f\u00e5r fritidspeng fr\u00e5n kommunerna f\u00f6r varje barn registrerat p\u00e5 Fritids, och platsen kan endast garanteras om de krav som kommunerna st\u00e4ller uppfylls (barnets folkbokf\u00f6ringsadress, familjef\u00f6rh\u00e5llanden, etc.)<br><br>\u00d6vriga kommuner kan ha andra regler (avgift, maxtaxa, upps\u00e4gningstid, etc.) och v\u00e5rdnadshavare som inte bor i Stockholms kommun uppmanas att kontakta sin egen kommun.<\/p>\n\n\n\n<p>LFSL f\u00e5r fritidspeng fr\u00e5n kommunerna f\u00f6r varje barn registrerat p\u00e5 Fritids, och platsen kan endast garanteras om de krav som kommunerna st\u00e4ller uppfylls (barnets folkbokf\u00f6ringsadress, familjef\u00f6rh\u00e5llanden, etc.)<\/p>\n\n\n\n<p>R<a href=\"https:\/\/www.lfsl.net\/wp-content\/uploads\/2024\/06\/Regler-for-placering-Fritids-1.pdf\">egler f\u00f6r placering Fritids <\/a><\/p>\n\n\n\n<p><a href=\"https:\/\/www.lfsl.net\/wp-content\/uploads\/2025\/03\/Inkomstblankett-2025.pdf\">Inkomstblankett<\/a><\/p>\n\n\n\n<p><a href=\"https:\/\/www.lfsl.net\/wp-content\/uploads\/2022\/06\/TYRA-General-conditions_sv.pdf\" target=\"_blank\" rel=\"noreferrer noopener\">TYRA &#8211; Allm\u00e4nna villkor<\/a><\/p>\n","protected":false},"excerpt":{"rendered":"<p>Stockholms Kommun har godk\u00e4nt Lyc\u00e9e Fran\u00e7ais Saint Louis (LFSL) som frist\u00e5ende fritidshem (P\u00e9riscolaire-Fritids), och vi f\u00f6ljer samma regler som Stockholms Stad. Fritidshem v\u00e4nder sig till elever mellan CP och CM1 och ska bidra till barns utveckling, omsorg och l\u00e4rande. Fritidshemmets uppdrag finns i den svenska l\u00e4roplanen LGR22. Eleverna kan vara p\u00e5 fritidshemmet b\u00e5de f\u00f6re och &#8230; <\/p>\n<p class=\"read-more-container\"><a title=\"Fritids &#8211; P\u00e9riscolaire\" class=\"read-more button\" href=\"https:\/\/www.lfsl.net\/sv\/vilka-ar-vi\/fritids\/#more-13051\" aria-label=\"L\u00e4s mer om Fritids &#8211; P\u00e9riscolaire\">L\u00e4s mer<\/a><\/p>\n","protected":false},"author":1,"featured_media":0,"parent":2572,"menu_order":0,"comment_status":"closed","ping_status":"closed","template":"","meta":{"footnotes":""},"class_list":["post-13051","page","type-page","status-publish"],"yoast_head":"<!-- This site is optimized with the Yoast SEO plugin v27.4 - https:\/\/yoast.com\/product\/yoast-seo-wordpress\/ -->\n<title>Fritids - P\u00e9riscolaire &#8211; Lyc\u00e9e Fran\u00e7ais Saint Louis de Stockholm<\/title>\n<meta name=\"robots\" content=\"index, follow, max-snippet:-1, max-image-preview:large, max-video-preview:-1\" \/>\n<link rel=\"canonical\" href=\"https:\/\/www.lfsl.net\/sv\/vilka-ar-vi\/fritids\/\" \/>\n<meta property=\"og:locale\" content=\"sv_SE\" \/>\n<meta property=\"og:type\" content=\"article\" \/>\n<meta property=\"og:title\" content=\"Fritids - P\u00e9riscolaire &#8211; Lyc\u00e9e Fran\u00e7ais Saint Louis de Stockholm\" \/>\n<meta property=\"og:description\" content=\"Stockholms Kommun har godk\u00e4nt Lyc\u00e9e Fran\u00e7ais Saint Louis (LFSL) som frist\u00e5ende fritidshem (P\u00e9riscolaire-Fritids), och vi f\u00f6ljer samma regler som Stockholms Stad. Fritidshem v\u00e4nder sig till elever mellan CP och CM1 och ska bidra till barns utveckling, omsorg och l\u00e4rande. Fritidshemmets uppdrag finns i den svenska l\u00e4roplanen LGR22. Eleverna kan vara p\u00e5 fritidshemmet b\u00e5de f\u00f6re och ... L\u00e4s mer\" \/>\n<meta property=\"og:url\" content=\"https:\/\/www.lfsl.net\/sv\/vilka-ar-vi\/fritids\/\" \/>\n<meta property=\"og:site_name\" content=\"Lyc\u00e9e Fran\u00e7ais Saint Louis de Stockholm\" \/>\n<meta property=\"article:publisher\" content=\"https:\/\/www.facebook.com\/Lyc%c3%a9e-Francais-Saint-Louis-182116921840529\/\" \/>\n<meta property=\"article:modified_time\" content=\"2025-03-05T15:03:21+00:00\" \/>\n<meta property=\"og:image\" content=\"https:\/\/www.lfsl.net\/wp-content\/uploads\/2021\/11\/Fritids-1200x675.jpg\" \/>\n<meta name=\"twitter:card\" content=\"summary_large_image\" \/>\n<script type=\"application\/ld+json\" class=\"yoast-schema-graph\">{\"@context\":\"https:\\\/\\\/schema.org\",\"@graph\":[{\"@type\":\"WebPage\",\"@id\":\"https:\\\/\\\/www.lfsl.net\\\/sv\\\/vilka-ar-vi\\\/fritids\\\/\",\"url\":\"https:\\\/\\\/www.lfsl.net\\\/sv\\\/vilka-ar-vi\\\/fritids\\\/\",\"name\":\"Fritids - P\u00e9riscolaire &#8211; Lyc\u00e9e Fran\u00e7ais Saint Louis de Stockholm\",\"isPartOf\":{\"@id\":\"https:\\\/\\\/www.lfsl.net\\\/sv\\\/#website\"},\"primaryImageOfPage\":{\"@id\":\"https:\\\/\\\/www.lfsl.net\\\/sv\\\/vilka-ar-vi\\\/fritids\\\/#primaryimage\"},\"image\":{\"@id\":\"https:\\\/\\\/www.lfsl.net\\\/sv\\\/vilka-ar-vi\\\/fritids\\\/#primaryimage\"},\"thumbnailUrl\":\"https:\\\/\\\/www.lfsl.net\\\/wp-content\\\/uploads\\\/2021\\\/11\\\/Fritids-1200x675.jpg\",\"datePublished\":\"2022-02-14T14:21:09+00:00\",\"dateModified\":\"2025-03-05T15:03:21+00:00\",\"breadcrumb\":{\"@id\":\"https:\\\/\\\/www.lfsl.net\\\/sv\\\/vilka-ar-vi\\\/fritids\\\/#breadcrumb\"},\"inLanguage\":\"sv-SE\",\"potentialAction\":[{\"@type\":\"ReadAction\",\"target\":[\"https:\\\/\\\/www.lfsl.net\\\/sv\\\/vilka-ar-vi\\\/fritids\\\/\"]}]},{\"@type\":\"ImageObject\",\"inLanguage\":\"sv-SE\",\"@id\":\"https:\\\/\\\/www.lfsl.net\\\/sv\\\/vilka-ar-vi\\\/fritids\\\/#primaryimage\",\"url\":\"https:\\\/\\\/www.lfsl.net\\\/wp-content\\\/uploads\\\/2021\\\/11\\\/Fritids-1200x675.jpg\",\"contentUrl\":\"https:\\\/\\\/www.lfsl.net\\\/wp-content\\\/uploads\\\/2021\\\/11\\\/Fritids-1200x675.jpg\"},{\"@type\":\"BreadcrumbList\",\"@id\":\"https:\\\/\\\/www.lfsl.net\\\/sv\\\/vilka-ar-vi\\\/fritids\\\/#breadcrumb\",\"itemListElement\":[{\"@type\":\"ListItem\",\"position\":1,\"name\":\"Home\",\"item\":\"https:\\\/\\\/www.lfsl.net\\\/sv\\\/\"},{\"@type\":\"ListItem\",\"position\":2,\"name\":\"Vilka \u00e4r vi?\",\"item\":\"https:\\\/\\\/www.lfsl.net\\\/sv\\\/vilka-ar-vi\\\/\"},{\"@type\":\"ListItem\",\"position\":3,\"name\":\"Fritids &#8211; P\u00e9riscolaire\"}]},{\"@type\":\"WebSite\",\"@id\":\"https:\\\/\\\/www.lfsl.net\\\/sv\\\/#website\",\"url\":\"https:\\\/\\\/www.lfsl.net\\\/sv\\\/\",\"name\":\"Lyc\u00e9e Fran\u00e7ais Saint Louis de Stockholm\",\"description\":\"\u00c9tablissement membre du r\u00e9seau AEFE\",\"publisher\":{\"@id\":\"https:\\\/\\\/www.lfsl.net\\\/sv\\\/#organization\"},\"potentialAction\":[{\"@type\":\"SearchAction\",\"target\":{\"@type\":\"EntryPoint\",\"urlTemplate\":\"https:\\\/\\\/www.lfsl.net\\\/sv\\\/?s={search_term_string}\"},\"query-input\":{\"@type\":\"PropertyValueSpecification\",\"valueRequired\":true,\"valueName\":\"search_term_string\"}}],\"inLanguage\":\"sv-SE\"},{\"@type\":\"Organization\",\"@id\":\"https:\\\/\\\/www.lfsl.net\\\/sv\\\/#organization\",\"name\":\"Lyc\u00e9e Fran\u00e7ais Saint Louis\",\"url\":\"https:\\\/\\\/www.lfsl.net\\\/sv\\\/\",\"logo\":{\"@type\":\"ImageObject\",\"inLanguage\":\"sv-SE\",\"@id\":\"https:\\\/\\\/www.lfsl.net\\\/sv\\\/#\\\/schema\\\/logo\\\/image\\\/\",\"url\":\"https:\\\/\\\/www.lfsl.net\\\/wp-content\\\/uploads\\\/2021\\\/03\\\/LFSL-logo.jpg\",\"contentUrl\":\"https:\\\/\\\/www.lfsl.net\\\/wp-content\\\/uploads\\\/2021\\\/03\\\/LFSL-logo.jpg\",\"width\":330,\"height\":473,\"caption\":\"Lyc\u00e9e Fran\u00e7ais Saint Louis\"},\"image\":{\"@id\":\"https:\\\/\\\/www.lfsl.net\\\/sv\\\/#\\\/schema\\\/logo\\\/image\\\/\"},\"sameAs\":[\"https:\\\/\\\/www.facebook.com\\\/Lyc\u00e9e-Francais-Saint-Louis-182116921840529\\\/\",\"https:\\\/\\\/www.instagram.com\\\/lyceefrancaisstockholm\\\/\",\"https:\\\/\\\/www.linkedin.com\\\/school\\\/lfsl\\\/\",\"https:\\\/\\\/www.youtube.com\\\/channel\\\/UCchS4IO4jE_YY0ILwn5NgGQ\"]}]}<\/script>\n<!-- \/ Yoast SEO plugin. -->","yoast_head_json":{"title":"Fritids - P\u00e9riscolaire &#8211; Lyc\u00e9e Fran\u00e7ais Saint Louis de Stockholm","robots":{"index":"index","follow":"follow","max-snippet":"max-snippet:-1","max-image-preview":"max-image-preview:large","max-video-preview":"max-video-preview:-1"},"canonical":"https:\/\/www.lfsl.net\/sv\/vilka-ar-vi\/fritids\/","og_locale":"sv_SE","og_type":"article","og_title":"Fritids - P\u00e9riscolaire &#8211; Lyc\u00e9e Fran\u00e7ais Saint Louis de Stockholm","og_description":"Stockholms Kommun har godk\u00e4nt Lyc\u00e9e Fran\u00e7ais Saint Louis (LFSL) som frist\u00e5ende fritidshem (P\u00e9riscolaire-Fritids), och vi f\u00f6ljer samma regler som Stockholms Stad. Fritidshem v\u00e4nder sig till elever mellan CP och CM1 och ska bidra till barns utveckling, omsorg och l\u00e4rande. Fritidshemmets uppdrag finns i den svenska l\u00e4roplanen LGR22. Eleverna kan vara p\u00e5 fritidshemmet b\u00e5de f\u00f6re och ... L\u00e4s mer","og_url":"https:\/\/www.lfsl.net\/sv\/vilka-ar-vi\/fritids\/","og_site_name":"Lyc\u00e9e Fran\u00e7ais Saint Louis de Stockholm","article_publisher":"https:\/\/www.facebook.com\/Lyc%c3%a9e-Francais-Saint-Louis-182116921840529\/","article_modified_time":"2025-03-05T15:03:21+00:00","og_image":[{"url":"https:\/\/www.lfsl.net\/wp-content\/uploads\/2021\/11\/Fritids-1200x675.jpg","type":"","width":"","height":""}],"twitter_card":"summary_large_image","schema":{"@context":"https:\/\/schema.org","@graph":[{"@type":"WebPage","@id":"https:\/\/www.lfsl.net\/sv\/vilka-ar-vi\/fritids\/","url":"https:\/\/www.lfsl.net\/sv\/vilka-ar-vi\/fritids\/","name":"Fritids - P\u00e9riscolaire &#8211; Lyc\u00e9e Fran\u00e7ais Saint Louis de Stockholm","isPartOf":{"@id":"https:\/\/www.lfsl.net\/sv\/#website"},"primaryImageOfPage":{"@id":"https:\/\/www.lfsl.net\/sv\/vilka-ar-vi\/fritids\/#primaryimage"},"image":{"@id":"https:\/\/www.lfsl.net\/sv\/vilka-ar-vi\/fritids\/#primaryimage"},"thumbnailUrl":"https:\/\/www.lfsl.net\/wp-content\/uploads\/2021\/11\/Fritids-1200x675.jpg","datePublished":"2022-02-14T14:21:09+00:00","dateModified":"2025-03-05T15:03:21+00:00","breadcrumb":{"@id":"https:\/\/www.lfsl.net\/sv\/vilka-ar-vi\/fritids\/#breadcrumb"},"inLanguage":"sv-SE","potentialAction":[{"@type":"ReadAction","target":["https:\/\/www.lfsl.net\/sv\/vilka-ar-vi\/fritids\/"]}]},{"@type":"ImageObject","inLanguage":"sv-SE","@id":"https:\/\/www.lfsl.net\/sv\/vilka-ar-vi\/fritids\/#primaryimage","url":"https:\/\/www.lfsl.net\/wp-content\/uploads\/2021\/11\/Fritids-1200x675.jpg","contentUrl":"https:\/\/www.lfsl.net\/wp-content\/uploads\/2021\/11\/Fritids-1200x675.jpg"},{"@type":"BreadcrumbList","@id":"https:\/\/www.lfsl.net\/sv\/vilka-ar-vi\/fritids\/#breadcrumb","itemListElement":[{"@type":"ListItem","position":1,"name":"Home","item":"https:\/\/www.lfsl.net\/sv\/"},{"@type":"ListItem","position":2,"name":"Vilka \u00e4r vi?","item":"https:\/\/www.lfsl.net\/sv\/vilka-ar-vi\/"},{"@type":"ListItem","position":3,"name":"Fritids &#8211; P\u00e9riscolaire"}]},{"@type":"WebSite","@id":"https:\/\/www.lfsl.net\/sv\/#website","url":"https:\/\/www.lfsl.net\/sv\/","name":"Lyc\u00e9e Fran\u00e7ais Saint Louis de Stockholm","description":"\u00c9tablissement membre du r\u00e9seau AEFE","publisher":{"@id":"https:\/\/www.lfsl.net\/sv\/#organization"},"potentialAction":[{"@type":"SearchAction","target":{"@type":"EntryPoint","urlTemplate":"https:\/\/www.lfsl.net\/sv\/?s={search_term_string}"},"query-input":{"@type":"PropertyValueSpecification","valueRequired":true,"valueName":"search_term_string"}}],"inLanguage":"sv-SE"},{"@type":"Organization","@id":"https:\/\/www.lfsl.net\/sv\/#organization","name":"Lyc\u00e9e Fran\u00e7ais Saint Louis","url":"https:\/\/www.lfsl.net\/sv\/","logo":{"@type":"ImageObject","inLanguage":"sv-SE","@id":"https:\/\/www.lfsl.net\/sv\/#\/schema\/logo\/image\/","url":"https:\/\/www.lfsl.net\/wp-content\/uploads\/2021\/03\/LFSL-logo.jpg","contentUrl":"https:\/\/www.lfsl.net\/wp-content\/uploads\/2021\/03\/LFSL-logo.jpg","width":330,"height":473,"caption":"Lyc\u00e9e Fran\u00e7ais Saint Louis"},"image":{"@id":"https:\/\/www.lfsl.net\/sv\/#\/schema\/logo\/image\/"},"sameAs":["https:\/\/www.facebook.com\/Lyc\u00e9e-Francais-Saint-Louis-182116921840529\/","https:\/\/www.instagram.com\/lyceefrancaisstockholm\/","https:\/\/www.linkedin.com\/school\/lfsl\/","https:\/\/www.youtube.com\/channel\/UCchS4IO4jE_YY0ILwn5NgGQ"]}]}},"_links":{"self":[{"href":"https:\/\/www.lfsl.net\/sv\/wp-json\/wp\/v2\/pages\/13051","targetHints":{"allow":["GET"]}}],"collection":[{"href":"https:\/\/www.lfsl.net\/sv\/wp-json\/wp\/v2\/pages"}],"about":[{"href":"https:\/\/www.lfsl.net\/sv\/wp-json\/wp\/v2\/types\/page"}],"author":[{"embeddable":true,"href":"https:\/\/www.lfsl.net\/sv\/wp-json\/wp\/v2\/users\/1"}],"replies":[{"embeddable":true,"href":"https:\/\/www.lfsl.net\/sv\/wp-json\/wp\/v2\/comments?post=13051"}],"version-history":[{"count":16,"href":"https:\/\/www.lfsl.net\/sv\/wp-json\/wp\/v2\/pages\/13051\/revisions"}],"predecessor-version":[{"id":21836,"href":"https:\/\/www.lfsl.net\/sv\/wp-json\/wp\/v2\/pages\/13051\/revisions\/21836"}],"up":[{"embeddable":true,"href":"https:\/\/www.lfsl.net\/sv\/wp-json\/wp\/v2\/pages\/2572"}],"wp:attachment":[{"href":"https:\/\/www.lfsl.net\/sv\/wp-json\/wp\/v2\/media?parent=13051"}],"curies":[{"name":"wp","href":"https:\/\/api.w.org\/{rel}","templated":true}]}}