{"id":13272,"date":"2022-03-30T09:39:50","date_gmt":"2022-03-30T09:39:50","guid":{"rendered":"https:\/\/www.lfsl.net\/?page_id=13272"},"modified":"2022-03-31T12:52:40","modified_gmt":"2022-03-31T12:52:40","slug":"dnbi","status":"publish","type":"page","link":"https:\/\/www.lfsl.net\/sv\/dnbi\/","title":{"rendered":"DNBI"},"content":{"rendered":"\n<h2 class=\"wp-block-heading\">Definition<\/h2>\n\n\n\n<p>Le Dipl\u00f4me National du Brevet International (DNBI) \u00e4r en valbar fransk examen&nbsp;i 3\u00e8me. Den erbjuds endast p\u00e5 skolor med internationella sektioner, till elever inskrivna i den internationella sektionen.<\/p>\n\n\n\n<p>LFSL erbjuder DNBI i svenska f\u00f6r de elever som \u00e4r inskrivna i den Svenska Internationella Sektionen (SIS).<\/p>\n\n\n\n<h2 class=\"wp-block-heading\">Beh\u00f6righet<\/h2>\n\n\n\n<p>F\u00f6r att vara beh\u00f6rig att v\u00e4lja DNBI i 3\u00e8me beh\u00f6ver du vara inskriven i den Svenska Internationella Sektionen<\/p>\n\n\n\n<h2 class=\"wp-block-heading\">F\u00f6rberedelser<\/h2>\n\n\n\n<figure class=\"wp-block-table\"><table><tbody><tr><td>F\u00f6rberedelsen inf\u00f6r DNBI-examen b\u00f6rjar med f\u00f6rdel redan i 6\u00e8me och best\u00e5r av tv\u00e5 delar:<br>1) Den st\u00f6rsta delen g\u00f6rs under lektioner i SPS (Su\u00e9dois Programme Su\u00e9dois), Histoire-G\u00e9ographie och Histoire-G\u00e9ographie SIS<br>2) Eget, sj\u00e4lvst\u00e4ndigt arbete &#8211; repetition, l\u00e4xor, l\u00e4sning etc<br><br><strong>Antal undervisningstimmar per vecka: 6\u00e8me-3\u00e8me<\/strong><br><strong>SPS<\/strong><br>4 timmar\/vecka<br><br><strong>Histoire-G\u00e9ographie<\/strong><br>2 timmar\/vecka<br><br><strong>Histoire-G\u00e9ographie SIS<\/strong><br>1,5 timmar\/vecka<\/td><\/tr><\/tbody><\/table><\/figure>\n\n\n\n<h2 class=\"wp-block-heading\">Prov<\/h2>\n\n\n\n<p>Proven i DNBI g\u00f6rs i tv\u00e5 \u00e4mnen :<br>&#8211; Histoire-G\u00e9ographie SIS<br>&#8211; Langue Su\u00e9doise<\/p>\n\n\n\n<p><strong><span class=\"has-inline-color has-vivid-red-color\">Histoire-G\u00e9ographie SIS<\/span><\/strong><\/p>\n\n\n\n<p>Provet baseras p\u00e5 de arbeten, aktiviteter och dokument som har anv\u00e4nts under lektionerna i Histoire-G\u00e9ographie SIS.<\/p>\n\n\n\n<p>Kandidaten presenterar en kommentar som svarar p\u00e5 ett \u00e4mne som eleven f\u00e5r av examinatorn. Detta \u00e4mne ska ing\u00e5 i n\u00e5got av de teman som studerats under l\u00e4s\u00e5ret.<\/p>\n\n\n\n<p>Det som bed\u00f6ms \u00e4r f\u00f6ljande:<br>&#8211; kandidatens f\u00f6rm\u00e5ga och kunskap som kandidaten visar i \u00e4mnet, och s\u00e4rskilt det som l\u00e4nkar \u00e4mnet till den kulturella identiteten i Sverige;<br>&#8211; kandidatens \u00f6ppenhet gentemot det svenska samh\u00e4llet.<\/p>\n\n\n\n<p>Elevens f\u00f6rm\u00e5ga att presentera en strukturerad expos\u00e9 samt f\u00f6rm\u00e5ga att argumentera och h\u00e5lla en muntlig presentation bed\u00f6ms ocks\u00e5.<\/p>\n\n\n\n<p>Provet sker p\u00e5 svenska.<\/p>\n\n\n\n<p>Totalt tar provet 30 minuter att genomf\u00f6ra, och tiden \u00e4r strukturerad p\u00e5 f\u00f6ljande s\u00e4tt:<br>&#8211; 15 minuter f\u00f6r f\u00f6rberedelse<br>&#8211; 10 minuters presentation<br>&#8211; 5 minuters diskussion med examinatorn\/examinatorerna<\/p>\n\n\n\n<p><strong>OBS! De skriftliga proven \u00e4r desamma f\u00f6r de som har DNBI och de som har&nbsp; DNB i&nbsp;Histoire-G\u00e9ographie<\/strong><\/p>\n\n\n\n<p><strong><span class=\"has-inline-color has-vivid-red-color\">Langue Su\u00e9doise<\/span><\/strong><\/p>\n\n\n\n<p>Provet i Langue Su\u00e9doise baseras p\u00e5 en portfolio best\u00e5ende av ett eller tv\u00e5 teman, fr\u00e4mst litter\u00e4ra. Denna sammanst\u00e4lls av kandidaten med hj\u00e4lp av dennes l\u00e4rare.<\/p>\n\n\n\n<p>Portfolion inneh\u00e5ller dokument som kandidaten sj\u00e4lv v\u00e4ljer ut, fr\u00e4mst olika typer av litter\u00e4ra texter:<br>&#8211; dikter eller utdrag ut dikter<br>&#8211; utdrag ur romaner<br>&#8211; utdrag ur noveller<br>&#8211; utdrag ur teaterpj\u00e4ser<br>Men \u00e4ven dokument\u00e4ra texter:&nbsp;<br>&#8211; reproduktioner av konstverk<br>&#8211; affischer<br>&#8211; reklam<br>&#8211; s\u00e5ngtexter<br>&#8211; multimedialt inneh\u00e5ll<\/p>\n\n\n\n<p>Dokumenten kan vara digitala.<\/p>\n\n\n\n<p>Portfolion ska \u00e4ven inneh\u00e5lla en skriftlig produktion inom samma tema\/n. Denna text ska skrivas, bearbetas och redigeras p\u00e5 svenska av kandidaten.<\/p>\n\n\n\n<p>Provet genomf\u00f6rs p\u00e5 20 minuter:<br>&#8211; 10 minuter: kandidaten presenterar sin portfolio:<br>&nbsp; &nbsp; &nbsp;&#8211; kandidaten motiverar sitt val av texter och dokument<br>&nbsp; &nbsp; &nbsp;&#8211; kandidaten beskriver sitt tillv\u00e4gag\u00e5ngss\u00e4tt<br>&nbsp; &nbsp; &nbsp;&#8211; kandidaten presenterar och argumenterar f\u00f6r sin \u00e5sikter kring olika aspekter och delar av portfolion.<br>&nbsp; &nbsp; &nbsp;&#8211; kandidaten f\u00f6rklarar vilka val som utgjorde grunden till den&nbsp;skriftliga produktionen och vilken plats texten har i&nbsp; &nbsp;<br>&nbsp; &nbsp; &nbsp;&nbsp;portfolion.<\/p>\n\n\n\n<p>\u00c4ven om den skriftliga produktionen tas upp f\u00f6r diskussion med examinatorn\/examinatorerna, ska den inte bed\u00f6mas s\u00e4rskilt inom ramen f\u00f6r detta prov.<\/p>\n\n\n\n<p>&#8211; 10 minuter: examinatorn\/examinatorerna ber kandidaten att utveckla vissa delar av sin presentation. De kan t.ex. be kandidaten att utveckla sina kommentarer till ett av dokumentet i portfolion, eller till sin skriftliga produktion. De kan ocks\u00e5 be elever att utveckla sina p\u00e5st\u00e5enden i f\u00f6rh\u00e5llande till andra teman som studerats under l\u00e4s\u00e5ret.&nbsp;<\/p>\n","protected":false},"excerpt":{"rendered":"<p>Definition Le Dipl\u00f4me National du Brevet International (DNBI) \u00e4r en valbar fransk examen&nbsp;i 3\u00e8me. Den erbjuds endast p\u00e5 skolor med internationella sektioner, till elever inskrivna i den internationella sektionen. LFSL erbjuder DNBI i svenska f\u00f6r de elever som \u00e4r inskrivna i den Svenska Internationella Sektionen (SIS). Beh\u00f6righet F\u00f6r att vara beh\u00f6rig att v\u00e4lja DNBI i &#8230; <\/p>\n<p class=\"read-more-container\"><a title=\"DNBI\" class=\"read-more button\" href=\"https:\/\/www.lfsl.net\/sv\/dnbi\/#more-13272\" aria-label=\"L\u00e4s mer om DNBI\">L\u00e4s mer<\/a><\/p>\n","protected":false},"author":3,"featured_media":0,"parent":0,"menu_order":0,"comment_status":"closed","ping_status":"closed","template":"","meta":{"footnotes":""},"class_list":["post-13272","page","type-page","status-publish"],"yoast_head":"<!-- This site is optimized with the Yoast SEO plugin v27.4 - https:\/\/yoast.com\/product\/yoast-seo-wordpress\/ -->\n<title>DNBI &#8211; Lyc\u00e9e Fran\u00e7ais Saint Louis de Stockholm<\/title>\n<meta name=\"robots\" content=\"index, follow, max-snippet:-1, max-image-preview:large, max-video-preview:-1\" \/>\n<link rel=\"canonical\" href=\"https:\/\/www.lfsl.net\/sv\/dnbi\/\" \/>\n<meta property=\"og:locale\" content=\"sv_SE\" \/>\n<meta property=\"og:type\" content=\"article\" \/>\n<meta property=\"og:title\" content=\"DNBI &#8211; Lyc\u00e9e Fran\u00e7ais Saint Louis de Stockholm\" \/>\n<meta property=\"og:description\" content=\"Definition Le Dipl\u00f4me National du Brevet International (DNBI) \u00e4r en valbar fransk examen&nbsp;i 3\u00e8me. Den erbjuds endast p\u00e5 skolor med internationella sektioner, till elever inskrivna i den internationella sektionen. LFSL erbjuder DNBI i svenska f\u00f6r de elever som \u00e4r inskrivna i den Svenska Internationella Sektionen (SIS). Beh\u00f6righet F\u00f6r att vara beh\u00f6rig att v\u00e4lja DNBI i ... L\u00e4s mer\" \/>\n<meta property=\"og:url\" content=\"https:\/\/www.lfsl.net\/sv\/dnbi\/\" \/>\n<meta property=\"og:site_name\" content=\"Lyc\u00e9e Fran\u00e7ais Saint Louis de Stockholm\" \/>\n<meta property=\"article:publisher\" content=\"https:\/\/www.facebook.com\/Lyc%c3%a9e-Francais-Saint-Louis-182116921840529\/\" \/>\n<meta property=\"article:modified_time\" content=\"2022-03-31T12:52:40+00:00\" \/>\n<meta property=\"og:image\" content=\"https:\/\/www.lfsl.net\/wp-content\/uploads\/2020\/03\/lsfl_logo-minimal_crop.jpg\" \/>\n\t<meta property=\"og:image:width\" content=\"1440\" \/>\n\t<meta property=\"og:image:height\" content=\"810\" \/>\n\t<meta property=\"og:image:type\" content=\"image\/jpeg\" \/>\n<meta name=\"twitter:card\" content=\"summary_large_image\" \/>\n<script type=\"application\/ld+json\" class=\"yoast-schema-graph\">{\"@context\":\"https:\\\/\\\/schema.org\",\"@graph\":[{\"@type\":\"WebPage\",\"@id\":\"https:\\\/\\\/www.lfsl.net\\\/sv\\\/dnbi\\\/\",\"url\":\"https:\\\/\\\/www.lfsl.net\\\/sv\\\/dnbi\\\/\",\"name\":\"DNBI &#8211; Lyc\u00e9e Fran\u00e7ais Saint Louis de Stockholm\",\"isPartOf\":{\"@id\":\"https:\\\/\\\/www.lfsl.net\\\/sv\\\/#website\"},\"datePublished\":\"2022-03-30T09:39:50+00:00\",\"dateModified\":\"2022-03-31T12:52:40+00:00\",\"breadcrumb\":{\"@id\":\"https:\\\/\\\/www.lfsl.net\\\/sv\\\/dnbi\\\/#breadcrumb\"},\"inLanguage\":\"sv-SE\",\"potentialAction\":[{\"@type\":\"ReadAction\",\"target\":[\"https:\\\/\\\/www.lfsl.net\\\/sv\\\/dnbi\\\/\"]}]},{\"@type\":\"BreadcrumbList\",\"@id\":\"https:\\\/\\\/www.lfsl.net\\\/sv\\\/dnbi\\\/#breadcrumb\",\"itemListElement\":[{\"@type\":\"ListItem\",\"position\":1,\"name\":\"Home\",\"item\":\"https:\\\/\\\/www.lfsl.net\\\/sv\\\/\"},{\"@type\":\"ListItem\",\"position\":2,\"name\":\"DNBI\"}]},{\"@type\":\"WebSite\",\"@id\":\"https:\\\/\\\/www.lfsl.net\\\/sv\\\/#website\",\"url\":\"https:\\\/\\\/www.lfsl.net\\\/sv\\\/\",\"name\":\"Lyc\u00e9e Fran\u00e7ais Saint Louis de Stockholm\",\"description\":\"\u00c9tablissement membre du r\u00e9seau AEFE\",\"publisher\":{\"@id\":\"https:\\\/\\\/www.lfsl.net\\\/sv\\\/#organization\"},\"potentialAction\":[{\"@type\":\"SearchAction\",\"target\":{\"@type\":\"EntryPoint\",\"urlTemplate\":\"https:\\\/\\\/www.lfsl.net\\\/sv\\\/?s={search_term_string}\"},\"query-input\":{\"@type\":\"PropertyValueSpecification\",\"valueRequired\":true,\"valueName\":\"search_term_string\"}}],\"inLanguage\":\"sv-SE\"},{\"@type\":\"Organization\",\"@id\":\"https:\\\/\\\/www.lfsl.net\\\/sv\\\/#organization\",\"name\":\"Lyc\u00e9e Fran\u00e7ais Saint Louis\",\"url\":\"https:\\\/\\\/www.lfsl.net\\\/sv\\\/\",\"logo\":{\"@type\":\"ImageObject\",\"inLanguage\":\"sv-SE\",\"@id\":\"https:\\\/\\\/www.lfsl.net\\\/sv\\\/#\\\/schema\\\/logo\\\/image\\\/\",\"url\":\"https:\\\/\\\/www.lfsl.net\\\/wp-content\\\/uploads\\\/2021\\\/03\\\/LFSL-logo.jpg\",\"contentUrl\":\"https:\\\/\\\/www.lfsl.net\\\/wp-content\\\/uploads\\\/2021\\\/03\\\/LFSL-logo.jpg\",\"width\":330,\"height\":473,\"caption\":\"Lyc\u00e9e Fran\u00e7ais Saint Louis\"},\"image\":{\"@id\":\"https:\\\/\\\/www.lfsl.net\\\/sv\\\/#\\\/schema\\\/logo\\\/image\\\/\"},\"sameAs\":[\"https:\\\/\\\/www.facebook.com\\\/Lyc\u00e9e-Francais-Saint-Louis-182116921840529\\\/\",\"https:\\\/\\\/www.instagram.com\\\/lyceefrancaisstockholm\\\/\",\"https:\\\/\\\/www.linkedin.com\\\/school\\\/lfsl\\\/\",\"https:\\\/\\\/www.youtube.com\\\/channel\\\/UCchS4IO4jE_YY0ILwn5NgGQ\"]}]}<\/script>\n<!-- \/ Yoast SEO plugin. -->","yoast_head_json":{"title":"DNBI &#8211; Lyc\u00e9e Fran\u00e7ais Saint Louis de Stockholm","robots":{"index":"index","follow":"follow","max-snippet":"max-snippet:-1","max-image-preview":"max-image-preview:large","max-video-preview":"max-video-preview:-1"},"canonical":"https:\/\/www.lfsl.net\/sv\/dnbi\/","og_locale":"sv_SE","og_type":"article","og_title":"DNBI &#8211; Lyc\u00e9e Fran\u00e7ais Saint Louis de Stockholm","og_description":"Definition Le Dipl\u00f4me National du Brevet International (DNBI) \u00e4r en valbar fransk examen&nbsp;i 3\u00e8me. Den erbjuds endast p\u00e5 skolor med internationella sektioner, till elever inskrivna i den internationella sektionen. LFSL erbjuder DNBI i svenska f\u00f6r de elever som \u00e4r inskrivna i den Svenska Internationella Sektionen (SIS). Beh\u00f6righet F\u00f6r att vara beh\u00f6rig att v\u00e4lja DNBI i ... L\u00e4s mer","og_url":"https:\/\/www.lfsl.net\/sv\/dnbi\/","og_site_name":"Lyc\u00e9e Fran\u00e7ais Saint Louis de Stockholm","article_publisher":"https:\/\/www.facebook.com\/Lyc%c3%a9e-Francais-Saint-Louis-182116921840529\/","article_modified_time":"2022-03-31T12:52:40+00:00","og_image":[{"width":1440,"height":810,"url":"https:\/\/www.lfsl.net\/wp-content\/uploads\/2020\/03\/lsfl_logo-minimal_crop.jpg","type":"image\/jpeg"}],"twitter_card":"summary_large_image","schema":{"@context":"https:\/\/schema.org","@graph":[{"@type":"WebPage","@id":"https:\/\/www.lfsl.net\/sv\/dnbi\/","url":"https:\/\/www.lfsl.net\/sv\/dnbi\/","name":"DNBI &#8211; Lyc\u00e9e Fran\u00e7ais Saint Louis de Stockholm","isPartOf":{"@id":"https:\/\/www.lfsl.net\/sv\/#website"},"datePublished":"2022-03-30T09:39:50+00:00","dateModified":"2022-03-31T12:52:40+00:00","breadcrumb":{"@id":"https:\/\/www.lfsl.net\/sv\/dnbi\/#breadcrumb"},"inLanguage":"sv-SE","potentialAction":[{"@type":"ReadAction","target":["https:\/\/www.lfsl.net\/sv\/dnbi\/"]}]},{"@type":"BreadcrumbList","@id":"https:\/\/www.lfsl.net\/sv\/dnbi\/#breadcrumb","itemListElement":[{"@type":"ListItem","position":1,"name":"Home","item":"https:\/\/www.lfsl.net\/sv\/"},{"@type":"ListItem","position":2,"name":"DNBI"}]},{"@type":"WebSite","@id":"https:\/\/www.lfsl.net\/sv\/#website","url":"https:\/\/www.lfsl.net\/sv\/","name":"Lyc\u00e9e Fran\u00e7ais Saint Louis de Stockholm","description":"\u00c9tablissement membre du r\u00e9seau AEFE","publisher":{"@id":"https:\/\/www.lfsl.net\/sv\/#organization"},"potentialAction":[{"@type":"SearchAction","target":{"@type":"EntryPoint","urlTemplate":"https:\/\/www.lfsl.net\/sv\/?s={search_term_string}"},"query-input":{"@type":"PropertyValueSpecification","valueRequired":true,"valueName":"search_term_string"}}],"inLanguage":"sv-SE"},{"@type":"Organization","@id":"https:\/\/www.lfsl.net\/sv\/#organization","name":"Lyc\u00e9e Fran\u00e7ais Saint Louis","url":"https:\/\/www.lfsl.net\/sv\/","logo":{"@type":"ImageObject","inLanguage":"sv-SE","@id":"https:\/\/www.lfsl.net\/sv\/#\/schema\/logo\/image\/","url":"https:\/\/www.lfsl.net\/wp-content\/uploads\/2021\/03\/LFSL-logo.jpg","contentUrl":"https:\/\/www.lfsl.net\/wp-content\/uploads\/2021\/03\/LFSL-logo.jpg","width":330,"height":473,"caption":"Lyc\u00e9e Fran\u00e7ais Saint Louis"},"image":{"@id":"https:\/\/www.lfsl.net\/sv\/#\/schema\/logo\/image\/"},"sameAs":["https:\/\/www.facebook.com\/Lyc\u00e9e-Francais-Saint-Louis-182116921840529\/","https:\/\/www.instagram.com\/lyceefrancaisstockholm\/","https:\/\/www.linkedin.com\/school\/lfsl\/","https:\/\/www.youtube.com\/channel\/UCchS4IO4jE_YY0ILwn5NgGQ"]}]}},"_links":{"self":[{"href":"https:\/\/www.lfsl.net\/sv\/wp-json\/wp\/v2\/pages\/13272","targetHints":{"allow":["GET"]}}],"collection":[{"href":"https:\/\/www.lfsl.net\/sv\/wp-json\/wp\/v2\/pages"}],"about":[{"href":"https:\/\/www.lfsl.net\/sv\/wp-json\/wp\/v2\/types\/page"}],"author":[{"embeddable":true,"href":"https:\/\/www.lfsl.net\/sv\/wp-json\/wp\/v2\/users\/3"}],"replies":[{"embeddable":true,"href":"https:\/\/www.lfsl.net\/sv\/wp-json\/wp\/v2\/comments?post=13272"}],"version-history":[{"count":10,"href":"https:\/\/www.lfsl.net\/sv\/wp-json\/wp\/v2\/pages\/13272\/revisions"}],"predecessor-version":[{"id":13319,"href":"https:\/\/www.lfsl.net\/sv\/wp-json\/wp\/v2\/pages\/13272\/revisions\/13319"}],"wp:attachment":[{"href":"https:\/\/www.lfsl.net\/sv\/wp-json\/wp\/v2\/media?parent=13272"}],"curies":[{"name":"wp","href":"https:\/\/api.w.org\/{rel}","templated":true}]}}