{"id":13280,"date":"2022-03-30T11:37:31","date_gmt":"2022-03-30T11:37:31","guid":{"rendered":"https:\/\/www.lfsl.net\/?page_id=13280"},"modified":"2025-04-10T09:22:16","modified_gmt":"2025-04-10T09:22:16","slug":"gymnasiearbete-tpt-lfsl","status":"publish","type":"page","link":"https:\/\/www.lfsl.net\/sv\/gymnasiearbete-tpt-lfsl\/","title":{"rendered":"Gymnasiearbete (TPT) LFSL"},"content":{"rendered":"\n<div class=\"wp-block-columns is-layout-flex wp-container-core-columns-is-layout-9d6595d7 wp-block-columns-is-layout-flex\">\n<div class=\"wp-block-column is-layout-flow wp-block-column-is-layout-flow\" style=\"flex-basis:66.66%\">\n<p>Alla elever som l\u00e4ser till en svensk Gymnasieexamen ska, i Terminale, skriva ett gymnasiearbete. Arbetet&nbsp;kan skrivas p\u00e5 svenska eller franska och&nbsp;\u00e4r ett kvitto p\u00e5 att eleven \u00e4r&nbsp;f\u00f6rberedd f\u00f6r arbete och vidare studier. <\/p>\n\n\n\n<p>P\u00e5 LFSL kallar vi gymnasiearbetet f\u00f6r<strong> TPT<\/strong>, vilket st\u00e5r f\u00f6r <strong>Travail Personnel Terminale<\/strong><\/p>\n\n\n\n<h2 class=\"wp-block-heading\">Handledning<\/h2>\n\n\n\n<p>Alla elever f\u00e5r en handledare, som f\u00f6ljer arbetet fr\u00e5n start till m\u00e5l och som ocks\u00e5 bed\u00f6mer arbetet. Vissa av handledartr\u00e4ffarna kommer att utnyttjas f\u00f6r handledning i helgrupp, medan \u00f6vriga kommer att anv\u00e4ndas f\u00f6r individuell handledning.<\/p>\n\n\n\n<p>Alla handledningstr\u00e4ffar \u00e4r obligatoriska, om inte annat s\u00e4gs \u2013 det inneb\u00e4r att n\u00e4rvaro \u00e4r ett m\u00e5ste.&nbsp;<\/p>\n\n\n\n<p>Det \u00e4r elevens ansvar att h\u00e5lla kontakt med handledaren ut\u00f6ver handledartr\u00e4ffarna.<\/p>\n\n\n\n<h2 class=\"wp-block-heading\">Tema<\/h2>\n\n\n\n<p>Temat och \u00e4mnet m\u00e5ste vara knutet till programm\u00e5len enligt f\u00f6ljande:<\/p>\n\n\n\n<p>Naturvetenskapsprogrammet&nbsp;:&nbsp;naturvetenskap och matematik<\/p>\n\n\n\n<p>Samh\u00e4llsvetenskapsprogrammet :&nbsp;samh\u00e4llsfr\u00e5gor och samh\u00e4llsf\u00f6rh\u00e5llanden, samh\u00e4llens strukturer, verksamheter och funktioner, samspelet mellan individ och samh\u00e4lle, m\u00e4nniskors livsvillkor samt mediernas och informationsteknikens f\u00f6ruts\u00e4ttningar och m\u00f6jligheter<\/p>\n\n\n\n<h2 class=\"wp-block-heading\">Betyg och gymnasieexamen<\/h2>\n\n\n\n<p>F\u00f6r gymnasiearbetet anv\u00e4nds en tv\u00e5gradig betygsskala.&nbsp;Ett arbete betygs\u00e4tts med antingen F (underk\u00e4nt) eller E (godk\u00e4nt).&nbsp;Utan ett godk\u00e4nt gymnasiearbete f\u00e5r man ingen svensk gymnasieexamen.&nbsp;Eleven m\u00e5ste d\u00e5 komplettera och\/eller omarbeta sitt arbete s\u00e5 att det blir godk\u00e4nt.<\/p>\n\n\n\n<p>V\u00e4rt att notera \u00e4r att f\u00f6r att f\u00e5 grundl\u00e4ggande beh\u00f6righet till universitet och h\u00f6gskolor beh\u00f6ver ha minst E i Svenska 1-3, Engelska 5 och 6 och Matematik 1, f\u00f6rutom ett E i gymnasiearbetet. D\u00e5 \u00e4r kraven uppn\u00e5dda f\u00f6r gymnasieexamen, f\u00f6rutsatt att eleven inte har mer \u00e4n 250 po\u00e4ng F i \u00f6vriga kurser.<\/p>\n\n\n\n<p>Gymnasiearbetets titel och betyg st\u00e5r p\u00e5 examensbeviset.&nbsp;<\/p>\n<\/div>\n<\/div>\n\n\n\n<h2 class=\"wp-block-heading\">Att hitta ett \u00e4mne<\/h2>\n\n\n\n<p>Ibland kan det vara sv\u00e5rt att komma p\u00e5 vad man vill f\u00f6rdjupa sig i. Ett bra tips \u00e4r dock att inte sitta och v\u00e4nta p\u00e5 den d\u00e4r \u201cfantastiska, banbrytande\u201d id\u00e9n som bara ska komma automatiskt som ett resultat av underbar inspiration\u2026<\/p>\n\n\n\n<p>Oftast kommer de b\u00e4sta id\u00e9erna av att man utg\u00e5r fr\u00e5n n\u00e5got som ber\u00f6r dig, som g\u00f6r dig engagerad eller uppr\u00f6rd. Prata g\u00e4rna med kompisar, syskon och f\u00f6r\u00e4ldrar och \u201ctesta\u201d dina id\u00e9er.<\/p>\n\n\n\n<p>Du som g\u00e5r p\u00e5 LFSL har ocks\u00e5 m\u00f6jlighet att utg\u00e5 fr\u00e5n ditt TPE. Du kan inspireras av det arbetet och f\u00f6rdjupa dig i n\u00e5got nytt, eller ocks\u00e5 beh\u00e5lla det och g\u00f6ra de modifieringar som beh\u00f6vs f\u00f6r att svara mot de svenska kriterierna.<\/p>\n\n\n\n<p><strong>Observera att det inte \u00e4r s\u00e5 l\u00e4tt att g\u00f6ra om ett redan skrivet arbete. Det \u00e4r en hel del punkter som skiljer TPE och TPT \u00e5t, bl.a. \u00e4r det mycket h\u00f6gre krav p\u00e5 k\u00e4llh\u00e4nvisning och en helt olika disposition av texten. Beroende p\u00e5 hur ditt arbete ser ut kan detta inneb\u00e4ra en st\u00f6rre arbetsinsats och bli en sv\u00e5rare uppgift \u00e4n om du skriver om n\u00e5got helt nytt.<\/strong><\/p>\n\n\n\n<div class=\"wp-block-columns is-layout-flex wp-container-core-columns-is-layout-9d6595d7 wp-block-columns-is-layout-flex\">\n<div class=\"wp-block-column is-layout-flow wp-block-column-is-layout-flow\">\n<h2 class=\"wp-block-heading\">Att f\u00e5 sitt \u00e4mne godk\u00e4nt<\/h2>\n\n\n\n<p>De allra flesta \u00e4mnen blir godk\u00e4nda. H\u00e4r kommer dock en lista p\u00e5 element som inte godk\u00e4nns:<br>&#8211; experiment p\u00e5\/med din egen eller dina kamraters kroppar<br>&#8211; experiment med alkohol, tobak eller droger<br>&#8211; experiment med pengar<br>&#8211; experiment som leder dig in i kriminalitet<br>&#8211; experiment som kan f\u00f6rs\u00e4tta dig eller din omgivning i fara<\/p>\n<\/div>\n\n\n\n<div class=\"wp-block-column is-layout-flow wp-block-column-is-layout-flow\">\n<h2 class=\"wp-block-heading\">Ekonomiskt st\u00f6d<\/h2>\n\n\n\n<p>Om du\/ni beh\u00f6ver pengar f\u00f6r att kunna genomf\u00f6ra arbetet kan du\/ni antingen s\u00f6ka sponsorer eller ans\u00f6ka om stipendier. T\u00e4nk p\u00e5 att g\u00f6ra ans\u00f6kningar om stipendier kan vara tidskr\u00e4vande.<\/p>\n\n\n\n<h2 class=\"wp-block-heading\">Tips fr\u00e5n tidigare elever<\/h2>\n\n\n\n<ul class=\"wp-block-list\">\n<li>B\u00f6rja lite tidigare, s\u00e5 att det inte blir s\u00e5 stressigt i slutet<\/li>\n\n\n\n<li>V\u00e4lj ett \u00e4mne du tycker om &#8211; det blir l\u00e4ttare att skriva d\u00e5<\/li>\n\n\n\n<li>V\u00e4lj ett \u00e4mne som inte beh\u00f6ver komplicerade instrument<\/li>\n\n\n\n<li>Kolla upp om du k\u00e4nner n\u00e5gon expert i ett \u00e4mne<\/li>\n\n\n\n<li>G\u00f6r det inte mer komplicerat \u00e4n det beh\u00f6ver vara<\/li>\n\n\n\n<li>Skriv inte hela uppsatsen p\u00e5 en g\u00e5ng &#8211; skriv i etapper<\/li>\n\n\n\n<li>Jobba mer med k\u00e4llh\u00e4nvisningarna<\/li>\n\n\n\n<li>G\u00e5 p\u00e5 TPT-lektionerna<\/li>\n\n\n\n<li>Ta hj\u00e4lp av handledaren<\/li>\n\n\n\n<li>Ta hj\u00e4lp av andra l\u00e4rare i sina \u00e4mnen<\/li>\n<\/ul>\n<\/div>\n<\/div>\n\n\n\n<h2 class=\"wp-block-heading\">Exempel p\u00e5 gymnasiearbeten<\/h2>\n\n\n\n<p>Naturvetenskapsprogrammet:&nbsp;<a href=\"http:\/\/www.skolverket.se\/polopoly_fs\/1.181541!\/Menu\/article\/attachment\/NA2.pdf\">Mpemba-effekten<\/a><br>Samh\u00e4llsvetenskapliga programmet:&nbsp;<a href=\"http:\/\/www.skolverket.se\/polopoly_fs\/1.181543!\/Menu\/article\/attachment\/SA2.pdf\">Elevdemokrati<\/a><\/p>\n\n\n\n<h2 class=\"wp-block-heading\">Dokument<\/h2>\n\n\n\n<div class=\"wp-block-columns is-layout-flex wp-container-core-columns-is-layout-9d6595d7 wp-block-columns-is-layout-flex\">\n<div class=\"wp-block-column is-layout-flow wp-block-column-is-layout-flow\">\n<p><a href=\"https:\/\/www.skolverket.se\/undervisning\/gymnasieskolan\/laroplan-program-och-amnen-i-gymnasieskolan\/gymnasiearbetet\">Skolverket informerar<\/a><\/p>\n\n\n\n<p><a href=\"https:\/\/lfsl-my.sharepoint.com\/:w:\/g\/personal\/rlemberger_lfsl_net\/EQBBT26M2Q1AkEsm5fRX82wBiLFR_ksS8xXVY0eiE3vF4A?e=fdgdhi\">M\u00e5l f\u00f6r gymnasiearbetet<\/a><\/p>\n\n\n\n<p><a href=\"https:\/\/www.skolverket.se\/undervisning\/gymnasieskolan\/laroplan-program-och-amnen-i-gymnasieskolan\/gymnasieprogrammen\/program?url=-996270488%2Fsyllabuscw%2Fjsp%2Fprogram.htm%3FprogramCode%3DNA001%26tos%3Dgy&amp;sv.url=12.5dfee44715d35a5cdfa9295#anchor_1\">Examensm\u00e5l NAT<\/a><\/p>\n\n\n\n<p><a href=\"https:\/\/www.skolverket.se\/undervisning\/gymnasieskolan\/laroplan-program-och-amnen-i-gymnasieskolan\/gymnasieprogrammen\/program?url=-996270488%2Fsyllabuscw%2Fjsp%2Fprogram.htm%3FprogramCode%3DSA001%26tos%3Dgy&amp;sv.url=12.5dfee44715d35a5cdfa9295#anchor_1\">Examensm\u00e5l SAM<\/a><\/p>\n<\/div>\n\n\n\n<div class=\"wp-block-column is-layout-flow wp-block-column-is-layout-flow\">\n<p><a href=\"https:\/\/lfsl-my.sharepoint.com\/:w:\/g\/personal\/rlemberger_lfsl_net\/EeLGo0xXt4REji5F0TJcvrsBhShp2eUV1-yJFA_xPdpjwQ?e=VgHCDE\">Projektplan &#8211; instruktion<\/a><\/p>\n\n\n\n<p><a href=\"https:\/\/lfsl-my.sharepoint.com\/:w:\/g\/personal\/rlemberger_lfsl_net\/ER2rwZBJFdlOl_kyInoYXi0B6NE63o2u2z_0TS_ydGDMUg?e=LXUwrS\">Problemformulering<\/a><\/p>\n\n\n\n<p><a href=\"https:\/\/lfsl-my.sharepoint.com\/:w:\/g\/personal\/rlemberger_lfsl_net\/ES6Q8TYomTtDpIbQnmiU-SgBApPo7AKMf5OKvgmXRpHzrg?e=dxevLc\">Opponering<\/a><\/p>\n<\/div>\n\n\n\n<div class=\"wp-block-column is-layout-flow wp-block-column-is-layout-flow\">\n<p><a href=\"https:\/\/lfsl-my.sharepoint.com\/:w:\/g\/personal\/rlemberger_lfsl_net\/ESZMwSuqNsZNs5eXVqifI3QBoEmKXVpOCXPE_IZarCwSlg?e=ErYutT\">Rubriker &#8211; matris<\/a><\/p>\n\n\n\n<p><a href=\"https:\/\/lfsl-my.sharepoint.com\/:w:\/g\/personal\/rlemberger_lfsl_net\/EX0-fGfmCeRJokeUyzSOUrsBPG0TGsERB3pGiHUL8hPl4g?e=AIHbYV\">Formalia f\u00f6r den slutliga uppsatsen<\/a><\/p>\n\n\n\n<p><\/p>\n<\/div>\n<\/div>\n\n\n\n<h2 class=\"wp-block-heading\">Blanketter<\/h2>\n\n\n\n<p><a href=\"https:\/\/lfsl-my.sharepoint.com\/:w:\/g\/personal\/rlemberger_lfsl_net\/EUUavlcUus5OsHzh992OCTIBbINSb_ehZJONt9W5ty4FVw?e=GOh2oZ\">Prelimin\u00e4rt val av \u00e4mne<\/a><\/p>\n\n\n\n<p><a href=\"https:\/\/lfsl-my.sharepoint.com\/:w:\/g\/personal\/rlemberger_lfsl_net\/ETpECzPCrIxFmdisJqSA43UBCvandgrSQ2WFfABU5oxMTw?e=LbhEpJ\">Projektf\u00f6rslag<\/a><\/p>\n\n\n\n<div class=\"wp-block-buttons is-layout-flex wp-block-buttons-is-layout-flex\"><\/div>\n\n\n\n<div class=\"wp-block-buttons is-layout-flex wp-block-buttons-is-layout-flex\"><\/div>\n","protected":false},"excerpt":{"rendered":"<p>Alla elever som l\u00e4ser till en svensk Gymnasieexamen ska, i Terminale, skriva ett gymnasiearbete. Arbetet&nbsp;kan skrivas p\u00e5 svenska eller franska och&nbsp;\u00e4r ett kvitto p\u00e5 att eleven \u00e4r&nbsp;f\u00f6rberedd f\u00f6r arbete och vidare studier. P\u00e5 LFSL kallar vi gymnasiearbetet f\u00f6r TPT, vilket st\u00e5r f\u00f6r Travail Personnel Terminale Handledning Alla elever f\u00e5r en handledare, som f\u00f6ljer arbetet fr\u00e5n &#8230; <\/p>\n<p class=\"read-more-container\"><a title=\"Gymnasiearbete (TPT) LFSL\" class=\"read-more button\" href=\"https:\/\/www.lfsl.net\/sv\/gymnasiearbete-tpt-lfsl\/#more-13280\" aria-label=\"L\u00e4s mer om Gymnasiearbete (TPT) LFSL\">L\u00e4s mer<\/a><\/p>\n","protected":false},"author":3,"featured_media":0,"parent":0,"menu_order":0,"comment_status":"closed","ping_status":"closed","template":"","meta":{"footnotes":""},"class_list":["post-13280","page","type-page","status-publish"],"yoast_head":"<!-- This site is optimized with the Yoast SEO plugin v27.4 - https:\/\/yoast.com\/product\/yoast-seo-wordpress\/ -->\n<title>Gymnasiearbete (TPT) LFSL &#8211; Lyc\u00e9e Fran\u00e7ais Saint Louis de Stockholm<\/title>\n<meta name=\"robots\" content=\"index, follow, max-snippet:-1, max-image-preview:large, max-video-preview:-1\" \/>\n<link rel=\"canonical\" href=\"https:\/\/www.lfsl.net\/sv\/gymnasiearbete-tpt-lfsl\/\" \/>\n<meta property=\"og:locale\" content=\"sv_SE\" \/>\n<meta property=\"og:type\" content=\"article\" \/>\n<meta property=\"og:title\" content=\"Gymnasiearbete (TPT) LFSL &#8211; Lyc\u00e9e Fran\u00e7ais Saint Louis de Stockholm\" \/>\n<meta property=\"og:description\" content=\"Alla elever som l\u00e4ser till en svensk Gymnasieexamen ska, i Terminale, skriva ett gymnasiearbete. Arbetet&nbsp;kan skrivas p\u00e5 svenska eller franska och&nbsp;\u00e4r ett kvitto p\u00e5 att eleven \u00e4r&nbsp;f\u00f6rberedd f\u00f6r arbete och vidare studier. P\u00e5 LFSL kallar vi gymnasiearbetet f\u00f6r TPT, vilket st\u00e5r f\u00f6r Travail Personnel Terminale Handledning Alla elever f\u00e5r en handledare, som f\u00f6ljer arbetet fr\u00e5n ... L\u00e4s mer\" \/>\n<meta property=\"og:url\" content=\"https:\/\/www.lfsl.net\/sv\/gymnasiearbete-tpt-lfsl\/\" \/>\n<meta property=\"og:site_name\" content=\"Lyc\u00e9e Fran\u00e7ais Saint Louis de Stockholm\" \/>\n<meta property=\"article:publisher\" content=\"https:\/\/www.facebook.com\/Lyc%c3%a9e-Francais-Saint-Louis-182116921840529\/\" \/>\n<meta property=\"article:modified_time\" content=\"2025-04-10T09:22:16+00:00\" \/>\n<meta property=\"og:image\" content=\"https:\/\/www.lfsl.net\/wp-content\/uploads\/2020\/03\/lsfl_logo-minimal_crop.jpg\" \/>\n\t<meta property=\"og:image:width\" content=\"1440\" \/>\n\t<meta property=\"og:image:height\" content=\"810\" \/>\n\t<meta property=\"og:image:type\" content=\"image\/jpeg\" \/>\n<meta name=\"twitter:card\" content=\"summary_large_image\" \/>\n<script type=\"application\/ld+json\" class=\"yoast-schema-graph\">{\"@context\":\"https:\\\/\\\/schema.org\",\"@graph\":[{\"@type\":\"WebPage\",\"@id\":\"https:\\\/\\\/www.lfsl.net\\\/sv\\\/gymnasiearbete-tpt-lfsl\\\/\",\"url\":\"https:\\\/\\\/www.lfsl.net\\\/sv\\\/gymnasiearbete-tpt-lfsl\\\/\",\"name\":\"Gymnasiearbete (TPT) LFSL &#8211; Lyc\u00e9e Fran\u00e7ais Saint Louis de Stockholm\",\"isPartOf\":{\"@id\":\"https:\\\/\\\/www.lfsl.net\\\/sv\\\/#website\"},\"datePublished\":\"2022-03-30T11:37:31+00:00\",\"dateModified\":\"2025-04-10T09:22:16+00:00\",\"breadcrumb\":{\"@id\":\"https:\\\/\\\/www.lfsl.net\\\/sv\\\/gymnasiearbete-tpt-lfsl\\\/#breadcrumb\"},\"inLanguage\":\"sv-SE\",\"potentialAction\":[{\"@type\":\"ReadAction\",\"target\":[\"https:\\\/\\\/www.lfsl.net\\\/sv\\\/gymnasiearbete-tpt-lfsl\\\/\"]}]},{\"@type\":\"BreadcrumbList\",\"@id\":\"https:\\\/\\\/www.lfsl.net\\\/sv\\\/gymnasiearbete-tpt-lfsl\\\/#breadcrumb\",\"itemListElement\":[{\"@type\":\"ListItem\",\"position\":1,\"name\":\"Home\",\"item\":\"https:\\\/\\\/www.lfsl.net\\\/sv\\\/\"},{\"@type\":\"ListItem\",\"position\":2,\"name\":\"Gymnasiearbete (TPT) LFSL\"}]},{\"@type\":\"WebSite\",\"@id\":\"https:\\\/\\\/www.lfsl.net\\\/sv\\\/#website\",\"url\":\"https:\\\/\\\/www.lfsl.net\\\/sv\\\/\",\"name\":\"Lyc\u00e9e Fran\u00e7ais Saint Louis de Stockholm\",\"description\":\"\u00c9tablissement membre du r\u00e9seau AEFE\",\"publisher\":{\"@id\":\"https:\\\/\\\/www.lfsl.net\\\/sv\\\/#organization\"},\"potentialAction\":[{\"@type\":\"SearchAction\",\"target\":{\"@type\":\"EntryPoint\",\"urlTemplate\":\"https:\\\/\\\/www.lfsl.net\\\/sv\\\/?s={search_term_string}\"},\"query-input\":{\"@type\":\"PropertyValueSpecification\",\"valueRequired\":true,\"valueName\":\"search_term_string\"}}],\"inLanguage\":\"sv-SE\"},{\"@type\":\"Organization\",\"@id\":\"https:\\\/\\\/www.lfsl.net\\\/sv\\\/#organization\",\"name\":\"Lyc\u00e9e Fran\u00e7ais Saint Louis\",\"url\":\"https:\\\/\\\/www.lfsl.net\\\/sv\\\/\",\"logo\":{\"@type\":\"ImageObject\",\"inLanguage\":\"sv-SE\",\"@id\":\"https:\\\/\\\/www.lfsl.net\\\/sv\\\/#\\\/schema\\\/logo\\\/image\\\/\",\"url\":\"https:\\\/\\\/www.lfsl.net\\\/wp-content\\\/uploads\\\/2021\\\/03\\\/LFSL-logo.jpg\",\"contentUrl\":\"https:\\\/\\\/www.lfsl.net\\\/wp-content\\\/uploads\\\/2021\\\/03\\\/LFSL-logo.jpg\",\"width\":330,\"height\":473,\"caption\":\"Lyc\u00e9e Fran\u00e7ais Saint Louis\"},\"image\":{\"@id\":\"https:\\\/\\\/www.lfsl.net\\\/sv\\\/#\\\/schema\\\/logo\\\/image\\\/\"},\"sameAs\":[\"https:\\\/\\\/www.facebook.com\\\/Lyc\u00e9e-Francais-Saint-Louis-182116921840529\\\/\",\"https:\\\/\\\/www.instagram.com\\\/lyceefrancaisstockholm\\\/\",\"https:\\\/\\\/www.linkedin.com\\\/school\\\/lfsl\\\/\",\"https:\\\/\\\/www.youtube.com\\\/channel\\\/UCchS4IO4jE_YY0ILwn5NgGQ\"]}]}<\/script>\n<!-- \/ Yoast SEO plugin. -->","yoast_head_json":{"title":"Gymnasiearbete (TPT) LFSL &#8211; Lyc\u00e9e Fran\u00e7ais Saint Louis de Stockholm","robots":{"index":"index","follow":"follow","max-snippet":"max-snippet:-1","max-image-preview":"max-image-preview:large","max-video-preview":"max-video-preview:-1"},"canonical":"https:\/\/www.lfsl.net\/sv\/gymnasiearbete-tpt-lfsl\/","og_locale":"sv_SE","og_type":"article","og_title":"Gymnasiearbete (TPT) LFSL &#8211; Lyc\u00e9e Fran\u00e7ais Saint Louis de Stockholm","og_description":"Alla elever som l\u00e4ser till en svensk Gymnasieexamen ska, i Terminale, skriva ett gymnasiearbete. Arbetet&nbsp;kan skrivas p\u00e5 svenska eller franska och&nbsp;\u00e4r ett kvitto p\u00e5 att eleven \u00e4r&nbsp;f\u00f6rberedd f\u00f6r arbete och vidare studier. P\u00e5 LFSL kallar vi gymnasiearbetet f\u00f6r TPT, vilket st\u00e5r f\u00f6r Travail Personnel Terminale Handledning Alla elever f\u00e5r en handledare, som f\u00f6ljer arbetet fr\u00e5n ... L\u00e4s mer","og_url":"https:\/\/www.lfsl.net\/sv\/gymnasiearbete-tpt-lfsl\/","og_site_name":"Lyc\u00e9e Fran\u00e7ais Saint Louis de Stockholm","article_publisher":"https:\/\/www.facebook.com\/Lyc%c3%a9e-Francais-Saint-Louis-182116921840529\/","article_modified_time":"2025-04-10T09:22:16+00:00","og_image":[{"width":1440,"height":810,"url":"https:\/\/www.lfsl.net\/wp-content\/uploads\/2020\/03\/lsfl_logo-minimal_crop.jpg","type":"image\/jpeg"}],"twitter_card":"summary_large_image","schema":{"@context":"https:\/\/schema.org","@graph":[{"@type":"WebPage","@id":"https:\/\/www.lfsl.net\/sv\/gymnasiearbete-tpt-lfsl\/","url":"https:\/\/www.lfsl.net\/sv\/gymnasiearbete-tpt-lfsl\/","name":"Gymnasiearbete (TPT) LFSL &#8211; Lyc\u00e9e Fran\u00e7ais Saint Louis de Stockholm","isPartOf":{"@id":"https:\/\/www.lfsl.net\/sv\/#website"},"datePublished":"2022-03-30T11:37:31+00:00","dateModified":"2025-04-10T09:22:16+00:00","breadcrumb":{"@id":"https:\/\/www.lfsl.net\/sv\/gymnasiearbete-tpt-lfsl\/#breadcrumb"},"inLanguage":"sv-SE","potentialAction":[{"@type":"ReadAction","target":["https:\/\/www.lfsl.net\/sv\/gymnasiearbete-tpt-lfsl\/"]}]},{"@type":"BreadcrumbList","@id":"https:\/\/www.lfsl.net\/sv\/gymnasiearbete-tpt-lfsl\/#breadcrumb","itemListElement":[{"@type":"ListItem","position":1,"name":"Home","item":"https:\/\/www.lfsl.net\/sv\/"},{"@type":"ListItem","position":2,"name":"Gymnasiearbete (TPT) LFSL"}]},{"@type":"WebSite","@id":"https:\/\/www.lfsl.net\/sv\/#website","url":"https:\/\/www.lfsl.net\/sv\/","name":"Lyc\u00e9e Fran\u00e7ais Saint Louis de Stockholm","description":"\u00c9tablissement membre du r\u00e9seau AEFE","publisher":{"@id":"https:\/\/www.lfsl.net\/sv\/#organization"},"potentialAction":[{"@type":"SearchAction","target":{"@type":"EntryPoint","urlTemplate":"https:\/\/www.lfsl.net\/sv\/?s={search_term_string}"},"query-input":{"@type":"PropertyValueSpecification","valueRequired":true,"valueName":"search_term_string"}}],"inLanguage":"sv-SE"},{"@type":"Organization","@id":"https:\/\/www.lfsl.net\/sv\/#organization","name":"Lyc\u00e9e Fran\u00e7ais Saint Louis","url":"https:\/\/www.lfsl.net\/sv\/","logo":{"@type":"ImageObject","inLanguage":"sv-SE","@id":"https:\/\/www.lfsl.net\/sv\/#\/schema\/logo\/image\/","url":"https:\/\/www.lfsl.net\/wp-content\/uploads\/2021\/03\/LFSL-logo.jpg","contentUrl":"https:\/\/www.lfsl.net\/wp-content\/uploads\/2021\/03\/LFSL-logo.jpg","width":330,"height":473,"caption":"Lyc\u00e9e Fran\u00e7ais Saint Louis"},"image":{"@id":"https:\/\/www.lfsl.net\/sv\/#\/schema\/logo\/image\/"},"sameAs":["https:\/\/www.facebook.com\/Lyc\u00e9e-Francais-Saint-Louis-182116921840529\/","https:\/\/www.instagram.com\/lyceefrancaisstockholm\/","https:\/\/www.linkedin.com\/school\/lfsl\/","https:\/\/www.youtube.com\/channel\/UCchS4IO4jE_YY0ILwn5NgGQ"]}]}},"_links":{"self":[{"href":"https:\/\/www.lfsl.net\/sv\/wp-json\/wp\/v2\/pages\/13280","targetHints":{"allow":["GET"]}}],"collection":[{"href":"https:\/\/www.lfsl.net\/sv\/wp-json\/wp\/v2\/pages"}],"about":[{"href":"https:\/\/www.lfsl.net\/sv\/wp-json\/wp\/v2\/types\/page"}],"author":[{"embeddable":true,"href":"https:\/\/www.lfsl.net\/sv\/wp-json\/wp\/v2\/users\/3"}],"replies":[{"embeddable":true,"href":"https:\/\/www.lfsl.net\/sv\/wp-json\/wp\/v2\/comments?post=13280"}],"version-history":[{"count":4,"href":"https:\/\/www.lfsl.net\/sv\/wp-json\/wp\/v2\/pages\/13280\/revisions"}],"predecessor-version":[{"id":22393,"href":"https:\/\/www.lfsl.net\/sv\/wp-json\/wp\/v2\/pages\/13280\/revisions\/22393"}],"wp:attachment":[{"href":"https:\/\/www.lfsl.net\/sv\/wp-json\/wp\/v2\/media?parent=13280"}],"curies":[{"name":"wp","href":"https:\/\/api.w.org\/{rel}","templated":true}]}}