{"id":13354,"date":"2022-04-06T08:24:11","date_gmt":"2022-04-06T08:24:11","guid":{"rendered":"https:\/\/www.lfsl.net\/?page_id=13354"},"modified":"2022-04-06T08:24:12","modified_gmt":"2022-04-06T08:24:12","slug":"bfi","status":"publish","type":"page","link":"https:\/\/www.lfsl.net\/sv\/bfi\/","title":{"rendered":"BFI"},"content":{"rendered":"\n<h2 class=\"wp-block-heading\">Fr\u00e5n\u00a0Option Internationale du Baccalaur\u00e9at (OIB)\u00a0till\u00a0Baccalaur\u00e9at Fran\u00e7ais International (BFI)\u00a0\u200b<\/h2>\n\n\n\n<p>Fr\u00e5n\u00a0l\u00e4s\u00e5ret\u00a02022\/2023\u00a0utvecklas\u00a0l&#8217;Option Internationale du Baccalaur\u00e9at (OIB)\u00a0och\u00a0blir\u00a0le Baccalaur\u00e9at\u00a0Fran\u00e7ais International (BFI).\u00a0Elever\u00a0som\u00a0g\u00e5r\u00a0i 1\u00e8re kan\u00a0skriva\u00a0in\u00a0sig\u00a0och\u00a0f\u00f6rbereder\u00a0d\u00e5\u00a0under\u00a0tv\u00e5\u00a0\u00e5r\u00a0detta\u00a0nya\u00a0internationella\u00a0program,\u00a0vilket\u00a0blir\u00a0en\u00a0del\u00a0av\u00a0deras\u00a0baccalur\u00e9at\u00a0(\u00a0fr\u00e5n\u00a02024).\u200b<\/p>\n\n\n\n<h2 class=\"wp-block-heading\">F\u00f6r\u00e4ndringar\u00a0gentemot l\u2019Option Internationale du Baccalaur\u00e9at (OIB)<\/h2>\n\n\n\n<p>\u2192&nbsp;Man&nbsp;f\u00f6rbereder&nbsp;en BFI de&nbsp;sista&nbsp;tv\u00e5&nbsp;\u00e5ren&nbsp;p\u00e5&nbsp;lyc\u00e9e (1\u00e8re&nbsp;och&nbsp;Tale) &#8211; i 2nde&nbsp;forts\u00e4tter&nbsp;den&nbsp;svenska&nbsp;internationella&nbsp;sektionen&nbsp;(SIS)&nbsp;fr\u00e5n&nbsp;3\u00e8me.&nbsp;\u200b<\/p>\n\n\n\n<p>\u2192&nbsp;\u00c4ven&nbsp;elever&nbsp;som&nbsp;inte&nbsp;\u00e4r&nbsp;inskrivna&nbsp;p\u00e5&nbsp;en&nbsp;internationell&nbsp;sektion&nbsp;i 2nde&nbsp;kan&nbsp;ans\u00f6ka&nbsp;om att&nbsp;f\u00e5&nbsp;f\u00f6rbereda&nbsp;en&nbsp;BFI.\u200b<\/p>\n\n\n\n<p>\u2192&nbsp;De&nbsp;specifika&nbsp;\u00e4mnena&nbsp;f\u00f6r&nbsp;OIB&nbsp;och&nbsp;BFI,&nbsp;Approfondissement culturel et linguistique (ACL)&nbsp;och&nbsp;la&nbsp;discipline&nbsp;non-linguistique (Histoire-G\u00e9ographie),&nbsp;f\u00f6rst\u00e4rks&nbsp;och&nbsp;kompletteras&nbsp;av&nbsp;det&nbsp;nya&nbsp;\u00e4mnet&nbsp;Connaissance du monde.\u200b<\/p>\n\n\n\n<p>\u2192&nbsp;Eleverna&nbsp;genomf\u00f6r&nbsp;ett&nbsp;projekt&nbsp;tillsammans&nbsp;med&nbsp;en&nbsp;internationell&nbsp;partner.&nbsp;<\/p>\n\n\n\n<hr class=\"wp-block-separator\"\/>\n\n\n\n<p class=\"has-text-align-center\"><strong>Inom\u00a0BFI finns\u00a0olika\u00a0s.k. parcours.\u200b<\/strong><\/p>\n\n\n\n<p class=\"has-text-align-center\"><strong>P\u00e5<\/strong><strong>&nbsp;LFSL&nbsp;<\/strong><strong>erbjuder<\/strong><strong>&nbsp;vi le Parcours Trilingue.&nbsp;<\/strong>\u200b<\/p>\n\n\n\n<p class=\"has-text-align-center\"><strong>FRANSKA&nbsp;<\/strong><strong>\u2013<\/strong><strong>&nbsp;SVENSKA &#8211; ENGELSKA<\/strong><\/p>\n\n\n\n<hr class=\"wp-block-separator\"\/>\n\n\n\n<h2 class=\"wp-block-heading\">Undervisningen<\/h2>\n\n\n\n<p>Den&nbsp;elev&nbsp;som&nbsp;f\u00f6rbereder&nbsp;en Baccalaur\u00e9at Fran\u00e7ais International (BFI)&nbsp;har&nbsp;:\u200b<\/p>\n\n\n\n<p>\u2192&nbsp;<strong>samma<\/strong><strong>&nbsp;<\/strong><strong>undervisning<\/strong>&nbsp;som&nbsp;de&nbsp;elever&nbsp;som&nbsp;inte&nbsp;f\u00f6rbereder&nbsp;en BFI (enseignements de tronc&nbsp;commun, enseignements de sp\u00e9cialit\u00e9).\u200b<\/p>\n\n\n\n<p>\u2192\u00a0<strong>3\u00a0ytterligare\u00a0\u00e4mnen<\/strong>\u00a0specifika\u00a0f\u00f6r\u00a0BFI:<\/p>\n\n\n\n<div class=\"wp-block-image\"><figure class=\"alignleft\"><img decoding=\"async\" src=\"https:\/\/www.lfsl.net\/wp-content\/uploads\/2022\/04\/image.png\" alt=\"L\u2019attribut alt de cette image est vide, son nom de fichier est image.png.\"\/><\/figure><\/div>\n\n\n\n<h5 class=\"wp-block-heading\">Histoire-G\u00e9ographie &#8211;\u00a0<em>Svenska<\/em><\/h5>\n\n\n\n<p>Inneh\u00e5llet i undervisningen av Histoire-G\u00e9ographie inom BFI \u00e4r densamma som den nuvarande undervisningen i Histoire-G\u00e9ographie. En del av inneh\u00e5ller kommer att undervisas p\u00e5 franska och en del p\u00e5 svenska. I slutet av Terminale genomf\u00f6r eleverna ett skriftligt och ett muntligt prov. <\/p>\n\n\n\n<h5 class=\"wp-block-heading\">Approfondissement culturel et linguistique (ACL) &#8211;\u00a0Engelska\u200b<\/h5>\n\n\n\n<p>Inneh\u00e5llet i undervisningen i Approfondissement culturel et linguistique \u00e4r till stor del densamma som den nuvarande, frivilliga, kursen Litt\u00e9rature Anglophone, som allts\u00e5 blir en del av ACL. I slutet av Terminale genomf\u00f6r eleverna ett muntligt prov. <\/p>\n\n\n\n<h4 class=\"wp-block-heading\">Connaissance du monde (CdM) &#8211;\u00a0<em>Svenska<\/em><\/h4>\n\n\n\n<p>CdM\u00a0utg\u00e5r\u00a0fr\u00e5n\u00a0id\u00e9historiska\u00a0och\u00a0geopolitiska\u00a0fr\u00e5gor,\u00a0kunskap\u00a0om\u00a0utmaningarna\u00a0i den\u00a0samtida\u00a0v\u00e4rlden,\u00a0kultur\u00a0och\u00a0civilisation i de land\u00a0d\u00e4r\u00a0spr\u00e5ket\u00a0talas,\u00a0samt\u00a0fr\u00e5n\u00a0ett\u00a0projekt,\u00a0som\u00a0drivs\u00a0av\u00a0eleven,\u00a0tillsammans\u00a0med\u00a0en\u00a0internationell\u00a0partner.\u00a0\u200b<\/p>\n\n\n\n<p>Tre&nbsp;st\u00f6rre&nbsp;temaing\u00e5ngar&nbsp;behandlar&nbsp;och&nbsp;utforskar&nbsp;de&nbsp;stora&nbsp;&nbsp;fr\u00e5gorna&nbsp;i&nbsp;v\u00e5r&nbsp;samtida&nbsp;v\u00e4rld:&nbsp;&nbsp;\u200b<\/p>\n\n\n\n<ul class=\"wp-block-list\"><li><em>Leva\u00a0tillsammans<\/em>\u200b<\/li><li><em>Bo i\u00a0v\u00e4rlden<\/em>\u200b<\/li><li><em>Bygga\u00a0en\u00a0framtid<\/em>\u200b<\/li><\/ul>\n\n\n\n<p>CdM&nbsp;kombinerar&nbsp;:&nbsp;\u200b<\/p>\n\n\n\n<p>\u2192&nbsp;<strong>traditionell<\/strong><strong>&nbsp;<\/strong><strong>undervisning<\/strong><strong>&nbsp;<\/strong>med&nbsp;syfte&nbsp;att&nbsp;ge&nbsp;eleverna&nbsp;ett&nbsp;kulturellt&nbsp;och&nbsp;spr\u00e5kligt&nbsp;inneh\u00e5ll,&nbsp;samt&nbsp;en&nbsp;bild&nbsp;av&nbsp;stora&nbsp;och&nbsp;samh\u00e4llsviktiga&nbsp;fr\u00e5gor&nbsp;som&nbsp;diskuteras&nbsp;i de l\u00e4nder&nbsp;d\u00e4r&nbsp;spr\u00e5ket&nbsp;talas.&nbsp; &nbsp;\u200b<\/p>\n\n\n\n<p>\u2192\u00a0<strong>ett\u00a0konkret\u00a0och\u00a0kollektivt\u00a0projekt<\/strong>, i terminale,\u00a0sammankopplat\u00a0med\u00a0kursplanen,\u00a0p\u00e5\u00a0sektionsspr\u00e5ket,\u00a0d\u00e4r\u00a0eleven\u00a0samarbetar\u00a0med\u00a0en\u00a0internationell\u00a0partner.\u200b<\/p>\n\n\n\n<p>I&nbsp;slutet&nbsp;av terminale&nbsp;genomf\u00f6r&nbsp;eleven&nbsp;ett&nbsp;muntligt&nbsp;prov.&nbsp;&nbsp;<\/p>\n\n\n\n<h2 class=\"wp-block-heading\">\u200bBaccalaur\u00e9at\u00a0 &#8211;\u00a0examinationer<\/h2>\n\n\n\n<p>\u2192&nbsp;Examinationen&nbsp;i Approfondissement culturel et linguistique&nbsp;ers\u00e4tter&nbsp;examinationen&nbsp;i LVA&nbsp;eller&nbsp;LVB,&nbsp;beroende&nbsp;p\u00e5&nbsp;vilket&nbsp;spr\u00e5k&nbsp;som&nbsp;ACL&nbsp;undervisas&nbsp;i.\u200b<\/p>\n\n\n\n<p>&nbsp;\u2192&nbsp;Examinationen&nbsp;i Connaissance du monde&nbsp;l\u00e4ggs&nbsp;till de&nbsp;andra&nbsp;examinationerna&nbsp;och&nbsp;koefficienterna.\u200b<\/p>\n\n\n\n<p>\u00a0\u2192\u00a0Examinationen\u00a0i\u00a0la discipline non linguistique obligatoire (Histoire-G\u00e9ographie),\u00a0ers\u00e4tter\u00a0examinationen\u00a0i\u00a0det\u00a0\u00a0ber\u00f6rda\u00a0\u00e4mnet.<\/p>\n\n\n\n<figure class=\"wp-block-image size-large\"><img loading=\"lazy\" decoding=\"async\" width=\"1047\" height=\"985\" src=\"https:\/\/www.lfsl.net\/wp-content\/uploads\/2022\/04\/BFI-1.png\" alt=\"\" class=\"wp-image-13359\" srcset=\"https:\/\/www.lfsl.net\/wp-content\/uploads\/2022\/04\/BFI-1.png 1047w, https:\/\/www.lfsl.net\/wp-content\/uploads\/2022\/04\/BFI-1-600x564.png 600w, https:\/\/www.lfsl.net\/wp-content\/uploads\/2022\/04\/BFI-1-768x723.png 768w\" sizes=\"auto, (max-width: 1047px) 100vw, 1047px\" \/><\/figure>\n","protected":false},"excerpt":{"rendered":"<p>Fr\u00e5n\u00a0Option Internationale du Baccalaur\u00e9at (OIB)\u00a0till\u00a0Baccalaur\u00e9at Fran\u00e7ais International (BFI)\u00a0\u200b Fr\u00e5n\u00a0l\u00e4s\u00e5ret\u00a02022\/2023\u00a0utvecklas\u00a0l&#8217;Option Internationale du Baccalaur\u00e9at (OIB)\u00a0och\u00a0blir\u00a0le Baccalaur\u00e9at\u00a0Fran\u00e7ais International (BFI).\u00a0Elever\u00a0som\u00a0g\u00e5r\u00a0i 1\u00e8re kan\u00a0skriva\u00a0in\u00a0sig\u00a0och\u00a0f\u00f6rbereder\u00a0d\u00e5\u00a0under\u00a0tv\u00e5\u00a0\u00e5r\u00a0detta\u00a0nya\u00a0internationella\u00a0program,\u00a0vilket\u00a0blir\u00a0en\u00a0del\u00a0av\u00a0deras\u00a0baccalur\u00e9at\u00a0(\u00a0fr\u00e5n\u00a02024).\u200b F\u00f6r\u00e4ndringar\u00a0gentemot l\u2019Option Internationale du Baccalaur\u00e9at (OIB) \u2192&nbsp;Man&nbsp;f\u00f6rbereder&nbsp;en BFI de&nbsp;sista&nbsp;tv\u00e5&nbsp;\u00e5ren&nbsp;p\u00e5&nbsp;lyc\u00e9e (1\u00e8re&nbsp;och&nbsp;Tale) &#8211; i 2nde&nbsp;forts\u00e4tter&nbsp;den&nbsp;svenska&nbsp;internationella&nbsp;sektionen&nbsp;(SIS)&nbsp;fr\u00e5n&nbsp;3\u00e8me.&nbsp;\u200b \u2192&nbsp;\u00c4ven&nbsp;elever&nbsp;som&nbsp;inte&nbsp;\u00e4r&nbsp;inskrivna&nbsp;p\u00e5&nbsp;en&nbsp;internationell&nbsp;sektion&nbsp;i 2nde&nbsp;kan&nbsp;ans\u00f6ka&nbsp;om att&nbsp;f\u00e5&nbsp;f\u00f6rbereda&nbsp;en&nbsp;BFI.\u200b \u2192&nbsp;De&nbsp;specifika&nbsp;\u00e4mnena&nbsp;f\u00f6r&nbsp;OIB&nbsp;och&nbsp;BFI,&nbsp;Approfondissement culturel et linguistique (ACL)&nbsp;och&nbsp;la&nbsp;discipline&nbsp;non-linguistique (Histoire-G\u00e9ographie),&nbsp;f\u00f6rst\u00e4rks&nbsp;och&nbsp;kompletteras&nbsp;av&nbsp;det&nbsp;nya&nbsp;\u00e4mnet&nbsp;Connaissance du monde.\u200b \u2192&nbsp;Eleverna&nbsp;genomf\u00f6r&nbsp;ett&nbsp;projekt&nbsp;tillsammans&nbsp;med&nbsp;en&nbsp;internationell&nbsp;partner.&nbsp; Inom\u00a0BFI finns\u00a0olika\u00a0s.k. parcours.\u200b P\u00e5&nbsp;LFSL&nbsp;erbjuder&nbsp;vi le Parcours Trilingue.&nbsp;\u200b FRANSKA&nbsp;\u2013&nbsp;SVENSKA &#8211; ENGELSKA Undervisningen Den&nbsp;elev&nbsp;som&nbsp;f\u00f6rbereder&nbsp;en &#8230; <\/p>\n<p class=\"read-more-container\"><a title=\"BFI\" class=\"read-more button\" href=\"https:\/\/www.lfsl.net\/sv\/bfi\/#more-13354\" aria-label=\"L\u00e4s mer om BFI\">L\u00e4s mer<\/a><\/p>\n","protected":false},"author":3,"featured_media":0,"parent":0,"menu_order":0,"comment_status":"closed","ping_status":"closed","template":"","meta":{"footnotes":""},"class_list":["post-13354","page","type-page","status-publish"],"yoast_head":"<!-- This site is optimized with the Yoast SEO plugin v27.4 - https:\/\/yoast.com\/product\/yoast-seo-wordpress\/ -->\n<title>BFI &#8211; Lyc\u00e9e Fran\u00e7ais Saint Louis de Stockholm<\/title>\n<meta name=\"robots\" content=\"index, follow, max-snippet:-1, max-image-preview:large, max-video-preview:-1\" \/>\n<link rel=\"canonical\" href=\"https:\/\/www.lfsl.net\/sv\/bfi\/\" \/>\n<meta property=\"og:locale\" content=\"sv_SE\" \/>\n<meta property=\"og:type\" content=\"article\" \/>\n<meta property=\"og:title\" content=\"BFI &#8211; Lyc\u00e9e Fran\u00e7ais Saint Louis de Stockholm\" \/>\n<meta property=\"og:description\" content=\"Fr\u00e5n\u00a0Option Internationale du Baccalaur\u00e9at (OIB)\u00a0till\u00a0Baccalaur\u00e9at Fran\u00e7ais International (BFI)\u00a0\u200b Fr\u00e5n\u00a0l\u00e4s\u00e5ret\u00a02022\/2023\u00a0utvecklas\u00a0l&#8217;Option Internationale du Baccalaur\u00e9at (OIB)\u00a0och\u00a0blir\u00a0le Baccalaur\u00e9at\u00a0Fran\u00e7ais International (BFI).\u00a0Elever\u00a0som\u00a0g\u00e5r\u00a0i 1\u00e8re kan\u00a0skriva\u00a0in\u00a0sig\u00a0och\u00a0f\u00f6rbereder\u00a0d\u00e5\u00a0under\u00a0tv\u00e5\u00a0\u00e5r\u00a0detta\u00a0nya\u00a0internationella\u00a0program,\u00a0vilket\u00a0blir\u00a0en\u00a0del\u00a0av\u00a0deras\u00a0baccalur\u00e9at\u00a0(\u00a0fr\u00e5n\u00a02024).\u200b F\u00f6r\u00e4ndringar\u00a0gentemot l\u2019Option Internationale du Baccalaur\u00e9at (OIB) \u2192&nbsp;Man&nbsp;f\u00f6rbereder&nbsp;en BFI de&nbsp;sista&nbsp;tv\u00e5&nbsp;\u00e5ren&nbsp;p\u00e5&nbsp;lyc\u00e9e (1\u00e8re&nbsp;och&nbsp;Tale) &#8211; i 2nde&nbsp;forts\u00e4tter&nbsp;den&nbsp;svenska&nbsp;internationella&nbsp;sektionen&nbsp;(SIS)&nbsp;fr\u00e5n&nbsp;3\u00e8me.&nbsp;\u200b \u2192&nbsp;\u00c4ven&nbsp;elever&nbsp;som&nbsp;inte&nbsp;\u00e4r&nbsp;inskrivna&nbsp;p\u00e5&nbsp;en&nbsp;internationell&nbsp;sektion&nbsp;i 2nde&nbsp;kan&nbsp;ans\u00f6ka&nbsp;om att&nbsp;f\u00e5&nbsp;f\u00f6rbereda&nbsp;en&nbsp;BFI.\u200b \u2192&nbsp;De&nbsp;specifika&nbsp;\u00e4mnena&nbsp;f\u00f6r&nbsp;OIB&nbsp;och&nbsp;BFI,&nbsp;Approfondissement culturel et linguistique (ACL)&nbsp;och&nbsp;la&nbsp;discipline&nbsp;non-linguistique (Histoire-G\u00e9ographie),&nbsp;f\u00f6rst\u00e4rks&nbsp;och&nbsp;kompletteras&nbsp;av&nbsp;det&nbsp;nya&nbsp;\u00e4mnet&nbsp;Connaissance du monde.\u200b \u2192&nbsp;Eleverna&nbsp;genomf\u00f6r&nbsp;ett&nbsp;projekt&nbsp;tillsammans&nbsp;med&nbsp;en&nbsp;internationell&nbsp;partner.&nbsp; Inom\u00a0BFI finns\u00a0olika\u00a0s.k. parcours.\u200b P\u00e5&nbsp;LFSL&nbsp;erbjuder&nbsp;vi le Parcours Trilingue.&nbsp;\u200b FRANSKA&nbsp;\u2013&nbsp;SVENSKA &#8211; ENGELSKA Undervisningen Den&nbsp;elev&nbsp;som&nbsp;f\u00f6rbereder&nbsp;en ... L\u00e4s mer\" \/>\n<meta property=\"og:url\" content=\"https:\/\/www.lfsl.net\/sv\/bfi\/\" \/>\n<meta property=\"og:site_name\" content=\"Lyc\u00e9e Fran\u00e7ais Saint Louis de Stockholm\" \/>\n<meta property=\"article:publisher\" content=\"https:\/\/www.facebook.com\/Lyc%c3%a9e-Francais-Saint-Louis-182116921840529\/\" \/>\n<meta property=\"article:modified_time\" content=\"2022-04-06T08:24:12+00:00\" \/>\n<meta property=\"og:image\" content=\"https:\/\/www.lfsl.net\/wp-content\/uploads\/2022\/04\/image.png\" \/>\n<meta name=\"twitter:card\" content=\"summary_large_image\" \/>\n<script type=\"application\/ld+json\" class=\"yoast-schema-graph\">{\"@context\":\"https:\\\/\\\/schema.org\",\"@graph\":[{\"@type\":\"WebPage\",\"@id\":\"https:\\\/\\\/www.lfsl.net\\\/sv\\\/bfi\\\/\",\"url\":\"https:\\\/\\\/www.lfsl.net\\\/sv\\\/bfi\\\/\",\"name\":\"BFI &#8211; Lyc\u00e9e Fran\u00e7ais Saint Louis de Stockholm\",\"isPartOf\":{\"@id\":\"https:\\\/\\\/www.lfsl.net\\\/sv\\\/#website\"},\"primaryImageOfPage\":{\"@id\":\"https:\\\/\\\/www.lfsl.net\\\/sv\\\/bfi\\\/#primaryimage\"},\"image\":{\"@id\":\"https:\\\/\\\/www.lfsl.net\\\/sv\\\/bfi\\\/#primaryimage\"},\"thumbnailUrl\":\"https:\\\/\\\/www.lfsl.net\\\/wp-content\\\/uploads\\\/2022\\\/04\\\/image.png\",\"datePublished\":\"2022-04-06T08:24:11+00:00\",\"dateModified\":\"2022-04-06T08:24:12+00:00\",\"breadcrumb\":{\"@id\":\"https:\\\/\\\/www.lfsl.net\\\/sv\\\/bfi\\\/#breadcrumb\"},\"inLanguage\":\"sv-SE\",\"potentialAction\":[{\"@type\":\"ReadAction\",\"target\":[\"https:\\\/\\\/www.lfsl.net\\\/sv\\\/bfi\\\/\"]}]},{\"@type\":\"ImageObject\",\"inLanguage\":\"sv-SE\",\"@id\":\"https:\\\/\\\/www.lfsl.net\\\/sv\\\/bfi\\\/#primaryimage\",\"url\":\"https:\\\/\\\/www.lfsl.net\\\/wp-content\\\/uploads\\\/2022\\\/04\\\/image.png\",\"contentUrl\":\"https:\\\/\\\/www.lfsl.net\\\/wp-content\\\/uploads\\\/2022\\\/04\\\/image.png\"},{\"@type\":\"BreadcrumbList\",\"@id\":\"https:\\\/\\\/www.lfsl.net\\\/sv\\\/bfi\\\/#breadcrumb\",\"itemListElement\":[{\"@type\":\"ListItem\",\"position\":1,\"name\":\"Home\",\"item\":\"https:\\\/\\\/www.lfsl.net\\\/sv\\\/\"},{\"@type\":\"ListItem\",\"position\":2,\"name\":\"BFI\"}]},{\"@type\":\"WebSite\",\"@id\":\"https:\\\/\\\/www.lfsl.net\\\/sv\\\/#website\",\"url\":\"https:\\\/\\\/www.lfsl.net\\\/sv\\\/\",\"name\":\"Lyc\u00e9e Fran\u00e7ais Saint Louis de Stockholm\",\"description\":\"\u00c9tablissement membre du r\u00e9seau AEFE\",\"publisher\":{\"@id\":\"https:\\\/\\\/www.lfsl.net\\\/sv\\\/#organization\"},\"potentialAction\":[{\"@type\":\"SearchAction\",\"target\":{\"@type\":\"EntryPoint\",\"urlTemplate\":\"https:\\\/\\\/www.lfsl.net\\\/sv\\\/?s={search_term_string}\"},\"query-input\":{\"@type\":\"PropertyValueSpecification\",\"valueRequired\":true,\"valueName\":\"search_term_string\"}}],\"inLanguage\":\"sv-SE\"},{\"@type\":\"Organization\",\"@id\":\"https:\\\/\\\/www.lfsl.net\\\/sv\\\/#organization\",\"name\":\"Lyc\u00e9e Fran\u00e7ais Saint Louis\",\"url\":\"https:\\\/\\\/www.lfsl.net\\\/sv\\\/\",\"logo\":{\"@type\":\"ImageObject\",\"inLanguage\":\"sv-SE\",\"@id\":\"https:\\\/\\\/www.lfsl.net\\\/sv\\\/#\\\/schema\\\/logo\\\/image\\\/\",\"url\":\"https:\\\/\\\/www.lfsl.net\\\/wp-content\\\/uploads\\\/2021\\\/03\\\/LFSL-logo.jpg\",\"contentUrl\":\"https:\\\/\\\/www.lfsl.net\\\/wp-content\\\/uploads\\\/2021\\\/03\\\/LFSL-logo.jpg\",\"width\":330,\"height\":473,\"caption\":\"Lyc\u00e9e Fran\u00e7ais Saint Louis\"},\"image\":{\"@id\":\"https:\\\/\\\/www.lfsl.net\\\/sv\\\/#\\\/schema\\\/logo\\\/image\\\/\"},\"sameAs\":[\"https:\\\/\\\/www.facebook.com\\\/Lyc\u00e9e-Francais-Saint-Louis-182116921840529\\\/\",\"https:\\\/\\\/www.instagram.com\\\/lyceefrancaisstockholm\\\/\",\"https:\\\/\\\/www.linkedin.com\\\/school\\\/lfsl\\\/\",\"https:\\\/\\\/www.youtube.com\\\/channel\\\/UCchS4IO4jE_YY0ILwn5NgGQ\"]}]}<\/script>\n<!-- \/ Yoast SEO plugin. -->","yoast_head_json":{"title":"BFI &#8211; Lyc\u00e9e Fran\u00e7ais Saint Louis de Stockholm","robots":{"index":"index","follow":"follow","max-snippet":"max-snippet:-1","max-image-preview":"max-image-preview:large","max-video-preview":"max-video-preview:-1"},"canonical":"https:\/\/www.lfsl.net\/sv\/bfi\/","og_locale":"sv_SE","og_type":"article","og_title":"BFI &#8211; Lyc\u00e9e Fran\u00e7ais Saint Louis de Stockholm","og_description":"Fr\u00e5n\u00a0Option Internationale du Baccalaur\u00e9at (OIB)\u00a0till\u00a0Baccalaur\u00e9at Fran\u00e7ais International (BFI)\u00a0\u200b Fr\u00e5n\u00a0l\u00e4s\u00e5ret\u00a02022\/2023\u00a0utvecklas\u00a0l&#8217;Option Internationale du Baccalaur\u00e9at (OIB)\u00a0och\u00a0blir\u00a0le Baccalaur\u00e9at\u00a0Fran\u00e7ais International (BFI).\u00a0Elever\u00a0som\u00a0g\u00e5r\u00a0i 1\u00e8re kan\u00a0skriva\u00a0in\u00a0sig\u00a0och\u00a0f\u00f6rbereder\u00a0d\u00e5\u00a0under\u00a0tv\u00e5\u00a0\u00e5r\u00a0detta\u00a0nya\u00a0internationella\u00a0program,\u00a0vilket\u00a0blir\u00a0en\u00a0del\u00a0av\u00a0deras\u00a0baccalur\u00e9at\u00a0(\u00a0fr\u00e5n\u00a02024).\u200b F\u00f6r\u00e4ndringar\u00a0gentemot l\u2019Option Internationale du Baccalaur\u00e9at (OIB) \u2192&nbsp;Man&nbsp;f\u00f6rbereder&nbsp;en BFI de&nbsp;sista&nbsp;tv\u00e5&nbsp;\u00e5ren&nbsp;p\u00e5&nbsp;lyc\u00e9e (1\u00e8re&nbsp;och&nbsp;Tale) &#8211; i 2nde&nbsp;forts\u00e4tter&nbsp;den&nbsp;svenska&nbsp;internationella&nbsp;sektionen&nbsp;(SIS)&nbsp;fr\u00e5n&nbsp;3\u00e8me.&nbsp;\u200b \u2192&nbsp;\u00c4ven&nbsp;elever&nbsp;som&nbsp;inte&nbsp;\u00e4r&nbsp;inskrivna&nbsp;p\u00e5&nbsp;en&nbsp;internationell&nbsp;sektion&nbsp;i 2nde&nbsp;kan&nbsp;ans\u00f6ka&nbsp;om att&nbsp;f\u00e5&nbsp;f\u00f6rbereda&nbsp;en&nbsp;BFI.\u200b \u2192&nbsp;De&nbsp;specifika&nbsp;\u00e4mnena&nbsp;f\u00f6r&nbsp;OIB&nbsp;och&nbsp;BFI,&nbsp;Approfondissement culturel et linguistique (ACL)&nbsp;och&nbsp;la&nbsp;discipline&nbsp;non-linguistique (Histoire-G\u00e9ographie),&nbsp;f\u00f6rst\u00e4rks&nbsp;och&nbsp;kompletteras&nbsp;av&nbsp;det&nbsp;nya&nbsp;\u00e4mnet&nbsp;Connaissance du monde.\u200b \u2192&nbsp;Eleverna&nbsp;genomf\u00f6r&nbsp;ett&nbsp;projekt&nbsp;tillsammans&nbsp;med&nbsp;en&nbsp;internationell&nbsp;partner.&nbsp; Inom\u00a0BFI finns\u00a0olika\u00a0s.k. parcours.\u200b P\u00e5&nbsp;LFSL&nbsp;erbjuder&nbsp;vi le Parcours Trilingue.&nbsp;\u200b FRANSKA&nbsp;\u2013&nbsp;SVENSKA &#8211; ENGELSKA Undervisningen Den&nbsp;elev&nbsp;som&nbsp;f\u00f6rbereder&nbsp;en ... L\u00e4s mer","og_url":"https:\/\/www.lfsl.net\/sv\/bfi\/","og_site_name":"Lyc\u00e9e Fran\u00e7ais Saint Louis de Stockholm","article_publisher":"https:\/\/www.facebook.com\/Lyc%c3%a9e-Francais-Saint-Louis-182116921840529\/","article_modified_time":"2022-04-06T08:24:12+00:00","og_image":[{"url":"https:\/\/www.lfsl.net\/wp-content\/uploads\/2022\/04\/image.png","type":"","width":"","height":""}],"twitter_card":"summary_large_image","schema":{"@context":"https:\/\/schema.org","@graph":[{"@type":"WebPage","@id":"https:\/\/www.lfsl.net\/sv\/bfi\/","url":"https:\/\/www.lfsl.net\/sv\/bfi\/","name":"BFI &#8211; Lyc\u00e9e Fran\u00e7ais Saint Louis de Stockholm","isPartOf":{"@id":"https:\/\/www.lfsl.net\/sv\/#website"},"primaryImageOfPage":{"@id":"https:\/\/www.lfsl.net\/sv\/bfi\/#primaryimage"},"image":{"@id":"https:\/\/www.lfsl.net\/sv\/bfi\/#primaryimage"},"thumbnailUrl":"https:\/\/www.lfsl.net\/wp-content\/uploads\/2022\/04\/image.png","datePublished":"2022-04-06T08:24:11+00:00","dateModified":"2022-04-06T08:24:12+00:00","breadcrumb":{"@id":"https:\/\/www.lfsl.net\/sv\/bfi\/#breadcrumb"},"inLanguage":"sv-SE","potentialAction":[{"@type":"ReadAction","target":["https:\/\/www.lfsl.net\/sv\/bfi\/"]}]},{"@type":"ImageObject","inLanguage":"sv-SE","@id":"https:\/\/www.lfsl.net\/sv\/bfi\/#primaryimage","url":"https:\/\/www.lfsl.net\/wp-content\/uploads\/2022\/04\/image.png","contentUrl":"https:\/\/www.lfsl.net\/wp-content\/uploads\/2022\/04\/image.png"},{"@type":"BreadcrumbList","@id":"https:\/\/www.lfsl.net\/sv\/bfi\/#breadcrumb","itemListElement":[{"@type":"ListItem","position":1,"name":"Home","item":"https:\/\/www.lfsl.net\/sv\/"},{"@type":"ListItem","position":2,"name":"BFI"}]},{"@type":"WebSite","@id":"https:\/\/www.lfsl.net\/sv\/#website","url":"https:\/\/www.lfsl.net\/sv\/","name":"Lyc\u00e9e Fran\u00e7ais Saint Louis de Stockholm","description":"\u00c9tablissement membre du r\u00e9seau AEFE","publisher":{"@id":"https:\/\/www.lfsl.net\/sv\/#organization"},"potentialAction":[{"@type":"SearchAction","target":{"@type":"EntryPoint","urlTemplate":"https:\/\/www.lfsl.net\/sv\/?s={search_term_string}"},"query-input":{"@type":"PropertyValueSpecification","valueRequired":true,"valueName":"search_term_string"}}],"inLanguage":"sv-SE"},{"@type":"Organization","@id":"https:\/\/www.lfsl.net\/sv\/#organization","name":"Lyc\u00e9e Fran\u00e7ais Saint Louis","url":"https:\/\/www.lfsl.net\/sv\/","logo":{"@type":"ImageObject","inLanguage":"sv-SE","@id":"https:\/\/www.lfsl.net\/sv\/#\/schema\/logo\/image\/","url":"https:\/\/www.lfsl.net\/wp-content\/uploads\/2021\/03\/LFSL-logo.jpg","contentUrl":"https:\/\/www.lfsl.net\/wp-content\/uploads\/2021\/03\/LFSL-logo.jpg","width":330,"height":473,"caption":"Lyc\u00e9e Fran\u00e7ais Saint Louis"},"image":{"@id":"https:\/\/www.lfsl.net\/sv\/#\/schema\/logo\/image\/"},"sameAs":["https:\/\/www.facebook.com\/Lyc\u00e9e-Francais-Saint-Louis-182116921840529\/","https:\/\/www.instagram.com\/lyceefrancaisstockholm\/","https:\/\/www.linkedin.com\/school\/lfsl\/","https:\/\/www.youtube.com\/channel\/UCchS4IO4jE_YY0ILwn5NgGQ"]}]}},"_links":{"self":[{"href":"https:\/\/www.lfsl.net\/sv\/wp-json\/wp\/v2\/pages\/13354","targetHints":{"allow":["GET"]}}],"collection":[{"href":"https:\/\/www.lfsl.net\/sv\/wp-json\/wp\/v2\/pages"}],"about":[{"href":"https:\/\/www.lfsl.net\/sv\/wp-json\/wp\/v2\/types\/page"}],"author":[{"embeddable":true,"href":"https:\/\/www.lfsl.net\/sv\/wp-json\/wp\/v2\/users\/3"}],"replies":[{"embeddable":true,"href":"https:\/\/www.lfsl.net\/sv\/wp-json\/wp\/v2\/comments?post=13354"}],"version-history":[{"count":1,"href":"https:\/\/www.lfsl.net\/sv\/wp-json\/wp\/v2\/pages\/13354\/revisions"}],"predecessor-version":[{"id":13360,"href":"https:\/\/www.lfsl.net\/sv\/wp-json\/wp\/v2\/pages\/13354\/revisions\/13360"}],"wp:attachment":[{"href":"https:\/\/www.lfsl.net\/sv\/wp-json\/wp\/v2\/media?parent=13354"}],"curies":[{"name":"wp","href":"https:\/\/api.w.org\/{rel}","templated":true}]}}