{"id":23828,"date":"2025-09-08T09:19:06","date_gmt":"2025-09-08T09:19:06","guid":{"rendered":"https:\/\/www.lfsl.net\/?page_id=23828"},"modified":"2025-09-08T11:25:37","modified_gmt":"2025-09-08T11:25:37","slug":"foreningsbutiken","status":"publish","type":"page","link":"https:\/\/www.lfsl.net\/sv\/foreningsbutiken\/","title":{"rendered":"F\u00d6RENINGSBUTIKEN"},"content":{"rendered":"\n<p>Till butiken<strong>:<\/strong> <a href=\"https:\/\/ape.hjalplaget.se\/\">F\u00f6reningsbutiken<\/a><\/p>\n\n\n\n<h3 class=\"wp-block-heading\">APE<\/h3>\n\n\n\n<p><a href=\"https:\/\/www.lfsl.net\/sv\/livet-pa-lfsl\/ape\/\">F\u00f6r\u00e4ldraf\u00f6reningen <\/a>erbjuder artiklar med LFSL:s logotyp, f\u00f6r att bidra till en stark k\u00e4nsla av samh\u00f6righet. Butiken drivs genom en lokal och certifierad samarbetspartner, vilket g\u00f6r verksamheten b\u00e5de h\u00e5llbar och enkel att hantera.<\/p>\n\n\n\n<h3 class=\"wp-block-heading\">v\u00e5r partner<\/h3>\n\n\n\n<p>Nordic Star Event &amp; Profil AB, Segelb\u00e5tsv\u00e4gen 2, 112 64 Stockholm<br>Best\u00e4llningar skickas till utl\u00e4mningsst\u00e4lle (mot fraktavgift) eller kan h\u00e4mtas p\u00e5 plats m\u00e5ndag\u2013fredag kl. 9.00\u201312.00 och 13.00\u201316.00 (ej under skollov).<\/p>\n\n\n\n<figure class=\"wp-block-image size-full\"><img loading=\"lazy\" decoding=\"async\" width=\"969\" height=\"253\" src=\"https:\/\/www.lfsl.net\/wp-content\/uploads\/2025\/09\/photo_Nordic-Star.jpg\" alt=\"\" class=\"wp-image-23826\" srcset=\"https:\/\/www.lfsl.net\/wp-content\/uploads\/2025\/09\/photo_Nordic-Star.jpg 969w, https:\/\/www.lfsl.net\/wp-content\/uploads\/2025\/09\/photo_Nordic-Star-600x157.jpg 600w, https:\/\/www.lfsl.net\/wp-content\/uploads\/2025\/09\/photo_Nordic-Star-768x201.jpg 768w\" sizes=\"auto, (max-width: 969px) 100vw, 969px\" \/><\/figure>\n","protected":false},"excerpt":{"rendered":"<p>Till butiken: F\u00f6reningsbutiken APE F\u00f6r\u00e4ldraf\u00f6reningen erbjuder artiklar med LFSL:s logotyp, f\u00f6r att bidra till en stark k\u00e4nsla av samh\u00f6righet. Butiken drivs genom en lokal och certifierad samarbetspartner, vilket g\u00f6r verksamheten b\u00e5de h\u00e5llbar och enkel att hantera. v\u00e5r partner Nordic Star Event &amp; Profil AB, Segelb\u00e5tsv\u00e4gen 2, 112 64 StockholmBest\u00e4llningar skickas till utl\u00e4mningsst\u00e4lle (mot fraktavgift) eller &#8230; <\/p>\n<p class=\"read-more-container\"><a title=\"F\u00d6RENINGSBUTIKEN\" class=\"read-more button\" href=\"https:\/\/www.lfsl.net\/sv\/foreningsbutiken\/#more-23828\" aria-label=\"L\u00e4s mer om F\u00d6RENINGSBUTIKEN\">L\u00e4s mer<\/a><\/p>\n","protected":false},"author":1,"featured_media":0,"parent":0,"menu_order":0,"comment_status":"closed","ping_status":"closed","template":"","meta":{"footnotes":""},"class_list":["post-23828","page","type-page","status-publish"],"yoast_head":"<!-- This site is optimized with the Yoast SEO plugin v27.4 - https:\/\/yoast.com\/product\/yoast-seo-wordpress\/ -->\n<title>F\u00d6RENINGSBUTIKEN &#8211; Lyc\u00e9e Fran\u00e7ais Saint Louis de Stockholm<\/title>\n<meta name=\"robots\" content=\"index, follow, max-snippet:-1, max-image-preview:large, max-video-preview:-1\" \/>\n<link rel=\"canonical\" href=\"https:\/\/www.lfsl.net\/sv\/foreningsbutiken\/\" \/>\n<meta property=\"og:locale\" content=\"sv_SE\" \/>\n<meta property=\"og:type\" content=\"article\" \/>\n<meta property=\"og:title\" content=\"F\u00d6RENINGSBUTIKEN &#8211; Lyc\u00e9e Fran\u00e7ais Saint Louis de Stockholm\" \/>\n<meta property=\"og:description\" content=\"Till butiken: F\u00f6reningsbutiken APE F\u00f6r\u00e4ldraf\u00f6reningen erbjuder artiklar med LFSL:s logotyp, f\u00f6r att bidra till en stark k\u00e4nsla av samh\u00f6righet. Butiken drivs genom en lokal och certifierad samarbetspartner, vilket g\u00f6r verksamheten b\u00e5de h\u00e5llbar och enkel att hantera. v\u00e5r partner Nordic Star Event &amp; Profil AB, Segelb\u00e5tsv\u00e4gen 2, 112 64 StockholmBest\u00e4llningar skickas till utl\u00e4mningsst\u00e4lle (mot fraktavgift) eller ... L\u00e4s mer\" \/>\n<meta property=\"og:url\" content=\"https:\/\/www.lfsl.net\/sv\/foreningsbutiken\/\" \/>\n<meta property=\"og:site_name\" content=\"Lyc\u00e9e Fran\u00e7ais Saint Louis de Stockholm\" \/>\n<meta property=\"article:publisher\" content=\"https:\/\/www.facebook.com\/Lyc%c3%a9e-Francais-Saint-Louis-182116921840529\/\" \/>\n<meta property=\"article:modified_time\" content=\"2025-09-08T11:25:37+00:00\" \/>\n<meta property=\"og:image\" content=\"https:\/\/www.lfsl.net\/wp-content\/uploads\/2025\/09\/photo_Nordic-Star.jpg\" \/>\n\t<meta property=\"og:image:width\" content=\"969\" \/>\n\t<meta property=\"og:image:height\" content=\"253\" \/>\n\t<meta property=\"og:image:type\" content=\"image\/jpeg\" \/>\n<meta name=\"twitter:card\" content=\"summary_large_image\" \/>\n<script type=\"application\/ld+json\" class=\"yoast-schema-graph\">{\"@context\":\"https:\\\/\\\/schema.org\",\"@graph\":[{\"@type\":\"WebPage\",\"@id\":\"https:\\\/\\\/www.lfsl.net\\\/sv\\\/foreningsbutiken\\\/\",\"url\":\"https:\\\/\\\/www.lfsl.net\\\/sv\\\/foreningsbutiken\\\/\",\"name\":\"F\u00d6RENINGSBUTIKEN &#8211; Lyc\u00e9e Fran\u00e7ais Saint Louis de Stockholm\",\"isPartOf\":{\"@id\":\"https:\\\/\\\/www.lfsl.net\\\/sv\\\/#website\"},\"primaryImageOfPage\":{\"@id\":\"https:\\\/\\\/www.lfsl.net\\\/sv\\\/foreningsbutiken\\\/#primaryimage\"},\"image\":{\"@id\":\"https:\\\/\\\/www.lfsl.net\\\/sv\\\/foreningsbutiken\\\/#primaryimage\"},\"thumbnailUrl\":\"https:\\\/\\\/www.lfsl.net\\\/wp-content\\\/uploads\\\/2025\\\/09\\\/photo_Nordic-Star.jpg\",\"datePublished\":\"2025-09-08T09:19:06+00:00\",\"dateModified\":\"2025-09-08T11:25:37+00:00\",\"breadcrumb\":{\"@id\":\"https:\\\/\\\/www.lfsl.net\\\/sv\\\/foreningsbutiken\\\/#breadcrumb\"},\"inLanguage\":\"sv-SE\",\"potentialAction\":[{\"@type\":\"ReadAction\",\"target\":[\"https:\\\/\\\/www.lfsl.net\\\/sv\\\/foreningsbutiken\\\/\"]}]},{\"@type\":\"ImageObject\",\"inLanguage\":\"sv-SE\",\"@id\":\"https:\\\/\\\/www.lfsl.net\\\/sv\\\/foreningsbutiken\\\/#primaryimage\",\"url\":\"https:\\\/\\\/www.lfsl.net\\\/wp-content\\\/uploads\\\/2025\\\/09\\\/photo_Nordic-Star.jpg\",\"contentUrl\":\"https:\\\/\\\/www.lfsl.net\\\/wp-content\\\/uploads\\\/2025\\\/09\\\/photo_Nordic-Star.jpg\"},{\"@type\":\"BreadcrumbList\",\"@id\":\"https:\\\/\\\/www.lfsl.net\\\/sv\\\/foreningsbutiken\\\/#breadcrumb\",\"itemListElement\":[{\"@type\":\"ListItem\",\"position\":1,\"name\":\"Home\",\"item\":\"https:\\\/\\\/www.lfsl.net\\\/sv\\\/\"},{\"@type\":\"ListItem\",\"position\":2,\"name\":\"F\u00d6RENINGSBUTIKEN\"}]},{\"@type\":\"WebSite\",\"@id\":\"https:\\\/\\\/www.lfsl.net\\\/sv\\\/#website\",\"url\":\"https:\\\/\\\/www.lfsl.net\\\/sv\\\/\",\"name\":\"Lyc\u00e9e Fran\u00e7ais Saint Louis de Stockholm\",\"description\":\"\u00c9tablissement membre du r\u00e9seau AEFE\",\"publisher\":{\"@id\":\"https:\\\/\\\/www.lfsl.net\\\/sv\\\/#organization\"},\"potentialAction\":[{\"@type\":\"SearchAction\",\"target\":{\"@type\":\"EntryPoint\",\"urlTemplate\":\"https:\\\/\\\/www.lfsl.net\\\/sv\\\/?s={search_term_string}\"},\"query-input\":{\"@type\":\"PropertyValueSpecification\",\"valueRequired\":true,\"valueName\":\"search_term_string\"}}],\"inLanguage\":\"sv-SE\"},{\"@type\":\"Organization\",\"@id\":\"https:\\\/\\\/www.lfsl.net\\\/sv\\\/#organization\",\"name\":\"Lyc\u00e9e Fran\u00e7ais Saint Louis\",\"url\":\"https:\\\/\\\/www.lfsl.net\\\/sv\\\/\",\"logo\":{\"@type\":\"ImageObject\",\"inLanguage\":\"sv-SE\",\"@id\":\"https:\\\/\\\/www.lfsl.net\\\/sv\\\/#\\\/schema\\\/logo\\\/image\\\/\",\"url\":\"https:\\\/\\\/www.lfsl.net\\\/wp-content\\\/uploads\\\/2021\\\/03\\\/LFSL-logo.jpg\",\"contentUrl\":\"https:\\\/\\\/www.lfsl.net\\\/wp-content\\\/uploads\\\/2021\\\/03\\\/LFSL-logo.jpg\",\"width\":330,\"height\":473,\"caption\":\"Lyc\u00e9e Fran\u00e7ais Saint Louis\"},\"image\":{\"@id\":\"https:\\\/\\\/www.lfsl.net\\\/sv\\\/#\\\/schema\\\/logo\\\/image\\\/\"},\"sameAs\":[\"https:\\\/\\\/www.facebook.com\\\/Lyc\u00e9e-Francais-Saint-Louis-182116921840529\\\/\",\"https:\\\/\\\/www.instagram.com\\\/lyceefrancaisstockholm\\\/\",\"https:\\\/\\\/www.linkedin.com\\\/school\\\/lfsl\\\/\",\"https:\\\/\\\/www.youtube.com\\\/channel\\\/UCchS4IO4jE_YY0ILwn5NgGQ\"]}]}<\/script>\n<!-- \/ Yoast SEO plugin. -->","yoast_head_json":{"title":"F\u00d6RENINGSBUTIKEN &#8211; Lyc\u00e9e Fran\u00e7ais Saint Louis de Stockholm","robots":{"index":"index","follow":"follow","max-snippet":"max-snippet:-1","max-image-preview":"max-image-preview:large","max-video-preview":"max-video-preview:-1"},"canonical":"https:\/\/www.lfsl.net\/sv\/foreningsbutiken\/","og_locale":"sv_SE","og_type":"article","og_title":"F\u00d6RENINGSBUTIKEN &#8211; Lyc\u00e9e Fran\u00e7ais Saint Louis de Stockholm","og_description":"Till butiken: F\u00f6reningsbutiken APE F\u00f6r\u00e4ldraf\u00f6reningen erbjuder artiklar med LFSL:s logotyp, f\u00f6r att bidra till en stark k\u00e4nsla av samh\u00f6righet. Butiken drivs genom en lokal och certifierad samarbetspartner, vilket g\u00f6r verksamheten b\u00e5de h\u00e5llbar och enkel att hantera. v\u00e5r partner Nordic Star Event &amp; Profil AB, Segelb\u00e5tsv\u00e4gen 2, 112 64 StockholmBest\u00e4llningar skickas till utl\u00e4mningsst\u00e4lle (mot fraktavgift) eller ... L\u00e4s mer","og_url":"https:\/\/www.lfsl.net\/sv\/foreningsbutiken\/","og_site_name":"Lyc\u00e9e Fran\u00e7ais Saint Louis de Stockholm","article_publisher":"https:\/\/www.facebook.com\/Lyc%c3%a9e-Francais-Saint-Louis-182116921840529\/","article_modified_time":"2025-09-08T11:25:37+00:00","og_image":[{"width":969,"height":253,"url":"https:\/\/www.lfsl.net\/wp-content\/uploads\/2025\/09\/photo_Nordic-Star.jpg","type":"image\/jpeg"}],"twitter_card":"summary_large_image","schema":{"@context":"https:\/\/schema.org","@graph":[{"@type":"WebPage","@id":"https:\/\/www.lfsl.net\/sv\/foreningsbutiken\/","url":"https:\/\/www.lfsl.net\/sv\/foreningsbutiken\/","name":"F\u00d6RENINGSBUTIKEN &#8211; Lyc\u00e9e Fran\u00e7ais Saint Louis de Stockholm","isPartOf":{"@id":"https:\/\/www.lfsl.net\/sv\/#website"},"primaryImageOfPage":{"@id":"https:\/\/www.lfsl.net\/sv\/foreningsbutiken\/#primaryimage"},"image":{"@id":"https:\/\/www.lfsl.net\/sv\/foreningsbutiken\/#primaryimage"},"thumbnailUrl":"https:\/\/www.lfsl.net\/wp-content\/uploads\/2025\/09\/photo_Nordic-Star.jpg","datePublished":"2025-09-08T09:19:06+00:00","dateModified":"2025-09-08T11:25:37+00:00","breadcrumb":{"@id":"https:\/\/www.lfsl.net\/sv\/foreningsbutiken\/#breadcrumb"},"inLanguage":"sv-SE","potentialAction":[{"@type":"ReadAction","target":["https:\/\/www.lfsl.net\/sv\/foreningsbutiken\/"]}]},{"@type":"ImageObject","inLanguage":"sv-SE","@id":"https:\/\/www.lfsl.net\/sv\/foreningsbutiken\/#primaryimage","url":"https:\/\/www.lfsl.net\/wp-content\/uploads\/2025\/09\/photo_Nordic-Star.jpg","contentUrl":"https:\/\/www.lfsl.net\/wp-content\/uploads\/2025\/09\/photo_Nordic-Star.jpg"},{"@type":"BreadcrumbList","@id":"https:\/\/www.lfsl.net\/sv\/foreningsbutiken\/#breadcrumb","itemListElement":[{"@type":"ListItem","position":1,"name":"Home","item":"https:\/\/www.lfsl.net\/sv\/"},{"@type":"ListItem","position":2,"name":"F\u00d6RENINGSBUTIKEN"}]},{"@type":"WebSite","@id":"https:\/\/www.lfsl.net\/sv\/#website","url":"https:\/\/www.lfsl.net\/sv\/","name":"Lyc\u00e9e Fran\u00e7ais Saint Louis de Stockholm","description":"\u00c9tablissement membre du r\u00e9seau AEFE","publisher":{"@id":"https:\/\/www.lfsl.net\/sv\/#organization"},"potentialAction":[{"@type":"SearchAction","target":{"@type":"EntryPoint","urlTemplate":"https:\/\/www.lfsl.net\/sv\/?s={search_term_string}"},"query-input":{"@type":"PropertyValueSpecification","valueRequired":true,"valueName":"search_term_string"}}],"inLanguage":"sv-SE"},{"@type":"Organization","@id":"https:\/\/www.lfsl.net\/sv\/#organization","name":"Lyc\u00e9e Fran\u00e7ais Saint Louis","url":"https:\/\/www.lfsl.net\/sv\/","logo":{"@type":"ImageObject","inLanguage":"sv-SE","@id":"https:\/\/www.lfsl.net\/sv\/#\/schema\/logo\/image\/","url":"https:\/\/www.lfsl.net\/wp-content\/uploads\/2021\/03\/LFSL-logo.jpg","contentUrl":"https:\/\/www.lfsl.net\/wp-content\/uploads\/2021\/03\/LFSL-logo.jpg","width":330,"height":473,"caption":"Lyc\u00e9e Fran\u00e7ais Saint Louis"},"image":{"@id":"https:\/\/www.lfsl.net\/sv\/#\/schema\/logo\/image\/"},"sameAs":["https:\/\/www.facebook.com\/Lyc\u00e9e-Francais-Saint-Louis-182116921840529\/","https:\/\/www.instagram.com\/lyceefrancaisstockholm\/","https:\/\/www.linkedin.com\/school\/lfsl\/","https:\/\/www.youtube.com\/channel\/UCchS4IO4jE_YY0ILwn5NgGQ"]}]}},"_links":{"self":[{"href":"https:\/\/www.lfsl.net\/sv\/wp-json\/wp\/v2\/pages\/23828","targetHints":{"allow":["GET"]}}],"collection":[{"href":"https:\/\/www.lfsl.net\/sv\/wp-json\/wp\/v2\/pages"}],"about":[{"href":"https:\/\/www.lfsl.net\/sv\/wp-json\/wp\/v2\/types\/page"}],"author":[{"embeddable":true,"href":"https:\/\/www.lfsl.net\/sv\/wp-json\/wp\/v2\/users\/1"}],"replies":[{"embeddable":true,"href":"https:\/\/www.lfsl.net\/sv\/wp-json\/wp\/v2\/comments?post=23828"}],"version-history":[{"count":1,"href":"https:\/\/www.lfsl.net\/sv\/wp-json\/wp\/v2\/pages\/23828\/revisions"}],"predecessor-version":[{"id":23829,"href":"https:\/\/www.lfsl.net\/sv\/wp-json\/wp\/v2\/pages\/23828\/revisions\/23829"}],"wp:attachment":[{"href":"https:\/\/www.lfsl.net\/sv\/wp-json\/wp\/v2\/media?parent=23828"}],"curies":[{"name":"wp","href":"https:\/\/api.w.org\/{rel}","templated":true}]}}