{"id":2388,"date":"2019-03-15T10:36:15","date_gmt":"2019-03-15T10:36:15","guid":{"rendered":"http:\/\/lfsl.net.hemsida.eu\/?page_id=2388"},"modified":"2025-01-27T09:47:30","modified_gmt":"2025-01-27T09:47:30","slug":"hem","status":"publish","type":"page","link":"https:\/\/www.lfsl.net\/sv\/","title":{"rendered":"Hem"},"content":{"rendered":"<h1 class=\"hero-headline\" style=\"text-align: center; color: #fff; padding-left:10px; padding-right:10px;\">Den franska internationella<br \/>skolan i Stockholm<\/h1>\n<p><img loading=\"lazy\" decoding=\"async\" class=\"alignnone size-medium wp-image-20593 aligncenter\" src=\"https:\/\/www.lfsl.net\/wp-content\/uploads\/2024\/09\/Banniere_logos-3-600x116.jpg\" alt=\"\" width=\"600\" height=\"116\" srcset=\"https:\/\/www.lfsl.net\/wp-content\/uploads\/2024\/09\/Banniere_logos-3-600x116.jpg 600w, https:\/\/www.lfsl.net\/wp-content\/uploads\/2024\/09\/Banniere_logos-3.jpg 639w\" sizes=\"auto, (max-width: 600px) 100vw, 600px\" \/><\/p>\n<div style=\"max-width: 1200px; margin: 0 auto; position: relative; top: -7px;\"><\/p>\n<h2 class=\"cta-headline2\"><a href=\"https:\/\/www.lfsl.net\/examens-2025\/\"><img style=\"align: left; max-width: 40px; position: relative; top: 12px; margin-right: 10px;\" \/> <span style=\"color: #fff; text-transform: none;\"> INFO OCH NYHETER &#8211; EXAMINA<\/span><\/a><\/h2>\n<\/div>\n<h2 class=\"cta-headline\" style=\"color: #333;\">Viktiga nyheter<\/h2>\n<style><\/style><div class=\"wplp_outside wplp_widget_2403\" style=\"max-width:100%;\"><div id=\"wplp_widget_2403\" class=\"wplp_widget_default wplp_container vertical swiper wplp-swiper default cols3\" data-theme=\"default\" data-post=\"2403\" style=\"\" data-max-elts=\"3\" data-per-page=\"10\"><div class=\"wplp_listposts swiper-wrapper\" id=\"default_2403\" style=\"width: 100%;\" ><div class=\"swiper-slide\" style=\"\"><div class=\"insideframe\"><div id=\"wplp_box_top_2403_24261\" class=\"wpcu-front-box top equalHeightImg\" ><div class=\"wplp-box-item\"><a href=\"https:\/\/www.lfsl.net\/sv\/anmalan-for-skolstart-i-augusti-2026-ar-nu-oppen\/\"  class=\"thumbnail\"><span class=\"img_cropper\" style=\"margin-right:20px;margin-bottom:20px;max-width:100%;\"><img decoding=\"async\" src=\"https:\/\/www.lfsl.net\/wp-content\/uploads\/2025\/11\/Inscriptions_cover_crop.jpg\" style=\"aspect-ratio:16\/9;\" srcset=\"https:\/\/www.lfsl.net\/wp-content\/uploads\/2025\/11\/Inscriptions_cover_crop.jpg 1914w, https:\/\/www.lfsl.net\/wp-content\/uploads\/2025\/11\/Inscriptions_cover_crop-600x338.jpg 600w, https:\/\/www.lfsl.net\/wp-content\/uploads\/2025\/11\/Inscriptions_cover_crop-1200x675.jpg 1200w, https:\/\/www.lfsl.net\/wp-content\/uploads\/2025\/11\/Inscriptions_cover_crop-768x432.jpg 768w, https:\/\/www.lfsl.net\/wp-content\/uploads\/2025\/11\/Inscriptions_cover_crop-1536x864.jpg 1536w\" alt=\"Anm\u00e4lan f\u00f6r skolstart i augusti 2026 \u00e4r nu \u00f6ppen!\" class=\"wplp_thumb\" \/><\/span><\/a><a href=\"https:\/\/www.lfsl.net\/sv\/anmalan-for-skolstart-i-augusti-2026-ar-nu-oppen\/\"  class=\"title\"><span style=\"height:2.48em\" class=\"line_limit\">Anm\u00e4lan f\u00f6r skolstart i augusti 2026 \u00e4r nu \u00f6ppen!<\/span><\/a><\/div><\/div><div id=\"wplp_box_left_2403_24261\" class=\"wpcu-front-box left wpcu-custom-position\" ><div class=\"wplp-box-item\"><\/div><\/div><div id=\"wplp_box_right_2403_24261\" class=\"wpcu-front-box right wpcu-custom-position\" ><div class=\"wplp-box-item\"><\/div><\/div><div id=\"wplp_box_bottom_2403_24261\" class=\"wpcu-front-box bottom \" ><div class=\"wplp-box-item\"><span class=\"date\">november 17, 2025<\/span><span class=\"text\"><span style=\"max-height:4.2em\" class=\"line_limit\">P\u00e5 Lyc\u00e9e Fran\u00e7ais Saint Louis f\u00f6renas den franska skolans ambition, h\u00f6ga krav och akademiska standarder varje dag med omtanke, innovation och stor vikt vid varje elevs v\u00e4lbefinnande samt en trygg och positiv skolmilj\u00f6 i svensk kontext. V\u00e5ra elever utbildas i en internationell, flerkulturell och stimulerande milj\u00f6 d\u00e4r de utvecklar nyfikenhet, kreativitet och sj\u00e4lvf\u00f6rtroende.\n\n\n\nGe ditt barn en exceptionell franskspr\u00e5kig och internationell utbildning \u2013 och nycklarna till en framtid utan gr\u00e4nser. Ans\u00f6k till Lyc\u00e9e Fran\u00e7ais Saint Louis redan idag!\n\n\n\nVill du veta mer? Bes\u00f6k Lyc\u00e9e Fran\u00e7ais Saint Louis webbplats.Redan \u00f6vertygad? Anm\u00e4l ditt barn idag via EDUKA-portalen.<\/span><span style=\"margin-left:3px; max-height:4.2em\" class=\"line_limit\"> [...]<\/span><\/span><span class=\"custom_fields\">\n<!-- WPLP Unknown field: Custom_Fields -->\n<\/span><a href=\"https:\/\/www.lfsl.net\/sv\/anmalan-for-skolstart-i-augusti-2026-ar-nu-oppen\/\"  class=\"read-more\">L\u00e4s mer ...<\/a><\/div><\/div><\/div><\/div><div class=\"swiper-slide\" style=\"\"><div class=\"insideframe\"><div id=\"wplp_box_top_2403_22846\" class=\"wpcu-front-box top equalHeightImg\" ><div class=\"wplp-box-item\"><a href=\"https:\/\/www.lfsl.net\/sv\/internationell-fransk-baccalaureat-ett-kravande-program-med-manga-mojligheter\/\"  class=\"thumbnail\"><span class=\"img_cropper\" style=\"margin-right:20px;margin-bottom:20px;max-width:100%;\"><img decoding=\"async\" src=\"https:\/\/www.lfsl.net\/wp-content\/uploads\/2025\/04\/BFI_video-cover_se_crop.jpg\" style=\"aspect-ratio:16\/9;\" srcset=\"https:\/\/www.lfsl.net\/wp-content\/uploads\/2025\/04\/BFI_video-cover_se_crop.jpg 1412w, https:\/\/www.lfsl.net\/wp-content\/uploads\/2025\/04\/BFI_video-cover_se_crop-600x337.jpg 600w, https:\/\/www.lfsl.net\/wp-content\/uploads\/2025\/04\/BFI_video-cover_se_crop-1200x675.jpg 1200w, https:\/\/www.lfsl.net\/wp-content\/uploads\/2025\/04\/BFI_video-cover_se_crop-768x432.jpg 768w\" alt=\"Internationell Fransk Baccalaureat \u2013 Ett Kr\u00e4vande Program med M\u00e5nga M\u00f6jligheter\" class=\"wplp_thumb\" \/><\/span><\/a><a href=\"https:\/\/www.lfsl.net\/sv\/internationell-fransk-baccalaureat-ett-kravande-program-med-manga-mojligheter\/\"  class=\"title\"><span style=\"height:2.48em\" class=\"line_limit\">Internationell Fransk Baccalaureat \u2013 Ett Kr\u00e4vande Program med M\u00e5nga M\u00f6jligheter<\/span><\/a><\/div><\/div><div id=\"wplp_box_left_2403_22846\" class=\"wpcu-front-box left wpcu-custom-position\" ><div class=\"wplp-box-item\"><\/div><\/div><div id=\"wplp_box_right_2403_22846\" class=\"wpcu-front-box right wpcu-custom-position\" ><div class=\"wplp-box-item\"><\/div><\/div><div id=\"wplp_box_bottom_2403_22846\" class=\"wpcu-front-box bottom \" ><div class=\"wplp-box-item\"><span class=\"date\">maj 19, 2025<\/span><span class=\"text\"><span style=\"max-height:4.2em\" class=\"line_limit\">Sedan b\u00f6rjan av l\u00e4s\u00e5ret 2022 erbjuder Lyc\u00e9e Fran\u00e7ais Saint Louis i Stockholm stolt sina gymnasieelever diplomet Fransk Internationell Baccalaureat (BFI) i ett trespr\u00e5kigt format: franska\u2013svenska\u2013engelska. Detta \u00e4r en unik och kr\u00e4vande utbildning med fokus p\u00e5 spr\u00e5k och kulturer, som leder till en examen erk\u00e4nd i Frankrike, Sverige och internationellt. I Sverige ger denna examen direkt tillg\u00e5ng till program som ges p\u00e5 svenska vid svenska universitet (enligt de ekvivalenter som definierats av svenska universitet). Programmets detaljer och f\u00f6rdelar presenteras utf\u00f6rligt p\u00e5 den franska utbildningsministerns webbplats, via en broschyr, en flyer och en video.\n\n\n\nF\u00f6r att \u00f6ka k\u00e4nnedomen om denna m\u00f6jlighet bland elever och familjer p\u00e5 skolan  tog LFSL initiativet att producera en video som visar hur programmet genomf\u00f6rs i Stockholm.\n\n\n\nI denna video f\u00e5r nuvarande och tidigare elever, l\u00e4rare och pedagogisk personal komma till tals. De lyfter fram hur programmet st\u00e4rker elevernas spr\u00e5kkunskaper \u2013 inte bara vad g\u00e4ller kommunikation utan \u00e4ven kulturell f\u00f6rst\u00e5else \u2013 hur det hj\u00e4lper dem att utveckla viktiga tv\u00e4rvetenskapliga kompetenser som \u00e4r avg\u00f6rande f\u00f6r framg\u00e5ng inom h\u00f6gre studier och en internationell karri\u00e4r, samt hur kursen Connaissance du Monde (Kunskap om V\u00e4rlden), med sitt unika uppl\u00e4gg, uppmuntrar dem att f\u00f6rst\u00e5 \u2013 och till och med engagera sig i \u2013 samh\u00e4llet genom att analysera komplexa samtida fr\u00e5gor ur olika perspektiv.\n\n\n\nSe videon och ta del av elevernas och alumnernas vittnesm\u00e5l nedan.\n\n\n\n\n\n\n\nI detalj filmades detta videoreportage under en fortbildningsinsats f\u00f6r l\u00e4rare, ledd av tv\u00e5 utbildare fr\u00e5n det franska utbildningsn\u00e4tverket AEFE (Agence pour l\u2019Enseignement Fran\u00e7ais \u00e0 l\u2019\u00c9tranger), Alain Bouleau och Douglas Bastick. Under tv\u00e5 intensiva och berikande dagar stod BFI-programmet i centrum f\u00f6r alla diskussioner \u2013 genom workshops och erfarenhetsutbyten som syftade till att f\u00f6rdjupa f\u00f6rst\u00e5elsen f\u00f6r de pedagogiska utmaningarna i detta kr\u00e4vande program, samtidigt som eleverna fick en r\u00f6st och behandlades som verkliga studenter!\n\n\n\n\n\n\n\nUtbildningen fokuserade p\u00e5 diskussioner kring m\u00e5len och ramarna f\u00f6r detta franska program samt dess sammanhang i Sverige. I dessa samtal deltog utbildarna, rektorn och monsieur Sauvage, engelskinspekt\u00f6r vid AEFE:s avdelning f\u00f6r undervisning, v\u00e4gledning och utbildning (DEOF). L\u00e4rarna som \u00e4r involverade i programmet fick m\u00f6jlighet att dela perspektiv och tillsammans formulera de m\u00e5nga tv\u00e4rvetenskapliga styrkorna i BFI. De f\u00f6rde d\u00e4refter samtal med nuvarande elever inom programmet samt med tidigare elever, vilket ytterligare f\u00f6rdjupade den gemensamma analysen.\n\n\n\nDe tv\u00e5 dagarna av intensiv reflektion avslutades med ett gemensamt arbete med att skriva manus till videon, samt ett m\u00f6te mellan yngre elever i \u00e5rskurs 1 (gymnasiet), som \u00e4r intresserade av programmet, och deras \u00e4ldre kamrater. Ett verkligt lagarbete som ger liv \u00e5t BFI och visar hur det ser ut i praktiken!\n\n\n\n\n\n\n\n\n\n\n\n\n\nP\u00e5 LFSL \u00e5terspeglar BFI ytterst skolans engagemang f\u00f6r att erbjuda en utbildning av h\u00f6g kvalitet som v\u00e4rdes\u00e4tter elevernas flerspr\u00e5kiga kompetenser och ger dem verktygen f\u00f6r att lyckas \u2013 b\u00e5de i sina vidare studier och i sina framtida liv.\n\n\n\nEtt stort tack till Beno\u00eet Derrier f\u00f6r redigering och undertextning!<\/span><span style=\"margin-left:3px; max-height:4.2em\" class=\"line_limit\"> [...]<\/span><\/span><span class=\"custom_fields\">\n<!-- WPLP Unknown field: Custom_Fields -->\n<\/span><a href=\"https:\/\/www.lfsl.net\/sv\/internationell-fransk-baccalaureat-ett-kravande-program-med-manga-mojligheter\/\"  class=\"read-more\">L\u00e4s mer ...<\/a><\/div><\/div><\/div><\/div><div class=\"swiper-slide\" style=\"\"><div class=\"insideframe\"><div id=\"wplp_box_top_2403_21199\" class=\"wpcu-front-box top equalHeightImg\" ><div class=\"wplp-box-item\"><a href=\"https:\/\/www.lfsl.net\/sv\/lyckonskningar-2025\/\"  class=\"thumbnail\"><span class=\"img_cropper\" style=\"margin-right:20px;margin-bottom:20px;max-width:100%;\"><img decoding=\"async\" src=\"https:\/\/www.lfsl.net\/wp-content\/uploads\/2025\/01\/Bonne-Annee-2025_crop.jpg\" style=\"aspect-ratio:16\/9;\" srcset=\"https:\/\/www.lfsl.net\/wp-content\/uploads\/2025\/01\/Bonne-Annee-2025_crop.jpg 717w, https:\/\/www.lfsl.net\/wp-content\/uploads\/2025\/01\/Bonne-Annee-2025_crop-600x337.jpg 600w\" alt=\"Lyck\u00f6nskningar 2025\" class=\"wplp_thumb\" \/><\/span><\/a><a href=\"https:\/\/www.lfsl.net\/sv\/lyckonskningar-2025\/\"  class=\"title\"><span style=\"height:2.48em\" class=\"line_limit\">Lyck\u00f6nskningar 2025<\/span><\/a><\/div><\/div><div id=\"wplp_box_left_2403_21199\" class=\"wpcu-front-box left wpcu-custom-position\" ><div class=\"wplp-box-item\"><\/div><\/div><div id=\"wplp_box_right_2403_21199\" class=\"wpcu-front-box right wpcu-custom-position\" ><div class=\"wplp-box-item\"><\/div><\/div><div id=\"wplp_box_bottom_2403_21199\" class=\"wpcu-front-box bottom \" ><div class=\"wplp-box-item\"><span class=\"date\">januari 7, 2025<\/span><span class=\"text\"><span style=\"max-height:4.2em\" class=\"line_limit\">Meddelande till alla familjer\n\n\n\nK\u00e4ra elever, k\u00e4ra f\u00f6r\u00e4ldrar,\n\n\n\nDen h\u00e4r dagen n\u00e4r ni \u00e5terv\u00e4nder till skolan&nbsp;vill jag, p\u00e5 uppdrag av all personal p\u00e5 Lyc\u00e9e Fran\u00e7ais Saint Louis, framf\u00f6ra v\u00e5ra varmaste lyck\u00f6nskningar f\u00f6r 2025. M\u00e5 det pr\u00e4glas av gl\u00e4dje, lycka och h\u00e4lsa f\u00f6r er och era n\u00e4ra och k\u00e4ra, och m\u00e5 det vara en m\u00f6jlighet till personlig framg\u00e5ng och f\u00f6rverkligande.&nbsp;\n\n\n\nDenis RAVAILLERektor, Lyc\u00e9e Fran\u00e7ais Saint Louis de Stockholm<\/span><span style=\"margin-left:3px; max-height:4.2em\" class=\"line_limit\"> [...]<\/span><\/span><span class=\"custom_fields\">\n<!-- WPLP Unknown field: Custom_Fields -->\n<\/span><a href=\"https:\/\/www.lfsl.net\/sv\/lyckonskningar-2025\/\"  class=\"read-more\">L\u00e4s mer ...<\/a><\/div><\/div><\/div><\/div><\/div><div class=\"swiper-button-next\"><\/div><div class=\"swiper-button-prev\"><\/div><div class=\"swiper-pagination\"><\/div><\/div><\/div>\n<p align=\"center\">Letar du efter \u00e4ldre nyheter? <a href=\"se\/nyheter\/\">Bes\u00f6k v\u00e5rt nyhetsarkiv<\/a><\/p>\n<p><!--\n\n\n<p align=\"center\"><a class=\"button ghost\" href=\"se\/news\/\">All news<\/a><\/p>\n\n\n--><\/p>\n<div style=\"width: 100%; max-width: 800px; margin: 0 auto;\">\n<h2 class=\"cta-headline\" style=\"color: #333; text-align: center;\"><span style=\"position: relative; bottom: -10px;\">G\u00e5 till<\/span><a href=\"https:\/\/1040001l.index-education.net\/pronote\/\"><img decoding=\"async\" class=\"\" style=\"margin-left: 10px; width: 80%; max-width: 300px; vertical-align: middle;\" src=\"https:\/\/www.lfsl.net\/wp-content\/uploads\/2020\/10\/Logo-pronote_wikipedia.png\" alt=\"\" \/><\/a><\/h2>\n<\/div>\n<h2 class=\"cta-headline\">Ans\u00f6k nu! <a class=\"button ghost\" href=\"\/sv\/inskrivning\/inskrivningsprocessen\/\">Mer info<\/a><\/h2>\n","protected":false},"excerpt":{"rendered":"<p>Den franska internationellaskolan i Stockholm INFO OCH NYHETER &#8211; EXAMINA Viktiga nyheter Letar du efter \u00e4ldre nyheter? Bes\u00f6k v\u00e5rt nyhetsarkiv G\u00e5 till Ans\u00f6k nu! Mer info<\/p>\n","protected":false},"author":1,"featured_media":0,"parent":0,"menu_order":1,"comment_status":"closed","ping_status":"closed","template":"","meta":{"footnotes":""},"class_list":["post-2388","page","type-page","status-publish","hentry"],"yoast_head":"<!-- This site is optimized with the Yoast SEO plugin v27.4 - https:\/\/yoast.com\/product\/yoast-seo-wordpress\/ -->\n<title>Hem &#8211; Lyc\u00e9e Fran\u00e7ais Saint Louis de Stockholm<\/title>\n<meta name=\"robots\" content=\"index, follow, max-snippet:-1, max-image-preview:large, max-video-preview:-1\" \/>\n<link rel=\"canonical\" href=\"https:\/\/www.lfsl.net\/sv\/\" \/>\n<meta property=\"og:locale\" content=\"sv_SE\" \/>\n<meta property=\"og:type\" content=\"article\" \/>\n<meta property=\"og:title\" content=\"Hem &#8211; Lyc\u00e9e Fran\u00e7ais Saint Louis de Stockholm\" \/>\n<meta property=\"og:description\" content=\"Den franska internationellaskolan i Stockholm INFO OCH NYHETER &#8211; EXAMINA Viktiga nyheter Letar du efter \u00e4ldre nyheter? Bes\u00f6k v\u00e5rt nyhetsarkiv G\u00e5 till Ans\u00f6k nu! Mer info\" \/>\n<meta property=\"og:url\" content=\"https:\/\/www.lfsl.net\/sv\/\" \/>\n<meta property=\"og:site_name\" content=\"Lyc\u00e9e Fran\u00e7ais Saint Louis de Stockholm\" \/>\n<meta property=\"article:publisher\" content=\"https:\/\/www.facebook.com\/Lyc%c3%a9e-Francais-Saint-Louis-182116921840529\/\" \/>\n<meta property=\"article:modified_time\" content=\"2025-01-27T09:47:30+00:00\" \/>\n<meta property=\"og:image\" content=\"https:\/\/www.lfsl.net\/wp-content\/uploads\/2024\/09\/Banniere_logos-3-600x116.jpg\" \/>\n<meta name=\"twitter:card\" content=\"summary_large_image\" \/>\n<script type=\"application\/ld+json\" class=\"yoast-schema-graph\">{\"@context\":\"https:\\\/\\\/schema.org\",\"@graph\":[{\"@type\":\"WebPage\",\"@id\":\"https:\\\/\\\/www.lfsl.net\\\/sv\\\/\",\"url\":\"https:\\\/\\\/www.lfsl.net\\\/sv\\\/\",\"name\":\"Hem &#8211; Lyc\u00e9e Fran\u00e7ais Saint Louis de Stockholm\",\"isPartOf\":{\"@id\":\"https:\\\/\\\/www.lfsl.net\\\/sv\\\/#website\"},\"primaryImageOfPage\":{\"@id\":\"https:\\\/\\\/www.lfsl.net\\\/sv\\\/#primaryimage\"},\"image\":{\"@id\":\"https:\\\/\\\/www.lfsl.net\\\/sv\\\/#primaryimage\"},\"thumbnailUrl\":\"https:\\\/\\\/www.lfsl.net\\\/wp-content\\\/uploads\\\/2024\\\/09\\\/Banniere_logos-3-600x116.jpg\",\"datePublished\":\"2019-03-15T10:36:15+00:00\",\"dateModified\":\"2025-01-27T09:47:30+00:00\",\"breadcrumb\":{\"@id\":\"https:\\\/\\\/www.lfsl.net\\\/sv\\\/#breadcrumb\"},\"inLanguage\":\"sv-SE\",\"potentialAction\":[{\"@type\":\"ReadAction\",\"target\":[\"https:\\\/\\\/www.lfsl.net\\\/sv\\\/\"]}]},{\"@type\":\"ImageObject\",\"inLanguage\":\"sv-SE\",\"@id\":\"https:\\\/\\\/www.lfsl.net\\\/sv\\\/#primaryimage\",\"url\":\"https:\\\/\\\/www.lfsl.net\\\/wp-content\\\/uploads\\\/2024\\\/09\\\/Banniere_logos-3-600x116.jpg\",\"contentUrl\":\"https:\\\/\\\/www.lfsl.net\\\/wp-content\\\/uploads\\\/2024\\\/09\\\/Banniere_logos-3-600x116.jpg\"},{\"@type\":\"BreadcrumbList\",\"@id\":\"https:\\\/\\\/www.lfsl.net\\\/sv\\\/#breadcrumb\",\"itemListElement\":[{\"@type\":\"ListItem\",\"position\":1,\"name\":\"Home\",\"item\":\"https:\\\/\\\/www.lfsl.net\\\/sv\\\/\"},{\"@type\":\"ListItem\",\"position\":2,\"name\":\"Hem\"}]},{\"@type\":\"WebSite\",\"@id\":\"https:\\\/\\\/www.lfsl.net\\\/sv\\\/#website\",\"url\":\"https:\\\/\\\/www.lfsl.net\\\/sv\\\/\",\"name\":\"Lyc\u00e9e Fran\u00e7ais Saint Louis de Stockholm\",\"description\":\"\u00c9tablissement membre du r\u00e9seau AEFE\",\"publisher\":{\"@id\":\"https:\\\/\\\/www.lfsl.net\\\/sv\\\/#organization\"},\"potentialAction\":[{\"@type\":\"SearchAction\",\"target\":{\"@type\":\"EntryPoint\",\"urlTemplate\":\"https:\\\/\\\/www.lfsl.net\\\/sv\\\/?s={search_term_string}\"},\"query-input\":{\"@type\":\"PropertyValueSpecification\",\"valueRequired\":true,\"valueName\":\"search_term_string\"}}],\"inLanguage\":\"sv-SE\"},{\"@type\":\"Organization\",\"@id\":\"https:\\\/\\\/www.lfsl.net\\\/sv\\\/#organization\",\"name\":\"Lyc\u00e9e Fran\u00e7ais Saint Louis\",\"url\":\"https:\\\/\\\/www.lfsl.net\\\/sv\\\/\",\"logo\":{\"@type\":\"ImageObject\",\"inLanguage\":\"sv-SE\",\"@id\":\"https:\\\/\\\/www.lfsl.net\\\/sv\\\/#\\\/schema\\\/logo\\\/image\\\/\",\"url\":\"https:\\\/\\\/www.lfsl.net\\\/wp-content\\\/uploads\\\/2021\\\/03\\\/LFSL-logo.jpg\",\"contentUrl\":\"https:\\\/\\\/www.lfsl.net\\\/wp-content\\\/uploads\\\/2021\\\/03\\\/LFSL-logo.jpg\",\"width\":330,\"height\":473,\"caption\":\"Lyc\u00e9e Fran\u00e7ais Saint Louis\"},\"image\":{\"@id\":\"https:\\\/\\\/www.lfsl.net\\\/sv\\\/#\\\/schema\\\/logo\\\/image\\\/\"},\"sameAs\":[\"https:\\\/\\\/www.facebook.com\\\/Lyc\u00e9e-Francais-Saint-Louis-182116921840529\\\/\",\"https:\\\/\\\/www.instagram.com\\\/lyceefrancaisstockholm\\\/\",\"https:\\\/\\\/www.linkedin.com\\\/school\\\/lfsl\\\/\",\"https:\\\/\\\/www.youtube.com\\\/channel\\\/UCchS4IO4jE_YY0ILwn5NgGQ\"]}]}<\/script>\n<!-- \/ Yoast SEO plugin. -->","yoast_head_json":{"title":"Hem &#8211; Lyc\u00e9e Fran\u00e7ais Saint Louis de Stockholm","robots":{"index":"index","follow":"follow","max-snippet":"max-snippet:-1","max-image-preview":"max-image-preview:large","max-video-preview":"max-video-preview:-1"},"canonical":"https:\/\/www.lfsl.net\/sv\/","og_locale":"sv_SE","og_type":"article","og_title":"Hem &#8211; Lyc\u00e9e Fran\u00e7ais Saint Louis de Stockholm","og_description":"Den franska internationellaskolan i Stockholm INFO OCH NYHETER &#8211; EXAMINA Viktiga nyheter Letar du efter \u00e4ldre nyheter? Bes\u00f6k v\u00e5rt nyhetsarkiv G\u00e5 till Ans\u00f6k nu! Mer info","og_url":"https:\/\/www.lfsl.net\/sv\/","og_site_name":"Lyc\u00e9e Fran\u00e7ais Saint Louis de Stockholm","article_publisher":"https:\/\/www.facebook.com\/Lyc%c3%a9e-Francais-Saint-Louis-182116921840529\/","article_modified_time":"2025-01-27T09:47:30+00:00","og_image":[{"url":"https:\/\/www.lfsl.net\/wp-content\/uploads\/2024\/09\/Banniere_logos-3-600x116.jpg","type":"","width":"","height":""}],"twitter_card":"summary_large_image","schema":{"@context":"https:\/\/schema.org","@graph":[{"@type":"WebPage","@id":"https:\/\/www.lfsl.net\/sv\/","url":"https:\/\/www.lfsl.net\/sv\/","name":"Hem &#8211; Lyc\u00e9e Fran\u00e7ais Saint Louis de Stockholm","isPartOf":{"@id":"https:\/\/www.lfsl.net\/sv\/#website"},"primaryImageOfPage":{"@id":"https:\/\/www.lfsl.net\/sv\/#primaryimage"},"image":{"@id":"https:\/\/www.lfsl.net\/sv\/#primaryimage"},"thumbnailUrl":"https:\/\/www.lfsl.net\/wp-content\/uploads\/2024\/09\/Banniere_logos-3-600x116.jpg","datePublished":"2019-03-15T10:36:15+00:00","dateModified":"2025-01-27T09:47:30+00:00","breadcrumb":{"@id":"https:\/\/www.lfsl.net\/sv\/#breadcrumb"},"inLanguage":"sv-SE","potentialAction":[{"@type":"ReadAction","target":["https:\/\/www.lfsl.net\/sv\/"]}]},{"@type":"ImageObject","inLanguage":"sv-SE","@id":"https:\/\/www.lfsl.net\/sv\/#primaryimage","url":"https:\/\/www.lfsl.net\/wp-content\/uploads\/2024\/09\/Banniere_logos-3-600x116.jpg","contentUrl":"https:\/\/www.lfsl.net\/wp-content\/uploads\/2024\/09\/Banniere_logos-3-600x116.jpg"},{"@type":"BreadcrumbList","@id":"https:\/\/www.lfsl.net\/sv\/#breadcrumb","itemListElement":[{"@type":"ListItem","position":1,"name":"Home","item":"https:\/\/www.lfsl.net\/sv\/"},{"@type":"ListItem","position":2,"name":"Hem"}]},{"@type":"WebSite","@id":"https:\/\/www.lfsl.net\/sv\/#website","url":"https:\/\/www.lfsl.net\/sv\/","name":"Lyc\u00e9e Fran\u00e7ais Saint Louis de Stockholm","description":"\u00c9tablissement membre du r\u00e9seau AEFE","publisher":{"@id":"https:\/\/www.lfsl.net\/sv\/#organization"},"potentialAction":[{"@type":"SearchAction","target":{"@type":"EntryPoint","urlTemplate":"https:\/\/www.lfsl.net\/sv\/?s={search_term_string}"},"query-input":{"@type":"PropertyValueSpecification","valueRequired":true,"valueName":"search_term_string"}}],"inLanguage":"sv-SE"},{"@type":"Organization","@id":"https:\/\/www.lfsl.net\/sv\/#organization","name":"Lyc\u00e9e Fran\u00e7ais Saint Louis","url":"https:\/\/www.lfsl.net\/sv\/","logo":{"@type":"ImageObject","inLanguage":"sv-SE","@id":"https:\/\/www.lfsl.net\/sv\/#\/schema\/logo\/image\/","url":"https:\/\/www.lfsl.net\/wp-content\/uploads\/2021\/03\/LFSL-logo.jpg","contentUrl":"https:\/\/www.lfsl.net\/wp-content\/uploads\/2021\/03\/LFSL-logo.jpg","width":330,"height":473,"caption":"Lyc\u00e9e Fran\u00e7ais Saint Louis"},"image":{"@id":"https:\/\/www.lfsl.net\/sv\/#\/schema\/logo\/image\/"},"sameAs":["https:\/\/www.facebook.com\/Lyc\u00e9e-Francais-Saint-Louis-182116921840529\/","https:\/\/www.instagram.com\/lyceefrancaisstockholm\/","https:\/\/www.linkedin.com\/school\/lfsl\/","https:\/\/www.youtube.com\/channel\/UCchS4IO4jE_YY0ILwn5NgGQ"]}]}},"_links":{"self":[{"href":"https:\/\/www.lfsl.net\/sv\/wp-json\/wp\/v2\/pages\/2388","targetHints":{"allow":["GET"]}}],"collection":[{"href":"https:\/\/www.lfsl.net\/sv\/wp-json\/wp\/v2\/pages"}],"about":[{"href":"https:\/\/www.lfsl.net\/sv\/wp-json\/wp\/v2\/types\/page"}],"author":[{"embeddable":true,"href":"https:\/\/www.lfsl.net\/sv\/wp-json\/wp\/v2\/users\/1"}],"replies":[{"embeddable":true,"href":"https:\/\/www.lfsl.net\/sv\/wp-json\/wp\/v2\/comments?post=2388"}],"version-history":[{"count":115,"href":"https:\/\/www.lfsl.net\/sv\/wp-json\/wp\/v2\/pages\/2388\/revisions"}],"predecessor-version":[{"id":21304,"href":"https:\/\/www.lfsl.net\/sv\/wp-json\/wp\/v2\/pages\/2388\/revisions\/21304"}],"wp:attachment":[{"href":"https:\/\/www.lfsl.net\/sv\/wp-json\/wp\/v2\/media?parent=2388"}],"curies":[{"name":"wp","href":"https:\/\/api.w.org\/{rel}","templated":true}]}}