{"id":2498,"date":"2019-03-15T14:20:53","date_gmt":"2019-03-15T14:20:53","guid":{"rendered":"http:\/\/lfsl.net.hemsida.eu\/?page_id=2498"},"modified":"2025-04-09T08:00:20","modified_gmt":"2025-04-09T08:00:20","slug":"aefe-ett-internationellt-natverk","status":"publish","type":"page","link":"https:\/\/www.lfsl.net\/sv\/om-lfsl\/aefe-ett-internationellt-natverk\/","title":{"rendered":"AEFE \u2013 ett internationellt n\u00e4tverk"},"content":{"rendered":"\n<div class=\"wp-block-media-text alignwide is-stacked-on-mobile\"><figure class=\"wp-block-media-text__media\"><a href=\"https:\/\/www.aefe.fr\/\" target=\"_blank\" rel=\"noopener\"><img loading=\"lazy\" decoding=\"async\" width=\"1024\" height=\"729\" src=\"https:\/\/www.lfsl.net\/wp-content\/uploads\/2019\/03\/AEFE_carte-1024x729.jpg\" alt=\"\" class=\"wp-image-2460 size-full\" srcset=\"https:\/\/www.lfsl.net\/wp-content\/uploads\/2019\/03\/AEFE_carte-1024x729.jpg 1024w, https:\/\/www.lfsl.net\/wp-content\/uploads\/2019\/03\/AEFE_carte-300x214.jpg 300w, https:\/\/www.lfsl.net\/wp-content\/uploads\/2019\/03\/AEFE_carte-768x547.jpg 768w, https:\/\/www.lfsl.net\/wp-content\/uploads\/2019\/03\/AEFE_carte.jpg 1160w\" sizes=\"auto, (max-width: 1024px) 100vw, 1024px\" \/><\/a><\/figure><div class=\"wp-block-media-text__content\">\n<p><strong>AEFE \u00e4r en offentlig akt\u00f6r som, under \u00f6verinseende av Frankrikes Europa- och utrikesministerium samordnar n\u00e4tverket av franska utbildningsanstalter utomlands, allm\u00e4nt k\u00e4nt som &#8221;Lyc\u00e9e Fran\u00e7ais&#8221;. N\u00e4tverket best\u00e5r av \u00f6ver 600 auktoriserade skolor vars lista \u00e5rligen fastst\u00e4lls av Frankrikes Utbildningsministerium och Ministern f\u00f6r Europa- och utrikesfr\u00e5gor gemensamt . Detta unika skoln\u00e4tverk, med ca. 400 000 elever och som finns i 139 l\u00e4nder, utg\u00f6r en stor tillg\u00e5ng f\u00f6r Frankrike och dess inflytande.<\/strong><\/p>\n<\/div><\/div>\n\n\n<h3><strong>Utbildning: en stor utmaning<\/strong><\/h3>\n<p>Frankrike \u00e4r det land som har det st\u00f6rsta skoln\u00e4tverket utanf\u00f6r sina egna gr\u00e4nser. N\u00e4tverket st\u00f6djer den v\u00e4xande r\u00f6rligheten f\u00f6r franska familjer utomlands. Det \u00e4r ocks\u00e5 ett verktyg som f\u00e5r Frankrike att str\u00e5la, tack vare sitt mottagande av utl\u00e4ndska elever (60%). N\u00e4tverket uppfyller s\u00e5ledes sitt uppdrag genom att b\u00e5de utbilda barn fr\u00e5n franska familjer etablerade utanf\u00f6r Frankrike, samt en del av alla barn med annat ursprung i 139 l\u00e4nder.<\/p>\n<p>Genom detta dubbla uppdrag medverkar skoln\u00e4tet i bilden av Frankrike, dess n\u00e4rvaro och inflytande i v\u00e4rlden och bidrar \u00f6verallt med de universella, humanistiska v\u00e4rden som ligger till grund f\u00f6r den franska republikens modell.<\/p>\n<h3><strong>Skolornas auktorisering: en garanti f\u00f6r kvalitet<\/strong><\/h3>\n<p>Auktoriseringen som utf\u00e4rdas av det franska nationella utbildningsministeriet intygar utbildningen \u00f6verensst\u00e4mmelse med kraven, programmen, utbildningsm\u00e5len och de organisatoriska reglerna i det franska utbildningssystemet.<br \/>Den m\u00f6jligg\u00f6r f\u00f6r alla elever fr\u00e5n en auktoriserad skola att forts\u00e4tta sin utbildning i en annan fransk skola (med f\u00f6rbeh\u00e5ll f\u00f6r ledigt utrymme) utan antagningsprov.<strong><br \/><\/strong><br \/>Skolorna \u00e4r skyldiga att regelbundet uppvisa att de uppfyller kraven f\u00f6r godk\u00e4nnande (mottagande av barn av fransk nationalitet och utl\u00e4ndska barn, f\u00f6rberedelse av elever inf\u00f6r franska prov och examina, innehavande av kvalificerad, fransk personal).<\/p>\n<h3><strong>Ett attraktivt skoln\u00e4tverk med rationell utveckling<\/strong><\/h3>\n<p>Sedan 20 \u00e5r tillbaka har antalet elever i AEFE:s n\u00e4tverk \u00f6kat med mer \u00e4n 50%. <br \/>Som ett tecken p\u00e5 kvaliteten p\u00e5 undervisningsutbudet m\u00e5ste denna utveckling ocks\u00e5 m\u00f6ta utmaningen av ekonomisk j\u00e4mvikt.<\/p>\n<p>Frankrike \u00e4r det enda landet som har valt att ha ett utbildningssystem utomlands av denna storlek, vilket till stor del finansieras med offentliga medel. \u00a0Resterande del finansieras med hj\u00e4lp av skolavgifter.<\/p>\n<p>Den franska statens bidrag till finansieringen av det franska utbildningsn\u00e4tet i utlandet bygger p\u00e5 att Europa- och Utrikesministeriet beviljar tv\u00e5 bidrag inom uppdraget \u201dVerksamhet utanf\u00f6r Frankrike&#8221;:<\/p>\n<p>\u2022 Program 185 f\u00f6r &#8221;kulturell diplomati och inflytande&#8221; med ett belopp p\u00e5 402 miljoner euro (\u00e5r 2015) f\u00f6r att finansiera institutionernas verksamhet.<\/p>\n<p>\u2022 Program 151 f\u00f6r &#8221;franska utomlands&#8221; med ett belopp p\u00e5 106,5 miljoner euro (\u00e5r 2015) f\u00f6r att finansiera stipendier till franska elever.<\/p>\n<p>Erk\u00e4nnandet av skoln\u00e4tverkets centrala roll utomlands till f\u00f6rm\u00e5n f\u00f6r Frankrikes externa inflytande \u00e5terspeglas i uppr\u00e4tth\u00e5llandet av betydande resurser, vars anv\u00e4ndning alltid \u00e4r optimerad. Rationaliseringen av de medel som AEFE erbjuds och den st\u00e4ndiga moderniseringen av n\u00e4tverkets styrning, utg\u00f6r konstanta utmaningar f\u00f6r byr\u00e5n.<\/p>\n<p><a href=\"https:\/\/www.aefe.fr\/\">www.aefe.fr<\/a><\/p>\n\n\n<figure class=\"wp-block-embed is-type-video is-provider-dailymotion wp-block-embed-dailymotion wp-embed-aspect-16-9 wp-has-aspect-ratio\"><div class=\"wp-block-embed__wrapper\">\n<iframe loading=\"lazy\" title=\"Vid\u00e9o de pr\u00e9sentation de l&#039;AEFE\" frameborder=\"0\" width=\"1200\" height=\"674\" src=\"https:\/\/geo.dailymotion.com\/player.html?video=x2j4f0m&#038;\" allowfullscreen allow=\"autoplay; fullscreen; picture-in-picture; web-share\"><\/iframe>\n<\/div><\/figure>\n","protected":false},"excerpt":{"rendered":"<p>AEFE \u00e4r en offentlig akt\u00f6r som, under \u00f6verinseende av Frankrikes Europa- och utrikesministerium samordnar n\u00e4tverket av franska utbildningsanstalter utomlands, allm\u00e4nt k\u00e4nt som &#8221;Lyc\u00e9e Fran\u00e7ais&#8221;. N\u00e4tverket best\u00e5r av \u00f6ver 600 auktoriserade skolor vars lista \u00e5rligen fastst\u00e4lls av Frankrikes Utbildningsministerium och Ministern f\u00f6r Europa- och utrikesfr\u00e5gor gemensamt . Detta unika skoln\u00e4tverk, med ca. 400 000 elever och &#8230; <\/p>\n<p class=\"read-more-container\"><a title=\"AEFE \u2013 ett internationellt n\u00e4tverk\" class=\"read-more button\" href=\"https:\/\/www.lfsl.net\/sv\/om-lfsl\/aefe-ett-internationellt-natverk\/#more-2498\" aria-label=\"L\u00e4s mer om AEFE \u2013 ett internationellt n\u00e4tverk\">L\u00e4s mer<\/a><\/p>\n","protected":false},"author":1,"featured_media":0,"parent":2509,"menu_order":0,"comment_status":"closed","ping_status":"closed","template":"","meta":{"footnotes":""},"class_list":["post-2498","page","type-page","status-publish"],"yoast_head":"<!-- This site is optimized with the Yoast SEO plugin v27.4 - https:\/\/yoast.com\/product\/yoast-seo-wordpress\/ -->\n<title>AEFE \u2013 ett internationellt n\u00e4tverk &#8211; Lyc\u00e9e Fran\u00e7ais Saint Louis de Stockholm<\/title>\n<meta name=\"robots\" content=\"index, follow, max-snippet:-1, max-image-preview:large, max-video-preview:-1\" \/>\n<link rel=\"canonical\" href=\"https:\/\/www.lfsl.net\/sv\/om-lfsl\/aefe-ett-internationellt-natverk\/\" \/>\n<meta property=\"og:locale\" content=\"sv_SE\" \/>\n<meta property=\"og:type\" content=\"article\" \/>\n<meta property=\"og:title\" content=\"AEFE \u2013 ett internationellt n\u00e4tverk &#8211; Lyc\u00e9e Fran\u00e7ais Saint Louis de Stockholm\" \/>\n<meta property=\"og:description\" content=\"AEFE \u00e4r en offentlig akt\u00f6r som, under \u00f6verinseende av Frankrikes Europa- och utrikesministerium samordnar n\u00e4tverket av franska utbildningsanstalter utomlands, allm\u00e4nt k\u00e4nt som &#8221;Lyc\u00e9e Fran\u00e7ais&#8221;. N\u00e4tverket best\u00e5r av \u00f6ver 600 auktoriserade skolor vars lista \u00e5rligen fastst\u00e4lls av Frankrikes Utbildningsministerium och Ministern f\u00f6r Europa- och utrikesfr\u00e5gor gemensamt . Detta unika skoln\u00e4tverk, med ca. 400 000 elever och ... L\u00e4s mer\" \/>\n<meta property=\"og:url\" content=\"https:\/\/www.lfsl.net\/sv\/om-lfsl\/aefe-ett-internationellt-natverk\/\" \/>\n<meta property=\"og:site_name\" content=\"Lyc\u00e9e Fran\u00e7ais Saint Louis de Stockholm\" \/>\n<meta property=\"article:publisher\" content=\"https:\/\/www.facebook.com\/Lyc%c3%a9e-Francais-Saint-Louis-182116921840529\/\" \/>\n<meta property=\"article:modified_time\" content=\"2025-04-09T08:00:20+00:00\" \/>\n<meta property=\"og:image\" content=\"https:\/\/www.lfsl.net\/wp-content\/uploads\/2019\/03\/AEFE_carte-1024x729.jpg\" \/>\n<meta name=\"twitter:card\" content=\"summary_large_image\" \/>\n<script type=\"application\/ld+json\" class=\"yoast-schema-graph\">{\"@context\":\"https:\\\/\\\/schema.org\",\"@graph\":[{\"@type\":\"WebPage\",\"@id\":\"https:\\\/\\\/www.lfsl.net\\\/sv\\\/om-lfsl\\\/aefe-ett-internationellt-natverk\\\/\",\"url\":\"https:\\\/\\\/www.lfsl.net\\\/sv\\\/om-lfsl\\\/aefe-ett-internationellt-natverk\\\/\",\"name\":\"AEFE \u2013 ett internationellt n\u00e4tverk &#8211; Lyc\u00e9e Fran\u00e7ais Saint Louis de Stockholm\",\"isPartOf\":{\"@id\":\"https:\\\/\\\/www.lfsl.net\\\/sv\\\/#website\"},\"primaryImageOfPage\":{\"@id\":\"https:\\\/\\\/www.lfsl.net\\\/sv\\\/om-lfsl\\\/aefe-ett-internationellt-natverk\\\/#primaryimage\"},\"image\":{\"@id\":\"https:\\\/\\\/www.lfsl.net\\\/sv\\\/om-lfsl\\\/aefe-ett-internationellt-natverk\\\/#primaryimage\"},\"thumbnailUrl\":\"https:\\\/\\\/www.lfsl.net\\\/wp-content\\\/uploads\\\/2019\\\/03\\\/AEFE_carte-1024x729.jpg\",\"datePublished\":\"2019-03-15T14:20:53+00:00\",\"dateModified\":\"2025-04-09T08:00:20+00:00\",\"breadcrumb\":{\"@id\":\"https:\\\/\\\/www.lfsl.net\\\/sv\\\/om-lfsl\\\/aefe-ett-internationellt-natverk\\\/#breadcrumb\"},\"inLanguage\":\"sv-SE\",\"potentialAction\":[{\"@type\":\"ReadAction\",\"target\":[\"https:\\\/\\\/www.lfsl.net\\\/sv\\\/om-lfsl\\\/aefe-ett-internationellt-natverk\\\/\"]}]},{\"@type\":\"ImageObject\",\"inLanguage\":\"sv-SE\",\"@id\":\"https:\\\/\\\/www.lfsl.net\\\/sv\\\/om-lfsl\\\/aefe-ett-internationellt-natverk\\\/#primaryimage\",\"url\":\"https:\\\/\\\/www.lfsl.net\\\/wp-content\\\/uploads\\\/2019\\\/03\\\/AEFE_carte-1024x729.jpg\",\"contentUrl\":\"https:\\\/\\\/www.lfsl.net\\\/wp-content\\\/uploads\\\/2019\\\/03\\\/AEFE_carte-1024x729.jpg\"},{\"@type\":\"BreadcrumbList\",\"@id\":\"https:\\\/\\\/www.lfsl.net\\\/sv\\\/om-lfsl\\\/aefe-ett-internationellt-natverk\\\/#breadcrumb\",\"itemListElement\":[{\"@type\":\"ListItem\",\"position\":1,\"name\":\"Home\",\"item\":\"https:\\\/\\\/www.lfsl.net\\\/sv\\\/\"},{\"@type\":\"ListItem\",\"position\":2,\"name\":\"Om LFSL\",\"item\":\"https:\\\/\\\/www.lfsl.net\\\/sv\\\/om-lfsl\\\/\"},{\"@type\":\"ListItem\",\"position\":3,\"name\":\"AEFE \u2013 ett internationellt n\u00e4tverk\"}]},{\"@type\":\"WebSite\",\"@id\":\"https:\\\/\\\/www.lfsl.net\\\/sv\\\/#website\",\"url\":\"https:\\\/\\\/www.lfsl.net\\\/sv\\\/\",\"name\":\"Lyc\u00e9e Fran\u00e7ais Saint Louis de Stockholm\",\"description\":\"\u00c9tablissement membre du r\u00e9seau AEFE\",\"publisher\":{\"@id\":\"https:\\\/\\\/www.lfsl.net\\\/sv\\\/#organization\"},\"potentialAction\":[{\"@type\":\"SearchAction\",\"target\":{\"@type\":\"EntryPoint\",\"urlTemplate\":\"https:\\\/\\\/www.lfsl.net\\\/sv\\\/?s={search_term_string}\"},\"query-input\":{\"@type\":\"PropertyValueSpecification\",\"valueRequired\":true,\"valueName\":\"search_term_string\"}}],\"inLanguage\":\"sv-SE\"},{\"@type\":\"Organization\",\"@id\":\"https:\\\/\\\/www.lfsl.net\\\/sv\\\/#organization\",\"name\":\"Lyc\u00e9e Fran\u00e7ais Saint Louis\",\"url\":\"https:\\\/\\\/www.lfsl.net\\\/sv\\\/\",\"logo\":{\"@type\":\"ImageObject\",\"inLanguage\":\"sv-SE\",\"@id\":\"https:\\\/\\\/www.lfsl.net\\\/sv\\\/#\\\/schema\\\/logo\\\/image\\\/\",\"url\":\"https:\\\/\\\/www.lfsl.net\\\/wp-content\\\/uploads\\\/2021\\\/03\\\/LFSL-logo.jpg\",\"contentUrl\":\"https:\\\/\\\/www.lfsl.net\\\/wp-content\\\/uploads\\\/2021\\\/03\\\/LFSL-logo.jpg\",\"width\":330,\"height\":473,\"caption\":\"Lyc\u00e9e Fran\u00e7ais Saint Louis\"},\"image\":{\"@id\":\"https:\\\/\\\/www.lfsl.net\\\/sv\\\/#\\\/schema\\\/logo\\\/image\\\/\"},\"sameAs\":[\"https:\\\/\\\/www.facebook.com\\\/Lyc\u00e9e-Francais-Saint-Louis-182116921840529\\\/\",\"https:\\\/\\\/www.instagram.com\\\/lyceefrancaisstockholm\\\/\",\"https:\\\/\\\/www.linkedin.com\\\/school\\\/lfsl\\\/\",\"https:\\\/\\\/www.youtube.com\\\/channel\\\/UCchS4IO4jE_YY0ILwn5NgGQ\"]}]}<\/script>\n<!-- \/ Yoast SEO plugin. -->","yoast_head_json":{"title":"AEFE \u2013 ett internationellt n\u00e4tverk &#8211; Lyc\u00e9e Fran\u00e7ais Saint Louis de Stockholm","robots":{"index":"index","follow":"follow","max-snippet":"max-snippet:-1","max-image-preview":"max-image-preview:large","max-video-preview":"max-video-preview:-1"},"canonical":"https:\/\/www.lfsl.net\/sv\/om-lfsl\/aefe-ett-internationellt-natverk\/","og_locale":"sv_SE","og_type":"article","og_title":"AEFE \u2013 ett internationellt n\u00e4tverk &#8211; Lyc\u00e9e Fran\u00e7ais Saint Louis de Stockholm","og_description":"AEFE \u00e4r en offentlig akt\u00f6r som, under \u00f6verinseende av Frankrikes Europa- och utrikesministerium samordnar n\u00e4tverket av franska utbildningsanstalter utomlands, allm\u00e4nt k\u00e4nt som &#8221;Lyc\u00e9e Fran\u00e7ais&#8221;. N\u00e4tverket best\u00e5r av \u00f6ver 600 auktoriserade skolor vars lista \u00e5rligen fastst\u00e4lls av Frankrikes Utbildningsministerium och Ministern f\u00f6r Europa- och utrikesfr\u00e5gor gemensamt . Detta unika skoln\u00e4tverk, med ca. 400 000 elever och ... L\u00e4s mer","og_url":"https:\/\/www.lfsl.net\/sv\/om-lfsl\/aefe-ett-internationellt-natverk\/","og_site_name":"Lyc\u00e9e Fran\u00e7ais Saint Louis de Stockholm","article_publisher":"https:\/\/www.facebook.com\/Lyc%c3%a9e-Francais-Saint-Louis-182116921840529\/","article_modified_time":"2025-04-09T08:00:20+00:00","og_image":[{"url":"https:\/\/www.lfsl.net\/wp-content\/uploads\/2019\/03\/AEFE_carte-1024x729.jpg","type":"","width":"","height":""}],"twitter_card":"summary_large_image","schema":{"@context":"https:\/\/schema.org","@graph":[{"@type":"WebPage","@id":"https:\/\/www.lfsl.net\/sv\/om-lfsl\/aefe-ett-internationellt-natverk\/","url":"https:\/\/www.lfsl.net\/sv\/om-lfsl\/aefe-ett-internationellt-natverk\/","name":"AEFE \u2013 ett internationellt n\u00e4tverk &#8211; Lyc\u00e9e Fran\u00e7ais Saint Louis de Stockholm","isPartOf":{"@id":"https:\/\/www.lfsl.net\/sv\/#website"},"primaryImageOfPage":{"@id":"https:\/\/www.lfsl.net\/sv\/om-lfsl\/aefe-ett-internationellt-natverk\/#primaryimage"},"image":{"@id":"https:\/\/www.lfsl.net\/sv\/om-lfsl\/aefe-ett-internationellt-natverk\/#primaryimage"},"thumbnailUrl":"https:\/\/www.lfsl.net\/wp-content\/uploads\/2019\/03\/AEFE_carte-1024x729.jpg","datePublished":"2019-03-15T14:20:53+00:00","dateModified":"2025-04-09T08:00:20+00:00","breadcrumb":{"@id":"https:\/\/www.lfsl.net\/sv\/om-lfsl\/aefe-ett-internationellt-natverk\/#breadcrumb"},"inLanguage":"sv-SE","potentialAction":[{"@type":"ReadAction","target":["https:\/\/www.lfsl.net\/sv\/om-lfsl\/aefe-ett-internationellt-natverk\/"]}]},{"@type":"ImageObject","inLanguage":"sv-SE","@id":"https:\/\/www.lfsl.net\/sv\/om-lfsl\/aefe-ett-internationellt-natverk\/#primaryimage","url":"https:\/\/www.lfsl.net\/wp-content\/uploads\/2019\/03\/AEFE_carte-1024x729.jpg","contentUrl":"https:\/\/www.lfsl.net\/wp-content\/uploads\/2019\/03\/AEFE_carte-1024x729.jpg"},{"@type":"BreadcrumbList","@id":"https:\/\/www.lfsl.net\/sv\/om-lfsl\/aefe-ett-internationellt-natverk\/#breadcrumb","itemListElement":[{"@type":"ListItem","position":1,"name":"Home","item":"https:\/\/www.lfsl.net\/sv\/"},{"@type":"ListItem","position":2,"name":"Om LFSL","item":"https:\/\/www.lfsl.net\/sv\/om-lfsl\/"},{"@type":"ListItem","position":3,"name":"AEFE \u2013 ett internationellt n\u00e4tverk"}]},{"@type":"WebSite","@id":"https:\/\/www.lfsl.net\/sv\/#website","url":"https:\/\/www.lfsl.net\/sv\/","name":"Lyc\u00e9e Fran\u00e7ais Saint Louis de Stockholm","description":"\u00c9tablissement membre du r\u00e9seau AEFE","publisher":{"@id":"https:\/\/www.lfsl.net\/sv\/#organization"},"potentialAction":[{"@type":"SearchAction","target":{"@type":"EntryPoint","urlTemplate":"https:\/\/www.lfsl.net\/sv\/?s={search_term_string}"},"query-input":{"@type":"PropertyValueSpecification","valueRequired":true,"valueName":"search_term_string"}}],"inLanguage":"sv-SE"},{"@type":"Organization","@id":"https:\/\/www.lfsl.net\/sv\/#organization","name":"Lyc\u00e9e Fran\u00e7ais Saint Louis","url":"https:\/\/www.lfsl.net\/sv\/","logo":{"@type":"ImageObject","inLanguage":"sv-SE","@id":"https:\/\/www.lfsl.net\/sv\/#\/schema\/logo\/image\/","url":"https:\/\/www.lfsl.net\/wp-content\/uploads\/2021\/03\/LFSL-logo.jpg","contentUrl":"https:\/\/www.lfsl.net\/wp-content\/uploads\/2021\/03\/LFSL-logo.jpg","width":330,"height":473,"caption":"Lyc\u00e9e Fran\u00e7ais Saint Louis"},"image":{"@id":"https:\/\/www.lfsl.net\/sv\/#\/schema\/logo\/image\/"},"sameAs":["https:\/\/www.facebook.com\/Lyc\u00e9e-Francais-Saint-Louis-182116921840529\/","https:\/\/www.instagram.com\/lyceefrancaisstockholm\/","https:\/\/www.linkedin.com\/school\/lfsl\/","https:\/\/www.youtube.com\/channel\/UCchS4IO4jE_YY0ILwn5NgGQ"]}]}},"_links":{"self":[{"href":"https:\/\/www.lfsl.net\/sv\/wp-json\/wp\/v2\/pages\/2498","targetHints":{"allow":["GET"]}}],"collection":[{"href":"https:\/\/www.lfsl.net\/sv\/wp-json\/wp\/v2\/pages"}],"about":[{"href":"https:\/\/www.lfsl.net\/sv\/wp-json\/wp\/v2\/types\/page"}],"author":[{"embeddable":true,"href":"https:\/\/www.lfsl.net\/sv\/wp-json\/wp\/v2\/users\/1"}],"replies":[{"embeddable":true,"href":"https:\/\/www.lfsl.net\/sv\/wp-json\/wp\/v2\/comments?post=2498"}],"version-history":[{"count":27,"href":"https:\/\/www.lfsl.net\/sv\/wp-json\/wp\/v2\/pages\/2498\/revisions"}],"predecessor-version":[{"id":22225,"href":"https:\/\/www.lfsl.net\/sv\/wp-json\/wp\/v2\/pages\/2498\/revisions\/22225"}],"up":[{"embeddable":true,"href":"https:\/\/www.lfsl.net\/sv\/wp-json\/wp\/v2\/pages\/2509"}],"wp:attachment":[{"href":"https:\/\/www.lfsl.net\/sv\/wp-json\/wp\/v2\/media?parent=2498"}],"curies":[{"name":"wp","href":"https:\/\/api.w.org\/{rel}","templated":true}]}}