{"id":2501,"date":"2019-03-15T14:22:45","date_gmt":"2019-03-15T14:22:45","guid":{"rendered":"http:\/\/lfsl.net.hemsida.eu\/?page_id=2501"},"modified":"2026-02-17T15:29:10","modified_gmt":"2026-02-17T15:29:10","slug":"lycee-francais-saint-louis-de-stockholm","status":"publish","type":"page","link":"https:\/\/www.lfsl.net\/sv\/om-lfsl\/lycee-francais-saint-louis-de-stockholm\/","title":{"rendered":"Lyc\u00e9e Fran\u00e7ais Saint Louis de Stockholm"},"content":{"rendered":"\n<div class=\"wp-block-media-text is-stacked-on-mobile\"><figure class=\"wp-block-media-text__media\"><img loading=\"lazy\" decoding=\"async\" width=\"819\" height=\"537\" src=\"https:\/\/www.lfsl.net\/wp-content\/uploads\/2024\/09\/Batiment-principal.jpg\" alt=\"\" class=\"wp-image-20635 size-full\" srcset=\"https:\/\/www.lfsl.net\/wp-content\/uploads\/2024\/09\/Batiment-principal.jpg 819w, https:\/\/www.lfsl.net\/wp-content\/uploads\/2024\/09\/Batiment-principal-600x393.jpg 600w, https:\/\/www.lfsl.net\/wp-content\/uploads\/2024\/09\/Batiment-principal-768x504.jpg 768w\" sizes=\"auto, (max-width: 819px) 100vw, 819px\" \/><\/figure><div class=\"wp-block-media-text__content\">\n<p><strong>Lyc\u00e9e Fran\u00e7ais Saint Louis i Stockholm etablerades \u00e5r 1959 och tar under l\u00e4s\u00e5ret 2025-2026 emot 694 elever i den internationella delen av skolan, fr\u00e5n CP till Terminale. <br>Dessa elever, fr\u00e5n 6 till 18 \u00e5r, f\u00f6ljer den franska l\u00e4roplanen, som den i franska skolor i Frankrike. De yngre barnen tas emot i en svensk &#8221;<a href=\"https:\/\/www.lfsl.net\/sv\/skolgang\/forskolan\/\" target=\"_blank\" rel=\"noreferrer noopener\">F\u00f6rskola<\/a>&#8221;, vilken inte har n\u00e5got avtal med AEFE och som f\u00f6r n\u00e4rvarande tar emot ca. 89 barn. Barnen p\u00e5 f\u00f6rskolan kan sedan forts\u00e4tta till f\u00f6rsta klass i skolan, CP. <\/strong><\/p>\n<\/div><\/div>\n\n\n\n<div class=\"wp-block-media-text alignwide has-media-on-the-right is-stacked-on-mobile\"><div class=\"wp-block-media-text__content\">\n<h3 class=\"wp-block-heading\">En Internationell skola<\/h3>\n\n\n\n<p>Lyc\u00e9e Fran\u00e7ais Saint Louis (LFSL), som \u00e4r en godk\u00e4nd Internationell Skola av Skolverket, best\u00e5r av l\u00e5g- och mellanstadium, h\u00f6gstadium och gymnasium. L\u00e5g- och mellanstadiet (CP till CM2) tar emot 318 elever&nbsp;i 16 klasser, h\u00f6gstadiet (fr\u00e5n 6\u00e8me till 3\u00e8me) 249 elever i 11 olika klasser och gymnasiet (fr\u00e5n 2nde till Terminale) tar emot 127 gymnasieelever i 6 olika klasser. <br>Undervisningen som tillhandah\u00e5lls \u00e4r i linje med alla franska skolor i <a href=\"http:\/\/aefe.fr\" target=\"_blank\" rel=\"noreferrer noopener\">AEFE-n\u00e4tverke<\/a>t, dvs en franskspr\u00e5kig utbildning som respekterar det franska nationella utbildningsministeriets l\u00e4roplan, schema och best\u00e4mmelser.<\/p>\n\n\n\n<p>Alla elever undervisas i svenska fr\u00e5n och med f\u00f6rsta klass och svenskundervisningen forts\u00e4tter i grundskolan och p\u00e5 gymnasiet. Den ger eleverna m\u00f6jligheten att g\u00e5 \u00f6ver till det lokala undervisningssystemet eller att vidareutbilda sig i Sverige efter skolans slut.<\/p>\n<\/div><figure class=\"wp-block-media-text__media\"><img loading=\"lazy\" decoding=\"async\" width=\"1024\" height=\"666\" src=\"https:\/\/www.lfsl.net\/wp-content\/uploads\/2019\/02\/Lyc\u00e9e2_1160-1024x666.jpg\" alt=\"Lyc\u00e9e Fran\u00e7ais Saint Louis p\u00e5 vintern \" class=\"wp-image-2063 size-full\" srcset=\"https:\/\/www.lfsl.net\/wp-content\/uploads\/2019\/02\/Lyc\u00e9e2_1160-1024x666.jpg 1024w, https:\/\/www.lfsl.net\/wp-content\/uploads\/2019\/02\/Lyc\u00e9e2_1160-300x195.jpg 300w, https:\/\/www.lfsl.net\/wp-content\/uploads\/2019\/02\/Lyc\u00e9e2_1160-768x499.jpg 768w, https:\/\/www.lfsl.net\/wp-content\/uploads\/2019\/02\/Lyc\u00e9e2_1160.jpg 1160w\" sizes=\"auto, (max-width: 1024px) 100vw, 1024px\" \/><\/figure><\/div>\n\n\n\n<h3 class=\"wp-block-heading\">En skola i avtal med AEFE<\/h3>\n\n\n\n<p>I och med sitt avtal med l\u2019Agence pour l\u2019Enseignement Fran\u00e7ais \u00e0 l\u2019\u00c9tranger, (<a href=\"http:\/\/aefe.fr\" target=\"_blank\" rel=\"noreferrer noopener\">AEFE<\/a>), ing\u00e5r Lyc\u00e9e Fran\u00e7ais Saint Louis i Stockholm i ett n\u00e4tverk med 600 liknande skolor i 139 olika l\u00e4nder runt om i V\u00e4rlden. P\u00e5 AEFE:S skolor utbildas mer \u00e4n 400 000 elever, varav 40% \u00e4r franska och 60% kommer fr\u00e5n andra l\u00e4nder.<\/p>\n\n\n\n<p>LFSL:s Rektor, Denis Ravaille, och L\u00e5g- och mellanstadiechefen, Fabrice Palhies, \u00e4r utstationerade fransm\u00e4n och anst\u00e4llda av AEFE.<br>Undervisningen p\u00e5 skolan utf\u00f6rs av uts\u00e4nda, diplomerade l\u00e4rare fr\u00e5n Frankrike, samt av lokalanst\u00e4llda, kvalificerade franska eller svenska l\u00e4rare.<\/p>\n\n\n\n<h3 class=\"wp-block-heading\">Diplom<\/h3>\n\n\n\n<p>P\u00e5 skolan f\u00f6rbereds \u201dLe Dipl\u00f4me National du Brevet\u201d under sista \u00e5ret p\u00e5 h\u00f6gstadiet och \u201dLe Baccalaur\u00e9at\u201d i allm\u00e4n utbildning, samt &#8221;Le Baccalaur\u00e9at Fran\u00e7ais International (BFI), med godk\u00e4nda examensbevis, under det sista \u00e5ret p\u00e5 gymnasiet. Elever med svenska som modersm\u00e5l kan ocks\u00e5 studera till en svensk Gymnasieexamen och erh\u00e5lla ett svenskt slutbetyg.<\/p>\n\n\n\n<p>Lyc\u00e9e Fran\u00e7ais Saint Louis har under l\u00e5ng tid f\u00e5tt utm\u00e4rkta examensresultat.<br>\u00c5r 2025 erh\u00f6ll 100 % av kandidaterna sin Baccalaur\u00e9at (Gymnasieexamen) och 98% sitt Dipl\u00f4me National de Brevet (slutbetyg).<br>Dessa utm\u00e4rkta resultat, som h\u00f6r till de b\u00e4sta bland franska internationella skolor runt om i v\u00e4rlden, vittnar om undervisningens h\u00f6ga kvalitet p\u00e5 v\u00e5r skola.<\/p>\n\n\n\n<h3 class=\"wp-block-heading\">En svensk stiftelse<\/h3>\n\n\n\n<p>Skolan styrs av svensk lag, genom Stiftelsen Lyc\u00e9e Fran\u00e7ais Saint Louis i Stockholm, med Guillaume Lefebvre som styrelsens ordf\u00f6rande.<br><br><\/p>\n","protected":false},"excerpt":{"rendered":"<p>Lyc\u00e9e Fran\u00e7ais Saint Louis i Stockholm etablerades \u00e5r 1959 och tar under l\u00e4s\u00e5ret 2025-2026 emot 694 elever i den internationella delen av skolan, fr\u00e5n CP till Terminale. Dessa elever, fr\u00e5n 6 till 18 \u00e5r, f\u00f6ljer den franska l\u00e4roplanen, som den i franska skolor i Frankrike. De yngre barnen tas emot i en svensk &#8221;F\u00f6rskola&#8221;, vilken &#8230; <\/p>\n<p class=\"read-more-container\"><a title=\"Lyc\u00e9e Fran\u00e7ais Saint Louis de Stockholm\" class=\"read-more button\" href=\"https:\/\/www.lfsl.net\/sv\/om-lfsl\/lycee-francais-saint-louis-de-stockholm\/#more-2501\" aria-label=\"L\u00e4s mer om Lyc\u00e9e Fran\u00e7ais Saint Louis de Stockholm\">L\u00e4s mer<\/a><\/p>\n","protected":false},"author":1,"featured_media":0,"parent":2509,"menu_order":0,"comment_status":"closed","ping_status":"closed","template":"","meta":{"footnotes":""},"class_list":["post-2501","page","type-page","status-publish"],"yoast_head":"<!-- This site is optimized with the Yoast SEO plugin v27.4 - https:\/\/yoast.com\/product\/yoast-seo-wordpress\/ -->\n<title>Lyc\u00e9e Fran\u00e7ais Saint Louis de Stockholm &#8211;<\/title>\n<meta name=\"description\" content=\"Lyc\u00e9e Fran\u00e7ais Saint Louis, som \u00e4r en Internationell skola i AEFE-n\u00e4tverket, best\u00e5r av l\u00e5g- och mellanstadie, h\u00f6gstadie och gymnasium.\" \/>\n<meta name=\"robots\" content=\"index, follow, max-snippet:-1, max-image-preview:large, max-video-preview:-1\" \/>\n<link rel=\"canonical\" href=\"https:\/\/www.lfsl.net\/sv\/om-lfsl\/lycee-francais-saint-louis-de-stockholm\/\" \/>\n<meta property=\"og:locale\" content=\"sv_SE\" \/>\n<meta property=\"og:type\" content=\"article\" \/>\n<meta property=\"og:title\" content=\"Lyc\u00e9e Fran\u00e7ais Saint Louis de Stockholm &#8211;\" \/>\n<meta property=\"og:description\" content=\"Lyc\u00e9e Fran\u00e7ais Saint Louis, som \u00e4r en Internationell skola i AEFE-n\u00e4tverket, best\u00e5r av l\u00e5g- och mellanstadie, h\u00f6gstadie och gymnasium.\" \/>\n<meta property=\"og:url\" content=\"https:\/\/www.lfsl.net\/sv\/om-lfsl\/lycee-francais-saint-louis-de-stockholm\/\" \/>\n<meta property=\"og:site_name\" content=\"Lyc\u00e9e Fran\u00e7ais Saint Louis de Stockholm\" \/>\n<meta property=\"article:publisher\" content=\"https:\/\/www.facebook.com\/Lyc%c3%a9e-Francais-Saint-Louis-182116921840529\/\" \/>\n<meta property=\"article:modified_time\" content=\"2026-02-17T15:29:10+00:00\" \/>\n<meta property=\"og:image\" content=\"https:\/\/www.lfsl.net\/wp-content\/uploads\/2024\/09\/Batiment-principal.jpg\" \/>\n\t<meta property=\"og:image:width\" content=\"819\" \/>\n\t<meta property=\"og:image:height\" content=\"537\" \/>\n\t<meta property=\"og:image:type\" content=\"image\/jpeg\" \/>\n<meta name=\"twitter:card\" content=\"summary_large_image\" \/>\n<script type=\"application\/ld+json\" class=\"yoast-schema-graph\">{\"@context\":\"https:\\\/\\\/schema.org\",\"@graph\":[{\"@type\":\"WebPage\",\"@id\":\"https:\\\/\\\/www.lfsl.net\\\/sv\\\/om-lfsl\\\/lycee-francais-saint-louis-de-stockholm\\\/\",\"url\":\"https:\\\/\\\/www.lfsl.net\\\/sv\\\/om-lfsl\\\/lycee-francais-saint-louis-de-stockholm\\\/\",\"name\":\"Lyc\u00e9e Fran\u00e7ais Saint Louis de Stockholm &#8211;\",\"isPartOf\":{\"@id\":\"https:\\\/\\\/www.lfsl.net\\\/sv\\\/#website\"},\"primaryImageOfPage\":{\"@id\":\"https:\\\/\\\/www.lfsl.net\\\/sv\\\/om-lfsl\\\/lycee-francais-saint-louis-de-stockholm\\\/#primaryimage\"},\"image\":{\"@id\":\"https:\\\/\\\/www.lfsl.net\\\/sv\\\/om-lfsl\\\/lycee-francais-saint-louis-de-stockholm\\\/#primaryimage\"},\"thumbnailUrl\":\"https:\\\/\\\/www.lfsl.net\\\/wp-content\\\/uploads\\\/2024\\\/09\\\/Batiment-principal.jpg\",\"datePublished\":\"2019-03-15T14:22:45+00:00\",\"dateModified\":\"2026-02-17T15:29:10+00:00\",\"description\":\"Lyc\u00e9e Fran\u00e7ais Saint Louis, som \u00e4r en Internationell skola i AEFE-n\u00e4tverket, best\u00e5r av l\u00e5g- och mellanstadie, h\u00f6gstadie och gymnasium.\",\"breadcrumb\":{\"@id\":\"https:\\\/\\\/www.lfsl.net\\\/sv\\\/om-lfsl\\\/lycee-francais-saint-louis-de-stockholm\\\/#breadcrumb\"},\"inLanguage\":\"sv-SE\",\"potentialAction\":[{\"@type\":\"ReadAction\",\"target\":[\"https:\\\/\\\/www.lfsl.net\\\/sv\\\/om-lfsl\\\/lycee-francais-saint-louis-de-stockholm\\\/\"]}]},{\"@type\":\"ImageObject\",\"inLanguage\":\"sv-SE\",\"@id\":\"https:\\\/\\\/www.lfsl.net\\\/sv\\\/om-lfsl\\\/lycee-francais-saint-louis-de-stockholm\\\/#primaryimage\",\"url\":\"https:\\\/\\\/www.lfsl.net\\\/wp-content\\\/uploads\\\/2024\\\/09\\\/Batiment-principal.jpg\",\"contentUrl\":\"https:\\\/\\\/www.lfsl.net\\\/wp-content\\\/uploads\\\/2024\\\/09\\\/Batiment-principal.jpg\"},{\"@type\":\"BreadcrumbList\",\"@id\":\"https:\\\/\\\/www.lfsl.net\\\/sv\\\/om-lfsl\\\/lycee-francais-saint-louis-de-stockholm\\\/#breadcrumb\",\"itemListElement\":[{\"@type\":\"ListItem\",\"position\":1,\"name\":\"Home\",\"item\":\"https:\\\/\\\/www.lfsl.net\\\/sv\\\/\"},{\"@type\":\"ListItem\",\"position\":2,\"name\":\"Om LFSL\",\"item\":\"https:\\\/\\\/www.lfsl.net\\\/sv\\\/om-lfsl\\\/\"},{\"@type\":\"ListItem\",\"position\":3,\"name\":\"Lyc\u00e9e Fran\u00e7ais Saint Louis de Stockholm\"}]},{\"@type\":\"WebSite\",\"@id\":\"https:\\\/\\\/www.lfsl.net\\\/sv\\\/#website\",\"url\":\"https:\\\/\\\/www.lfsl.net\\\/sv\\\/\",\"name\":\"Lyc\u00e9e Fran\u00e7ais Saint Louis de Stockholm\",\"description\":\"\u00c9tablissement membre du r\u00e9seau AEFE\",\"publisher\":{\"@id\":\"https:\\\/\\\/www.lfsl.net\\\/sv\\\/#organization\"},\"potentialAction\":[{\"@type\":\"SearchAction\",\"target\":{\"@type\":\"EntryPoint\",\"urlTemplate\":\"https:\\\/\\\/www.lfsl.net\\\/sv\\\/?s={search_term_string}\"},\"query-input\":{\"@type\":\"PropertyValueSpecification\",\"valueRequired\":true,\"valueName\":\"search_term_string\"}}],\"inLanguage\":\"sv-SE\"},{\"@type\":\"Organization\",\"@id\":\"https:\\\/\\\/www.lfsl.net\\\/sv\\\/#organization\",\"name\":\"Lyc\u00e9e Fran\u00e7ais Saint Louis\",\"url\":\"https:\\\/\\\/www.lfsl.net\\\/sv\\\/\",\"logo\":{\"@type\":\"ImageObject\",\"inLanguage\":\"sv-SE\",\"@id\":\"https:\\\/\\\/www.lfsl.net\\\/sv\\\/#\\\/schema\\\/logo\\\/image\\\/\",\"url\":\"https:\\\/\\\/www.lfsl.net\\\/wp-content\\\/uploads\\\/2021\\\/03\\\/LFSL-logo.jpg\",\"contentUrl\":\"https:\\\/\\\/www.lfsl.net\\\/wp-content\\\/uploads\\\/2021\\\/03\\\/LFSL-logo.jpg\",\"width\":330,\"height\":473,\"caption\":\"Lyc\u00e9e Fran\u00e7ais Saint Louis\"},\"image\":{\"@id\":\"https:\\\/\\\/www.lfsl.net\\\/sv\\\/#\\\/schema\\\/logo\\\/image\\\/\"},\"sameAs\":[\"https:\\\/\\\/www.facebook.com\\\/Lyc\u00e9e-Francais-Saint-Louis-182116921840529\\\/\",\"https:\\\/\\\/www.instagram.com\\\/lyceefrancaisstockholm\\\/\",\"https:\\\/\\\/www.linkedin.com\\\/school\\\/lfsl\\\/\",\"https:\\\/\\\/www.youtube.com\\\/channel\\\/UCchS4IO4jE_YY0ILwn5NgGQ\"]}]}<\/script>\n<!-- \/ Yoast SEO plugin. -->","yoast_head_json":{"title":"Lyc\u00e9e Fran\u00e7ais Saint Louis de Stockholm &#8211;","description":"Lyc\u00e9e Fran\u00e7ais Saint Louis, som \u00e4r en Internationell skola i AEFE-n\u00e4tverket, best\u00e5r av l\u00e5g- och mellanstadie, h\u00f6gstadie och gymnasium.","robots":{"index":"index","follow":"follow","max-snippet":"max-snippet:-1","max-image-preview":"max-image-preview:large","max-video-preview":"max-video-preview:-1"},"canonical":"https:\/\/www.lfsl.net\/sv\/om-lfsl\/lycee-francais-saint-louis-de-stockholm\/","og_locale":"sv_SE","og_type":"article","og_title":"Lyc\u00e9e Fran\u00e7ais Saint Louis de Stockholm &#8211;","og_description":"Lyc\u00e9e Fran\u00e7ais Saint Louis, som \u00e4r en Internationell skola i AEFE-n\u00e4tverket, best\u00e5r av l\u00e5g- och mellanstadie, h\u00f6gstadie och gymnasium.","og_url":"https:\/\/www.lfsl.net\/sv\/om-lfsl\/lycee-francais-saint-louis-de-stockholm\/","og_site_name":"Lyc\u00e9e Fran\u00e7ais Saint Louis de Stockholm","article_publisher":"https:\/\/www.facebook.com\/Lyc%c3%a9e-Francais-Saint-Louis-182116921840529\/","article_modified_time":"2026-02-17T15:29:10+00:00","og_image":[{"width":819,"height":537,"url":"https:\/\/www.lfsl.net\/wp-content\/uploads\/2024\/09\/Batiment-principal.jpg","type":"image\/jpeg"}],"twitter_card":"summary_large_image","schema":{"@context":"https:\/\/schema.org","@graph":[{"@type":"WebPage","@id":"https:\/\/www.lfsl.net\/sv\/om-lfsl\/lycee-francais-saint-louis-de-stockholm\/","url":"https:\/\/www.lfsl.net\/sv\/om-lfsl\/lycee-francais-saint-louis-de-stockholm\/","name":"Lyc\u00e9e Fran\u00e7ais Saint Louis de Stockholm &#8211;","isPartOf":{"@id":"https:\/\/www.lfsl.net\/sv\/#website"},"primaryImageOfPage":{"@id":"https:\/\/www.lfsl.net\/sv\/om-lfsl\/lycee-francais-saint-louis-de-stockholm\/#primaryimage"},"image":{"@id":"https:\/\/www.lfsl.net\/sv\/om-lfsl\/lycee-francais-saint-louis-de-stockholm\/#primaryimage"},"thumbnailUrl":"https:\/\/www.lfsl.net\/wp-content\/uploads\/2024\/09\/Batiment-principal.jpg","datePublished":"2019-03-15T14:22:45+00:00","dateModified":"2026-02-17T15:29:10+00:00","description":"Lyc\u00e9e Fran\u00e7ais Saint Louis, som \u00e4r en Internationell skola i AEFE-n\u00e4tverket, best\u00e5r av l\u00e5g- och mellanstadie, h\u00f6gstadie och gymnasium.","breadcrumb":{"@id":"https:\/\/www.lfsl.net\/sv\/om-lfsl\/lycee-francais-saint-louis-de-stockholm\/#breadcrumb"},"inLanguage":"sv-SE","potentialAction":[{"@type":"ReadAction","target":["https:\/\/www.lfsl.net\/sv\/om-lfsl\/lycee-francais-saint-louis-de-stockholm\/"]}]},{"@type":"ImageObject","inLanguage":"sv-SE","@id":"https:\/\/www.lfsl.net\/sv\/om-lfsl\/lycee-francais-saint-louis-de-stockholm\/#primaryimage","url":"https:\/\/www.lfsl.net\/wp-content\/uploads\/2024\/09\/Batiment-principal.jpg","contentUrl":"https:\/\/www.lfsl.net\/wp-content\/uploads\/2024\/09\/Batiment-principal.jpg"},{"@type":"BreadcrumbList","@id":"https:\/\/www.lfsl.net\/sv\/om-lfsl\/lycee-francais-saint-louis-de-stockholm\/#breadcrumb","itemListElement":[{"@type":"ListItem","position":1,"name":"Home","item":"https:\/\/www.lfsl.net\/sv\/"},{"@type":"ListItem","position":2,"name":"Om LFSL","item":"https:\/\/www.lfsl.net\/sv\/om-lfsl\/"},{"@type":"ListItem","position":3,"name":"Lyc\u00e9e Fran\u00e7ais Saint Louis de Stockholm"}]},{"@type":"WebSite","@id":"https:\/\/www.lfsl.net\/sv\/#website","url":"https:\/\/www.lfsl.net\/sv\/","name":"Lyc\u00e9e Fran\u00e7ais Saint Louis de Stockholm","description":"\u00c9tablissement membre du r\u00e9seau AEFE","publisher":{"@id":"https:\/\/www.lfsl.net\/sv\/#organization"},"potentialAction":[{"@type":"SearchAction","target":{"@type":"EntryPoint","urlTemplate":"https:\/\/www.lfsl.net\/sv\/?s={search_term_string}"},"query-input":{"@type":"PropertyValueSpecification","valueRequired":true,"valueName":"search_term_string"}}],"inLanguage":"sv-SE"},{"@type":"Organization","@id":"https:\/\/www.lfsl.net\/sv\/#organization","name":"Lyc\u00e9e Fran\u00e7ais Saint Louis","url":"https:\/\/www.lfsl.net\/sv\/","logo":{"@type":"ImageObject","inLanguage":"sv-SE","@id":"https:\/\/www.lfsl.net\/sv\/#\/schema\/logo\/image\/","url":"https:\/\/www.lfsl.net\/wp-content\/uploads\/2021\/03\/LFSL-logo.jpg","contentUrl":"https:\/\/www.lfsl.net\/wp-content\/uploads\/2021\/03\/LFSL-logo.jpg","width":330,"height":473,"caption":"Lyc\u00e9e Fran\u00e7ais Saint Louis"},"image":{"@id":"https:\/\/www.lfsl.net\/sv\/#\/schema\/logo\/image\/"},"sameAs":["https:\/\/www.facebook.com\/Lyc\u00e9e-Francais-Saint-Louis-182116921840529\/","https:\/\/www.instagram.com\/lyceefrancaisstockholm\/","https:\/\/www.linkedin.com\/school\/lfsl\/","https:\/\/www.youtube.com\/channel\/UCchS4IO4jE_YY0ILwn5NgGQ"]}]}},"_links":{"self":[{"href":"https:\/\/www.lfsl.net\/sv\/wp-json\/wp\/v2\/pages\/2501","targetHints":{"allow":["GET"]}}],"collection":[{"href":"https:\/\/www.lfsl.net\/sv\/wp-json\/wp\/v2\/pages"}],"about":[{"href":"https:\/\/www.lfsl.net\/sv\/wp-json\/wp\/v2\/types\/page"}],"author":[{"embeddable":true,"href":"https:\/\/www.lfsl.net\/sv\/wp-json\/wp\/v2\/users\/1"}],"replies":[{"embeddable":true,"href":"https:\/\/www.lfsl.net\/sv\/wp-json\/wp\/v2\/comments?post=2501"}],"version-history":[{"count":43,"href":"https:\/\/www.lfsl.net\/sv\/wp-json\/wp\/v2\/pages\/2501\/revisions"}],"predecessor-version":[{"id":24861,"href":"https:\/\/www.lfsl.net\/sv\/wp-json\/wp\/v2\/pages\/2501\/revisions\/24861"}],"up":[{"embeddable":true,"href":"https:\/\/www.lfsl.net\/sv\/wp-json\/wp\/v2\/pages\/2509"}],"wp:attachment":[{"href":"https:\/\/www.lfsl.net\/sv\/wp-json\/wp\/v2\/media?parent=2501"}],"curies":[{"name":"wp","href":"https:\/\/api.w.org\/{rel}","templated":true}]}}