{"id":2505,"date":"2019-03-15T14:24:45","date_gmt":"2019-03-15T14:24:45","guid":{"rendered":"http:\/\/lfsl.net.hemsida.eu\/?page_id=2505"},"modified":"2025-01-21T08:38:50","modified_gmt":"2025-01-21T08:38:50","slug":"pedagogiskt-projekt","status":"publish","type":"page","link":"https:\/\/www.lfsl.net\/sv\/om-lfsl\/pedagogiskt-projekt\/","title":{"rendered":"Pedagogiskt Projekt"},"content":{"rendered":"\n<p><\/p>\n\n\n\n<p><strong>LFSL har en unik pedagogisk utformning, som kombinerar de franska och svenska utbildningssystemens styrkor.<\/strong><\/p>\n\n\n\n<figure class=\"wp-block-image\"><img loading=\"lazy\" decoding=\"async\" width=\"1333\" height=\"724\" src=\"https:\/\/www.lfsl.net\/wp-content\/uploads\/2019\/04\/Uppdrag_sv.png\" alt=\"\" class=\"wp-image-3281\" srcset=\"https:\/\/www.lfsl.net\/wp-content\/uploads\/2019\/04\/Uppdrag_sv.png 1333w, https:\/\/www.lfsl.net\/wp-content\/uploads\/2019\/04\/Uppdrag_sv-600x326.png 600w, https:\/\/www.lfsl.net\/wp-content\/uploads\/2019\/04\/Uppdrag_sv-768x417.png 768w, https:\/\/www.lfsl.net\/wp-content\/uploads\/2019\/04\/Uppdrag_sv-1200x652.png 1200w\" sizes=\"auto, (max-width: 1333px) 100vw, 1333px\" \/><\/figure>\n\n\n\n<h2 class=\"wp-block-heading editor-rich-text__tinymce mce-content-body\" id=\"mce_2\"><strong>V\u00c5RA V\u00c4RDERINGAR<\/strong><\/h2>\n\n\n<div class=\"wp-block-image\">\n<figure class=\"alignright\"><img loading=\"lazy\" decoding=\"async\" width=\"303\" height=\"200\" src=\"https:\/\/www.lfsl.net\/wp-content\/uploads\/2019\/04\/Valeurs_SV.png\" alt=\"\" class=\"wp-image-3273\"\/><\/figure>\n<\/div>\n\n\n<p><strong>RESPEKT <\/strong>&#8211; Respekt hj\u00e4lper till att erk\u00e4nna, acceptera, uppskatta och f\u00f6rb\u00e4ttra andras egenskaper, deras skillnader och deras r\u00e4tt att leva i en h\u00e4lsosam gemensamhet baserad p\u00e5 normer och institutioner.<\/p>\n\n\n\n<p><strong>V\u00c4LM\u00c5ENDE<\/strong> &#8211; lycka i skolan \u00e4r en nyckelfaktor f\u00f6r b\u00e5de elever och l\u00e4rare. Fr\u00e5n fysisk h\u00e4lsa till mental h\u00e4lsa och en v\u00e4nlig atmosf\u00e4r bidrar till att alla kan trivas tillsammans .<\/p>\n\n\n\n<p><strong>FRAMG\u00c5NG<\/strong> &#8211; Varje person \u00e4r unik och tar med sig personliga egenskaper och talanger som bara v\u00e4ntar p\u00e5 att utvecklas. Lusten att vilja lyckas \u00e4r en \u00e5terspegling av f\u00e4rdighet, energi och viljestyrka som anv\u00e4nds f\u00f6r att uppn\u00e5 sina m\u00e5l. Skolan \u00e4r d\u00e4r f\u00f6r att hj\u00e4lpa eleven att n\u00e5 toppen av sin f\u00f6rm\u00e5ga.<\/p>\n\n\n\n<h2 class=\"wp-block-heading editor-rich-text__tinymce mce-content-body\" id=\"mce_2\"><strong>SKOLANS PROJEKT<\/strong><\/h2>\n\n\n\n<p>I linje med LFSL:s uppdrag och v\u00e4rderingar, kretsar skolans projekt f\u00f6r 2022-2025 kring tre axlar centrerade p\u00e5 elevernas v\u00e4lbefinnande och framg\u00e5ng.<\/p>\n\n\n\n<figure class=\"wp-block-image size-large\"><img loading=\"lazy\" decoding=\"async\" width=\"976\" height=\"699\" src=\"https:\/\/www.lfsl.net\/wp-content\/uploads\/2022\/06\/PE-2022-2025-SV.png\" alt=\"\" class=\"wp-image-13985\" srcset=\"https:\/\/www.lfsl.net\/wp-content\/uploads\/2022\/06\/PE-2022-2025-SV.png 976w, https:\/\/www.lfsl.net\/wp-content\/uploads\/2022\/06\/PE-2022-2025-SV-600x430.png 600w, https:\/\/www.lfsl.net\/wp-content\/uploads\/2022\/06\/PE-2022-2025-SV-768x550.png 768w\" sizes=\"auto, (max-width: 976px) 100vw, 976px\" \/><\/figure>\n\n\n\n<p><a href=\"https:\/\/www.lfsl.net\/wp-content\/uploads\/2022\/06\/PE-LFSL-2022-2025-Svenska.pdf\" target=\"_blank\" rel=\"noreferrer noopener\">HELA SKOLPROJEKTET <\/a><\/p>\n","protected":false},"excerpt":{"rendered":"<p>LFSL har en unik pedagogisk utformning, som kombinerar de franska och svenska utbildningssystemens styrkor. V\u00c5RA V\u00c4RDERINGAR RESPEKT &#8211; Respekt hj\u00e4lper till att erk\u00e4nna, acceptera, uppskatta och f\u00f6rb\u00e4ttra andras egenskaper, deras skillnader och deras r\u00e4tt att leva i en h\u00e4lsosam gemensamhet baserad p\u00e5 normer och institutioner. V\u00c4LM\u00c5ENDE &#8211; lycka i skolan \u00e4r en nyckelfaktor f\u00f6r b\u00e5de &#8230; <\/p>\n<p class=\"read-more-container\"><a title=\"Pedagogiskt Projekt\" class=\"read-more button\" href=\"https:\/\/www.lfsl.net\/sv\/om-lfsl\/pedagogiskt-projekt\/#more-2505\" aria-label=\"L\u00e4s mer om Pedagogiskt Projekt\">L\u00e4s mer<\/a><\/p>\n","protected":false},"author":1,"featured_media":0,"parent":2509,"menu_order":0,"comment_status":"closed","ping_status":"closed","template":"","meta":{"footnotes":""},"class_list":["post-2505","page","type-page","status-publish"],"yoast_head":"<!-- This site is optimized with the Yoast SEO plugin v27.4 - https:\/\/yoast.com\/product\/yoast-seo-wordpress\/ -->\n<title>Pedagogiskt Projekt &#8211; Lyc\u00e9e Fran\u00e7ais Saint Louis de Stockholm<\/title>\n<meta name=\"robots\" content=\"index, follow, max-snippet:-1, max-image-preview:large, max-video-preview:-1\" \/>\n<link rel=\"canonical\" href=\"https:\/\/www.lfsl.net\/sv\/om-lfsl\/pedagogiskt-projekt\/\" \/>\n<meta property=\"og:locale\" content=\"sv_SE\" \/>\n<meta property=\"og:type\" content=\"article\" \/>\n<meta property=\"og:title\" content=\"Pedagogiskt Projekt &#8211; Lyc\u00e9e Fran\u00e7ais Saint Louis de Stockholm\" \/>\n<meta property=\"og:description\" content=\"LFSL har en unik pedagogisk utformning, som kombinerar de franska och svenska utbildningssystemens styrkor. V\u00c5RA V\u00c4RDERINGAR RESPEKT &#8211; Respekt hj\u00e4lper till att erk\u00e4nna, acceptera, uppskatta och f\u00f6rb\u00e4ttra andras egenskaper, deras skillnader och deras r\u00e4tt att leva i en h\u00e4lsosam gemensamhet baserad p\u00e5 normer och institutioner. V\u00c4LM\u00c5ENDE &#8211; lycka i skolan \u00e4r en nyckelfaktor f\u00f6r b\u00e5de ... L\u00e4s mer\" \/>\n<meta property=\"og:url\" content=\"https:\/\/www.lfsl.net\/sv\/om-lfsl\/pedagogiskt-projekt\/\" \/>\n<meta property=\"og:site_name\" content=\"Lyc\u00e9e Fran\u00e7ais Saint Louis de Stockholm\" \/>\n<meta property=\"article:publisher\" content=\"https:\/\/www.facebook.com\/Lyc%c3%a9e-Francais-Saint-Louis-182116921840529\/\" \/>\n<meta property=\"article:modified_time\" content=\"2025-01-21T08:38:50+00:00\" \/>\n<meta property=\"og:image\" content=\"https:\/\/www.lfsl.net\/wp-content\/uploads\/2019\/04\/Uppdrag_sv.png\" \/>\n<meta name=\"twitter:card\" content=\"summary_large_image\" \/>\n<script type=\"application\/ld+json\" class=\"yoast-schema-graph\">{\"@context\":\"https:\\\/\\\/schema.org\",\"@graph\":[{\"@type\":\"WebPage\",\"@id\":\"https:\\\/\\\/www.lfsl.net\\\/sv\\\/om-lfsl\\\/pedagogiskt-projekt\\\/\",\"url\":\"https:\\\/\\\/www.lfsl.net\\\/sv\\\/om-lfsl\\\/pedagogiskt-projekt\\\/\",\"name\":\"Pedagogiskt Projekt &#8211; Lyc\u00e9e Fran\u00e7ais Saint Louis de Stockholm\",\"isPartOf\":{\"@id\":\"https:\\\/\\\/www.lfsl.net\\\/sv\\\/#website\"},\"primaryImageOfPage\":{\"@id\":\"https:\\\/\\\/www.lfsl.net\\\/sv\\\/om-lfsl\\\/pedagogiskt-projekt\\\/#primaryimage\"},\"image\":{\"@id\":\"https:\\\/\\\/www.lfsl.net\\\/sv\\\/om-lfsl\\\/pedagogiskt-projekt\\\/#primaryimage\"},\"thumbnailUrl\":\"https:\\\/\\\/www.lfsl.net\\\/wp-content\\\/uploads\\\/2019\\\/04\\\/Uppdrag_sv.png\",\"datePublished\":\"2019-03-15T14:24:45+00:00\",\"dateModified\":\"2025-01-21T08:38:50+00:00\",\"breadcrumb\":{\"@id\":\"https:\\\/\\\/www.lfsl.net\\\/sv\\\/om-lfsl\\\/pedagogiskt-projekt\\\/#breadcrumb\"},\"inLanguage\":\"sv-SE\",\"potentialAction\":[{\"@type\":\"ReadAction\",\"target\":[\"https:\\\/\\\/www.lfsl.net\\\/sv\\\/om-lfsl\\\/pedagogiskt-projekt\\\/\"]}]},{\"@type\":\"ImageObject\",\"inLanguage\":\"sv-SE\",\"@id\":\"https:\\\/\\\/www.lfsl.net\\\/sv\\\/om-lfsl\\\/pedagogiskt-projekt\\\/#primaryimage\",\"url\":\"https:\\\/\\\/www.lfsl.net\\\/wp-content\\\/uploads\\\/2019\\\/04\\\/Uppdrag_sv.png\",\"contentUrl\":\"https:\\\/\\\/www.lfsl.net\\\/wp-content\\\/uploads\\\/2019\\\/04\\\/Uppdrag_sv.png\"},{\"@type\":\"BreadcrumbList\",\"@id\":\"https:\\\/\\\/www.lfsl.net\\\/sv\\\/om-lfsl\\\/pedagogiskt-projekt\\\/#breadcrumb\",\"itemListElement\":[{\"@type\":\"ListItem\",\"position\":1,\"name\":\"Home\",\"item\":\"https:\\\/\\\/www.lfsl.net\\\/sv\\\/\"},{\"@type\":\"ListItem\",\"position\":2,\"name\":\"Om LFSL\",\"item\":\"https:\\\/\\\/www.lfsl.net\\\/sv\\\/om-lfsl\\\/\"},{\"@type\":\"ListItem\",\"position\":3,\"name\":\"Pedagogiskt Projekt\"}]},{\"@type\":\"WebSite\",\"@id\":\"https:\\\/\\\/www.lfsl.net\\\/sv\\\/#website\",\"url\":\"https:\\\/\\\/www.lfsl.net\\\/sv\\\/\",\"name\":\"Lyc\u00e9e Fran\u00e7ais Saint Louis de Stockholm\",\"description\":\"\u00c9tablissement membre du r\u00e9seau AEFE\",\"publisher\":{\"@id\":\"https:\\\/\\\/www.lfsl.net\\\/sv\\\/#organization\"},\"potentialAction\":[{\"@type\":\"SearchAction\",\"target\":{\"@type\":\"EntryPoint\",\"urlTemplate\":\"https:\\\/\\\/www.lfsl.net\\\/sv\\\/?s={search_term_string}\"},\"query-input\":{\"@type\":\"PropertyValueSpecification\",\"valueRequired\":true,\"valueName\":\"search_term_string\"}}],\"inLanguage\":\"sv-SE\"},{\"@type\":\"Organization\",\"@id\":\"https:\\\/\\\/www.lfsl.net\\\/sv\\\/#organization\",\"name\":\"Lyc\u00e9e Fran\u00e7ais Saint Louis\",\"url\":\"https:\\\/\\\/www.lfsl.net\\\/sv\\\/\",\"logo\":{\"@type\":\"ImageObject\",\"inLanguage\":\"sv-SE\",\"@id\":\"https:\\\/\\\/www.lfsl.net\\\/sv\\\/#\\\/schema\\\/logo\\\/image\\\/\",\"url\":\"https:\\\/\\\/www.lfsl.net\\\/wp-content\\\/uploads\\\/2021\\\/03\\\/LFSL-logo.jpg\",\"contentUrl\":\"https:\\\/\\\/www.lfsl.net\\\/wp-content\\\/uploads\\\/2021\\\/03\\\/LFSL-logo.jpg\",\"width\":330,\"height\":473,\"caption\":\"Lyc\u00e9e Fran\u00e7ais Saint Louis\"},\"image\":{\"@id\":\"https:\\\/\\\/www.lfsl.net\\\/sv\\\/#\\\/schema\\\/logo\\\/image\\\/\"},\"sameAs\":[\"https:\\\/\\\/www.facebook.com\\\/Lyc\u00e9e-Francais-Saint-Louis-182116921840529\\\/\",\"https:\\\/\\\/www.instagram.com\\\/lyceefrancaisstockholm\\\/\",\"https:\\\/\\\/www.linkedin.com\\\/school\\\/lfsl\\\/\",\"https:\\\/\\\/www.youtube.com\\\/channel\\\/UCchS4IO4jE_YY0ILwn5NgGQ\"]}]}<\/script>\n<!-- \/ Yoast SEO plugin. -->","yoast_head_json":{"title":"Pedagogiskt Projekt &#8211; Lyc\u00e9e Fran\u00e7ais Saint Louis de Stockholm","robots":{"index":"index","follow":"follow","max-snippet":"max-snippet:-1","max-image-preview":"max-image-preview:large","max-video-preview":"max-video-preview:-1"},"canonical":"https:\/\/www.lfsl.net\/sv\/om-lfsl\/pedagogiskt-projekt\/","og_locale":"sv_SE","og_type":"article","og_title":"Pedagogiskt Projekt &#8211; Lyc\u00e9e Fran\u00e7ais Saint Louis de Stockholm","og_description":"LFSL har en unik pedagogisk utformning, som kombinerar de franska och svenska utbildningssystemens styrkor. V\u00c5RA V\u00c4RDERINGAR RESPEKT &#8211; Respekt hj\u00e4lper till att erk\u00e4nna, acceptera, uppskatta och f\u00f6rb\u00e4ttra andras egenskaper, deras skillnader och deras r\u00e4tt att leva i en h\u00e4lsosam gemensamhet baserad p\u00e5 normer och institutioner. V\u00c4LM\u00c5ENDE &#8211; lycka i skolan \u00e4r en nyckelfaktor f\u00f6r b\u00e5de ... L\u00e4s mer","og_url":"https:\/\/www.lfsl.net\/sv\/om-lfsl\/pedagogiskt-projekt\/","og_site_name":"Lyc\u00e9e Fran\u00e7ais Saint Louis de Stockholm","article_publisher":"https:\/\/www.facebook.com\/Lyc%c3%a9e-Francais-Saint-Louis-182116921840529\/","article_modified_time":"2025-01-21T08:38:50+00:00","og_image":[{"url":"https:\/\/www.lfsl.net\/wp-content\/uploads\/2019\/04\/Uppdrag_sv.png","type":"","width":"","height":""}],"twitter_card":"summary_large_image","schema":{"@context":"https:\/\/schema.org","@graph":[{"@type":"WebPage","@id":"https:\/\/www.lfsl.net\/sv\/om-lfsl\/pedagogiskt-projekt\/","url":"https:\/\/www.lfsl.net\/sv\/om-lfsl\/pedagogiskt-projekt\/","name":"Pedagogiskt Projekt &#8211; Lyc\u00e9e Fran\u00e7ais Saint Louis de Stockholm","isPartOf":{"@id":"https:\/\/www.lfsl.net\/sv\/#website"},"primaryImageOfPage":{"@id":"https:\/\/www.lfsl.net\/sv\/om-lfsl\/pedagogiskt-projekt\/#primaryimage"},"image":{"@id":"https:\/\/www.lfsl.net\/sv\/om-lfsl\/pedagogiskt-projekt\/#primaryimage"},"thumbnailUrl":"https:\/\/www.lfsl.net\/wp-content\/uploads\/2019\/04\/Uppdrag_sv.png","datePublished":"2019-03-15T14:24:45+00:00","dateModified":"2025-01-21T08:38:50+00:00","breadcrumb":{"@id":"https:\/\/www.lfsl.net\/sv\/om-lfsl\/pedagogiskt-projekt\/#breadcrumb"},"inLanguage":"sv-SE","potentialAction":[{"@type":"ReadAction","target":["https:\/\/www.lfsl.net\/sv\/om-lfsl\/pedagogiskt-projekt\/"]}]},{"@type":"ImageObject","inLanguage":"sv-SE","@id":"https:\/\/www.lfsl.net\/sv\/om-lfsl\/pedagogiskt-projekt\/#primaryimage","url":"https:\/\/www.lfsl.net\/wp-content\/uploads\/2019\/04\/Uppdrag_sv.png","contentUrl":"https:\/\/www.lfsl.net\/wp-content\/uploads\/2019\/04\/Uppdrag_sv.png"},{"@type":"BreadcrumbList","@id":"https:\/\/www.lfsl.net\/sv\/om-lfsl\/pedagogiskt-projekt\/#breadcrumb","itemListElement":[{"@type":"ListItem","position":1,"name":"Home","item":"https:\/\/www.lfsl.net\/sv\/"},{"@type":"ListItem","position":2,"name":"Om LFSL","item":"https:\/\/www.lfsl.net\/sv\/om-lfsl\/"},{"@type":"ListItem","position":3,"name":"Pedagogiskt Projekt"}]},{"@type":"WebSite","@id":"https:\/\/www.lfsl.net\/sv\/#website","url":"https:\/\/www.lfsl.net\/sv\/","name":"Lyc\u00e9e Fran\u00e7ais Saint Louis de Stockholm","description":"\u00c9tablissement membre du r\u00e9seau AEFE","publisher":{"@id":"https:\/\/www.lfsl.net\/sv\/#organization"},"potentialAction":[{"@type":"SearchAction","target":{"@type":"EntryPoint","urlTemplate":"https:\/\/www.lfsl.net\/sv\/?s={search_term_string}"},"query-input":{"@type":"PropertyValueSpecification","valueRequired":true,"valueName":"search_term_string"}}],"inLanguage":"sv-SE"},{"@type":"Organization","@id":"https:\/\/www.lfsl.net\/sv\/#organization","name":"Lyc\u00e9e Fran\u00e7ais Saint Louis","url":"https:\/\/www.lfsl.net\/sv\/","logo":{"@type":"ImageObject","inLanguage":"sv-SE","@id":"https:\/\/www.lfsl.net\/sv\/#\/schema\/logo\/image\/","url":"https:\/\/www.lfsl.net\/wp-content\/uploads\/2021\/03\/LFSL-logo.jpg","contentUrl":"https:\/\/www.lfsl.net\/wp-content\/uploads\/2021\/03\/LFSL-logo.jpg","width":330,"height":473,"caption":"Lyc\u00e9e Fran\u00e7ais Saint Louis"},"image":{"@id":"https:\/\/www.lfsl.net\/sv\/#\/schema\/logo\/image\/"},"sameAs":["https:\/\/www.facebook.com\/Lyc\u00e9e-Francais-Saint-Louis-182116921840529\/","https:\/\/www.instagram.com\/lyceefrancaisstockholm\/","https:\/\/www.linkedin.com\/school\/lfsl\/","https:\/\/www.youtube.com\/channel\/UCchS4IO4jE_YY0ILwn5NgGQ"]}]}},"_links":{"self":[{"href":"https:\/\/www.lfsl.net\/sv\/wp-json\/wp\/v2\/pages\/2505","targetHints":{"allow":["GET"]}}],"collection":[{"href":"https:\/\/www.lfsl.net\/sv\/wp-json\/wp\/v2\/pages"}],"about":[{"href":"https:\/\/www.lfsl.net\/sv\/wp-json\/wp\/v2\/types\/page"}],"author":[{"embeddable":true,"href":"https:\/\/www.lfsl.net\/sv\/wp-json\/wp\/v2\/users\/1"}],"replies":[{"embeddable":true,"href":"https:\/\/www.lfsl.net\/sv\/wp-json\/wp\/v2\/comments?post=2505"}],"version-history":[{"count":16,"href":"https:\/\/www.lfsl.net\/sv\/wp-json\/wp\/v2\/pages\/2505\/revisions"}],"predecessor-version":[{"id":21280,"href":"https:\/\/www.lfsl.net\/sv\/wp-json\/wp\/v2\/pages\/2505\/revisions\/21280"}],"up":[{"embeddable":true,"href":"https:\/\/www.lfsl.net\/sv\/wp-json\/wp\/v2\/pages\/2509"}],"wp:attachment":[{"href":"https:\/\/www.lfsl.net\/sv\/wp-json\/wp\/v2\/media?parent=2505"}],"curies":[{"name":"wp","href":"https:\/\/api.w.org\/{rel}","templated":true}]}}