{"id":2507,"date":"2019-03-15T14:25:26","date_gmt":"2019-03-15T14:25:26","guid":{"rendered":"http:\/\/lfsl.net.hemsida.eu\/?page_id=2507"},"modified":"2024-08-30T14:00:22","modified_gmt":"2024-08-30T14:00:22","slug":"rektorn-har-ordet","status":"publish","type":"page","link":"https:\/\/www.lfsl.net\/sv\/om-lfsl\/rektorn-har-ordet\/","title":{"rendered":"Rektorn har ordet"},"content":{"rendered":"\n<h3 class=\"wp-block-heading\">Vilken skolstart! N\u00e4r b\u00f6rjan p\u00e5 skolan rimmar med nya saker!<\/h3>\n\n\n\n<p>Under de senaste tre veckorna har teamen p\u00e5 Stiftelsen Lyc\u00e9e Fran\u00e7ais Saint Louis varit engagerade i en andl\u00f6s kappl\u00f6pning f\u00f6r att v\u00e4lkomna v\u00e5ra elever till det nya l\u00e4s\u00e5ret.<\/p>\n\n\n\n<ul class=\"wp-block-list\">\n<li>Mindre \u00e4n tv\u00e5 m\u00e5nader f\u00f6r att organisera ett minuti\u00f6st, lugnt och omsorgsfullt mottagande av mer \u00e4n 750 elever i \u00e5ldrarna 1-18 \u00e5r och av 30 olika nationaliteter, b\u00e5de vad g\u00e4ller logistik, administration, undervisning och utbildning!<\/li>\n\n\n\n<li>Mindre \u00e4n tre m\u00e5nader f\u00f6r att slutf\u00f6ra utbyggnaden av annexet, s\u00e5 att eleverna kan dra nytta av moderniserade studief\u00f6rh\u00e5llanden som \u00e4r anpassade till den studentattityd som vi vill att de ska f\u00f6rv\u00e4rva!<\/li>\n\n\n\n<li>Mindre \u00e4n en vecka f\u00f6r att bed\u00f6ma potentialen hos den nya skolg\u00e5rden f\u00f6r l\u00e5g- och mellanstadieelever, som \u00e4r utformad f\u00f6r att uppmuntra till ett fridfullt samspel, b\u00e5de mellan m\u00e4nniskor och med naturen!<\/li>\n\n\n\n<li>\u00c4nnu mindre tid f\u00f6r att v\u00e4lkomna de 19 nya medarbetarna som tilltr\u00e4dde sina tj\u00e4nster i b\u00f6rjan av det nya l\u00e4s\u00e5ret!<\/li>\n<\/ul>\n\n\n\n<p>Det var ingen brist utmaningar\u2026 S\u00e5 vilken gl\u00e4dje det var att fredagen den 23 augusti se leendena p\u00e5 elevernas ansikten, liksom kramarna och f\u00f6rv\u00e5ningen \u00f6ver deras nya milj\u00f6er. Hela evenemanget var organiserat p\u00e5 ett enkelt men effektivt s\u00e4tt, d\u00e4r eleverna i 6\u00e8me p\u00e5 ett roligt s\u00e4tt fick uppt\u00e4cka hur livet \u00e4r p\u00e5 coll\u00e8ge, med sina v\u00e4nner fr\u00e5n 5\u00e8me som mentorer!<br><br>Rent praktiskt b\u00f6rjade gymnasieeleverna p\u00e5 morgonen: de v\u00e4lkomnades p\u00e5 annexets innerg\u00e5rd och fick m\u00f6jlighet att bes\u00f6ka de nya lokalerna, ta dem i besittning och tillsammans med sina l\u00e4rare lista \u00e5rets utmaningar, innan de f\u00f6r f\u00f6rsta g\u00e5ngen \u00e5t lunch i den matsal som installerats i annexet!<\/p>\n\n\n\n<p>Samtidigt uppt\u00e4ckte l\u00e5g- och mellanstadieeleverna sina l\u00e4rare, klassrum och, f\u00f6r dem som inte varit p\u00e5 Fritids i sommar, den helt nya skolg\u00e5rden: sp\u00e4nningen \u00f6ver att komma till skolg\u00e5rden \u00f6vergick snart till gl\u00e4djen \u00f6ver att tr\u00e4ffas igen och allvaret med att g\u00f6ra i ordning b\u00e4nkarna och all skolmaterial som LFSL st\u00e4llt till f\u00f6rfogande.<br>Under tiden uppt\u00e4ckte h\u00f6gstadieeleverna skolg\u00e5rden, sina klassrum, sina l\u00e4rare och sina scheman, och allt detta satte takten f\u00f6r f\u00f6rmiddagen fram till lunchtid. D\u00e4refter f\u00f6ljde eftermiddagens integrations-aktiviteter f\u00f6r eleverna i 6\u00e8me och 5\u00e8me.<br>En helg beh\u00f6vdes f\u00f6r att \u00e5terh\u00e4mta sig fr\u00e5n alla dessa k\u00e4nslor! Och p\u00e5 m\u00e5ndagsmorgonen var alla p\u00e5 plats f\u00f6r att p\u00e5 allvar inleda det nya l\u00e4s\u00e5ret: det b\u00f6rjar med betydande f\u00f6r\u00e4ndringar n\u00e4r det g\u00e4ller byggnader och personal; det b\u00f6rjar ocks\u00e5 med anpassningar av undervisningens organisation och inneh\u00e5ll, till f\u00f6rm\u00e5n f\u00f6r v\u00e5ra elever och i linje med v\u00e5rt pedagogiska projekt baserat p\u00e5 de svenska stadgarna f\u00f6r Stiftelsen LFSL och det franska utbildningsministeriets godk\u00e4nnande.<\/p>\n\n\n\n<p>\u00c5ret har nu kommit en bra bit p\u00e5 v\u00e4g: h\u00e5ll dig uppdaterad genom att bes\u00f6ka v\u00e5r hemsida och v\u00e5ra sociala n\u00e4tverk!<\/p>\n\n\n\n<p>Denis RAVAILLE<br>Rektor<\/p>\n\n\n\n<p><em>26  augusti, 2024<\/em><\/p>\n","protected":false},"excerpt":{"rendered":"<p>Vilken skolstart! N\u00e4r b\u00f6rjan p\u00e5 skolan rimmar med nya saker! Under de senaste tre veckorna har teamen p\u00e5 Stiftelsen Lyc\u00e9e Fran\u00e7ais Saint Louis varit engagerade i en andl\u00f6s kappl\u00f6pning f\u00f6r att v\u00e4lkomna v\u00e5ra elever till det nya l\u00e4s\u00e5ret. Det var ingen brist utmaningar\u2026 S\u00e5 vilken gl\u00e4dje det var att fredagen den 23 augusti se leendena &#8230; <\/p>\n<p class=\"read-more-container\"><a title=\"Rektorn har ordet\" class=\"read-more button\" href=\"https:\/\/www.lfsl.net\/sv\/om-lfsl\/rektorn-har-ordet\/#more-2507\" aria-label=\"L\u00e4s mer om Rektorn har ordet\">L\u00e4s mer<\/a><\/p>\n","protected":false},"author":1,"featured_media":13630,"parent":2509,"menu_order":0,"comment_status":"closed","ping_status":"closed","template":"","meta":{"footnotes":""},"class_list":["post-2507","page","type-page","status-publish","has-post-thumbnail"],"yoast_head":"<!-- This site is optimized with the Yoast SEO plugin v27.4 - https:\/\/yoast.com\/product\/yoast-seo-wordpress\/ -->\n<title>Rektorn har ordet &#8211; Lyc\u00e9e Fran\u00e7ais Saint Louis de Stockholm<\/title>\n<meta name=\"robots\" content=\"index, follow, max-snippet:-1, max-image-preview:large, max-video-preview:-1\" \/>\n<link rel=\"canonical\" href=\"https:\/\/www.lfsl.net\/sv\/om-lfsl\/rektorn-har-ordet\/\" \/>\n<meta property=\"og:locale\" content=\"sv_SE\" \/>\n<meta property=\"og:type\" content=\"article\" \/>\n<meta property=\"og:title\" content=\"Rektorn har ordet &#8211; Lyc\u00e9e Fran\u00e7ais Saint Louis de Stockholm\" \/>\n<meta property=\"og:description\" content=\"Vilken skolstart! N\u00e4r b\u00f6rjan p\u00e5 skolan rimmar med nya saker! Under de senaste tre veckorna har teamen p\u00e5 Stiftelsen Lyc\u00e9e Fran\u00e7ais Saint Louis varit engagerade i en andl\u00f6s kappl\u00f6pning f\u00f6r att v\u00e4lkomna v\u00e5ra elever till det nya l\u00e4s\u00e5ret. Det var ingen brist utmaningar\u2026 S\u00e5 vilken gl\u00e4dje det var att fredagen den 23 augusti se leendena ... L\u00e4s mer\" \/>\n<meta property=\"og:url\" content=\"https:\/\/www.lfsl.net\/sv\/om-lfsl\/rektorn-har-ordet\/\" \/>\n<meta property=\"og:site_name\" content=\"Lyc\u00e9e Fran\u00e7ais Saint Louis de Stockholm\" \/>\n<meta property=\"article:publisher\" content=\"https:\/\/www.facebook.com\/Lyc%c3%a9e-Francais-Saint-Louis-182116921840529\/\" \/>\n<meta property=\"article:modified_time\" content=\"2024-08-30T14:00:22+00:00\" \/>\n<meta property=\"og:image\" content=\"https:\/\/www.lfsl.net\/wp-content\/uploads\/2022\/01\/AEFE-LFSL_small_crop.jpg\" \/>\n\t<meta property=\"og:image:width\" content=\"505\" \/>\n\t<meta property=\"og:image:height\" content=\"284\" \/>\n\t<meta property=\"og:image:type\" content=\"image\/jpeg\" \/>\n<meta name=\"twitter:card\" content=\"summary_large_image\" \/>\n<script type=\"application\/ld+json\" class=\"yoast-schema-graph\">{\"@context\":\"https:\\\/\\\/schema.org\",\"@graph\":[{\"@type\":\"WebPage\",\"@id\":\"https:\\\/\\\/www.lfsl.net\\\/sv\\\/om-lfsl\\\/rektorn-har-ordet\\\/\",\"url\":\"https:\\\/\\\/www.lfsl.net\\\/sv\\\/om-lfsl\\\/rektorn-har-ordet\\\/\",\"name\":\"Rektorn har ordet &#8211; Lyc\u00e9e Fran\u00e7ais Saint Louis de Stockholm\",\"isPartOf\":{\"@id\":\"https:\\\/\\\/www.lfsl.net\\\/sv\\\/#website\"},\"primaryImageOfPage\":{\"@id\":\"https:\\\/\\\/www.lfsl.net\\\/sv\\\/om-lfsl\\\/rektorn-har-ordet\\\/#primaryimage\"},\"image\":{\"@id\":\"https:\\\/\\\/www.lfsl.net\\\/sv\\\/om-lfsl\\\/rektorn-har-ordet\\\/#primaryimage\"},\"thumbnailUrl\":\"https:\\\/\\\/www.lfsl.net\\\/wp-content\\\/uploads\\\/2022\\\/01\\\/AEFE-LFSL_small_crop.jpg\",\"datePublished\":\"2019-03-15T14:25:26+00:00\",\"dateModified\":\"2024-08-30T14:00:22+00:00\",\"breadcrumb\":{\"@id\":\"https:\\\/\\\/www.lfsl.net\\\/sv\\\/om-lfsl\\\/rektorn-har-ordet\\\/#breadcrumb\"},\"inLanguage\":\"sv-SE\",\"potentialAction\":[{\"@type\":\"ReadAction\",\"target\":[\"https:\\\/\\\/www.lfsl.net\\\/sv\\\/om-lfsl\\\/rektorn-har-ordet\\\/\"]}]},{\"@type\":\"ImageObject\",\"inLanguage\":\"sv-SE\",\"@id\":\"https:\\\/\\\/www.lfsl.net\\\/sv\\\/om-lfsl\\\/rektorn-har-ordet\\\/#primaryimage\",\"url\":\"https:\\\/\\\/www.lfsl.net\\\/wp-content\\\/uploads\\\/2022\\\/01\\\/AEFE-LFSL_small_crop.jpg\",\"contentUrl\":\"https:\\\/\\\/www.lfsl.net\\\/wp-content\\\/uploads\\\/2022\\\/01\\\/AEFE-LFSL_small_crop.jpg\",\"width\":505,\"height\":284},{\"@type\":\"BreadcrumbList\",\"@id\":\"https:\\\/\\\/www.lfsl.net\\\/sv\\\/om-lfsl\\\/rektorn-har-ordet\\\/#breadcrumb\",\"itemListElement\":[{\"@type\":\"ListItem\",\"position\":1,\"name\":\"Home\",\"item\":\"https:\\\/\\\/www.lfsl.net\\\/sv\\\/\"},{\"@type\":\"ListItem\",\"position\":2,\"name\":\"Om LFSL\",\"item\":\"https:\\\/\\\/www.lfsl.net\\\/sv\\\/om-lfsl\\\/\"},{\"@type\":\"ListItem\",\"position\":3,\"name\":\"Rektorn har ordet\"}]},{\"@type\":\"WebSite\",\"@id\":\"https:\\\/\\\/www.lfsl.net\\\/sv\\\/#website\",\"url\":\"https:\\\/\\\/www.lfsl.net\\\/sv\\\/\",\"name\":\"Lyc\u00e9e Fran\u00e7ais Saint Louis de Stockholm\",\"description\":\"\u00c9tablissement membre du r\u00e9seau AEFE\",\"publisher\":{\"@id\":\"https:\\\/\\\/www.lfsl.net\\\/sv\\\/#organization\"},\"potentialAction\":[{\"@type\":\"SearchAction\",\"target\":{\"@type\":\"EntryPoint\",\"urlTemplate\":\"https:\\\/\\\/www.lfsl.net\\\/sv\\\/?s={search_term_string}\"},\"query-input\":{\"@type\":\"PropertyValueSpecification\",\"valueRequired\":true,\"valueName\":\"search_term_string\"}}],\"inLanguage\":\"sv-SE\"},{\"@type\":\"Organization\",\"@id\":\"https:\\\/\\\/www.lfsl.net\\\/sv\\\/#organization\",\"name\":\"Lyc\u00e9e Fran\u00e7ais Saint Louis\",\"url\":\"https:\\\/\\\/www.lfsl.net\\\/sv\\\/\",\"logo\":{\"@type\":\"ImageObject\",\"inLanguage\":\"sv-SE\",\"@id\":\"https:\\\/\\\/www.lfsl.net\\\/sv\\\/#\\\/schema\\\/logo\\\/image\\\/\",\"url\":\"https:\\\/\\\/www.lfsl.net\\\/wp-content\\\/uploads\\\/2021\\\/03\\\/LFSL-logo.jpg\",\"contentUrl\":\"https:\\\/\\\/www.lfsl.net\\\/wp-content\\\/uploads\\\/2021\\\/03\\\/LFSL-logo.jpg\",\"width\":330,\"height\":473,\"caption\":\"Lyc\u00e9e Fran\u00e7ais Saint Louis\"},\"image\":{\"@id\":\"https:\\\/\\\/www.lfsl.net\\\/sv\\\/#\\\/schema\\\/logo\\\/image\\\/\"},\"sameAs\":[\"https:\\\/\\\/www.facebook.com\\\/Lyc\u00e9e-Francais-Saint-Louis-182116921840529\\\/\",\"https:\\\/\\\/www.instagram.com\\\/lyceefrancaisstockholm\\\/\",\"https:\\\/\\\/www.linkedin.com\\\/school\\\/lfsl\\\/\",\"https:\\\/\\\/www.youtube.com\\\/channel\\\/UCchS4IO4jE_YY0ILwn5NgGQ\"]}]}<\/script>\n<!-- \/ Yoast SEO plugin. -->","yoast_head_json":{"title":"Rektorn har ordet &#8211; Lyc\u00e9e Fran\u00e7ais Saint Louis de Stockholm","robots":{"index":"index","follow":"follow","max-snippet":"max-snippet:-1","max-image-preview":"max-image-preview:large","max-video-preview":"max-video-preview:-1"},"canonical":"https:\/\/www.lfsl.net\/sv\/om-lfsl\/rektorn-har-ordet\/","og_locale":"sv_SE","og_type":"article","og_title":"Rektorn har ordet &#8211; Lyc\u00e9e Fran\u00e7ais Saint Louis de Stockholm","og_description":"Vilken skolstart! N\u00e4r b\u00f6rjan p\u00e5 skolan rimmar med nya saker! Under de senaste tre veckorna har teamen p\u00e5 Stiftelsen Lyc\u00e9e Fran\u00e7ais Saint Louis varit engagerade i en andl\u00f6s kappl\u00f6pning f\u00f6r att v\u00e4lkomna v\u00e5ra elever till det nya l\u00e4s\u00e5ret. Det var ingen brist utmaningar\u2026 S\u00e5 vilken gl\u00e4dje det var att fredagen den 23 augusti se leendena ... L\u00e4s mer","og_url":"https:\/\/www.lfsl.net\/sv\/om-lfsl\/rektorn-har-ordet\/","og_site_name":"Lyc\u00e9e Fran\u00e7ais Saint Louis de Stockholm","article_publisher":"https:\/\/www.facebook.com\/Lyc%c3%a9e-Francais-Saint-Louis-182116921840529\/","article_modified_time":"2024-08-30T14:00:22+00:00","og_image":[{"width":505,"height":284,"url":"https:\/\/www.lfsl.net\/wp-content\/uploads\/2022\/01\/AEFE-LFSL_small_crop.jpg","type":"image\/jpeg"}],"twitter_card":"summary_large_image","schema":{"@context":"https:\/\/schema.org","@graph":[{"@type":"WebPage","@id":"https:\/\/www.lfsl.net\/sv\/om-lfsl\/rektorn-har-ordet\/","url":"https:\/\/www.lfsl.net\/sv\/om-lfsl\/rektorn-har-ordet\/","name":"Rektorn har ordet &#8211; Lyc\u00e9e Fran\u00e7ais Saint Louis de Stockholm","isPartOf":{"@id":"https:\/\/www.lfsl.net\/sv\/#website"},"primaryImageOfPage":{"@id":"https:\/\/www.lfsl.net\/sv\/om-lfsl\/rektorn-har-ordet\/#primaryimage"},"image":{"@id":"https:\/\/www.lfsl.net\/sv\/om-lfsl\/rektorn-har-ordet\/#primaryimage"},"thumbnailUrl":"https:\/\/www.lfsl.net\/wp-content\/uploads\/2022\/01\/AEFE-LFSL_small_crop.jpg","datePublished":"2019-03-15T14:25:26+00:00","dateModified":"2024-08-30T14:00:22+00:00","breadcrumb":{"@id":"https:\/\/www.lfsl.net\/sv\/om-lfsl\/rektorn-har-ordet\/#breadcrumb"},"inLanguage":"sv-SE","potentialAction":[{"@type":"ReadAction","target":["https:\/\/www.lfsl.net\/sv\/om-lfsl\/rektorn-har-ordet\/"]}]},{"@type":"ImageObject","inLanguage":"sv-SE","@id":"https:\/\/www.lfsl.net\/sv\/om-lfsl\/rektorn-har-ordet\/#primaryimage","url":"https:\/\/www.lfsl.net\/wp-content\/uploads\/2022\/01\/AEFE-LFSL_small_crop.jpg","contentUrl":"https:\/\/www.lfsl.net\/wp-content\/uploads\/2022\/01\/AEFE-LFSL_small_crop.jpg","width":505,"height":284},{"@type":"BreadcrumbList","@id":"https:\/\/www.lfsl.net\/sv\/om-lfsl\/rektorn-har-ordet\/#breadcrumb","itemListElement":[{"@type":"ListItem","position":1,"name":"Home","item":"https:\/\/www.lfsl.net\/sv\/"},{"@type":"ListItem","position":2,"name":"Om LFSL","item":"https:\/\/www.lfsl.net\/sv\/om-lfsl\/"},{"@type":"ListItem","position":3,"name":"Rektorn har ordet"}]},{"@type":"WebSite","@id":"https:\/\/www.lfsl.net\/sv\/#website","url":"https:\/\/www.lfsl.net\/sv\/","name":"Lyc\u00e9e Fran\u00e7ais Saint Louis de Stockholm","description":"\u00c9tablissement membre du r\u00e9seau AEFE","publisher":{"@id":"https:\/\/www.lfsl.net\/sv\/#organization"},"potentialAction":[{"@type":"SearchAction","target":{"@type":"EntryPoint","urlTemplate":"https:\/\/www.lfsl.net\/sv\/?s={search_term_string}"},"query-input":{"@type":"PropertyValueSpecification","valueRequired":true,"valueName":"search_term_string"}}],"inLanguage":"sv-SE"},{"@type":"Organization","@id":"https:\/\/www.lfsl.net\/sv\/#organization","name":"Lyc\u00e9e Fran\u00e7ais Saint Louis","url":"https:\/\/www.lfsl.net\/sv\/","logo":{"@type":"ImageObject","inLanguage":"sv-SE","@id":"https:\/\/www.lfsl.net\/sv\/#\/schema\/logo\/image\/","url":"https:\/\/www.lfsl.net\/wp-content\/uploads\/2021\/03\/LFSL-logo.jpg","contentUrl":"https:\/\/www.lfsl.net\/wp-content\/uploads\/2021\/03\/LFSL-logo.jpg","width":330,"height":473,"caption":"Lyc\u00e9e Fran\u00e7ais Saint Louis"},"image":{"@id":"https:\/\/www.lfsl.net\/sv\/#\/schema\/logo\/image\/"},"sameAs":["https:\/\/www.facebook.com\/Lyc\u00e9e-Francais-Saint-Louis-182116921840529\/","https:\/\/www.instagram.com\/lyceefrancaisstockholm\/","https:\/\/www.linkedin.com\/school\/lfsl\/","https:\/\/www.youtube.com\/channel\/UCchS4IO4jE_YY0ILwn5NgGQ"]}]}},"_links":{"self":[{"href":"https:\/\/www.lfsl.net\/sv\/wp-json\/wp\/v2\/pages\/2507","targetHints":{"allow":["GET"]}}],"collection":[{"href":"https:\/\/www.lfsl.net\/sv\/wp-json\/wp\/v2\/pages"}],"about":[{"href":"https:\/\/www.lfsl.net\/sv\/wp-json\/wp\/v2\/types\/page"}],"author":[{"embeddable":true,"href":"https:\/\/www.lfsl.net\/sv\/wp-json\/wp\/v2\/users\/1"}],"replies":[{"embeddable":true,"href":"https:\/\/www.lfsl.net\/sv\/wp-json\/wp\/v2\/comments?post=2507"}],"version-history":[{"count":28,"href":"https:\/\/www.lfsl.net\/sv\/wp-json\/wp\/v2\/pages\/2507\/revisions"}],"predecessor-version":[{"id":20495,"href":"https:\/\/www.lfsl.net\/sv\/wp-json\/wp\/v2\/pages\/2507\/revisions\/20495"}],"up":[{"embeddable":true,"href":"https:\/\/www.lfsl.net\/sv\/wp-json\/wp\/v2\/pages\/2509"}],"wp:featuredmedia":[{"embeddable":true,"href":"https:\/\/www.lfsl.net\/sv\/wp-json\/wp\/v2\/media\/13630"}],"wp:attachment":[{"href":"https:\/\/www.lfsl.net\/sv\/wp-json\/wp\/v2\/media?parent=2507"}],"curies":[{"name":"wp","href":"https:\/\/api.w.org\/{rel}","templated":true}]}}