{"id":2514,"date":"2019-03-15T14:27:09","date_gmt":"2019-03-15T14:27:09","guid":{"rendered":"http:\/\/lfsl.net.hemsida.eu\/?page_id=2514"},"modified":"2020-08-26T14:16:19","modified_gmt":"2020-08-26T14:16:19","slug":"gdpr","status":"publish","type":"page","link":"https:\/\/www.lfsl.net\/sv\/om-lfsl\/gdpr\/","title":{"rendered":"GDPR"},"content":{"rendered":"\n<div class=\"wp-block-media-text alignwide\"><figure class=\"wp-block-media-text__media\"><img loading=\"lazy\" decoding=\"async\" width=\"1024\" height=\"681\" src=\"https:\/\/www.lfsl.net\/wp-content\/uploads\/2019\/03\/GDPR_1160-1024x681.jpg\" alt=\"\" class=\"wp-image-2414\" srcset=\"https:\/\/www.lfsl.net\/wp-content\/uploads\/2019\/03\/GDPR_1160-1024x681.jpg 1024w, https:\/\/www.lfsl.net\/wp-content\/uploads\/2019\/03\/GDPR_1160-300x199.jpg 300w, https:\/\/www.lfsl.net\/wp-content\/uploads\/2019\/03\/GDPR_1160-768x510.jpg 768w, https:\/\/www.lfsl.net\/wp-content\/uploads\/2019\/03\/GDPR_1160.jpg 1160w\" sizes=\"auto, (max-width: 1024px) 100vw, 1024px\" \/><\/figure><div class=\"wp-block-media-text__content\">\n<p><br><\/p>\n\n\n\n<p><strong>F\u00f6r att kunna utf\u00f6ra sina undervisningsuppdrag behandlar LFSL (personuppgiftsansvarig) ett brett urval av personuppgifter f\u00f6r elever och deras f\u00f6r\u00e4ldrar eller v\u00e5rdnadshavare.<\/strong><br><strong><br>Dessa uppgifter samlas in antingen vid inskrivningen av eleverna eller under skolg\u00e5ngen.<\/strong><\/p>\n\n\n\n<p><strong><br><\/strong><br><\/p>\n<\/div><\/div>\n\n\n<h3>INTEGRITETSF\u00d6RORDNING<\/h3>\n<p>SYFTET MED DENNA F\u00d6RORDNING<\/p>\n<p>Denna integritetsf\u00f6rordning utg\u00f6r GDPR-f\u00f6rordningen om genomf\u00f6randet av Europaparlamentets och r\u00e5dets f\u00f6rordning (EU) 2016\/679 om skydd f\u00f6r fysiska personer med avseende p\u00e5 behandling av personuppgifter och om det fria fl\u00f6det av s\u00e5dana uppgifter. Den \u00e4r begr\u00e4nsad till till\u00e4mpningsomr\u00e5det f\u00f6r GDPR.<br \/>Syftet med denna f\u00f6rordning \u00e4r att beskriva vilka personuppgifter som kan samlas in av LFSL, oavsett anv\u00e4ndning, och vilka r\u00e4ttigheter anv\u00e4ndaren har g\u00e4llande sina egna personuppgifter.<\/p>\n<p>DEN PERSONUPPGIFTSANSVARIGES IDENTITET:<\/p>\n<p>Uppgifterna samlas in av:<\/p>\n<p>Stiftelsen Lyc\u00e9e Fran\u00e7ais Saint Louis i Stockholm<br \/>Organisationsnummer: 902004-1852<br \/>Essingestr\u00e5ket 24\/112 66 Stockholm<\/p>\n<p>F\u00d6RORDNINGENS REFERENSER<\/p>\n<p>Referens:\u00a0Europaparlamentets och r\u00e5dets f\u00f6rordning (EU) 2016\/679 av den 27 april 2016 om skydd f\u00f6r fysiska personer med avseende p\u00e5 behandling av personuppgifter och om det fria fl\u00f6det av s\u00e5dana uppgifter (kallad GDPR).<br \/>p\u00e5 engelska: General Data Protection Regulation, GDPR<\/p>\n<h3>VARF\u00d6R GDPR?<\/h3>\n<p>Denna nya EU-f\u00f6rordning utg\u00e5r fr\u00e5n f\u00f6ljande iakttagelser:<br \/>Den r\u00e4ttsliga ramen har blivit otillr\u00e4cklig f\u00f6r dagens digitala milj\u00f6.<br \/>Nuvarande skydd \u00e4r f\u00f6r utspridda och inte anpassade.<\/p>\n<p>Denna nya f\u00f6rordning syftar till att:<\/p>\n<p>B\u00e4ttre \u00f6vervaka det fria fl\u00f6det av uppgifter och bevara respekten f\u00f6r privatlivet.<br \/>G\u00f6ra det m\u00f6jligt f\u00f6r alla att bli \u00e4gare till sina uppgifter och \u00f6vervaka dessa.<br \/>Harmonisera i stor skala, f\u00f6r st\u00f6rre enhetlighet och organisation.<\/p>\n<h3>HUR BER\u00d6RS VI?<\/h3>\n<p>P\u00c5MINNELSE OM LFSL:S UPPDRAG<\/p>\n<p>Lyc\u00e9e Fran\u00e7ais St Louis \u2013 som kallas INTERNATIONELLA SKOLAN av svenska staten \u2013 best\u00e5r av grundskola fr\u00e5n f\u00f6rskoleklass upp till h\u00f6gstadium och gymnasium.<br \/>Den undervisning som ges \u00e4r i linje med alla de franska etableringar av AEFE-n\u00e4tverket, dvs. undervisning p\u00e5 franska enligt de kurs- och timplaner samt direktiv som det franska utbildningsdepartementet har fastst\u00e4llt.<br \/>Undervisningen f\u00f6rbereder till:<br \/>\u2013 nationellt Brevet-diplom \u2013 slutprov 3:e \u00e5ret p\u00e5 gymnasiet<br \/>\u2013 Baccalaur\u00e9at, studentexamen i allm\u00e4n utbildning \u2013 delarna L, ES och S.<br \/>\u2013 svensk OIB, studentexamen som tas efter avslutade studier.<br \/>Elever med svenska som modersm\u00e5l har ocks\u00e5 m\u00f6jlighet att avsluta sina gymnasiestudier med en svensk studentexamen:<\/p>\n<h3>LFSL och GDPR\u00a0<\/h3>\n<p>F\u00f6r att kunna utf\u00f6ra sina undervisningsuppdrag behandlar LFSL (personuppgiftsansvarig) ett brett urval av personuppgifter f\u00f6r elever och deras f\u00f6r\u00e4ldrar eller v\u00e5rdnadshavare.<br \/>Dessa uppgifter samlas in antingen vid inskrivningen av eleverna eller under skolg\u00e5ngen.<br \/>Dessa personuppgifter kan omfatta (ej utt\u00f6mmande lista) efternamn, f\u00f6rnamn, adress, telefonnummer, bankuppgifter, skolbetyg, disciplindokument, antagningsbesked, n\u00e4rvarointyg, referenser, examensintyg och anteckningar.<\/p>\n<p>I enlighet med g\u00e4llande f\u00f6rordning \u00e4r LFSL (personuppgiftsansvarig) skyldig att behandla de personuppgifter som har samlats in p\u00e5 ett r\u00e4ttvist och \u00f6ppet s\u00e4tt, skydda dem, minimera omfattningen till det mest v\u00e4sentliga och begr\u00e4nsa bevarandet (i enlighet med den r\u00e4ttsliga ramen) samt informera anv\u00e4ndaren i h\u00e4ndelse av dataintr\u00e5ng eller personuppgiftsbrott.<\/p>\n<h3>LFSL:S SKYLDIGHETER\u00a0<\/h3>\n<p>UTN\u00c4MNING AV EN PERSONUPPGIFTSANSVARIG<\/p>\n<p>Personuppgifterna behandlas i enlighet med f\u00f6rordningen g\u00e4llande personuppgiftsskydd. LFSL har en personuppgiftsansvarig som har utsetts av LFSL och registrerats hos Datainspektionen:<br \/>Den senares uppdrag \u00e4r att informera och s\u00e4kerst\u00e4lla genomf\u00f6randet och efterlevnaden av den nya f\u00f6rordningen inom institutionen. Varje beg\u00e4ran om information, tillg\u00e5ng till personuppgifter, r\u00e4ttelse eller radering, ska vara f\u00f6rem\u00e5l f\u00f6r en skrivelse undertecknad av den s\u00f6kande, som s\u00e4nds genom skriftligt meddelande till:<br \/>Personuppgiftsansvarig<br \/>LFSL<br \/>Essingestr\u00e5ket 24<br \/>112 66 Stockholm<br \/>eller per e-post till\u00a0dso@lfsl.net. Personuppgiftsansvarig ska skriftligen eller elektroniskt bekr\u00e4fta mottagandet av ans\u00f6kan inom \u00e5tta dagar fr\u00e5n det att ans\u00f6kan har mottagits.<br \/>REGISTER \u00d6VER BEHANDLINGAR<br \/>LFSL har ett register \u00f6ver behandlingar som har inf\u00f6rts av GDPR (artikel 30 i GDPR) som dokumenterar de behandlingar som anv\u00e4nds och vilken typ av personuppgifter som anv\u00e4nds:<\/p>\n<h3>V\u00c5RA SKYLDIGHETER OCH DINA R\u00c4TTIGHETER VAD G\u00c4LLER DENNA NYA F\u00d6RORDNING\u00a0<\/h3>\n<p>LFSL \u00e5tar sig att inr\u00e4tta den nya f\u00f6rordningen om skydd av personuppgifter och deras fria r\u00f6rlighet, i enlighet med Europaparlamentets och r\u00e5dets f\u00f6rordning (EU) 2016\/679 av den 27 april 2016.<br \/>Alla f\u00f6r\u00e4ldrar till elever, elever eller tidigare elever f\u00f6rblir \u00e4gare av sina personuppgifter. LFSL har inte fri f\u00f6rfogander\u00e4tt \u00f6ver dem.<br \/>Alla uppgifter om f\u00f6r\u00e4ldrar till elever, elever och tidigare elever samlas in direkt fr\u00e5n LFSL.<br \/>Skolans insamling av elevernas personuppgifter motiveras av behovet av att verkst\u00e4lla elevernas inskrivningar, s\u00e4kerst\u00e4lla b\u00e4sta m\u00f6jliga kvalitet p\u00e5 servicen till elever och tidigare elever, ge b\u00e4sta uppf\u00f6ljning av elevernas skolg\u00e5ng och vid behov genomf\u00f6ra de unders\u00f6kningar som kr\u00e4vs av ministeriet f\u00f6r h\u00f6gre utbildning och forskning och tillsynsmyndigheter.<br \/>De insamlade uppgifterna \u00e4r avsedda f\u00f6r LFSL:s personal som har beh\u00f6righet att behandla dessa uppgifter inom ramen f\u00f6r uppdraget (professorer, l\u00e4rare, utbildnings- och h\u00e4lsopersonal) samt f\u00f6r administration, redovisning och information (administrativ personal, IT-ansvarig).<br \/>De insamlade uppgifterna kan kommuniceras till tredje parter (underentrepren\u00f6rer) som \u00e4r anslutna till LFSL genom avtal f\u00f6r utf\u00f6rande av uppgifter som \u00e4r n\u00f6dv\u00e4ndiga f\u00f6r att genomf\u00f6ra administrativa uppgifter. (Inkassering, l\u00f6n)<\/p>\n<p>I h\u00e4ndelse av v\u00e4gran att tillhandah\u00e5lla alla eller delar av sina personuppgifter som \u00e4r n\u00f6dv\u00e4ndiga f\u00f6r inskrivningen av eleven och uppf\u00f6ljningen av skolg\u00e5ngen informerar LFSL f\u00f6r\u00e4ldrarna till eleven om att inskrivningen inte \u00e4r m\u00f6jlig. Detsamma g\u00e4ller f\u00f6r tidigare elever ang\u00e5ende skolans tillhandah\u00e5llande av tj\u00e4nster.<br \/>Uppgifter fr\u00e5n elevers f\u00f6r\u00e4ldrar, elever och tidigare elever p\u00e5 LFSL behandlas \u00f6ppet, konfidentiellt och s\u00e4kert. LFSL \u00e5tar sig att se till att anv\u00e4ndningen av personuppgifter som tillhandah\u00e5lls av en elevs f\u00f6r\u00e4lder, en elev eller en tidigare elev under skolg\u00e5ngen uteslutande \u00e4r avsedd f\u00f6r uppf\u00f6ljning av skolg\u00e5ngen, statistisk behandling och yrkesv\u00e4gledning. Denna uppf\u00f6ljning omfattar \u00f6verf\u00f6ring av uppgifter om eleven till akademiska tillsynsorgan eller akademiska partner.<br \/>I h\u00e4ndelse av att statistiska behandlingar utf\u00f6rs av skolan anonymiseras uppgifterna och \u00f6verf\u00f6rs som s\u00e5dana. F\u00f6r detta \u00e4ndam\u00e5l garanterar skolan att det inte \u00e4r m\u00f6jligt f\u00f6r mottagaren att g\u00e5 tillbaka till k\u00e4llan till uppgifterna. Ingen kostnadsfri tilldelning eller tilldelning mot ers\u00e4ttning av personuppgifter g\u00f6rs av skolan till tredje part.<br \/>LFSL registrerar och informerar alla f\u00f6r\u00e4ldrar till eleverna om de uppgifter och den information som ber\u00f6r dem.<br \/>LFSL \u00e5tar sig att till\u00e4mpa \u201dr\u00e4tten att bli bortgl\u00f6md\u201d och \u201dr\u00e4tten till r\u00e4ttelse\u201d f\u00f6r alla f\u00f6r\u00e4ldrar till elever eller tidigare elever som \u00f6nskar det och ge dem tillg\u00e5ng till den information som innehas av skolan och som ber\u00f6r dem. Skolan ska underr\u00e4tta eleven om r\u00e4ttelse eller radering av uppgifterna per post eller e-post, s\u00e5vida inte en s\u00e5dan r\u00e4ttelse eller radering visar sig vara om\u00f6jlig eller kr\u00e4ver oproportionerliga anstr\u00e4ngningar fr\u00e5n skolans sida (artikel 19 i f\u00f6rordning 2016\/619). Den information som l\u00e4mnas av skolan m\u00e5ste vara i ett l\u00e4sbart format som \u00e4r tillg\u00e4ngligt f\u00f6r den ber\u00f6rda s\u00f6kanden.<\/p>\n<p>LFSL \u00e5tar sig att anv\u00e4nda n\u00f6dv\u00e4ndiga medel f\u00f6r att skydda personuppgifterna, i synnerhet f\u00f6r att f\u00f6rhindra att de f\u00f6rvanskas, skadas eller kommuniceras till obeh\u00f6riga tredje parter.<\/p>\n<p>UTVECKLING AV NUVARANDE F\u00d6RORDNING:<\/p>\n<p>Vi f\u00f6rbeh\u00e5ller oss r\u00e4tten att n\u00e4r som helst \u00e4ndra och modifiera den nuvarande f\u00f6rordningen p\u00e5 grundval av \u00e4ndringar i lagstiftningen. Det \u00e4r d\u00e4rf\u00f6r tillr\u00e5dligt f\u00f6r anv\u00e4ndare att regelbundet konsultera f\u00f6rordningen f\u00f6r att l\u00e4sa den senaste till\u00e4mpliga versionen.<\/p>\n<h3>DEFINITIONER:<\/h3>\n<p>personuppgifter: all information som avser en identifierad eller identifierbar fysisk person (nedan kallad \u201dden ber\u00f6rda personen\u201d), betraktas som en \u201didentifierbar fysisk person\u201d, en fysisk person som kan identifieras, direkt eller indirekt, i synnerhet genom h\u00e4nvisning till en identifierare, s\u00e5som namn, identifieringsnummer, lokaliseringsuppgifter, n\u00e4tidentifierare eller en eller flera specifika delar av personens fysiska, fysiologiska, genetiska, psykiska, ekonomiska, kulturella eller sociala identitet.<\/p>\n<p>behandling: varje \u00e5tg\u00e4rd eller alla \u00e5tg\u00e4rder som har utf\u00f6rts eller inte med hj\u00e4lp av automatiserade processer och som till\u00e4mpas p\u00e5 uppgifter eller upps\u00e4ttningar av personuppgifter, s\u00e5som insamling, registrering, organisation, strukturering, bevarande, anpassning eller modifiering, extrahering, konsultation, anv\u00e4ndning, kommunikation via \u00f6verf\u00f6ring, spridning eller annan form av tillhandah\u00e5llande, tilln\u00e4rmning eller samordning, begr\u00e4nsning, radering eller f\u00f6rst\u00f6ring.<\/p>\n<p>personuppgiftsansvarig:fysisk eller juridisk person, offentlig myndighet, tj\u00e4nst eller annat organ som, ensamt eller tillsammans med andra, best\u00e4mmer \u00e4ndam\u00e5len och medlen f\u00f6r behandlingen. N\u00e4r \u00e4ndam\u00e5len och medlen f\u00f6r en s\u00e5dan behandling fastst\u00e4lls i unionsr\u00e4tten eller i en medlemsstats nationella r\u00e4tt kan en personuppgiftsansvarig utses eller de specifika kriterier som \u00e4r till\u00e4mpliga p\u00e5 dess utn\u00e4mning fastst\u00e4llas i unionsr\u00e4tten eller i en medlemsstats nationella r\u00e4tt.<\/p>\n<p>underentrepren\u00f6r: fysisk eller juridisk person, offentlig myndighet, tj\u00e4nst eller annat organ som behandlar personuppgifter f\u00f6r den personuppgiftsansvariges r\u00e4kning.<\/p>","protected":false},"excerpt":{"rendered":"<p>F\u00f6r att kunna utf\u00f6ra sina undervisningsuppdrag behandlar LFSL (personuppgiftsansvarig) ett brett urval av personuppgifter f\u00f6r elever och deras f\u00f6r\u00e4ldrar eller v\u00e5rdnadshavare.Dessa uppgifter samlas in antingen vid inskrivningen av eleverna eller under skolg\u00e5ngen. INTEGRITETSF\u00d6RORDNING SYFTET MED DENNA F\u00d6RORDNING Denna integritetsf\u00f6rordning utg\u00f6r GDPR-f\u00f6rordningen om genomf\u00f6randet av Europaparlamentets och r\u00e5dets f\u00f6rordning (EU) 2016\/679 om skydd f\u00f6r fysiska personer &#8230; <\/p>\n<p class=\"read-more-container\"><a title=\"GDPR\" class=\"read-more button\" href=\"https:\/\/www.lfsl.net\/sv\/om-lfsl\/gdpr\/#more-2514\" aria-label=\"L\u00e4s mer om GDPR\">L\u00e4s mer<\/a><\/p>\n","protected":false},"author":1,"featured_media":0,"parent":2509,"menu_order":0,"comment_status":"closed","ping_status":"closed","template":"","meta":{"footnotes":""},"class_list":["post-2514","page","type-page","status-publish"],"yoast_head":"<!-- This site is optimized with the Yoast SEO plugin v27.4 - https:\/\/yoast.com\/product\/yoast-seo-wordpress\/ -->\n<title>GDPR &#8211; Lyc\u00e9e Fran\u00e7ais Saint Louis de Stockholm<\/title>\n<meta name=\"robots\" content=\"index, follow, max-snippet:-1, max-image-preview:large, max-video-preview:-1\" \/>\n<link rel=\"canonical\" href=\"https:\/\/www.lfsl.net\/sv\/om-lfsl\/gdpr\/\" \/>\n<meta property=\"og:locale\" content=\"sv_SE\" \/>\n<meta property=\"og:type\" content=\"article\" \/>\n<meta property=\"og:title\" content=\"GDPR &#8211; Lyc\u00e9e Fran\u00e7ais Saint Louis de Stockholm\" \/>\n<meta property=\"og:description\" content=\"F\u00f6r att kunna utf\u00f6ra sina undervisningsuppdrag behandlar LFSL (personuppgiftsansvarig) ett brett urval av personuppgifter f\u00f6r elever och deras f\u00f6r\u00e4ldrar eller v\u00e5rdnadshavare.Dessa uppgifter samlas in antingen vid inskrivningen av eleverna eller under skolg\u00e5ngen. INTEGRITETSF\u00d6RORDNING SYFTET MED DENNA F\u00d6RORDNING Denna integritetsf\u00f6rordning utg\u00f6r GDPR-f\u00f6rordningen om genomf\u00f6randet av Europaparlamentets och r\u00e5dets f\u00f6rordning (EU) 2016\/679 om skydd f\u00f6r fysiska personer ... L\u00e4s mer\" \/>\n<meta property=\"og:url\" content=\"https:\/\/www.lfsl.net\/sv\/om-lfsl\/gdpr\/\" \/>\n<meta property=\"og:site_name\" content=\"Lyc\u00e9e Fran\u00e7ais Saint Louis de Stockholm\" \/>\n<meta property=\"article:publisher\" content=\"https:\/\/www.facebook.com\/Lyc%c3%a9e-Francais-Saint-Louis-182116921840529\/\" \/>\n<meta property=\"article:modified_time\" content=\"2020-08-26T14:16:19+00:00\" \/>\n<meta property=\"og:image\" content=\"https:\/\/www.lfsl.net\/wp-content\/uploads\/2019\/03\/GDPR_1160-1024x681.jpg\" \/>\n<meta name=\"twitter:card\" content=\"summary_large_image\" \/>\n<script type=\"application\/ld+json\" class=\"yoast-schema-graph\">{\"@context\":\"https:\\\/\\\/schema.org\",\"@graph\":[{\"@type\":\"WebPage\",\"@id\":\"https:\\\/\\\/www.lfsl.net\\\/sv\\\/om-lfsl\\\/gdpr\\\/\",\"url\":\"https:\\\/\\\/www.lfsl.net\\\/sv\\\/om-lfsl\\\/gdpr\\\/\",\"name\":\"GDPR &#8211; Lyc\u00e9e Fran\u00e7ais Saint Louis de Stockholm\",\"isPartOf\":{\"@id\":\"https:\\\/\\\/www.lfsl.net\\\/sv\\\/#website\"},\"primaryImageOfPage\":{\"@id\":\"https:\\\/\\\/www.lfsl.net\\\/sv\\\/om-lfsl\\\/gdpr\\\/#primaryimage\"},\"image\":{\"@id\":\"https:\\\/\\\/www.lfsl.net\\\/sv\\\/om-lfsl\\\/gdpr\\\/#primaryimage\"},\"thumbnailUrl\":\"https:\\\/\\\/www.lfsl.net\\\/wp-content\\\/uploads\\\/2019\\\/03\\\/GDPR_1160-1024x681.jpg\",\"datePublished\":\"2019-03-15T14:27:09+00:00\",\"dateModified\":\"2020-08-26T14:16:19+00:00\",\"breadcrumb\":{\"@id\":\"https:\\\/\\\/www.lfsl.net\\\/sv\\\/om-lfsl\\\/gdpr\\\/#breadcrumb\"},\"inLanguage\":\"sv-SE\",\"potentialAction\":[{\"@type\":\"ReadAction\",\"target\":[\"https:\\\/\\\/www.lfsl.net\\\/sv\\\/om-lfsl\\\/gdpr\\\/\"]}]},{\"@type\":\"ImageObject\",\"inLanguage\":\"sv-SE\",\"@id\":\"https:\\\/\\\/www.lfsl.net\\\/sv\\\/om-lfsl\\\/gdpr\\\/#primaryimage\",\"url\":\"https:\\\/\\\/www.lfsl.net\\\/wp-content\\\/uploads\\\/2019\\\/03\\\/GDPR_1160-1024x681.jpg\",\"contentUrl\":\"https:\\\/\\\/www.lfsl.net\\\/wp-content\\\/uploads\\\/2019\\\/03\\\/GDPR_1160-1024x681.jpg\"},{\"@type\":\"BreadcrumbList\",\"@id\":\"https:\\\/\\\/www.lfsl.net\\\/sv\\\/om-lfsl\\\/gdpr\\\/#breadcrumb\",\"itemListElement\":[{\"@type\":\"ListItem\",\"position\":1,\"name\":\"Home\",\"item\":\"https:\\\/\\\/www.lfsl.net\\\/sv\\\/\"},{\"@type\":\"ListItem\",\"position\":2,\"name\":\"Om LFSL\",\"item\":\"https:\\\/\\\/www.lfsl.net\\\/sv\\\/om-lfsl\\\/\"},{\"@type\":\"ListItem\",\"position\":3,\"name\":\"GDPR\"}]},{\"@type\":\"WebSite\",\"@id\":\"https:\\\/\\\/www.lfsl.net\\\/sv\\\/#website\",\"url\":\"https:\\\/\\\/www.lfsl.net\\\/sv\\\/\",\"name\":\"Lyc\u00e9e Fran\u00e7ais Saint Louis de Stockholm\",\"description\":\"\u00c9tablissement membre du r\u00e9seau AEFE\",\"publisher\":{\"@id\":\"https:\\\/\\\/www.lfsl.net\\\/sv\\\/#organization\"},\"potentialAction\":[{\"@type\":\"SearchAction\",\"target\":{\"@type\":\"EntryPoint\",\"urlTemplate\":\"https:\\\/\\\/www.lfsl.net\\\/sv\\\/?s={search_term_string}\"},\"query-input\":{\"@type\":\"PropertyValueSpecification\",\"valueRequired\":true,\"valueName\":\"search_term_string\"}}],\"inLanguage\":\"sv-SE\"},{\"@type\":\"Organization\",\"@id\":\"https:\\\/\\\/www.lfsl.net\\\/sv\\\/#organization\",\"name\":\"Lyc\u00e9e Fran\u00e7ais Saint Louis\",\"url\":\"https:\\\/\\\/www.lfsl.net\\\/sv\\\/\",\"logo\":{\"@type\":\"ImageObject\",\"inLanguage\":\"sv-SE\",\"@id\":\"https:\\\/\\\/www.lfsl.net\\\/sv\\\/#\\\/schema\\\/logo\\\/image\\\/\",\"url\":\"https:\\\/\\\/www.lfsl.net\\\/wp-content\\\/uploads\\\/2021\\\/03\\\/LFSL-logo.jpg\",\"contentUrl\":\"https:\\\/\\\/www.lfsl.net\\\/wp-content\\\/uploads\\\/2021\\\/03\\\/LFSL-logo.jpg\",\"width\":330,\"height\":473,\"caption\":\"Lyc\u00e9e Fran\u00e7ais Saint Louis\"},\"image\":{\"@id\":\"https:\\\/\\\/www.lfsl.net\\\/sv\\\/#\\\/schema\\\/logo\\\/image\\\/\"},\"sameAs\":[\"https:\\\/\\\/www.facebook.com\\\/Lyc\u00e9e-Francais-Saint-Louis-182116921840529\\\/\",\"https:\\\/\\\/www.instagram.com\\\/lyceefrancaisstockholm\\\/\",\"https:\\\/\\\/www.linkedin.com\\\/school\\\/lfsl\\\/\",\"https:\\\/\\\/www.youtube.com\\\/channel\\\/UCchS4IO4jE_YY0ILwn5NgGQ\"]}]}<\/script>\n<!-- \/ Yoast SEO plugin. -->","yoast_head_json":{"title":"GDPR &#8211; Lyc\u00e9e Fran\u00e7ais Saint Louis de Stockholm","robots":{"index":"index","follow":"follow","max-snippet":"max-snippet:-1","max-image-preview":"max-image-preview:large","max-video-preview":"max-video-preview:-1"},"canonical":"https:\/\/www.lfsl.net\/sv\/om-lfsl\/gdpr\/","og_locale":"sv_SE","og_type":"article","og_title":"GDPR &#8211; Lyc\u00e9e Fran\u00e7ais Saint Louis de Stockholm","og_description":"F\u00f6r att kunna utf\u00f6ra sina undervisningsuppdrag behandlar LFSL (personuppgiftsansvarig) ett brett urval av personuppgifter f\u00f6r elever och deras f\u00f6r\u00e4ldrar eller v\u00e5rdnadshavare.Dessa uppgifter samlas in antingen vid inskrivningen av eleverna eller under skolg\u00e5ngen. INTEGRITETSF\u00d6RORDNING SYFTET MED DENNA F\u00d6RORDNING Denna integritetsf\u00f6rordning utg\u00f6r GDPR-f\u00f6rordningen om genomf\u00f6randet av Europaparlamentets och r\u00e5dets f\u00f6rordning (EU) 2016\/679 om skydd f\u00f6r fysiska personer ... L\u00e4s mer","og_url":"https:\/\/www.lfsl.net\/sv\/om-lfsl\/gdpr\/","og_site_name":"Lyc\u00e9e Fran\u00e7ais Saint Louis de Stockholm","article_publisher":"https:\/\/www.facebook.com\/Lyc%c3%a9e-Francais-Saint-Louis-182116921840529\/","article_modified_time":"2020-08-26T14:16:19+00:00","og_image":[{"url":"https:\/\/www.lfsl.net\/wp-content\/uploads\/2019\/03\/GDPR_1160-1024x681.jpg","type":"","width":"","height":""}],"twitter_card":"summary_large_image","schema":{"@context":"https:\/\/schema.org","@graph":[{"@type":"WebPage","@id":"https:\/\/www.lfsl.net\/sv\/om-lfsl\/gdpr\/","url":"https:\/\/www.lfsl.net\/sv\/om-lfsl\/gdpr\/","name":"GDPR &#8211; Lyc\u00e9e Fran\u00e7ais Saint Louis de Stockholm","isPartOf":{"@id":"https:\/\/www.lfsl.net\/sv\/#website"},"primaryImageOfPage":{"@id":"https:\/\/www.lfsl.net\/sv\/om-lfsl\/gdpr\/#primaryimage"},"image":{"@id":"https:\/\/www.lfsl.net\/sv\/om-lfsl\/gdpr\/#primaryimage"},"thumbnailUrl":"https:\/\/www.lfsl.net\/wp-content\/uploads\/2019\/03\/GDPR_1160-1024x681.jpg","datePublished":"2019-03-15T14:27:09+00:00","dateModified":"2020-08-26T14:16:19+00:00","breadcrumb":{"@id":"https:\/\/www.lfsl.net\/sv\/om-lfsl\/gdpr\/#breadcrumb"},"inLanguage":"sv-SE","potentialAction":[{"@type":"ReadAction","target":["https:\/\/www.lfsl.net\/sv\/om-lfsl\/gdpr\/"]}]},{"@type":"ImageObject","inLanguage":"sv-SE","@id":"https:\/\/www.lfsl.net\/sv\/om-lfsl\/gdpr\/#primaryimage","url":"https:\/\/www.lfsl.net\/wp-content\/uploads\/2019\/03\/GDPR_1160-1024x681.jpg","contentUrl":"https:\/\/www.lfsl.net\/wp-content\/uploads\/2019\/03\/GDPR_1160-1024x681.jpg"},{"@type":"BreadcrumbList","@id":"https:\/\/www.lfsl.net\/sv\/om-lfsl\/gdpr\/#breadcrumb","itemListElement":[{"@type":"ListItem","position":1,"name":"Home","item":"https:\/\/www.lfsl.net\/sv\/"},{"@type":"ListItem","position":2,"name":"Om LFSL","item":"https:\/\/www.lfsl.net\/sv\/om-lfsl\/"},{"@type":"ListItem","position":3,"name":"GDPR"}]},{"@type":"WebSite","@id":"https:\/\/www.lfsl.net\/sv\/#website","url":"https:\/\/www.lfsl.net\/sv\/","name":"Lyc\u00e9e Fran\u00e7ais Saint Louis de Stockholm","description":"\u00c9tablissement membre du r\u00e9seau AEFE","publisher":{"@id":"https:\/\/www.lfsl.net\/sv\/#organization"},"potentialAction":[{"@type":"SearchAction","target":{"@type":"EntryPoint","urlTemplate":"https:\/\/www.lfsl.net\/sv\/?s={search_term_string}"},"query-input":{"@type":"PropertyValueSpecification","valueRequired":true,"valueName":"search_term_string"}}],"inLanguage":"sv-SE"},{"@type":"Organization","@id":"https:\/\/www.lfsl.net\/sv\/#organization","name":"Lyc\u00e9e Fran\u00e7ais Saint Louis","url":"https:\/\/www.lfsl.net\/sv\/","logo":{"@type":"ImageObject","inLanguage":"sv-SE","@id":"https:\/\/www.lfsl.net\/sv\/#\/schema\/logo\/image\/","url":"https:\/\/www.lfsl.net\/wp-content\/uploads\/2021\/03\/LFSL-logo.jpg","contentUrl":"https:\/\/www.lfsl.net\/wp-content\/uploads\/2021\/03\/LFSL-logo.jpg","width":330,"height":473,"caption":"Lyc\u00e9e Fran\u00e7ais Saint Louis"},"image":{"@id":"https:\/\/www.lfsl.net\/sv\/#\/schema\/logo\/image\/"},"sameAs":["https:\/\/www.facebook.com\/Lyc\u00e9e-Francais-Saint-Louis-182116921840529\/","https:\/\/www.instagram.com\/lyceefrancaisstockholm\/","https:\/\/www.linkedin.com\/school\/lfsl\/","https:\/\/www.youtube.com\/channel\/UCchS4IO4jE_YY0ILwn5NgGQ"]}]}},"_links":{"self":[{"href":"https:\/\/www.lfsl.net\/sv\/wp-json\/wp\/v2\/pages\/2514","targetHints":{"allow":["GET"]}}],"collection":[{"href":"https:\/\/www.lfsl.net\/sv\/wp-json\/wp\/v2\/pages"}],"about":[{"href":"https:\/\/www.lfsl.net\/sv\/wp-json\/wp\/v2\/types\/page"}],"author":[{"embeddable":true,"href":"https:\/\/www.lfsl.net\/sv\/wp-json\/wp\/v2\/users\/1"}],"replies":[{"embeddable":true,"href":"https:\/\/www.lfsl.net\/sv\/wp-json\/wp\/v2\/comments?post=2514"}],"version-history":[{"count":9,"href":"https:\/\/www.lfsl.net\/sv\/wp-json\/wp\/v2\/pages\/2514\/revisions"}],"predecessor-version":[{"id":8254,"href":"https:\/\/www.lfsl.net\/sv\/wp-json\/wp\/v2\/pages\/2514\/revisions\/8254"}],"up":[{"embeddable":true,"href":"https:\/\/www.lfsl.net\/sv\/wp-json\/wp\/v2\/pages\/2509"}],"wp:attachment":[{"href":"https:\/\/www.lfsl.net\/sv\/wp-json\/wp\/v2\/media?parent=2514"}],"curies":[{"name":"wp","href":"https:\/\/api.w.org\/{rel}","templated":true}]}}