{"id":2538,"date":"2019-03-15T14:40:08","date_gmt":"2019-03-15T14:40:08","guid":{"rendered":"http:\/\/lfsl.net.hemsida.eu\/?page_id=2538"},"modified":"2026-02-09T15:49:31","modified_gmt":"2026-02-09T15:49:31","slug":"hogstadiet-gymnasiet","status":"publish","type":"page","link":"https:\/\/www.lfsl.net\/sv\/skolgang\/hogstadiet-gymnasiet\/","title":{"rendered":"H\u00f6gstadiet \/ Gymnasiet"},"content":{"rendered":"\n<figure class=\"wp-block-gallery has-nested-images columns-default is-cropped wp-block-gallery-1 is-layout-flex wp-block-gallery-is-layout-flex\">\n<figure class=\"wp-block-image size-large\"><img loading=\"lazy\" decoding=\"async\" width=\"1200\" height=\"799\" data-id=\"22250\" src=\"https:\/\/www.lfsl.net\/wp-content\/uploads\/2025\/04\/College-1-1200x799.jpg\" alt=\"\" class=\"wp-image-22250\" srcset=\"https:\/\/www.lfsl.net\/wp-content\/uploads\/2025\/04\/College-1-1200x799.jpg 1200w, https:\/\/www.lfsl.net\/wp-content\/uploads\/2025\/04\/College-1-600x399.jpg 600w, https:\/\/www.lfsl.net\/wp-content\/uploads\/2025\/04\/College-1-768x511.jpg 768w, https:\/\/www.lfsl.net\/wp-content\/uploads\/2025\/04\/College-1.jpg 1397w\" sizes=\"auto, (max-width: 1200px) 100vw, 1200px\" \/><\/figure>\n\n\n\n<figure class=\"wp-block-image size-large\"><img loading=\"lazy\" decoding=\"async\" width=\"1200\" height=\"801\" data-id=\"22247\" src=\"https:\/\/www.lfsl.net\/wp-content\/uploads\/2025\/04\/College_3-1200x801.jpg\" alt=\"\" class=\"wp-image-22247\" srcset=\"https:\/\/www.lfsl.net\/wp-content\/uploads\/2025\/04\/College_3-1200x801.jpg 1200w, https:\/\/www.lfsl.net\/wp-content\/uploads\/2025\/04\/College_3-600x401.jpg 600w, https:\/\/www.lfsl.net\/wp-content\/uploads\/2025\/04\/College_3-768x513.jpg 768w, https:\/\/www.lfsl.net\/wp-content\/uploads\/2025\/04\/College_3.jpg 1391w\" sizes=\"auto, (max-width: 1200px) 100vw, 1200px\" \/><\/figure>\n<\/figure>\n\n\n\n<p><strong>&#8221;Coll\u00e8ge&#8221; v\u00e4lkomnar barn efter \u00c9l\u00e9mentaire och best\u00e5r av fyra \u00e5rskurser, 6\u00e8me till 3\u00e8me.<\/strong><br>&#8221;6\u00e8me&#8221; g\u00f6r det m\u00f6jligt f\u00f6r eleverna att anpassa sig till organisationen och levnadsmilj\u00f6n p\u00e5 &#8221;coll\u00e8ge&#8221;. Under &#8221;5\u00e8me&#8221;, &#8221;4\u00e8me&#8221; och &#8221;3\u00e8me&#8221; utvecklar eleverna sina f\u00e4rdigheter inom olika discipliner och gr\u00e4ns\u00f6verskridande kurser. Efter &#8221;Coll\u00e8ge&#8221; forts\u00e4tter eleverna sina studier i &#8221;Lyc\u00e9e&#8221; (gymnasiet). <br><strong>&#8221;Lyc\u00e9e&#8221; (Gymnasiet) \u00e4r organiserat i tre \u00e5rskurser: &#8221;Seconde&#8221;, &#8221;Premi\u00e8re&#8221; och &#8221;Terminale&#8221;.<\/strong><\/p>\n\n\n\n<figure class=\"wp-block-gallery has-nested-images columns-default is-cropped wp-block-gallery-2 is-layout-flex wp-block-gallery-is-layout-flex\">\n<figure class=\"wp-block-image size-large\"><img loading=\"lazy\" decoding=\"async\" width=\"1200\" height=\"800\" data-id=\"22253\" src=\"https:\/\/www.lfsl.net\/wp-content\/uploads\/2025\/04\/Lycee_2-1200x800.jpg\" alt=\"\" class=\"wp-image-22253\" srcset=\"https:\/\/www.lfsl.net\/wp-content\/uploads\/2025\/04\/Lycee_2-1200x800.jpg 1200w, https:\/\/www.lfsl.net\/wp-content\/uploads\/2025\/04\/Lycee_2-600x400.jpg 600w, https:\/\/www.lfsl.net\/wp-content\/uploads\/2025\/04\/Lycee_2-768x512.jpg 768w, https:\/\/www.lfsl.net\/wp-content\/uploads\/2025\/04\/Lycee_2.jpg 1396w\" sizes=\"auto, (max-width: 1200px) 100vw, 1200px\" \/><\/figure>\n\n\n\n<figure class=\"wp-block-image size-large\"><img loading=\"lazy\" decoding=\"async\" width=\"1200\" height=\"814\" data-id=\"22256\" src=\"https:\/\/www.lfsl.net\/wp-content\/uploads\/2025\/04\/Lycee_1-1200x814.jpg\" alt=\"\" class=\"wp-image-22256\" srcset=\"https:\/\/www.lfsl.net\/wp-content\/uploads\/2025\/04\/Lycee_1-1200x814.jpg 1200w, https:\/\/www.lfsl.net\/wp-content\/uploads\/2025\/04\/Lycee_1-600x407.jpg 600w, https:\/\/www.lfsl.net\/wp-content\/uploads\/2025\/04\/Lycee_1-768x521.jpg 768w, https:\/\/www.lfsl.net\/wp-content\/uploads\/2025\/04\/Lycee_1.jpg 1334w\" sizes=\"auto, (max-width: 1200px) 100vw, 1200px\" \/><\/figure>\n<\/figure>\n\n\n\n<h3 class=\"wp-block-heading\">ORGANISATION<\/h3>\n\n\n\n<p>P\u00e5 &#8221;Coll\u00e8ge&#8221; ges lektionerna i huvudbyggnaden av LFSL. F\u00f6r Lyc\u00e9e ligger de i &#8221;Annexet&#8221; n\u00e5gra minuters promenad fr\u00e5n huvudbyggnaden. Gymnasieeleverna g\u00e5r till huvudbyggnaden f\u00f6r lektioner i naturvetenskap och f\u00f6r praktiska \u00f6vningar i laboratorier.<br>Schemat organiseras i 55-minuters lektioner och delas upp fr\u00e5n 8:00 till 12:05, samt fr\u00e5n 13:10 till 18:20 fr\u00e5n m\u00e5ndag till fredag. Ut\u00f6ver lektionerna b\u00f6r tid \u00e4gnas varje dag till personligt arbete hemma.<\/p>\n\n\n\n<h3 class=\"wp-block-heading\">UNDERVISNING<\/h3>\n\n\n\n<p>Undervisningen utg\u00f6rs av en upps\u00e4ttning av \u00e4mnen, som alla bygger p\u00e5 den gemensamma grunden f\u00f6r kunskap, f\u00e4rdigheter och kultur.<\/p>\n\n\n<div class=\"wp-block-image\">\n<figure class=\"alignright\"><img loading=\"lazy\" decoding=\"async\" width=\"600\" height=\"312\" src=\"https:\/\/www.lfsl.net\/wp-content\/uploads\/2024\/09\/Enseignements_1-600x312.jpg\" alt=\"\" class=\"wp-image-20680\" srcset=\"https:\/\/www.lfsl.net\/wp-content\/uploads\/2024\/09\/Enseignements_1-600x312.jpg 600w, https:\/\/www.lfsl.net\/wp-content\/uploads\/2024\/09\/Enseignements_1-768x399.jpg 768w, https:\/\/www.lfsl.net\/wp-content\/uploads\/2024\/09\/Enseignements_1.jpg 1102w\" sizes=\"auto, (max-width: 600px) 100vw, 600px\" \/><\/figure>\n<\/div>\n\n\n<p>&#8211; franska<br>&#8211; Matematik<br>&#8211; Historia \/ Geografi<br>&#8211; Moralisk och medborgerlig utbildning<br>&#8211; Moderna spr\u00e5k<br>&#8211; Biologi<br>&#8211; Kemi \/&nbsp; Fysik<br>&#8211; Teknik<br>&#8211; Sport<br>&#8211; Konst<br>&#8211; Musik<\/p>\n\n\n\n<p>Ang\u00e5ende spr\u00e5k, ges svenskundervisning till alla elever i grundskolan (fr\u00e5n CP till 3\u00e8me) Engelska undervisas fr\u00e5n 6\u00e8me till Terminale som ett f\u00f6rsta spr\u00e5k (i en niv\u00e5grupp). Tyska och Spanska erbjuds som ett andra spr\u00e5k fr\u00e5n 5\u00e8me. Eleverna kan v\u00e4lja till studier i latin fr\u00e5n 5\u00e8me (CNED).<\/p>\n\n\n\n<h3 class=\"wp-block-heading\">utbildningserbjudande<\/h3>\n\n\n\n<p>LFSL: s utbildningserbjudande \u00f6verensst\u00e4mmer med de franska nationella utbildningsprogrammen med en anpassning till v\u00e4rdlandet genom inr\u00e4ttandet av en svensk internationell sektion.<\/p>\n\n\n\n<p>Se hela utbudet av kurser, alternativ och specialiteter som erbjuds p\u00e5 LFSL i <a href=\"https:\/\/www.lfsl.net\/wp-content\/uploads\/2021\/06\/GUIDE-INSCRIPTION-LFSL-EDUKA-2021-2022.pdf\" target=\"_blank\" rel=\"noopener\">inskrivningsguiden<\/a> (p\u00e5 franska)<\/p>\n\n\n\n<p>I slutet av &#8221;Coll\u00e8ge&#8221; erh\u00e5ller eleverna ett DNB-diplom (Dipl\u00f4me National du Brevet)<\/p>\n\n\n\n<p>P\u00e5 gymnasiet erbjuds tre alternativ f\u00f6r eleverna:<br>&#8211; Baccalaur\u00e9at<br>&#8211; Baccalaur\u00e9at Fran\u00e7ais International (BFI)<br>&#8211; Baccalaur\u00e9at och gymnasieexamen<\/p>\n\n\n\n<p>Se till de olika banorna och motsvarande alternativ f\u00f6r varje klass <span style=\"font-size: inherit; background-color: initial;\">(p\u00e5 franska)<\/span>: <a href=\"https:\/\/www.lfsl.net\/wp-content\/uploads\/2025\/02\/Parcours-2nde.pdf\">Seconde<\/a>, <a href=\"https:\/\/www.lfsl.net\/wp-content\/uploads\/2025\/02\/Parcours-1ere.pdf\">Premi\u00e8re<\/a>, <a href=\"https:\/\/www.lfsl.net\/wp-content\/uploads\/2025\/02\/Parcours-terminale.pdf\">Terminale <\/a><\/p>\n\n\n\n<p>Uppt\u00e4ck BFI &#8211; Internationell Fransk Baccalaur\u00e9at, en ambiti\u00f6s och h\u00f6gt v\u00e4rderad examen p\u00e5 tre spr\u00e5k,&nbsp; i denna video-presentation med vittnesm\u00e5l fr\u00e5n elever, l\u00e4rare och skolledningen vid LFSL : <\/p>\n\n\n\n<figure class=\"wp-block-image size-large is-resized\"><a href=\"https:\/\/www.lfsl.net\/bfi-internationell-fransk-baccalaureat\/\" target=\"_blank\" rel=\"noreferrer noopener\"><img loading=\"lazy\" decoding=\"async\" width=\"1200\" height=\"675\" src=\"https:\/\/www.lfsl.net\/wp-content\/uploads\/2025\/04\/BFI_video-cover_se_crop-1200x675.jpg\" alt=\"\" class=\"wp-image-22614\" style=\"width:468px;height:auto\" srcset=\"https:\/\/www.lfsl.net\/wp-content\/uploads\/2025\/04\/BFI_video-cover_se_crop-1200x675.jpg 1200w, https:\/\/www.lfsl.net\/wp-content\/uploads\/2025\/04\/BFI_video-cover_se_crop-600x337.jpg 600w, https:\/\/www.lfsl.net\/wp-content\/uploads\/2025\/04\/BFI_video-cover_se_crop-768x432.jpg 768w, https:\/\/www.lfsl.net\/wp-content\/uploads\/2025\/04\/BFI_video-cover_se_crop.jpg 1412w\" sizes=\"auto, (max-width: 1200px) 100vw, 1200px\" \/><\/a><\/figure>\n\n\n\n<h3 class=\"wp-block-heading\">BED\u00d6MNING<\/h3>\n\n\n\n<p>Kurserna inkluderar periodiska utv\u00e4rderingar: l\u00e4xor, samt muntliga och skriftliga prov. Varje termin (tre g\u00e5nger per l\u00e4s\u00e5r) f\u00e5r f\u00f6r\u00e4ldrarna en utv\u00e4rdering, som inneh\u00e5ller l\u00e4rarnas betyg, \u00e5sikter och r\u00e5d. Klassr\u00e5det (Conseil de classe) best\u00e5r av alla l\u00e4rare i divisionen, delegerade representanter f\u00f6r elever och f\u00f6r\u00e4ldrar, och leds av rektorn. Klassr\u00e5det ger ett utl\u00e5tande om alla elevers resultat, arbete och beteende, samt diskuterar under den sista terminen om varje elevs fortsatta studier.<\/p>\n\n\n\n<h3 class=\"wp-block-heading\">EXAMINA<\/h3>\n\n\n\n<p>\u2022 Le Dipl\u00f4me national du brevet (DNB) &#8211; i slutet av &#8221;3\u00e8me&#8221;: Dess erh\u00e5llande baseras p\u00e5 betygen som ackumulerats vid kontinuerlig kontroll. Examen best\u00e5r av fyra skriftliga prov: franska, matematik, historia och geografi, vetenskap. Elever som har f\u00f6ljt den svenska sektionen har \u00e4ven sitt slutprov.<\/p>\n\n\n\n<p>\u2022 Le Baccalaur\u00e9at d&#8217;enseignement g\u00e9n\u00e9ral &#8211; i slut av &#8221; terminale&#8221;: Den best\u00e5r av skriftliga och muntliga prov. F\u00f6r att bli godk\u00e4nd \u00e4r det n\u00f6dv\u00e4ndigt att n\u00e5 medeltalet 10\/20. N\u00e5gra tentor s\u00e5som &#8221;Terminale&#8221;. Eleverna har ocks\u00e5 m\u00f6jlighet att studera till en Baccalaur\u00e9at Fran\u00e7ais International . En reform av baccalaur\u00e9at p\u00e5g\u00e5r f\u00f6r n\u00e4rvarande, mer information finns p\u00e5 <a href=\"https:\/\/www.education.gouv.fr\/programmes-scolaires-41483\">det franska utbildningsdepartementets webbplats<\/a>.<\/p>\n\n\n\n<p>\u2022 Gymnasieexamen f\u00f6r studenter som har f\u00f6ljt den svenska internationella sektionen.<\/p>\n\n\n\n<p>Studentm\u00f6ssorna &#8211; en svensk tradition: i slutet av skol\u00e5ret inbjuds alla elever i &#8221;terminale&#8221;, deras f\u00f6r\u00e4ldrar och l\u00e4rare till en ceremoni under ledning av Frankrikes ambassad\u00f6r. Under denna festlighet b\u00e4r alla elever studentm\u00f6ssan, symbolen f\u00f6r att ha klarat av deras gymnasieutbildning och deras \u00f6verg\u00e5ng i vuxenlivet.<\/p>\n\n\n\n<h3 class=\"wp-block-heading\">RELATION L\u00c4RARE OCH F\u00d6R\u00c4LDRAR<\/h3>\n\n\n<div class=\"wp-block-image\">\n<figure class=\"alignright is-resized\"><img loading=\"lazy\" decoding=\"async\" width=\"485\" height=\"439\" src=\"https:\/\/www.lfsl.net\/wp-content\/uploads\/2019\/04\/Profs-parents_bild.jpg\" alt=\"\" class=\"wp-image-3389\" style=\"width:314px;height:auto\"\/><\/figure>\n<\/div>\n\n\n<p>Varje klass har en huvudl\u00e4rare (professor principal &#8211; PP) som \u00e4r: <br><br>&#8211; Den viktigaste kontakten f\u00f6r eleverna betr\u00e4ffande alla fr\u00e5gor om livet i skolan och deras studier<br>&#8211; Huvudkontakten f\u00f6r familjer och samordnaren av klassens undervisningsteam.<\/p>\n\n\n\n<p>M\u00f6ten mellan f\u00f6r\u00e4ldrar och l\u00e4rare organiseras flera g\u00e5nger under skol\u00e5ret:<br>&#8211; Ett par veckor efter starten kallar huvudl\u00e4raren till ett informationsm\u00f6te<br>&#8211; Efter klassr\u00e5den i 1: a och 2: a terminen anordnas individuella m\u00f6ten med l\u00e4rarna<br>Under \u00e5ret kan f\u00f6r\u00e4ldrar be om att f\u00e5 tr\u00e4ffa en l\u00e4rare genom att skicka en f\u00f6rfr\u00e5gan direkt eller via sekretariatet.<\/p>\n\n\n\n<h3 class=\"wp-block-heading\">F\u00f6r\u00e4ldrarnas roll<\/h3>\n\n\n\n<p>Som f\u00f6r\u00e4lder kan du delta i livet p\u00e5 skolan genom att vara en klassrepresentant och delta i skolr\u00e5det (Conseil d\u2019\u00c9cole) eller genom att kandidera som f\u00f6r\u00e4lder i CE (Conseil d\u2019 tablissement) eller styrelsen (Conseil d\u2019Administration).<br>Du kan ocks\u00e5 arbeta som frivillig i f\u00f6r\u00e4ldraf\u00f6reningen,\u00a0<a href=\"https:\/\/www.lfsl.net\/sv\/livet-pa-lfsl\/ape\/\" target=\"_blank\" rel=\"noreferrer noopener\">APE<\/a>.<\/p>\n","protected":false},"excerpt":{"rendered":"<p>&#8221;Coll\u00e8ge&#8221; v\u00e4lkomnar barn efter \u00c9l\u00e9mentaire och best\u00e5r av fyra \u00e5rskurser, 6\u00e8me till 3\u00e8me.&#8221;6\u00e8me&#8221; g\u00f6r det m\u00f6jligt f\u00f6r eleverna att anpassa sig till organisationen och levnadsmilj\u00f6n p\u00e5 &#8221;coll\u00e8ge&#8221;. Under &#8221;5\u00e8me&#8221;, &#8221;4\u00e8me&#8221; och &#8221;3\u00e8me&#8221; utvecklar eleverna sina f\u00e4rdigheter inom olika discipliner och gr\u00e4ns\u00f6verskridande kurser. Efter &#8221;Coll\u00e8ge&#8221; forts\u00e4tter eleverna sina studier i &#8221;Lyc\u00e9e&#8221; (gymnasiet). &#8221;Lyc\u00e9e&#8221; (Gymnasiet) \u00e4r organiserat &#8230; <\/p>\n<p class=\"read-more-container\"><a title=\"H\u00f6gstadiet \/ Gymnasiet\" class=\"read-more button\" href=\"https:\/\/www.lfsl.net\/sv\/skolgang\/hogstadiet-gymnasiet\/#more-2538\" aria-label=\"L\u00e4s mer om H\u00f6gstadiet \/ Gymnasiet\">L\u00e4s mer<\/a><\/p>\n","protected":false},"author":1,"featured_media":0,"parent":2536,"menu_order":0,"comment_status":"closed","ping_status":"closed","template":"","meta":{"footnotes":""},"class_list":["post-2538","page","type-page","status-publish"],"yoast_head":"<!-- This site is optimized with the Yoast SEO plugin v26.5 - https:\/\/yoast.com\/wordpress\/plugins\/seo\/ -->\n<title>H\u00f6gstadiet \/ Gymnasiet &#8211; Lyc\u00e9e Fran\u00e7ais Saint Louis de Stockholm<\/title>\n<meta name=\"robots\" content=\"index, follow, max-snippet:-1, max-image-preview:large, max-video-preview:-1\" \/>\n<link rel=\"canonical\" href=\"https:\/\/www.lfsl.net\/sv\/skolgang\/hogstadiet-gymnasiet\/\" \/>\n<meta property=\"og:locale\" content=\"sv_SE\" \/>\n<meta property=\"og:type\" content=\"article\" \/>\n<meta property=\"og:title\" content=\"H\u00f6gstadiet \/ Gymnasiet &#8211; Lyc\u00e9e Fran\u00e7ais Saint Louis de Stockholm\" \/>\n<meta property=\"og:description\" content=\"&#8221;Coll\u00e8ge&#8221; v\u00e4lkomnar barn efter \u00c9l\u00e9mentaire och best\u00e5r av fyra \u00e5rskurser, 6\u00e8me till 3\u00e8me.&#8221;6\u00e8me&#8221; g\u00f6r det m\u00f6jligt f\u00f6r eleverna att anpassa sig till organisationen och levnadsmilj\u00f6n p\u00e5 &#8221;coll\u00e8ge&#8221;. Under &#8221;5\u00e8me&#8221;, &#8221;4\u00e8me&#8221; och &#8221;3\u00e8me&#8221; utvecklar eleverna sina f\u00e4rdigheter inom olika discipliner och gr\u00e4ns\u00f6verskridande kurser. Efter &#8221;Coll\u00e8ge&#8221; forts\u00e4tter eleverna sina studier i &#8221;Lyc\u00e9e&#8221; (gymnasiet). &#8221;Lyc\u00e9e&#8221; (Gymnasiet) \u00e4r organiserat ... L\u00e4s mer\" \/>\n<meta property=\"og:url\" content=\"https:\/\/www.lfsl.net\/sv\/skolgang\/hogstadiet-gymnasiet\/\" \/>\n<meta property=\"og:site_name\" content=\"Lyc\u00e9e Fran\u00e7ais Saint Louis de Stockholm\" \/>\n<meta property=\"article:publisher\" content=\"https:\/\/www.facebook.com\/Lyc%c3%a9e-Francais-Saint-Louis-182116921840529\/\" \/>\n<meta property=\"article:modified_time\" content=\"2026-02-09T15:49:31+00:00\" \/>\n<meta property=\"og:image\" content=\"https:\/\/www.lfsl.net\/wp-content\/uploads\/2025\/04\/College-1.jpg\" \/>\n\t<meta property=\"og:image:width\" content=\"1397\" \/>\n\t<meta property=\"og:image:height\" content=\"930\" \/>\n\t<meta property=\"og:image:type\" content=\"image\/jpeg\" \/>\n<meta name=\"twitter:card\" content=\"summary_large_image\" \/>\n<script type=\"application\/ld+json\" class=\"yoast-schema-graph\">{\"@context\":\"https:\/\/schema.org\",\"@graph\":[{\"@type\":\"WebPage\",\"@id\":\"https:\/\/www.lfsl.net\/sv\/skolgang\/hogstadiet-gymnasiet\/\",\"url\":\"https:\/\/www.lfsl.net\/sv\/skolgang\/hogstadiet-gymnasiet\/\",\"name\":\"H\u00f6gstadiet \/ Gymnasiet &#8211; Lyc\u00e9e Fran\u00e7ais Saint Louis de Stockholm\",\"isPartOf\":{\"@id\":\"https:\/\/www.lfsl.net\/sv\/#website\"},\"primaryImageOfPage\":{\"@id\":\"https:\/\/www.lfsl.net\/sv\/skolgang\/hogstadiet-gymnasiet\/#primaryimage\"},\"image\":{\"@id\":\"https:\/\/www.lfsl.net\/sv\/skolgang\/hogstadiet-gymnasiet\/#primaryimage\"},\"thumbnailUrl\":\"https:\/\/www.lfsl.net\/wp-content\/uploads\/2025\/04\/College-1-1200x799.jpg\",\"datePublished\":\"2019-03-15T14:40:08+00:00\",\"dateModified\":\"2026-02-09T15:49:31+00:00\",\"breadcrumb\":{\"@id\":\"https:\/\/www.lfsl.net\/sv\/skolgang\/hogstadiet-gymnasiet\/#breadcrumb\"},\"inLanguage\":\"sv-SE\",\"potentialAction\":[{\"@type\":\"ReadAction\",\"target\":[\"https:\/\/www.lfsl.net\/sv\/skolgang\/hogstadiet-gymnasiet\/\"]}]},{\"@type\":\"ImageObject\",\"inLanguage\":\"sv-SE\",\"@id\":\"https:\/\/www.lfsl.net\/sv\/skolgang\/hogstadiet-gymnasiet\/#primaryimage\",\"url\":\"https:\/\/www.lfsl.net\/wp-content\/uploads\/2025\/04\/College-1-1200x799.jpg\",\"contentUrl\":\"https:\/\/www.lfsl.net\/wp-content\/uploads\/2025\/04\/College-1-1200x799.jpg\"},{\"@type\":\"BreadcrumbList\",\"@id\":\"https:\/\/www.lfsl.net\/sv\/skolgang\/hogstadiet-gymnasiet\/#breadcrumb\",\"itemListElement\":[{\"@type\":\"ListItem\",\"position\":1,\"name\":\"Home\",\"item\":\"https:\/\/www.lfsl.net\/sv\/\"},{\"@type\":\"ListItem\",\"position\":2,\"name\":\"Skolg\u00e5ng\",\"item\":\"https:\/\/www.lfsl.net\/sv\/skolgang\/\"},{\"@type\":\"ListItem\",\"position\":3,\"name\":\"H\u00f6gstadiet \/ Gymnasiet\"}]},{\"@type\":\"WebSite\",\"@id\":\"https:\/\/www.lfsl.net\/sv\/#website\",\"url\":\"https:\/\/www.lfsl.net\/sv\/\",\"name\":\"Lyc\u00e9e Fran\u00e7ais Saint Louis de Stockholm\",\"description\":\"\u00c9tablissement membre du r\u00e9seau AEFE\",\"publisher\":{\"@id\":\"https:\/\/www.lfsl.net\/sv\/#organization\"},\"potentialAction\":[{\"@type\":\"SearchAction\",\"target\":{\"@type\":\"EntryPoint\",\"urlTemplate\":\"https:\/\/www.lfsl.net\/sv\/?s={search_term_string}\"},\"query-input\":{\"@type\":\"PropertyValueSpecification\",\"valueRequired\":true,\"valueName\":\"search_term_string\"}}],\"inLanguage\":\"sv-SE\"},{\"@type\":\"Organization\",\"@id\":\"https:\/\/www.lfsl.net\/sv\/#organization\",\"name\":\"Lyc\u00e9e Fran\u00e7ais Saint Louis\",\"url\":\"https:\/\/www.lfsl.net\/sv\/\",\"logo\":{\"@type\":\"ImageObject\",\"inLanguage\":\"sv-SE\",\"@id\":\"https:\/\/www.lfsl.net\/sv\/#\/schema\/logo\/image\/\",\"url\":\"https:\/\/www.lfsl.net\/wp-content\/uploads\/2021\/03\/LFSL-logo.jpg\",\"contentUrl\":\"https:\/\/www.lfsl.net\/wp-content\/uploads\/2021\/03\/LFSL-logo.jpg\",\"width\":330,\"height\":473,\"caption\":\"Lyc\u00e9e Fran\u00e7ais Saint Louis\"},\"image\":{\"@id\":\"https:\/\/www.lfsl.net\/sv\/#\/schema\/logo\/image\/\"},\"sameAs\":[\"https:\/\/www.facebook.com\/Lyc\u00e9e-Francais-Saint-Louis-182116921840529\/\",\"https:\/\/www.instagram.com\/lyceefrancaisstockholm\/\",\"https:\/\/www.linkedin.com\/school\/lfsl\/\",\"https:\/\/www.youtube.com\/channel\/UCchS4IO4jE_YY0ILwn5NgGQ\"]}]}<\/script>\n<!-- \/ Yoast SEO plugin. -->","yoast_head_json":{"title":"H\u00f6gstadiet \/ Gymnasiet &#8211; Lyc\u00e9e Fran\u00e7ais Saint Louis de Stockholm","robots":{"index":"index","follow":"follow","max-snippet":"max-snippet:-1","max-image-preview":"max-image-preview:large","max-video-preview":"max-video-preview:-1"},"canonical":"https:\/\/www.lfsl.net\/sv\/skolgang\/hogstadiet-gymnasiet\/","og_locale":"sv_SE","og_type":"article","og_title":"H\u00f6gstadiet \/ Gymnasiet &#8211; Lyc\u00e9e Fran\u00e7ais Saint Louis de Stockholm","og_description":"&#8221;Coll\u00e8ge&#8221; v\u00e4lkomnar barn efter \u00c9l\u00e9mentaire och best\u00e5r av fyra \u00e5rskurser, 6\u00e8me till 3\u00e8me.&#8221;6\u00e8me&#8221; g\u00f6r det m\u00f6jligt f\u00f6r eleverna att anpassa sig till organisationen och levnadsmilj\u00f6n p\u00e5 &#8221;coll\u00e8ge&#8221;. Under &#8221;5\u00e8me&#8221;, &#8221;4\u00e8me&#8221; och &#8221;3\u00e8me&#8221; utvecklar eleverna sina f\u00e4rdigheter inom olika discipliner och gr\u00e4ns\u00f6verskridande kurser. Efter &#8221;Coll\u00e8ge&#8221; forts\u00e4tter eleverna sina studier i &#8221;Lyc\u00e9e&#8221; (gymnasiet). &#8221;Lyc\u00e9e&#8221; (Gymnasiet) \u00e4r organiserat ... L\u00e4s mer","og_url":"https:\/\/www.lfsl.net\/sv\/skolgang\/hogstadiet-gymnasiet\/","og_site_name":"Lyc\u00e9e Fran\u00e7ais Saint Louis de Stockholm","article_publisher":"https:\/\/www.facebook.com\/Lyc%c3%a9e-Francais-Saint-Louis-182116921840529\/","article_modified_time":"2026-02-09T15:49:31+00:00","og_image":[{"width":1397,"height":930,"url":"https:\/\/www.lfsl.net\/wp-content\/uploads\/2025\/04\/College-1.jpg","type":"image\/jpeg"}],"twitter_card":"summary_large_image","schema":{"@context":"https:\/\/schema.org","@graph":[{"@type":"WebPage","@id":"https:\/\/www.lfsl.net\/sv\/skolgang\/hogstadiet-gymnasiet\/","url":"https:\/\/www.lfsl.net\/sv\/skolgang\/hogstadiet-gymnasiet\/","name":"H\u00f6gstadiet \/ Gymnasiet &#8211; Lyc\u00e9e Fran\u00e7ais Saint Louis de Stockholm","isPartOf":{"@id":"https:\/\/www.lfsl.net\/sv\/#website"},"primaryImageOfPage":{"@id":"https:\/\/www.lfsl.net\/sv\/skolgang\/hogstadiet-gymnasiet\/#primaryimage"},"image":{"@id":"https:\/\/www.lfsl.net\/sv\/skolgang\/hogstadiet-gymnasiet\/#primaryimage"},"thumbnailUrl":"https:\/\/www.lfsl.net\/wp-content\/uploads\/2025\/04\/College-1-1200x799.jpg","datePublished":"2019-03-15T14:40:08+00:00","dateModified":"2026-02-09T15:49:31+00:00","breadcrumb":{"@id":"https:\/\/www.lfsl.net\/sv\/skolgang\/hogstadiet-gymnasiet\/#breadcrumb"},"inLanguage":"sv-SE","potentialAction":[{"@type":"ReadAction","target":["https:\/\/www.lfsl.net\/sv\/skolgang\/hogstadiet-gymnasiet\/"]}]},{"@type":"ImageObject","inLanguage":"sv-SE","@id":"https:\/\/www.lfsl.net\/sv\/skolgang\/hogstadiet-gymnasiet\/#primaryimage","url":"https:\/\/www.lfsl.net\/wp-content\/uploads\/2025\/04\/College-1-1200x799.jpg","contentUrl":"https:\/\/www.lfsl.net\/wp-content\/uploads\/2025\/04\/College-1-1200x799.jpg"},{"@type":"BreadcrumbList","@id":"https:\/\/www.lfsl.net\/sv\/skolgang\/hogstadiet-gymnasiet\/#breadcrumb","itemListElement":[{"@type":"ListItem","position":1,"name":"Home","item":"https:\/\/www.lfsl.net\/sv\/"},{"@type":"ListItem","position":2,"name":"Skolg\u00e5ng","item":"https:\/\/www.lfsl.net\/sv\/skolgang\/"},{"@type":"ListItem","position":3,"name":"H\u00f6gstadiet \/ Gymnasiet"}]},{"@type":"WebSite","@id":"https:\/\/www.lfsl.net\/sv\/#website","url":"https:\/\/www.lfsl.net\/sv\/","name":"Lyc\u00e9e Fran\u00e7ais Saint Louis de Stockholm","description":"\u00c9tablissement membre du r\u00e9seau AEFE","publisher":{"@id":"https:\/\/www.lfsl.net\/sv\/#organization"},"potentialAction":[{"@type":"SearchAction","target":{"@type":"EntryPoint","urlTemplate":"https:\/\/www.lfsl.net\/sv\/?s={search_term_string}"},"query-input":{"@type":"PropertyValueSpecification","valueRequired":true,"valueName":"search_term_string"}}],"inLanguage":"sv-SE"},{"@type":"Organization","@id":"https:\/\/www.lfsl.net\/sv\/#organization","name":"Lyc\u00e9e Fran\u00e7ais Saint Louis","url":"https:\/\/www.lfsl.net\/sv\/","logo":{"@type":"ImageObject","inLanguage":"sv-SE","@id":"https:\/\/www.lfsl.net\/sv\/#\/schema\/logo\/image\/","url":"https:\/\/www.lfsl.net\/wp-content\/uploads\/2021\/03\/LFSL-logo.jpg","contentUrl":"https:\/\/www.lfsl.net\/wp-content\/uploads\/2021\/03\/LFSL-logo.jpg","width":330,"height":473,"caption":"Lyc\u00e9e Fran\u00e7ais Saint Louis"},"image":{"@id":"https:\/\/www.lfsl.net\/sv\/#\/schema\/logo\/image\/"},"sameAs":["https:\/\/www.facebook.com\/Lyc\u00e9e-Francais-Saint-Louis-182116921840529\/","https:\/\/www.instagram.com\/lyceefrancaisstockholm\/","https:\/\/www.linkedin.com\/school\/lfsl\/","https:\/\/www.youtube.com\/channel\/UCchS4IO4jE_YY0ILwn5NgGQ"]}]}},"_links":{"self":[{"href":"https:\/\/www.lfsl.net\/sv\/wp-json\/wp\/v2\/pages\/2538","targetHints":{"allow":["GET"]}}],"collection":[{"href":"https:\/\/www.lfsl.net\/sv\/wp-json\/wp\/v2\/pages"}],"about":[{"href":"https:\/\/www.lfsl.net\/sv\/wp-json\/wp\/v2\/types\/page"}],"author":[{"embeddable":true,"href":"https:\/\/www.lfsl.net\/sv\/wp-json\/wp\/v2\/users\/1"}],"replies":[{"embeddable":true,"href":"https:\/\/www.lfsl.net\/sv\/wp-json\/wp\/v2\/comments?post=2538"}],"version-history":[{"count":45,"href":"https:\/\/www.lfsl.net\/sv\/wp-json\/wp\/v2\/pages\/2538\/revisions"}],"predecessor-version":[{"id":24809,"href":"https:\/\/www.lfsl.net\/sv\/wp-json\/wp\/v2\/pages\/2538\/revisions\/24809"}],"up":[{"embeddable":true,"href":"https:\/\/www.lfsl.net\/sv\/wp-json\/wp\/v2\/pages\/2536"}],"wp:attachment":[{"href":"https:\/\/www.lfsl.net\/sv\/wp-json\/wp\/v2\/media?parent=2538"}],"curies":[{"name":"wp","href":"https:\/\/api.w.org\/{rel}","templated":true}]}}