{"id":2540,"date":"2019-03-15T14:40:59","date_gmt":"2019-03-15T14:40:59","guid":{"rendered":"http:\/\/lfsl.net.hemsida.eu\/?page_id=2540"},"modified":"2025-05-20T07:15:50","modified_gmt":"2025-05-20T07:15:50","slug":"skolgang","status":"publish","type":"page","link":"https:\/\/www.lfsl.net\/sv\/skolgang\/skolgang\/","title":{"rendered":"L\u00c4ROPLAN"},"content":{"rendered":"\n<div class=\"wp-block-media-text alignwide is-stacked-on-mobile\"><figure class=\"wp-block-media-text__media\"><img loading=\"lazy\" decoding=\"async\" width=\"800\" height=\"553\" src=\"https:\/\/www.lfsl.net\/wp-content\/uploads\/2020\/02\/Education_france-2.png\" alt=\"\" class=\"wp-image-6616 size-full\" srcset=\"https:\/\/www.lfsl.net\/wp-content\/uploads\/2020\/02\/Education_france-2.png 800w, https:\/\/www.lfsl.net\/wp-content\/uploads\/2020\/02\/Education_france-2-600x415.png 600w, https:\/\/www.lfsl.net\/wp-content\/uploads\/2020\/02\/Education_france-2-768x531.png 768w\" sizes=\"auto, (max-width: 800px) 100vw, 800px\" \/><\/figure><div class=\"wp-block-media-text__content\">\n<p><strong>Organiserat i cykler: Det franska utbildningssystemet \u00e4r organiserat i skol\u00e5r, vilka \u00e4r grupperade i inl\u00e4rningscykler.<br>L\u00e4rarlaget \u00e5tf\u00f6ljer eleverna att f\u00f6rv\u00e4rva kunskap, f\u00e4rdigheter och kultur i den gemensamma undervisningen.<\/strong><\/p>\n\n\n\n<p>M\u00e5let \u00e4r att bli godk\u00e4nd i slutet av \u201c3\u00e8me\u201d . D\u00e4rf\u00f6r skapas tre etapper som utg\u00f6rs av 3 \u00e5r var, f\u00f6r att ge eleverna tid att utveckla sina kunskaper.<br>\nF\u00f6rv\u00e4rvet av dessa kunskaper f\u00f6rbereder eleverna f\u00f6r att kunna forts\u00e4tta sina studier efter gymnasiet, samt att bli goda medborgare.<\/p>\n<\/div><\/div>\n\n\n\n<h3 class=\"wp-block-heading\">utbildningserbjudande<\/h3>\n\n\n\n<p>LFSL: s utbildningserbjudande \u00f6verensst\u00e4mmer med de franska nationella utbildningsprogrammen med en anpassning till v\u00e4rdlandet genom inr\u00e4ttandet av en svensk internationell sektion.<\/p>\n\n\n\n<p>Se hela utbudet av kurser, alternativ och specialiteter som erbjuds p\u00e5 LFSL i <a href=\"https:\/\/www.lfsl.net\/wp-content\/uploads\/2025\/02\/GUIDE_INSCRIPTION_REINSCRIPTION_25_26_Phase1_Version_finale-9.pdf\" target=\"_blank\" rel=\"noopener\">inskrivningsguiden<\/a> (p\u00e5 franska)<\/p>\n\n\n\n<p>Mer specifikt erbjuds tre alternativ f\u00f6r elever p\u00e5 gymnasiet:<br>&#8211; Baccalaur\u00e9at<br>&#8211; Fransk Internationell Baccalaur\u00e9at (BFI)<br>&#8211; Baccalaur\u00e9at och gymnasieexamen<\/p>\n\n\n\n<p>Se de olika studieinriktningarna och motsvarande alternativ f\u00f6r varje niv\u00e5 <span style=\"font-size: inherit; background-color: initial;\">(p\u00e5 franska)<\/span>: <a href=\"https:\/\/www.lfsl.net\/wp-content\/uploads\/2025\/02\/Parcours-2nde.pdf\">Seconde<\/a>, <a href=\"https:\/\/www.lfsl.net\/wp-content\/uploads\/2025\/02\/Parcours-1ere.pdf\">Premi\u00e8re<\/a>, <a href=\"https:\/\/www.lfsl.net\/wp-content\/uploads\/2025\/02\/Parcours-terminale.pdf\">Terminale<\/a><\/p>\n\n\n\n<p>Uppt\u00e4ck BFI &#8211; Internationell Fransk Baccalaur\u00e9at, en ambiti\u00f6s och h\u00f6gt v\u00e4rderad examen p\u00e5 tre spr\u00e5k,&nbsp; i denna video-presentation med vittnesm\u00e5l fr\u00e5n elever, l\u00e4rare och skolledningen vid LFSL :<\/p>\n\n\n\n<figure class=\"wp-block-image\"><a href=\"https:\/\/www.lfsl.net\/bfi-internationell-fransk-baccalaureat\/\" target=\"_blank\" rel=\"noopener\"><img loading=\"lazy\" decoding=\"async\" width=\"600\" height=\"337\" src=\"https:\/\/www.lfsl.net\/wp-content\/uploads\/2025\/04\/BFI_video-cover_se_crop-600x337.jpg\" alt=\"\" class=\"wp-image-22614\" srcset=\"https:\/\/www.lfsl.net\/wp-content\/uploads\/2025\/04\/BFI_video-cover_se_crop-600x337.jpg 600w, https:\/\/www.lfsl.net\/wp-content\/uploads\/2025\/04\/BFI_video-cover_se_crop-1200x675.jpg 1200w, https:\/\/www.lfsl.net\/wp-content\/uploads\/2025\/04\/BFI_video-cover_se_crop-768x432.jpg 768w, https:\/\/www.lfsl.net\/wp-content\/uploads\/2025\/04\/BFI_video-cover_se_crop.jpg 1412w\" sizes=\"auto, (max-width: 600px) 100vw, 600px\" \/><\/a><\/figure>\n\n\n\n<h3 class=\"wp-block-heading\">EFTER 3\u00e8me P\u00e5 Lyc\u00e9e Saint Louis<\/h3>\n\n\n\n<p>Den vanligaste \u00e4r att eleverna forts\u00e4tter sina studier p\u00e5 skolan med genom att s\u00f6ka till 2nde i Lyc\u00e9e. Lyc\u00e9e Fran\u00e7ais Saint Louis erbjuder en Baccalaur\u00e9at i allm\u00e4n utbildning &#8211; i 1\u00e8re och Terminale: Den best\u00e5r av skriftliga och muntliga prov. F\u00f6r att erh\u00e5lla diplomet m\u00e5ste eleven uppn\u00e5 medelbetyget 10\/20.<\/p>\n\n\n\n<p>Det har skett en reform av Baccalaur\u00e9at-examen f\u00f6r 2020. Baccalaur\u00e9at-studierna str\u00e4cker sig \u00f6ver 2 \u00e5r med kontinuerliga kontrolltester och slutprover som \u00e4ger rum i 1\u00e8re och \/ eller Terminale. En stor muntlig examen \u00e4ger rum i slutet av Terminale.<\/p>\n\n\n\n<p>Eleverna har \u00e4ven m\u00f6jlighet att ta en Fransk Internationell Baccalaur\u00e9at, BFI( Baccalaur\u00e9at Fran\u00e7ais International).<\/p>\n\n\n\n<p>Att f\u00e5 en Baccalaur\u00e9at \u00f6ppnar d\u00f6rren till h\u00f6gre utbildning i Frankrike, Sverige eller andra l\u00e4nder genom likv\u00e4rdighetssystem.<\/p>\n\n\n\n<p><a href=\"https:\/\/www.education.gouv.fr\/le-nouveau-baccalaureat-3098\" target=\"_blank\" rel=\"noopener noreferrer\">F\u00f6r mer information<\/a> (p\u00e5 franska)<\/p>\n\n\n\n<h3 class=\"wp-block-heading\">Svenskans plats p\u00e5 Lyc\u00e9e Fran\u00e7ais Saint Louis<\/h3>\n\n\n\n<p>En svensk utbildning l\u00e4ggs till den franska utbildningen s\u00e5 att eleverna f\u00e5r en erk\u00e4nd utbildning i Sverige och Frankrike.<br>Elever med svenska som modersm\u00e5l kan \u00e4ven komplettera sina studier med en svensk Gymnasieexamen och erh\u00e5lla ett svenskt slutbetyg.<\/p>\n\n\n\n<p>Mer information om svenska p\u00e5 LFSL :<a href=\"https:\/\/www.lfsl.net\/sv\/svenska\/\"> Svenskundervisning<\/a><\/p>\n\n\n\n<h3 class=\"wp-block-heading\">Vad \u00e4r ekvivalenserna mellan de franska och svenska systemen?<\/h3>\n\n\n\n<figure class=\"wp-block-image\"><img loading=\"lazy\" decoding=\"async\" width=\"1160\" height=\"1174\" src=\"https:\/\/www.lfsl.net\/wp-content\/uploads\/2019\/02\/Equivalence-France-Su\u00e8de.png\" alt=\"\" class=\"wp-image-6620\" srcset=\"https:\/\/www.lfsl.net\/wp-content\/uploads\/2019\/02\/Equivalence-France-Su\u00e8de.png 1160w, https:\/\/www.lfsl.net\/wp-content\/uploads\/2019\/02\/Equivalence-France-Su\u00e8de-296x300.png 296w, https:\/\/www.lfsl.net\/wp-content\/uploads\/2019\/02\/Equivalence-France-Su\u00e8de-768x777.png 768w, https:\/\/www.lfsl.net\/wp-content\/uploads\/2019\/02\/Equivalence-France-Su\u00e8de-1012x1024.png 1012w\" sizes=\"auto, (max-width: 1160px) 100vw, 1160px\" \/><\/figure>\n\n\n\n<h3 class=\"wp-block-heading\">Hur g\u00e5r man vidare till gymnasiet och efter?<\/h3>\n\n\n\n<p>Undervisningsgruppens olika medlemmar (Ledningen, bibliotekarie, l\u00e4rare), informerar eleverna och f\u00f6rbereder dem. Huvudl\u00e4rarna \u00e4r de som fr\u00e4mst f\u00f6r samtalen om vidarestudier.<br>Tv\u00e5 personer tar hand om de dagliga studiehandledningen p\u00e5 skolan: Bitr\u00e4dande svensk studierektor och Informations- och referensresursen.<\/p>\n\n\n\n<p>Du hittar mer information om den svenska studiehandledningen p\u00e5 dessa sidor:<\/p>\n\n\n\n<p><a href=\"https:\/\/www.lfsl.net\/sv\/gymnasieexamen-lfsl\/\" target=\"_blank\" rel=\"noopener noreferrer\">Intern hemsida f\u00f6r studiev\u00e4gledning betr\u00e4ffande gymnasieutbildning p\u00e5 LFSL<\/a><\/p>\n\n\n\n<p><a href=\"https:\/\/gymnasiumlfsl.weebly.com\/\" target=\"_blank\" rel=\"noopener noreferrer\">Intern hemsida f\u00f6r studiev\u00e4gledning betr\u00e4ffande svensk gymnasieutbildning<\/a><\/p>\n\n\n\n<p><\/p>\n","protected":false},"excerpt":{"rendered":"<p>Organiserat i cykler: Det franska utbildningssystemet \u00e4r organiserat i skol\u00e5r, vilka \u00e4r grupperade i inl\u00e4rningscykler.L\u00e4rarlaget \u00e5tf\u00f6ljer eleverna att f\u00f6rv\u00e4rva kunskap, f\u00e4rdigheter och kultur i den gemensamma undervisningen. M\u00e5let \u00e4r att bli godk\u00e4nd i slutet av \u201c3\u00e8me\u201d . D\u00e4rf\u00f6r skapas tre etapper som utg\u00f6rs av 3 \u00e5r var, f\u00f6r att ge eleverna tid att utveckla sina &#8230; <\/p>\n<p class=\"read-more-container\"><a title=\"L\u00c4ROPLAN\" class=\"read-more button\" href=\"https:\/\/www.lfsl.net\/sv\/skolgang\/skolgang\/#more-2540\" aria-label=\"L\u00e4s mer om L\u00c4ROPLAN\">L\u00e4s mer<\/a><\/p>\n","protected":false},"author":1,"featured_media":0,"parent":2536,"menu_order":0,"comment_status":"closed","ping_status":"closed","template":"","meta":{"footnotes":""},"class_list":["post-2540","page","type-page","status-publish"],"yoast_head":"<!-- This site is optimized with the Yoast SEO plugin v27.5 - https:\/\/yoast.com\/product\/yoast-seo-wordpress\/ -->\n<title>L\u00c4ROPLAN &#8211; Lyc\u00e9e Fran\u00e7ais Saint Louis de Stockholm<\/title>\n<meta name=\"robots\" content=\"index, follow, max-snippet:-1, max-image-preview:large, max-video-preview:-1\" \/>\n<link rel=\"canonical\" href=\"https:\/\/www.lfsl.net\/sv\/skolgang\/skolgang\/\" \/>\n<meta property=\"og:locale\" content=\"sv_SE\" \/>\n<meta property=\"og:type\" content=\"article\" \/>\n<meta property=\"og:title\" content=\"L\u00c4ROPLAN &#8211; Lyc\u00e9e Fran\u00e7ais Saint Louis de Stockholm\" \/>\n<meta property=\"og:description\" content=\"Organiserat i cykler: Det franska utbildningssystemet \u00e4r organiserat i skol\u00e5r, vilka \u00e4r grupperade i inl\u00e4rningscykler.L\u00e4rarlaget \u00e5tf\u00f6ljer eleverna att f\u00f6rv\u00e4rva kunskap, f\u00e4rdigheter och kultur i den gemensamma undervisningen. M\u00e5let \u00e4r att bli godk\u00e4nd i slutet av \u201c3\u00e8me\u201d . D\u00e4rf\u00f6r skapas tre etapper som utg\u00f6rs av 3 \u00e5r var, f\u00f6r att ge eleverna tid att utveckla sina ... L\u00e4s mer\" \/>\n<meta property=\"og:url\" content=\"https:\/\/www.lfsl.net\/sv\/skolgang\/skolgang\/\" \/>\n<meta property=\"og:site_name\" content=\"Lyc\u00e9e Fran\u00e7ais Saint Louis de Stockholm\" \/>\n<meta property=\"article:publisher\" content=\"https:\/\/www.facebook.com\/Lyc%c3%a9e-Francais-Saint-Louis-182116921840529\/\" \/>\n<meta property=\"article:modified_time\" content=\"2025-05-20T07:15:50+00:00\" \/>\n<meta property=\"og:image\" content=\"https:\/\/www.lfsl.net\/wp-content\/uploads\/2020\/02\/Education_france-2.png\" \/>\n<meta name=\"twitter:card\" content=\"summary_large_image\" \/>\n<script type=\"application\/ld+json\" class=\"yoast-schema-graph\">{\"@context\":\"https:\\\/\\\/schema.org\",\"@graph\":[{\"@type\":\"WebPage\",\"@id\":\"https:\\\/\\\/www.lfsl.net\\\/sv\\\/skolgang\\\/skolgang\\\/\",\"url\":\"https:\\\/\\\/www.lfsl.net\\\/sv\\\/skolgang\\\/skolgang\\\/\",\"name\":\"L\u00c4ROPLAN &#8211; Lyc\u00e9e Fran\u00e7ais Saint Louis de Stockholm\",\"isPartOf\":{\"@id\":\"https:\\\/\\\/www.lfsl.net\\\/sv\\\/#website\"},\"primaryImageOfPage\":{\"@id\":\"https:\\\/\\\/www.lfsl.net\\\/sv\\\/skolgang\\\/skolgang\\\/#primaryimage\"},\"image\":{\"@id\":\"https:\\\/\\\/www.lfsl.net\\\/sv\\\/skolgang\\\/skolgang\\\/#primaryimage\"},\"thumbnailUrl\":\"https:\\\/\\\/www.lfsl.net\\\/wp-content\\\/uploads\\\/2020\\\/02\\\/Education_france-2.png\",\"datePublished\":\"2019-03-15T14:40:59+00:00\",\"dateModified\":\"2025-05-20T07:15:50+00:00\",\"breadcrumb\":{\"@id\":\"https:\\\/\\\/www.lfsl.net\\\/sv\\\/skolgang\\\/skolgang\\\/#breadcrumb\"},\"inLanguage\":\"sv-SE\",\"potentialAction\":[{\"@type\":\"ReadAction\",\"target\":[\"https:\\\/\\\/www.lfsl.net\\\/sv\\\/skolgang\\\/skolgang\\\/\"]}]},{\"@type\":\"ImageObject\",\"inLanguage\":\"sv-SE\",\"@id\":\"https:\\\/\\\/www.lfsl.net\\\/sv\\\/skolgang\\\/skolgang\\\/#primaryimage\",\"url\":\"https:\\\/\\\/www.lfsl.net\\\/wp-content\\\/uploads\\\/2020\\\/02\\\/Education_france-2.png\",\"contentUrl\":\"https:\\\/\\\/www.lfsl.net\\\/wp-content\\\/uploads\\\/2020\\\/02\\\/Education_france-2.png\"},{\"@type\":\"BreadcrumbList\",\"@id\":\"https:\\\/\\\/www.lfsl.net\\\/sv\\\/skolgang\\\/skolgang\\\/#breadcrumb\",\"itemListElement\":[{\"@type\":\"ListItem\",\"position\":1,\"name\":\"Home\",\"item\":\"https:\\\/\\\/www.lfsl.net\\\/sv\\\/\"},{\"@type\":\"ListItem\",\"position\":2,\"name\":\"Skolg\u00e5ng\",\"item\":\"https:\\\/\\\/www.lfsl.net\\\/sv\\\/skolgang\\\/\"},{\"@type\":\"ListItem\",\"position\":3,\"name\":\"L\u00c4ROPLAN\"}]},{\"@type\":\"WebSite\",\"@id\":\"https:\\\/\\\/www.lfsl.net\\\/sv\\\/#website\",\"url\":\"https:\\\/\\\/www.lfsl.net\\\/sv\\\/\",\"name\":\"Lyc\u00e9e Fran\u00e7ais Saint Louis de Stockholm\",\"description\":\"\u00c9tablissement membre du r\u00e9seau AEFE\",\"publisher\":{\"@id\":\"https:\\\/\\\/www.lfsl.net\\\/sv\\\/#organization\"},\"potentialAction\":[{\"@type\":\"SearchAction\",\"target\":{\"@type\":\"EntryPoint\",\"urlTemplate\":\"https:\\\/\\\/www.lfsl.net\\\/sv\\\/?s={search_term_string}\"},\"query-input\":{\"@type\":\"PropertyValueSpecification\",\"valueRequired\":true,\"valueName\":\"search_term_string\"}}],\"inLanguage\":\"sv-SE\"},{\"@type\":\"Organization\",\"@id\":\"https:\\\/\\\/www.lfsl.net\\\/sv\\\/#organization\",\"name\":\"Lyc\u00e9e Fran\u00e7ais Saint Louis\",\"url\":\"https:\\\/\\\/www.lfsl.net\\\/sv\\\/\",\"logo\":{\"@type\":\"ImageObject\",\"inLanguage\":\"sv-SE\",\"@id\":\"https:\\\/\\\/www.lfsl.net\\\/sv\\\/#\\\/schema\\\/logo\\\/image\\\/\",\"url\":\"https:\\\/\\\/www.lfsl.net\\\/wp-content\\\/uploads\\\/2021\\\/03\\\/LFSL-logo.jpg\",\"contentUrl\":\"https:\\\/\\\/www.lfsl.net\\\/wp-content\\\/uploads\\\/2021\\\/03\\\/LFSL-logo.jpg\",\"width\":330,\"height\":473,\"caption\":\"Lyc\u00e9e Fran\u00e7ais Saint Louis\"},\"image\":{\"@id\":\"https:\\\/\\\/www.lfsl.net\\\/sv\\\/#\\\/schema\\\/logo\\\/image\\\/\"},\"sameAs\":[\"https:\\\/\\\/www.facebook.com\\\/Lyc\u00e9e-Francais-Saint-Louis-182116921840529\\\/\",\"https:\\\/\\\/www.instagram.com\\\/lyceefrancaisstockholm\\\/\",\"https:\\\/\\\/www.linkedin.com\\\/school\\\/lfsl\\\/\",\"https:\\\/\\\/www.youtube.com\\\/channel\\\/UCchS4IO4jE_YY0ILwn5NgGQ\"]}]}<\/script>\n<!-- \/ Yoast SEO plugin. -->","yoast_head_json":{"title":"L\u00c4ROPLAN &#8211; Lyc\u00e9e Fran\u00e7ais Saint Louis de Stockholm","robots":{"index":"index","follow":"follow","max-snippet":"max-snippet:-1","max-image-preview":"max-image-preview:large","max-video-preview":"max-video-preview:-1"},"canonical":"https:\/\/www.lfsl.net\/sv\/skolgang\/skolgang\/","og_locale":"sv_SE","og_type":"article","og_title":"L\u00c4ROPLAN &#8211; Lyc\u00e9e Fran\u00e7ais Saint Louis de Stockholm","og_description":"Organiserat i cykler: Det franska utbildningssystemet \u00e4r organiserat i skol\u00e5r, vilka \u00e4r grupperade i inl\u00e4rningscykler.L\u00e4rarlaget \u00e5tf\u00f6ljer eleverna att f\u00f6rv\u00e4rva kunskap, f\u00e4rdigheter och kultur i den gemensamma undervisningen. M\u00e5let \u00e4r att bli godk\u00e4nd i slutet av \u201c3\u00e8me\u201d . D\u00e4rf\u00f6r skapas tre etapper som utg\u00f6rs av 3 \u00e5r var, f\u00f6r att ge eleverna tid att utveckla sina ... L\u00e4s mer","og_url":"https:\/\/www.lfsl.net\/sv\/skolgang\/skolgang\/","og_site_name":"Lyc\u00e9e Fran\u00e7ais Saint Louis de Stockholm","article_publisher":"https:\/\/www.facebook.com\/Lyc%c3%a9e-Francais-Saint-Louis-182116921840529\/","article_modified_time":"2025-05-20T07:15:50+00:00","og_image":[{"url":"https:\/\/www.lfsl.net\/wp-content\/uploads\/2020\/02\/Education_france-2.png","type":"","width":"","height":""}],"twitter_card":"summary_large_image","schema":{"@context":"https:\/\/schema.org","@graph":[{"@type":"WebPage","@id":"https:\/\/www.lfsl.net\/sv\/skolgang\/skolgang\/","url":"https:\/\/www.lfsl.net\/sv\/skolgang\/skolgang\/","name":"L\u00c4ROPLAN &#8211; Lyc\u00e9e Fran\u00e7ais Saint Louis de Stockholm","isPartOf":{"@id":"https:\/\/www.lfsl.net\/sv\/#website"},"primaryImageOfPage":{"@id":"https:\/\/www.lfsl.net\/sv\/skolgang\/skolgang\/#primaryimage"},"image":{"@id":"https:\/\/www.lfsl.net\/sv\/skolgang\/skolgang\/#primaryimage"},"thumbnailUrl":"https:\/\/www.lfsl.net\/wp-content\/uploads\/2020\/02\/Education_france-2.png","datePublished":"2019-03-15T14:40:59+00:00","dateModified":"2025-05-20T07:15:50+00:00","breadcrumb":{"@id":"https:\/\/www.lfsl.net\/sv\/skolgang\/skolgang\/#breadcrumb"},"inLanguage":"sv-SE","potentialAction":[{"@type":"ReadAction","target":["https:\/\/www.lfsl.net\/sv\/skolgang\/skolgang\/"]}]},{"@type":"ImageObject","inLanguage":"sv-SE","@id":"https:\/\/www.lfsl.net\/sv\/skolgang\/skolgang\/#primaryimage","url":"https:\/\/www.lfsl.net\/wp-content\/uploads\/2020\/02\/Education_france-2.png","contentUrl":"https:\/\/www.lfsl.net\/wp-content\/uploads\/2020\/02\/Education_france-2.png"},{"@type":"BreadcrumbList","@id":"https:\/\/www.lfsl.net\/sv\/skolgang\/skolgang\/#breadcrumb","itemListElement":[{"@type":"ListItem","position":1,"name":"Home","item":"https:\/\/www.lfsl.net\/sv\/"},{"@type":"ListItem","position":2,"name":"Skolg\u00e5ng","item":"https:\/\/www.lfsl.net\/sv\/skolgang\/"},{"@type":"ListItem","position":3,"name":"L\u00c4ROPLAN"}]},{"@type":"WebSite","@id":"https:\/\/www.lfsl.net\/sv\/#website","url":"https:\/\/www.lfsl.net\/sv\/","name":"Lyc\u00e9e Fran\u00e7ais Saint Louis de Stockholm","description":"\u00c9tablissement membre du r\u00e9seau AEFE","publisher":{"@id":"https:\/\/www.lfsl.net\/sv\/#organization"},"potentialAction":[{"@type":"SearchAction","target":{"@type":"EntryPoint","urlTemplate":"https:\/\/www.lfsl.net\/sv\/?s={search_term_string}"},"query-input":{"@type":"PropertyValueSpecification","valueRequired":true,"valueName":"search_term_string"}}],"inLanguage":"sv-SE"},{"@type":"Organization","@id":"https:\/\/www.lfsl.net\/sv\/#organization","name":"Lyc\u00e9e Fran\u00e7ais Saint Louis","url":"https:\/\/www.lfsl.net\/sv\/","logo":{"@type":"ImageObject","inLanguage":"sv-SE","@id":"https:\/\/www.lfsl.net\/sv\/#\/schema\/logo\/image\/","url":"https:\/\/www.lfsl.net\/wp-content\/uploads\/2021\/03\/LFSL-logo.jpg","contentUrl":"https:\/\/www.lfsl.net\/wp-content\/uploads\/2021\/03\/LFSL-logo.jpg","width":330,"height":473,"caption":"Lyc\u00e9e Fran\u00e7ais Saint Louis"},"image":{"@id":"https:\/\/www.lfsl.net\/sv\/#\/schema\/logo\/image\/"},"sameAs":["https:\/\/www.facebook.com\/Lyc\u00e9e-Francais-Saint-Louis-182116921840529\/","https:\/\/www.instagram.com\/lyceefrancaisstockholm\/","https:\/\/www.linkedin.com\/school\/lfsl\/","https:\/\/www.youtube.com\/channel\/UCchS4IO4jE_YY0ILwn5NgGQ"]}]}},"_links":{"self":[{"href":"https:\/\/www.lfsl.net\/sv\/wp-json\/wp\/v2\/pages\/2540","targetHints":{"allow":["GET"]}}],"collection":[{"href":"https:\/\/www.lfsl.net\/sv\/wp-json\/wp\/v2\/pages"}],"about":[{"href":"https:\/\/www.lfsl.net\/sv\/wp-json\/wp\/v2\/types\/page"}],"author":[{"embeddable":true,"href":"https:\/\/www.lfsl.net\/sv\/wp-json\/wp\/v2\/users\/1"}],"replies":[{"embeddable":true,"href":"https:\/\/www.lfsl.net\/sv\/wp-json\/wp\/v2\/comments?post=2540"}],"version-history":[{"count":40,"href":"https:\/\/www.lfsl.net\/sv\/wp-json\/wp\/v2\/pages\/2540\/revisions"}],"predecessor-version":[{"id":22876,"href":"https:\/\/www.lfsl.net\/sv\/wp-json\/wp\/v2\/pages\/2540\/revisions\/22876"}],"up":[{"embeddable":true,"href":"https:\/\/www.lfsl.net\/sv\/wp-json\/wp\/v2\/pages\/2536"}],"wp:attachment":[{"href":"https:\/\/www.lfsl.net\/sv\/wp-json\/wp\/v2\/media?parent=2540"}],"curies":[{"name":"wp","href":"https:\/\/api.w.org\/{rel}","templated":true}]}}