{"id":2542,"date":"2019-03-15T14:42:03","date_gmt":"2019-03-15T14:42:03","guid":{"rendered":"http:\/\/lfsl.net.hemsida.eu\/?page_id=2542"},"modified":"2026-02-17T14:53:54","modified_gmt":"2026-02-17T14:53:54","slug":"lag-och-mellanstadiet","status":"publish","type":"page","link":"https:\/\/www.lfsl.net\/sv\/skolgang\/lag-och-mellanstadiet\/","title":{"rendered":"l\u00e5g- och mellanstadiet"},"content":{"rendered":"\n<figure class=\"wp-block-gallery has-nested-images columns-default is-cropped wp-block-gallery-1 is-layout-flex wp-block-gallery-is-layout-flex\">\n<figure class=\"wp-block-image size-large\"><img loading=\"lazy\" decoding=\"async\" width=\"1200\" height=\"809\" data-id=\"22231\" src=\"https:\/\/www.lfsl.net\/wp-content\/uploads\/2025\/04\/Elementaire-1200x809.jpg\" alt=\"\" class=\"wp-image-22231\" srcset=\"https:\/\/www.lfsl.net\/wp-content\/uploads\/2025\/04\/Elementaire-1200x809.jpg 1200w, https:\/\/www.lfsl.net\/wp-content\/uploads\/2025\/04\/Elementaire-600x405.jpg 600w, https:\/\/www.lfsl.net\/wp-content\/uploads\/2025\/04\/Elementaire-768x518.jpg 768w, https:\/\/www.lfsl.net\/wp-content\/uploads\/2025\/04\/Elementaire.jpg 1373w\" sizes=\"auto, (max-width: 1200px) 100vw, 1200px\" \/><\/figure>\n\n\n\n<figure class=\"wp-block-image size-full\"><img loading=\"lazy\" decoding=\"async\" width=\"879\" height=\"647\" data-id=\"22235\" src=\"https:\/\/www.lfsl.net\/wp-content\/uploads\/2025\/04\/Elementaire_2.jpg\" alt=\"\" class=\"wp-image-22235\" srcset=\"https:\/\/www.lfsl.net\/wp-content\/uploads\/2025\/04\/Elementaire_2.jpg 879w, https:\/\/www.lfsl.net\/wp-content\/uploads\/2025\/04\/Elementaire_2-600x442.jpg 600w, https:\/\/www.lfsl.net\/wp-content\/uploads\/2025\/04\/Elementaire_2-768x565.jpg 768w\" sizes=\"auto, (max-width: 879px) 100vw, 879px\" \/><\/figure>\n<\/figure>\n\n\n\n<h3 class=\"wp-block-heading\">PEDAGOGISK ORGANISATION<\/h3>\n\n\n\n<p>Vid skolstart 2023, g\u00e5r 324 elever p\u00e5 l\u00e5g-och mellanstadiet, fr\u00e5n CP till CM2 :<\/p>\n\n\n\n<figure class=\"wp-block-image size-full is-resized\"><img loading=\"lazy\" decoding=\"async\" width=\"268\" height=\"132\" src=\"https:\/\/www.lfsl.net\/wp-content\/uploads\/2023\/08\/Klasser-elem-23-24.png\" alt=\"\" class=\"wp-image-17394\" style=\"width:329px;height:162px\"\/><\/figure>\n\n\n\n<p>L\u00e5g- och mellanstadiet (\u00e9l\u00e9mentaire) best\u00e5r av ett team med 16 klassl\u00e4rare, samt fyra speciall\u00e4rare, fyra engelskal\u00e4rare och fem svenskl\u00e4rare, samt en koordinator f\u00f6r spr\u00e5k (svenska och engelska).<\/p>\n\n\n\n<p>L\u00e5g- och mellanstadieeklasserna g\u00e5r huvudsakligen p\u00e5 plan 2 och 3 i l\u00e5g- och mellanstadiebyggnaden. D\u00e4remot g\u00e5r en CM 2-klass i huvudbyggnaden tillsammans med h\u00f6gstadieklasserna; och tv\u00e5 CM 2-klasser i paviljongen p\u00e5 skolg\u00e5rden.<br><br>Gymnasieeleverna g\u00e5r i en annan byggnad p\u00e5 Stora Essingen.<\/p>\n\n\n\n<p>Huvudbyggnaden delas med en svensk skola, ett kommunalt bibliotek och klassrummen \u00e4r upptagna efter kl.15.00 av <a href=\"https:\/\/www.lfsl.net\/sv\/vilka-ar-vi\/fritids\/\">Fritidsverksamheten<\/a>.<br>Skolg\u00e5rden, som inte \u00e4gs av skolan, \u00e4r ett offentligt omr\u00e5de i staden.<\/p>\n\n\n\n<p>Hemsida d\u00e4r du hittar klassbloggar och olika videor av aktiviteter p\u00e5 skolan: <a href=\"https:\/\/www.ecole-lfsl.net\/index.php\" target=\"_blank\" rel=\"noreferrer noopener\">Aktiviteter p\u00e5 \u00e9l\u00e9mentaire<\/a><\/p>\n\n\n\n<h3 class=\"wp-block-heading\">Utbildningsinneh\u00e5ll<\/h3>\n\n\n\n<p>Undervisningen sker enligt den&nbsp;franska l\u00e4roplanen (matematik, franska, engelska, historia, geografi, naturvetenskap, sport&#8230;) och \u00e4r godk\u00e4nd av det franska utbildningsministeriet. Skolveckan best\u00e5r av 24 timmars lektioner per vecka.<br>Mer information om alla program finns p\u00e5 hemsidan: <a href=\"https:\/\/eduscol.education.fr\/\" target=\"_blank\" rel=\"noreferrer noopener\">Eduscol<\/a><\/p>\n\n\n\n<p>Till dessa tillkommer tv\u00e5 timmars obligatoriska svensklektioner. Behovsgrupper bildas f\u00f6r nyb\u00f6rjare.<br>Fr\u00e5n CP-klassen kan familjer som \u00f6nskar det anm\u00e4la sitt barn till Svenska Internationella sektionen. Denna kurs inneh\u00e5ller en timmes extra svenska i CP, CE1 och CE2 samt tv\u00e5 timmar f\u00f6r studenter i CM1 och CM2<\/p>\n\n\n\n<h3 class=\"wp-block-heading\">En dag i skolan &#8211; skolkalender<\/h3>\n\n\n\n<p><strong>En vanlig skoldag b\u00f6rjar kl. 09.00 och slutar kl. 15.00 m\u00e5ndag till fredag<\/strong><\/p>\n\n\n\n<p>Det \u00e4r dock m\u00f6jligt, om ni \u00f6nskar, att v\u00e4lkomna ert barn innan skolan b\u00f6rjar och ett mottagande anordnas fr\u00e5n kl. 07:00 till kl. 08:50 :<br>F\u00f6r att be om detta, fyll i dokumentet som distribuerades i b\u00f6rjan av \u00e5ret eller skriv till: <a href=\"mailto:accueil@lfsl.net\" target=\"_blank\" rel=\"noreferrer noopener\">accueil@lfsl.net<\/a><\/p>\n\n\n\n<p><strong>Dagsplanering<\/strong><\/p>\n\n\n\n<p>08:50-09:00: Mottagande p\u00e5 skolg\u00e5rden<br>09:00-11:10: Lektionstid<br>11:10-12:00: Lunchrast, vaktas av Fritids.<\/p>\n\n\n\n<p>&#8211; CP: 10h55-11h30 lunch, sedan rast<br>&#8211; CE1 och CE2, lunch fr\u00e5n 11h10-11h35, sedan rast<br>&#8211; CM1 och CM2, rast sedan lunch fr\u00e5n 11:35 till 12:00<\/p>\n\n\n\n<p>12:00 &#8211; 15:00: lektionstid med 15 minuters rast under eftermiddagen<br><br>Enligt svenska best\u00e4mmelser \u00e4r lunchen obligatorisk och gratis.<\/p>\n\n\n\n<p>Tiderna f\u00f6r APC (Kompletterande pedagogiska aktiviteter) samt Svenska Internationella sektionens lektioner \u00e4r inlagda per niv\u00e5 vissa veckodagar, antingen kl. 8:00-9:00 eller kl.15:00-16:00.<\/p>\n\n\n\n<p>Kl. 15.00:&nbsp; om ditt barn \u00e4r inskrivet tar <a href=\"https:\/\/www.lfsl.net\/sv\/vilka-ar-vi\/fritids\/\">Fritids <\/a>\u00f6ver, annars m\u00e5ste eleven l\u00e4mna skolans lokaler. Elever i CM2 kan anm\u00e4la intresse f\u00f6r att delta i studiegrupp.<br><br><strong>N.B Inskrivning i&nbsp;Fritids<a href=\"https:\/\/fritidslfsl.net\/wp\/?lang=sv\" target=\"_blank\" rel=\"noreferrer noopener\"> <\/a>\u00e4r inte automatisk, det \u00e4r upp till familjen att g\u00f6ra det.<\/strong><br><a href=\"https:\/\/www.lfsl.net\/wp-content\/uploads\/2022\/06\/Regler-for-placering-Fritids-2022-2023.pdf\" target=\"_blank\" rel=\"noreferrer noopener\">Regler f\u00f6r Fritids <\/a><\/p>\n\n\n\n<h3 class=\"wp-block-heading\">Elevst\u00f6d<\/h3>\n\n\n\n<p>En organisation i mindre grupper i CP, som underl\u00e4ttar elevernas \u00f6verg\u00e5ng och b\u00f6rjan i grundskolan.<br>Tre l\u00e4rare n\u00e4rvarar f\u00f6r att arbeta med eleverna, antingen i sm\u00e5 grupper eller i samverkan i klasserna d\u00e4r eleverna beh\u00f6ver ett personligt st\u00f6d.<br>Det finns m\u00f6jlighet att dra nytta av en ytterligare pedagogisk aktivitet (1 timme per vecka) f\u00f6r att hj\u00e4lpa barn som har en tillf\u00e4llig sv\u00e5righet, utanf\u00f6r lektionstid.<br>Uppr\u00e4ttande av olika handlingsplaner med hj\u00e4lpmedel och anpassningar f\u00f6r barn med st\u00f6rre behov av st\u00f6d&nbsp; eller inl\u00e4rningssv\u00e5righeter.<br>Tv\u00e5 skolsk\u00f6terskor, tv\u00e5 kuratorer (svensk och fransk) som s\u00e4kerst\u00e4ller att  likabehandlingsplanen f\u00f6ljs och uppdateras, samt en skolpsykolog som finns p\u00e5 plats under hela skoldagen.<\/p>\n\n\n\n<h3 class=\"wp-block-heading\">Skolavgifter<\/h3>\n\n\n\n<p><strong>14 550 sek per \u00e5r (2026-2027)<br>Skollunch, skolmaterial, utflykter, projekt&#8230; allt ing\u00e5r.<\/strong><\/p>\n\n\n\n<h3 class=\"wp-block-heading\">F\u00f6r\u00e4ldrarnas roll<\/h3>\n\n\n\n<p>Som f\u00f6r\u00e4lder kan du delta i livet p\u00e5 skolan genom att vara en klassrepresentant och delta i skolr\u00e5det (Conseil d&#8217;\u00e9cole) eller genom att kandidera som f\u00f6r\u00e4lder i CE (Conseil d&#8217;\u00e9tablissement) eller styrelsen (Conseil d&#8217;Administration).<br>Du kan ocks\u00e5 arbeta som frivillig i f\u00f6r\u00e4ldraf\u00f6reningen, <a href=\"https:\/\/www.lfsl.net\/sv\/livet-pa-lfsl\/ape\/\" target=\"_blank\" rel=\"noreferrer noopener\">APE<\/a>.<br><br><strong>Vid fr\u00e5gor<\/strong>: <a href=\"Mailto:dir.elementaire@lfsl.net\">L\u00e5g- och mellanstadiechefen<\/a>&nbsp;<\/p>\n","protected":false},"excerpt":{"rendered":"<p>PEDAGOGISK ORGANISATION Vid skolstart 2023, g\u00e5r 324 elever p\u00e5 l\u00e5g-och mellanstadiet, fr\u00e5n CP till CM2 : L\u00e5g- och mellanstadiet (\u00e9l\u00e9mentaire) best\u00e5r av ett team med 16 klassl\u00e4rare, samt fyra speciall\u00e4rare, fyra engelskal\u00e4rare och fem svenskl\u00e4rare, samt en koordinator f\u00f6r spr\u00e5k (svenska och engelska). L\u00e5g- och mellanstadieeklasserna g\u00e5r huvudsakligen p\u00e5 plan 2 och 3 i l\u00e5g- &#8230; <\/p>\n<p class=\"read-more-container\"><a title=\"l\u00e5g- och mellanstadiet\" class=\"read-more button\" href=\"https:\/\/www.lfsl.net\/sv\/skolgang\/lag-och-mellanstadiet\/#more-2542\" aria-label=\"L\u00e4s mer om l\u00e5g- och mellanstadiet\">L\u00e4s mer<\/a><\/p>\n","protected":false},"author":1,"featured_media":0,"parent":2536,"menu_order":0,"comment_status":"closed","ping_status":"closed","template":"","meta":{"footnotes":""},"class_list":["post-2542","page","type-page","status-publish"],"yoast_head":"<!-- This site is optimized with the Yoast SEO plugin v27.4 - https:\/\/yoast.com\/product\/yoast-seo-wordpress\/ -->\n<title>l\u00e5g- och mellanstadiet &#8211; Lyc\u00e9e Fran\u00e7ais Saint Louis de Stockholm<\/title>\n<meta name=\"robots\" content=\"index, follow, max-snippet:-1, max-image-preview:large, max-video-preview:-1\" \/>\n<link rel=\"canonical\" href=\"https:\/\/www.lfsl.net\/sv\/skolgang\/lag-och-mellanstadiet\/\" \/>\n<meta property=\"og:locale\" content=\"sv_SE\" \/>\n<meta property=\"og:type\" content=\"article\" \/>\n<meta property=\"og:title\" content=\"l\u00e5g- och mellanstadiet &#8211; Lyc\u00e9e Fran\u00e7ais Saint Louis de Stockholm\" \/>\n<meta property=\"og:description\" content=\"PEDAGOGISK ORGANISATION Vid skolstart 2023, g\u00e5r 324 elever p\u00e5 l\u00e5g-och mellanstadiet, fr\u00e5n CP till CM2 : L\u00e5g- och mellanstadiet (\u00e9l\u00e9mentaire) best\u00e5r av ett team med 16 klassl\u00e4rare, samt fyra speciall\u00e4rare, fyra engelskal\u00e4rare och fem svenskl\u00e4rare, samt en koordinator f\u00f6r spr\u00e5k (svenska och engelska). L\u00e5g- och mellanstadieeklasserna g\u00e5r huvudsakligen p\u00e5 plan 2 och 3 i l\u00e5g- ... L\u00e4s mer\" \/>\n<meta property=\"og:url\" content=\"https:\/\/www.lfsl.net\/sv\/skolgang\/lag-och-mellanstadiet\/\" \/>\n<meta property=\"og:site_name\" content=\"Lyc\u00e9e Fran\u00e7ais Saint Louis de Stockholm\" \/>\n<meta property=\"article:publisher\" content=\"https:\/\/www.facebook.com\/Lyc%c3%a9e-Francais-Saint-Louis-182116921840529\/\" \/>\n<meta property=\"article:modified_time\" content=\"2026-02-17T14:53:54+00:00\" \/>\n<meta property=\"og:image\" content=\"https:\/\/www.lfsl.net\/wp-content\/uploads\/2025\/04\/Elementaire.jpg\" \/>\n\t<meta property=\"og:image:width\" content=\"1373\" \/>\n\t<meta property=\"og:image:height\" content=\"926\" \/>\n\t<meta property=\"og:image:type\" content=\"image\/jpeg\" \/>\n<meta name=\"twitter:card\" content=\"summary_large_image\" \/>\n<script type=\"application\/ld+json\" class=\"yoast-schema-graph\">{\"@context\":\"https:\\\/\\\/schema.org\",\"@graph\":[{\"@type\":\"WebPage\",\"@id\":\"https:\\\/\\\/www.lfsl.net\\\/sv\\\/skolgang\\\/lag-och-mellanstadiet\\\/\",\"url\":\"https:\\\/\\\/www.lfsl.net\\\/sv\\\/skolgang\\\/lag-och-mellanstadiet\\\/\",\"name\":\"l\u00e5g- och mellanstadiet &#8211; Lyc\u00e9e Fran\u00e7ais Saint Louis de Stockholm\",\"isPartOf\":{\"@id\":\"https:\\\/\\\/www.lfsl.net\\\/sv\\\/#website\"},\"primaryImageOfPage\":{\"@id\":\"https:\\\/\\\/www.lfsl.net\\\/sv\\\/skolgang\\\/lag-och-mellanstadiet\\\/#primaryimage\"},\"image\":{\"@id\":\"https:\\\/\\\/www.lfsl.net\\\/sv\\\/skolgang\\\/lag-och-mellanstadiet\\\/#primaryimage\"},\"thumbnailUrl\":\"https:\\\/\\\/www.lfsl.net\\\/wp-content\\\/uploads\\\/2025\\\/04\\\/Elementaire-1200x809.jpg\",\"datePublished\":\"2019-03-15T14:42:03+00:00\",\"dateModified\":\"2026-02-17T14:53:54+00:00\",\"breadcrumb\":{\"@id\":\"https:\\\/\\\/www.lfsl.net\\\/sv\\\/skolgang\\\/lag-och-mellanstadiet\\\/#breadcrumb\"},\"inLanguage\":\"sv-SE\",\"potentialAction\":[{\"@type\":\"ReadAction\",\"target\":[\"https:\\\/\\\/www.lfsl.net\\\/sv\\\/skolgang\\\/lag-och-mellanstadiet\\\/\"]}]},{\"@type\":\"ImageObject\",\"inLanguage\":\"sv-SE\",\"@id\":\"https:\\\/\\\/www.lfsl.net\\\/sv\\\/skolgang\\\/lag-och-mellanstadiet\\\/#primaryimage\",\"url\":\"https:\\\/\\\/www.lfsl.net\\\/wp-content\\\/uploads\\\/2025\\\/04\\\/Elementaire-1200x809.jpg\",\"contentUrl\":\"https:\\\/\\\/www.lfsl.net\\\/wp-content\\\/uploads\\\/2025\\\/04\\\/Elementaire-1200x809.jpg\"},{\"@type\":\"BreadcrumbList\",\"@id\":\"https:\\\/\\\/www.lfsl.net\\\/sv\\\/skolgang\\\/lag-och-mellanstadiet\\\/#breadcrumb\",\"itemListElement\":[{\"@type\":\"ListItem\",\"position\":1,\"name\":\"Home\",\"item\":\"https:\\\/\\\/www.lfsl.net\\\/sv\\\/\"},{\"@type\":\"ListItem\",\"position\":2,\"name\":\"Skolg\u00e5ng\",\"item\":\"https:\\\/\\\/www.lfsl.net\\\/sv\\\/skolgang\\\/\"},{\"@type\":\"ListItem\",\"position\":3,\"name\":\"l\u00e5g- och mellanstadiet\"}]},{\"@type\":\"WebSite\",\"@id\":\"https:\\\/\\\/www.lfsl.net\\\/sv\\\/#website\",\"url\":\"https:\\\/\\\/www.lfsl.net\\\/sv\\\/\",\"name\":\"Lyc\u00e9e Fran\u00e7ais Saint Louis de Stockholm\",\"description\":\"\u00c9tablissement membre du r\u00e9seau AEFE\",\"publisher\":{\"@id\":\"https:\\\/\\\/www.lfsl.net\\\/sv\\\/#organization\"},\"potentialAction\":[{\"@type\":\"SearchAction\",\"target\":{\"@type\":\"EntryPoint\",\"urlTemplate\":\"https:\\\/\\\/www.lfsl.net\\\/sv\\\/?s={search_term_string}\"},\"query-input\":{\"@type\":\"PropertyValueSpecification\",\"valueRequired\":true,\"valueName\":\"search_term_string\"}}],\"inLanguage\":\"sv-SE\"},{\"@type\":\"Organization\",\"@id\":\"https:\\\/\\\/www.lfsl.net\\\/sv\\\/#organization\",\"name\":\"Lyc\u00e9e Fran\u00e7ais Saint Louis\",\"url\":\"https:\\\/\\\/www.lfsl.net\\\/sv\\\/\",\"logo\":{\"@type\":\"ImageObject\",\"inLanguage\":\"sv-SE\",\"@id\":\"https:\\\/\\\/www.lfsl.net\\\/sv\\\/#\\\/schema\\\/logo\\\/image\\\/\",\"url\":\"https:\\\/\\\/www.lfsl.net\\\/wp-content\\\/uploads\\\/2021\\\/03\\\/LFSL-logo.jpg\",\"contentUrl\":\"https:\\\/\\\/www.lfsl.net\\\/wp-content\\\/uploads\\\/2021\\\/03\\\/LFSL-logo.jpg\",\"width\":330,\"height\":473,\"caption\":\"Lyc\u00e9e Fran\u00e7ais Saint Louis\"},\"image\":{\"@id\":\"https:\\\/\\\/www.lfsl.net\\\/sv\\\/#\\\/schema\\\/logo\\\/image\\\/\"},\"sameAs\":[\"https:\\\/\\\/www.facebook.com\\\/Lyc\u00e9e-Francais-Saint-Louis-182116921840529\\\/\",\"https:\\\/\\\/www.instagram.com\\\/lyceefrancaisstockholm\\\/\",\"https:\\\/\\\/www.linkedin.com\\\/school\\\/lfsl\\\/\",\"https:\\\/\\\/www.youtube.com\\\/channel\\\/UCchS4IO4jE_YY0ILwn5NgGQ\"]}]}<\/script>\n<!-- \/ Yoast SEO plugin. -->","yoast_head_json":{"title":"l\u00e5g- och mellanstadiet &#8211; Lyc\u00e9e Fran\u00e7ais Saint Louis de Stockholm","robots":{"index":"index","follow":"follow","max-snippet":"max-snippet:-1","max-image-preview":"max-image-preview:large","max-video-preview":"max-video-preview:-1"},"canonical":"https:\/\/www.lfsl.net\/sv\/skolgang\/lag-och-mellanstadiet\/","og_locale":"sv_SE","og_type":"article","og_title":"l\u00e5g- och mellanstadiet &#8211; Lyc\u00e9e Fran\u00e7ais Saint Louis de Stockholm","og_description":"PEDAGOGISK ORGANISATION Vid skolstart 2023, g\u00e5r 324 elever p\u00e5 l\u00e5g-och mellanstadiet, fr\u00e5n CP till CM2 : L\u00e5g- och mellanstadiet (\u00e9l\u00e9mentaire) best\u00e5r av ett team med 16 klassl\u00e4rare, samt fyra speciall\u00e4rare, fyra engelskal\u00e4rare och fem svenskl\u00e4rare, samt en koordinator f\u00f6r spr\u00e5k (svenska och engelska). L\u00e5g- och mellanstadieeklasserna g\u00e5r huvudsakligen p\u00e5 plan 2 och 3 i l\u00e5g- ... L\u00e4s mer","og_url":"https:\/\/www.lfsl.net\/sv\/skolgang\/lag-och-mellanstadiet\/","og_site_name":"Lyc\u00e9e Fran\u00e7ais Saint Louis de Stockholm","article_publisher":"https:\/\/www.facebook.com\/Lyc%c3%a9e-Francais-Saint-Louis-182116921840529\/","article_modified_time":"2026-02-17T14:53:54+00:00","og_image":[{"width":1373,"height":926,"url":"https:\/\/www.lfsl.net\/wp-content\/uploads\/2025\/04\/Elementaire.jpg","type":"image\/jpeg"}],"twitter_card":"summary_large_image","schema":{"@context":"https:\/\/schema.org","@graph":[{"@type":"WebPage","@id":"https:\/\/www.lfsl.net\/sv\/skolgang\/lag-och-mellanstadiet\/","url":"https:\/\/www.lfsl.net\/sv\/skolgang\/lag-och-mellanstadiet\/","name":"l\u00e5g- och mellanstadiet &#8211; Lyc\u00e9e Fran\u00e7ais Saint Louis de Stockholm","isPartOf":{"@id":"https:\/\/www.lfsl.net\/sv\/#website"},"primaryImageOfPage":{"@id":"https:\/\/www.lfsl.net\/sv\/skolgang\/lag-och-mellanstadiet\/#primaryimage"},"image":{"@id":"https:\/\/www.lfsl.net\/sv\/skolgang\/lag-och-mellanstadiet\/#primaryimage"},"thumbnailUrl":"https:\/\/www.lfsl.net\/wp-content\/uploads\/2025\/04\/Elementaire-1200x809.jpg","datePublished":"2019-03-15T14:42:03+00:00","dateModified":"2026-02-17T14:53:54+00:00","breadcrumb":{"@id":"https:\/\/www.lfsl.net\/sv\/skolgang\/lag-och-mellanstadiet\/#breadcrumb"},"inLanguage":"sv-SE","potentialAction":[{"@type":"ReadAction","target":["https:\/\/www.lfsl.net\/sv\/skolgang\/lag-och-mellanstadiet\/"]}]},{"@type":"ImageObject","inLanguage":"sv-SE","@id":"https:\/\/www.lfsl.net\/sv\/skolgang\/lag-och-mellanstadiet\/#primaryimage","url":"https:\/\/www.lfsl.net\/wp-content\/uploads\/2025\/04\/Elementaire-1200x809.jpg","contentUrl":"https:\/\/www.lfsl.net\/wp-content\/uploads\/2025\/04\/Elementaire-1200x809.jpg"},{"@type":"BreadcrumbList","@id":"https:\/\/www.lfsl.net\/sv\/skolgang\/lag-och-mellanstadiet\/#breadcrumb","itemListElement":[{"@type":"ListItem","position":1,"name":"Home","item":"https:\/\/www.lfsl.net\/sv\/"},{"@type":"ListItem","position":2,"name":"Skolg\u00e5ng","item":"https:\/\/www.lfsl.net\/sv\/skolgang\/"},{"@type":"ListItem","position":3,"name":"l\u00e5g- och mellanstadiet"}]},{"@type":"WebSite","@id":"https:\/\/www.lfsl.net\/sv\/#website","url":"https:\/\/www.lfsl.net\/sv\/","name":"Lyc\u00e9e Fran\u00e7ais Saint Louis de Stockholm","description":"\u00c9tablissement membre du r\u00e9seau AEFE","publisher":{"@id":"https:\/\/www.lfsl.net\/sv\/#organization"},"potentialAction":[{"@type":"SearchAction","target":{"@type":"EntryPoint","urlTemplate":"https:\/\/www.lfsl.net\/sv\/?s={search_term_string}"},"query-input":{"@type":"PropertyValueSpecification","valueRequired":true,"valueName":"search_term_string"}}],"inLanguage":"sv-SE"},{"@type":"Organization","@id":"https:\/\/www.lfsl.net\/sv\/#organization","name":"Lyc\u00e9e Fran\u00e7ais Saint Louis","url":"https:\/\/www.lfsl.net\/sv\/","logo":{"@type":"ImageObject","inLanguage":"sv-SE","@id":"https:\/\/www.lfsl.net\/sv\/#\/schema\/logo\/image\/","url":"https:\/\/www.lfsl.net\/wp-content\/uploads\/2021\/03\/LFSL-logo.jpg","contentUrl":"https:\/\/www.lfsl.net\/wp-content\/uploads\/2021\/03\/LFSL-logo.jpg","width":330,"height":473,"caption":"Lyc\u00e9e Fran\u00e7ais Saint Louis"},"image":{"@id":"https:\/\/www.lfsl.net\/sv\/#\/schema\/logo\/image\/"},"sameAs":["https:\/\/www.facebook.com\/Lyc\u00e9e-Francais-Saint-Louis-182116921840529\/","https:\/\/www.instagram.com\/lyceefrancaisstockholm\/","https:\/\/www.linkedin.com\/school\/lfsl\/","https:\/\/www.youtube.com\/channel\/UCchS4IO4jE_YY0ILwn5NgGQ"]}]}},"_links":{"self":[{"href":"https:\/\/www.lfsl.net\/sv\/wp-json\/wp\/v2\/pages\/2542","targetHints":{"allow":["GET"]}}],"collection":[{"href":"https:\/\/www.lfsl.net\/sv\/wp-json\/wp\/v2\/pages"}],"about":[{"href":"https:\/\/www.lfsl.net\/sv\/wp-json\/wp\/v2\/types\/page"}],"author":[{"embeddable":true,"href":"https:\/\/www.lfsl.net\/sv\/wp-json\/wp\/v2\/users\/1"}],"replies":[{"embeddable":true,"href":"https:\/\/www.lfsl.net\/sv\/wp-json\/wp\/v2\/comments?post=2542"}],"version-history":[{"count":58,"href":"https:\/\/www.lfsl.net\/sv\/wp-json\/wp\/v2\/pages\/2542\/revisions"}],"predecessor-version":[{"id":24839,"href":"https:\/\/www.lfsl.net\/sv\/wp-json\/wp\/v2\/pages\/2542\/revisions\/24839"}],"up":[{"embeddable":true,"href":"https:\/\/www.lfsl.net\/sv\/wp-json\/wp\/v2\/pages\/2536"}],"wp:attachment":[{"href":"https:\/\/www.lfsl.net\/sv\/wp-json\/wp\/v2\/media?parent=2542"}],"curies":[{"name":"wp","href":"https:\/\/api.w.org\/{rel}","templated":true}]}}