{"id":2551,"date":"2019-03-15T14:44:34","date_gmt":"2019-03-15T14:44:34","guid":{"rendered":"http:\/\/lfsl.net.hemsida.eu\/?page_id=2551"},"modified":"2025-04-10T07:47:38","modified_gmt":"2025-04-10T07:47:38","slug":"elever-med-sarskilda-behov","status":"publish","type":"page","link":"https:\/\/www.lfsl.net\/sv\/skolgang\/elever-med-sarskilda-behov\/","title":{"rendered":"elever med s\u00e4rskilda behov"},"content":{"rendered":"\n<p><strong><span title=\"\">Lyc\u00e9e Fran\u00e7ais Saint Louis tillgodoser undervisningssbehoven hos elever med behov av s\u00e4rskilt st\u00f6d i grundskolan och gymnasiet. Inkluderande undervisning \u00e4r en av grundpelarna inom LFSL och AEFE.<br>P\u00e5 skolan har LFSL speciall\u00e4rare och assistenter som hj\u00e4lper elever i behov av st\u00f6d i klassrummet.<br>Skolan till\u00e5ter varje elev att utveckla sina f\u00e4rdigheter och uttrycka sin potential med h\u00e4nsyn till specifika situationer. Beroende p\u00e5 barnens behov och situation kan olika projekt genomf\u00f6ras.<br>St\u00f6d ges i samr\u00e5d med familjerna, l\u00e4raren eller rektorn och h\u00e4lsoteamet.<br><\/span><\/strong><\/p>\n\n\n<div class=\"wp-block-image\">\n<figure class=\"alignright is-resized\"><img loading=\"lazy\" decoding=\"async\" width=\"1880\" height=\"1253\" src=\"https:\/\/www.lfsl.net\/wp-content\/uploads\/2019\/04\/Besoins-particuliers_bild.jpeg\" alt=\"\" class=\"wp-image-3457\" style=\"width:305px;height:203px\" srcset=\"https:\/\/www.lfsl.net\/wp-content\/uploads\/2019\/04\/Besoins-particuliers_bild.jpeg 1880w, https:\/\/www.lfsl.net\/wp-content\/uploads\/2019\/04\/Besoins-particuliers_bild-600x400.jpeg 600w, https:\/\/www.lfsl.net\/wp-content\/uploads\/2019\/04\/Besoins-particuliers_bild-768x512.jpeg 768w, https:\/\/www.lfsl.net\/wp-content\/uploads\/2019\/04\/Besoins-particuliers_bild-1200x800.jpeg 1200w\" sizes=\"auto, (max-width: 1880px) 100vw, 1880px\" \/><\/figure>\n<\/div>\n\n\n<h3 class=\"wp-block-heading\"><strong>Vilken plan och f\u00f6r vem?<\/strong><\/h3>\n\n\n\n<p>\u2022 <strong>Individuell v\u00e5rdplan (PAI)<\/strong>: den g\u00e4ller barn med kroniska sjukdomar (astma, matallergi, etc.). En blankett specificerar arrangemang relaterade till h\u00e4lsotillst\u00e5ndet (behandlingar, specifika dieter, n\u00f6dprotokoll ). Beg\u00e4ran g\u00f6rs av familjen i samarbete med skolsjuksk\u00f6terskan. Ett l\u00e4karintyg m\u00e5ste tillhandah\u00e5llas samt ett recept som anger behandlingsprotokollet.<\/p>\n\n\n\n<p>\u2022<strong> Personligt Skolg\u00e5ngsprojekt (PPS)<\/strong>: det g\u00e4ller barn med fysiska, sensoriska, kognitiva, psykologiska eller funktionshindrande h\u00e4lsoproblem. En tillv\u00e4gag\u00e5ngsplan f\u00f6r skolan definieras. Den specificerar och anpassar de pedagogiska och medicinska \u00e5tg\u00e4rder som uppfyller studentens behov.<\/p>\n\n\n\n<p>\u2022 <strong>Personlig st\u00f6dplan (PAP<\/strong>): detta \u00e4r ett dokument som definierar utbildningsarrangemang och anpassningar. Det kan beg\u00e4ras av familjen, f\u00f6resl\u00e5s av skolr\u00e5det eller klassr\u00e5det. Medicinska eller paramedicinska unders\u00f6kningar utf\u00f6rs. N\u00e4r det g\u00e4ller testerna och bed\u00f6mningarna ger l\u00e4karen ett yttrande om relevansen av en PAP med tanke p\u00e5 f\u00f6rekomsten eller inte av st\u00f6rningarna. PAP skickas till l\u00e4rare f\u00f6r att b\u00e4st anpassa elevens undervisning.<\/p>\n\n\n\n<p>\u2022 <strong>Personligt utbildningsprogram (PPRE)<\/strong>: det g\u00e4ller elever som inte beh\u00e4rskar vissa kunskaper eller f\u00e4rdigheter som f\u00f6rv\u00e4ntas vid slutet av en undervisningscykel. Detta projekt \u00e4r utformat f\u00f6r att svara p\u00e5 elevens sv\u00e5righeter med pedagogiskt st\u00f6d, specialiserad eller ytterligare hj\u00e4lp f\u00f6r att utvecklas i sitt \u00e4rande. PPRE inr\u00e4ttas av l\u00e5g- och mellanstadiechefen eller rektorn p\u00e5 initiativ av l\u00e4rarteamen.<\/p>\n\n\n\n<p><strong>F\u00f6r fr\u00e5gor ang\u00e5ende st\u00f6d f\u00f6r elever med s\u00e4rskilda behov v\u00e4nligen kontakta <a href=\"mailto:ocureau@lfsl.net\">Chefen f\u00f6r skolh\u00e4lsoteamet.<\/a><\/strong><\/p>\n\n\n\n<p><\/p>\n\n\n\n<h3 class=\"wp-block-heading entry-title\"><strong>MELODYS, MUSIK F\u00d6R ATT HJ\u00c4LPA MOT INL\u00c4RNINGSSV\u00c5RIGHETER<\/strong><\/h3>\n\n\n\n<p><\/p>\n\n\n\n<p><strong>Som en del av skolprojektet och s\u00e4rskilt i sin \u00f6nskan att st\u00f6dja elever med s\u00e4rskilda behov under hela sin skolg\u00e5ng, har LFSL sedan tv\u00e5 \u00e5r tillbaka implementerat M\u00e9lodys-metoden, som \u00e4r en musikalisk pedagogik specialiserad p\u00e5 inl\u00e4rningssv\u00e5righeter (dys, tdah, HPI).<\/strong><\/p>\n\n\n\n<p><strong><em>Vad \u00e4r M\u00e9lodys-metoden?<\/em><\/strong><\/p>\n\n\n\n<p>M\u00e9lodys-metoden \u00e4r ett tv\u00e4rvetenskapligt tillv\u00e4gag\u00e5ngss\u00e4tt som innefattar: en specifik musikpedagogik anpassad till dysst\u00f6rningar och kognitiv f\u00f6rb\u00e4ttring genom musik.<\/p>\n\n\n\n<p>Denna multisensoriska pedagogik involverar samtidig auditiv, visuell, motorisk och verbal aktivitet. Det l\u00e5ter dig bryta ner de kognitiva elementen i inl\u00e4rning, passera genom isolerade ljudparametrar f\u00f6r att utveckla en fin uppfattning. Sedan monteras dessa element gradvis f\u00f6r att st\u00f6dja den f\u00f6rv\u00e4ntade f\u00f6rb\u00e4ttringen (exempel: l\u00e4raren sjunger korta och l\u00e5nga ljud och barnet skriver dem i realtid).<\/p>\n\n\n\n<p>Denna metod kombinerar rytmisk stimulering, att involvera kroppen i instrumentalt l\u00e4rande (motoriska f\u00e4rdigheter eller med kroppen som instrument) och att utveckla koordination \/ balans mellan de tv\u00e5 hj\u00e4rnhalvorna \/ motoriska f\u00e4rdigheter.<\/p>\n\n\n\n<p><strong><em>F\u00f6rdelarna med denna metod<br><\/em><\/strong><br>Musikalisk ut\u00f6vning har effekter p\u00e5 kognitiva och spr\u00e5kliga f\u00e4rdigheter och p\u00e5 de brister som observerats hos dyslektiker. Flera studier visar att barn genom att l\u00e4ra sig att uppleva musikaliska ljud f\u00f6rb\u00e4ttrar sin uppfattning om spr\u00e5kets ljud och sin l\u00e4sning. Effekten av M\u00e9lodys-metoden st\u00f6ds av flera studier som genomf\u00f6rts p\u00e5 senare \u00e5r p\u00e5 flera grupper av dyslektiska och icke-dyslektiska barn.<\/p>\n\n\n\n<p>M\u00e9lodys anv\u00e4nds i flera milj\u00f6er, s\u00e5som p\u00e5 musikkonservatorier, hos logopeder och i skolor, vilket \u00e4r fallet p\u00e5 LFSL. Melodys erbjuds h\u00e4r p\u00e5 eftermiddagarna som en musikatelj\u00e9 en timme i veckan f\u00f6r elever med s\u00e4rskilda behov.<br><\/p>\n\n\n\n<p>Alexandre Pier Federici, musikl\u00e4rare vid LFSL, har utbildats i M\u00e9lodysmetoden. Resultaten som observerats under de senaste \u00e5ren \u00e4r mycket lovande och vittnar redan om metodens positiva effekter.<br>\u201dPersoner med dyslexi uppvisar avvikelser i strukturen hos vissa nervbanor. Musikut\u00f6vande kan varaktigt f\u00f6r\u00e4ndra hj\u00e4rnbarkens struktur, s\u00e4rskilt n\u00e4r det g\u00e4ller nervkopplingarna. Vi har sett elever g\u00f6ra fantastiska framsteg efter att ha deltagit i M\u00e9lodysprogrammet!\u201d, s\u00e4ger Alexandre Pier Federici entusiastiskt.<\/p>\n\n\n\n<p>F\u00f6r mer information:&nbsp;<a href=\"https:\/\/melodys.org\/\" target=\"_blank\" rel=\"noreferrer noopener\" aria-label=\"MELODYS (opens in a new tab)\">MELODYS<\/a><\/p>\n\n\n\n<h3 class=\"wp-block-heading\">Dokument betr\u00e4ffande undervisning av elever med s\u00e4rskilda behov (p\u00e5 franska)<\/h3>\n\n\n\n<p><a href=\"https:\/\/www.aefe.fr\/sites\/default\/files\/asset\/file\/2018-brochure-accueil-eleves-besoins-educatifs-particuliers.pdf\" target=\"_blank\" rel=\"noopener noreferrer\">AEFE-broschyr<\/a><br><a href=\"https:\/\/cache.media.eduscol.education.fr\/file\/Handicap\/41\/0\/ecole_inclusive_dossier_extrait_QPPQ_376117_378410.pdf\" target=\"_blank\" rel=\"noopener noreferrer\">Broschyr Franska utbildningsministeriet<\/a><br><a href=\"https:\/\/www.lfsl.net\/wp-content\/uploads\/2019\/02\/scolarisation-%C3%A9l%C3%A8ves-parcours-de-sclarisation.pdf\" target=\"_blank\" rel=\"noopener\">Scolarisation \u00e9l\u00e8ves parcours de scolarisation<\/a><\/p>\n\n\n\n<ul class=\"wp-block-list\">\n<li>&nbsp;<\/li>\n<\/ul>\n","protected":false},"excerpt":{"rendered":"<p>Lyc\u00e9e Fran\u00e7ais Saint Louis tillgodoser undervisningssbehoven hos elever med behov av s\u00e4rskilt st\u00f6d i grundskolan och gymnasiet. Inkluderande undervisning \u00e4r en av grundpelarna inom LFSL och AEFE.P\u00e5 skolan har LFSL speciall\u00e4rare och assistenter som hj\u00e4lper elever i behov av st\u00f6d i klassrummet.Skolan till\u00e5ter varje elev att utveckla sina f\u00e4rdigheter och uttrycka sin potential med h\u00e4nsyn &#8230; <\/p>\n<p class=\"read-more-container\"><a title=\"elever med s\u00e4rskilda behov\" class=\"read-more button\" href=\"https:\/\/www.lfsl.net\/sv\/skolgang\/elever-med-sarskilda-behov\/#more-2551\" aria-label=\"L\u00e4s mer om elever med s\u00e4rskilda behov\">L\u00e4s mer<\/a><\/p>\n","protected":false},"author":1,"featured_media":0,"parent":2536,"menu_order":0,"comment_status":"closed","ping_status":"closed","template":"","meta":{"footnotes":""},"class_list":["post-2551","page","type-page","status-publish"],"yoast_head":"<!-- This site is optimized with the Yoast SEO plugin v27.4 - https:\/\/yoast.com\/product\/yoast-seo-wordpress\/ -->\n<title>elever med s\u00e4rskilda behov &#8211; Lyc\u00e9e Fran\u00e7ais Saint Louis de Stockholm<\/title>\n<meta name=\"robots\" content=\"index, follow, max-snippet:-1, max-image-preview:large, max-video-preview:-1\" \/>\n<link rel=\"canonical\" href=\"https:\/\/www.lfsl.net\/sv\/skolgang\/elever-med-sarskilda-behov\/\" \/>\n<meta property=\"og:locale\" content=\"sv_SE\" \/>\n<meta property=\"og:type\" content=\"article\" \/>\n<meta property=\"og:title\" content=\"elever med s\u00e4rskilda behov &#8211; Lyc\u00e9e Fran\u00e7ais Saint Louis de Stockholm\" \/>\n<meta property=\"og:description\" content=\"Lyc\u00e9e Fran\u00e7ais Saint Louis tillgodoser undervisningssbehoven hos elever med behov av s\u00e4rskilt st\u00f6d i grundskolan och gymnasiet. Inkluderande undervisning \u00e4r en av grundpelarna inom LFSL och AEFE.P\u00e5 skolan har LFSL speciall\u00e4rare och assistenter som hj\u00e4lper elever i behov av st\u00f6d i klassrummet.Skolan till\u00e5ter varje elev att utveckla sina f\u00e4rdigheter och uttrycka sin potential med h\u00e4nsyn ... L\u00e4s mer\" \/>\n<meta property=\"og:url\" content=\"https:\/\/www.lfsl.net\/sv\/skolgang\/elever-med-sarskilda-behov\/\" \/>\n<meta property=\"og:site_name\" content=\"Lyc\u00e9e Fran\u00e7ais Saint Louis de Stockholm\" \/>\n<meta property=\"article:publisher\" content=\"https:\/\/www.facebook.com\/Lyc%c3%a9e-Francais-Saint-Louis-182116921840529\/\" \/>\n<meta property=\"article:modified_time\" content=\"2025-04-10T07:47:38+00:00\" \/>\n<meta property=\"og:image\" content=\"https:\/\/www.lfsl.net\/wp-content\/uploads\/2019\/04\/Besoins-particuliers_bild.jpeg\" \/>\n<meta name=\"twitter:card\" content=\"summary_large_image\" \/>\n<script type=\"application\/ld+json\" class=\"yoast-schema-graph\">{\"@context\":\"https:\\\/\\\/schema.org\",\"@graph\":[{\"@type\":\"WebPage\",\"@id\":\"https:\\\/\\\/www.lfsl.net\\\/sv\\\/skolgang\\\/elever-med-sarskilda-behov\\\/\",\"url\":\"https:\\\/\\\/www.lfsl.net\\\/sv\\\/skolgang\\\/elever-med-sarskilda-behov\\\/\",\"name\":\"elever med s\u00e4rskilda behov &#8211; Lyc\u00e9e Fran\u00e7ais Saint Louis de Stockholm\",\"isPartOf\":{\"@id\":\"https:\\\/\\\/www.lfsl.net\\\/sv\\\/#website\"},\"primaryImageOfPage\":{\"@id\":\"https:\\\/\\\/www.lfsl.net\\\/sv\\\/skolgang\\\/elever-med-sarskilda-behov\\\/#primaryimage\"},\"image\":{\"@id\":\"https:\\\/\\\/www.lfsl.net\\\/sv\\\/skolgang\\\/elever-med-sarskilda-behov\\\/#primaryimage\"},\"thumbnailUrl\":\"https:\\\/\\\/www.lfsl.net\\\/wp-content\\\/uploads\\\/2019\\\/04\\\/Besoins-particuliers_bild.jpeg\",\"datePublished\":\"2019-03-15T14:44:34+00:00\",\"dateModified\":\"2025-04-10T07:47:38+00:00\",\"breadcrumb\":{\"@id\":\"https:\\\/\\\/www.lfsl.net\\\/sv\\\/skolgang\\\/elever-med-sarskilda-behov\\\/#breadcrumb\"},\"inLanguage\":\"sv-SE\",\"potentialAction\":[{\"@type\":\"ReadAction\",\"target\":[\"https:\\\/\\\/www.lfsl.net\\\/sv\\\/skolgang\\\/elever-med-sarskilda-behov\\\/\"]}]},{\"@type\":\"ImageObject\",\"inLanguage\":\"sv-SE\",\"@id\":\"https:\\\/\\\/www.lfsl.net\\\/sv\\\/skolgang\\\/elever-med-sarskilda-behov\\\/#primaryimage\",\"url\":\"https:\\\/\\\/www.lfsl.net\\\/wp-content\\\/uploads\\\/2019\\\/04\\\/Besoins-particuliers_bild.jpeg\",\"contentUrl\":\"https:\\\/\\\/www.lfsl.net\\\/wp-content\\\/uploads\\\/2019\\\/04\\\/Besoins-particuliers_bild.jpeg\"},{\"@type\":\"BreadcrumbList\",\"@id\":\"https:\\\/\\\/www.lfsl.net\\\/sv\\\/skolgang\\\/elever-med-sarskilda-behov\\\/#breadcrumb\",\"itemListElement\":[{\"@type\":\"ListItem\",\"position\":1,\"name\":\"Home\",\"item\":\"https:\\\/\\\/www.lfsl.net\\\/sv\\\/\"},{\"@type\":\"ListItem\",\"position\":2,\"name\":\"Skolg\u00e5ng\",\"item\":\"https:\\\/\\\/www.lfsl.net\\\/sv\\\/skolgang\\\/\"},{\"@type\":\"ListItem\",\"position\":3,\"name\":\"elever med s\u00e4rskilda behov\"}]},{\"@type\":\"WebSite\",\"@id\":\"https:\\\/\\\/www.lfsl.net\\\/sv\\\/#website\",\"url\":\"https:\\\/\\\/www.lfsl.net\\\/sv\\\/\",\"name\":\"Lyc\u00e9e Fran\u00e7ais Saint Louis de Stockholm\",\"description\":\"\u00c9tablissement membre du r\u00e9seau AEFE\",\"publisher\":{\"@id\":\"https:\\\/\\\/www.lfsl.net\\\/sv\\\/#organization\"},\"potentialAction\":[{\"@type\":\"SearchAction\",\"target\":{\"@type\":\"EntryPoint\",\"urlTemplate\":\"https:\\\/\\\/www.lfsl.net\\\/sv\\\/?s={search_term_string}\"},\"query-input\":{\"@type\":\"PropertyValueSpecification\",\"valueRequired\":true,\"valueName\":\"search_term_string\"}}],\"inLanguage\":\"sv-SE\"},{\"@type\":\"Organization\",\"@id\":\"https:\\\/\\\/www.lfsl.net\\\/sv\\\/#organization\",\"name\":\"Lyc\u00e9e Fran\u00e7ais Saint Louis\",\"url\":\"https:\\\/\\\/www.lfsl.net\\\/sv\\\/\",\"logo\":{\"@type\":\"ImageObject\",\"inLanguage\":\"sv-SE\",\"@id\":\"https:\\\/\\\/www.lfsl.net\\\/sv\\\/#\\\/schema\\\/logo\\\/image\\\/\",\"url\":\"https:\\\/\\\/www.lfsl.net\\\/wp-content\\\/uploads\\\/2021\\\/03\\\/LFSL-logo.jpg\",\"contentUrl\":\"https:\\\/\\\/www.lfsl.net\\\/wp-content\\\/uploads\\\/2021\\\/03\\\/LFSL-logo.jpg\",\"width\":330,\"height\":473,\"caption\":\"Lyc\u00e9e Fran\u00e7ais Saint Louis\"},\"image\":{\"@id\":\"https:\\\/\\\/www.lfsl.net\\\/sv\\\/#\\\/schema\\\/logo\\\/image\\\/\"},\"sameAs\":[\"https:\\\/\\\/www.facebook.com\\\/Lyc\u00e9e-Francais-Saint-Louis-182116921840529\\\/\",\"https:\\\/\\\/www.instagram.com\\\/lyceefrancaisstockholm\\\/\",\"https:\\\/\\\/www.linkedin.com\\\/school\\\/lfsl\\\/\",\"https:\\\/\\\/www.youtube.com\\\/channel\\\/UCchS4IO4jE_YY0ILwn5NgGQ\"]}]}<\/script>\n<!-- \/ Yoast SEO plugin. -->","yoast_head_json":{"title":"elever med s\u00e4rskilda behov &#8211; Lyc\u00e9e Fran\u00e7ais Saint Louis de Stockholm","robots":{"index":"index","follow":"follow","max-snippet":"max-snippet:-1","max-image-preview":"max-image-preview:large","max-video-preview":"max-video-preview:-1"},"canonical":"https:\/\/www.lfsl.net\/sv\/skolgang\/elever-med-sarskilda-behov\/","og_locale":"sv_SE","og_type":"article","og_title":"elever med s\u00e4rskilda behov &#8211; Lyc\u00e9e Fran\u00e7ais Saint Louis de Stockholm","og_description":"Lyc\u00e9e Fran\u00e7ais Saint Louis tillgodoser undervisningssbehoven hos elever med behov av s\u00e4rskilt st\u00f6d i grundskolan och gymnasiet. Inkluderande undervisning \u00e4r en av grundpelarna inom LFSL och AEFE.P\u00e5 skolan har LFSL speciall\u00e4rare och assistenter som hj\u00e4lper elever i behov av st\u00f6d i klassrummet.Skolan till\u00e5ter varje elev att utveckla sina f\u00e4rdigheter och uttrycka sin potential med h\u00e4nsyn ... L\u00e4s mer","og_url":"https:\/\/www.lfsl.net\/sv\/skolgang\/elever-med-sarskilda-behov\/","og_site_name":"Lyc\u00e9e Fran\u00e7ais Saint Louis de Stockholm","article_publisher":"https:\/\/www.facebook.com\/Lyc%c3%a9e-Francais-Saint-Louis-182116921840529\/","article_modified_time":"2025-04-10T07:47:38+00:00","og_image":[{"url":"https:\/\/www.lfsl.net\/wp-content\/uploads\/2019\/04\/Besoins-particuliers_bild.jpeg","type":"","width":"","height":""}],"twitter_card":"summary_large_image","schema":{"@context":"https:\/\/schema.org","@graph":[{"@type":"WebPage","@id":"https:\/\/www.lfsl.net\/sv\/skolgang\/elever-med-sarskilda-behov\/","url":"https:\/\/www.lfsl.net\/sv\/skolgang\/elever-med-sarskilda-behov\/","name":"elever med s\u00e4rskilda behov &#8211; Lyc\u00e9e Fran\u00e7ais Saint Louis de Stockholm","isPartOf":{"@id":"https:\/\/www.lfsl.net\/sv\/#website"},"primaryImageOfPage":{"@id":"https:\/\/www.lfsl.net\/sv\/skolgang\/elever-med-sarskilda-behov\/#primaryimage"},"image":{"@id":"https:\/\/www.lfsl.net\/sv\/skolgang\/elever-med-sarskilda-behov\/#primaryimage"},"thumbnailUrl":"https:\/\/www.lfsl.net\/wp-content\/uploads\/2019\/04\/Besoins-particuliers_bild.jpeg","datePublished":"2019-03-15T14:44:34+00:00","dateModified":"2025-04-10T07:47:38+00:00","breadcrumb":{"@id":"https:\/\/www.lfsl.net\/sv\/skolgang\/elever-med-sarskilda-behov\/#breadcrumb"},"inLanguage":"sv-SE","potentialAction":[{"@type":"ReadAction","target":["https:\/\/www.lfsl.net\/sv\/skolgang\/elever-med-sarskilda-behov\/"]}]},{"@type":"ImageObject","inLanguage":"sv-SE","@id":"https:\/\/www.lfsl.net\/sv\/skolgang\/elever-med-sarskilda-behov\/#primaryimage","url":"https:\/\/www.lfsl.net\/wp-content\/uploads\/2019\/04\/Besoins-particuliers_bild.jpeg","contentUrl":"https:\/\/www.lfsl.net\/wp-content\/uploads\/2019\/04\/Besoins-particuliers_bild.jpeg"},{"@type":"BreadcrumbList","@id":"https:\/\/www.lfsl.net\/sv\/skolgang\/elever-med-sarskilda-behov\/#breadcrumb","itemListElement":[{"@type":"ListItem","position":1,"name":"Home","item":"https:\/\/www.lfsl.net\/sv\/"},{"@type":"ListItem","position":2,"name":"Skolg\u00e5ng","item":"https:\/\/www.lfsl.net\/sv\/skolgang\/"},{"@type":"ListItem","position":3,"name":"elever med s\u00e4rskilda behov"}]},{"@type":"WebSite","@id":"https:\/\/www.lfsl.net\/sv\/#website","url":"https:\/\/www.lfsl.net\/sv\/","name":"Lyc\u00e9e Fran\u00e7ais Saint Louis de Stockholm","description":"\u00c9tablissement membre du r\u00e9seau AEFE","publisher":{"@id":"https:\/\/www.lfsl.net\/sv\/#organization"},"potentialAction":[{"@type":"SearchAction","target":{"@type":"EntryPoint","urlTemplate":"https:\/\/www.lfsl.net\/sv\/?s={search_term_string}"},"query-input":{"@type":"PropertyValueSpecification","valueRequired":true,"valueName":"search_term_string"}}],"inLanguage":"sv-SE"},{"@type":"Organization","@id":"https:\/\/www.lfsl.net\/sv\/#organization","name":"Lyc\u00e9e Fran\u00e7ais Saint Louis","url":"https:\/\/www.lfsl.net\/sv\/","logo":{"@type":"ImageObject","inLanguage":"sv-SE","@id":"https:\/\/www.lfsl.net\/sv\/#\/schema\/logo\/image\/","url":"https:\/\/www.lfsl.net\/wp-content\/uploads\/2021\/03\/LFSL-logo.jpg","contentUrl":"https:\/\/www.lfsl.net\/wp-content\/uploads\/2021\/03\/LFSL-logo.jpg","width":330,"height":473,"caption":"Lyc\u00e9e Fran\u00e7ais Saint Louis"},"image":{"@id":"https:\/\/www.lfsl.net\/sv\/#\/schema\/logo\/image\/"},"sameAs":["https:\/\/www.facebook.com\/Lyc\u00e9e-Francais-Saint-Louis-182116921840529\/","https:\/\/www.instagram.com\/lyceefrancaisstockholm\/","https:\/\/www.linkedin.com\/school\/lfsl\/","https:\/\/www.youtube.com\/channel\/UCchS4IO4jE_YY0ILwn5NgGQ"]}]}},"_links":{"self":[{"href":"https:\/\/www.lfsl.net\/sv\/wp-json\/wp\/v2\/pages\/2551","targetHints":{"allow":["GET"]}}],"collection":[{"href":"https:\/\/www.lfsl.net\/sv\/wp-json\/wp\/v2\/pages"}],"about":[{"href":"https:\/\/www.lfsl.net\/sv\/wp-json\/wp\/v2\/types\/page"}],"author":[{"embeddable":true,"href":"https:\/\/www.lfsl.net\/sv\/wp-json\/wp\/v2\/users\/1"}],"replies":[{"embeddable":true,"href":"https:\/\/www.lfsl.net\/sv\/wp-json\/wp\/v2\/comments?post=2551"}],"version-history":[{"count":28,"href":"https:\/\/www.lfsl.net\/sv\/wp-json\/wp\/v2\/pages\/2551\/revisions"}],"predecessor-version":[{"id":22382,"href":"https:\/\/www.lfsl.net\/sv\/wp-json\/wp\/v2\/pages\/2551\/revisions\/22382"}],"up":[{"embeddable":true,"href":"https:\/\/www.lfsl.net\/sv\/wp-json\/wp\/v2\/pages\/2536"}],"wp:attachment":[{"href":"https:\/\/www.lfsl.net\/sv\/wp-json\/wp\/v2\/media?parent=2551"}],"curies":[{"name":"wp","href":"https:\/\/api.w.org\/{rel}","templated":true}]}}